{"id":3147,"date":"2017-06-12T13:37:29","date_gmt":"2017-06-12T11:37:29","guid":{"rendered":"https:\/\/gerdetect.fr\/allgemeine-geschaeftsbedingungen\/"},"modified":"2017-06-12T13:37:29","modified_gmt":"2017-06-12T11:37:29","slug":"allgemeine-geschaeftsbedingungen","status":"publish","type":"page","link":"https:\/\/gerdetect.fr\/de\/allgemeine-geschaeftsbedingungen\/","title":{"rendered":"Allgemeine Gesch\u00e4ftsbedingungen"},"content":{"rendered":"<blockquote>\n<div>\n<div>\n<h5>Unsere Allgemeinen Gesch\u00e4ftsbedingungen gelten f\u00fcr alle Kaufvertr\u00e4ge zwischen <strong>IVM&amp;CO SPRL<\/strong> und dem Kunden. <strong>IVM&amp;CO SPRL<\/strong> beh\u00e4lt sich das Recht vor, die Gesch\u00e4ftsbedingungen jederzeit zu \u00e4ndern, ohne den Kunden pers\u00f6nlich informieren zu m\u00fcssen.<\/h5>\n<\/div>\n<\/div>\n<\/blockquote>\n<div><\/div>\n<blockquote>\n<div>\n<div>\n<h4>1. Identifikation<\/h4>\n<pre><strong>IVM&amp;CO SPRL<\/strong>\nUSt-IdNr.: BE 0677.948.737\n<\/pre>\n<p><strong>Exklusiver Vertriebspartner f\u00fcr FRANKREICH und BENELUX<\/strong><\/p>\n<p><img decoding=\"async\" class=\"alignnone size-full wp-image-1603\" src=\"https:\/\/gerdetect.fr\/wp-content\/uploads\/2017\/06\/Certificate-of-Authorization-IVM.jpg\" alt=\"\" width=\"362\" srcset=\"https:\/\/gerdetect.fr\/wp-content\/uploads\/2017\/06\/Certificate-of-Authorization-IVM.jpg 724w, https:\/\/gerdetect.fr\/wp-content\/uploads\/2017\/06\/Certificate-of-Authorization-IVM-600x849.jpg 600w, https:\/\/gerdetect.fr\/wp-content\/uploads\/2017\/06\/Certificate-of-Authorization-IVM-150x212.jpg 150w, https:\/\/gerdetect.fr\/wp-content\/uploads\/2017\/06\/Certificate-of-Authorization-IVM-212x300.jpg 212w, https:\/\/gerdetect.fr\/wp-content\/uploads\/2017\/06\/Certificate-of-Authorization-IVM-198x280.jpg 198w, https:\/\/gerdetect.fr\/wp-content\/uploads\/2017\/06\/Certificate-of-Authorization-IVM-566x800.jpg 566w\" sizes=\"(max-width: 724px) 100vw, 724px\" \/><\/p>\n<\/div>\n<\/div>\n<\/blockquote>\n<div><\/div>\n<blockquote>\n<div>\n<div>\n<h4>2. Preisangebote und Produktinformationen<\/h4>\n<div>Die auf unserer Website und in allen unseren Produktdatenbl\u00e4ttern bereitgestellten Informationen werden mit gr\u00f6\u00dfter Sorgfalt erstellt und k\u00f6nnen ohne vorherige Ank\u00fcndigung ge\u00e4ndert werden. Wir sind nicht verantwortlich f\u00fcr Fehler oder falsche Informationen. Alle Rechte vorbehalten. Alle unseren Kunden unterbreiteten Angebote enthalten ein G\u00fcltigkeitsdatum, bis zu dem der Preis g\u00fcltig ist. Nach Ablauf dieses Datums k\u00f6nnen sich die Preise aus unvorhergesehenen Gr\u00fcnden \u00e4ndern. Alle Preise sind in Euro exklusive Steuern (21 % belgische Mehrwertsteuer, falls zutreffend) angegeben.     <\/div>\n<\/div>\n<\/div>\n<\/blockquote>\n<div><\/div>\n<blockquote>\n<div>\n<div>\n<h4>3. Lieferung<\/h4>\n<div>Das Produkt bleibt Eigentum von <strong>IVM&amp;CO SPRL<\/strong> bis zur vollst\u00e4ndigen Bezahlung der Ware. Nach vollst\u00e4ndigem Zahlungseingang, gem\u00e4\u00df dem unterbreiteten Preisangebot, geht das Eigentum am Produkt auf den K\u00e4ufer \u00fcber und die Bestellung wird an die vom K\u00e4ufer angegebene Lieferadresse von unserem Hauptsitz Avenue Rogier 351, 130 Br\u00fcssel, Belgien, versandt. Sofern nicht anders vereinbart, tr\u00e4gt der K\u00e4ufer die Versandkosten. <strong>IVM&amp;CO SPRL<\/strong> kann nicht f\u00fcr Lieferverz\u00f6gerungen haftbar gemacht werden, die durch das Transportunternehmen oder andere Zollverfahren verursacht werden. F\u00fcr internationale Lieferungen werden wir alle erforderlichen Exportdokumente beilegen. <strong>IVM&amp;CO SPRL<\/strong> kann nicht f\u00fcr Zollangelegenheiten verantwortlich gemacht werden.   <\/div>\n<\/div>\n<\/div>\n<\/blockquote>\n<div><\/div>\n<blockquote>\n<div>\n<div>\n<h4>4. R\u00fcckgaberichtlinien<\/h4>\n<div>Nach Erhalt Ihrer Bestellung bitten wir Sie, den Inhalt Ihrer Lieferung sofort zu \u00fcberpr\u00fcfen und uns im Falle von Besch\u00e4digung oder Verlust umgehend zu kontaktieren. Wir empfehlen Ihnen, bevor Sie sich entscheiden, einen Detektor zur\u00fcckzusenden, unser Servicecenter (<a target=\"_blank\" rel=\"noopener noreferrer\">+32 484\/ 67 66 25<\/a>) anzurufen. Senden Sie keine Artikel, ohne uns vorher zu kontaktieren. Sie k\u00f6nnten Zollprobleme, unvorhergesehene Kosten oder Transportprobleme riskieren, die durch vorherige Kontaktaufnahme mit uns h\u00e4tten vermieden werden k\u00f6nnen.  <\/div>\n<div>Gebrauchte Ger\u00e4te: Detektionsger\u00e4te k\u00f6nnen ohne triftigen Grund nicht zur\u00fcckgegeben werden. Wir bieten Ihnen jedoch die M\u00f6glichkeit, innerhalb von 14 Tagen nach Erhalt der Ware Ihre Ausr\u00fcstung zur\u00fcckzusenden, nachdem Sie mit unserem Fachpersonal gesprochen haben, und Sie erhalten die M\u00f6glichkeit, eine Gutschrift von 70 % (Ger\u00e4t muss technisch einwandfrei und in perfektem Zustand sein) beim Kauf eines anderen Detektionsger\u00e4ts aus unserem Produktsortiment zu erhalten. Dieses Angebot gilt nicht f\u00fcr Waren, die als Sonderangebot oder Werbeartikel gekauft wurden. Nach diesen 14 Tagen ist eine Produktr\u00fcckgabe nicht mehr m\u00f6glich.   <\/div>\n<div>Defekte Produkte: Wenn Sie der Meinung sind, dass Ihr Ger\u00e4t einen technischen Defekt aufweist oder nicht ordnungsgem\u00e4\u00df funktioniert, kontaktieren Sie bitte unseren Kundendienst, bevor Sie Waren einsenden. Unser qualifiziertes Personal hilft Ihnen herauszufinden, wo das Problem liegt, und kann das Problem sofort telefonisch l\u00f6sen oder eine schnelle L\u00f6sung f\u00fcr Ihren speziellen Fall anbieten. <\/div>\n<\/div>\n<\/div>\n<\/blockquote>\n<div><\/div>\n<blockquote>\n<div>\n<div>\n<h4>5. Garantie<\/h4>\n<div>Alle neuen Produkte werden mit einer 2-j\u00e4hrigen Herstellergarantie geliefert. Die Garantiebedingungen k\u00f6nnen f\u00fcr gebrauchte Ger\u00e4te sowie f\u00fcr Vorf\u00fchrger\u00e4te variieren. Die Garantiezeit beginnt mit dem auf Ihrer Kaufrechnung angegebenen Datum. W\u00e4hrend dieser Garantiezeit ist die Reparatur Ihres Ger\u00e4ts kostenlos. Der Eigent\u00fcmer des Ger\u00e4ts ist f\u00fcr den Versand der Ware auf eigenes Risiko verantwortlich. Die Garantie erlischt, wenn ein Ger\u00e4t oder dessen Zubeh\u00f6r von jemand anderem als dem Personal von <strong>IVM&amp;CO SPRL<\/strong> unbefugt ge\u00f6ffnet wurde, oder bei Manipulationen oder \u00c4nderungen, die von jemand anderem als dem Personal des Lieferantenwerks vorgenommen wurden. Die Garantie deckt keine unsachgem\u00e4\u00dfe Verwendung des Ger\u00e4ts oder Sch\u00e4den ab, die durch \u00e4u\u00dfere Gewalteinwirkung oder einen Sturz verursacht wurden. In diesem Fall steht es Ihnen frei, Ihr Ger\u00e4t trotzdem zur Reparatur einzusenden. Nach einer vollst\u00e4ndigen \u00dcberpr\u00fcfung Ihrer Detektionsausr\u00fcstung durch die Spezialisten von <strong>IVM&amp;CO SPRL<\/strong> erhalten Sie einen Kostenvoranschlag f\u00fcr die Reparatur.        <\/div>\n<\/div>\n<\/div>\n<\/blockquote>\n<div><\/div>\n<blockquote>\n<div>\n<div>\n<h4>6. Geistiges Eigentum<\/h4>\n<div>Alle auf dieser Website angezeigten Texte, Kommentare, Videos, Illustrationen und Bilder sind weltweit urheberrechtlich gesch\u00fctzt und d\u00fcrfen ohne Genehmigung nicht von anderen verwendet werden. Jede vollst\u00e4ndige oder teilweise Vervielf\u00e4ltigung dieser Website ist strengstens untersagt. <\/div>\n<\/div>\n<\/div>\n<\/blockquote>\n<blockquote>\n<div>\n<h4>7. Datenschutzerkl\u00e4rung<\/h4>\n<h5>Gesammelte Informationen<\/h5>\n<p>IVM&amp;CO sammelt, verwendet und speichert Informationen \u00fcber Sie, wenn Sie unsere Websites besuchen. Sie k\u00f6nnen w\u00e4hlen, uns diese Informationen (Name, E-Mail-Adresse, Informationen zu Ihrem Unternehmen, Postanschrift, Telefonnummer oder andere Informationen) zur Verf\u00fcgung zu stellen, um auf gesch\u00fctzte Informationen auf unseren Websites zuzugreifen. Sie k\u00f6nnen uns auch bitten, nach Ihrem Besuch mit Ihnen zu kommunizieren.   Wenn Sie sich entscheiden, Mitglied der IVM&amp;CO Community zu werden, k\u00f6nnen Sie uns zus\u00e4tzliche Informationen wie ein Foto, Ihre Social-Media-Profile, Ihre Fachgebiete oder andere Informationen zur Verf\u00fcgung stellen. Wir k\u00f6nnen bestimmte \u00f6ffentlich zug\u00e4ngliche Informationen \u00fcber das Unternehmen, f\u00fcr das Sie arbeiten, mit den von Ihnen bereitgestellten Informationen verkn\u00fcpfen. IVM&amp;CO oder die Dienstleister von IVM&amp;CO k\u00f6nnen Ihre Aktivit\u00e4ten, Interaktionen, Pr\u00e4ferenzen, Transaktionsdaten und andere Informationen im Zusammenhang mit Ihrer Verbindung oder Ihrem Computer (wie z. B. die IP-Adresse) sowie Ihre Nutzung unserer Websites und Dienste untersuchen. Wir k\u00f6nnen auch Logdateien (Verlauf),<br \/>\nCookies und andere \u00e4hnliche Technologien verwenden, um Informationen \u00fcber die von Ihnen besuchten Seiten, die von Ihnen angeklickten Links und andere Aktionen zu sammeln, die Sie beim Zugriff auf unsere Websites, Dienste oder E-Mail-Nachrichten ausf\u00fchren k\u00f6nnen. Weitere Informationen zu unserer Verwendung dieser Technologien und wie Sie diese kontrollieren k\u00f6nnen, finden Sie im folgenden Abschnitt \u201eCookies und \u00e4hnliche Technologien\u201c. Wir k\u00f6nnen diese<br \/>\nInformationen sammeln und speichern und sie mit anderen pers\u00f6nlichen Daten verkn\u00fcpfen, die Sie uns m\u00f6glicherweise zur Verf\u00fcgung stellen.<\/p>\n<p>&nbsp;<\/p>\n<h5>Kundendaten<\/h5>\n<p>Im Rahmen der von IVM&amp;CO angebotenen Dienstleistungen k\u00f6nnen Kunden aufgefordert werden, Daten auf unsere Server hochzuladen. IVM&amp;CO verpflichtet sich, solche Daten nicht weiterzugeben oder zu kommunizieren, es sei denn, dies ist ausdr\u00fccklich im Vertrag zwischen IVM&amp;CO und seinem Kunden erw\u00e4hnt oder gesetzlich vorgeschrieben.<\/p>\n<p>&nbsp;<\/p>\n<h5>Verwendung personenbezogener Daten<\/h5>\n<p>IVM&amp;CO verwendet die gesammelten Informationen, um:<\/p>\n<ul class=\"list\">\n<li>Ihnen die IVM&amp;CO Websites sowie den ben\u00f6tigten Support zur Verf\u00fcgung zu stellen<\/li>\n<li>Ihre Fragen und Anfragen zu beantworten<\/li>\n<li>Technische Probleme einer Website zu diagnostizieren<\/li>\n<li>Ihnen Informationen zu senden, die unserer Meinung nach f\u00fcr Sie von Interesse sein k\u00f6nnten, wie z. B. Ank\u00fcndigungen, Newsletter, Schulungsunterlagen und bevorstehende Veranstaltungen<\/li>\n<li>Ihnen administrative Informationen zu senden, wie z. B. Warnhinweise zu unseren Produkten, Dienstleistungen oder \u00c4nderungen unserer Richtlinien<\/li>\n<li>Zu verstehen, wie unsere Websites und Dienste genutzt werden<\/li>\n<li>Ihre Nutzung unserer Websites zu personalisieren und Ihnen Produkte oder Funktionen zu pr\u00e4sentieren, die Ihren Interessen entsprechen<\/li>\n<li>Betr\u00fcgerische oder illegale Aktivit\u00e4ten zu verhindern, zu erkennen und zu reduzieren sowie diesbez\u00fcglich zu ermitteln<\/li>\n<li>Schlie\u00dflich alle Aktionen durchzuf\u00fchren, die Ihnen bei der Erfassung von Informationen beschrieben werden.<\/li>\n<\/ul>\n<p>&nbsp;<\/p>\n<h5>Offenlegung<\/h5>\n<p>IVM&amp;CO gibt die \u00fcber seine Websites gesammelten pers\u00f6nlichen Informationen nicht zu Werbezwecken oder anders als in dieser Datenschutzerkl\u00e4rung definiert an Dritte weiter, verkauft, vermietet oder tauscht sie nicht mit Dritten aus. IVM&amp;CO kann Informationen mit Drittanbietern teilen, die wir zur Erbringung von Dienstleistungen in unserem Namen beauftragen. Diese Drittanbieter d\u00fcrfen die von uns bereitgestellten Informationen nur gem\u00e4\u00df den Anfragen und Anweisungen von IVM&amp;CO verwenden.<br \/>\nIVM&amp;CO kann Informationen mit Dritten teilen, die IVM&amp;CO-Dienste weiterverkaufen und\/oder Mehrwertdienste wie Lohnbuchhaltung, Steuererkl\u00e4rungen oder andere administrative Dienstleistungen im Rahmen unserer Angebote f\u00fcr KMU erbringen.<br \/>\nDas IVM&amp;CO-Angebot f\u00fcr KMU ist darauf ausgelegt, die Bed\u00fcrfnisse von Unternehmen mit weniger als 1500 Mitarbeitern zu erf\u00fcllen. IVM&amp;CO kann, einzeln oder gemeinsam mit Dritten, Webinare, herunterladbare Whitepapers oder andere Dienstleistungen im Zusammenhang mit den Angeboten oder Dienstleistungen von IVM&amp;CO anbieten. Wir k\u00f6nnen Ihre Kontaktdaten sowie Ihr Interesse an diesen Angeboten oder Dienstleistungen an Dritte weitergeben, damit diese mit Ihnen kommunizieren k\u00f6nnen.<br \/>\nIn bestimmten Sonderf\u00e4llen ist es m\u00f6glich, dass IVM&amp;CO bestimmte Informationen offenlegt, wenn wir davon \u00fcberzeugt sind, dass dies notwendig ist, um: (a) rechtliche Verpflichtungen zu erf\u00fcllen oder gesetzlichen Verfahren nachzukommen, (b) unsere Rechte oder unser Eigentum zu sch\u00fctzen und zu verteidigen, (c) die Allgemeinen Nutzungsbedingungen der Website durchzusetzen oder (d) zum Schutz der Interessen unserer Nutzer oder anderer Parteien zu handeln.<br \/>\nWenn IVM&amp;CO Gegenstand einer Transaktion ist, in Form einer Fusion oder \u00dcbernahme durch ein anderes Unternehmen oder wenn alle oder ein Teil seiner Verm\u00f6genswerte verkauft werden, k\u00f6nnen Ihre \u00fcber unsere Websites gesammelten pers\u00f6nlichen Informationen Teil der \u00fcbertragenen Verm\u00f6genswerte sein. Eine Benachrichtigung wird 30 Tage lang nach dem Eintreten einer solchen \u00c4nderung, die das Eigentum oder die Kontrolle \u00fcber Ihre pers\u00f6nlichen Informationen betrifft, auf unseren Websites ver\u00f6ffentlicht.<\/p>\n<p>&nbsp;<\/p>\n<h5>Cookies und \u00e4hnliche Technologien<\/h5>\n<p>Cookies sind kleine Textdateien, die unsere Websites auf der Festplatte Ihres Computers ablegen m\u00f6chten. Wenn Ihr Browser so konfiguriert ist, dass er Cookies akzeptiert, f\u00fcgt er diesen Text einer kleinen Datei hinzu. Wir verwenden Cookies nicht, um andere auf Ihrer Festplatte enthaltene Informationen zu lesen. Wir verwenden die Cookie-Technologie, um Ihren Zugang zu verschiedenen Bereichen unserer Websites zu authentifizieren, Ihre Interessen zu erfahren, die Web-Traffic-Analyse zu erm\u00f6glichen und unsere Inhalte an Ihre Pr\u00e4ferenzen anzupassen. Sie k\u00f6nnen Ihren Browser so konfigurieren, dass er Cookies ablehnt oder Sie warnt, bevor ein Cookie platziert wird. Wenn Sie Cookies deaktivieren, ist es m\u00f6glich, dass bestimmte Bereiche unserer Websites nicht richtig oder gar nicht funktionieren.<br \/>\nWir verwenden Web-Beacons oder transparente GIF-Dateien, die sich auf unseren Websites und in unseren Nachrichten befinden k\u00f6nnen und die in der Regel in Verbindung mit Cookies verwendet werden, um uns bei der Verwaltung unserer Online-Werbung und der Messung ihrer Wirksamkeit zu helfen, unsere Nutzer zu identifizieren und unseren Traffic zu analysieren. Web-Beacons k\u00f6nnen uns auch dabei helfen, festzustellen, welche Anzeigen am effektivsten sind, indem sie uns zeigen, ob unsere Webseiten, E-Mails oder Anzeigen angesehen oder angeklickt wurden.<br \/>\nDie Informationen, die wir mittels dieser Technologien sammeln, sind anonym. Wir k\u00f6nnen auch andere Technologien verwenden, die Cookies und Web-Beacons \u00e4hneln, wie z. B. HTML5 Local Storage, lokale freigegebene Objekte, Tags und Skripte. Diese Technologien werden f\u00fcr \u00e4hnliche Zwecke wie Cookies und Web-Beacons verwendet. Sie k\u00f6nnen in all Ihren Browsern funktionieren; in einigen F\u00e4llen erfordern ihre Verwendung und L\u00f6schung zus\u00e4tzliche Schritte au\u00dferhalb der Browsereinstellungen. Mit unseren Drittpartnern verwenden wir diese Technologien, um den Zugang zu bestimmten Funktionen unserer Website zu erm\u00f6glichen, Werbung basierend auf Ihrem Web-Browsing anzuzeigen und\/oder Informationen und Pr\u00e4ferenzen bez\u00fcglich der Inhalte zu speichern. Die verschiedenen Browser k\u00f6nnen ihre eigenen Verwaltungstools zur Verf\u00fcgung stellen, um diese Technologien zu entfernen.<\/p>\n<\/div>\n<\/blockquote>\n","protected":false},"excerpt":{"rendered":"<p>Unsere Allgemeinen Gesch\u00e4ftsbedingungen gelten f\u00fcr alle Kaufvertr\u00e4ge zwischen IVM&amp;CO SPRL und dem Kunden. IVM&amp;CO SPRL beh\u00e4lt sich das Recht vor,<\/p>\n","protected":false},"author":1,"featured_media":0,"parent":0,"menu_order":0,"comment_status":"closed","ping_status":"open","template":"","meta":{"_joinchat":[],"footnotes":""},"class_list":["post-3147","page","type-page","status-publish","hentry"],"yoast_head":"<!-- This site is optimized with the Yoast SEO plugin v26.3 - https:\/\/yoast.com\/wordpress\/plugins\/seo\/ -->\n<title>Allgemeine Gesch\u00e4ftsbedingungen - GER DETECT FRANCE<\/title>\n<meta name=\"robots\" content=\"index, follow, max-snippet:-1, max-image-preview:large, max-video-preview:-1\" \/>\n<link rel=\"canonical\" href=\"https:\/\/gerdetect.fr\/de\/allgemeine-geschaeftsbedingungen\/\" \/>\n<meta property=\"og:locale\" content=\"de_DE\" \/>\n<meta property=\"og:type\" content=\"article\" \/>\n<meta property=\"og:title\" content=\"Allgemeine Gesch\u00e4ftsbedingungen - GER DETECT FRANCE\" \/>\n<meta property=\"og:description\" content=\"Unsere Allgemeinen Gesch\u00e4ftsbedingungen gelten f\u00fcr alle Kaufvertr\u00e4ge zwischen IVM&amp;CO SPRL und dem Kunden. IVM&amp;CO SPRL beh\u00e4lt sich das Recht vor,\" \/>\n<meta property=\"og:url\" content=\"https:\/\/gerdetect.fr\/de\/allgemeine-geschaeftsbedingungen\/\" \/>\n<meta property=\"og:site_name\" content=\"GER DETECT FRANCE\" \/>\n<meta property=\"og:image\" content=\"https:\/\/gerdetect.fr\/wp-content\/uploads\/2017\/06\/Certificate-of-Authorization-IVM.jpg\" \/>\n<meta name=\"twitter:card\" content=\"summary_large_image\" \/>\n<meta name=\"twitter:label1\" content=\"Gesch\u00e4tzte Lesezeit\" \/>\n\t<meta name=\"twitter:data1\" content=\"9\u00a0Minuten\" \/>\n<script type=\"application\/ld+json\" class=\"yoast-schema-graph\">{\"@context\":\"https:\/\/schema.org\",\"@graph\":[{\"@type\":\"WebPage\",\"@id\":\"https:\/\/gerdetect.fr\/de\/allgemeine-geschaeftsbedingungen\/\",\"url\":\"https:\/\/gerdetect.fr\/de\/allgemeine-geschaeftsbedingungen\/\",\"name\":\"Allgemeine Gesch\u00e4ftsbedingungen - GER DETECT FRANCE\",\"isPartOf\":{\"@id\":\"https:\/\/gerdetect.fr\/de\/#website\"},\"primaryImageOfPage\":{\"@id\":\"https:\/\/gerdetect.fr\/de\/allgemeine-geschaeftsbedingungen\/#primaryimage\"},\"image\":{\"@id\":\"https:\/\/gerdetect.fr\/de\/allgemeine-geschaeftsbedingungen\/#primaryimage\"},\"thumbnailUrl\":\"https:\/\/gerdetect.fr\/wp-content\/uploads\/2017\/06\/Certificate-of-Authorization-IVM.jpg\",\"datePublished\":\"2017-06-12T11:37:29+00:00\",\"breadcrumb\":{\"@id\":\"https:\/\/gerdetect.fr\/de\/allgemeine-geschaeftsbedingungen\/#breadcrumb\"},\"inLanguage\":\"de\",\"potentialAction\":[{\"@type\":\"ReadAction\",\"target\":[\"https:\/\/gerdetect.fr\/de\/allgemeine-geschaeftsbedingungen\/\"]}]},{\"@type\":\"ImageObject\",\"inLanguage\":\"de\",\"@id\":\"https:\/\/gerdetect.fr\/de\/allgemeine-geschaeftsbedingungen\/#primaryimage\",\"url\":\"https:\/\/gerdetect.fr\/wp-content\/uploads\/2017\/06\/Certificate-of-Authorization-IVM.jpg\",\"contentUrl\":\"https:\/\/gerdetect.fr\/wp-content\/uploads\/2017\/06\/Certificate-of-Authorization-IVM.jpg\"},{\"@type\":\"BreadcrumbList\",\"@id\":\"https:\/\/gerdetect.fr\/de\/allgemeine-geschaeftsbedingungen\/#breadcrumb\",\"itemListElement\":[{\"@type\":\"ListItem\",\"position\":1,\"name\":\"Accueil\",\"item\":\"https:\/\/gerdetect.fr\/de\/\"},{\"@type\":\"ListItem\",\"position\":2,\"name\":\"Allgemeine Gesch\u00e4ftsbedingungen\"}]},{\"@type\":\"WebSite\",\"@id\":\"https:\/\/gerdetect.fr\/de\/#website\",\"url\":\"https:\/\/gerdetect.fr\/de\/\",\"name\":\"GER DETECT FRANCE\",\"description\":\"D\u00e9tecteur de m\u00e9taux, d&#039;or, diamants, d&#039;eau souterraine, radar de sol | Lille, Paris\",\"potentialAction\":[{\"@type\":\"SearchAction\",\"target\":{\"@type\":\"EntryPoint\",\"urlTemplate\":\"https:\/\/gerdetect.fr\/de\/?s={search_term_string}\"},\"query-input\":{\"@type\":\"PropertyValueSpecification\",\"valueRequired\":true,\"valueName\":\"search_term_string\"}}],\"inLanguage\":\"de\"}]}<\/script>\n<!-- \/ Yoast SEO plugin. -->","yoast_head_json":{"title":"Allgemeine Gesch\u00e4ftsbedingungen - GER DETECT FRANCE","robots":{"index":"index","follow":"follow","max-snippet":"max-snippet:-1","max-image-preview":"max-image-preview:large","max-video-preview":"max-video-preview:-1"},"canonical":"https:\/\/gerdetect.fr\/de\/allgemeine-geschaeftsbedingungen\/","og_locale":"de_DE","og_type":"article","og_title":"Allgemeine Gesch\u00e4ftsbedingungen - GER DETECT FRANCE","og_description":"Unsere Allgemeinen Gesch\u00e4ftsbedingungen gelten f\u00fcr alle Kaufvertr\u00e4ge zwischen IVM&amp;CO SPRL und dem Kunden. IVM&amp;CO SPRL beh\u00e4lt sich das Recht vor,","og_url":"https:\/\/gerdetect.fr\/de\/allgemeine-geschaeftsbedingungen\/","og_site_name":"GER DETECT FRANCE","og_image":[{"url":"https:\/\/gerdetect.fr\/wp-content\/uploads\/2017\/06\/Certificate-of-Authorization-IVM.jpg","type":"","width":"","height":""}],"twitter_card":"summary_large_image","twitter_misc":{"Gesch\u00e4tzte Lesezeit":"9\u00a0Minuten"},"schema":{"@context":"https:\/\/schema.org","@graph":[{"@type":"WebPage","@id":"https:\/\/gerdetect.fr\/de\/allgemeine-geschaeftsbedingungen\/","url":"https:\/\/gerdetect.fr\/de\/allgemeine-geschaeftsbedingungen\/","name":"Allgemeine Gesch\u00e4ftsbedingungen - GER DETECT FRANCE","isPartOf":{"@id":"https:\/\/gerdetect.fr\/de\/#website"},"primaryImageOfPage":{"@id":"https:\/\/gerdetect.fr\/de\/allgemeine-geschaeftsbedingungen\/#primaryimage"},"image":{"@id":"https:\/\/gerdetect.fr\/de\/allgemeine-geschaeftsbedingungen\/#primaryimage"},"thumbnailUrl":"https:\/\/gerdetect.fr\/wp-content\/uploads\/2017\/06\/Certificate-of-Authorization-IVM.jpg","datePublished":"2017-06-12T11:37:29+00:00","breadcrumb":{"@id":"https:\/\/gerdetect.fr\/de\/allgemeine-geschaeftsbedingungen\/#breadcrumb"},"inLanguage":"de","potentialAction":[{"@type":"ReadAction","target":["https:\/\/gerdetect.fr\/de\/allgemeine-geschaeftsbedingungen\/"]}]},{"@type":"ImageObject","inLanguage":"de","@id":"https:\/\/gerdetect.fr\/de\/allgemeine-geschaeftsbedingungen\/#primaryimage","url":"https:\/\/gerdetect.fr\/wp-content\/uploads\/2017\/06\/Certificate-of-Authorization-IVM.jpg","contentUrl":"https:\/\/gerdetect.fr\/wp-content\/uploads\/2017\/06\/Certificate-of-Authorization-IVM.jpg"},{"@type":"BreadcrumbList","@id":"https:\/\/gerdetect.fr\/de\/allgemeine-geschaeftsbedingungen\/#breadcrumb","itemListElement":[{"@type":"ListItem","position":1,"name":"Accueil","item":"https:\/\/gerdetect.fr\/de\/"},{"@type":"ListItem","position":2,"name":"Allgemeine Gesch\u00e4ftsbedingungen"}]},{"@type":"WebSite","@id":"https:\/\/gerdetect.fr\/de\/#website","url":"https:\/\/gerdetect.fr\/de\/","name":"GER DETECT FRANCE","description":"D\u00e9tecteur de m\u00e9taux, d&#039;or, diamants, d&#039;eau souterraine, radar de sol | Lille, Paris","potentialAction":[{"@type":"SearchAction","target":{"@type":"EntryPoint","urlTemplate":"https:\/\/gerdetect.fr\/de\/?s={search_term_string}"},"query-input":{"@type":"PropertyValueSpecification","valueRequired":true,"valueName":"search_term_string"}}],"inLanguage":"de"}]}},"_links":{"self":[{"href":"https:\/\/gerdetect.fr\/de\/wp-json\/wp\/v2\/pages\/3147","targetHints":{"allow":["GET"]}}],"collection":[{"href":"https:\/\/gerdetect.fr\/de\/wp-json\/wp\/v2\/pages"}],"about":[{"href":"https:\/\/gerdetect.fr\/de\/wp-json\/wp\/v2\/types\/page"}],"author":[{"embeddable":true,"href":"https:\/\/gerdetect.fr\/de\/wp-json\/wp\/v2\/users\/1"}],"replies":[{"embeddable":true,"href":"https:\/\/gerdetect.fr\/de\/wp-json\/wp\/v2\/comments?post=3147"}],"version-history":[{"count":0,"href":"https:\/\/gerdetect.fr\/de\/wp-json\/wp\/v2\/pages\/3147\/revisions"}],"wp:attachment":[{"href":"https:\/\/gerdetect.fr\/de\/wp-json\/wp\/v2\/media?parent=3147"}],"curies":[{"name":"wp","href":"https:\/\/api.w.org\/{rel}","templated":true}]}}