{"id":3159,"date":"2017-07-04T11:30:59","date_gmt":"2017-07-04T09:30:59","guid":{"rendered":"https:\/\/gerdetect.fr\/kundenstimmen\/"},"modified":"2026-01-08T11:17:48","modified_gmt":"2026-01-08T10:17:48","slug":"kundenstimmen","status":"publish","type":"page","link":"https:\/\/gerdetect.fr\/de\/kundenstimmen\/","title":{"rendered":"Kundenstimmen"},"content":{"rendered":"<div class=\"wpb-content-wrapper\">[vc_row full_width=&#8221;stretch_row&#8221; css=&#8221;.vc_custom_1508161361450{padding-top: 2vh !important;padding-bottom: 2vh !important;background-color: #ffffff !important;}&#8221;][vc_column css=&#8221;.vc_custom_1475586737780{margin-bottom: 0px !important;padding-top: 0px !important;}&#8221;]\n\t\t<div id=\"wd-69db905ede2bf\" class=\"title-wrapper wd-wpb set-mb-s reset-last-child  wd-title-color-primary wd-title-style-bordered text-center vc_custom_1508160568011 wd-underline-colored\">\n\t\t\t\t\t\t\t<div class=\"title-subtitle  subtitle-color-primary font-default subtitle-style-default wd-font-weight- wd-fontsize-xs\">Unsere Detektoren haben sie \u00fcberzeugt<\/div>\n\t\t\t\n\t\t\t<div class=\"liner-continer\">\n\t\t\t\t<h4 class=\"woodmart-title-container title  wd-font-weight- wd-fontsize-l\" ><strong>Unsere Kunden teilen ihre Erfahrungen<\/strong><\/h4>\n\t\t\t\t\t\t\t<\/div>\n\t\t\t\n\t\t\t\n\t\t\t\n\t\t<\/div>\n\t\t\n\t\t\t\t\t<div id=\"wd-69db905ede3b1\" class=\"testimonials testimon-style-boxed color-scheme-  testimon-align-center testimon-with-rating  wd-wpb\">\n\t\t\t\t\n\t\t\t\t\t\t\t\t<div class=\" wd-grid-g\"  style=\"--wd-col-lg:1;--wd-col-md:1;--wd-col-sm:1;--wd-gap-lg:30px;--wd-gap-sm:10px;\">\n\t\t\t\t\t\n\t\t\t\t\t\n<div class=\"testimonial wd-col\">\n\t<div class=\"testimonial-inner\">\n\t\t\n\t\t<div class=\"testimonial-content\">\n\t\t\t<div class=\"testimonial-rating\">\n\t\t\t\t<span class=\"star-rating\">\n\t\t\t\t\t<span style=\"width:100%\"><\/span>\n\t\t\t\t<\/span>\n\t\t\t<\/div>\n\n\t\t\t\n<h4>Meine Erfahrung mit dem Golddetektor Gold Hunter<\/h4>\n<p>Ich kann ehrlich sagen, dass Gerdetect seinen Platz als meine erste Wahl fest etabliert hat.<\/p>\n<p>Meine bisherige Erfahrung war \u00e4u\u00dferst angenehm! Ich beschloss, das Unternehmen Gerdetect in Belgien zu besuchen und folgte den Ratschl\u00e4gen von Herrn Yuksel; ich war von der Leistung des Gold Hunter \u00fcberzeugt&#8230; und siehe da, nach 20 Minuten Suche im Land entdeckte ich mein erstes Goldnugget!\n\t\t\t<footer>\n\t\t\t\tJean\n\t\t\t\t\t\t\t\t\t<span>\n\t\t\t\t\t\tDR Kongo\t\t\t\t\t<\/span>\n\t\t\t\t\t\t\t<\/footer>\n\t\t<\/div>\n\t<\/div>\n<\/div>\n<div class=\"testimonial wd-col\">\n\t<div class=\"testimonial-inner\">\n\t\t\n\t\t<div class=\"testimonial-content\">\n\t\t\t<div class=\"testimonial-rating\">\n\t\t\t\t<span class=\"star-rating\">\n\t\t\t\t\t<span style=\"width:100%\"><\/span>\n\t\t\t\t<\/span>\n\t\t\t<\/div>\n\n\t\t\t\n<h4>Meine Erfahrung mit dem Metalldetektor GER Titan 1000<\/h4>\n<p>Einer der deutschen Prospektoren, die nach vergrabenem Gold und Sch\u00e4tzen unter der Erde suchen, sprach mit uns \u00fcber die Bedeutung der Anschaffung des Titan Ger &#8211; 1000, nachdem er von zahlreichen Erfolgen geh\u00f6rt hatte. Er erz\u00e4hlte uns: Anfangs war er gegen den Kauf dieses Ger\u00e4ts, da das Internet voller Werbung f\u00fcr gef\u00e4lschte Ger\u00e4te ist, die auf den M\u00e4rkten angeboten werden. Doch einer seiner Freunde in Deutschland hatte dieses Ger\u00e4t vor zwei Jahren erworben und ihm geraten, dieses hervorragende Ger\u00e4t zu kaufen, nachdem er mit dem Titan Ger &#8211; 1000 viele wertvolle Dinge gefunden hatte. Am Ende des Gespr\u00e4chs dr\u00fcckte er seine Freude \u00fcber den Besitz dieses Ger\u00e4ts aus und dankte dem Team des Unternehmens f\u00fcr dieses wunderbare Produkt und diese fortschrittliche Technologie.\n\t\t\t<footer>\n\t\t\t\tNicolas\n\t\t\t\t\t\t\t\t\t<span>\n\t\t\t\t\t\tFRANKREICH\t\t\t\t\t<\/span>\n\t\t\t\t\t\t\t<\/footer>\n\t\t<\/div>\n\t<\/div>\n<\/div>\n<div class=\"testimonial wd-col\">\n\t<div class=\"testimonial-inner\">\n\t\t\n\t\t<div class=\"testimonial-content\">\n\t\t\t<div class=\"testimonial-rating\">\n\t\t\t\t<span class=\"star-rating\">\n\t\t\t\t\t<span style=\"width:100%\"><\/span>\n\t\t\t\t<\/span>\n\t\t\t<\/div>\n\n\t\t\t\n<h4>Meine Erfahrung mit dem Fresh Result 2 System<\/h4>\n<p>Vielen Dank! Sie haben uns geholfen und dieses gro\u00dfartige Ger\u00e4t empfohlen; sogar andere Dorfbewohner kamen, um das Wasser zu sehen, das aus der 400 m tiefen Bohrung kam; jeder spricht in Algerien \u00fcber Ihre Wassermaschine.\n\t\t\t<footer>\n\t\t\t\tKarim\n\t\t\t\t\t\t\t\t\t<span>\n\t\t\t\t\t\tALGERIEN\t\t\t\t\t<\/span>\n\t\t\t\t\t\t\t<\/footer>\n\t\t<\/div>\n\t<\/div>\n<\/div>\n<div class=\"testimonial wd-col\">\n\t<div class=\"testimonial-inner\">\n\t\t\n\t\t<div class=\"testimonial-content\">\n\t\t\t<div class=\"testimonial-rating\">\n\t\t\t\t<span class=\"star-rating\">\n\t\t\t\t\t<span style=\"width:100%\"><\/span>\n\t\t\t\t<\/span>\n\t\t\t<\/div>\n\n\t\t\t\n<h4>Meine Erfahrung mit dem Metalldetektor GER Titan 1000<\/h4>\n<p>Der neue Titan 1000 ist ein gro\u00dfartiger Detektor. Man muss sagen, dass der Preis ziemlich hoch ist, aber wir waren zu zweit, um ihn zu kaufen. Tats\u00e4chlich habe ich den Titan 1000 einige Wochen lang benutzt und dabei wirklich den Unterschied bemerkt: Wenn er ein Objekt findet, ist die Antenne sehr empfindlich. Ich habe 8 Silberst\u00fccke und mehrere Bronzeobjekte in einem Umkreis von 50 m gefunden. Ich war von diesem Metalldetektor wirklich begeistert.\n\t\t\t<footer>\n\t\t\t\tTarek\n\t\t\t\t\t\t\t\t\t<span>\n\t\t\t\t\t\tTUNESIEN\t\t\t\t\t<\/span>\n\t\t\t\t\t\t\t<\/footer>\n\t\t<\/div>\n\t<\/div>\n<\/div>\n\t\t\t\t\t\t\t\t\t<\/div>\n\n\t\t\t\t\t\t\t<\/div>\n\t\t[\/vc_column][\/vc_row]\n<\/div>","protected":false},"excerpt":{"rendered":"<p>[vc_row full_width=&#8221;stretch_row&#8221; css=&#8221;.vc_custom_1508161361450{padding-top: 2vh !important;padding-bottom: 2vh !important;background-color: #ffffff !important;}&#8221;][vc_column css=&#8221;.vc_custom_1475586737780{margin-bottom: 0px !important;padding-top: 0px !important;}&#8221;][\/vc_column][\/vc_row]<\/p>\n","protected":false},"author":1,"featured_media":0,"parent":0,"menu_order":0,"comment_status":"closed","ping_status":"closed","template":"","meta":{"_joinchat":[],"footnotes":""},"class_list":["post-3159","page","type-page","status-publish","hentry"],"yoast_head":"<!-- This site is optimized with the Yoast SEO plugin v26.3 - https:\/\/yoast.com\/wordpress\/plugins\/seo\/ -->\n<title>Kundenstimmen - GER DETECT FRANCE<\/title>\n<meta name=\"robots\" content=\"index, follow, max-snippet:-1, max-image-preview:large, max-video-preview:-1\" \/>\n<link rel=\"canonical\" href=\"https:\/\/gerdetect.fr\/de\/kundenstimmen\/\" \/>\n<meta property=\"og:locale\" content=\"de_DE\" \/>\n<meta property=\"og:type\" content=\"article\" \/>\n<meta property=\"og:title\" content=\"Kundenstimmen - GER DETECT FRANCE\" \/>\n<meta property=\"og:description\" content=\"[vc_row full_width=&#8221;stretch_row&#8221; css=&#8221;.vc_custom_1508161361450{padding-top: 2vh !important;padding-bottom: 2vh !important;background-color: #ffffff !important;}&#8221;][vc_column css=&#8221;.vc_custom_1475586737780{margin-bottom: 0px !important;padding-top: 0px !important;}&#8221;][\/vc_column][\/vc_row]\" \/>\n<meta property=\"og:url\" content=\"https:\/\/gerdetect.fr\/de\/kundenstimmen\/\" \/>\n<meta property=\"og:site_name\" content=\"GER DETECT FRANCE\" \/>\n<meta property=\"article:modified_time\" content=\"2026-01-08T10:17:48+00:00\" \/>\n<meta name=\"twitter:card\" content=\"summary_large_image\" \/>\n<meta name=\"twitter:label1\" content=\"Gesch\u00e4tzte Lesezeit\" \/>\n\t<meta name=\"twitter:data1\" content=\"2\u00a0Minuten\" \/>\n<script type=\"application\/ld+json\" class=\"yoast-schema-graph\">{\"@context\":\"https:\/\/schema.org\",\"@graph\":[{\"@type\":\"WebPage\",\"@id\":\"https:\/\/gerdetect.fr\/de\/kundenstimmen\/\",\"url\":\"https:\/\/gerdetect.fr\/de\/kundenstimmen\/\",\"name\":\"Kundenstimmen - GER DETECT FRANCE\",\"isPartOf\":{\"@id\":\"https:\/\/gerdetect.fr\/de\/#website\"},\"datePublished\":\"2017-07-04T09:30:59+00:00\",\"dateModified\":\"2026-01-08T10:17:48+00:00\",\"breadcrumb\":{\"@id\":\"https:\/\/gerdetect.fr\/de\/kundenstimmen\/#breadcrumb\"},\"inLanguage\":\"de\",\"potentialAction\":[{\"@type\":\"ReadAction\",\"target\":[\"https:\/\/gerdetect.fr\/de\/kundenstimmen\/\"]}]},{\"@type\":\"BreadcrumbList\",\"@id\":\"https:\/\/gerdetect.fr\/de\/kundenstimmen\/#breadcrumb\",\"itemListElement\":[{\"@type\":\"ListItem\",\"position\":1,\"name\":\"Accueil\",\"item\":\"https:\/\/gerdetect.fr\/de\/\"},{\"@type\":\"ListItem\",\"position\":2,\"name\":\"Kundenstimmen\"}]},{\"@type\":\"WebSite\",\"@id\":\"https:\/\/gerdetect.fr\/de\/#website\",\"url\":\"https:\/\/gerdetect.fr\/de\/\",\"name\":\"GER DETECT FRANCE\",\"description\":\"D\u00e9tecteur de m\u00e9taux, d&#039;or, diamants, d&#039;eau souterraine, radar de sol | Lille, Paris\",\"potentialAction\":[{\"@type\":\"SearchAction\",\"target\":{\"@type\":\"EntryPoint\",\"urlTemplate\":\"https:\/\/gerdetect.fr\/de\/?s={search_term_string}\"},\"query-input\":{\"@type\":\"PropertyValueSpecification\",\"valueRequired\":true,\"valueName\":\"search_term_string\"}}],\"inLanguage\":\"de\"}]}<\/script>\n<!-- \/ Yoast SEO plugin. -->","yoast_head_json":{"title":"Kundenstimmen - GER DETECT FRANCE","robots":{"index":"index","follow":"follow","max-snippet":"max-snippet:-1","max-image-preview":"max-image-preview:large","max-video-preview":"max-video-preview:-1"},"canonical":"https:\/\/gerdetect.fr\/de\/kundenstimmen\/","og_locale":"de_DE","og_type":"article","og_title":"Kundenstimmen - GER DETECT FRANCE","og_description":"[vc_row full_width=&#8221;stretch_row&#8221; css=&#8221;.vc_custom_1508161361450{padding-top: 2vh !important;padding-bottom: 2vh !important;background-color: #ffffff !important;}&#8221;][vc_column css=&#8221;.vc_custom_1475586737780{margin-bottom: 0px !important;padding-top: 0px !important;}&#8221;][\/vc_column][\/vc_row]","og_url":"https:\/\/gerdetect.fr\/de\/kundenstimmen\/","og_site_name":"GER DETECT FRANCE","article_modified_time":"2026-01-08T10:17:48+00:00","twitter_card":"summary_large_image","twitter_misc":{"Gesch\u00e4tzte Lesezeit":"2\u00a0Minuten"},"schema":{"@context":"https:\/\/schema.org","@graph":[{"@type":"WebPage","@id":"https:\/\/gerdetect.fr\/de\/kundenstimmen\/","url":"https:\/\/gerdetect.fr\/de\/kundenstimmen\/","name":"Kundenstimmen - GER DETECT FRANCE","isPartOf":{"@id":"https:\/\/gerdetect.fr\/de\/#website"},"datePublished":"2017-07-04T09:30:59+00:00","dateModified":"2026-01-08T10:17:48+00:00","breadcrumb":{"@id":"https:\/\/gerdetect.fr\/de\/kundenstimmen\/#breadcrumb"},"inLanguage":"de","potentialAction":[{"@type":"ReadAction","target":["https:\/\/gerdetect.fr\/de\/kundenstimmen\/"]}]},{"@type":"BreadcrumbList","@id":"https:\/\/gerdetect.fr\/de\/kundenstimmen\/#breadcrumb","itemListElement":[{"@type":"ListItem","position":1,"name":"Accueil","item":"https:\/\/gerdetect.fr\/de\/"},{"@type":"ListItem","position":2,"name":"Kundenstimmen"}]},{"@type":"WebSite","@id":"https:\/\/gerdetect.fr\/de\/#website","url":"https:\/\/gerdetect.fr\/de\/","name":"GER DETECT FRANCE","description":"D\u00e9tecteur de m\u00e9taux, d&#039;or, diamants, d&#039;eau souterraine, radar de sol | Lille, Paris","potentialAction":[{"@type":"SearchAction","target":{"@type":"EntryPoint","urlTemplate":"https:\/\/gerdetect.fr\/de\/?s={search_term_string}"},"query-input":{"@type":"PropertyValueSpecification","valueRequired":true,"valueName":"search_term_string"}}],"inLanguage":"de"}]}},"_links":{"self":[{"href":"https:\/\/gerdetect.fr\/de\/wp-json\/wp\/v2\/pages\/3159","targetHints":{"allow":["GET"]}}],"collection":[{"href":"https:\/\/gerdetect.fr\/de\/wp-json\/wp\/v2\/pages"}],"about":[{"href":"https:\/\/gerdetect.fr\/de\/wp-json\/wp\/v2\/types\/page"}],"author":[{"embeddable":true,"href":"https:\/\/gerdetect.fr\/de\/wp-json\/wp\/v2\/users\/1"}],"replies":[{"embeddable":true,"href":"https:\/\/gerdetect.fr\/de\/wp-json\/wp\/v2\/comments?post=3159"}],"version-history":[{"count":2,"href":"https:\/\/gerdetect.fr\/de\/wp-json\/wp\/v2\/pages\/3159\/revisions"}],"predecessor-version":[{"id":3161,"href":"https:\/\/gerdetect.fr\/de\/wp-json\/wp\/v2\/pages\/3159\/revisions\/3161"}],"wp:attachment":[{"href":"https:\/\/gerdetect.fr\/de\/wp-json\/wp\/v2\/media?parent=3159"}],"curies":[{"name":"wp","href":"https:\/\/api.w.org\/{rel}","templated":true}]}}