{"id":5393,"date":"2017-10-27T19:26:09","date_gmt":"2017-10-27T17:26:09","guid":{"rendered":"https:\/\/gerdetect.fr\/ueber-ger-detect\/"},"modified":"2017-10-27T19:26:09","modified_gmt":"2017-10-27T17:26:09","slug":"ueber-ger-detect","status":"publish","type":"page","link":"https:\/\/gerdetect.fr\/de\/ueber-ger-detect\/","title":{"rendered":"\u00dcber GER DETECT"},"content":{"rendered":"<p><strong> \u00dcber GER Detect France<\/strong><\/p>\n<p><strong> Innovation im Dienst der Detektion seit 1987<\/strong><\/p>\n<p><strong>Seit seiner Gr\u00fcndung im Jahr 1987 hat sich **GER Detect** als **weltweit f\u00fchrender Anbieter in Design, Forschung und Entwicklung** von Technologien zur Erkennung von Metallen, Gold und unterirdischen Hohlr\u00e4umen etabliert.<\/strong><br \/>\n<strong>Dank einer Vision, die auf Innovation, Leistung und Pr\u00e4zision basiert, hat GER Detect Industriestandards neu definiert, indem es **Ger\u00e4te anbietet, die immer intelligenter, zuverl\u00e4ssiger und effizienter sind**.<\/strong><\/p>\n<p><strong>Im Laufe der Jahre zeichnete sich die Marke durch ihre F\u00e4higkeit aus, exklusive Technologien einzuf\u00fchren, die praktischer und leistungsf\u00e4higer sind als die ihrer Konkurrenten. Diese st\u00e4ndige Innovationsdynamik hat es GER Detect erm\u00f6glicht, zu einer weltweiten Referenz im Bereich der Untergrunderkennung zu werden. <\/strong><\/p>\n<h5><strong><img loading=\"lazy\" decoding=\"async\" class=\"aligncenter wp-image-1134 size-full\" src=\"https:\/\/gerdetect.fr\/wp-content\/uploads\/2017\/06\/logo-ger.png\" alt=\"GER DETECT \u2013 Metalldetektor \u2013 orangefarbenes Logo\" width=\"500\" height=\"500\" srcset=\"https:\/\/gerdetect.fr\/wp-content\/uploads\/2017\/06\/logo-ger.png 500w, https:\/\/gerdetect.fr\/wp-content\/uploads\/2017\/06\/logo-ger-150x150.png 150w, https:\/\/gerdetect.fr\/wp-content\/uploads\/2017\/06\/logo-ger-300x300.png 300w, https:\/\/gerdetect.fr\/wp-content\/uploads\/2017\/06\/logo-ger-180x180.png 180w\" sizes=\"auto, (max-width: 500px) 100vw, 500px\" \/><\/strong><\/h5>\n<p>&nbsp;<\/p>\n<p>&nbsp;<\/p>\n<p><strong>Modernstes technologisches Know-how<\/strong><\/p>\n<p>Seit seinen Anf\u00e4ngen hat sich GER Detect mit einem **Team hochqualifizierter Ingenieure und Forscher** umgeben, das von der Arbeit innovativer Physiker inspiriert ist. Das Unternehmen investiert einen erheblichen Teil seines Umsatzes in Forschung und Entwicklung und ist so in der Lage, Systeme anzubieten, die robust, pr\u00e4zise und f\u00fcr alle Gel\u00e4ndearten geeignet sind.<\/p>\n<p>GER Detect ist nach **ISO 9001** zertifiziert und verpflichtet sich, die **anspruchsvollsten internationalen Standards** in Bezug auf Qualit\u00e4t und kontinuierliche Verbesserung einzuhalten. Diese Zertifizierung beweist die Strenge und Seriosit\u00e4t der Marke in jeder ihrer Phasen: Design, Herstellung, Qualit\u00e4tskontrolle und Kundenservice.<\/p>\n<p>&nbsp;<\/p>\n<p>Globale Pr\u00e4senz, lokaler Service<\/p>\n<p>GER Detect verf\u00fcgt \u00fcber **Wartungs-, Vertriebs- und Kundendienstzentren** im **Mittleren Osten, in Europa und in den Vereinigten Staaten**. Dank dieses internationalen Netzwerks profitieren Anwender unabh\u00e4ngig von ihrem Land von **schnellem und professionellem technischem Support**. **Von GER Detect zugelassene Wiederverk\u00e4ufer** werden sorgf\u00e4ltig ausgew\u00e4hlt, um ein der Marke entsprechendes Ma\u00df an Kompetenz und Beratung zu gew\u00e4hrleisten.<\/p>\n<p>&#8212;<\/p>\n<p><strong>Importateur officiel GER Detect Benelux &amp; France<\/strong><\/p>\n<p>**IVM CO SRL** ist der **offizielle Importeur und zugelassene GER Detect-H\u00e4ndler** f\u00fcr **Frankreich, Belgien, die Niederlande und Luxemburg**. \u00dcber unsere offizielle Website:<a href=\"https:\/\/gerdetect.fr\/de\/\"> https:\/\/gerdetect.fr<\/a> gew\u00e4hrleisten wir **direkten Vertrieb**, **zertifizierten technischen Support** und **offiziellen Kundendienst** f\u00fcr alle GER Detect-Produkte in diesen Gebieten.<\/p>\n<p>Dank unserer exklusiven Partnerschaft mit dem Hersteller garantieren wir:<\/p>\n<p>* **100 % authentische GER Detect**-Ger\u00e4te, geliefert mit Zertifizierung und Herstellergarantie.<br \/>\n* **professionelle Unterst\u00fctzung** vor und nach dem Kauf.<br \/>\n* **Personalisierte Schulung** im Umgang mit Detektionssystemen.<br \/>\n* Ein **gepr\u00fcfter und reaktionsschneller Kundendienst**.<\/p>\n<p>Unsere Mission ist es, Prospektoren, Goldsuchern, Arch\u00e4ologen und Detektionsexperten **zuverl\u00e4ssige und effiziente technologische L\u00f6sungen** zu bieten, die darauf ausgelegt sind, die Ergebnisse vor Ort zu maximieren.<\/p>\n<p>&#8212;<\/p>\n<p>Trouvez plus, plus souvent<\/p>\n<p>Mit **GER Detect** verf\u00fcgen Sie \u00fcber die Technologie, um auf allen Bodenarten **mehr gute Ziele schneller und tiefer zu erkennen**. Jedes Produkt ist das Ergebnis **jahrzehntelanger Erfahrung, Forschung und Innovation** und gew\u00e4hrleistet das bestm\u00f6gliche Erkennungserlebnis.<\/p>\n<p>&#8212;<\/p>\n<p>&nbsp;<\/p>\n<p><strong>Mission &amp; Valeurs<\/strong><\/p>\n<p><strong> Unsere Mission<\/strong><\/p>\n<p>Bei **GER Detect France \u2013 IVM CO SRL** ist unsere Mission klar: **die Erkennung von Metallen, Gold und Hohlr\u00e4umen zug\u00e4nglich, pr\u00e4zise und effizient zu machen**, dank zuverl\u00e4ssiger, bew\u00e4hrter und st\u00e4ndig verbesserter Technologien. Wir unterst\u00fctzen sowohl **leidenschaftliche Prospektoren** als auch **anspruchsvolle Profis**, indem wir ihnen die Werkzeuge und das Know-how bieten, die sie ben\u00f6tigen, um in jedem Gel\u00e4nde erfolgreich zu sein.<\/p>\n<p>Unsere Rolle als **offizieller GER Detect-Importeur f\u00fcr Frankreich und die Benelux-L\u00e4nder** verpflichtet uns zur Bereitstellung eines umfassenden Service:<\/p>\n<p>* **Pers\u00f6nliche Beratung** vor dem Kauf. * **Schulung und Support** f\u00fcr die Nutzung. * **Zugelassener technischer Support und Wartung.** * **Schnelle und sichere Lieferung** in ganz Europa.<\/p>\n<p>&#8212;<\/p>\n<p><strong>Nos valeurs<\/strong><\/p>\n<p>### \ud83d\udd36 Innovation<\/p>\n<p>Innovation ist das Herzst\u00fcck unserer DNA. Jedes GER Detect-Ger\u00e4t ist das Ergebnis jahrelanger modernster wissenschaftlicher Forschung und Technik. Wir glauben, dass Technologie die Erkennungspraxis vereinfachen und verbessern muss, damit sie intuitiver und effizienter wird. <\/p>\n<p>### \ud83d\udd36 Qualit\u00e4t<\/p>\n<p>Alle unsere Produkte erf\u00fcllen die **internationalen ISO 9001-Standards** und garantieren so gleichbleibende Qualit\u00e4t und kompromisslose Zuverl\u00e4ssigkeit. Wir w\u00e4hlen nur **authentische und GER Detect-zertifizierte** Ger\u00e4te aus, um sicherzustellen, dass unsere Kunden das bestm\u00f6gliche Erlebnis haben.<\/p>\n<p>### \ud83d\udd36 N\u00e4he<\/p>\n<p>Als offizieller GER Detect-Vertreter stellen wir **menschliche Beziehungen und Kundenservice** in den Mittelpunkt unserer T\u00e4tigkeit.<br \/>\nUnser franz\u00f6sischsprachiges Team steht Ihnen vor und nach dem Kauf beratend, unterst\u00fctzend und schulend zur Seite.<\/p>\n<p>### \ud83d\udd36 Confiance<\/p>\n<p>Wir bauen eine Beziehung zu unseren Kunden auf, die auf Transparenz, Integrit\u00e4t und Zufriedenheit basiert. Das Vertrauen, das uns die Nutzer unserer Detektoren in Frankreich, Belgien, den Niederlanden und Luxemburg entgegenbringen, ist unser gr\u00f6\u00dfter Erfolg.<\/p>\n<p>&#8212;<\/p>\n<p>## Lassen Sie uns gemeinsam die Grenzen der Erkennung erweitern<\/p>\n<p>Mit **GER Detect** wird jede Mission zu einem Erlebnis der Entdeckung, Erkundung und des Erfolgs. Unser Engagement: Ihnen die **Technologie, Zuverl\u00e4ssigkeit und Unterst\u00fctzung** zu bieten, die Sie ben\u00f6tigen, um mehr, tiefere und genauere Erkennungsvorg\u00e4nge durchzuf\u00fchren.<\/p>\n<p>&nbsp;<\/p>\n<p>&nbsp;<\/p>\n<p>**Offizieller Partner Belgien: Inventum Detector** \ud83c\udf10 **Site:** [www.inventumdetector.be] \ud83d\udce7 **E-Mail:** [<strong><a href=\"https:\/\/www.inventumdetector.be\/?v=910955a907e7\">info@inventumdetector.be<\/a><\/strong>] \ud83d\udcde **Telefon \/ WhatsApp:** +32 484 676 625<\/p>\n<p>&#8212;<\/p>\n<p>&nbsp;<\/p>\n<p>&nbsp;<\/p>\n","protected":false},"excerpt":{"rendered":"<p>\u00dcber GER Detect France Innovation im Dienst der Detektion seit 1987 Seit seiner Gr\u00fcndung im Jahr 1987 hat sich **GER<\/p>\n","protected":false},"author":1,"featured_media":0,"parent":0,"menu_order":0,"comment_status":"closed","ping_status":"closed","template":"","meta":{"_joinchat":[],"footnotes":""},"class_list":["post-5393","page","type-page","status-publish","hentry"],"yoast_head":"<!-- This site is optimized with the Yoast SEO plugin v26.3 - https:\/\/yoast.com\/wordpress\/plugins\/seo\/ -->\n<title>\u00dcber GER DETECT - GER DETECT FRANCE<\/title>\n<meta name=\"robots\" content=\"index, follow, max-snippet:-1, max-image-preview:large, max-video-preview:-1\" \/>\n<link rel=\"canonical\" href=\"https:\/\/gerdetect.fr\/de\/ueber-ger-detect\/\" \/>\n<meta property=\"og:locale\" content=\"de_DE\" \/>\n<meta property=\"og:type\" content=\"article\" \/>\n<meta property=\"og:title\" content=\"\u00dcber GER DETECT - GER DETECT FRANCE\" \/>\n<meta property=\"og:description\" content=\"\u00dcber GER Detect France Innovation im Dienst der Detektion seit 1987 Seit seiner Gr\u00fcndung im Jahr 1987 hat sich **GER\" \/>\n<meta property=\"og:url\" content=\"https:\/\/gerdetect.fr\/de\/ueber-ger-detect\/\" \/>\n<meta property=\"og:site_name\" content=\"GER DETECT FRANCE\" \/>\n<meta property=\"og:image\" content=\"https:\/\/gerdetect.fr\/wp-content\/uploads\/2017\/06\/logo-ger.png\" \/>\n<meta name=\"twitter:card\" content=\"summary_large_image\" \/>\n<meta name=\"twitter:label1\" content=\"Gesch\u00e4tzte Lesezeit\" \/>\n\t<meta name=\"twitter:data1\" content=\"4\u00a0Minuten\" \/>\n<script type=\"application\/ld+json\" class=\"yoast-schema-graph\">{\"@context\":\"https:\/\/schema.org\",\"@graph\":[{\"@type\":\"WebPage\",\"@id\":\"https:\/\/gerdetect.fr\/de\/ueber-ger-detect\/\",\"url\":\"https:\/\/gerdetect.fr\/de\/ueber-ger-detect\/\",\"name\":\"\u00dcber GER DETECT - GER DETECT FRANCE\",\"isPartOf\":{\"@id\":\"https:\/\/gerdetect.fr\/de\/#website\"},\"primaryImageOfPage\":{\"@id\":\"https:\/\/gerdetect.fr\/de\/ueber-ger-detect\/#primaryimage\"},\"image\":{\"@id\":\"https:\/\/gerdetect.fr\/de\/ueber-ger-detect\/#primaryimage\"},\"thumbnailUrl\":\"https:\/\/gerdetect.fr\/wp-content\/uploads\/2017\/06\/logo-ger.png\",\"datePublished\":\"2017-10-27T17:26:09+00:00\",\"breadcrumb\":{\"@id\":\"https:\/\/gerdetect.fr\/de\/ueber-ger-detect\/#breadcrumb\"},\"inLanguage\":\"de\",\"potentialAction\":[{\"@type\":\"ReadAction\",\"target\":[\"https:\/\/gerdetect.fr\/de\/ueber-ger-detect\/\"]}]},{\"@type\":\"ImageObject\",\"inLanguage\":\"de\",\"@id\":\"https:\/\/gerdetect.fr\/de\/ueber-ger-detect\/#primaryimage\",\"url\":\"https:\/\/gerdetect.fr\/wp-content\/uploads\/2017\/06\/logo-ger.png\",\"contentUrl\":\"https:\/\/gerdetect.fr\/wp-content\/uploads\/2017\/06\/logo-ger.png\"},{\"@type\":\"BreadcrumbList\",\"@id\":\"https:\/\/gerdetect.fr\/de\/ueber-ger-detect\/#breadcrumb\",\"itemListElement\":[{\"@type\":\"ListItem\",\"position\":1,\"name\":\"Accueil\",\"item\":\"https:\/\/gerdetect.fr\/de\/\"},{\"@type\":\"ListItem\",\"position\":2,\"name\":\"\u00dcber GER DETECT\"}]},{\"@type\":\"WebSite\",\"@id\":\"https:\/\/gerdetect.fr\/de\/#website\",\"url\":\"https:\/\/gerdetect.fr\/de\/\",\"name\":\"GER DETECT FRANCE\",\"description\":\"D\u00e9tecteur de m\u00e9taux, d&#039;or, diamants, d&#039;eau souterraine, radar de sol | Lille, Paris\",\"potentialAction\":[{\"@type\":\"SearchAction\",\"target\":{\"@type\":\"EntryPoint\",\"urlTemplate\":\"https:\/\/gerdetect.fr\/de\/?s={search_term_string}\"},\"query-input\":{\"@type\":\"PropertyValueSpecification\",\"valueRequired\":true,\"valueName\":\"search_term_string\"}}],\"inLanguage\":\"de\"}]}<\/script>\n<!-- \/ Yoast SEO plugin. -->","yoast_head_json":{"title":"\u00dcber GER DETECT - GER DETECT FRANCE","robots":{"index":"index","follow":"follow","max-snippet":"max-snippet:-1","max-image-preview":"max-image-preview:large","max-video-preview":"max-video-preview:-1"},"canonical":"https:\/\/gerdetect.fr\/de\/ueber-ger-detect\/","og_locale":"de_DE","og_type":"article","og_title":"\u00dcber GER DETECT - GER DETECT FRANCE","og_description":"\u00dcber GER Detect France Innovation im Dienst der Detektion seit 1987 Seit seiner Gr\u00fcndung im Jahr 1987 hat sich **GER","og_url":"https:\/\/gerdetect.fr\/de\/ueber-ger-detect\/","og_site_name":"GER DETECT FRANCE","og_image":[{"url":"https:\/\/gerdetect.fr\/wp-content\/uploads\/2017\/06\/logo-ger.png","type":"","width":"","height":""}],"twitter_card":"summary_large_image","twitter_misc":{"Gesch\u00e4tzte Lesezeit":"4\u00a0Minuten"},"schema":{"@context":"https:\/\/schema.org","@graph":[{"@type":"WebPage","@id":"https:\/\/gerdetect.fr\/de\/ueber-ger-detect\/","url":"https:\/\/gerdetect.fr\/de\/ueber-ger-detect\/","name":"\u00dcber GER DETECT - GER DETECT FRANCE","isPartOf":{"@id":"https:\/\/gerdetect.fr\/de\/#website"},"primaryImageOfPage":{"@id":"https:\/\/gerdetect.fr\/de\/ueber-ger-detect\/#primaryimage"},"image":{"@id":"https:\/\/gerdetect.fr\/de\/ueber-ger-detect\/#primaryimage"},"thumbnailUrl":"https:\/\/gerdetect.fr\/wp-content\/uploads\/2017\/06\/logo-ger.png","datePublished":"2017-10-27T17:26:09+00:00","breadcrumb":{"@id":"https:\/\/gerdetect.fr\/de\/ueber-ger-detect\/#breadcrumb"},"inLanguage":"de","potentialAction":[{"@type":"ReadAction","target":["https:\/\/gerdetect.fr\/de\/ueber-ger-detect\/"]}]},{"@type":"ImageObject","inLanguage":"de","@id":"https:\/\/gerdetect.fr\/de\/ueber-ger-detect\/#primaryimage","url":"https:\/\/gerdetect.fr\/wp-content\/uploads\/2017\/06\/logo-ger.png","contentUrl":"https:\/\/gerdetect.fr\/wp-content\/uploads\/2017\/06\/logo-ger.png"},{"@type":"BreadcrumbList","@id":"https:\/\/gerdetect.fr\/de\/ueber-ger-detect\/#breadcrumb","itemListElement":[{"@type":"ListItem","position":1,"name":"Accueil","item":"https:\/\/gerdetect.fr\/de\/"},{"@type":"ListItem","position":2,"name":"\u00dcber GER DETECT"}]},{"@type":"WebSite","@id":"https:\/\/gerdetect.fr\/de\/#website","url":"https:\/\/gerdetect.fr\/de\/","name":"GER DETECT FRANCE","description":"D\u00e9tecteur de m\u00e9taux, d&#039;or, diamants, d&#039;eau souterraine, radar de sol | Lille, Paris","potentialAction":[{"@type":"SearchAction","target":{"@type":"EntryPoint","urlTemplate":"https:\/\/gerdetect.fr\/de\/?s={search_term_string}"},"query-input":{"@type":"PropertyValueSpecification","valueRequired":true,"valueName":"search_term_string"}}],"inLanguage":"de"}]}},"_links":{"self":[{"href":"https:\/\/gerdetect.fr\/de\/wp-json\/wp\/v2\/pages\/5393","targetHints":{"allow":["GET"]}}],"collection":[{"href":"https:\/\/gerdetect.fr\/de\/wp-json\/wp\/v2\/pages"}],"about":[{"href":"https:\/\/gerdetect.fr\/de\/wp-json\/wp\/v2\/types\/page"}],"author":[{"embeddable":true,"href":"https:\/\/gerdetect.fr\/de\/wp-json\/wp\/v2\/users\/1"}],"replies":[{"embeddable":true,"href":"https:\/\/gerdetect.fr\/de\/wp-json\/wp\/v2\/comments?post=5393"}],"version-history":[{"count":0,"href":"https:\/\/gerdetect.fr\/de\/wp-json\/wp\/v2\/pages\/5393\/revisions"}],"wp:attachment":[{"href":"https:\/\/gerdetect.fr\/de\/wp-json\/wp\/v2\/media?parent=5393"}],"curies":[{"name":"wp","href":"https:\/\/api.w.org\/{rel}","templated":true}]}}