{"id":4022,"date":"2025-10-28T08:40:17","date_gmt":"2025-10-28T07:40:17","guid":{"rendered":"https:\/\/gerdetect.fr\/catalogue-detecteur-de-metaux\/unkategorisiert\/waehrend-metalldetektoren-nur-auf-gezielte-suchanfragen-reagieren-zeigt-ihnen-der-hohlraumdetektor-jede-interessante-stelle-auch-ohne-metallablagerungen\/"},"modified":"2026-01-12T15:02:03","modified_gmt":"2026-01-12T14:02:03","slug":"waehrend-metalldetektoren-nur-auf-gezielte-suchanfragen-reagieren-zeigt-ihnen-der-hohlraumdetektor-jede-interessante-stelle-auch-ohne-metallablagerungen","status":"publish","type":"product","link":"https:\/\/gerdetect.fr\/de\/Metalldetektorkatalog\/bodenradar\/waehrend-metalldetektoren-nur-auf-gezielte-suchanfragen-reagieren-zeigt-ihnen-der-hohlraumdetektor-jede-interessante-stelle-auch-ohne-metallablagerungen\/","title":{"rendered":"Treasure Way"},"content":{"rendered":"<div class=\"wpb-content-wrapper\">[vc_row][vc_column][vc_column_text woodmart_inline=&#8221;no&#8221; text_larger=&#8221;no&#8221;]<span style=\"font-weight: 400;\">F\u00fcr Liebhaber der Schatzsuche ist der Metalldetektor Treasure Way zweifellos eine der leistungsst\u00e4rksten Technologien auf dem Markt. Dieses neue High-End-Ger\u00e4t bleibt einfach zu bedienen, damit Ihre Forschung fruchtbar wird. <\/span>[\/vc_column_text][\/vc_column][\/vc_row][vc_row][vc_column][\/vc_column][\/vc_row][vc_row content_placement=&#8221;top&#8221;][vc_column][vc_video link=&#8221;https:\/\/youtu.be\/D7g9qgJOWyg&#8221; align=&#8221;center&#8221; woodmart_css_id=&#8221;690078ca5905e&#8221; image_poster_switch=&#8221;no&#8221;]\n\t\t<div id=\"wd-690078fc05f0a\" class=\"title-wrapper wd-wpb set-mb-s reset-last-child  wd-rs-690078fc05f0a wd-title-color-default wd-title-style-bordered text-center  wd-underline-colored\">\n\t\t\t\n\t\t\t<div class=\"liner-continer\">\n\t\t\t\t<h2 class=\"woodmart-title-container title  wd-font-weight- wd-fontsize-l\" >Treasure Way: der ideale Begleiter f\u00fcr Schatzsucher<\/h2>\n\t\t\t\t\t\t\t<\/div>\n\t\t\t\n\t\t\t\n\t\t\t\n\t\t<\/div>\n\t\t\n\t\t[vc_row_inner][vc_column_inner][vc_column_text woodmart_inline=&#8221;no&#8221; text_larger=&#8221;no&#8221;]<span style=\"font-weight: 400;\">Der Schatzweg eignet sich besonders f\u00fcr aufwendige Recherchen. Es nutzt eine Technologie namens \u201ePulsinduktion\u201c, die in der Lage ist, in schwierige und stark mineralisierte B\u00f6den einzudringen, um Objekte in erheblichen Tiefen zu erkennen. Der Detektor ist in der Lage, vergrabene Ziele bis zu einer Tiefe von 4 Metern (oder sogar noch mehr, je nach Bodenbeschaffenheit) zu erkennen.  <\/span>[\/vc_column_text][\/vc_column_inner][\/vc_row_inner][vc_single_image image=&#8221;4009&#8243; img_size=&#8221;large&#8221; alignment=&#8221;center&#8221; parallax_scroll=&#8221;no&#8221; woodmart_inline=&#8221;no&#8221;][\/vc_column][\/vc_row][vc_row][vc_column]\n\t\t<div id=\"wd-69007b4e7bdb4\" class=\"title-wrapper wd-wpb set-mb-s reset-last-child  wd-rs-69007b4e7bdb4 wd-title-color-default wd-title-style-bordered text-center  wd-underline-colored\">\n\t\t\t\n\t\t\t<div class=\"liner-continer\">\n\t\t\t\t<h2 class=\"woodmart-title-container title  wd-font-weight- wd-fontsize-l\" >Viele Erkennungsmodi<\/h2>\n\t\t\t\t\t\t\t<\/div>\n\t\t\t\n\t\t\t\n\t\t\t\n\t\t<\/div>\n\t\t\n\t\t[vc_row_inner][vc_column_inner][vc_column_text woodmart_inline=&#8221;no&#8221; text_larger=&#8221;no&#8221;]<span style=\"font-weight: 400;\">Der Metalldetektor Treasure Way kombiniert drei Erkennungsmodi, um den Bereich gr\u00fcndlich zu analysieren.<\/span>[\/vc_column_text][vc_empty_space height=&#8221;30px&#8221; woodmart_hide_large=&#8221;0&#8243; woodmart_hide_medium=&#8221;0&#8243; woodmart_hide_small=&#8221;0&#8243;]\n\t\t<div id=\"wd-69007b555b95c\" class=\"title-wrapper wd-wpb set-mb-s reset-last-child  wd-rs-69007b555b95c wd-title-color-default wd-title-style-default text-left  wd-underline-colored\">\n\t\t\t\n\t\t\t<div class=\"liner-continer\">\n\t\t\t\t<h3 class=\"woodmart-title-container title  wd-font-weight- wd-fontsize-l\" >Metalldetektion<\/h3>\n\t\t\t\t\t\t\t<\/div>\n\t\t\t\n\t\t\t\n\t\t\t\n\t\t<\/div>\n\t\t\n\t\t[vc_column_text woodmart_inline=&#8221;no&#8221; text_larger=&#8221;no&#8221;]Der Treasure Way ist mit einem Induktionserkennungssystem ausgestattet, das sowohl unedle Metalle (Eisen, Kupfer usw.) als auch Edelmetalle wie Gold erkennt.<\/p>\n<p>\nDas Ger\u00e4t unterscheidet verschiedene Metallarten anhand von Signalen, die auf dem Bildschirm angezeigt werden, damit Sie nicht unn\u00f6tig graben m\u00fcssen. Dieses System funktioniert auch bei mineralisiertem Boden, wo andere Technologien nicht so pr\u00e4zise sind.[\/vc_column_text][vc_empty_space height=&#8221;15px&#8221; woodmart_hide_large=&#8221;0&#8243; woodmart_hide_medium=&#8221;0&#8243; woodmart_hide_small=&#8221;0&#8243;]\n\t\t<div id=\"wd-69007b5c4febb\" class=\"title-wrapper wd-wpb set-mb-s reset-last-child  wd-rs-69007b5c4febb wd-title-color-default wd-title-style-default text-left  wd-underline-colored\">\n\t\t\t\n\t\t\t<div class=\"liner-continer\">\n\t\t\t\t<h3 class=\"woodmart-title-container title  wd-font-weight- wd-fontsize-l\" >Hohlraumerkennung<\/h3>\n\t\t\t\t\t\t\t<\/div>\n\t\t\t\n\t\t\t\n\t\t\t\n\t\t<\/div>\n\t\t\n\t\t[vc_column_text woodmart_inline=&#8221;no&#8221; text_larger=&#8221;no&#8221;]<span style=\"font-weight: 400;\">Neben Metallen ist der Treasure Way auch in der Lage, unterirdische Anomalien wie Tunnel oder antike Gr\u00e4ber aufzusp\u00fcren. Das System analysiert Schwankungen in der Bodendichte und identifiziert Bereiche, in denen das Gel\u00e4nde unterschiedlich ist. Diese Technologie eignet sich besonders f\u00fcr Personen, die auf der Suche nach historischen Sch\u00e4tzen sind und m\u00f6gliche Caches identifizieren m\u00f6chten, bevor sie mit Ausgrabungen beginnen. Auch dieses Mal werden die visuellen Signale auf dem Bildschirm angezeigt und k\u00f6nnen mit dem Metallerkennungsmodus kombiniert werden.   <\/span>[\/vc_column_text][vc_empty_space height=&#8221;15px&#8221; woodmart_hide_large=&#8221;0&#8243; woodmart_hide_medium=&#8221;0&#8243; woodmart_hide_small=&#8221;0&#8243;]\n\t\t<div id=\"wd-69007b21c0d62\" class=\"title-wrapper wd-wpb set-mb-s reset-last-child  wd-rs-69007b21c0d62 wd-title-color-default wd-title-style-default text-left  wd-underline-colored\">\n\t\t\t\n\t\t\t<div class=\"liner-continer\">\n\t\t\t\t<h3 class=\"woodmart-title-container title  wd-font-weight- wd-fontsize-l\" >Tiefenmessung<\/h3>\n\t\t\t\t\t\t\t<\/div>\n\t\t\t\n\t\t\t\n\t\t\t\n\t\t<\/div>\n\t\t\n\t\t[vc_column_text woodmart_inline=&#8221;no&#8221; text_larger=&#8221;no&#8221;]<span style=\"font-weight: 400;\">Neben Metallen ist der Treasure Way auch in der Lage, unterirdische Anomalien wie Tunnel oder antike Gr\u00e4ber aufzusp\u00fcren. Das System analysiert Schwankungen in der Bodendichte und identifiziert Bereiche, in denen das Gel\u00e4nde unterschiedlich ist. Diese Technologie eignet sich besonders f\u00fcr Personen, die auf der Suche nach historischen Sch\u00e4tzen sind und m\u00f6gliche Caches identifizieren m\u00f6chten, bevor sie mit Ausgrabungen beginnen. Auch dieses Mal werden die visuellen Signale auf dem Bildschirm angezeigt und k\u00f6nnen mit dem Metallerkennungsmodus kombiniert werden.   <\/span>[\/vc_column_text][vc_empty_space height=&#8221;30px&#8221; woodmart_hide_large=&#8221;0&#8243; woodmart_hide_medium=&#8221;0&#8243; woodmart_hide_small=&#8221;0&#8243;]\n\t\t<div id=\"wd-69007b8337ea2\" class=\"title-wrapper wd-wpb set-mb-s reset-last-child  wd-rs-69007b8337ea2 wd-title-color-default wd-title-style-bordered text-center  wd-underline-colored\">\n\t\t\t\n\t\t\t<div class=\"liner-continer\">\n\t\t\t\t<h2 class=\"woodmart-title-container title  wd-font-weight- wd-fontsize-l\" >Ein solides Ger\u00e4t<\/h2>\n\t\t\t\t\t\t\t<\/div>\n\t\t\t\n\t\t\t\n\t\t\t\n\t\t<\/div>\n\t\t\n\t\t[vc_column_text woodmart_inline=&#8221;no&#8221; text_larger=&#8221;no&#8221;]<span style=\"font-weight: 400;\">Der Treasure Way wird in Deutschland hergestellt und zeichnet sich durch eine einwandfreie Qualit\u00e4t nach aktuellen Standards aus. Das Ger\u00e4t ist leicht, um Komfort bei langen Suchvorg\u00e4ngen zu gew\u00e4hrleisten. Dar\u00fcber hinaus werden die Erkennungsinformationen auf dem Bildschirm deutlich in 6 Sprachen (Franz\u00f6sisch, Englisch, Deutsch, Spanisch, Arabisch und Persisch) angezeigt, damit jeder sie nutzen kann.  <\/span>[\/vc_column_text][vc_empty_space height=&#8221;30px&#8221; woodmart_hide_large=&#8221;0&#8243; woodmart_hide_medium=&#8221;0&#8243; woodmart_hide_small=&#8221;0&#8243;]\n\t\t<div id=\"wd-69007be1ca08b\" class=\"title-wrapper wd-wpb set-mb-s reset-last-child  wd-rs-69007be1ca08b wd-title-color-default wd-title-style-bordered text-center  wd-underline-colored\">\n\t\t\t\n\t\t\t<div class=\"liner-continer\">\n\t\t\t\t<h2 class=\"woodmart-title-container title  wd-font-weight- wd-fontsize-l\" >Treasure Way, der Detektor, den Sie brauchen<\/h2>\n\t\t\t\t\t\t\t<\/div>\n\t\t\t\n\t\t\t\n\t\t\t\n\t\t<\/div>\n\t\t\n\t\t[vc_empty_space height=&#8221;30px&#8221; woodmart_hide_large=&#8221;0&#8243; woodmart_hide_medium=&#8221;0&#8243; woodmart_hide_small=&#8221;0&#8243;][\/vc_column_inner][\/vc_row_inner][\/vc_column][\/vc_row][vc_row content_placement=&#8221;middle&#8221; woodmart_css_id=&#8221;69008dd2becee&#8221; responsive_spacing=&#8221;eyJwYXJhbV90eXBlIjoid29vZG1hcnRfcmVzcG9uc2l2ZV9zcGFjaW5nIiwic2VsZWN0b3JfaWQiOiI2OTAwOGRkMmJlY2VlIiwic2hvcnRjb2RlIjoidmNfcm93IiwiZGF0YSI6eyJ0YWJsZXQiOnt9LCJtb2JpbGUiOnt9fX0=&#8221; mobile_bg_img_hidden=&#8221;no&#8221; tablet_bg_img_hidden=&#8221;no&#8221; woodmart_parallax=&#8221;0&#8243; woodmart_gradient_switch=&#8221;no&#8221; woodmart_box_shadow=&#8221;no&#8221; wd_z_index=&#8221;no&#8221; woodmart_disable_overflow=&#8221;0&#8243; row_reverse_mobile=&#8221;0&#8243; row_reverse_tablet=&#8221;0&#8243;][vc_column width=&#8221;1\/2&#8243; vertical_alignment=&#8221;eyJkZXZpY2VzIjp7ImRlc2t0b3AiOnsidmFsdWUiOiJjZW50ZXIifSwidGFibGV0Ijp7InZhbHVlIjoiIn0sIm1vYmlsZSI6eyJ2YWx1ZSI6IiJ9fX0=&#8221; woodmart_css_id=&#8221;69007d28cc505&#8243; parallax_scroll=&#8221;no&#8221; woodmart_sticky_column=&#8221;false&#8221; wd_collapsible_content_switcher=&#8221;no&#8221; wd_column_role_offcanvas_desktop=&#8221;no&#8221; wd_column_role_offcanvas_tablet=&#8221;no&#8221; wd_column_role_offcanvas_mobile=&#8221;no&#8221; wd_column_role_content_desktop=&#8221;no&#8221; wd_column_role_content_tablet=&#8221;no&#8221; wd_column_role_content_mobile=&#8221;no&#8221; mobile_bg_img_hidden=&#8221;no&#8221; tablet_bg_img_hidden=&#8221;no&#8221; woodmart_parallax=&#8221;0&#8243; woodmart_box_shadow=&#8221;no&#8221; responsive_spacing=&#8221;eyJwYXJhbV90eXBlIjoid29vZG1hcnRfcmVzcG9uc2l2ZV9zcGFjaW5nIiwic2VsZWN0b3JfaWQiOiI2OTAwN2QyOGNjNTA1Iiwic2hvcnRjb2RlIjoidmNfY29sdW1uIiwiZGF0YSI6eyJ0YWJsZXQiOnt9LCJtb2JpbGUiOnt9fX0=&#8221; mobile_reset_margin=&#8221;no&#8221; tablet_reset_margin=&#8221;no&#8221; wd_z_index=&#8221;no&#8221;][vc_row_inner content_placement=&#8221;middle&#8221; woodmart_css_id=&#8221;69007d3359f6c&#8221; responsive_spacing=&#8221;eyJwYXJhbV90eXBlIjoid29vZG1hcnRfcmVzcG9uc2l2ZV9zcGFjaW5nIiwic2VsZWN0b3JfaWQiOiI2OTAwN2QzMzU5ZjZjIiwic2hvcnRjb2RlIjoidmNfcm93X2lubmVyIiwiZGF0YSI6eyJ0YWJsZXQiOnt9LCJtb2JpbGUiOnt9fX0=&#8221; mobile_bg_img_hidden=&#8221;no&#8221; tablet_bg_img_hidden=&#8221;no&#8221; woodmart_parallax=&#8221;0&#8243; woodmart_gradient_switch=&#8221;no&#8221; woodmart_box_shadow=&#8221;no&#8221; wd_z_index=&#8221;no&#8221; woodmart_disable_overflow=&#8221;0&#8243; row_reverse_mobile=&#8221;0&#8243; row_reverse_tablet=&#8221;0&#8243;][vc_column_inner woodmart_text_align=&#8221;left&#8221; woodmart_css_id=&#8221;69008dbfec831&#8243; parallax_scroll=&#8221;no&#8221; woodmart_sticky_column=&#8221;false&#8221; wd_collapsible_content_switcher=&#8221;no&#8221; wd_column_role_offcanvas_desktop=&#8221;no&#8221; wd_column_role_offcanvas_tablet=&#8221;no&#8221; wd_column_role_offcanvas_mobile=&#8221;no&#8221; wd_column_role_content_desktop=&#8221;no&#8221; wd_column_role_content_tablet=&#8221;no&#8221; wd_column_role_content_mobile=&#8221;no&#8221; mobile_bg_img_hidden=&#8221;no&#8221; tablet_bg_img_hidden=&#8221;no&#8221; woodmart_parallax=&#8221;0&#8243; woodmart_box_shadow=&#8221;no&#8221; responsive_spacing=&#8221;eyJwYXJhbV90eXBlIjoid29vZG1hcnRfcmVzcG9uc2l2ZV9zcGFjaW5nIiwic2VsZWN0b3JfaWQiOiI2OTAwOGRiZmVjODMxIiwic2hvcnRjb2RlIjoidmNfY29sdW1uX2lubmVyIiwiZGF0YSI6eyJ0YWJsZXQiOnt9LCJtb2JpbGUiOnt9fX0=&#8221; wd_z_index=&#8221;no&#8221;][vc_column_text woodmart_inline=&#8221;no&#8221; text_larger=&#8221;no&#8221;]<span style=\"font-weight: 400;\">Der Treasure Way ist ein High-End-Metalldetektor, der f\u00fcr alle Benutzer geeignet ist. <\/span><\/p>\n<p><span style=\"font-weight: 400;\">Dank seiner erweiterten Optionen erkennt er mehrere Meter tief vergrabene Objekte, selbst bei schlechter Bodenqualit\u00e4t. <\/span><\/p>\n<p><span style=\"font-weight: 400;\">Lassen Sie sich verf\u00fchren und machen Sie Ihre gesamte Forschung fruchtbar! <\/span>[\/vc_column_text][\/vc_column_inner][\/vc_row_inner][\/vc_column][vc_column width=&#8221;1\/2&#8243;][vc_single_image image=&#8221;4010&#8243; img_size=&#8221;full&#8221; alignment=&#8221;center&#8221; parallax_scroll=&#8221;no&#8221; woodmart_inline=&#8221;no&#8221;][\/vc_column][\/vc_row]\n<\/div>","protected":false},"excerpt":{"rendered":"<p>Ein Hohlraumdetektor ist ein vielseitiges tragbares Werkzeug, das in der Lage ist, kleinste verborgene R\u00e4ume oder verborgene unterirdische R\u00e4ume aufzusp\u00fcren. Von Tunnel bis zu Fl\u00fcssen, einschlie\u00dflich Gr\u00e4ben und Grabkammern, entgeht nichts dem Detektor. <\/p>\n","protected":false},"featured_media":2955,"template":"","meta":{"_joinchat":[]},"product_brand":[],"product_cat":[127,130,128],"product_tag":[161],"class_list":{"0":"post-4022","1":"product","2":"type-product","3":"status-publish","4":"has-post-thumbnail","6":"product_cat-bodenradar","7":"product_cat-hohlraumdetektor","8":"product_cat-metalldetektor","9":"product_tag-metalldetektor","11":"first","12":"instock","13":"taxable","14":"shipping-taxable","15":"purchasable","16":"product-type-simple"},"yoast_head":"<!-- This site is optimized with the Yoast SEO plugin v26.3 - https:\/\/yoast.com\/wordpress\/plugins\/seo\/ -->\n<title>Treasure Way: der ideale Verb\u00fcndete zum Aufsp\u00fcren von Gold und antiken Sch\u00e4tzen!<\/title>\n<meta name=\"description\" content=\"Der Treasure Way ist ein Metalldetektor, der Gold, Relikte, Hohlr\u00e4ume und antike Gr\u00e4ber bis zu einer Tiefe von 4 Metern identifizieren kann.\" \/>\n<meta name=\"robots\" content=\"index, follow, max-snippet:-1, max-image-preview:large, max-video-preview:-1\" \/>\n<link rel=\"canonical\" href=\"https:\/\/gerdetect.fr\/de\/Metalldetektorkatalog\/bodenradar\/waehrend-metalldetektoren-nur-auf-gezielte-suchanfragen-reagieren-zeigt-ihnen-der-hohlraumdetektor-jede-interessante-stelle-auch-ohne-metallablagerungen\/\" \/>\n<meta property=\"og:locale\" content=\"de_DE\" \/>\n<meta property=\"og:type\" content=\"article\" \/>\n<meta property=\"og:title\" content=\"Treasure Way: der ideale Verb\u00fcndete zum Aufsp\u00fcren von Gold und antiken Sch\u00e4tzen!\" \/>\n<meta property=\"og:description\" content=\"Der Treasure Way ist ein Metalldetektor, der Gold, Relikte, Hohlr\u00e4ume und antike Gr\u00e4ber bis zu einer Tiefe von 4 Metern identifizieren kann.\" \/>\n<meta property=\"og:url\" content=\"https:\/\/gerdetect.fr\/de\/Metalldetektorkatalog\/bodenradar\/waehrend-metalldetektoren-nur-auf-gezielte-suchanfragen-reagieren-zeigt-ihnen-der-hohlraumdetektor-jede-interessante-stelle-auch-ohne-metallablagerungen\/\" \/>\n<meta property=\"og:site_name\" content=\"GER DETECT FRANCE\" \/>\n<meta property=\"article:modified_time\" content=\"2026-01-12T14:02:03+00:00\" \/>\n<meta property=\"og:image\" content=\"https:\/\/gerdetect.fr\/wp-content\/uploads\/2025\/10\/imageprodTreasureWAy.png\" \/>\n\t<meta property=\"og:image:width\" content=\"1600\" \/>\n\t<meta property=\"og:image:height\" content=\"1600\" \/>\n\t<meta property=\"og:image:type\" content=\"image\/png\" \/>\n<meta name=\"twitter:card\" content=\"summary_large_image\" \/>\n<meta name=\"twitter:label1\" content=\"Gesch\u00e4tzte Lesezeit\" \/>\n\t<meta name=\"twitter:data1\" content=\"7\u00a0Minuten\" \/>\n<script type=\"application\/ld+json\" class=\"yoast-schema-graph\">{\"@context\":\"https:\/\/schema.org\",\"@graph\":[{\"@type\":\"WebPage\",\"@id\":\"https:\/\/gerdetect.fr\/de\/Metalldetektorkatalog\/bodenradar\/waehrend-metalldetektoren-nur-auf-gezielte-suchanfragen-reagieren-zeigt-ihnen-der-hohlraumdetektor-jede-interessante-stelle-auch-ohne-metallablagerungen\/\",\"url\":\"https:\/\/gerdetect.fr\/de\/Metalldetektorkatalog\/bodenradar\/waehrend-metalldetektoren-nur-auf-gezielte-suchanfragen-reagieren-zeigt-ihnen-der-hohlraumdetektor-jede-interessante-stelle-auch-ohne-metallablagerungen\/\",\"name\":\"Treasure Way: der ideale Verb\u00fcndete zum Aufsp\u00fcren von Gold und antiken Sch\u00e4tzen!\",\"isPartOf\":{\"@id\":\"https:\/\/gerdetect.fr\/de\/#website\"},\"primaryImageOfPage\":{\"@id\":\"https:\/\/gerdetect.fr\/de\/Metalldetektorkatalog\/bodenradar\/waehrend-metalldetektoren-nur-auf-gezielte-suchanfragen-reagieren-zeigt-ihnen-der-hohlraumdetektor-jede-interessante-stelle-auch-ohne-metallablagerungen\/#primaryimage\"},\"image\":{\"@id\":\"https:\/\/gerdetect.fr\/de\/Metalldetektorkatalog\/bodenradar\/waehrend-metalldetektoren-nur-auf-gezielte-suchanfragen-reagieren-zeigt-ihnen-der-hohlraumdetektor-jede-interessante-stelle-auch-ohne-metallablagerungen\/#primaryimage\"},\"thumbnailUrl\":\"https:\/\/gerdetect.fr\/wp-content\/uploads\/2025\/10\/imageprodTreasureWAy.png\",\"datePublished\":\"2025-10-28T07:40:17+00:00\",\"dateModified\":\"2026-01-12T14:02:03+00:00\",\"description\":\"Der Treasure Way ist ein Metalldetektor, der Gold, Relikte, Hohlr\u00e4ume und antike Gr\u00e4ber bis zu einer Tiefe von 4 Metern identifizieren kann.\",\"breadcrumb\":{\"@id\":\"https:\/\/gerdetect.fr\/de\/Metalldetektorkatalog\/bodenradar\/waehrend-metalldetektoren-nur-auf-gezielte-suchanfragen-reagieren-zeigt-ihnen-der-hohlraumdetektor-jede-interessante-stelle-auch-ohne-metallablagerungen\/#breadcrumb\"},\"inLanguage\":\"de\",\"potentialAction\":[{\"@type\":\"ReadAction\",\"target\":[\"https:\/\/gerdetect.fr\/de\/Metalldetektorkatalog\/bodenradar\/waehrend-metalldetektoren-nur-auf-gezielte-suchanfragen-reagieren-zeigt-ihnen-der-hohlraumdetektor-jede-interessante-stelle-auch-ohne-metallablagerungen\/\"]}]},{\"@type\":\"ImageObject\",\"inLanguage\":\"de\",\"@id\":\"https:\/\/gerdetect.fr\/de\/Metalldetektorkatalog\/bodenradar\/waehrend-metalldetektoren-nur-auf-gezielte-suchanfragen-reagieren-zeigt-ihnen-der-hohlraumdetektor-jede-interessante-stelle-auch-ohne-metallablagerungen\/#primaryimage\",\"url\":\"https:\/\/gerdetect.fr\/wp-content\/uploads\/2025\/10\/imageprodTreasureWAy.png\",\"contentUrl\":\"https:\/\/gerdetect.fr\/wp-content\/uploads\/2025\/10\/imageprodTreasureWAy.png\",\"width\":1600,\"height\":1600},{\"@type\":\"BreadcrumbList\",\"@id\":\"https:\/\/gerdetect.fr\/de\/Metalldetektorkatalog\/bodenradar\/waehrend-metalldetektoren-nur-auf-gezielte-suchanfragen-reagieren-zeigt-ihnen-der-hohlraumdetektor-jede-interessante-stelle-auch-ohne-metallablagerungen\/#breadcrumb\",\"itemListElement\":[{\"@type\":\"ListItem\",\"position\":1,\"name\":\"Accueil\",\"item\":\"https:\/\/gerdetect.fr\/de\/\"},{\"@type\":\"ListItem\",\"position\":2,\"name\":\"Shop\",\"item\":\"https:\/\/gerdetect.fr\/de\/shop\/\"},{\"@type\":\"ListItem\",\"position\":3,\"name\":\"Treasure Way\"}]},{\"@type\":\"WebSite\",\"@id\":\"https:\/\/gerdetect.fr\/de\/#website\",\"url\":\"https:\/\/gerdetect.fr\/de\/\",\"name\":\"GER DETECT FRANCE\",\"description\":\"D\u00e9tecteur de m\u00e9taux, d&#039;or, diamants, d&#039;eau souterraine, radar de sol | Lille, Paris\",\"potentialAction\":[{\"@type\":\"SearchAction\",\"target\":{\"@type\":\"EntryPoint\",\"urlTemplate\":\"https:\/\/gerdetect.fr\/de\/?s={search_term_string}\"},\"query-input\":{\"@type\":\"PropertyValueSpecification\",\"valueRequired\":true,\"valueName\":\"search_term_string\"}}],\"inLanguage\":\"de\"}]}<\/script>\n<!-- \/ Yoast SEO plugin. -->","yoast_head_json":{"title":"Treasure Way: der ideale Verb\u00fcndete zum Aufsp\u00fcren von Gold und antiken Sch\u00e4tzen!","description":"Der Treasure Way ist ein Metalldetektor, der Gold, Relikte, Hohlr\u00e4ume und antike Gr\u00e4ber bis zu einer Tiefe von 4 Metern identifizieren kann.","robots":{"index":"index","follow":"follow","max-snippet":"max-snippet:-1","max-image-preview":"max-image-preview:large","max-video-preview":"max-video-preview:-1"},"canonical":"https:\/\/gerdetect.fr\/de\/Metalldetektorkatalog\/bodenradar\/waehrend-metalldetektoren-nur-auf-gezielte-suchanfragen-reagieren-zeigt-ihnen-der-hohlraumdetektor-jede-interessante-stelle-auch-ohne-metallablagerungen\/","og_locale":"de_DE","og_type":"article","og_title":"Treasure Way: der ideale Verb\u00fcndete zum Aufsp\u00fcren von Gold und antiken Sch\u00e4tzen!","og_description":"Der Treasure Way ist ein Metalldetektor, der Gold, Relikte, Hohlr\u00e4ume und antike Gr\u00e4ber bis zu einer Tiefe von 4 Metern identifizieren kann.","og_url":"https:\/\/gerdetect.fr\/de\/Metalldetektorkatalog\/bodenradar\/waehrend-metalldetektoren-nur-auf-gezielte-suchanfragen-reagieren-zeigt-ihnen-der-hohlraumdetektor-jede-interessante-stelle-auch-ohne-metallablagerungen\/","og_site_name":"GER DETECT FRANCE","article_modified_time":"2026-01-12T14:02:03+00:00","og_image":[{"width":1600,"height":1600,"url":"https:\/\/gerdetect.fr\/wp-content\/uploads\/2025\/10\/imageprodTreasureWAy.png","type":"image\/png"}],"twitter_card":"summary_large_image","twitter_misc":{"Gesch\u00e4tzte Lesezeit":"7\u00a0Minuten"},"schema":{"@context":"https:\/\/schema.org","@graph":[{"@type":"WebPage","@id":"https:\/\/gerdetect.fr\/de\/Metalldetektorkatalog\/bodenradar\/waehrend-metalldetektoren-nur-auf-gezielte-suchanfragen-reagieren-zeigt-ihnen-der-hohlraumdetektor-jede-interessante-stelle-auch-ohne-metallablagerungen\/","url":"https:\/\/gerdetect.fr\/de\/Metalldetektorkatalog\/bodenradar\/waehrend-metalldetektoren-nur-auf-gezielte-suchanfragen-reagieren-zeigt-ihnen-der-hohlraumdetektor-jede-interessante-stelle-auch-ohne-metallablagerungen\/","name":"Treasure Way: der ideale Verb\u00fcndete zum Aufsp\u00fcren von Gold und antiken Sch\u00e4tzen!","isPartOf":{"@id":"https:\/\/gerdetect.fr\/de\/#website"},"primaryImageOfPage":{"@id":"https:\/\/gerdetect.fr\/de\/Metalldetektorkatalog\/bodenradar\/waehrend-metalldetektoren-nur-auf-gezielte-suchanfragen-reagieren-zeigt-ihnen-der-hohlraumdetektor-jede-interessante-stelle-auch-ohne-metallablagerungen\/#primaryimage"},"image":{"@id":"https:\/\/gerdetect.fr\/de\/Metalldetektorkatalog\/bodenradar\/waehrend-metalldetektoren-nur-auf-gezielte-suchanfragen-reagieren-zeigt-ihnen-der-hohlraumdetektor-jede-interessante-stelle-auch-ohne-metallablagerungen\/#primaryimage"},"thumbnailUrl":"https:\/\/gerdetect.fr\/wp-content\/uploads\/2025\/10\/imageprodTreasureWAy.png","datePublished":"2025-10-28T07:40:17+00:00","dateModified":"2026-01-12T14:02:03+00:00","description":"Der Treasure Way ist ein Metalldetektor, der Gold, Relikte, Hohlr\u00e4ume und antike Gr\u00e4ber bis zu einer Tiefe von 4 Metern identifizieren kann.","breadcrumb":{"@id":"https:\/\/gerdetect.fr\/de\/Metalldetektorkatalog\/bodenradar\/waehrend-metalldetektoren-nur-auf-gezielte-suchanfragen-reagieren-zeigt-ihnen-der-hohlraumdetektor-jede-interessante-stelle-auch-ohne-metallablagerungen\/#breadcrumb"},"inLanguage":"de","potentialAction":[{"@type":"ReadAction","target":["https:\/\/gerdetect.fr\/de\/Metalldetektorkatalog\/bodenradar\/waehrend-metalldetektoren-nur-auf-gezielte-suchanfragen-reagieren-zeigt-ihnen-der-hohlraumdetektor-jede-interessante-stelle-auch-ohne-metallablagerungen\/"]}]},{"@type":"ImageObject","inLanguage":"de","@id":"https:\/\/gerdetect.fr\/de\/Metalldetektorkatalog\/bodenradar\/waehrend-metalldetektoren-nur-auf-gezielte-suchanfragen-reagieren-zeigt-ihnen-der-hohlraumdetektor-jede-interessante-stelle-auch-ohne-metallablagerungen\/#primaryimage","url":"https:\/\/gerdetect.fr\/wp-content\/uploads\/2025\/10\/imageprodTreasureWAy.png","contentUrl":"https:\/\/gerdetect.fr\/wp-content\/uploads\/2025\/10\/imageprodTreasureWAy.png","width":1600,"height":1600},{"@type":"BreadcrumbList","@id":"https:\/\/gerdetect.fr\/de\/Metalldetektorkatalog\/bodenradar\/waehrend-metalldetektoren-nur-auf-gezielte-suchanfragen-reagieren-zeigt-ihnen-der-hohlraumdetektor-jede-interessante-stelle-auch-ohne-metallablagerungen\/#breadcrumb","itemListElement":[{"@type":"ListItem","position":1,"name":"Accueil","item":"https:\/\/gerdetect.fr\/de\/"},{"@type":"ListItem","position":2,"name":"Shop","item":"https:\/\/gerdetect.fr\/de\/shop\/"},{"@type":"ListItem","position":3,"name":"Treasure Way"}]},{"@type":"WebSite","@id":"https:\/\/gerdetect.fr\/de\/#website","url":"https:\/\/gerdetect.fr\/de\/","name":"GER DETECT FRANCE","description":"D\u00e9tecteur de m\u00e9taux, d&#039;or, diamants, d&#039;eau souterraine, radar de sol | Lille, Paris","potentialAction":[{"@type":"SearchAction","target":{"@type":"EntryPoint","urlTemplate":"https:\/\/gerdetect.fr\/de\/?s={search_term_string}"},"query-input":{"@type":"PropertyValueSpecification","valueRequired":true,"valueName":"search_term_string"}}],"inLanguage":"de"}]}},"_links":{"self":[{"href":"https:\/\/gerdetect.fr\/de\/wp-json\/wp\/v2\/product\/4022","targetHints":{"allow":["GET"]}}],"collection":[{"href":"https:\/\/gerdetect.fr\/de\/wp-json\/wp\/v2\/product"}],"about":[{"href":"https:\/\/gerdetect.fr\/de\/wp-json\/wp\/v2\/types\/product"}],"wp:featuredmedia":[{"embeddable":true,"href":"https:\/\/gerdetect.fr\/de\/wp-json\/wp\/v2\/media\/2955"}],"wp:attachment":[{"href":"https:\/\/gerdetect.fr\/de\/wp-json\/wp\/v2\/media?parent=4022"}],"wp:term":[{"taxonomy":"product_brand","embeddable":true,"href":"https:\/\/gerdetect.fr\/de\/wp-json\/wp\/v2\/product_brand?post=4022"},{"taxonomy":"product_cat","embeddable":true,"href":"https:\/\/gerdetect.fr\/de\/wp-json\/wp\/v2\/product_cat?post=4022"},{"taxonomy":"product_tag","embeddable":true,"href":"https:\/\/gerdetect.fr\/de\/wp-json\/wp\/v2\/product_tag?post=4022"}],"curies":[{"name":"wp","href":"https:\/\/api.w.org\/{rel}","templated":true}]}}