{"id":4065,"date":"2025-01-27T14:25:13","date_gmt":"2025-01-27T13:25:13","guid":{"rendered":"https:\/\/gerdetect.fr\/catalogue-detecteur-de-metaux\/unkategorisiert\/uig-gold-digger-detector-2-systemes\/"},"modified":"2026-02-12T13:49:34","modified_gmt":"2026-02-12T12:49:34","slug":"uig-gold-digger-detector-2-systemes","status":"publish","type":"product","link":"https:\/\/gerdetect.fr\/de\/Metalldetektorkatalog\/bodenradar\/uig-gold-digger-detector-2-systemes\/","title":{"rendered":"UIG GOLD DIGGER DETEKTOR \u2013 2 Systeme"},"content":{"rendered":"<div class=\"wpb-content-wrapper\">[vc_row][vc_column][vc_column_text woodmart_inline=&#8221;no&#8221; text_larger=&#8221;no&#8221;]Begeben Sie sich mit dem UIG Gold Digger-Detektor auf die Eroberung von Gold und Edelmetallen. Dieses mit sieben fortschrittlichen Suchsystemen ausgestattete Ger\u00e4t beweist die F\u00e4higkeit, sich an alle Gel\u00e4ndearten anzupassen.[\/vc_column_text][\/vc_column][\/vc_row][vc_row content_placement=&#8221;top&#8221;][vc_column][vc_video link=&#8221;https:\/\/www.youtube.com\/watch?v=_BchWMz_4Xk&amp;t=1s&#8221; align=&#8221;center&#8221; woodmart_css_id=&#8221;67978b6e7c3d5&#8243; image_poster_switch=&#8221;no&#8221;]\n\t\t<div id=\"wd-6798f9e0378c9\" class=\"title-wrapper wd-wpb set-mb-s reset-last-child  wd-rs-6798f9e0378c9 wd-title-color-default wd-title-style-bordered text-center  wd-underline-colored\">\n\t\t\t\n\t\t\t<div class=\"liner-continer\">\n\t\t\t\t<h2 class=\"woodmart-title-container title  wd-font-weight- wd-fontsize-l\" >UIG Gold Digger Detector: seine technischen Eigenschaften<\/h2>\n\t\t\t\t\t\t\t<\/div>\n\t\t\t\n\t\t\t\n\t\t\t\n\t\t<\/div>\n\t\t\n\t\t[vc_row_inner][vc_column_inner][vc_column_text woodmart_inline=&#8221;no&#8221; text_larger=&#8221;no&#8221;]<span style=\"font-weight: 400;\">Begeben Sie sich mit dem bei <a href=\"https:\/\/gerdetect.fr\/de\/\">GER Detect<\/a> erh\u00e4ltlichen Detektor UIG Gold Digger auf die Suche nach Gold und Edelmetallen. Dieses Ger\u00e4t verf\u00fcgt \u00fcber sieben fortschrittliche Suchsysteme und passt sich an alle Arten von Gel\u00e4nde an. So k\u00f6nnen Sie Gold, Silber, Bronze und viele andere vergrabene Sch\u00e4tze aufsp\u00fcren! Ob Sie nun Hobby- oder Profi-Schatzsucher sind, dank seiner innovativen Funktionen ist dieses Ger\u00e4t der ideale Begleiter f\u00fcr Ihre zuk\u00fcnftigen Expeditionen.   <\/span><\/p>\n<p><span style=\"font-weight: 400;\">Entdecken Sie an der Spitze des Marktes die Exzellenz des UIG Gold Digger Detector, des Golddetektors und Edelmetalldetektors, der Ihre Erkundungen revolutioniert. Letzterer sp\u00fcrt sowohl Rohgold als auch Edelmetalle und allerlei verborgene Sch\u00e4tze auf. Erh\u00e4ltlich auf Inventum Detector, pr\u00e4zise und vielseitig, ist es der perfekte Kandidat f\u00fcr die Durchf\u00fchrung Ihrer Expeditionen.  <\/span><\/p>\n<p><span style=\"font-weight: 400;\">Mit sieben integrierten Suchsystemen passt sich der UIG Gold Digger Detector an jede Situation an und erm\u00f6glicht eine schnelle und genaue Erkennung entsprechend Ihren Anforderungen. Tats\u00e4chlich erm\u00f6glicht die im Ger\u00e4t vorhandene Spitzentechnologie eine innovative Unterscheidung. Dar\u00fcber hinaus bietet dieser Detektor auch ein Metallfiltersystem (Edelmetall oder nicht), das Ihre Erkundungen maximiert und unerw\u00fcnschte Metalle ignoriert!  <\/span><\/p>\n<p><span style=\"font-weight: 400;\">Dar\u00fcber hinaus wurde das Erkennungsger\u00e4t so konzipiert, dass es Ihre Suche vereinfacht und maximiert, indem es die folgenden Funktionen integriert:<\/span><\/p>\n<ul>\n<li style=\"font-weight: 400;\" aria-level=\"1\"><span style=\"font-weight: 400;\">Ein 4,3-Zoll-HD-Touchscreen f\u00fcr bessere Lesbarkeit;<\/span><\/li>\n<li style=\"font-weight: 400;\" aria-level=\"1\"><span style=\"font-weight: 400;\">Eine intuitive Benutzeroberfl\u00e4che, die eine schnelle Handhabung sowie sofortige Ergebnisse vor Ort garantiert;<\/span><\/li>\n<li style=\"font-weight: 400;\" aria-level=\"1\"><span style=\"font-weight: 400;\">Eine langlebige Batterie, die bis zu 10 Stunden Autonomie bietet.<\/span><\/li>\n<\/ul>\n[\/vc_column_text][\/vc_column_inner][\/vc_row_inner][vc_single_image image=&#8221;4023&#8243; img_size=&#8221;large&#8221; alignment=&#8221;center&#8221; parallax_scroll=&#8221;no&#8221; woodmart_inline=&#8221;no&#8221;][\/vc_column][\/vc_row][vc_row][vc_column]\n\t\t<div id=\"wd-67978db15ab51\" class=\"title-wrapper wd-wpb set-mb-s reset-last-child  wd-rs-67978db15ab51 wd-title-color-default wd-title-style-bordered text-center  wd-underline-colored\">\n\t\t\t\n\t\t\t<div class=\"liner-continer\">\n\t\t\t\t<h2 class=\"woodmart-title-container title  wd-font-weight- wd-fontsize-l\" >UIG GOLD DIGGER DETECTOR: Pr\u00e4zise Erkennung unter allen Bedingungen<\/h2>\n\t\t\t\t\t\t\t<\/div>\n\t\t\t\n\t\t\t\n\t\t\t\n\t\t<\/div>\n\t\t\n\t\t[vc_single_image image=&#8221;4024&#8243; img_size=&#8221;large&#8221; alignment=&#8221;center&#8221; parallax_scroll=&#8221;no&#8221; woodmart_inline=&#8221;no&#8221;][vc_row_inner][vc_column_inner][vc_column_text woodmart_inline=&#8221;no&#8221; text_larger=&#8221;no&#8221;]Der UIG Gold Digger Detector verschiebt dank der Integration des automatischen VLF-Systems die Grenzen der Erkennung. Da es unempfindlich gegen\u00fcber Gel\u00e4nde- oder Klimaschwankungen ist, bleibt es auch in feuchten oder mineralisierten Umgebungen effizient. Dar\u00fcber hinaus sorgt die fortschrittliche Kalibrierungstechnologie seiner DD13-Spule f\u00fcr optimale Suchvorg\u00e4nge. Und das unabh\u00e4ngig von den Versandbedingungen. Gleichzeitig erh\u00f6ht die robuste und leistungsstarke Doppel-D-Spule Ihre Erfolgschancen bei Ihren Erkundungen. Tats\u00e4chlich begleitet Sie dieser Detektor perfekt bei jedem Abenteuer und genie\u00dft die v\u00f6llige Freiheit, Ihre Entdeckungen zu maximieren![\/vc_column_text][\/vc_column_inner][\/vc_row_inner][vc_single_image image=&#8221;4025&#8243; img_size=&#8221;medium&#8221; alignment=&#8221;center&#8221; parallax_scroll=&#8221;no&#8221; woodmart_inline=&#8221;no&#8221;][\/vc_column][\/vc_row][vc_row][vc_column]\n\t\t<div id=\"wd-6798f90b9ba27\" class=\"title-wrapper wd-wpb set-mb-s reset-last-child  wd-rs-6798f90b9ba27 wd-title-color-default wd-title-style-bordered text-center  wd-underline-colored\">\n\t\t\t\n\t\t\t<div class=\"liner-continer\">\n\t\t\t\t<h2 class=\"woodmart-title-container title  wd-font-weight- wd-fontsize-l\" >Der UIG Gold Digger Detector integriert 7 Suchmodi<\/h2>\n\t\t\t\t\t\t\t<\/div>\n\t\t\t\n\t\t\t\n\t\t\t\n\t\t<\/div>\n\t\t\n\t\t[vc_row_inner][vc_column_inner width=&#8221;1\/2&#8243;][vc_column_text woodmart_inline=&#8221;no&#8221; text_larger=&#8221;no&#8221;]<span style=\"font-weight: 400;\">Der UIG Gold Digger Detector zeichnet sich durch seine beispiellose Leistung und Vielseitigkeit dank seiner fortschrittlichen Forschungsfunktionen aus.<\/span><\/p>\n<ul>\n<li style=\"font-weight: 400;\" aria-level=\"1\"><span style=\"font-weight: 400;\">Allgemeine Suche: perfekt zum Erkennen von Objekten aller Gr\u00f6\u00dfen;<\/span><\/li>\n<li style=\"font-weight: 400;\" aria-level=\"1\"><span style=\"font-weight: 400;\">Kleine Ziele: Entwickelt f\u00fcr die genaue Lokalisierung von Gold-, Silber- und kleinen Metallteilen;<\/span><\/li>\n<li style=\"font-weight: 400;\" aria-level=\"1\"><span style=\"font-weight: 400;\">Hohe Tiefe: ideal f\u00fcr gro\u00dfe Objekte, die tief im Boden vergraben sind;<\/span><\/li>\n<li style=\"font-weight: 400;\" aria-level=\"1\"><span style=\"font-weight: 400;\">Mineralisierte B\u00f6den: garantiert eine hochpr\u00e4zise Erkennung in verrauschten und mineralreichen B\u00f6den;<\/span><\/li>\n<li style=\"font-weight: 400;\" aria-level=\"1\"><span style=\"font-weight: 400;\">Smart Scan: erm\u00f6glicht die pr\u00e4zise Erkennung kleiner Ziele in der Tiefe;<\/span><\/li>\n<li style=\"font-weight: 400;\" aria-level=\"1\"><span style=\"font-weight: 400;\">Benutzerdefinierte Suche: Passt die Sucheinstellungen an, um Sch\u00e4tze in jeder Tiefe zu finden; <\/span><\/li>\n<li style=\"font-weight: 400;\" aria-level=\"1\"><span style=\"font-weight: 400;\">Zielortung: Gew\u00e4hrleistet eine pr\u00e4zise Zielausrichtung in der Tiefe und erleichtert so den Aushub.<\/span><\/li>\n<\/ul>\n[\/vc_column_text][\/vc_column_inner][vc_column_inner width=&#8221;1\/2&#8243;][vc_single_image image=&#8221;4026&#8243; img_size=&#8221;large&#8221; parallax_scroll=&#8221;no&#8221; woodmart_inline=&#8221;no&#8221;][\/vc_column_inner][\/vc_row_inner][vc_row_inner][vc_column_inner][vc_single_image image=&#8221;4027&#8243; img_size=&#8221;large&#8221; parallax_scroll=&#8221;no&#8221; woodmart_inline=&#8221;no&#8221;][\/vc_column_inner][\/vc_row_inner][vc_row_inner][vc_column_inner][\/vc_column_inner][\/vc_row_inner][vc_row_inner][vc_column_inner][vc_single_image image=&#8221;4028&#8243; img_size=&#8221;large&#8221; parallax_scroll=&#8221;no&#8221; woodmart_inline=&#8221;no&#8221;][\/vc_column_inner][\/vc_row_inner][\/vc_column][\/vc_row][vc_row][vc_column]\n\t\t<div id=\"wd-679790fad9e91\" class=\"title-wrapper wd-wpb set-mb-s reset-last-child  wd-rs-679790fad9e91 wd-title-color-default wd-title-style-bordered text-center  wd-underline-colored\">\n\t\t\t\n\t\t\t<div class=\"liner-continer\">\n\t\t\t\t<h2 class=\"woodmart-title-container title  wd-font-weight- wd-fontsize-l\" >Prospection en profondeur<\/h2>\n\t\t\t\t\t\t\t<\/div>\n\t\t\t\n\t\t\t\n\t\t\t\n\t\t<\/div>\n\t\t\n\t\t[vc_row_inner][vc_column_inner][vc_column_text woodmart_inline=&#8221;no&#8221; text_larger=&#8221;no&#8221;]Ausgestattet mit einer A18-Suchspule bietet der UIG Gold Digger Detector optimale Leistung bis zu einer Tiefe von 4 Metern, unabh\u00e4ngig vom erforschten Gel\u00e4nde oder Klima. Der UIG Gold Digger Detector ist f\u00fcr Deutschland bestimmt, ist CE- und ISO 9001-zertifiziert und entspricht europ\u00e4ischen und internationalen Standards. Profitieren Sie von einem Ger\u00e4t, das wohl einfach zu bedienen ist. Auch in mehreren Sprachen verf\u00fcgbar ist: Franz\u00f6sisch, Englisch, Deutsch, Arabisch, Spanisch und Portugiesisch![\/vc_column_text][\/vc_column_inner][\/vc_row_inner][vc_single_image image=&#8221;4029&#8243; img_size=&#8221;large&#8221; parallax_scroll=&#8221;no&#8221; woodmart_inline=&#8221;no&#8221;][vc_single_image image=&#8221;4030&#8243; img_size=&#8221;large&#8221; parallax_scroll=&#8221;no&#8221; woodmart_inline=&#8221;no&#8221;][vc_single_image image=&#8221;4031&#8243; img_size=&#8221;large&#8221; parallax_scroll=&#8221;no&#8221; woodmart_inline=&#8221;no&#8221;][vc_row_inner][vc_column_inner width=&#8221;1\/2&#8243;][vc_column_text woodmart_inline=&#8221;no&#8221; text_larger=&#8221;no&#8221;]\n<p style=\"text-align: center;\"><strong>Europ\u00e4isches Konformit\u00e4tszertifikat<\/strong><\/p>\n[\/vc_column_text][vc_single_image image=&#8221;4032&#8243; img_size=&#8221;medium&#8221; parallax_scroll=&#8221;no&#8221; woodmart_inline=&#8221;no&#8221;][vc_single_image image=&#8221;4033&#8243; parallax_scroll=&#8221;no&#8221; woodmart_inline=&#8221;no&#8221;][\/vc_column_inner][vc_column_inner width=&#8221;1\/2&#8243;][vc_column_text woodmart_inline=&#8221;no&#8221; text_larger=&#8221;no&#8221;]\n<p style=\"text-align: center;\"><strong>ISO 9001:2015<\/strong><\/p>\n[\/vc_column_text][vc_single_image image=&#8221;4034&#8243; img_size=&#8221;medium&#8221; parallax_scroll=&#8221;no&#8221; woodmart_inline=&#8221;no&#8221;][vc_single_image image=&#8221;4035&#8243; parallax_scroll=&#8221;no&#8221; woodmart_inline=&#8221;no&#8221;][\/vc_column_inner][\/vc_row_inner][vc_single_image image=&#8221;4036&#8243; img_size=&#8221;large&#8221; parallax_scroll=&#8221;no&#8221; woodmart_inline=&#8221;no&#8221;][vc_single_image image=&#8221;4037&#8243; img_size=&#8221;large&#8221; parallax_scroll=&#8221;no&#8221; woodmart_inline=&#8221;no&#8221;][vc_single_image image=&#8221;4038&#8243; img_size=&#8221;large&#8221; parallax_scroll=&#8221;no&#8221; woodmart_inline=&#8221;no&#8221;][vc_row_inner][vc_column_inner width=&#8221;1\/3&#8243;][vc_single_image image=&#8221;4039&#8243; parallax_scroll=&#8221;no&#8221; woodmart_inline=&#8221;no&#8221;][vc_single_image image=&#8221;4040&#8243; parallax_scroll=&#8221;no&#8221; woodmart_inline=&#8221;no&#8221;][vc_single_image image=&#8221;4041&#8243; parallax_scroll=&#8221;no&#8221; woodmart_inline=&#8221;no&#8221;][\/vc_column_inner][vc_column_inner width=&#8221;1\/3&#8243;][vc_single_image image=&#8221;4042&#8243; parallax_scroll=&#8221;no&#8221; woodmart_inline=&#8221;no&#8221;][vc_single_image image=&#8221;4043&#8243; parallax_scroll=&#8221;no&#8221; woodmart_inline=&#8221;no&#8221;][vc_single_image image=&#8221;4044&#8243; parallax_scroll=&#8221;no&#8221; woodmart_inline=&#8221;no&#8221;][\/vc_column_inner][vc_column_inner width=&#8221;1\/3&#8243;][vc_single_image image=&#8221;4045&#8243; parallax_scroll=&#8221;no&#8221; woodmart_inline=&#8221;no&#8221;][vc_single_image image=&#8221;4046&#8243; parallax_scroll=&#8221;no&#8221; woodmart_inline=&#8221;no&#8221;][vc_single_image image=&#8221;4047&#8243; parallax_scroll=&#8221;no&#8221; woodmart_inline=&#8221;no&#8221;][\/vc_column_inner][\/vc_row_inner][\/vc_column][\/vc_row]\n<\/div>","protected":false},"excerpt":{"rendered":"<p>Begeben Sie sich mit dem UIG Gold Digger-Detektor auf die Eroberung von Gold und Edelmetallen. Dieses mit sieben fortschrittlichen Suchsystemen ausgestattete Ger\u00e4t beweist die F\u00e4higkeit, sich an alle Gel\u00e4ndearten anzupassen. Tats\u00e4chlich k\u00f6nnen Sie Gold, Silber, Bronze und viele andere vergrabene Sch\u00e4tze finden! Ganz gleich, ob Sie ein Amateur oder ein professioneller Prospektor sind, seine innovativen Funktionen machen es zum idealen Kandidaten f\u00fcr Ihre zuk\u00fcnftigen Expeditionen.<\/p>\n","protected":false},"featured_media":4048,"template":"","meta":{"_joinchat":[]},"product_brand":[],"product_cat":[127,130,128],"product_tag":[159,161,156],"class_list":{"0":"post-4065","1":"product","2":"type-product","3":"status-publish","4":"has-post-thumbnail","6":"product_cat-bodenradar","7":"product_cat-hohlraumdetektor","8":"product_cat-metalldetektor","9":"product_tag-hohlraumdetektor-2","10":"product_tag-metalldetektor","11":"product_tag-uig-detektor","13":"first","14":"instock","15":"sale","16":"taxable","17":"shipping-taxable","18":"purchasable","19":"product-type-simple"},"yoast_head":"<!-- This site is optimized with the Yoast SEO plugin v26.3 - https:\/\/yoast.com\/wordpress\/plugins\/seo\/ -->\n<title>UIG Gold Digger Detector: Es werden Gold und Edelmetall erzeugt<\/title>\n<meta name=\"description\" content=\"Entdecken Sie den UIG Gold Digger Detector, das ideale Ger\u00e4t, mit dem Sie Gold und Edelmetalle effizient aufsp\u00fcren k\u00f6nnen!\" \/>\n<meta name=\"robots\" content=\"index, follow, max-snippet:-1, max-image-preview:large, max-video-preview:-1\" \/>\n<link rel=\"canonical\" href=\"https:\/\/gerdetect.fr\/de\/Metalldetektorkatalog\/bodenradar\/uig-gold-digger-detector-2-systemes\/\" \/>\n<meta property=\"og:locale\" content=\"de_DE\" \/>\n<meta property=\"og:type\" content=\"article\" \/>\n<meta property=\"og:title\" content=\"UIG Gold Digger Detector: Es werden Gold und Edelmetall erzeugt\" \/>\n<meta property=\"og:description\" content=\"Entdecken Sie den UIG Gold Digger Detector, das ideale Ger\u00e4t, mit dem Sie Gold und Edelmetalle effizient aufsp\u00fcren k\u00f6nnen!\" \/>\n<meta property=\"og:url\" content=\"https:\/\/gerdetect.fr\/de\/Metalldetektorkatalog\/bodenradar\/uig-gold-digger-detector-2-systemes\/\" \/>\n<meta property=\"og:site_name\" content=\"GER DETECT FRANCE\" \/>\n<meta property=\"article:modified_time\" content=\"2026-02-12T12:49:34+00:00\" \/>\n<meta property=\"og:image\" content=\"https:\/\/gerdetect.fr\/wp-content\/uploads\/2025\/01\/UIG-Gold-Digger1.png\" \/>\n\t<meta property=\"og:image:width\" content=\"700\" \/>\n\t<meta property=\"og:image:height\" content=\"700\" \/>\n\t<meta property=\"og:image:type\" content=\"image\/png\" \/>\n<meta name=\"twitter:card\" content=\"summary_large_image\" \/>\n<meta name=\"twitter:label1\" content=\"Gesch\u00e4tzte Lesezeit\" \/>\n\t<meta name=\"twitter:data1\" content=\"7\u00a0Minuten\" \/>\n<script type=\"application\/ld+json\" class=\"yoast-schema-graph\">{\"@context\":\"https:\/\/schema.org\",\"@graph\":[{\"@type\":\"WebPage\",\"@id\":\"https:\/\/gerdetect.fr\/de\/Metalldetektorkatalog\/bodenradar\/uig-gold-digger-detector-2-systemes\/\",\"url\":\"https:\/\/gerdetect.fr\/de\/Metalldetektorkatalog\/bodenradar\/uig-gold-digger-detector-2-systemes\/\",\"name\":\"UIG Gold Digger Detector: Es werden Gold und Edelmetall erzeugt\",\"isPartOf\":{\"@id\":\"https:\/\/gerdetect.fr\/de\/#website\"},\"primaryImageOfPage\":{\"@id\":\"https:\/\/gerdetect.fr\/de\/Metalldetektorkatalog\/bodenradar\/uig-gold-digger-detector-2-systemes\/#primaryimage\"},\"image\":{\"@id\":\"https:\/\/gerdetect.fr\/de\/Metalldetektorkatalog\/bodenradar\/uig-gold-digger-detector-2-systemes\/#primaryimage\"},\"thumbnailUrl\":\"https:\/\/gerdetect.fr\/wp-content\/uploads\/2025\/01\/UIG-Gold-Digger1.png\",\"datePublished\":\"2025-01-27T13:25:13+00:00\",\"dateModified\":\"2026-02-12T12:49:34+00:00\",\"description\":\"Entdecken Sie den UIG Gold Digger Detector, das ideale Ger\u00e4t, mit dem Sie Gold und Edelmetalle effizient aufsp\u00fcren k\u00f6nnen!\",\"breadcrumb\":{\"@id\":\"https:\/\/gerdetect.fr\/de\/Metalldetektorkatalog\/bodenradar\/uig-gold-digger-detector-2-systemes\/#breadcrumb\"},\"inLanguage\":\"de\",\"potentialAction\":[{\"@type\":\"ReadAction\",\"target\":[\"https:\/\/gerdetect.fr\/de\/Metalldetektorkatalog\/bodenradar\/uig-gold-digger-detector-2-systemes\/\"]}]},{\"@type\":\"ImageObject\",\"inLanguage\":\"de\",\"@id\":\"https:\/\/gerdetect.fr\/de\/Metalldetektorkatalog\/bodenradar\/uig-gold-digger-detector-2-systemes\/#primaryimage\",\"url\":\"https:\/\/gerdetect.fr\/wp-content\/uploads\/2025\/01\/UIG-Gold-Digger1.png\",\"contentUrl\":\"https:\/\/gerdetect.fr\/wp-content\/uploads\/2025\/01\/UIG-Gold-Digger1.png\",\"width\":700,\"height\":700,\"caption\":\"UIG Gold Digger Detector\"},{\"@type\":\"BreadcrumbList\",\"@id\":\"https:\/\/gerdetect.fr\/de\/Metalldetektorkatalog\/bodenradar\/uig-gold-digger-detector-2-systemes\/#breadcrumb\",\"itemListElement\":[{\"@type\":\"ListItem\",\"position\":1,\"name\":\"Accueil\",\"item\":\"https:\/\/gerdetect.fr\/de\/\"},{\"@type\":\"ListItem\",\"position\":2,\"name\":\"Shop\",\"item\":\"https:\/\/gerdetect.fr\/de\/shop\/\"},{\"@type\":\"ListItem\",\"position\":3,\"name\":\"UIG GOLD DIGGER DETEKTOR \u2013 2 Systeme\"}]},{\"@type\":\"WebSite\",\"@id\":\"https:\/\/gerdetect.fr\/de\/#website\",\"url\":\"https:\/\/gerdetect.fr\/de\/\",\"name\":\"GER DETECT FRANCE\",\"description\":\"D\u00e9tecteur de m\u00e9taux, d&#039;or, diamants, d&#039;eau souterraine, radar de sol | Lille, Paris\",\"potentialAction\":[{\"@type\":\"SearchAction\",\"target\":{\"@type\":\"EntryPoint\",\"urlTemplate\":\"https:\/\/gerdetect.fr\/de\/?s={search_term_string}\"},\"query-input\":{\"@type\":\"PropertyValueSpecification\",\"valueRequired\":true,\"valueName\":\"search_term_string\"}}],\"inLanguage\":\"de\"}]}<\/script>\n<!-- \/ Yoast SEO plugin. -->","yoast_head_json":{"title":"UIG Gold Digger Detector: Es werden Gold und Edelmetall erzeugt","description":"Entdecken Sie den UIG Gold Digger Detector, das ideale Ger\u00e4t, mit dem Sie Gold und Edelmetalle effizient aufsp\u00fcren k\u00f6nnen!","robots":{"index":"index","follow":"follow","max-snippet":"max-snippet:-1","max-image-preview":"max-image-preview:large","max-video-preview":"max-video-preview:-1"},"canonical":"https:\/\/gerdetect.fr\/de\/Metalldetektorkatalog\/bodenradar\/uig-gold-digger-detector-2-systemes\/","og_locale":"de_DE","og_type":"article","og_title":"UIG Gold Digger Detector: Es werden Gold und Edelmetall erzeugt","og_description":"Entdecken Sie den UIG Gold Digger Detector, das ideale Ger\u00e4t, mit dem Sie Gold und Edelmetalle effizient aufsp\u00fcren k\u00f6nnen!","og_url":"https:\/\/gerdetect.fr\/de\/Metalldetektorkatalog\/bodenradar\/uig-gold-digger-detector-2-systemes\/","og_site_name":"GER DETECT FRANCE","article_modified_time":"2026-02-12T12:49:34+00:00","og_image":[{"width":700,"height":700,"url":"https:\/\/gerdetect.fr\/wp-content\/uploads\/2025\/01\/UIG-Gold-Digger1.png","type":"image\/png"}],"twitter_card":"summary_large_image","twitter_misc":{"Gesch\u00e4tzte Lesezeit":"7\u00a0Minuten"},"schema":{"@context":"https:\/\/schema.org","@graph":[{"@type":"WebPage","@id":"https:\/\/gerdetect.fr\/de\/Metalldetektorkatalog\/bodenradar\/uig-gold-digger-detector-2-systemes\/","url":"https:\/\/gerdetect.fr\/de\/Metalldetektorkatalog\/bodenradar\/uig-gold-digger-detector-2-systemes\/","name":"UIG Gold Digger Detector: Es werden Gold und Edelmetall erzeugt","isPartOf":{"@id":"https:\/\/gerdetect.fr\/de\/#website"},"primaryImageOfPage":{"@id":"https:\/\/gerdetect.fr\/de\/Metalldetektorkatalog\/bodenradar\/uig-gold-digger-detector-2-systemes\/#primaryimage"},"image":{"@id":"https:\/\/gerdetect.fr\/de\/Metalldetektorkatalog\/bodenradar\/uig-gold-digger-detector-2-systemes\/#primaryimage"},"thumbnailUrl":"https:\/\/gerdetect.fr\/wp-content\/uploads\/2025\/01\/UIG-Gold-Digger1.png","datePublished":"2025-01-27T13:25:13+00:00","dateModified":"2026-02-12T12:49:34+00:00","description":"Entdecken Sie den UIG Gold Digger Detector, das ideale Ger\u00e4t, mit dem Sie Gold und Edelmetalle effizient aufsp\u00fcren k\u00f6nnen!","breadcrumb":{"@id":"https:\/\/gerdetect.fr\/de\/Metalldetektorkatalog\/bodenradar\/uig-gold-digger-detector-2-systemes\/#breadcrumb"},"inLanguage":"de","potentialAction":[{"@type":"ReadAction","target":["https:\/\/gerdetect.fr\/de\/Metalldetektorkatalog\/bodenradar\/uig-gold-digger-detector-2-systemes\/"]}]},{"@type":"ImageObject","inLanguage":"de","@id":"https:\/\/gerdetect.fr\/de\/Metalldetektorkatalog\/bodenradar\/uig-gold-digger-detector-2-systemes\/#primaryimage","url":"https:\/\/gerdetect.fr\/wp-content\/uploads\/2025\/01\/UIG-Gold-Digger1.png","contentUrl":"https:\/\/gerdetect.fr\/wp-content\/uploads\/2025\/01\/UIG-Gold-Digger1.png","width":700,"height":700,"caption":"UIG Gold Digger Detector"},{"@type":"BreadcrumbList","@id":"https:\/\/gerdetect.fr\/de\/Metalldetektorkatalog\/bodenradar\/uig-gold-digger-detector-2-systemes\/#breadcrumb","itemListElement":[{"@type":"ListItem","position":1,"name":"Accueil","item":"https:\/\/gerdetect.fr\/de\/"},{"@type":"ListItem","position":2,"name":"Shop","item":"https:\/\/gerdetect.fr\/de\/shop\/"},{"@type":"ListItem","position":3,"name":"UIG GOLD DIGGER DETEKTOR \u2013 2 Systeme"}]},{"@type":"WebSite","@id":"https:\/\/gerdetect.fr\/de\/#website","url":"https:\/\/gerdetect.fr\/de\/","name":"GER DETECT FRANCE","description":"D\u00e9tecteur de m\u00e9taux, d&#039;or, diamants, d&#039;eau souterraine, radar de sol | Lille, Paris","potentialAction":[{"@type":"SearchAction","target":{"@type":"EntryPoint","urlTemplate":"https:\/\/gerdetect.fr\/de\/?s={search_term_string}"},"query-input":{"@type":"PropertyValueSpecification","valueRequired":true,"valueName":"search_term_string"}}],"inLanguage":"de"}]}},"_links":{"self":[{"href":"https:\/\/gerdetect.fr\/de\/wp-json\/wp\/v2\/product\/4065","targetHints":{"allow":["GET"]}}],"collection":[{"href":"https:\/\/gerdetect.fr\/de\/wp-json\/wp\/v2\/product"}],"about":[{"href":"https:\/\/gerdetect.fr\/de\/wp-json\/wp\/v2\/types\/product"}],"wp:featuredmedia":[{"embeddable":true,"href":"https:\/\/gerdetect.fr\/de\/wp-json\/wp\/v2\/media\/4048"}],"wp:attachment":[{"href":"https:\/\/gerdetect.fr\/de\/wp-json\/wp\/v2\/media?parent=4065"}],"wp:term":[{"taxonomy":"product_brand","embeddable":true,"href":"https:\/\/gerdetect.fr\/de\/wp-json\/wp\/v2\/product_brand?post=4065"},{"taxonomy":"product_cat","embeddable":true,"href":"https:\/\/gerdetect.fr\/de\/wp-json\/wp\/v2\/product_cat?post=4065"},{"taxonomy":"product_tag","embeddable":true,"href":"https:\/\/gerdetect.fr\/de\/wp-json\/wp\/v2\/product_tag?post=4065"}],"curies":[{"name":"wp","href":"https:\/\/api.w.org\/{rel}","templated":true}]}}