{"id":4082,"date":"2025-01-27T10:17:16","date_gmt":"2025-01-27T09:17:16","guid":{"rendered":"https:\/\/gerdetect.fr\/catalogue-detecteur-de-metaux\/unkategorisiert\/uig-watch-detector-2-systemes\/"},"modified":"2026-01-12T15:24:15","modified_gmt":"2026-01-12T14:24:15","slug":"uig-watch-detector-2-systemes","status":"publish","type":"product","link":"https:\/\/gerdetect.fr\/de\/Metalldetektorkatalog\/bodenradar\/uig-watch-detector-2-systemes\/","title":{"rendered":"UIG-UHRENDETEKTOR &#8211; 2 Systeme"},"content":{"rendered":"<div class=\"wpb-content-wrapper\">[vc_row][vc_column][vc_column_text]<span style=\"font-weight: 400;\">Entdecken Sie den UIG Watch Detector, das kompakteste 3D-Bildgebungsger\u00e4t auf dem Metalldetektormarkt. Mit einem Gewicht von weniger als 85 Gramm und integrierter Spitzentechnologie ist es tats\u00e4chlich darauf ausgelegt, die Grenzen der Untergrunderkennung zu erweitern. Dieses Ger\u00e4t erkennt sowohl Metalle als auch Hohlr\u00e4ume.  <\/span>[\/vc_column_text][\/vc_column][\/vc_row][vc_row content_placement=&#8221;top&#8221;][vc_column][vc_video link=&#8221;https:\/\/www.youtube.com\/watch?v=1Z2k0hh6UdU&#8221; align=&#8221;center&#8221; woodmart_css_id=&#8221;6797658b88134&#8243; image_poster_switch=&#8221;no&#8221;]\n\t\t<div id=\"wd-67975d2da1de6\" class=\"title-wrapper wd-wpb set-mb-s reset-last-child  wd-rs-67975d2da1de6 wd-title-color-default wd-title-style-bordered text-center  wd-underline-colored\">\n\t\t\t\n\t\t\t<div class=\"liner-continer\">\n\t\t\t\t<h2 class=\"woodmart-title-container title  wd-font-weight- wd-fontsize-l\" >Alles, was Sie \u00fcber den UIG WATCH DETECTOR wissen m\u00fcssen<\/h2>\n\t\t\t\t\t\t\t<\/div>\n\t\t\t\n\t\t\t\n\t\t\t\n\t\t<\/div>\n\t\t\n\t\t[vc_row_inner][vc_column_inner][vc_column_text woodmart_inline=&#8221;no&#8221; text_larger=&#8221;no&#8221;]Entdecken Sie den UIG Watch Detector, das kompakteste 3D-Bildgebungsger\u00e4t auf dem <a href=\"https:\/\/gerdetect.fr\/de\/types-de-detecteur\/metalldetektor\/\">Metalldetektormarkt<\/a>? Mit einem Gewicht von weniger als 85 Gramm und integrierter Spitzentechnologie ist es tats\u00e4chlich darauf ausgelegt, die Grenzen der Untergrunderkennung zu erweitern. Dieses Ger\u00e4t erkennt sowohl Metalle als auch <a href=\"https:\/\/gerdetect.fr\/de\/types-de-detecteur\/hohlraumdetektor\/\">Hohlr\u00e4ume<\/a>.<br \/>\nDer UIG Watch Detector kann bis zu einer Tiefe von 20 Metern suchen. Au\u00dferdem k\u00f6nnen Sie die Scan-Einstellungen nach Ihren Bed\u00fcrfnissen anpassen. Dieses innovative Ger\u00e4t von <a href=\"https:\/\/gerdetect.fr\/de\/\">GER Detect<\/a> ist leicht, unauff\u00e4llig und einfach zu transportieren und erh\u00f6ht Ihre Chancen, vergrabene Sch\u00e4tze zu entdecken. Ob Edelmetalle, antike Artefakte, H\u00f6hlen usw. \u2013 dem UIG Watch Detector entgeht nichts. All diese Vorteile machen den UIG Watch Detector zum besten Kandidaten, um den Erfolg Ihrer Erkundungen zu garantieren![\/vc_column_text][\/vc_column_inner][\/vc_row_inner][vc_single_image image=&#8221;4066&#8243; img_size=&#8221;large&#8221; alignment=&#8221;center&#8221; parallax_scroll=&#8221;no&#8221; woodmart_inline=&#8221;no&#8221;][\/vc_column][\/vc_row][vc_row][vc_column]\n\t\t<div id=\"wd-679761af4a3fe\" class=\"title-wrapper wd-wpb set-mb-s reset-last-child  wd-rs-679761af4a3fe wd-title-color-default wd-title-style-bordered text-center  wd-underline-colored\">\n\t\t\t\n\t\t\t<div class=\"liner-continer\">\n\t\t\t\t<h2 class=\"woodmart-title-container title  wd-font-weight- wd-fontsize-l\" >UIG WATCH DETECTOR: technische Spezifikationen<\/h2>\n\t\t\t\t\t\t\t<\/div>\n\t\t\t\n\t\t\t\n\t\t\t\n\t\t<\/div>\n\t\t\n\t\t[vc_row_inner][vc_column_inner][vc_column_text woodmart_inline=&#8221;no&#8221; text_larger=&#8221;no&#8221;]<span style=\"font-weight: 400;\">Der UIG-Uhrendetektor, das Ergebnis deutschen Einfallsreichtums, wurde entwickelt, um Ihre unterirdischen Erkundungen zu revolutionieren. Tats\u00e4chlich vereint dieses kompakte und diskrete Ger\u00e4t von Inventum Detector dank seines Nanotechnologiepatents sowohl Innovation als auch Komfort. Dar\u00fcber hinaus k\u00f6nnen Sie mit den drei fortschrittlichen Erkennungssystemen eine Vielzahl vergrabener Sch\u00e4tze pr\u00e4zise lokalisieren.  <\/span>[\/vc_column_text][\/vc_column_inner][\/vc_row_inner][vc_single_image image=&#8221;4067&#8243; img_size=&#8221;large&#8221; alignment=&#8221;center&#8221; parallax_scroll=&#8221;no&#8221; woodmart_inline=&#8221;no&#8221;][vc_row_inner][vc_column_inner][vc_column_text woodmart_inline=&#8221;no&#8221; text_larger=&#8221;no&#8221;]<span style=\"font-weight: 400;\">Dieses technologische Wunderwerk bietet Echtzeitanalysen mit au\u00dfergew\u00f6hnlicher Pr\u00e4zision. Dieses Werkzeug ist besonders ideal f\u00fcr die Erkundung von Mauern oder historischen St\u00e4tten. Tats\u00e4chlich erreicht er terrestrische Tiefen von bis zu 20 Metern. Dar\u00fcber hinaus sind die Erkennungsparameter einfach anpassbar. W\u00e4hlen Sie einfach den entsprechenden Parameter, Meter oder Zentimeter, um Ihre Entdeckungen pr\u00e4zise zu planen. Trotz seines geringen Gewichts von weniger als 85 Gramm verf\u00fcgt der UIG Watch Detector \u00fcber eine Akkulaufzeit von mehr als 12 Stunden. Verwandeln Sie Ihre Suche in ein reibungsloses und effizientes Erlebnis und machen Sie sich auf die Suche nach verborgenen Sch\u00e4tzen.      <\/span>[\/vc_column_text][\/vc_column_inner][\/vc_row_inner][\/vc_column][\/vc_row][vc_row][vc_column]\n\t\t<div id=\"wd-6797627732bfa\" class=\"title-wrapper wd-wpb set-mb-s reset-last-child  wd-rs-6797627732bfa wd-title-color-default wd-title-style-bordered text-center  wd-underline-colored\">\n\t\t\t\n\t\t\t<div class=\"liner-continer\">\n\t\t\t\t<h2 class=\"woodmart-title-container title  wd-font-weight- wd-fontsize-l\" >3 integrierte Scan- und Bildgebungssysteme<\/h2>\n\t\t\t\t\t\t\t<\/div>\n\t\t\t\n\t\t\t\n\t\t\t\n\t\t<\/div>\n\t\t\n\t\t[vc_column_text woodmart_inline=&#8221;no&#8221; text_larger=&#8221;no&#8221;]<span style=\"font-weight: 400;\">Der UIG Watch Detector kombiniert drei leistungsstarke Scan- und Bildsysteme, n\u00e4mlich:<\/span><\/p>\n<ul>\n<li style=\"font-weight: 400;\" aria-level=\"1\">Live-Scanning: Erkennen Sie sofort die Form vergrabener Ziele oder Hohlr\u00e4ume durch schnelles und pr\u00e4zises Scannen.<\/li>\n<li style=\"font-weight: 400;\" aria-level=\"1\">Live-Wall-Scanning: Speziell f\u00fcr die Erkundung hinter W\u00e4nden entwickelt, erm\u00f6glicht es schnelles und m\u00fcheloses Scannen;<\/li>\n<li style=\"font-weight: 400;\" aria-level=\"1\">3D-Bildgebung: Profitieren Sie von dreidimensionalen Visualisierungen dank fortschrittlicher technischer Spezifikationen.<\/li>\n<\/ul>\n<p><span style=\"font-weight: 400;\">Gr\u00e2ce \u00e0 ces syst\u00e8mes de num\u00e9risation et d\u2019imagerie ultra-performants, l\u2019appareil capture les diff\u00e9rentes strates du sol, fournissant des r\u00e9sultats dans toutes les directions. Que vous recherchiez des m\u00e9taux pr\u00e9cieux, des salles souterraines, des grottes ou des tr\u00e9sors cach\u00e9s, l\u2019UIG Watch Detector vous assure une localisation pr\u00e9cise. <\/span>[\/vc_column_text][vc_single_image image=&#8221;4068&#8243; img_size=&#8221;full&#8221; alignment=&#8221;center&#8221; parallax_scroll=&#8221;no&#8221; woodmart_inline=&#8221;no&#8221;][\/vc_column][\/vc_row][vc_row][vc_column]\n\t\t<div id=\"wd-679764d1b42ff\" class=\"title-wrapper wd-wpb set-mb-s reset-last-child  wd-rs-679764d1b42ff wd-title-color-default wd-title-style-bordered text-center  wd-underline-colored\">\n\t\t\t\n\t\t\t<div class=\"liner-continer\">\n\t\t\t\t<h2 class=\"woodmart-title-container title  wd-font-weight- wd-fontsize-l\" >Hohe Empfindlichkeit<\/h2>\n\t\t\t\t\t\t\t<\/div>\n\t\t\t\n\t\t\t\n\t\t\t\n\t\t<\/div>\n\t\t\n\t\t[vc_row_inner][vc_column_inner][vc_column_text woodmart_inline=&#8221;no&#8221; text_larger=&#8221;no&#8221;]<span style=\"font-weight: 400;\">Der in Deutschland entwickelte UIG Watch Detector vereint Diskretion und Leistung. Trotz seiner geringen Gr\u00f6\u00dfe weist es eine bemerkenswerte Empfindlichkeit auf und ist in der Lage, eine Vielzahl von Zielen genau zu erkennen. Und das bis zu 20 Meter tief. Dar\u00fcber hinaus erm\u00f6glicht die fortschrittliche Technologie eine effektive Unterscheidung der erkannten Elemente f\u00fcr zuverl\u00e4ssige Ergebnisse bei jeder Erkundung.   <\/span>[\/vc_column_text][\/vc_column_inner][\/vc_row_inner][\/vc_column][\/vc_row][vc_row][vc_column]\n\t\t<div id=\"wd-69dba4aab55dd\" class=\"title-wrapper wd-wpb set-mb-s reset-last-child  wd-title-color-default wd-title-style-bordered text-center  wd-underline-colored\">\n\t\t\t\n\t\t\t<div class=\"liner-continer\">\n\t\t\t\t<h2 class=\"woodmart-title-container title  wd-font-weight- wd-fontsize-l\" >Technische Spezifikationen des Detektors<\/h2>\n\t\t\t\t\t\t\t<\/div>\n\t\t\t\n\t\t\t\n\t\t\t\n\t\t<\/div>\n\t\t\n\t\t[vc_column_text woodmart_inline=&#8221;no&#8221; text_larger=&#8221;no&#8221;]Das Ger\u00e4t ist sehr leicht und l\u00e4sst sich sehr gut transportieren.[\/vc_column_text][vc_single_image image=&#8221;4069&#8243; img_size=&#8221;full&#8221; parallax_scroll=&#8221;no&#8221; woodmart_inline=&#8221;no&#8221;][vc_column_text woodmart_inline=&#8221;no&#8221; text_larger=&#8221;no&#8221;]<span style=\"font-weight: 400;\">Der UIG Watch Detector ist CE-zertifiziert und entspricht internationalen Standards. Er garantiert einwandfreie Zuverl\u00e4ssigkeit. <\/span><\/p>\n<p><span style=\"font-weight: 400;\">Seine mehrsprachige Benutzeroberfl\u00e4che, verf\u00fcgbar in Deutsch, Englisch, Franz\u00f6sisch, Spanisch, Arabisch, Portugiesisch und Persisch, macht das Tool f\u00fcr jedermann zug\u00e4nglich. <\/span><\/p>\n<p><span style=\"font-weight: 400;\">G\u00f6nnen Sie sich also ein Erkundungserlebnis, das einfach, pr\u00e4zise und diskret ist!<\/span>[\/vc_column_text][vc_single_image image=&#8221;4070&#8243; img_size=&#8221;full&#8221; parallax_scroll=&#8221;no&#8221; woodmart_inline=&#8221;no&#8221;][vc_row_inner][vc_column_inner width=&#8221;1\/2&#8243;][vc_single_image image=&#8221;4071&#8243; img_size=&#8221;full&#8221; parallax_scroll=&#8221;no&#8221; woodmart_inline=&#8221;no&#8221;][\/vc_column_inner][vc_column_inner width=&#8221;1\/2&#8243;][vc_single_image image=&#8221;4072&#8243; img_size=&#8221;full&#8221; parallax_scroll=&#8221;no&#8221; woodmart_inline=&#8221;no&#8221;][\/vc_column_inner][\/vc_row_inner][\/vc_column][\/vc_row]\n<\/div>","protected":false},"excerpt":{"rendered":"<p><span style=\"font-weight: 400;\">Der UIG WATCH DETECTOR ist das kompakteste 3D-Bildgebungsger\u00e4t auf dem Markt f\u00fcr Metall- und Hohlraumdetektoren. Mit einem Gewicht von weniger als 85 Gramm und integrierter Spitzentechnologie ist es darauf ausgelegt, die Grenzen der Untergrunderkennung zu erweitern.  <\/span><\/p>\n","protected":false},"featured_media":4073,"template":"","meta":{"_joinchat":[]},"product_brand":[],"product_cat":[127,130,128],"product_tag":[159,161],"class_list":{"0":"post-4082","1":"product","2":"type-product","3":"status-publish","4":"has-post-thumbnail","6":"product_cat-bodenradar","7":"product_cat-hohlraumdetektor","8":"product_cat-metalldetektor","9":"product_tag-hohlraumdetektor-2","10":"product_tag-metalldetektor","12":"first","13":"instock","14":"sale","15":"taxable","16":"shipping-taxable","17":"purchasable","18":"product-type-simple"},"yoast_head":"<!-- This site is optimized with the Yoast SEO plugin v26.3 - https:\/\/yoast.com\/wordpress\/plugins\/seo\/ -->\n<title>UIG Watch Detector: Verborgene Hohlr\u00e4ume und Metalle entdecken<\/title>\n<meta name=\"description\" content=\"Entdecken Sie den UIG Watch Detector, das ideale und praktische Ger\u00e4t zur zuverl\u00e4ssigen und effizienten Erkennung von Metallen und Hohlr\u00e4umen!\" \/>\n<meta name=\"robots\" content=\"index, follow, max-snippet:-1, max-image-preview:large, max-video-preview:-1\" \/>\n<link rel=\"canonical\" href=\"https:\/\/gerdetect.fr\/de\/Metalldetektorkatalog\/bodenradar\/uig-watch-detector-2-systemes\/\" \/>\n<meta property=\"og:locale\" content=\"de_DE\" \/>\n<meta property=\"og:type\" content=\"article\" \/>\n<meta property=\"og:title\" content=\"UIG Watch Detector: Verborgene Hohlr\u00e4ume und Metalle entdecken\" \/>\n<meta property=\"og:description\" content=\"Entdecken Sie den UIG Watch Detector, das ideale und praktische Ger\u00e4t zur zuverl\u00e4ssigen und effizienten Erkennung von Metallen und Hohlr\u00e4umen!\" \/>\n<meta property=\"og:url\" content=\"https:\/\/gerdetect.fr\/de\/Metalldetektorkatalog\/bodenradar\/uig-watch-detector-2-systemes\/\" \/>\n<meta property=\"og:site_name\" content=\"GER DETECT FRANCE\" \/>\n<meta property=\"article:modified_time\" content=\"2026-01-12T14:24:15+00:00\" \/>\n<meta property=\"og:image\" content=\"https:\/\/gerdetect.fr\/wp-content\/uploads\/2025\/01\/UIGWatchDetector2.webp\" \/>\n\t<meta property=\"og:image:width\" content=\"700\" \/>\n\t<meta property=\"og:image:height\" content=\"700\" \/>\n\t<meta property=\"og:image:type\" content=\"image\/webp\" \/>\n<meta name=\"twitter:card\" content=\"summary_large_image\" \/>\n<meta name=\"twitter:label1\" content=\"Gesch\u00e4tzte Lesezeit\" \/>\n\t<meta name=\"twitter:data1\" content=\"5\u00a0Minuten\" \/>\n<script type=\"application\/ld+json\" class=\"yoast-schema-graph\">{\"@context\":\"https:\/\/schema.org\",\"@graph\":[{\"@type\":\"WebPage\",\"@id\":\"https:\/\/gerdetect.fr\/de\/Metalldetektorkatalog\/bodenradar\/uig-watch-detector-2-systemes\/\",\"url\":\"https:\/\/gerdetect.fr\/de\/Metalldetektorkatalog\/bodenradar\/uig-watch-detector-2-systemes\/\",\"name\":\"UIG Watch Detector: Verborgene Hohlr\u00e4ume und Metalle entdecken\",\"isPartOf\":{\"@id\":\"https:\/\/gerdetect.fr\/de\/#website\"},\"primaryImageOfPage\":{\"@id\":\"https:\/\/gerdetect.fr\/de\/Metalldetektorkatalog\/bodenradar\/uig-watch-detector-2-systemes\/#primaryimage\"},\"image\":{\"@id\":\"https:\/\/gerdetect.fr\/de\/Metalldetektorkatalog\/bodenradar\/uig-watch-detector-2-systemes\/#primaryimage\"},\"thumbnailUrl\":\"https:\/\/gerdetect.fr\/wp-content\/uploads\/2025\/01\/UIGWatchDetector2.webp\",\"datePublished\":\"2025-01-27T09:17:16+00:00\",\"dateModified\":\"2026-01-12T14:24:15+00:00\",\"description\":\"Entdecken Sie den UIG Watch Detector, das ideale und praktische Ger\u00e4t zur zuverl\u00e4ssigen und effizienten Erkennung von Metallen und Hohlr\u00e4umen!\",\"breadcrumb\":{\"@id\":\"https:\/\/gerdetect.fr\/de\/Metalldetektorkatalog\/bodenradar\/uig-watch-detector-2-systemes\/#breadcrumb\"},\"inLanguage\":\"de\",\"potentialAction\":[{\"@type\":\"ReadAction\",\"target\":[\"https:\/\/gerdetect.fr\/de\/Metalldetektorkatalog\/bodenradar\/uig-watch-detector-2-systemes\/\"]}]},{\"@type\":\"ImageObject\",\"inLanguage\":\"de\",\"@id\":\"https:\/\/gerdetect.fr\/de\/Metalldetektorkatalog\/bodenradar\/uig-watch-detector-2-systemes\/#primaryimage\",\"url\":\"https:\/\/gerdetect.fr\/wp-content\/uploads\/2025\/01\/UIGWatchDetector2.webp\",\"contentUrl\":\"https:\/\/gerdetect.fr\/wp-content\/uploads\/2025\/01\/UIGWatchDetector2.webp\",\"width\":700,\"height\":700,\"caption\":\"UIG Watch Detector\"},{\"@type\":\"BreadcrumbList\",\"@id\":\"https:\/\/gerdetect.fr\/de\/Metalldetektorkatalog\/bodenradar\/uig-watch-detector-2-systemes\/#breadcrumb\",\"itemListElement\":[{\"@type\":\"ListItem\",\"position\":1,\"name\":\"Accueil\",\"item\":\"https:\/\/gerdetect.fr\/de\/\"},{\"@type\":\"ListItem\",\"position\":2,\"name\":\"Shop\",\"item\":\"https:\/\/gerdetect.fr\/de\/shop\/\"},{\"@type\":\"ListItem\",\"position\":3,\"name\":\"UIG-UHRENDETEKTOR &#8211; 2 Systeme\"}]},{\"@type\":\"WebSite\",\"@id\":\"https:\/\/gerdetect.fr\/de\/#website\",\"url\":\"https:\/\/gerdetect.fr\/de\/\",\"name\":\"GER DETECT FRANCE\",\"description\":\"D\u00e9tecteur de m\u00e9taux, d&#039;or, diamants, d&#039;eau souterraine, radar de sol | Lille, Paris\",\"potentialAction\":[{\"@type\":\"SearchAction\",\"target\":{\"@type\":\"EntryPoint\",\"urlTemplate\":\"https:\/\/gerdetect.fr\/de\/?s={search_term_string}\"},\"query-input\":{\"@type\":\"PropertyValueSpecification\",\"valueRequired\":true,\"valueName\":\"search_term_string\"}}],\"inLanguage\":\"de\"}]}<\/script>\n<!-- \/ Yoast SEO plugin. -->","yoast_head_json":{"title":"UIG Watch Detector: Verborgene Hohlr\u00e4ume und Metalle entdecken","description":"Entdecken Sie den UIG Watch Detector, das ideale und praktische Ger\u00e4t zur zuverl\u00e4ssigen und effizienten Erkennung von Metallen und Hohlr\u00e4umen!","robots":{"index":"index","follow":"follow","max-snippet":"max-snippet:-1","max-image-preview":"max-image-preview:large","max-video-preview":"max-video-preview:-1"},"canonical":"https:\/\/gerdetect.fr\/de\/Metalldetektorkatalog\/bodenradar\/uig-watch-detector-2-systemes\/","og_locale":"de_DE","og_type":"article","og_title":"UIG Watch Detector: Verborgene Hohlr\u00e4ume und Metalle entdecken","og_description":"Entdecken Sie den UIG Watch Detector, das ideale und praktische Ger\u00e4t zur zuverl\u00e4ssigen und effizienten Erkennung von Metallen und Hohlr\u00e4umen!","og_url":"https:\/\/gerdetect.fr\/de\/Metalldetektorkatalog\/bodenradar\/uig-watch-detector-2-systemes\/","og_site_name":"GER DETECT FRANCE","article_modified_time":"2026-01-12T14:24:15+00:00","og_image":[{"width":700,"height":700,"url":"https:\/\/gerdetect.fr\/wp-content\/uploads\/2025\/01\/UIGWatchDetector2.webp","type":"image\/webp"}],"twitter_card":"summary_large_image","twitter_misc":{"Gesch\u00e4tzte Lesezeit":"5\u00a0Minuten"},"schema":{"@context":"https:\/\/schema.org","@graph":[{"@type":"WebPage","@id":"https:\/\/gerdetect.fr\/de\/Metalldetektorkatalog\/bodenradar\/uig-watch-detector-2-systemes\/","url":"https:\/\/gerdetect.fr\/de\/Metalldetektorkatalog\/bodenradar\/uig-watch-detector-2-systemes\/","name":"UIG Watch Detector: Verborgene Hohlr\u00e4ume und Metalle entdecken","isPartOf":{"@id":"https:\/\/gerdetect.fr\/de\/#website"},"primaryImageOfPage":{"@id":"https:\/\/gerdetect.fr\/de\/Metalldetektorkatalog\/bodenradar\/uig-watch-detector-2-systemes\/#primaryimage"},"image":{"@id":"https:\/\/gerdetect.fr\/de\/Metalldetektorkatalog\/bodenradar\/uig-watch-detector-2-systemes\/#primaryimage"},"thumbnailUrl":"https:\/\/gerdetect.fr\/wp-content\/uploads\/2025\/01\/UIGWatchDetector2.webp","datePublished":"2025-01-27T09:17:16+00:00","dateModified":"2026-01-12T14:24:15+00:00","description":"Entdecken Sie den UIG Watch Detector, das ideale und praktische Ger\u00e4t zur zuverl\u00e4ssigen und effizienten Erkennung von Metallen und Hohlr\u00e4umen!","breadcrumb":{"@id":"https:\/\/gerdetect.fr\/de\/Metalldetektorkatalog\/bodenradar\/uig-watch-detector-2-systemes\/#breadcrumb"},"inLanguage":"de","potentialAction":[{"@type":"ReadAction","target":["https:\/\/gerdetect.fr\/de\/Metalldetektorkatalog\/bodenradar\/uig-watch-detector-2-systemes\/"]}]},{"@type":"ImageObject","inLanguage":"de","@id":"https:\/\/gerdetect.fr\/de\/Metalldetektorkatalog\/bodenradar\/uig-watch-detector-2-systemes\/#primaryimage","url":"https:\/\/gerdetect.fr\/wp-content\/uploads\/2025\/01\/UIGWatchDetector2.webp","contentUrl":"https:\/\/gerdetect.fr\/wp-content\/uploads\/2025\/01\/UIGWatchDetector2.webp","width":700,"height":700,"caption":"UIG Watch Detector"},{"@type":"BreadcrumbList","@id":"https:\/\/gerdetect.fr\/de\/Metalldetektorkatalog\/bodenradar\/uig-watch-detector-2-systemes\/#breadcrumb","itemListElement":[{"@type":"ListItem","position":1,"name":"Accueil","item":"https:\/\/gerdetect.fr\/de\/"},{"@type":"ListItem","position":2,"name":"Shop","item":"https:\/\/gerdetect.fr\/de\/shop\/"},{"@type":"ListItem","position":3,"name":"UIG-UHRENDETEKTOR &#8211; 2 Systeme"}]},{"@type":"WebSite","@id":"https:\/\/gerdetect.fr\/de\/#website","url":"https:\/\/gerdetect.fr\/de\/","name":"GER DETECT FRANCE","description":"D\u00e9tecteur de m\u00e9taux, d&#039;or, diamants, d&#039;eau souterraine, radar de sol | Lille, Paris","potentialAction":[{"@type":"SearchAction","target":{"@type":"EntryPoint","urlTemplate":"https:\/\/gerdetect.fr\/de\/?s={search_term_string}"},"query-input":{"@type":"PropertyValueSpecification","valueRequired":true,"valueName":"search_term_string"}}],"inLanguage":"de"}]}},"_links":{"self":[{"href":"https:\/\/gerdetect.fr\/de\/wp-json\/wp\/v2\/product\/4082","targetHints":{"allow":["GET"]}}],"collection":[{"href":"https:\/\/gerdetect.fr\/de\/wp-json\/wp\/v2\/product"}],"about":[{"href":"https:\/\/gerdetect.fr\/de\/wp-json\/wp\/v2\/types\/product"}],"wp:featuredmedia":[{"embeddable":true,"href":"https:\/\/gerdetect.fr\/de\/wp-json\/wp\/v2\/media\/4073"}],"wp:attachment":[{"href":"https:\/\/gerdetect.fr\/de\/wp-json\/wp\/v2\/media?parent=4082"}],"wp:term":[{"taxonomy":"product_brand","embeddable":true,"href":"https:\/\/gerdetect.fr\/de\/wp-json\/wp\/v2\/product_brand?post=4082"},{"taxonomy":"product_cat","embeddable":true,"href":"https:\/\/gerdetect.fr\/de\/wp-json\/wp\/v2\/product_cat?post=4082"},{"taxonomy":"product_tag","embeddable":true,"href":"https:\/\/gerdetect.fr\/de\/wp-json\/wp\/v2\/product_tag?post=4082"}],"curies":[{"name":"wp","href":"https:\/\/api.w.org\/{rel}","templated":true}]}}