{"id":4104,"date":"2023-06-23T12:08:41","date_gmt":"2023-06-23T10:08:41","guid":{"rendered":"https:\/\/gerdetect.fr\/catalogue-detecteur-de-metaux\/unkategorisiert\/diamond-hunter-smart-2-systemes\/"},"modified":"2026-02-12T13:51:12","modified_gmt":"2026-02-12T12:51:12","slug":"diamond-hunter-smart-2-systemes","status":"publish","type":"product","link":"https:\/\/gerdetect.fr\/de\/Metalldetektorkatalog\/diamantdetektor\/diamond-hunter-smart-2-systemes\/","title":{"rendered":"Diamond Hunter Smart \u2013 2 Systeme"},"content":{"rendered":"<div class=\"wpb-content-wrapper\">[vc_row content_placement=&#8221;top&#8221;][vc_column]\n\t\t<div id=\"wd-69db925c49a3f\" class=\"title-wrapper wd-wpb set-mb-s reset-last-child  wd-title-color-default wd-title-style-bordered text-center  wd-underline-colored\">\n\t\t\t\n\t\t\t<div class=\"liner-continer\">\n\t\t\t\t<h2 class=\"woodmart-title-container title  wd-font-weight- wd-fontsize-l\" >Diamond Hunter Smart Demo-Video<\/h2>\n\t\t\t\t\t\t\t<\/div>\n\t\t\t\n\t\t\t\n\t\t\t\n\t\t<\/div>\n\t\t\n\t\t[vc_video link=&#8221;https:\/\/www.youtube.com\/watch?v=yuOUBQO6t6A&#8221; align=&#8221;center&#8221;][vc_column_text]Mit diesem ausf\u00fchrlichen Erkl\u00e4rvideo k\u00f6nnen Sie sich die Funktionsweise des Diamond Hunter Smart aus der N\u00e4he ansehen. Tauchen Sie ein in die ausgekl\u00fcgelten Mechanismen dieses Diamantdetektors und entdecken Sie seine erweiterten Funktionen. Tats\u00e4chlich gibt Ihnen dieses Video einen vollst\u00e4ndigen \u00dcberblick \u00fcber die Verwendung dieses Erkennungsger\u00e4ts.[\/vc_column_text][vc_row_inner][vc_column_inner]\n\t\t<div id=\"wd-69db925c49ac0\" class=\"title-wrapper wd-wpb set-mb-s reset-last-child  wd-title-color-default wd-title-style-bordered text-center  wd-underline-colored\">\n\t\t\t\n\t\t\t<div class=\"liner-continer\">\n\t\t\t\t<h2 class=\"woodmart-title-container title  wd-font-weight- wd-fontsize-l\" >Wichtige Informationen zum Diamond Hunter Smart<\/h2>\n\t\t\t\t\t\t\t<\/div>\n\t\t\t\n\t\t\t\n\t\t\t\n\t\t<\/div>\n\t\t\n\t\t[vc_single_image image=&#8221;4085&#8243; img_size=&#8221;large&#8221; alignment=&#8221;center&#8221;][vc_column_text]Der revolution\u00e4re Diamond Hunter Smart-Detektor bietet eine fortschrittliche Erkennung von Diamanten und Edelsteinen \u00fcber gro\u00dfe Entfernungen. Mit seinem innovativen Design ist er der erste <a href=\"https:\/\/gerdetect.fr\/de\/Detektortypen\/diamantdetektor\/\">Diamantdetektor<\/a> seiner Art weltweit. Ausgestattet mit der Diamond Hunter Smart-Technologie, mehreren Erkennungsmodi, aber auch fortschrittlichen technischen Funktionen.  <\/p>\n<p>Dadurch ist es m\u00f6glich, den Standort von Diamanten und Edelsteinen genau zu lokalisieren. Seine hohe Empfindlichkeit erm\u00f6glicht auch die Ortung \u00fcber gro\u00dfe Entfernungen und erleichtert die Bestimmung der Tiefe. Der von<a href=\"https:\/\/gerdetect.fr\/de\/\"> GER Detect<\/a> angebotene Diamond Hunter Smart garantiert eine schnelle und pr\u00e4zise Entdeckung von Diamanten und Edelsteinen. Seine Suchtiefe kann bis zu 50 Meter unter der Erde reichen, mit einer Vorw\u00e4rtsreichweite von bis zu 3000 Metern.[\/vc_column_text][\/vc_column_inner][\/vc_row_inner][\/vc_column][\/vc_row][vc_row][vc_column]\n\t\t<div id=\"wd-69db925c49b1e\" class=\"title-wrapper wd-wpb set-mb-s reset-last-child  wd-title-color-default wd-title-style-bordered text-center  wd-underline-colored\">\n\t\t\t\n\t\t\t<div class=\"liner-continer\">\n\t\t\t\t<h2 class=\"woodmart-title-container title  wd-font-weight- wd-fontsize-l\" >2 innovative Detektorsysteme<\/h2>\n\t\t\t\t\t\t\t<\/div>\n\t\t\t\n\t\t\t\n\t\t\t\n\t\t<\/div>\n\t\t\n\t\t[vc_row_inner][vc_column_inner width=&#8221;1\/2&#8243;][vc_single_image image=&#8221;4086&#8243; img_size=&#8221;large&#8221; alignment=&#8221;center&#8221;][\/vc_column_inner][vc_column_inner width=&#8221;1\/2&#8243;][vc_column_text css=&#8221;.vc_custom_1687516141275{margin-top: 50px !important;}&#8221;]Der Diamond Hunter Smart zeichnet sich durch seine au\u00dfergew\u00f6hnliche Vielseitigkeit und fortschrittlichen Erkennungsf\u00e4higkeiten aus. Entdecken Sie die drei verschiedenen Suchmodi dieses Suchger\u00e4ts: <\/p>\n<ol>\n<li>1. Modus: Wird zur Erkennung eingedrungener Edelsteine \u200b\u200bverwendet und erm\u00f6glicht die Erkennung von Saphir, Smaragd, Quarz, Topas, Achat, Amethyst, Lapislazuli, Aquamarin, Turmalin, Tansanit, Ferro, Columbit, Alexandrit, Katzenauge, Rubin, Opal, Jaspis und Blaugr\u00fcn.<\/li>\n<li>2. Modus: Pr\u00e4zise und gute Erkennung vergrabener Diamanten.<\/li>\n<li>3. Modus: Analyse der Ergebnisse und pr\u00e4zise Bestimmung der Tiefe, mit hoher Pr\u00e4zision gemessen in Metern oder Zentimetern.<\/li>\n<\/ol>\n<p>Mit dem Diamond Hunter Smart lassen sich Funde in unterschiedlichem Gel\u00e4nde, aber auch bei schwierigen Wetterbedingungen durchf\u00fchren. Dar\u00fcber hinaus ist es in der Lage, tief in Erdschichten einzudringen. Dies macht ihn zu einem leistungsstarken Ger\u00e4t, das viele andere Ger\u00e4te im Bereich der Edelstein- und Diamantdetektoren \u00fcbertrifft.[\/vc_column_text][\/vc_column_inner][\/vc_row_inner][\/vc_column][\/vc_row][vc_row][vc_column]\n\t\t<div id=\"wd-69db925c49b60\" class=\"title-wrapper wd-wpb set-mb-s reset-last-child  wd-title-color-default wd-title-style-bordered text-center  wd-underline-colored\">\n\t\t\t\n\t\t\t<div class=\"liner-continer\">\n\t\t\t\t<h2 class=\"woodmart-title-container title  wd-font-weight- wd-fontsize-l\" >Umfassende Liste der technischen Spezifikationen des Diamond Hunter Smart<\/h2>\n\t\t\t\t\t\t\t<\/div>\n\t\t\t\n\t\t\t\n\t\t\t\n\t\t<\/div>\n\t\t\n\t\t[vc_column_text]Entdecken Sie im Detail die au\u00dfergew\u00f6hnlichen technischen Eigenschaften der hochmodernen Detektionsausr\u00fcstung Diamond Hunter Smart. Tats\u00e4chlich machen ihn seine Benutzerfreundlichkeit und die intuitive Benutzeroberfl\u00e4che zu einem vielseitigen und \u00e4u\u00dferst empfindlichen Detektor. Damit bietet es dem Prospektor beeindruckende Leistung und un\u00fcbertroffene Pr\u00e4zision. Entdecken Sie die umfassende Liste seiner Funktionen, aber vor allem bereiten Sie sich darauf vor, die Grenzen Ihrer Entdeckungen zu erweitern.[\/vc_column_text][vc_single_image image=&#8221;4087&#8243; img_size=&#8221;large&#8221; alignment=&#8221;center&#8221; css=&#8221;.vc_custom_1687515786744{margin-top: 0px !important;margin-bottom: 0px !important;border-top-width: 0px !important;border-bottom-width: 0px !important;padding-top: 0px !important;padding-bottom: 0px !important;}&#8221;][vc_single_image image=&#8221;4088&#8243; img_size=&#8221;large&#8221; alignment=&#8221;center&#8221; css=&#8221;.vc_custom_1687515793750{margin-top: 0px !important;margin-bottom: 0px !important;border-top-width: 0px !important;border-bottom-width: 0px !important;padding-top: 0px !important;padding-bottom: 0px !important;}&#8221;][vc_single_image image=&#8221;4089&#8243; img_size=&#8221;large&#8221; alignment=&#8221;center&#8221; css=&#8221;.vc_custom_1687515800654{margin-top: 0px !important;margin-bottom: 0px !important;border-top-width: 0px !important;border-bottom-width: 0px !important;padding-top: 0px !important;padding-bottom: 0px !important;}&#8221;][vc_single_image image=&#8221;4090&#8243; img_size=&#8221;large&#8221; alignment=&#8221;center&#8221; css=&#8221;.vc_custom_1687515807942{margin-top: 0px !important;margin-bottom: 0px !important;border-top-width: 0px !important;border-bottom-width: 0px !important;padding-top: 0px !important;padding-bottom: 0px !important;}&#8221;][\/vc_column][\/vc_row][vc_row][vc_column]\n\t\t<div id=\"wd-69db925c49b99\" class=\"title-wrapper wd-wpb set-mb-s reset-last-child  wd-title-color-default wd-title-style-bordered text-center  wd-underline-colored\">\n\t\t\t\n\t\t\t<div class=\"liner-continer\">\n\t\t\t\t<h3 class=\"woodmart-title-container title  wd-font-weight- wd-fontsize-l\" >Entdecken Sie die vollst\u00e4ndige Liste des im Lieferumfang des Detektors enthaltenen Zubeh\u00f6rs<\/h3>\n\t\t\t\t\t\t\t<\/div>\n\t\t\t\n\t\t\t\n\t\t\t\n\t\t<\/div>\n\t\t\n\t\t[vc_column_text]Dieses hochmoderne Erkennungsger\u00e4t wird von einem kompletten Sortiment an Zubeh\u00f6r begleitet, das seinen Einsatz optimieren soll. Von Signalverst\u00e4rkern bis hin zu Tragetaschen \u2013 jedes Zubeh\u00f6rteil verbessert das Erlebnis der Schatzsuche. Erkunden Sie mit diesem Detektortyp alle Bodenarten auf der Suche nach einzigartigen Entdeckungen. Beispielsweise k\u00f6nnten Sie vergrabene Diamanten oder Edelsteine \u200b\u200bfinden. Prospektoren: Bereiten Sie sich mit dem Diamond Hunter Smart auf eine optimale Forschung vor! Entdecken Sie das mitgelieferte Zubeh\u00f6r, das Sie bei all Ihren Ausgrabungen begleitet.[\/vc_column_text][vc_row_inner][vc_column_inner width=&#8221;1\/3&#8243;][vc_single_image image=&#8221;4091&#8243; add_caption=&#8221;yes&#8221; alignment=&#8221;center&#8221; title=&#8221;Signalverst\u00e4rker&#8221;][\/vc_column_inner][vc_column_inner width=&#8221;1\/3&#8243;][vc_single_image image=&#8221;4092&#8243; add_caption=&#8221;yes&#8221; alignment=&#8221;center&#8221; title=&#8221;Signalempfangsantenne&#8221;][\/vc_column_inner][vc_column_inner width=&#8221;1\/3&#8243;][vc_single_image image=&#8221;4093&#8243; add_caption=&#8221;yes&#8221; alignment=&#8221;center&#8221; title=&#8221;Chargeur&#8221;][\/vc_column_inner][\/vc_row_inner][vc_row_inner][vc_column_inner width=&#8221;1\/3&#8243;][vc_single_image image=&#8221;4094&#8243; add_caption=&#8221;yes&#8221; alignment=&#8221;center&#8221; title=&#8221;Aufbewahrungskoffer&#8221;][\/vc_column_inner][vc_column_inner width=&#8221;1\/3&#8243;][vc_single_image image=&#8221;4095&#8243; add_caption=&#8221;yes&#8221; alignment=&#8221;center&#8221; title=&#8221;Signalempf\u00e4nger&#8221;][\/vc_column_inner][vc_column_inner width=&#8221;1\/3&#8243;][vc_single_image image=&#8221;4096&#8243; add_caption=&#8221;yes&#8221; alignment=&#8221;center&#8221; title=&#8221;Super antenne&#8221;][\/vc_column_inner][\/vc_row_inner][vc_row_inner][vc_column_inner width=&#8221;1\/3&#8243;][vc_single_image image=&#8221;4097&#8243; add_caption=&#8221;yes&#8221; alignment=&#8221;center&#8221; title=&#8221;Einheitenunterst\u00fctzung&#8221;][\/vc_column_inner][vc_column_inner width=&#8221;1\/3&#8243;][vc_single_image image=&#8221;4098&#8243; add_caption=&#8221;yes&#8221; alignment=&#8221;center&#8221; title=&#8221;Ein Ladeger\u00e4t f\u00fcr Elektroautos&#8221;][\/vc_column_inner][vc_column_inner width=&#8221;1\/3&#8243;][vc_single_image image=&#8221;4099&#8243; add_caption=&#8221;yes&#8221; alignment=&#8221;center&#8221; title=&#8221;Haupteinheit&#8221;][\/vc_column_inner][\/vc_row_inner][vc_row_inner][vc_column_inner width=&#8221;1\/3&#8243;][vc_single_image image=&#8221;4100&#8243; add_caption=&#8221;yes&#8221; alignment=&#8221;center&#8221; title=&#8221;CD et garantie&#8221;][\/vc_column_inner][\/vc_row_inner][\/vc_column][\/vc_row][vc_row][vc_column]\n\t\t<div id=\"wd-69db925c49bd0\" class=\"title-wrapper wd-wpb set-mb-s reset-last-child  wd-title-color-default wd-title-style-bordered text-center  wd-underline-colored\">\n\t\t\t\n\t\t\t<div class=\"liner-continer\">\n\t\t\t\t<h3 class=\"woodmart-title-container title  wd-font-weight- wd-fontsize-l\" >Anerkannte internationale Zertifizierungen des Ger\u00e4ts<\/h3>\n\t\t\t\t\t\t\t<\/div>\n\t\t\t\n\t\t\t\n\t\t\t\n\t\t<\/div>\n\t\t\n\t\t[vc_row_inner][vc_column_inner width=&#8221;1\/2&#8243;][vc_column_text]\n<p style=\"text-align: center;\">C\u03f5-Zertifizierung Dieses Ger\u00e4t verf\u00fcgt \u00fcber die C\u03f5-Zertifizierung, die die Einhaltung europ\u00e4ischer Standards in Bezug auf Betrieb, Sicherheit und Glaubw\u00fcrdigkeit gew\u00e4hrleistet.<\/p>\n[\/vc_column_text][vc_single_image image=&#8221;4101&#8243; img_size=&#8221;medium&#8221; add_caption=&#8221;yes&#8221; alignment=&#8221;center&#8221; onclick=&#8221;zoom&#8221; title=&#8221;C\u03f5-Zertifizierung&#8221;][\/vc_column_inner][vc_column_inner width=&#8221;1\/2&#8243;][vc_column_text]\n<p style=\"text-align: center;\"><strong>Internationale ISO 9001-Zertifizierung<\/strong><\/p>\n<p style=\"text-align: center;\">Gleichzeitig verf\u00fcgt es \u00fcber das ISO 9001-Zertifikat, das seine Qualit\u00e4t und die Einhaltung internationaler Standards und Spezifikationen garantiert. Diese beiden Zertifizierungen belegen die Zuverl\u00e4ssigkeit und au\u00dfergew\u00f6hnliche Leistung dieses Ger\u00e4ts sowohl auf dem nationalen als auch auf dem internationalen Markt. <\/p>\n[\/vc_column_text][vc_single_image image=&#8221;4102&#8243; img_size=&#8221;medium&#8221; add_caption=&#8221;yes&#8221; alignment=&#8221;center&#8221; onclick=&#8221;zoom&#8221; css_animation=&#8221;none&#8221; title=&#8221;Internationale ISO 9001-Zertifizierung&#8221;][\/vc_column_inner][\/vc_row_inner][\/vc_column][\/vc_row]\n<\/div>","protected":false},"excerpt":{"rendered":"<p>Der Diamond Hunter Smart wurde speziell entwickelt, um vergrabene Diamanten und Edelsteine \u200b\u200baus gro\u00dfer Entfernung aufzusp\u00fcren. Mit seinen vielf\u00e4ltigen Systemen und fortschrittlichen technischen Funktionen gew\u00e4hrleistet dieses Ger\u00e4t eine effiziente und genaue Ortung von Diamanten- und Edelsteinstandorten \u00fcber gro\u00dfe Entfernungen. Es erm\u00f6glicht auch eine einfache Bestimmung der Tiefen, in denen sie gefunden werden. Mit seinem speziellen Design ist der Diamond Hunter Smart das ideale Werkzeug f\u00fcr Schatzsucher auf der Suche nach wertvollen Fundst\u00fccken.   <\/p>\n","protected":false},"featured_media":4103,"template":"","meta":{"_joinchat":[]},"product_brand":[],"product_cat":[129],"product_tag":[160,153],"class_list":{"0":"post-4104","1":"product","2":"type-product","3":"status-publish","4":"has-post-thumbnail","6":"product_cat-diamantdetektor","7":"product_tag-diamantdetektor","8":"product_tag-gerdetect","10":"first","11":"instock","12":"sale","13":"taxable","14":"shipping-taxable","15":"purchasable","16":"product-type-simple"},"yoast_head":"<!-- This site is optimized with the Yoast SEO plugin v26.3 - https:\/\/yoast.com\/wordpress\/plugins\/seo\/ -->\n<title>Diamond Hunter Smart \u2013 Suche nach Edelsteinen und Diamanten<\/title>\n<meta name=\"description\" content=\"Der Diamond Hunter Smart eignet sich perfekt zum Aufsp\u00fcren von Diamanten und Edelsteinen auf einer Fl\u00e4che von 3000 m unter der Erde und bis zu 50 m!\" \/>\n<meta name=\"robots\" content=\"index, follow, max-snippet:-1, max-image-preview:large, max-video-preview:-1\" \/>\n<link rel=\"canonical\" href=\"https:\/\/gerdetect.fr\/de\/Metalldetektorkatalog\/diamantdetektor\/diamond-hunter-smart-2-systemes\/\" \/>\n<meta property=\"og:locale\" content=\"de_DE\" \/>\n<meta property=\"og:type\" content=\"article\" \/>\n<meta property=\"og:title\" content=\"Diamond Hunter Smart \u2013 Suche nach Edelsteinen und Diamanten\" \/>\n<meta property=\"og:description\" content=\"Der Diamond Hunter Smart eignet sich perfekt zum Aufsp\u00fcren von Diamanten und Edelsteinen auf einer Fl\u00e4che von 3000 m unter der Erde und bis zu 50 m!\" \/>\n<meta property=\"og:url\" content=\"https:\/\/gerdetect.fr\/de\/Metalldetektorkatalog\/diamantdetektor\/diamond-hunter-smart-2-systemes\/\" \/>\n<meta property=\"og:site_name\" content=\"GER DETECT FRANCE\" \/>\n<meta property=\"article:modified_time\" content=\"2026-02-12T12:51:12+00:00\" \/>\n<meta property=\"og:image\" content=\"https:\/\/gerdetect.fr\/wp-content\/uploads\/2023\/06\/Diamond-Hunter-Smart-6-GER-Detect-.png\" \/>\n\t<meta property=\"og:image:width\" content=\"700\" \/>\n\t<meta property=\"og:image:height\" content=\"437\" \/>\n\t<meta property=\"og:image:type\" content=\"image\/png\" \/>\n<meta name=\"twitter:card\" content=\"summary_large_image\" \/>\n<meta name=\"twitter:label1\" content=\"Gesch\u00e4tzte Lesezeit\" \/>\n\t<meta name=\"twitter:data1\" content=\"6\u00a0Minuten\" \/>\n<script type=\"application\/ld+json\" class=\"yoast-schema-graph\">{\"@context\":\"https:\/\/schema.org\",\"@graph\":[{\"@type\":\"WebPage\",\"@id\":\"https:\/\/gerdetect.fr\/de\/Metalldetektorkatalog\/diamantdetektor\/diamond-hunter-smart-2-systemes\/\",\"url\":\"https:\/\/gerdetect.fr\/de\/Metalldetektorkatalog\/diamantdetektor\/diamond-hunter-smart-2-systemes\/\",\"name\":\"Diamond Hunter Smart \u2013 Suche nach Edelsteinen und Diamanten\",\"isPartOf\":{\"@id\":\"https:\/\/gerdetect.fr\/de\/#website\"},\"primaryImageOfPage\":{\"@id\":\"https:\/\/gerdetect.fr\/de\/Metalldetektorkatalog\/diamantdetektor\/diamond-hunter-smart-2-systemes\/#primaryimage\"},\"image\":{\"@id\":\"https:\/\/gerdetect.fr\/de\/Metalldetektorkatalog\/diamantdetektor\/diamond-hunter-smart-2-systemes\/#primaryimage\"},\"thumbnailUrl\":\"https:\/\/gerdetect.fr\/wp-content\/uploads\/2023\/06\/Diamond-Hunter-Smart-6-GER-Detect-.png\",\"datePublished\":\"2023-06-23T10:08:41+00:00\",\"dateModified\":\"2026-02-12T12:51:12+00:00\",\"description\":\"Der Diamond Hunter Smart eignet sich perfekt zum Aufsp\u00fcren von Diamanten und Edelsteinen auf einer Fl\u00e4che von 3000 m unter der Erde und bis zu 50 m!\",\"breadcrumb\":{\"@id\":\"https:\/\/gerdetect.fr\/de\/Metalldetektorkatalog\/diamantdetektor\/diamond-hunter-smart-2-systemes\/#breadcrumb\"},\"inLanguage\":\"de\",\"potentialAction\":[{\"@type\":\"ReadAction\",\"target\":[\"https:\/\/gerdetect.fr\/de\/Metalldetektorkatalog\/diamantdetektor\/diamond-hunter-smart-2-systemes\/\"]}]},{\"@type\":\"ImageObject\",\"inLanguage\":\"de\",\"@id\":\"https:\/\/gerdetect.fr\/de\/Metalldetektorkatalog\/diamantdetektor\/diamond-hunter-smart-2-systemes\/#primaryimage\",\"url\":\"https:\/\/gerdetect.fr\/wp-content\/uploads\/2023\/06\/Diamond-Hunter-Smart-6-GER-Detect-.png\",\"contentUrl\":\"https:\/\/gerdetect.fr\/wp-content\/uploads\/2023\/06\/Diamond-Hunter-Smart-6-GER-Detect-.png\",\"width\":700,\"height\":437,\"caption\":\"Diamond Hunter Smart\"},{\"@type\":\"BreadcrumbList\",\"@id\":\"https:\/\/gerdetect.fr\/de\/Metalldetektorkatalog\/diamantdetektor\/diamond-hunter-smart-2-systemes\/#breadcrumb\",\"itemListElement\":[{\"@type\":\"ListItem\",\"position\":1,\"name\":\"Accueil\",\"item\":\"https:\/\/gerdetect.fr\/de\/\"},{\"@type\":\"ListItem\",\"position\":2,\"name\":\"Shop\",\"item\":\"https:\/\/gerdetect.fr\/de\/shop\/\"},{\"@type\":\"ListItem\",\"position\":3,\"name\":\"Diamond Hunter Smart \u2013 2 Systeme\"}]},{\"@type\":\"WebSite\",\"@id\":\"https:\/\/gerdetect.fr\/de\/#website\",\"url\":\"https:\/\/gerdetect.fr\/de\/\",\"name\":\"GER DETECT FRANCE\",\"description\":\"D\u00e9tecteur de m\u00e9taux, d&#039;or, diamants, d&#039;eau souterraine, radar de sol | Lille, Paris\",\"potentialAction\":[{\"@type\":\"SearchAction\",\"target\":{\"@type\":\"EntryPoint\",\"urlTemplate\":\"https:\/\/gerdetect.fr\/de\/?s={search_term_string}\"},\"query-input\":{\"@type\":\"PropertyValueSpecification\",\"valueRequired\":true,\"valueName\":\"search_term_string\"}}],\"inLanguage\":\"de\"}]}<\/script>\n<!-- \/ Yoast SEO plugin. -->","yoast_head_json":{"title":"Diamond Hunter Smart \u2013 Suche nach Edelsteinen und Diamanten","description":"Der Diamond Hunter Smart eignet sich perfekt zum Aufsp\u00fcren von Diamanten und Edelsteinen auf einer Fl\u00e4che von 3000 m unter der Erde und bis zu 50 m!","robots":{"index":"index","follow":"follow","max-snippet":"max-snippet:-1","max-image-preview":"max-image-preview:large","max-video-preview":"max-video-preview:-1"},"canonical":"https:\/\/gerdetect.fr\/de\/Metalldetektorkatalog\/diamantdetektor\/diamond-hunter-smart-2-systemes\/","og_locale":"de_DE","og_type":"article","og_title":"Diamond Hunter Smart \u2013 Suche nach Edelsteinen und Diamanten","og_description":"Der Diamond Hunter Smart eignet sich perfekt zum Aufsp\u00fcren von Diamanten und Edelsteinen auf einer Fl\u00e4che von 3000 m unter der Erde und bis zu 50 m!","og_url":"https:\/\/gerdetect.fr\/de\/Metalldetektorkatalog\/diamantdetektor\/diamond-hunter-smart-2-systemes\/","og_site_name":"GER DETECT FRANCE","article_modified_time":"2026-02-12T12:51:12+00:00","og_image":[{"width":700,"height":437,"url":"https:\/\/gerdetect.fr\/wp-content\/uploads\/2023\/06\/Diamond-Hunter-Smart-6-GER-Detect-.png","type":"image\/png"}],"twitter_card":"summary_large_image","twitter_misc":{"Gesch\u00e4tzte Lesezeit":"6\u00a0Minuten"},"schema":{"@context":"https:\/\/schema.org","@graph":[{"@type":"WebPage","@id":"https:\/\/gerdetect.fr\/de\/Metalldetektorkatalog\/diamantdetektor\/diamond-hunter-smart-2-systemes\/","url":"https:\/\/gerdetect.fr\/de\/Metalldetektorkatalog\/diamantdetektor\/diamond-hunter-smart-2-systemes\/","name":"Diamond Hunter Smart \u2013 Suche nach Edelsteinen und Diamanten","isPartOf":{"@id":"https:\/\/gerdetect.fr\/de\/#website"},"primaryImageOfPage":{"@id":"https:\/\/gerdetect.fr\/de\/Metalldetektorkatalog\/diamantdetektor\/diamond-hunter-smart-2-systemes\/#primaryimage"},"image":{"@id":"https:\/\/gerdetect.fr\/de\/Metalldetektorkatalog\/diamantdetektor\/diamond-hunter-smart-2-systemes\/#primaryimage"},"thumbnailUrl":"https:\/\/gerdetect.fr\/wp-content\/uploads\/2023\/06\/Diamond-Hunter-Smart-6-GER-Detect-.png","datePublished":"2023-06-23T10:08:41+00:00","dateModified":"2026-02-12T12:51:12+00:00","description":"Der Diamond Hunter Smart eignet sich perfekt zum Aufsp\u00fcren von Diamanten und Edelsteinen auf einer Fl\u00e4che von 3000 m unter der Erde und bis zu 50 m!","breadcrumb":{"@id":"https:\/\/gerdetect.fr\/de\/Metalldetektorkatalog\/diamantdetektor\/diamond-hunter-smart-2-systemes\/#breadcrumb"},"inLanguage":"de","potentialAction":[{"@type":"ReadAction","target":["https:\/\/gerdetect.fr\/de\/Metalldetektorkatalog\/diamantdetektor\/diamond-hunter-smart-2-systemes\/"]}]},{"@type":"ImageObject","inLanguage":"de","@id":"https:\/\/gerdetect.fr\/de\/Metalldetektorkatalog\/diamantdetektor\/diamond-hunter-smart-2-systemes\/#primaryimage","url":"https:\/\/gerdetect.fr\/wp-content\/uploads\/2023\/06\/Diamond-Hunter-Smart-6-GER-Detect-.png","contentUrl":"https:\/\/gerdetect.fr\/wp-content\/uploads\/2023\/06\/Diamond-Hunter-Smart-6-GER-Detect-.png","width":700,"height":437,"caption":"Diamond Hunter Smart"},{"@type":"BreadcrumbList","@id":"https:\/\/gerdetect.fr\/de\/Metalldetektorkatalog\/diamantdetektor\/diamond-hunter-smart-2-systemes\/#breadcrumb","itemListElement":[{"@type":"ListItem","position":1,"name":"Accueil","item":"https:\/\/gerdetect.fr\/de\/"},{"@type":"ListItem","position":2,"name":"Shop","item":"https:\/\/gerdetect.fr\/de\/shop\/"},{"@type":"ListItem","position":3,"name":"Diamond Hunter Smart \u2013 2 Systeme"}]},{"@type":"WebSite","@id":"https:\/\/gerdetect.fr\/de\/#website","url":"https:\/\/gerdetect.fr\/de\/","name":"GER DETECT FRANCE","description":"D\u00e9tecteur de m\u00e9taux, d&#039;or, diamants, d&#039;eau souterraine, radar de sol | Lille, Paris","potentialAction":[{"@type":"SearchAction","target":{"@type":"EntryPoint","urlTemplate":"https:\/\/gerdetect.fr\/de\/?s={search_term_string}"},"query-input":{"@type":"PropertyValueSpecification","valueRequired":true,"valueName":"search_term_string"}}],"inLanguage":"de"}]}},"_links":{"self":[{"href":"https:\/\/gerdetect.fr\/de\/wp-json\/wp\/v2\/product\/4104","targetHints":{"allow":["GET"]}}],"collection":[{"href":"https:\/\/gerdetect.fr\/de\/wp-json\/wp\/v2\/product"}],"about":[{"href":"https:\/\/gerdetect.fr\/de\/wp-json\/wp\/v2\/types\/product"}],"wp:featuredmedia":[{"embeddable":true,"href":"https:\/\/gerdetect.fr\/de\/wp-json\/wp\/v2\/media\/4103"}],"wp:attachment":[{"href":"https:\/\/gerdetect.fr\/de\/wp-json\/wp\/v2\/media?parent=4104"}],"wp:term":[{"taxonomy":"product_brand","embeddable":true,"href":"https:\/\/gerdetect.fr\/de\/wp-json\/wp\/v2\/product_brand?post=4104"},{"taxonomy":"product_cat","embeddable":true,"href":"https:\/\/gerdetect.fr\/de\/wp-json\/wp\/v2\/product_cat?post=4104"},{"taxonomy":"product_tag","embeddable":true,"href":"https:\/\/gerdetect.fr\/de\/wp-json\/wp\/v2\/product_tag?post=4104"}],"curies":[{"name":"wp","href":"https:\/\/api.w.org\/{rel}","templated":true}]}}