{"id":4124,"date":"2023-06-23T11:19:55","date_gmt":"2023-06-23T09:19:55","guid":{"rendered":"https:\/\/gerdetect.fr\/catalogue-detecteur-de-metaux\/unkategorisiert\/river-f-smart-3-systemes\/"},"modified":"2026-01-12T15:38:37","modified_gmt":"2026-01-12T14:38:37","slug":"river-f-smart-3-systemes","status":"publish","type":"product","link":"https:\/\/gerdetect.fr\/de\/Metalldetektorkatalog\/bodenradar\/river-f-smart-3-systemes\/","title":{"rendered":"River F Smart &#8211; 3 Systeme"},"content":{"rendered":"<div class=\"wpb-content-wrapper\">[vc_row content_placement=&#8221;top&#8221;][vc_column][vc_video link=&#8221;https:\/\/www.youtube.com\/watch?v=opHWCdt7-nw&#8221; align=&#8221;center&#8221;][vc_row_inner][vc_column_inner]\n\t\t<div id=\"wd-69db92840ca36\" class=\"title-wrapper wd-wpb set-mb-s reset-last-child  wd-title-color-default wd-title-style-bordered text-center  wd-underline-colored\">\n\t\t\t\n\t\t\t<div class=\"liner-continer\">\n\t\t\t\t<h2 class=\"woodmart-title-container title  wd-font-weight- wd-fontsize-l\" >Einf\u00fchrung in den Wasser- und Hohlraumdetektor mit seinen Funktionen<\/h2>\n\t\t\t\t\t\t\t<\/div>\n\t\t\t\n\t\t\t\n\t\t\t\n\t\t<\/div>\n\t\t\n\t\t[vc_single_image image=&#8221;4105&#8243; img_size=&#8221;large&#8221; alignment=&#8221;center&#8221;][vc_column_text]Dank eines revolution\u00e4ren Designs zeichnet sich der <a href=\"https:\/\/gerdetect.fr\/de\/types-de-detecteur\/grundwasserdetektor\/\">Wassermelder <\/a>und <a href=\"https:\/\/gerdetect.fr\/de\/types-de-detecteur\/hohlraumdetektor\/\">Hohlraummelder<\/a> River F Smart durch seine au\u00dfergew\u00f6hnliche F\u00e4higkeit zur Prospektion von drei wesentlichen Elementen aus:<\/p>\n<ul>\n<li>&#8211; 1.: artesische Brunnen,<\/li>\n<li>&#8211; 2.: Grundwasser,<\/li>\n<li>&#8211; 3. Platz: unterirdische Wasserstr\u00f6mungen.<\/li>\n<\/ul>\n<p>Als weltweit erstes Ger\u00e4t seiner Art verf\u00fcgt der River F Smart \u00fcber neue Systeme. Letzteres verbessert seine technischen und professionellen Eigenschaften erheblich. Dieser von <a href=\"https:\/\/gerdetect.fr\/de\/\">GER Detect<\/a> angebotene Hochleistungsdetektor verf\u00fcgt \u00fcber eine hohe Empfindlichkeit und erm\u00f6glicht die pr\u00e4zise, \u200b\u200beinfache und effiziente Erkennung von Wasserstandorten \u00fcber gro\u00dfe Entfernungen. Dar\u00fcber hinaus bietet es die M\u00f6glichkeit, die entsprechende Tiefe genau zu bestimmen.[\/vc_column_text][\/vc_column_inner][\/vc_row_inner][\/vc_column][\/vc_row][vc_row][vc_column]\n\t\t<div id=\"wd-69db92840cb11\" class=\"title-wrapper wd-wpb set-mb-s reset-last-child  wd-title-color-default wd-title-style-bordered text-center  wd-underline-colored\">\n\t\t\t\n\t\t\t<div class=\"liner-continer\">\n\t\t\t\t<h2 class=\"woodmart-title-container title  wd-font-weight- wd-fontsize-l\" >Entdecken Sie das innovative River F Smart-System ausf\u00fchrlich<\/h2>\n\t\t\t\t\t\t\t<\/div>\n\t\t\t\n\t\t\t\n\t\t\t\n\t\t<\/div>\n\t\t\n\t\t[vc_row_inner][vc_column_inner width=&#8221;1\/2&#8243;][vc_single_image image=&#8221;4106&#8243; img_size=&#8221;large&#8221; alignment=&#8221;center&#8221;][\/vc_column_inner][vc_column_inner width=&#8221;1\/2&#8243;][vc_single_image image=&#8221;4107&#8243; img_size=&#8221;large&#8221; alignment=&#8221;center&#8221;][\/vc_column_inner][\/vc_row_inner][vc_column_text]Der RIVER F SMART ist ein vielseitiges Ger\u00e4t mit hoher Empfindlichkeit. Tats\u00e4chlich bietet es viele Funktionen und integriert drei verschiedene Erkennungsmodi: <\/p>\n<ol>\n<li>&#8211; Erstes System, das die Erkennung von S\u00fc\u00dfwasser erm\u00f6glicht,<\/li>\n<li>&#8211; Zweites System zur Erkennung von Salzwasser,<\/li>\n<li>&#8211; Drittes System, das eine pr\u00e4zise Erkennung der Wassertiefe in Metern oder Zentimetern erm\u00f6glicht, mit bemerkenswerter Leichtigkeit und Pr\u00e4zision.<\/li>\n<\/ol>\n<p>Dieses Ger\u00e4t erleichtert das Aufsp\u00fcren von Wasserquellen mit gro\u00dfer Suchtiefe. Tats\u00e4chlich erkennt es bis zu 500 Meter unter der Erde und hat eine Reichweite von 3000 Metern. <\/p>\n<p>Der River F Smart kann auf jedem Gel\u00e4nde eingesetzt werden, auch bei schwierigen Wetterbedingungen.<\/p>\n<p>Es wird von einer der besten deutschen Industrien hergestellt und verf\u00fcgt \u00fcber ein CE-Zertifikat gem\u00e4\u00df internationalen Standards. Dar\u00fcber hinaus ist das Unternehmen nach ISO 9001 zertifiziert und garantiert so die Einhaltung internationaler Spezifikationen und Standards.[\/vc_column_text][\/vc_column][\/vc_row][vc_row][vc_column]\n\t\t<div id=\"wd-69db92840cb78\" class=\"title-wrapper wd-wpb set-mb-s reset-last-child  wd-title-color-default wd-title-style-bordered text-center  wd-underline-colored\">\n\t\t\t\n\t\t\t<div class=\"liner-continer\">\n\t\t\t\t<h2 class=\"woodmart-title-container title  wd-font-weight- wd-fontsize-l\" >Vollst\u00e4ndiger \u00dcberblick \u00fcber die technischen Eigenschaften des River F Smart<\/h2>\n\t\t\t\t\t\t\t<\/div>\n\t\t\t\n\t\t\t\n\t\t\t\n\t\t<\/div>\n\t\t\n\t\t[vc_column_text]Dieser ergonomische Melder zeichnet sich durch zahlreiche au\u00dfergew\u00f6hnliche technische Eigenschaften aus. Tats\u00e4chlich machen seine bemerkenswerte Leistung, seine Vielseitigkeit und vor allem seine Pr\u00e4zision es zu einem unverzichtbaren Werkzeug f\u00fcr die Prospektion und gute Erkennung von Grundwasser. Nachfolgend finden Sie eine ausf\u00fchrliche Liste der technischen Spezifikationen, die zuverl\u00e4ssige Ergebnisse, aber auch eine einfache Bedienung gew\u00e4hrleisten.[\/vc_column_text][vc_single_image image=&#8221;4108&#8243; img_size=&#8221;large&#8221; alignment=&#8221;center&#8221; css=&#8221;.vc_custom_1687512604850{margin-top: 0px !important;margin-bottom: 0px !important;border-top-width: 0px !important;border-bottom-width: 0px !important;padding-top: 0px !important;padding-bottom: 0px !important;}&#8221;][vc_single_image image=&#8221;4109&#8243; img_size=&#8221;large&#8221; alignment=&#8221;center&#8221; css=&#8221;.vc_custom_1687512627218{margin-top: 0px !important;margin-bottom: 0px !important;border-top-width: 0px !important;border-bottom-width: 0px !important;padding-top: 0px !important;padding-bottom: 0px !important;}&#8221;][vc_single_image image=&#8221;4110&#8243; img_size=&#8221;large&#8221; alignment=&#8221;center&#8221; css=&#8221;.vc_custom_1687512634502{margin-top: 0px !important;margin-bottom: 0px !important;border-top-width: 0px !important;border-bottom-width: 0px !important;padding-top: 0px !important;padding-bottom: 0px !important;}&#8221;][vc_single_image image=&#8221;4111&#8243; img_size=&#8221;large&#8221; alignment=&#8221;center&#8221; css=&#8221;.vc_custom_1687512646114{margin-top: 0px !important;margin-bottom: 0px !important;border-top-width: 0px !important;border-bottom-width: 0px !important;padding-top: 0px !important;padding-bottom: 0px !important;}&#8221;][\/vc_column][\/vc_row][vc_row][vc_column]\n\t\t<div id=\"wd-69db92840cbcf\" class=\"title-wrapper wd-wpb set-mb-s reset-last-child  wd-title-color-default wd-title-style-bordered text-center  wd-underline-colored\">\n\t\t\t\n\t\t\t<div class=\"liner-continer\">\n\t\t\t\t<h3 class=\"woodmart-title-container title  wd-font-weight- wd-fontsize-l\" >Im Lieferumfang des River F Smart enthaltenes Zubeh\u00f6r<\/h3>\n\t\t\t\t\t\t\t<\/div>\n\t\t\t\n\t\t\t\n\t\t\t\n\t\t<\/div>\n\t\t\n\t\t[vc_column_text]Dieser Detektor wird mit einer umfassenden Auswahl an Zubeh\u00f6r geliefert, mit dem Sie seine Funktionen optimal nutzen k\u00f6nnen. Ob Signalverst\u00e4rker, Ladeger\u00e4t oder andere wichtige Dinge \u2013 wir haben daf\u00fcr gesorgt, dass nichts dem Zufall \u00fcberlassen wird, um Ihnen ein optimales Erlebnis zu bieten. Dieses Ger\u00e4t ist daher perfekt f\u00fcr Prospektoren und Wissenschaftler. Sie werden somit in der Lage sein, die Grenzen ihrer Wassererkundungen und Ausgrabungen mit dem Fluss F Smart zu erweitern.[\/vc_column_text][vc_row_inner][vc_column_inner width=&#8221;1\/3&#8243;][vc_single_image image=&#8221;4112&#8243; add_caption=&#8221;yes&#8221; alignment=&#8221;center&#8221; title=&#8221;Signalverst\u00e4rker&#8221;][\/vc_column_inner][vc_column_inner width=&#8221;1\/3&#8243;][vc_single_image image=&#8221;4112&#8243; add_caption=&#8221;yes&#8221; alignment=&#8221;center&#8221; title=&#8221;Signalempfangsantenne&#8221;][\/vc_column_inner][vc_column_inner width=&#8221;1\/3&#8243;][vc_single_image image=&#8221;4113&#8243; add_caption=&#8221;yes&#8221; alignment=&#8221;center&#8221; title=&#8221;CD et garantie&#8221;][\/vc_column_inner][\/vc_row_inner][vc_row_inner][vc_column_inner width=&#8221;1\/3&#8243;][vc_single_image image=&#8221;4114&#8243; add_caption=&#8221;yes&#8221; alignment=&#8221;center&#8221; title=&#8221;Chargeur&#8221;][\/vc_column_inner][vc_column_inner width=&#8221;1\/3&#8243;][vc_single_image image=&#8221;4115&#8243; add_caption=&#8221;yes&#8221; alignment=&#8221;center&#8221; title=&#8221;Aufbewahrungskoffer&#8221;][\/vc_column_inner][vc_column_inner width=&#8221;1\/3&#8243;][vc_single_image image=&#8221;4116&#8243; add_caption=&#8221;yes&#8221; alignment=&#8221;center&#8221; title=&#8221;Signalempf\u00e4nger&#8221;][\/vc_column_inner][\/vc_row_inner][vc_row_inner][vc_column_inner width=&#8221;1\/3&#8243;][vc_single_image image=&#8221;4117&#8243; add_caption=&#8221;yes&#8221; alignment=&#8221;center&#8221; title=&#8221;Einheitenunterst\u00fctzung&#8221;][\/vc_column_inner][vc_column_inner width=&#8221;1\/3&#8243;][vc_single_image image=&#8221;4114&#8243; add_caption=&#8221;yes&#8221; alignment=&#8221;center&#8221; title=&#8221;Ein Ladeger\u00e4t f\u00fcr Elektroautos&#8221;][\/vc_column_inner][vc_column_inner width=&#8221;1\/3&#8243;][vc_single_image image=&#8221;4118&#8243; add_caption=&#8221;yes&#8221; alignment=&#8221;center&#8221; title=&#8221;Haupteinheit&#8221;][\/vc_column_inner][\/vc_row_inner][\/vc_column][\/vc_row][vc_row][vc_column]\n\t\t<div id=\"wd-69db92840cc27\" class=\"title-wrapper wd-wpb set-mb-s reset-last-child  wd-title-color-default wd-title-style-bordered text-center  wd-underline-colored\">\n\t\t\t\n\t\t\t<div class=\"liner-continer\">\n\t\t\t\t<h3 class=\"woodmart-title-container title  wd-font-weight- wd-fontsize-l\" >Die beiden internationalen Zertifikate f\u00fcr unsere Ger\u00e4te<\/h3>\n\t\t\t\t\t\t\t<\/div>\n\t\t\t\n\t\t\t\n\t\t\t\n\t\t<\/div>\n\t\t\n\t\t[vc_row_inner][vc_column_inner width=&#8221;1\/2&#8243;][vc_column_text]\n<p style=\"text-align: center;\">C\u03f5-Zertifizierung Die CE-Zertifizierung beweist die Konformit\u00e4t des Produkts mit europ\u00e4ischen Standards in Bezug auf Betrieb, Sicherheit und Glaubw\u00fcrdigkeit.<\/p>\n[\/vc_column_text][vc_single_image image=&#8221;4119&#8243; img_size=&#8221;medium&#8221; add_caption=&#8221;yes&#8221; alignment=&#8221;center&#8221; onclick=&#8221;zoom&#8221; title=&#8221;C\u03f5-Zertifizierung&#8221;][\/vc_column_inner][vc_column_inner width=&#8221;1\/2&#8243;][vc_column_text]\n<p style=\"text-align: center;\"><strong>Internationale ISO 9001-Zertifizierung<\/strong><\/p>\n<p style=\"text-align: center;\">Die ISO 9001-Zertifizierung bescheinigt ihrerseits, dass das Produkt in Bezug auf Qualit\u00e4t und Konformit\u00e4t internationalen Standards und Spezifikationen entspricht.<\/p>\n[\/vc_column_text][vc_single_image image=&#8221;4120&#8243; img_size=&#8221;medium&#8221; add_caption=&#8221;yes&#8221; alignment=&#8221;center&#8221; onclick=&#8221;zoom&#8221; css_animation=&#8221;none&#8221; title=&#8221;Internationale ISO 9001-Zertifizierung&#8221;][\/vc_column_inner][\/vc_row_inner][\/vc_column][\/vc_row]\n<\/div>","protected":false},"excerpt":{"rendered":"<p>Der River F Smart ist ein vielseitiges Erkennungsger\u00e4t, das drei verschiedene Suchsysteme verwendet:<\/p>\n<ol>\n<li>Erstes Erkennungssystem: speziell f\u00fcr die Suche nach S\u00fc\u00dfwasser entwickelt,<\/li>\n<li>Zweites System: spezialisiert auf Salzwassererkennung,<\/li>\n<li>Drittes System: ein Bodenradar, das eine pr\u00e4zise und einfache Erkennung von Wasser erm\u00f6glicht und gleichzeitig Informationen \u00fcber seine Tiefe in Metern oder Zentimetern liefert.<\/li>\n<\/ol>\n<p>Dar\u00fcber hinaus bietet dieses Erkennungsger\u00e4t eine erweiterte Reichweite. Dadurch ist es m\u00f6glich, Grundwasser und artesische Brunnen im Boden pr\u00e4zise zu erkennen und zu lokalisieren. <\/p>\n","protected":false},"featured_media":4121,"template":"","meta":{"_joinchat":[]},"product_brand":[],"product_cat":[127,132,130],"product_tag":[153,158,157],"class_list":{"0":"post-4124","1":"product","2":"type-product","3":"status-publish","4":"has-post-thumbnail","6":"product_cat-bodenradar","7":"product_cat-grundwasserdetektor","8":"product_cat-hohlraumdetektor","9":"product_tag-gerdetect","10":"product_tag-hohlraumdetektor","11":"product_tag-wassermelder","13":"first","14":"instock","15":"sale","16":"taxable","17":"shipping-taxable","18":"purchasable","19":"product-type-simple"},"yoast_head":"<!-- This site is optimized with the Yoast SEO plugin v26.3 - https:\/\/yoast.com\/wordpress\/plugins\/seo\/ -->\n<title>River F Smart: Pr\u00e4ziser Grundwasser- und Hohlraumdetektor<\/title>\n<meta name=\"description\" content=\"Le River F Smart poss\u00e8de des fonctionnalit\u00e9s avanc\u00e9es afin de d\u00e9tecter l&#039;eau souterraine douce et sal\u00e9e, les puits art\u00e9siens et les cavit\u00e9s.\" \/>\n<meta name=\"robots\" content=\"index, follow, max-snippet:-1, max-image-preview:large, max-video-preview:-1\" \/>\n<link rel=\"canonical\" href=\"https:\/\/gerdetect.fr\/de\/Metalldetektorkatalog\/bodenradar\/river-f-smart-3-systemes\/\" \/>\n<meta property=\"og:locale\" content=\"de_DE\" \/>\n<meta property=\"og:type\" content=\"article\" \/>\n<meta property=\"og:title\" content=\"River F Smart: Pr\u00e4ziser Grundwasser- und Hohlraumdetektor\" \/>\n<meta property=\"og:description\" content=\"Le River F Smart poss\u00e8de des fonctionnalit\u00e9s avanc\u00e9es afin de d\u00e9tecter l&#039;eau souterraine douce et sal\u00e9e, les puits art\u00e9siens et les cavit\u00e9s.\" \/>\n<meta property=\"og:url\" content=\"https:\/\/gerdetect.fr\/de\/Metalldetektorkatalog\/bodenradar\/river-f-smart-3-systemes\/\" \/>\n<meta property=\"og:site_name\" content=\"GER DETECT FRANCE\" \/>\n<meta property=\"article:modified_time\" content=\"2026-01-12T14:38:37+00:00\" \/>\n<meta property=\"og:image\" content=\"https:\/\/gerdetect.fr\/wp-content\/uploads\/2023\/06\/River-F-Smart-GER-Detect12.png\" \/>\n\t<meta property=\"og:image:width\" content=\"525\" \/>\n\t<meta property=\"og:image:height\" content=\"380\" \/>\n\t<meta property=\"og:image:type\" content=\"image\/png\" \/>\n<meta name=\"twitter:card\" content=\"summary_large_image\" \/>\n<meta name=\"twitter:label1\" content=\"Gesch\u00e4tzte Lesezeit\" \/>\n\t<meta name=\"twitter:data1\" content=\"5\u00a0Minuten\" \/>\n<script type=\"application\/ld+json\" class=\"yoast-schema-graph\">{\"@context\":\"https:\/\/schema.org\",\"@graph\":[{\"@type\":\"WebPage\",\"@id\":\"https:\/\/gerdetect.fr\/de\/Metalldetektorkatalog\/bodenradar\/river-f-smart-3-systemes\/\",\"url\":\"https:\/\/gerdetect.fr\/de\/Metalldetektorkatalog\/bodenradar\/river-f-smart-3-systemes\/\",\"name\":\"River F Smart: Pr\u00e4ziser Grundwasser- und Hohlraumdetektor\",\"isPartOf\":{\"@id\":\"https:\/\/gerdetect.fr\/de\/#website\"},\"primaryImageOfPage\":{\"@id\":\"https:\/\/gerdetect.fr\/de\/Metalldetektorkatalog\/bodenradar\/river-f-smart-3-systemes\/#primaryimage\"},\"image\":{\"@id\":\"https:\/\/gerdetect.fr\/de\/Metalldetektorkatalog\/bodenradar\/river-f-smart-3-systemes\/#primaryimage\"},\"thumbnailUrl\":\"https:\/\/gerdetect.fr\/wp-content\/uploads\/2023\/06\/River-F-Smart-GER-Detect12.png\",\"datePublished\":\"2023-06-23T09:19:55+00:00\",\"dateModified\":\"2026-01-12T14:38:37+00:00\",\"description\":\"Le River F Smart poss\u00e8de des fonctionnalit\u00e9s avanc\u00e9es afin de d\u00e9tecter l'eau souterraine douce et sal\u00e9e, les puits art\u00e9siens et les cavit\u00e9s.\",\"breadcrumb\":{\"@id\":\"https:\/\/gerdetect.fr\/de\/Metalldetektorkatalog\/bodenradar\/river-f-smart-3-systemes\/#breadcrumb\"},\"inLanguage\":\"de\",\"potentialAction\":[{\"@type\":\"ReadAction\",\"target\":[\"https:\/\/gerdetect.fr\/de\/Metalldetektorkatalog\/bodenradar\/river-f-smart-3-systemes\/\"]}]},{\"@type\":\"ImageObject\",\"inLanguage\":\"de\",\"@id\":\"https:\/\/gerdetect.fr\/de\/Metalldetektorkatalog\/bodenradar\/river-f-smart-3-systemes\/#primaryimage\",\"url\":\"https:\/\/gerdetect.fr\/wp-content\/uploads\/2023\/06\/River-F-Smart-GER-Detect12.png\",\"contentUrl\":\"https:\/\/gerdetect.fr\/wp-content\/uploads\/2023\/06\/River-F-Smart-GER-Detect12.png\",\"width\":525,\"height\":380,\"caption\":\"River F Smart\"},{\"@type\":\"BreadcrumbList\",\"@id\":\"https:\/\/gerdetect.fr\/de\/Metalldetektorkatalog\/bodenradar\/river-f-smart-3-systemes\/#breadcrumb\",\"itemListElement\":[{\"@type\":\"ListItem\",\"position\":1,\"name\":\"Accueil\",\"item\":\"https:\/\/gerdetect.fr\/de\/\"},{\"@type\":\"ListItem\",\"position\":2,\"name\":\"Shop\",\"item\":\"https:\/\/gerdetect.fr\/de\/shop\/\"},{\"@type\":\"ListItem\",\"position\":3,\"name\":\"River F Smart &#8211; 3 Systeme\"}]},{\"@type\":\"WebSite\",\"@id\":\"https:\/\/gerdetect.fr\/de\/#website\",\"url\":\"https:\/\/gerdetect.fr\/de\/\",\"name\":\"GER DETECT FRANCE\",\"description\":\"D\u00e9tecteur de m\u00e9taux, d&#039;or, diamants, d&#039;eau souterraine, radar de sol | Lille, Paris\",\"potentialAction\":[{\"@type\":\"SearchAction\",\"target\":{\"@type\":\"EntryPoint\",\"urlTemplate\":\"https:\/\/gerdetect.fr\/de\/?s={search_term_string}\"},\"query-input\":{\"@type\":\"PropertyValueSpecification\",\"valueRequired\":true,\"valueName\":\"search_term_string\"}}],\"inLanguage\":\"de\"}]}<\/script>\n<!-- \/ Yoast SEO plugin. -->","yoast_head_json":{"title":"River F Smart: Pr\u00e4ziser Grundwasser- und Hohlraumdetektor","description":"Le River F Smart poss\u00e8de des fonctionnalit\u00e9s avanc\u00e9es afin de d\u00e9tecter l'eau souterraine douce et sal\u00e9e, les puits art\u00e9siens et les cavit\u00e9s.","robots":{"index":"index","follow":"follow","max-snippet":"max-snippet:-1","max-image-preview":"max-image-preview:large","max-video-preview":"max-video-preview:-1"},"canonical":"https:\/\/gerdetect.fr\/de\/Metalldetektorkatalog\/bodenradar\/river-f-smart-3-systemes\/","og_locale":"de_DE","og_type":"article","og_title":"River F Smart: Pr\u00e4ziser Grundwasser- und Hohlraumdetektor","og_description":"Le River F Smart poss\u00e8de des fonctionnalit\u00e9s avanc\u00e9es afin de d\u00e9tecter l'eau souterraine douce et sal\u00e9e, les puits art\u00e9siens et les cavit\u00e9s.","og_url":"https:\/\/gerdetect.fr\/de\/Metalldetektorkatalog\/bodenradar\/river-f-smart-3-systemes\/","og_site_name":"GER DETECT FRANCE","article_modified_time":"2026-01-12T14:38:37+00:00","og_image":[{"width":525,"height":380,"url":"https:\/\/gerdetect.fr\/wp-content\/uploads\/2023\/06\/River-F-Smart-GER-Detect12.png","type":"image\/png"}],"twitter_card":"summary_large_image","twitter_misc":{"Gesch\u00e4tzte Lesezeit":"5\u00a0Minuten"},"schema":{"@context":"https:\/\/schema.org","@graph":[{"@type":"WebPage","@id":"https:\/\/gerdetect.fr\/de\/Metalldetektorkatalog\/bodenradar\/river-f-smart-3-systemes\/","url":"https:\/\/gerdetect.fr\/de\/Metalldetektorkatalog\/bodenradar\/river-f-smart-3-systemes\/","name":"River F Smart: Pr\u00e4ziser Grundwasser- und Hohlraumdetektor","isPartOf":{"@id":"https:\/\/gerdetect.fr\/de\/#website"},"primaryImageOfPage":{"@id":"https:\/\/gerdetect.fr\/de\/Metalldetektorkatalog\/bodenradar\/river-f-smart-3-systemes\/#primaryimage"},"image":{"@id":"https:\/\/gerdetect.fr\/de\/Metalldetektorkatalog\/bodenradar\/river-f-smart-3-systemes\/#primaryimage"},"thumbnailUrl":"https:\/\/gerdetect.fr\/wp-content\/uploads\/2023\/06\/River-F-Smart-GER-Detect12.png","datePublished":"2023-06-23T09:19:55+00:00","dateModified":"2026-01-12T14:38:37+00:00","description":"Le River F Smart poss\u00e8de des fonctionnalit\u00e9s avanc\u00e9es afin de d\u00e9tecter l'eau souterraine douce et sal\u00e9e, les puits art\u00e9siens et les cavit\u00e9s.","breadcrumb":{"@id":"https:\/\/gerdetect.fr\/de\/Metalldetektorkatalog\/bodenradar\/river-f-smart-3-systemes\/#breadcrumb"},"inLanguage":"de","potentialAction":[{"@type":"ReadAction","target":["https:\/\/gerdetect.fr\/de\/Metalldetektorkatalog\/bodenradar\/river-f-smart-3-systemes\/"]}]},{"@type":"ImageObject","inLanguage":"de","@id":"https:\/\/gerdetect.fr\/de\/Metalldetektorkatalog\/bodenradar\/river-f-smart-3-systemes\/#primaryimage","url":"https:\/\/gerdetect.fr\/wp-content\/uploads\/2023\/06\/River-F-Smart-GER-Detect12.png","contentUrl":"https:\/\/gerdetect.fr\/wp-content\/uploads\/2023\/06\/River-F-Smart-GER-Detect12.png","width":525,"height":380,"caption":"River F Smart"},{"@type":"BreadcrumbList","@id":"https:\/\/gerdetect.fr\/de\/Metalldetektorkatalog\/bodenradar\/river-f-smart-3-systemes\/#breadcrumb","itemListElement":[{"@type":"ListItem","position":1,"name":"Accueil","item":"https:\/\/gerdetect.fr\/de\/"},{"@type":"ListItem","position":2,"name":"Shop","item":"https:\/\/gerdetect.fr\/de\/shop\/"},{"@type":"ListItem","position":3,"name":"River F Smart &#8211; 3 Systeme"}]},{"@type":"WebSite","@id":"https:\/\/gerdetect.fr\/de\/#website","url":"https:\/\/gerdetect.fr\/de\/","name":"GER DETECT FRANCE","description":"D\u00e9tecteur de m\u00e9taux, d&#039;or, diamants, d&#039;eau souterraine, radar de sol | Lille, Paris","potentialAction":[{"@type":"SearchAction","target":{"@type":"EntryPoint","urlTemplate":"https:\/\/gerdetect.fr\/de\/?s={search_term_string}"},"query-input":{"@type":"PropertyValueSpecification","valueRequired":true,"valueName":"search_term_string"}}],"inLanguage":"de"}]}},"_links":{"self":[{"href":"https:\/\/gerdetect.fr\/de\/wp-json\/wp\/v2\/product\/4124","targetHints":{"allow":["GET"]}}],"collection":[{"href":"https:\/\/gerdetect.fr\/de\/wp-json\/wp\/v2\/product"}],"about":[{"href":"https:\/\/gerdetect.fr\/de\/wp-json\/wp\/v2\/types\/product"}],"wp:featuredmedia":[{"embeddable":true,"href":"https:\/\/gerdetect.fr\/de\/wp-json\/wp\/v2\/media\/4121"}],"wp:attachment":[{"href":"https:\/\/gerdetect.fr\/de\/wp-json\/wp\/v2\/media?parent=4124"}],"wp:term":[{"taxonomy":"product_brand","embeddable":true,"href":"https:\/\/gerdetect.fr\/de\/wp-json\/wp\/v2\/product_brand?post=4124"},{"taxonomy":"product_cat","embeddable":true,"href":"https:\/\/gerdetect.fr\/de\/wp-json\/wp\/v2\/product_cat?post=4124"},{"taxonomy":"product_tag","embeddable":true,"href":"https:\/\/gerdetect.fr\/de\/wp-json\/wp\/v2\/product_tag?post=4124"}],"curies":[{"name":"wp","href":"https:\/\/api.w.org\/{rel}","templated":true}]}}