{"id":4146,"date":"2023-04-25T16:05:15","date_gmt":"2023-04-25T14:05:15","guid":{"rendered":"https:\/\/gerdetect.fr\/catalogue-detecteur-de-metaux\/unkategorisiert\/uig-bodenscanner-detektor-3-systeme\/"},"modified":"2026-01-12T15:49:28","modified_gmt":"2026-01-12T14:49:28","slug":"uig-bodenscanner-detektor-3-systeme","status":"publish","type":"product","link":"https:\/\/gerdetect.fr\/de\/Metalldetektorkatalog\/metalldetektor\/uig-bodenscanner-detektor-3-systeme\/","title":{"rendered":"UIG BODENSCANNER-DETEKTOR \u2013 3 Systeme"},"content":{"rendered":"<div class=\"wpb-content-wrapper\">[vc_row content_placement=&#8221;top&#8221;][vc_column][vc_video link=&#8221;https:\/\/www.youtube.com\/watch?v=JbLFQwZgH3c&#8221; align=&#8221;center&#8221;]\n\t\t<div id=\"wd-69dba4a821a5a\" class=\"title-wrapper wd-wpb set-mb-s reset-last-child  wd-title-color-default wd-title-style-bordered text-center  wd-underline-colored\">\n\t\t\t\n\t\t\t<div class=\"liner-continer\">\n\t\t\t\t<h2 class=\"woodmart-title-container title  wd-font-weight- wd-fontsize-l\" >Alles, was Sie \u00fcber den UIG GROUND SCANNER DETECTOR wissen m\u00fcssen<\/h2>\n\t\t\t\t\t\t\t<\/div>\n\t\t\t\n\t\t\t\n\t\t\t\n\t\t<\/div>\n\t\t\n\t\t[vc_row_inner][vc_column_inner][vc_column_text]M\u00f6chten Sie mehr \u00fcber unseren <a href=\"https:\/\/gerdetect.fr\/de\/types-de-detecteur\/metalldetektor\/\">Metalldetektor<\/a> erfahren? Wir laden Sie ein, den Rest dieses Artikels zu lesen, um sich \u00fcber alle seine Eigenschaften zu informieren, aber auch um zu verstehen, wie dieser Detektor funktioniert. Dieses von <a href=\"https:\/\/gerdetect.fr\/de\/\">GER Detect<\/a> angebotene Erkennungsger\u00e4t ist das beste unter den anderen Mittelklassemodellen. Tats\u00e4chlich ist dieser <a href=\"https:\/\/gerdetect.fr\/de\/types-de-detecteur\/golddetektor\/\">Golddetektortyp<\/a> pr\u00e4zise und innovativ. Bestellen Sie es also direkt auf unserer Website, wir liefern \u00fcberall auf der Welt. Haben Sie vielleicht weitere Fragen zum Ger\u00e4t? Gerne antworten wir Ihnen telefonisch oder \u00fcber unser Kontaktformular.[\/vc_column_text][\/vc_column_inner][\/vc_row_inner][vc_row_inner][vc_column_inner width=&#8221;1\/2&#8243;][vc_single_image image=&#8221;4126&#8243; img_size=&#8221;large&#8221; alignment=&#8221;center&#8221;][\/vc_column_inner][vc_column_inner width=&#8221;1\/2&#8243;][vc_single_image image=&#8221;4127&#8243; img_size=&#8221;large&#8221; alignment=&#8221;center&#8221;][\/vc_column_inner][\/vc_row_inner][\/vc_column][\/vc_row][vc_row][vc_column]\n\t\t<div id=\"wd-69dba4a821ace\" class=\"title-wrapper wd-wpb set-mb-s reset-last-child  wd-title-color-default wd-title-style-bordered text-center  wd-underline-colored\">\n\t\t\t\n\t\t\t<div class=\"liner-continer\">\n\t\t\t\t<h2 class=\"woodmart-title-container title  wd-font-weight- wd-fontsize-l\" >UIG GROUND SCANNER DETECTOR: ein leistungsstarkes und einzigartiges Ger\u00e4t!<\/h2>\n\t\t\t\t\t\t\t<\/div>\n\t\t\t\n\t\t\t\n\t\t\t\n\t\t<\/div>\n\t\t\n\t\t[vc_row_inner][vc_column_inner width=&#8221;1\/2&#8243;][vc_column_text]Der Bodenscanner UIG GROUND SCANNER DETECTOR ist ein Live-Scan- und Bodenbildsystem mit 3D-Technologie, mit dem Sie eine echte Schatzsuche durchf\u00fchren k\u00f6nnen. Dieser Uig-Bodenscanner ist eine Art multifunktionaler High-Tech-Golddetektor. <\/p>\n<p>Der UIG-Bodenscanner verf\u00fcgt \u00fcber eine weltweit einzigartige Technologie und vereint drei verschiedene Bildgebungssysteme in einem einzigen Forschungsger\u00e4t. Dies macht es zu einem Spezialger\u00e4t f\u00fcr die einfache und hochpr\u00e4zise Erkundung und Suche nach Metallen, Mineralien, Sch\u00e4tzen, G\u00e4ngen, H\u00f6hlen und Hohlr\u00e4umen im Boden. Dank seiner hohen Empfindlichkeit erm\u00f6glicht es das pr\u00e4zise Scannen antiker und arch\u00e4ologischer Mauern.  <\/p>\n<p>Beginnen Sie Ihre Entdeckungsreise also mit der Suche nach:<\/p>\n<ul>\n<li>&#8211; Edelmetalle;<\/li>\n<li>&#8211; Gold und Goldnuggets;<\/li>\n<li>&#8211; Reliques anciennes ;<\/li>\n<li>&#8211; Arch\u00e4ologische Gr\u00e4ber;<\/li>\n<li>&#8211; M\u00fcnzen;<\/li>\n<li>&#8211; Grottes ;<\/li>\n<li>&#8211; Vides sous terre ;<\/li>\n<li>&#8211; Und viele andere Hohlr\u00e4ume und vergrabene Sch\u00e4tze.<\/li>\n<\/ul>\n<p>&nbsp;<\/p>\n<p>Es arbeitet mit drei professionellen Scan- und Bildgebungstechnologien und ist mit einem multifunktionalen Bildsensor sowie modernen und hocheffizienten Technologien ausgestattet. Unterst\u00fctzt durch einen leichten beweglichen Arm erleichtert dies au\u00dferdem das Scannen und Abbilden von Zielen und bietet au\u00dferdem die M\u00f6glichkeit, Metalle und Hohlr\u00e4ume durch zwei verschiedene Ger\u00e4usche zu unterscheiden.[\/vc_column_text][\/vc_column_inner][vc_column_inner width=&#8221;1\/2&#8243;][vc_single_image image=&#8221;4128&#8243; img_size=&#8221;large&#8221; alignment=&#8221;center&#8221;][\/vc_column_inner][\/vc_row_inner][vc_column_text]Der Uig-Bodenscanner zeichnet sich au\u00dferdem durch seine geringe Gr\u00f6\u00dfe und sein geringes Gewicht aus, was ihn aufgrund seiner einfachen Handhabung bei der Erkundung und Suche nach versteckten Edelmetallen, vergrabenen Sch\u00e4tzen und Hohlr\u00e4umen im Boden bei Goldsuchern beliebt macht.[\/vc_column_text][\/vc_column][\/vc_row][vc_row][vc_column]\n\t\t<div id=\"wd-69dba4a821b05\" class=\"title-wrapper wd-wpb set-mb-s reset-last-child  wd-title-color-default wd-title-style-bordered text-center  wd-underline-colored\">\n\t\t\t\n\t\t\t<div class=\"liner-continer\">\n\t\t\t\t<h2 class=\"woodmart-title-container title  wd-font-weight- wd-fontsize-l\" >Beschreibung dieses Metall- und Hohlraumdetektors<\/h2>\n\t\t\t\t\t\t\t<\/div>\n\t\t\t\n\t\t\t\n\t\t\t\n\t\t<\/div>\n\t\t\n\t\t[vc_column_text]Je nach gew\u00fcnschter Nutzung bietet der UIG GROUND SCANNER DETECTOR modernste Systeme an. Entdecken Sie drei effektive Erkennungs- und Untergrundbildgebungssysteme in einem einzigen Ger\u00e4t. Daher ist der Bodenscanner UIG GROUND SCANNER DETECTOR ein Multisystemger\u00e4t. Tats\u00e4chlich erm\u00f6glicht es die Erkennung von Edelmetallen, Sch\u00e4tzen, arch\u00e4ologischen Bestattungen, Korridoren, H\u00f6hlen und unterirdischen Hohlr\u00e4umen. Entdecken Sie alle Vorteile des UIG GROUND SCANNER DETECTOR:    <\/p>\n<ol>\n<li>In der Lage sein, Mineralien und Hohlr\u00e4ume mithilfe von zwei verschiedenen Ger\u00e4uschen zu unterscheiden;<\/li>\n<li>Einfaches Scannen und Fotografieren von Zielen dank seines leichten, aber auch beweglichen Arms;<\/li>\n<li>Unterirdische Ziele schnell und genau erkennen;<\/li>\n<li>Scannen Sie effektiv Ziele innerhalb einer alten arch\u00e4ologischen Mauer.<\/li>\n<li>Bestimmen Sie die Tiefe von Zielen in Metern und markieren Sie sie dann einfach und mit gro\u00dfer Pr\u00e4zision.<\/li>\n<li>Greifen Sie in mehreren Sprachen auf die dem Ger\u00e4t beigef\u00fcgte Anwendung zu, n\u00e4mlich: (Englisch \u2013 Arabisch \u2013 Spanisch \u2013 Franz\u00f6sisch \u2013 Deutsch \u2013 Portugiesisch);<\/li>\n<li>Sie k\u00f6nnen den Ton des Ger\u00e4ts aktivieren oder deaktivieren.<\/li>\n<\/ol>\n<p>&nbsp;<\/p>\n<p>Wie Sie sicher verstanden haben, k\u00f6nnen Sie mit unserem Ger\u00e4t sicher sein, dass Sie \u00fcber eine sehr effiziente Ausr\u00fcstung verf\u00fcgen, die gleichzeitig auf dem neuesten Stand der Technik ist. Entdecken Sie jetzt die verschiedenen Suchsysteme, die unser Edelmetallsuchger\u00e4t verwendet.[\/vc_column_text][vc_single_image image=&#8221;4129&#8243; img_size=&#8221;full&#8221; alignment=&#8221;center&#8221;][\/vc_column][\/vc_row][vc_row][vc_column]\n\t\t<div id=\"wd-69dba4a821b36\" class=\"title-wrapper wd-wpb set-mb-s reset-last-child  wd-title-color-default wd-title-style-bordered text-center  wd-underline-colored\">\n\t\t\t\n\t\t\t<div class=\"liner-continer\">\n\t\t\t\t<h2 class=\"woodmart-title-container title  wd-font-weight- wd-fontsize-l\" >Die Suchsysteme des UIG GROUND SCANNER DETECTOR<\/h2>\n\t\t\t\t\t\t\t<\/div>\n\t\t\t\n\t\t\t\n\t\t\t\n\t\t<\/div>\n\t\t\n\t\t[vc_row_inner][vc_column_inner width=&#8221;1\/2&#8243;][vc_column_text]Als fortschrittliches Ger\u00e4t verf\u00fcgt der UIG GROUND SCANNER DETECTOR daher \u00fcber pr\u00e4zise und komplexe Systeme. Um alles \u00fcber die verschiedenen Forschungssysteme des Uig-Bodenscanners zu erfahren, geben wir Ihnen alle notwendigen Informationen. <\/p>\n<p>Somit arbeitet der UIG-Bodenscanner mit drei unterirdischen Erkennungs- und Bildgebungssystemen:<\/p>\n<ol>\n<li>Zun\u00e4chst einmal sein erstes 3D-Bildgebungssystem,<\/li>\n<li>Als n\u00e4chstes sein zweites Live-Wandscansystem,<\/li>\n<li>Endlich das dritte Live-Bodenscansystem.<\/li>\n<\/ol>\n<p>&nbsp;<\/p>\n<p>Alle diese Systeme gew\u00e4hrleisten somit die perfekte Wirksamkeit des Ger\u00e4ts beim Finden von Sch\u00e4tzen. Au\u00dferdem kann die gr\u00f6\u00dfte Suchtiefe des Uig-Bodenscanners 30 Meter unter der Erde erreichen. In dieser Tiefe findet man seltene Metalle wie Gold oder metallische \u00dcberreste der Vergangenheit.  <\/p>\n<p>Au\u00dferdem ist der Bodenscanner Uig GROUND SCANNER DETECTOR einer der besten deutschen Branchen. Tats\u00e4chlich verf\u00fcgt es \u00fcber das europ\u00e4ische CE-Zertifikat gem\u00e4\u00df internationalen Standards und das internationale ISO 9001-Zertifikat gem\u00e4\u00df internationalen Spezifikationen und Standards. <\/p>\n<p>Schlie\u00dflich ist dieses vielseitige Ger\u00e4t so konzipiert, dass es mit allen L\u00e4ndern und Regionen funktionsf\u00e4hig und kompatibel ist. So k\u00f6nnen Sie am Strand, in H\u00f6hlen oder in der W\u00fcste nach Edelmetallen suchen. Um alle M\u00f6glichkeiten zu entdecken, die Ihnen der UIG GROUND SCANNER DETECTOR bietet, konsultieren Sie dessen technische Spezifikationen. Wir haben sie unten aufgelistet.[\/vc_column_text][\/vc_column_inner][vc_column_inner width=&#8221;1\/2&#8243;][vc_single_image image=&#8221;4130&#8243; img_size=&#8221;large&#8221; alignment=&#8221;center&#8221;][\/vc_column_inner][\/vc_row_inner][\/vc_column][\/vc_row][vc_row][vc_column]\n\t\t<div id=\"wd-69dba4a821b60\" class=\"title-wrapper wd-wpb set-mb-s reset-last-child  wd-title-color-default wd-title-style-bordered text-center  wd-underline-colored\">\n\t\t\t\n\t\t\t<div class=\"liner-continer\">\n\t\t\t\t<h2 class=\"woodmart-title-container title  wd-font-weight- wd-fontsize-l\" >Technische Spezifikationen des Detektors<\/h2>\n\t\t\t\t\t\t\t<\/div>\n\t\t\t\n\t\t\t\n\t\t\t\n\t\t<\/div>\n\t\t\n\t\t[vc_row_inner][vc_column_inner width=&#8221;1\/2&#8243;][vc_single_image image=&#8221;4131&#8243; img_size=&#8221;large&#8221; alignment=&#8221;center&#8221;][vc_column_text]M\u00f6chten Sie mehr \u00fcber den Akku des Ger\u00e4ts erfahren? Hier also die technischen Spezifikationen zum BT144-Akku im Detail:[\/vc_column_text][vc_single_image image=&#8221;4132&#8243; img_size=&#8221;large&#8221; alignment=&#8221;center&#8221;][\/vc_column_inner][vc_column_inner width=&#8221;1\/2&#8243;][vc_column_text]Erfahren Sie dank dieser Liste mehr \u00fcber die verschiedenen technischen Spezifikationen des Batterieladeger\u00e4ts. Um mehr zu erfahren, k\u00f6nnen Sie auch unser Team kontaktieren.[\/vc_column_text][vc_single_image image=&#8221;4133&#8243; img_size=&#8221;large&#8221; alignment=&#8221;center&#8221;][vc_column_text]Entdecken Sie unten auch die technischen Daten zum Gewicht des Ger\u00e4ts:[\/vc_column_text][vc_single_image image=&#8221;4134&#8243; img_size=&#8221;large&#8221; alignment=&#8221;center&#8221;][\/vc_column_inner][\/vc_row_inner][\/vc_column][\/vc_row][vc_row][vc_column]\n\t\t<div id=\"wd-69dba4a821ba4\" class=\"title-wrapper wd-wpb set-mb-s reset-last-child  wd-title-color-default wd-title-style-bordered text-center  wd-underline-colored\">\n\t\t\t\n\t\t\t<div class=\"liner-continer\">\n\t\t\t\t<h2 class=\"woodmart-title-container title  wd-font-weight- wd-fontsize-l\" >UIG GROUND SCANNER DETECTOR-Nutzungsvideo<\/h2>\n\t\t\t\t\t\t\t<\/div>\n\t\t\t\n\t\t\t\n\t\t\t\n\t\t<\/div>\n\t\t\n\t\t[vc_column_text]Entdecken Sie dank eines kurzen Videos die Pr\u00e4sentation des Ger\u00e4ts, das seine Wirksamkeit demonstriert. Sie sehen, es ist ganz einfach zu bedienen und Sie werden in k\u00fcrzester Zeit gro\u00dfartige Entdeckungen machen k\u00f6nnen! Damit garantieren wir Ihnen eine hochwertige Ausstattung, die auch an Ihren Einsatz angepasst ist. Sie k\u00f6nnen sich dann auf Ihre Prospektion konzentrieren und werden dabei von einer langlebigen und effizienten Ausr\u00fcstung begleitet.[\/vc_column_text][vc_video link=&#8221;https:\/\/www.youtube.com\/watch?v=JbLFQwZgH3c&#8221; el_width=&#8221;50&#8243; align=&#8221;center&#8221;][\/vc_column][\/vc_row][vc_row][vc_column]\n\t\t<div id=\"wd-69dba4a821bef\" class=\"title-wrapper wd-wpb set-mb-s reset-last-child  wd-title-color-default wd-title-style-bordered text-center  wd-underline-colored\">\n\t\t\t\n\t\t\t<div class=\"liner-continer\">\n\t\t\t\t<h3 class=\"woodmart-title-container title  wd-font-weight- wd-fontsize-l\" >Unsere verschiedenen Arten von Zubeh\u00f6r zur Erg\u00e4nzung des Detektors<\/h3>\n\t\t\t\t\t\t\t<\/div>\n\t\t\t\n\t\t\t\n\t\t\t\n\t\t<\/div>\n\t\t\n\t\t[vc_column_text]Entdecken Sie auch das gesamte Zubeh\u00f6r zu diesem Edelmetallsuchger\u00e4t. Durch den Besitz von Zubeh\u00f6r wird die Qualit\u00e4t Ihrer Akquise erheblich verbessert und Sie werden bei Ihrer Recherche zufriedener sein. <\/p>\n<p>Wenn Sie au\u00dferdem mehr \u00fcber unsere Produkte erfahren m\u00f6chten, kontaktieren Sie uns! Sie k\u00f6nnen auch unsere Website besuchen. Werden auch Sie zum Schatzsuchexperten und genie\u00dfen Sie es, mit einem leistungsstarken Ger\u00e4t tolle Funde zu machen.[\/vc_column_text][vc_row_inner][vc_column_inner width=&#8221;1\/3&#8243;][vc_single_image image=&#8221;4135&#8243; add_caption=&#8221;yes&#8221; alignment=&#8221;center&#8221;][\/vc_column_inner][vc_column_inner width=&#8221;1\/3&#8243;][vc_single_image image=&#8221;4136&#8243; add_caption=&#8221;yes&#8221; alignment=&#8221;center&#8221;][\/vc_column_inner][vc_column_inner width=&#8221;1\/3&#8243;][vc_single_image image=&#8221;4137&#8243; add_caption=&#8221;yes&#8221; alignment=&#8221;center&#8221;][\/vc_column_inner][\/vc_row_inner][vc_row_inner][vc_column_inner width=&#8221;1\/3&#8243;][vc_single_image image=&#8221;4138&#8243; add_caption=&#8221;yes&#8221; alignment=&#8221;center&#8221;][\/vc_column_inner][vc_column_inner width=&#8221;1\/3&#8243;][vc_single_image image=&#8221;4139&#8243; add_caption=&#8221;yes&#8221; alignment=&#8221;center&#8221;][\/vc_column_inner][vc_column_inner width=&#8221;1\/3&#8243;][vc_single_image image=&#8221;4140&#8243; add_caption=&#8221;yes&#8221; alignment=&#8221;center&#8221;][\/vc_column_inner][\/vc_row_inner][vc_row_inner][vc_column_inner width=&#8221;1\/3&#8243;][vc_single_image image=&#8221;4141&#8243; add_caption=&#8221;yes&#8221; alignment=&#8221;center&#8221;][\/vc_column_inner][vc_column_inner width=&#8221;1\/3&#8243;][vc_single_image image=&#8221;4142&#8243; add_caption=&#8221;yes&#8221; alignment=&#8221;center&#8221;][\/vc_column_inner][vc_column_inner width=&#8221;1\/3&#8243;][vc_single_image image=&#8221;4143&#8243; add_caption=&#8221;yes&#8221; alignment=&#8221;center&#8221;][\/vc_column_inner][\/vc_row_inner][\/vc_column][\/vc_row]\n<\/div>","protected":false},"excerpt":{"rendered":"<p>Der UIG GROUND SCANNER DETECTOR ist ein terrestrisches Live-Bildgebungs- und Scansystem mit 3D-Technologie. Mit diesem revolution\u00e4ren System k\u00f6nnen Sie Edelmetalle, Goldnuggets und Sch\u00e4tze ganz einfach aufsp\u00fcren! <\/p>\n","protected":false},"featured_media":2779,"template":"","meta":{"_joinchat":[]},"product_brand":[],"product_cat":[131,130,128],"product_tag":[161,156],"class_list":{"0":"post-4146","1":"product","2":"type-product","3":"status-publish","4":"has-post-thumbnail","6":"product_cat-golddetektor","7":"product_cat-hohlraumdetektor","8":"product_cat-metalldetektor","9":"product_tag-metalldetektor","10":"product_tag-uig-detektor","12":"first","13":"instock","14":"sale","15":"taxable","16":"shipping-taxable","17":"purchasable","18":"product-type-simple"},"yoast_head":"<!-- This site is optimized with the Yoast SEO plugin v26.3 - https:\/\/yoast.com\/wordpress\/plugins\/seo\/ -->\n<title>UIG GROUND SCANNER DETECTOR \u2013 Suche nach Sch\u00e4tzen!<\/title>\n<meta name=\"description\" content=\"Notre d\u00e9tecteur de m\u00e9taux vous permet de rechercher des m\u00e9taux pr\u00e9cieux partout sur terre. Informez-vous sur UIG GROUND SCANNER DETECTOR !\" \/>\n<meta name=\"robots\" content=\"index, follow, max-snippet:-1, max-image-preview:large, max-video-preview:-1\" \/>\n<link rel=\"canonical\" href=\"https:\/\/gerdetect.fr\/de\/Metalldetektorkatalog\/metalldetektor\/uig-bodenscanner-detektor-3-systeme\/\" \/>\n<meta property=\"og:locale\" content=\"de_DE\" \/>\n<meta property=\"og:type\" content=\"article\" \/>\n<meta property=\"og:title\" content=\"UIG GROUND SCANNER DETECTOR \u2013 Suche nach Sch\u00e4tzen!\" \/>\n<meta property=\"og:description\" content=\"Notre d\u00e9tecteur de m\u00e9taux vous permet de rechercher des m\u00e9taux pr\u00e9cieux partout sur terre. Informez-vous sur UIG GROUND SCANNER DETECTOR !\" \/>\n<meta property=\"og:url\" content=\"https:\/\/gerdetect.fr\/de\/Metalldetektorkatalog\/metalldetektor\/uig-bodenscanner-detektor-3-systeme\/\" \/>\n<meta property=\"og:site_name\" content=\"GER DETECT FRANCE\" \/>\n<meta property=\"article:modified_time\" content=\"2026-01-12T14:49:28+00:00\" \/>\n<meta property=\"og:image\" content=\"https:\/\/gerdetect.fr\/wp-content\/uploads\/2023\/04\/UIG-GROUND-SCANNER-DETECTOR-14-1.png\" \/>\n\t<meta property=\"og:image:width\" content=\"1920\" \/>\n\t<meta property=\"og:image:height\" content=\"1200\" \/>\n\t<meta property=\"og:image:type\" content=\"image\/png\" \/>\n<meta name=\"twitter:card\" content=\"summary_large_image\" \/>\n<meta name=\"twitter:label1\" content=\"Gesch\u00e4tzte Lesezeit\" \/>\n\t<meta name=\"twitter:data1\" content=\"8\u00a0Minuten\" \/>\n<script type=\"application\/ld+json\" class=\"yoast-schema-graph\">{\"@context\":\"https:\/\/schema.org\",\"@graph\":[{\"@type\":\"WebPage\",\"@id\":\"https:\/\/gerdetect.fr\/de\/Metalldetektorkatalog\/metalldetektor\/uig-bodenscanner-detektor-3-systeme\/\",\"url\":\"https:\/\/gerdetect.fr\/de\/Metalldetektorkatalog\/metalldetektor\/uig-bodenscanner-detektor-3-systeme\/\",\"name\":\"UIG GROUND SCANNER DETECTOR \u2013 Suche nach Sch\u00e4tzen!\",\"isPartOf\":{\"@id\":\"https:\/\/gerdetect.fr\/de\/#website\"},\"primaryImageOfPage\":{\"@id\":\"https:\/\/gerdetect.fr\/de\/Metalldetektorkatalog\/metalldetektor\/uig-bodenscanner-detektor-3-systeme\/#primaryimage\"},\"image\":{\"@id\":\"https:\/\/gerdetect.fr\/de\/Metalldetektorkatalog\/metalldetektor\/uig-bodenscanner-detektor-3-systeme\/#primaryimage\"},\"thumbnailUrl\":\"https:\/\/gerdetect.fr\/wp-content\/uploads\/2023\/04\/UIG-GROUND-SCANNER-DETECTOR-14-1.png\",\"datePublished\":\"2023-04-25T14:05:15+00:00\",\"dateModified\":\"2026-01-12T14:49:28+00:00\",\"description\":\"Notre d\u00e9tecteur de m\u00e9taux vous permet de rechercher des m\u00e9taux pr\u00e9cieux partout sur terre. Informez-vous sur UIG GROUND SCANNER DETECTOR !\",\"breadcrumb\":{\"@id\":\"https:\/\/gerdetect.fr\/de\/Metalldetektorkatalog\/metalldetektor\/uig-bodenscanner-detektor-3-systeme\/#breadcrumb\"},\"inLanguage\":\"de\",\"potentialAction\":[{\"@type\":\"ReadAction\",\"target\":[\"https:\/\/gerdetect.fr\/de\/Metalldetektorkatalog\/metalldetektor\/uig-bodenscanner-detektor-3-systeme\/\"]}]},{\"@type\":\"ImageObject\",\"inLanguage\":\"de\",\"@id\":\"https:\/\/gerdetect.fr\/de\/Metalldetektorkatalog\/metalldetektor\/uig-bodenscanner-detektor-3-systeme\/#primaryimage\",\"url\":\"https:\/\/gerdetect.fr\/wp-content\/uploads\/2023\/04\/UIG-GROUND-SCANNER-DETECTOR-14-1.png\",\"contentUrl\":\"https:\/\/gerdetect.fr\/wp-content\/uploads\/2023\/04\/UIG-GROUND-SCANNER-DETECTOR-14-1.png\",\"width\":1920,\"height\":1200,\"caption\":\"UIG GROUND SCANNER DETECTOR\"},{\"@type\":\"BreadcrumbList\",\"@id\":\"https:\/\/gerdetect.fr\/de\/Metalldetektorkatalog\/metalldetektor\/uig-bodenscanner-detektor-3-systeme\/#breadcrumb\",\"itemListElement\":[{\"@type\":\"ListItem\",\"position\":1,\"name\":\"Accueil\",\"item\":\"https:\/\/gerdetect.fr\/de\/\"},{\"@type\":\"ListItem\",\"position\":2,\"name\":\"Shop\",\"item\":\"https:\/\/gerdetect.fr\/de\/shop\/\"},{\"@type\":\"ListItem\",\"position\":3,\"name\":\"UIG BODENSCANNER-DETEKTOR \u2013 3 Systeme\"}]},{\"@type\":\"WebSite\",\"@id\":\"https:\/\/gerdetect.fr\/de\/#website\",\"url\":\"https:\/\/gerdetect.fr\/de\/\",\"name\":\"GER DETECT FRANCE\",\"description\":\"D\u00e9tecteur de m\u00e9taux, d&#039;or, diamants, d&#039;eau souterraine, radar de sol | Lille, Paris\",\"potentialAction\":[{\"@type\":\"SearchAction\",\"target\":{\"@type\":\"EntryPoint\",\"urlTemplate\":\"https:\/\/gerdetect.fr\/de\/?s={search_term_string}\"},\"query-input\":{\"@type\":\"PropertyValueSpecification\",\"valueRequired\":true,\"valueName\":\"search_term_string\"}}],\"inLanguage\":\"de\"}]}<\/script>\n<!-- \/ Yoast SEO plugin. -->","yoast_head_json":{"title":"UIG GROUND SCANNER DETECTOR \u2013 Suche nach Sch\u00e4tzen!","description":"Notre d\u00e9tecteur de m\u00e9taux vous permet de rechercher des m\u00e9taux pr\u00e9cieux partout sur terre. Informez-vous sur UIG GROUND SCANNER DETECTOR !","robots":{"index":"index","follow":"follow","max-snippet":"max-snippet:-1","max-image-preview":"max-image-preview:large","max-video-preview":"max-video-preview:-1"},"canonical":"https:\/\/gerdetect.fr\/de\/Metalldetektorkatalog\/metalldetektor\/uig-bodenscanner-detektor-3-systeme\/","og_locale":"de_DE","og_type":"article","og_title":"UIG GROUND SCANNER DETECTOR \u2013 Suche nach Sch\u00e4tzen!","og_description":"Notre d\u00e9tecteur de m\u00e9taux vous permet de rechercher des m\u00e9taux pr\u00e9cieux partout sur terre. Informez-vous sur UIG GROUND SCANNER DETECTOR !","og_url":"https:\/\/gerdetect.fr\/de\/Metalldetektorkatalog\/metalldetektor\/uig-bodenscanner-detektor-3-systeme\/","og_site_name":"GER DETECT FRANCE","article_modified_time":"2026-01-12T14:49:28+00:00","og_image":[{"width":1920,"height":1200,"url":"https:\/\/gerdetect.fr\/wp-content\/uploads\/2023\/04\/UIG-GROUND-SCANNER-DETECTOR-14-1.png","type":"image\/png"}],"twitter_card":"summary_large_image","twitter_misc":{"Gesch\u00e4tzte Lesezeit":"8\u00a0Minuten"},"schema":{"@context":"https:\/\/schema.org","@graph":[{"@type":"WebPage","@id":"https:\/\/gerdetect.fr\/de\/Metalldetektorkatalog\/metalldetektor\/uig-bodenscanner-detektor-3-systeme\/","url":"https:\/\/gerdetect.fr\/de\/Metalldetektorkatalog\/metalldetektor\/uig-bodenscanner-detektor-3-systeme\/","name":"UIG GROUND SCANNER DETECTOR \u2013 Suche nach Sch\u00e4tzen!","isPartOf":{"@id":"https:\/\/gerdetect.fr\/de\/#website"},"primaryImageOfPage":{"@id":"https:\/\/gerdetect.fr\/de\/Metalldetektorkatalog\/metalldetektor\/uig-bodenscanner-detektor-3-systeme\/#primaryimage"},"image":{"@id":"https:\/\/gerdetect.fr\/de\/Metalldetektorkatalog\/metalldetektor\/uig-bodenscanner-detektor-3-systeme\/#primaryimage"},"thumbnailUrl":"https:\/\/gerdetect.fr\/wp-content\/uploads\/2023\/04\/UIG-GROUND-SCANNER-DETECTOR-14-1.png","datePublished":"2023-04-25T14:05:15+00:00","dateModified":"2026-01-12T14:49:28+00:00","description":"Notre d\u00e9tecteur de m\u00e9taux vous permet de rechercher des m\u00e9taux pr\u00e9cieux partout sur terre. Informez-vous sur UIG GROUND SCANNER DETECTOR !","breadcrumb":{"@id":"https:\/\/gerdetect.fr\/de\/Metalldetektorkatalog\/metalldetektor\/uig-bodenscanner-detektor-3-systeme\/#breadcrumb"},"inLanguage":"de","potentialAction":[{"@type":"ReadAction","target":["https:\/\/gerdetect.fr\/de\/Metalldetektorkatalog\/metalldetektor\/uig-bodenscanner-detektor-3-systeme\/"]}]},{"@type":"ImageObject","inLanguage":"de","@id":"https:\/\/gerdetect.fr\/de\/Metalldetektorkatalog\/metalldetektor\/uig-bodenscanner-detektor-3-systeme\/#primaryimage","url":"https:\/\/gerdetect.fr\/wp-content\/uploads\/2023\/04\/UIG-GROUND-SCANNER-DETECTOR-14-1.png","contentUrl":"https:\/\/gerdetect.fr\/wp-content\/uploads\/2023\/04\/UIG-GROUND-SCANNER-DETECTOR-14-1.png","width":1920,"height":1200,"caption":"UIG GROUND SCANNER DETECTOR"},{"@type":"BreadcrumbList","@id":"https:\/\/gerdetect.fr\/de\/Metalldetektorkatalog\/metalldetektor\/uig-bodenscanner-detektor-3-systeme\/#breadcrumb","itemListElement":[{"@type":"ListItem","position":1,"name":"Accueil","item":"https:\/\/gerdetect.fr\/de\/"},{"@type":"ListItem","position":2,"name":"Shop","item":"https:\/\/gerdetect.fr\/de\/shop\/"},{"@type":"ListItem","position":3,"name":"UIG BODENSCANNER-DETEKTOR \u2013 3 Systeme"}]},{"@type":"WebSite","@id":"https:\/\/gerdetect.fr\/de\/#website","url":"https:\/\/gerdetect.fr\/de\/","name":"GER DETECT FRANCE","description":"D\u00e9tecteur de m\u00e9taux, d&#039;or, diamants, d&#039;eau souterraine, radar de sol | Lille, Paris","potentialAction":[{"@type":"SearchAction","target":{"@type":"EntryPoint","urlTemplate":"https:\/\/gerdetect.fr\/de\/?s={search_term_string}"},"query-input":{"@type":"PropertyValueSpecification","valueRequired":true,"valueName":"search_term_string"}}],"inLanguage":"de"}]}},"_links":{"self":[{"href":"https:\/\/gerdetect.fr\/de\/wp-json\/wp\/v2\/product\/4146","targetHints":{"allow":["GET"]}}],"collection":[{"href":"https:\/\/gerdetect.fr\/de\/wp-json\/wp\/v2\/product"}],"about":[{"href":"https:\/\/gerdetect.fr\/de\/wp-json\/wp\/v2\/types\/product"}],"wp:featuredmedia":[{"embeddable":true,"href":"https:\/\/gerdetect.fr\/de\/wp-json\/wp\/v2\/media\/2779"}],"wp:attachment":[{"href":"https:\/\/gerdetect.fr\/de\/wp-json\/wp\/v2\/media?parent=4146"}],"wp:term":[{"taxonomy":"product_brand","embeddable":true,"href":"https:\/\/gerdetect.fr\/de\/wp-json\/wp\/v2\/product_brand?post=4146"},{"taxonomy":"product_cat","embeddable":true,"href":"https:\/\/gerdetect.fr\/de\/wp-json\/wp\/v2\/product_cat?post=4146"},{"taxonomy":"product_tag","embeddable":true,"href":"https:\/\/gerdetect.fr\/de\/wp-json\/wp\/v2\/product_tag?post=4146"}],"curies":[{"name":"wp","href":"https:\/\/api.w.org\/{rel}","templated":true}]}}