{"id":4169,"date":"2022-09-21T17:27:32","date_gmt":"2022-09-21T15:27:32","guid":{"rendered":"https:\/\/gerdetect.fr\/catalogue-detecteur-de-metaux\/unkategorisiert\/titan-500-smart\/"},"modified":"2026-01-12T16:03:57","modified_gmt":"2026-01-12T15:03:57","slug":"titan-500-smart","status":"publish","type":"product","link":"https:\/\/gerdetect.fr\/de\/Metalldetektorkatalog\/metalldetektor\/titan-500-smart\/","title":{"rendered":"Titan 500 SMART"},"content":{"rendered":"<div class=\"wpb-content-wrapper\">[vc_row content_placement=&#8221;top&#8221;][vc_column][vc_video link=&#8221;https:\/\/www.youtube.com\/watch?v=gSub4-iGGe8&#8243; align=&#8221;center&#8221;]\n\t\t<div id=\"wd-69db924bb1a00\" class=\"title-wrapper wd-wpb set-mb-s reset-last-child  wd-title-color-default wd-title-style-bordered text-center  wd-underline-colored\">\n\t\t\t\n\t\t\t<div class=\"liner-continer\">\n\t\t\t\t<h2 class=\"woodmart-title-container title  wd-font-weight- wd-fontsize-l\" >Beschreibung der Spezifikationen des TITAN 500 SMART<\/h2>\n\t\t\t\t\t\t\t<\/div>\n\t\t\t\n\t\t\t\n\t\t\t\n\t\t<\/div>\n\t\t\n\t\t[vc_row_inner][vc_column_inner][vc_column_text]Der TITAN 500 SMART von <a style=\"color: #ff6600;\" href=\"https:\/\/gerdetect.fr\/de\/\">Ger Detec<\/a>t ist ein leistungsstarkes Detektionsger\u00e4t. Es ist multifunktional und erm\u00f6glicht die Detektion zahlreicher Metalle und Edelsteine. Damit eignet es sich ideal f\u00fcr die Suche nach Gold, Diamanten, Edelmetallen und vergrabenen Edelsteinen. Entdecken Sie alle seine Eigenschaften:<br \/>Inhalt   <\/p>\n<ol>\n<li>Une super vitesse ali\u00e9e \u00e0 une localisation pr\u00e9cise des cibles afin de les capturer tr\u00e8s rapidement.<\/li>\n<li>Ein effektives Erkennungssystem f\u00fcr kleine und gro\u00dfe Diamanten.<\/li>\n<li>Ein System, das bis zu 18 verschiedene Edelsteinarten identifiziert und lokalisiert: Rubin, Tansanit, Alexandrit, Jaspis, Granat, Smaragd, Peridot, Turmalin, Columbit, Opal, Amethyst, Lapislazuli, Quarz, T\u00fcrkis, Saphir, Katzenauge, Aquamarin, Topas.<\/li>\n<li>Eine Funktion zum Suchen, Identifizieren und Lokalisieren vieler Arten vergrabener Edelmetalle: Gold (und auch antikes Gold), Goldnugget, Platin, Bronze, Silber, Kupfer, Zirkon, Quecksilber, Coltan, Kobalt, Osmium, Meteoriten.<\/li>\n<li>Das Vorhandensein eines elektronischen Thermometers direkt auf dem Bildschirm des Ger\u00e4ts, mit dem Sie die Temperatur und das Wetter messen k\u00f6nnen.<\/li>\n<li>Genaue Bestimmung der Zieltiefe in Metern kombiniert mit einfacher Markierung.<\/li>\n<li>Die M\u00f6glichkeit, den Forschungskontinent zu bestimmen.<\/li>\n<li>Das Vorhandensein eines intuitiven Touchscreens, der viele Funktionen bietet und viele Vorteile bietet.<\/li>\n<li>Digitale Anzeige von Uhrzeit und Datum.<\/li>\n<li>Die M\u00f6glichkeit, den Ger\u00e4teton ein- oder auszuschalten.<\/li>\n<li>Das Vorhandensein einer Superantenne, die es erm\u00f6glicht, weite Forschungsbereiche abzudecken.<\/li>\n<\/ol>\n[\/vc_column_text][\/vc_column_inner][\/vc_row_inner][vc_row_inner][vc_column_inner width=&#8221;1\/2&#8243;][vc_single_image image=&#8221;4147&#8243; img_size=&#8221;large&#8221; alignment=&#8221;center&#8221;][\/vc_column_inner][vc_column_inner width=&#8221;1\/2&#8243;][vc_single_image image=&#8221;4148&#8243; img_size=&#8221;large&#8221; alignment=&#8221;center&#8221;][\/vc_column_inner][\/vc_row_inner][\/vc_column][\/vc_row][vc_row][vc_column]\n\t\t<div id=\"wd-69db924bb1a8f\" class=\"title-wrapper wd-wpb set-mb-s reset-last-child  wd-title-color-default wd-title-style-bordered text-center  wd-underline-colored\">\n\t\t\t\n\t\t\t<div class=\"liner-continer\">\n\t\t\t\t<h2 class=\"woodmart-title-container title  wd-font-weight- wd-fontsize-l\" >Beschreibung der 4 TITAN 500 SMART-Systeme:<\/h2>\n\t\t\t\t\t\t\t<\/div>\n\t\t\t\n\t\t\t\n\t\t\t\n\t\t<\/div>\n\t\t\n\t\t[vc_row_inner][vc_column_inner width=&#8221;1\/2&#8243;][vc_column_text]Der TITAN 500 SMART ist mit vier einfach einstellbaren Suchsystemen ausgestattet, um effizient nach dem gew\u00fcnschten Ziel zu suchen:<\/p>\n<ol>\n<li>Erstes unterirdisches Suchsystem, geeignet f\u00fcr die Suche nach kleinen oder gro\u00dfen Diamanten.<\/li>\n<li>Deuxi\u00e8me syst\u00e8me de recherche souterraine \u00e9labor\u00e9 afin d&#8217;identifier des pierres pr\u00e9cieuses : rubis, topaze, alexandrite, \u00e9meraude, tanzanite, opale, oeil de chat, p\u00e9ridot, jaspe, granet, columbite, quartz, saphir, tourmaline, lapis lazuli, aigue-marine, am\u00e9thyste, turquoise.<\/li>\n<li>Drittes unterirdisches Suchsystem zum Auffinden von Gold und anderen Edelmetallen: Gold (und Altgold), Goldnugget, Platin, Silber, Coltan, Bronze, Quecksilber, Kupfer, Osmium, Kobalt, Zirkon, Meteoriten.<\/li>\n<li>Viertes unterirdisches Suchsystem zur genauen Bestimmung der Tiefe unterirdischer Ziele und zur Analyse der Ergebnisse.<\/li>\n<\/ol>\n<p>Der TITAN 500 SMART ist nicht nur mit vier Hochleistungssystemen ausgestattet, sondern auch mit einer hohen Empfindlichkeit ausgestattet. Dadurch ist es m\u00f6glich, Ziele bis zu einer Tiefe von 120 Metern im Boden und bis zu 3000 Metern im Vorw\u00e4rtsbereich zu identifizieren.[\/vc_column_text][\/vc_column_inner][vc_column_inner width=&#8221;1\/2&#8243;][vc_single_image image=&#8221;4149&#8243; img_size=&#8221;large&#8221; alignment=&#8221;center&#8221;][\/vc_column_inner][\/vc_row_inner][vc_column_text]Dieses Ger\u00e4t ist eines der besten, die derzeit auf dem Markt sind. Die Qualit\u00e4t dieser Standards wird durch das internationale ISO 9001-Zertifikat internationaler Standards und durch das europ\u00e4ische CE-Zertifikat internationaler Standards zertifiziert und anerkannt. <\/p>\n<p>Dar\u00fcber hinaus k\u00f6nnen Sie dank dieses vielseitigen Forschungsger\u00e4ts jede Art von Boden in allen L\u00e4ndern und Regionen der Welt erkunden. Beginnen Sie jetzt Ihre unterirdischen Entdeckungen und nutzen Sie die Leistungsf\u00e4higkeit dieses innovativen Detektors, um \u00fcberall auf der Welt vergrabene Juwelen und Sch\u00e4tze aufzusp\u00fcren.[\/vc_column_text][\/vc_column][\/vc_row][vc_row][vc_column]\n\t\t<div id=\"wd-69db924bb1ac5\" class=\"title-wrapper wd-wpb set-mb-s reset-last-child  wd-title-color-default wd-title-style-bordered text-center  wd-underline-colored\">\n\t\t\t\n\t\t\t<div class=\"liner-continer\">\n\t\t\t\t<h2 class=\"woodmart-title-container title  wd-font-weight- wd-fontsize-l\" >Alle technischen Daten der TITAN 500 SMART<\/h2>\n\t\t\t\t\t\t\t<\/div>\n\t\t\t\n\t\t\t\n\t\t\t\n\t\t<\/div>\n\t\t\n\t\t[vc_single_image image=&#8221;4150&#8243; img_size=&#8221;large&#8221; alignment=&#8221;center&#8221;][vc_single_image image=&#8221;4151&#8243; img_size=&#8221;large&#8221; alignment=&#8221;center&#8221;][vc_single_image image=&#8221;4152&#8243; img_size=&#8221;large&#8221; alignment=&#8221;center&#8221;][vc_single_image image=&#8221;4153&#8243; img_size=&#8221;large&#8221; alignment=&#8221;center&#8221;][vc_single_image image=&#8221;4154&#8243; img_size=&#8221;large&#8221; alignment=&#8221;center&#8221;][vc_single_image image=&#8221;4155&#8243; img_size=&#8221;large&#8221; alignment=&#8221;center&#8221;][vc_single_image image=&#8221;4156&#8243; img_size=&#8221;large&#8221; alignment=&#8221;center&#8221;][\/vc_column][\/vc_row][vc_row][vc_column]\n\t\t<div id=\"wd-69db924bb1aef\" class=\"title-wrapper wd-wpb set-mb-s reset-last-child  wd-title-color-default wd-title-style-bordered text-center  wd-underline-colored\">\n\t\t\t\n\t\t\t<div class=\"liner-continer\">\n\t\t\t\t<h3 class=\"woodmart-title-container title  wd-font-weight- wd-fontsize-l\" >Mit dem Ger\u00e4t geliefertes Zubeh\u00f6r<\/h3>\n\t\t\t\t\t\t\t<\/div>\n\t\t\t\n\t\t\t\n\t\t\t\n\t\t<\/div>\n\t\t\n\t\t[vc_row_inner][vc_column_inner width=&#8221;1\/3&#8243;][vc_single_image image=&#8221;4157&#8243; add_caption=&#8221;yes&#8221; alignment=&#8221;center&#8221; title=&#8221;Signalverst\u00e4rker&#8221;][\/vc_column_inner][vc_column_inner width=&#8221;1\/3&#8243;][vc_single_image image=&#8221;4158&#8243; add_caption=&#8221;yes&#8221; alignment=&#8221;center&#8221; title=&#8221;Chargeur&#8221;][\/vc_column_inner][vc_column_inner width=&#8221;1\/3&#8243;][vc_single_image image=&#8221;4159&#8243; add_caption=&#8221;yes&#8221; alignment=&#8221;center&#8221; title=&#8221;Super antenne&#8221;][\/vc_column_inner][\/vc_row_inner][vc_row_inner][vc_column_inner width=&#8221;1\/3&#8243;][vc_single_image image=&#8221;4160&#8243; add_caption=&#8221;yes&#8221; alignment=&#8221;center&#8221; title=&#8221;Empf\u00e4ngerantenne&#8221;][\/vc_column_inner][vc_column_inner width=&#8221;1\/3&#8243;][vc_single_image image=&#8221;4161&#8243; add_caption=&#8221;yes&#8221; alignment=&#8221;center&#8221; title=&#8221;Sicherheitstasche&#8221;][\/vc_column_inner][vc_column_inner width=&#8221;1\/3&#8243;][vc_single_image image=&#8221;4162&#8243; add_caption=&#8221;yes&#8221; alignment=&#8221;center&#8221; title=&#8221;Einheitenunterst\u00fctzung&#8221;][\/vc_column_inner][\/vc_row_inner][vc_row_inner][vc_column_inner width=&#8221;1\/3&#8243;][vc_single_image image=&#8221;4163&#8243; add_caption=&#8221;yes&#8221; alignment=&#8221;center&#8221; title=&#8221;CD et garantie&#8221;][\/vc_column_inner][vc_column_inner width=&#8221;1\/3&#8243;][vc_single_image image=&#8221;4164&#8243; add_caption=&#8221;yes&#8221; alignment=&#8221;center&#8221; title=&#8221;Ein Ladeger\u00e4t f\u00fcr Elektroautos&#8221;][\/vc_column_inner][vc_column_inner width=&#8221;1\/3&#8243;][vc_single_image image=&#8221;4165&#8243; add_caption=&#8221;yes&#8221; alignment=&#8221;center&#8221; title=&#8221;Haupteinheit&#8221;][\/vc_column_inner][\/vc_row_inner][\/vc_column][\/vc_row][vc_row][vc_column]\n\t\t<div id=\"wd-69db924bb1b1c\" class=\"title-wrapper wd-wpb set-mb-s reset-last-child  wd-title-color-default wd-title-style-bordered text-center  wd-underline-colored\">\n\t\t\t\n\t\t\t<div class=\"liner-continer\">\n\t\t\t\t<h3 class=\"woodmart-title-container title  wd-font-weight- wd-fontsize-l\" >Zwei internationale Zertifikate f\u00fcr die TITAN 500 SMART<\/h3>\n\t\t\t\t\t\t\t<\/div>\n\t\t\t\n\t\t\t\n\t\t\t\n\t\t<\/div>\n\t\t\n\t\t[vc_row_inner][vc_column_inner width=&#8221;1\/2&#8243;][vc_column_text]\n<p style=\"text-align: center;\">C\u03f5-Zertifizierung Nach europ\u00e4ischen Standards ist das Ger\u00e4t hinsichtlich Betrieb, Sicherheit und Glaubw\u00fcrdigkeit des Produkts zertifiziert.<\/p>\n[\/vc_column_text][vc_single_image image=&#8221;4166&#8243; img_size=&#8221;medium&#8221; add_caption=&#8221;yes&#8221; alignment=&#8221;center&#8221; onclick=&#8221;zoom&#8221; title=&#8221;C\u03f5-Zertifizierung&#8221;][\/vc_column_inner][vc_column_inner width=&#8221;1\/2&#8243;][vc_column_text]\n<p style=\"text-align: center;\"><strong>Internationale ISO 9001-Zertifizierung<\/strong><\/p>\n<p style=\"text-align: center;\">Auch die TITAN 500 SMART hat diese internationale ISO 9001-Zertifizierung erhalten. Dabei handelt es sich um internationale Standards und Spezifikationen. <\/p>\n[\/vc_column_text][vc_single_image image=&#8221;4167&#8243; img_size=&#8221;medium&#8221; add_caption=&#8221;yes&#8221; alignment=&#8221;center&#8221; onclick=&#8221;zoom&#8221; css_animation=&#8221;none&#8221; title=&#8221;Internationale ISO 9001-Zertifizierung&#8221;][\/vc_column_inner][\/vc_row_inner][\/vc_column][\/vc_row]\n<\/div>","protected":false},"excerpt":{"rendered":"<p>Der TITAN 500 SMART ist der beste Metall- und Edelsteindetektor auf dem Markt. Ausgestattet mit vier kompletten Suchsystemen erm\u00f6glicht es das pr\u00e4zise Aufsp\u00fcren von Diamanten, Edelsteinen, Edelmetallen, Gold aber auch vergrabenen Sch\u00e4tzen. <\/p>\n<p>Die Zusammenarbeit zwischen GER Detect und UIG ist so erfolgreich, dass sie ein neues innovatives Modell anbieten: den TITAN 500 SMART. Dieses ergonomische Ger\u00e4t ist daher das Ergebnis von f\u00fcnf Jahren Forschung und Tests, die es zu dem Hochleistungsdetektor gemacht haben, der es heute ist. Daher verf\u00fcgt dieses neue Modell \u00fcber vier effiziente Systeme und innovative Features.  <\/p>\n<p>Dar\u00fcber hinaus eignet sich dieser Detektor sowohl f\u00fcr Einsteiger als auch f\u00fcr Profis in der Untergrundforschung. Es kann Ziele auf gro\u00dfe Entfernungen mit gro\u00dfer Pr\u00e4zision erkennen und einfangen. Dadurch k\u00f6nnen Sie die Tiefe und Art des Ziels einfach und pr\u00e4zise identifizieren. Dieses Ger\u00e4t bietet ein beeindruckendes Preis-Leistungs-Verh\u00e4ltnis und ist damit der beste Metalldetektor auf dem Markt.   <\/p>\n","protected":false},"featured_media":4168,"template":"","meta":{"_joinchat":[]},"product_brand":[],"product_cat":[129,131,128],"product_tag":[153,161],"class_list":{"0":"post-4169","1":"product","2":"type-product","3":"status-publish","4":"has-post-thumbnail","6":"product_cat-diamantdetektor","7":"product_cat-golddetektor","8":"product_cat-metalldetektor","9":"product_tag-gerdetect","10":"product_tag-metalldetektor","12":"first","13":"instock","14":"sale","15":"taxable","16":"shipping-taxable","17":"purchasable","18":"product-type-simple"},"yoast_head":"<!-- This site is optimized with the Yoast SEO plugin v26.3 - https:\/\/yoast.com\/wordpress\/plugins\/seo\/ -->\n<title>TITAN 500 SMART \u2013 innovativer Diamant- und Metalldetektor<\/title>\n<meta name=\"description\" content=\"Entdecken Sie die Pr\u00e4zision und Kraft des TITAN 500 SMART. Dieser Edelstein- und Edelmetalldetektor wird Sie nicht entt\u00e4uschen.\" \/>\n<meta name=\"robots\" content=\"index, follow, max-snippet:-1, max-image-preview:large, max-video-preview:-1\" \/>\n<link rel=\"canonical\" href=\"https:\/\/gerdetect.fr\/de\/Metalldetektorkatalog\/metalldetektor\/titan-500-smart\/\" \/>\n<meta property=\"og:locale\" content=\"de_DE\" \/>\n<meta property=\"og:type\" content=\"article\" \/>\n<meta property=\"og:title\" content=\"TITAN 500 SMART \u2013 innovativer Diamant- und Metalldetektor\" \/>\n<meta property=\"og:description\" content=\"Entdecken Sie die Pr\u00e4zision und Kraft des TITAN 500 SMART. Dieser Edelstein- und Edelmetalldetektor wird Sie nicht entt\u00e4uschen.\" \/>\n<meta property=\"og:url\" content=\"https:\/\/gerdetect.fr\/de\/Metalldetektorkatalog\/metalldetektor\/titan-500-smart\/\" \/>\n<meta property=\"og:site_name\" content=\"GER DETECT FRANCE\" \/>\n<meta property=\"article:modified_time\" content=\"2026-01-12T15:03:57+00:00\" \/>\n<meta property=\"og:image\" content=\"https:\/\/gerdetect.fr\/wp-content\/uploads\/2022\/09\/TITAN-500-SMART-45.png\" \/>\n\t<meta property=\"og:image:width\" content=\"1048\" \/>\n\t<meta property=\"og:image:height\" content=\"780\" \/>\n\t<meta property=\"og:image:type\" content=\"image\/png\" \/>\n<meta name=\"twitter:card\" content=\"summary_large_image\" \/>\n<meta name=\"twitter:label1\" content=\"Gesch\u00e4tzte Lesezeit\" \/>\n\t<meta name=\"twitter:data1\" content=\"5\u00a0Minuten\" \/>\n<script type=\"application\/ld+json\" class=\"yoast-schema-graph\">{\"@context\":\"https:\/\/schema.org\",\"@graph\":[{\"@type\":\"WebPage\",\"@id\":\"https:\/\/gerdetect.fr\/de\/Metalldetektorkatalog\/metalldetektor\/titan-500-smart\/\",\"url\":\"https:\/\/gerdetect.fr\/de\/Metalldetektorkatalog\/metalldetektor\/titan-500-smart\/\",\"name\":\"TITAN 500 SMART \u2013 innovativer Diamant- und Metalldetektor\",\"isPartOf\":{\"@id\":\"https:\/\/gerdetect.fr\/de\/#website\"},\"primaryImageOfPage\":{\"@id\":\"https:\/\/gerdetect.fr\/de\/Metalldetektorkatalog\/metalldetektor\/titan-500-smart\/#primaryimage\"},\"image\":{\"@id\":\"https:\/\/gerdetect.fr\/de\/Metalldetektorkatalog\/metalldetektor\/titan-500-smart\/#primaryimage\"},\"thumbnailUrl\":\"https:\/\/gerdetect.fr\/wp-content\/uploads\/2022\/09\/TITAN-500-SMART-45.png\",\"datePublished\":\"2022-09-21T15:27:32+00:00\",\"dateModified\":\"2026-01-12T15:03:57+00:00\",\"description\":\"Entdecken Sie die Pr\u00e4zision und Kraft des TITAN 500 SMART. Dieser Edelstein- und Edelmetalldetektor wird Sie nicht entt\u00e4uschen.\",\"breadcrumb\":{\"@id\":\"https:\/\/gerdetect.fr\/de\/Metalldetektorkatalog\/metalldetektor\/titan-500-smart\/#breadcrumb\"},\"inLanguage\":\"de\",\"potentialAction\":[{\"@type\":\"ReadAction\",\"target\":[\"https:\/\/gerdetect.fr\/de\/Metalldetektorkatalog\/metalldetektor\/titan-500-smart\/\"]}]},{\"@type\":\"ImageObject\",\"inLanguage\":\"de\",\"@id\":\"https:\/\/gerdetect.fr\/de\/Metalldetektorkatalog\/metalldetektor\/titan-500-smart\/#primaryimage\",\"url\":\"https:\/\/gerdetect.fr\/wp-content\/uploads\/2022\/09\/TITAN-500-SMART-45.png\",\"contentUrl\":\"https:\/\/gerdetect.fr\/wp-content\/uploads\/2022\/09\/TITAN-500-SMART-45.png\",\"width\":1048,\"height\":780,\"caption\":\"TITAN 500 SMART\"},{\"@type\":\"BreadcrumbList\",\"@id\":\"https:\/\/gerdetect.fr\/de\/Metalldetektorkatalog\/metalldetektor\/titan-500-smart\/#breadcrumb\",\"itemListElement\":[{\"@type\":\"ListItem\",\"position\":1,\"name\":\"Accueil\",\"item\":\"https:\/\/gerdetect.fr\/de\/\"},{\"@type\":\"ListItem\",\"position\":2,\"name\":\"Shop\",\"item\":\"https:\/\/gerdetect.fr\/de\/shop\/\"},{\"@type\":\"ListItem\",\"position\":3,\"name\":\"Titan 500 SMART\"}]},{\"@type\":\"WebSite\",\"@id\":\"https:\/\/gerdetect.fr\/de\/#website\",\"url\":\"https:\/\/gerdetect.fr\/de\/\",\"name\":\"GER DETECT FRANCE\",\"description\":\"D\u00e9tecteur de m\u00e9taux, d&#039;or, diamants, d&#039;eau souterraine, radar de sol | Lille, Paris\",\"potentialAction\":[{\"@type\":\"SearchAction\",\"target\":{\"@type\":\"EntryPoint\",\"urlTemplate\":\"https:\/\/gerdetect.fr\/de\/?s={search_term_string}\"},\"query-input\":{\"@type\":\"PropertyValueSpecification\",\"valueRequired\":true,\"valueName\":\"search_term_string\"}}],\"inLanguage\":\"de\"}]}<\/script>\n<!-- \/ Yoast SEO plugin. -->","yoast_head_json":{"title":"TITAN 500 SMART \u2013 innovativer Diamant- und Metalldetektor","description":"Entdecken Sie die Pr\u00e4zision und Kraft des TITAN 500 SMART. Dieser Edelstein- und Edelmetalldetektor wird Sie nicht entt\u00e4uschen.","robots":{"index":"index","follow":"follow","max-snippet":"max-snippet:-1","max-image-preview":"max-image-preview:large","max-video-preview":"max-video-preview:-1"},"canonical":"https:\/\/gerdetect.fr\/de\/Metalldetektorkatalog\/metalldetektor\/titan-500-smart\/","og_locale":"de_DE","og_type":"article","og_title":"TITAN 500 SMART \u2013 innovativer Diamant- und Metalldetektor","og_description":"Entdecken Sie die Pr\u00e4zision und Kraft des TITAN 500 SMART. Dieser Edelstein- und Edelmetalldetektor wird Sie nicht entt\u00e4uschen.","og_url":"https:\/\/gerdetect.fr\/de\/Metalldetektorkatalog\/metalldetektor\/titan-500-smart\/","og_site_name":"GER DETECT FRANCE","article_modified_time":"2026-01-12T15:03:57+00:00","og_image":[{"width":1048,"height":780,"url":"https:\/\/gerdetect.fr\/wp-content\/uploads\/2022\/09\/TITAN-500-SMART-45.png","type":"image\/png"}],"twitter_card":"summary_large_image","twitter_misc":{"Gesch\u00e4tzte Lesezeit":"5\u00a0Minuten"},"schema":{"@context":"https:\/\/schema.org","@graph":[{"@type":"WebPage","@id":"https:\/\/gerdetect.fr\/de\/Metalldetektorkatalog\/metalldetektor\/titan-500-smart\/","url":"https:\/\/gerdetect.fr\/de\/Metalldetektorkatalog\/metalldetektor\/titan-500-smart\/","name":"TITAN 500 SMART \u2013 innovativer Diamant- und Metalldetektor","isPartOf":{"@id":"https:\/\/gerdetect.fr\/de\/#website"},"primaryImageOfPage":{"@id":"https:\/\/gerdetect.fr\/de\/Metalldetektorkatalog\/metalldetektor\/titan-500-smart\/#primaryimage"},"image":{"@id":"https:\/\/gerdetect.fr\/de\/Metalldetektorkatalog\/metalldetektor\/titan-500-smart\/#primaryimage"},"thumbnailUrl":"https:\/\/gerdetect.fr\/wp-content\/uploads\/2022\/09\/TITAN-500-SMART-45.png","datePublished":"2022-09-21T15:27:32+00:00","dateModified":"2026-01-12T15:03:57+00:00","description":"Entdecken Sie die Pr\u00e4zision und Kraft des TITAN 500 SMART. Dieser Edelstein- und Edelmetalldetektor wird Sie nicht entt\u00e4uschen.","breadcrumb":{"@id":"https:\/\/gerdetect.fr\/de\/Metalldetektorkatalog\/metalldetektor\/titan-500-smart\/#breadcrumb"},"inLanguage":"de","potentialAction":[{"@type":"ReadAction","target":["https:\/\/gerdetect.fr\/de\/Metalldetektorkatalog\/metalldetektor\/titan-500-smart\/"]}]},{"@type":"ImageObject","inLanguage":"de","@id":"https:\/\/gerdetect.fr\/de\/Metalldetektorkatalog\/metalldetektor\/titan-500-smart\/#primaryimage","url":"https:\/\/gerdetect.fr\/wp-content\/uploads\/2022\/09\/TITAN-500-SMART-45.png","contentUrl":"https:\/\/gerdetect.fr\/wp-content\/uploads\/2022\/09\/TITAN-500-SMART-45.png","width":1048,"height":780,"caption":"TITAN 500 SMART"},{"@type":"BreadcrumbList","@id":"https:\/\/gerdetect.fr\/de\/Metalldetektorkatalog\/metalldetektor\/titan-500-smart\/#breadcrumb","itemListElement":[{"@type":"ListItem","position":1,"name":"Accueil","item":"https:\/\/gerdetect.fr\/de\/"},{"@type":"ListItem","position":2,"name":"Shop","item":"https:\/\/gerdetect.fr\/de\/shop\/"},{"@type":"ListItem","position":3,"name":"Titan 500 SMART"}]},{"@type":"WebSite","@id":"https:\/\/gerdetect.fr\/de\/#website","url":"https:\/\/gerdetect.fr\/de\/","name":"GER DETECT FRANCE","description":"D\u00e9tecteur de m\u00e9taux, d&#039;or, diamants, d&#039;eau souterraine, radar de sol | Lille, Paris","potentialAction":[{"@type":"SearchAction","target":{"@type":"EntryPoint","urlTemplate":"https:\/\/gerdetect.fr\/de\/?s={search_term_string}"},"query-input":{"@type":"PropertyValueSpecification","valueRequired":true,"valueName":"search_term_string"}}],"inLanguage":"de"}]}},"_links":{"self":[{"href":"https:\/\/gerdetect.fr\/de\/wp-json\/wp\/v2\/product\/4169","targetHints":{"allow":["GET"]}}],"collection":[{"href":"https:\/\/gerdetect.fr\/de\/wp-json\/wp\/v2\/product"}],"about":[{"href":"https:\/\/gerdetect.fr\/de\/wp-json\/wp\/v2\/types\/product"}],"wp:featuredmedia":[{"embeddable":true,"href":"https:\/\/gerdetect.fr\/de\/wp-json\/wp\/v2\/media\/4168"}],"wp:attachment":[{"href":"https:\/\/gerdetect.fr\/de\/wp-json\/wp\/v2\/media?parent=4169"}],"wp:term":[{"taxonomy":"product_brand","embeddable":true,"href":"https:\/\/gerdetect.fr\/de\/wp-json\/wp\/v2\/product_brand?post=4169"},{"taxonomy":"product_cat","embeddable":true,"href":"https:\/\/gerdetect.fr\/de\/wp-json\/wp\/v2\/product_cat?post=4169"},{"taxonomy":"product_tag","embeddable":true,"href":"https:\/\/gerdetect.fr\/de\/wp-json\/wp\/v2\/product_tag?post=4169"}],"curies":[{"name":"wp","href":"https:\/\/api.w.org\/{rel}","templated":true}]}}