{"id":4189,"date":"2022-07-19T11:50:13","date_gmt":"2022-07-19T09:50:13","guid":{"rendered":"https:\/\/gerdetect.fr\/catalogue-detecteur-de-metaux\/unkategorisiert\/gold-hunter-smart\/"},"modified":"2026-01-12T16:25:33","modified_gmt":"2026-01-12T15:25:33","slug":"gold-hunter-smart","status":"publish","type":"product","link":"https:\/\/gerdetect.fr\/de\/Metalldetektorkatalog\/metalldetektor\/gold-hunter-smart\/","title":{"rendered":"Gold Hunter Smart"},"content":{"rendered":"<div class=\"wpb-content-wrapper\">[vc_row content_placement=&#8221;top&#8221;][vc_column][vc_video link=&#8221;https:\/\/www.youtube.com\/watch?v=6OwbbtdfME8&#8243; align=&#8221;center&#8221;][vc_single_image image=&#8221;4170&#8243; img_size=&#8221;large&#8221; alignment=&#8221;center&#8221;]\n\t\t<div id=\"wd-69db924ce9708\" class=\"title-wrapper wd-wpb set-mb-s reset-last-child  wd-title-color-default wd-title-style-bordered text-center  wd-underline-colored\">\n\t\t\t\n\t\t\t<div class=\"liner-continer\">\n\t\t\t\t<h2 class=\"woodmart-title-container title  wd-font-weight- wd-fontsize-l\" >Eigenschaften des Gold Hunter Smart Detektors:<\/h2>\n\t\t\t\t\t\t\t<\/div>\n\t\t\t\n\t\t\t\n\t\t\t\n\t\t<\/div>\n\t\t\n\t\t[vc_row_inner][vc_column_inner][vc_column_text]Dieses von <a style=\"color: #ff6600;\" href=\"https:\/\/gerdetect.fr\/de\/\">Ger Detect <\/a>angebotene Erkennungsger\u00e4t verf\u00fcgt \u00fcber erweiterte Funktionen. Dank seiner Eigenschaften k\u00f6nnen hier viele vergrabene Sch\u00e4tze gefunden werden: Gold, Edelmetalle und Diamanten. Hier ist eine Liste der Hauptfunktionen des Ger\u00e4ts:  <\/p>\n<ol>\n<li>Supergeschwindigkeit, die es Ihnen erm\u00f6glicht, Ziele schnell zu erfassen und Ihre Metalle und Sch\u00e4tze pr\u00e4zise zu lokalisieren.<\/li>\n<li>Hohe Empfindlichkeit des Detektors, die es erm\u00f6glicht, die Tiefe, in der das Ziel vergraben ist, sehr genau zu bestimmen.<\/li>\n<li>Ein System, das den Kontinent angibt, auf dem nach Ihrem Metall oder Schatz gesucht werden soll. Der Touchscreen bietet Ihnen viele Vorteile und Funktionen wie:\n<ol>\n<li>Zur Messung der Au\u00dfentemperatur ist im Ger\u00e4t ein elektronisches Thermometer enthalten.<\/li>\n<li>Ein digitales Uhrensystem.<\/li>\n<li>Einstellbare Ein-\/Aus-Option zum Ein- oder Ausschalten des Ger\u00e4tetons.<\/li>\n<li>Eine sehr leistungsstarke Antenne, die in der Lage ist, metallische Objekte in gro\u00dfen Suchbereichen zu erkennen.<\/li>\n<li>Eine Radarsuchsch\u00fcssel, die einen besseren Signalempfang erm\u00f6glicht.<\/li>\n<\/ol>\n<\/li>\n<\/ol>\n[\/vc_column_text][\/vc_column_inner][\/vc_row_inner][vc_row_inner][vc_column_inner width=&#8221;1\/2&#8243;][vc_single_image image=&#8221;4171&#8243; img_size=&#8221;large&#8221; alignment=&#8221;center&#8221;][\/vc_column_inner][vc_column_inner width=&#8221;1\/2&#8243;][vc_single_image image=&#8221;4172&#8243; img_size=&#8221;large&#8221; alignment=&#8221;center&#8221;][\/vc_column_inner][\/vc_row_inner][\/vc_column][\/vc_row][vc_row][vc_column]\n\t\t<div id=\"wd-69db924ce97a9\" class=\"title-wrapper wd-wpb set-mb-s reset-last-child  wd-title-color-default wd-title-style-bordered text-center  wd-underline-colored\">\n\t\t\t\n\t\t\t<div class=\"liner-continer\">\n\t\t\t\t<h2 class=\"woodmart-title-container title  wd-font-weight- wd-fontsize-l\" >Die 4 Suchsysteme:<\/h2>\n\t\t\t\t\t\t\t<\/div>\n\t\t\t\n\t\t\t\n\t\t\t\n\t\t<\/div>\n\t\t\n\t\t[vc_row_inner][vc_column_inner width=&#8221;1\/2&#8243;][vc_column_text]F\u00fcr die Suche nach Metallen, H\u00f6hlen oder auch Diamanten bietet der Gold Hunter Smart 4 verschiedene Suchsysteme:<\/p>\n<ol>\n<li>Ein System zum Suchen und Aufsp\u00fcren von Edel- und Nichtedelmetallen. Es erkennt insbesondere: Rohgold, Adern oder Meteoriten, Silber, Zirkonbronze, Kobalt, Coltan, Quecksilber, Kupfer und Eisen. <\/li>\n<li>Ein System, mit dem Sie das Vorhandensein eines unterirdischen Gew\u00f6lbes, von H\u00f6hlen und alten Gr\u00e4bern lokalisieren k\u00f6nnen.<\/li>\n<li>Eine Systemoption zur Suche nach Diamanten.<\/li>\n<li>Zweidimensionale Bildgebung zur Tiefenbestimmung und Analyse der Suchergebnisse.<\/li>\n<\/ol>\n<p>Es ist wichtig zu wissen, dass es sich beim Gold Hunter Smart um einen Metalldetektor mit hoher Erkennungsempfindlichkeit handelt. Tats\u00e4chlich kann das Ger\u00e4t bis zu 50 Meter unter der Erde und 3000 Meter im Vorw\u00e4rtsbereich reichen. <\/p>\n<p>Es ist einfach zu bedienen und sein tragbares System eignet sich f\u00fcr Reisen \u00fcber weite Strecken. Dar\u00fcber hinaus bietet der Detektor sechs Sprachen: Deutsch, Englisch, Franz\u00f6sisch, Spanisch, Italienisch, Arabisch.[\/vc_column_text][\/vc_column_inner][vc_column_inner width=&#8221;1\/2&#8243;][vc_single_image image=&#8221;4173&#8243; img_size=&#8221;large&#8221; alignment=&#8221;center&#8221;][\/vc_column_inner][\/vc_row_inner][vc_column_text]Der Gold Hunter Smart ist ein Ger\u00e4t von BR Systems: einem der besten deutschen Hersteller. Um die Qualit\u00e4t dieses Ger\u00e4ts zu beweisen, sollten Sie wissen, dass es zwei Zertifikate erhalten hat. Das internationale ISO 9001-Zertifikat gem\u00e4\u00df internationalen Spezifikationen und Standards. Aber auch das europ\u00e4ische CE-Zertifikat nach internationalen Vorgaben.[\/vc_column_text][\/vc_column][\/vc_row][vc_row][vc_column]\n\t\t<div id=\"wd-69db924ce97ea\" class=\"title-wrapper wd-wpb set-mb-s reset-last-child  wd-title-color-default wd-title-style-bordered text-center  wd-underline-colored\">\n\t\t\t\n\t\t\t<div class=\"liner-continer\">\n\t\t\t\t<h2 class=\"woodmart-title-container title  wd-font-weight- wd-fontsize-l\" >Technische Daten des Gold Hunter Smart<\/h2>\n\t\t\t\t\t\t\t<\/div>\n\t\t\t\n\t\t\t\n\t\t\t\n\t\t<\/div>\n\t\t\n\t\t[vc_single_image image=&#8221;4174&#8243; img_size=&#8221;large&#8221; alignment=&#8221;center&#8221;][vc_single_image image=&#8221;4175&#8243; img_size=&#8221;large&#8221; alignment=&#8221;center&#8221;][vc_single_image image=&#8221;4176&#8243; img_size=&#8221;large&#8221; alignment=&#8221;center&#8221;][\/vc_column][\/vc_row][vc_row][vc_column]\n\t\t<div id=\"wd-69db924ce982c\" class=\"title-wrapper wd-wpb set-mb-s reset-last-child  wd-title-color-default wd-title-style-bordered text-center  wd-underline-colored\">\n\t\t\t\n\t\t\t<div class=\"liner-continer\">\n\t\t\t\t<h3 class=\"woodmart-title-container title  wd-font-weight- wd-fontsize-l\" >Ger\u00e4tezubeh\u00f6r zur Gew\u00e4hrleistung einer guten Erkennung<\/h3>\n\t\t\t\t\t\t\t<\/div>\n\t\t\t\n\t\t\t\n\t\t\t\n\t\t<\/div>\n\t\t\n\t\t[vc_row_inner][vc_column_inner width=&#8221;1\/3&#8243;][vc_single_image image=&#8221;4177&#8243; add_caption=&#8221;yes&#8221; alignment=&#8221;center&#8221; title=&#8221;Ein Signalverst\u00e4rker&#8221;][\/vc_column_inner][vc_column_inner width=&#8221;1\/3&#8243;][vc_single_image image=&#8221;4178&#8243; add_caption=&#8221;yes&#8221; alignment=&#8221;center&#8221; title=&#8221;Ein zweiter Signalverst\u00e4rker&#8221;][\/vc_column_inner][vc_column_inner width=&#8221;1\/3&#8243;][vc_single_image image=&#8221;4179&#8243; add_caption=&#8221;yes&#8221; alignment=&#8221;center&#8221; title=&#8221;Ein Ladeger\u00e4t&#8221;][\/vc_column_inner][\/vc_row_inner][vc_row_inner][vc_column_inner width=&#8221;1\/3&#8243;][vc_single_image image=&#8221;4180&#8243; add_caption=&#8221;yes&#8221; alignment=&#8221;center&#8221; title=&#8221;Ein Empf\u00e4nger des Signals&#8221;][\/vc_column_inner][vc_column_inner width=&#8221;1\/3&#8243;][vc_single_image image=&#8221;4181&#8243; add_caption=&#8221;yes&#8221; alignment=&#8221;center&#8221; title=&#8221;Eine Sicherheitstasche&#8221;][\/vc_column_inner][vc_column_inner width=&#8221;1\/3&#8243;][vc_single_image image=&#8221;4182&#8243; add_caption=&#8221;yes&#8221; alignment=&#8221;center&#8221; title=&#8221;Eine tolle Antenne&#8221;][\/vc_column_inner][\/vc_row_inner][vc_row_inner][vc_column_inner width=&#8221;1\/3&#8243;][vc_single_image image=&#8221;4183&#8243; add_caption=&#8221;yes&#8221; alignment=&#8221;center&#8221; title=&#8221;Eine Einheitsunterst\u00fctzung&#8221;][\/vc_column_inner][vc_column_inner width=&#8221;1\/3&#8243;][vc_single_image image=&#8221;4184&#8243; add_caption=&#8221;yes&#8221; alignment=&#8221;center&#8221; title=&#8221;Ladeger\u00e4t f\u00fcr Elektroautos&#8221;][\/vc_column_inner][vc_column_inner width=&#8221;1\/3&#8243;][vc_single_image image=&#8221;4185&#8243; add_caption=&#8221;yes&#8221; alignment=&#8221;center&#8221; title=&#8221;Eine Haupteinheit&#8221;][\/vc_column_inner][\/vc_row_inner][\/vc_column][\/vc_row][vc_row][vc_column]\n\t\t<div id=\"wd-69db924ce9865\" class=\"title-wrapper wd-wpb set-mb-s reset-last-child  wd-title-color-default wd-title-style-bordered text-center  wd-underline-colored\">\n\t\t\t\n\t\t\t<div class=\"liner-continer\">\n\t\t\t\t<h3 class=\"woodmart-title-container title  wd-font-weight- wd-fontsize-l\" >Gold Hunter Smart International-Zertifikate<\/h3>\n\t\t\t\t\t\t\t<\/div>\n\t\t\t\n\t\t\t\n\t\t\t\n\t\t<\/div>\n\t\t\n\t\t[vc_row_inner][vc_column_inner width=&#8221;1\/2&#8243;][vc_column_text]\n<p style=\"text-align: center;\">C\u03f5-Zertifizierung Es stellt sicher, dass der Melder den europ\u00e4ischen Normen entspricht: in Bezug auf seinen Betrieb, seine Sicherheit und seine Glaubw\u00fcrdigkeit.<\/p>\n[\/vc_column_text][vc_single_image image=&#8221;4186&#8243; img_size=&#8221;large&#8221; add_caption=&#8221;yes&#8221; alignment=&#8221;center&#8221; title=&#8221;C\u03f5-Zertifizierung&#8221;][\/vc_column_inner][vc_column_inner width=&#8221;1\/2&#8243;][vc_column_text]\n<p style=\"text-align: center;\"><strong>Internationale ISO 9001-Zertifizierung<\/strong><\/p>\n<p style=\"text-align: center;\">Das Ger\u00e4t verf\u00fcgt au\u00dferdem \u00fcber die internationale ISO 9001-Zertifizierung, die sich auf internationale Standards und Spezifikationen bezieht.<\/p>\n[\/vc_column_text][vc_single_image image=&#8221;4187&#8243; img_size=&#8221;large&#8221; add_caption=&#8221;yes&#8221; alignment=&#8221;center&#8221; css_animation=&#8221;none&#8221; title=&#8221;Internationale ISO 9001-Zertifizierung&#8221;][\/vc_column_inner][\/vc_row_inner][\/vc_column][\/vc_row]\n<\/div>","protected":false},"excerpt":{"rendered":"<p>Der Gold Hunter Smart Detektor verf\u00fcgt \u00fcber zahlreiche Funktionen, mit denen Sie nach Gold, unterirdischen Sch\u00e4tzen, Edelmetallen und auch Diamanten im Boden suchen k\u00f6nnen.<\/p>\n","protected":false},"featured_media":4188,"template":"","meta":{"_joinchat":[]},"product_brand":[],"product_cat":[129,131,130,128],"product_tag":[153],"class_list":{"0":"post-4189","1":"product","2":"type-product","3":"status-publish","4":"has-post-thumbnail","6":"product_cat-diamantdetektor","7":"product_cat-golddetektor","8":"product_cat-hohlraumdetektor","9":"product_cat-metalldetektor","10":"product_tag-gerdetect","12":"first","13":"instock","14":"sale","15":"taxable","16":"shipping-taxable","17":"purchasable","18":"product-type-simple"},"yoast_head":"<!-- This site is optimized with the Yoast SEO plugin v26.3 - https:\/\/yoast.com\/wordpress\/plugins\/seo\/ -->\n<title>Gold Hunter Smart: der Golddetektor mit 4 Suchsystemen<\/title>\n<meta name=\"description\" content=\"Der Gold Hunter Smart ist ein funktionsreiches, pr\u00e4zises Suchger\u00e4t zum Auffinden vergrabener Sch\u00e4tze.\" \/>\n<meta name=\"robots\" content=\"index, follow, max-snippet:-1, max-image-preview:large, max-video-preview:-1\" \/>\n<link rel=\"canonical\" href=\"https:\/\/gerdetect.fr\/de\/Metalldetektorkatalog\/metalldetektor\/gold-hunter-smart\/\" \/>\n<meta property=\"og:locale\" content=\"de_DE\" \/>\n<meta property=\"og:type\" content=\"article\" \/>\n<meta property=\"og:title\" content=\"Gold Hunter Smart: der Golddetektor mit 4 Suchsystemen\" \/>\n<meta property=\"og:description\" content=\"Der Gold Hunter Smart ist ein funktionsreiches, pr\u00e4zises Suchger\u00e4t zum Auffinden vergrabener Sch\u00e4tze.\" \/>\n<meta property=\"og:url\" content=\"https:\/\/gerdetect.fr\/de\/Metalldetektorkatalog\/metalldetektor\/gold-hunter-smart\/\" \/>\n<meta property=\"og:site_name\" content=\"GER DETECT FRANCE\" \/>\n<meta property=\"article:modified_time\" content=\"2026-01-12T15:25:33+00:00\" \/>\n<meta property=\"og:image\" content=\"https:\/\/gerdetect.fr\/wp-content\/uploads\/2022\/07\/Gold_Hunter_Smart-GER-Detect.png\" \/>\n\t<meta property=\"og:image:width\" content=\"666\" \/>\n\t<meta property=\"og:image:height\" content=\"375\" \/>\n\t<meta property=\"og:image:type\" content=\"image\/png\" \/>\n<meta name=\"twitter:card\" content=\"summary_large_image\" \/>\n<meta name=\"twitter:label1\" content=\"Gesch\u00e4tzte Lesezeit\" \/>\n\t<meta name=\"twitter:data1\" content=\"5\u00a0Minuten\" \/>\n<script type=\"application\/ld+json\" class=\"yoast-schema-graph\">{\"@context\":\"https:\/\/schema.org\",\"@graph\":[{\"@type\":\"WebPage\",\"@id\":\"https:\/\/gerdetect.fr\/de\/Metalldetektorkatalog\/metalldetektor\/gold-hunter-smart\/\",\"url\":\"https:\/\/gerdetect.fr\/de\/Metalldetektorkatalog\/metalldetektor\/gold-hunter-smart\/\",\"name\":\"Gold Hunter Smart: der Golddetektor mit 4 Suchsystemen\",\"isPartOf\":{\"@id\":\"https:\/\/gerdetect.fr\/de\/#website\"},\"primaryImageOfPage\":{\"@id\":\"https:\/\/gerdetect.fr\/de\/Metalldetektorkatalog\/metalldetektor\/gold-hunter-smart\/#primaryimage\"},\"image\":{\"@id\":\"https:\/\/gerdetect.fr\/de\/Metalldetektorkatalog\/metalldetektor\/gold-hunter-smart\/#primaryimage\"},\"thumbnailUrl\":\"https:\/\/gerdetect.fr\/wp-content\/uploads\/2022\/07\/Gold_Hunter_Smart-GER-Detect.png\",\"datePublished\":\"2022-07-19T09:50:13+00:00\",\"dateModified\":\"2026-01-12T15:25:33+00:00\",\"description\":\"Der Gold Hunter Smart ist ein funktionsreiches, pr\u00e4zises Suchger\u00e4t zum Auffinden vergrabener Sch\u00e4tze.\",\"breadcrumb\":{\"@id\":\"https:\/\/gerdetect.fr\/de\/Metalldetektorkatalog\/metalldetektor\/gold-hunter-smart\/#breadcrumb\"},\"inLanguage\":\"de\",\"potentialAction\":[{\"@type\":\"ReadAction\",\"target\":[\"https:\/\/gerdetect.fr\/de\/Metalldetektorkatalog\/metalldetektor\/gold-hunter-smart\/\"]}]},{\"@type\":\"ImageObject\",\"inLanguage\":\"de\",\"@id\":\"https:\/\/gerdetect.fr\/de\/Metalldetektorkatalog\/metalldetektor\/gold-hunter-smart\/#primaryimage\",\"url\":\"https:\/\/gerdetect.fr\/wp-content\/uploads\/2022\/07\/Gold_Hunter_Smart-GER-Detect.png\",\"contentUrl\":\"https:\/\/gerdetect.fr\/wp-content\/uploads\/2022\/07\/Gold_Hunter_Smart-GER-Detect.png\",\"width\":666,\"height\":375,\"caption\":\"Gold Hunter Smart\"},{\"@type\":\"BreadcrumbList\",\"@id\":\"https:\/\/gerdetect.fr\/de\/Metalldetektorkatalog\/metalldetektor\/gold-hunter-smart\/#breadcrumb\",\"itemListElement\":[{\"@type\":\"ListItem\",\"position\":1,\"name\":\"Accueil\",\"item\":\"https:\/\/gerdetect.fr\/de\/\"},{\"@type\":\"ListItem\",\"position\":2,\"name\":\"Shop\",\"item\":\"https:\/\/gerdetect.fr\/de\/shop\/\"},{\"@type\":\"ListItem\",\"position\":3,\"name\":\"Gold Hunter Smart\"}]},{\"@type\":\"WebSite\",\"@id\":\"https:\/\/gerdetect.fr\/de\/#website\",\"url\":\"https:\/\/gerdetect.fr\/de\/\",\"name\":\"GER DETECT FRANCE\",\"description\":\"D\u00e9tecteur de m\u00e9taux, d&#039;or, diamants, d&#039;eau souterraine, radar de sol | Lille, Paris\",\"potentialAction\":[{\"@type\":\"SearchAction\",\"target\":{\"@type\":\"EntryPoint\",\"urlTemplate\":\"https:\/\/gerdetect.fr\/de\/?s={search_term_string}\"},\"query-input\":{\"@type\":\"PropertyValueSpecification\",\"valueRequired\":true,\"valueName\":\"search_term_string\"}}],\"inLanguage\":\"de\"}]}<\/script>\n<!-- \/ Yoast SEO plugin. -->","yoast_head_json":{"title":"Gold Hunter Smart: der Golddetektor mit 4 Suchsystemen","description":"Der Gold Hunter Smart ist ein funktionsreiches, pr\u00e4zises Suchger\u00e4t zum Auffinden vergrabener Sch\u00e4tze.","robots":{"index":"index","follow":"follow","max-snippet":"max-snippet:-1","max-image-preview":"max-image-preview:large","max-video-preview":"max-video-preview:-1"},"canonical":"https:\/\/gerdetect.fr\/de\/Metalldetektorkatalog\/metalldetektor\/gold-hunter-smart\/","og_locale":"de_DE","og_type":"article","og_title":"Gold Hunter Smart: der Golddetektor mit 4 Suchsystemen","og_description":"Der Gold Hunter Smart ist ein funktionsreiches, pr\u00e4zises Suchger\u00e4t zum Auffinden vergrabener Sch\u00e4tze.","og_url":"https:\/\/gerdetect.fr\/de\/Metalldetektorkatalog\/metalldetektor\/gold-hunter-smart\/","og_site_name":"GER DETECT FRANCE","article_modified_time":"2026-01-12T15:25:33+00:00","og_image":[{"width":666,"height":375,"url":"https:\/\/gerdetect.fr\/wp-content\/uploads\/2022\/07\/Gold_Hunter_Smart-GER-Detect.png","type":"image\/png"}],"twitter_card":"summary_large_image","twitter_misc":{"Gesch\u00e4tzte Lesezeit":"5\u00a0Minuten"},"schema":{"@context":"https:\/\/schema.org","@graph":[{"@type":"WebPage","@id":"https:\/\/gerdetect.fr\/de\/Metalldetektorkatalog\/metalldetektor\/gold-hunter-smart\/","url":"https:\/\/gerdetect.fr\/de\/Metalldetektorkatalog\/metalldetektor\/gold-hunter-smart\/","name":"Gold Hunter Smart: der Golddetektor mit 4 Suchsystemen","isPartOf":{"@id":"https:\/\/gerdetect.fr\/de\/#website"},"primaryImageOfPage":{"@id":"https:\/\/gerdetect.fr\/de\/Metalldetektorkatalog\/metalldetektor\/gold-hunter-smart\/#primaryimage"},"image":{"@id":"https:\/\/gerdetect.fr\/de\/Metalldetektorkatalog\/metalldetektor\/gold-hunter-smart\/#primaryimage"},"thumbnailUrl":"https:\/\/gerdetect.fr\/wp-content\/uploads\/2022\/07\/Gold_Hunter_Smart-GER-Detect.png","datePublished":"2022-07-19T09:50:13+00:00","dateModified":"2026-01-12T15:25:33+00:00","description":"Der Gold Hunter Smart ist ein funktionsreiches, pr\u00e4zises Suchger\u00e4t zum Auffinden vergrabener Sch\u00e4tze.","breadcrumb":{"@id":"https:\/\/gerdetect.fr\/de\/Metalldetektorkatalog\/metalldetektor\/gold-hunter-smart\/#breadcrumb"},"inLanguage":"de","potentialAction":[{"@type":"ReadAction","target":["https:\/\/gerdetect.fr\/de\/Metalldetektorkatalog\/metalldetektor\/gold-hunter-smart\/"]}]},{"@type":"ImageObject","inLanguage":"de","@id":"https:\/\/gerdetect.fr\/de\/Metalldetektorkatalog\/metalldetektor\/gold-hunter-smart\/#primaryimage","url":"https:\/\/gerdetect.fr\/wp-content\/uploads\/2022\/07\/Gold_Hunter_Smart-GER-Detect.png","contentUrl":"https:\/\/gerdetect.fr\/wp-content\/uploads\/2022\/07\/Gold_Hunter_Smart-GER-Detect.png","width":666,"height":375,"caption":"Gold Hunter Smart"},{"@type":"BreadcrumbList","@id":"https:\/\/gerdetect.fr\/de\/Metalldetektorkatalog\/metalldetektor\/gold-hunter-smart\/#breadcrumb","itemListElement":[{"@type":"ListItem","position":1,"name":"Accueil","item":"https:\/\/gerdetect.fr\/de\/"},{"@type":"ListItem","position":2,"name":"Shop","item":"https:\/\/gerdetect.fr\/de\/shop\/"},{"@type":"ListItem","position":3,"name":"Gold Hunter Smart"}]},{"@type":"WebSite","@id":"https:\/\/gerdetect.fr\/de\/#website","url":"https:\/\/gerdetect.fr\/de\/","name":"GER DETECT FRANCE","description":"D\u00e9tecteur de m\u00e9taux, d&#039;or, diamants, d&#039;eau souterraine, radar de sol | Lille, Paris","potentialAction":[{"@type":"SearchAction","target":{"@type":"EntryPoint","urlTemplate":"https:\/\/gerdetect.fr\/de\/?s={search_term_string}"},"query-input":{"@type":"PropertyValueSpecification","valueRequired":true,"valueName":"search_term_string"}}],"inLanguage":"de"}]}},"_links":{"self":[{"href":"https:\/\/gerdetect.fr\/de\/wp-json\/wp\/v2\/product\/4189","targetHints":{"allow":["GET"]}}],"collection":[{"href":"https:\/\/gerdetect.fr\/de\/wp-json\/wp\/v2\/product"}],"about":[{"href":"https:\/\/gerdetect.fr\/de\/wp-json\/wp\/v2\/types\/product"}],"wp:featuredmedia":[{"embeddable":true,"href":"https:\/\/gerdetect.fr\/de\/wp-json\/wp\/v2\/media\/4188"}],"wp:attachment":[{"href":"https:\/\/gerdetect.fr\/de\/wp-json\/wp\/v2\/media?parent=4189"}],"wp:term":[{"taxonomy":"product_brand","embeddable":true,"href":"https:\/\/gerdetect.fr\/de\/wp-json\/wp\/v2\/product_brand?post=4189"},{"taxonomy":"product_cat","embeddable":true,"href":"https:\/\/gerdetect.fr\/de\/wp-json\/wp\/v2\/product_cat?post=4189"},{"taxonomy":"product_tag","embeddable":true,"href":"https:\/\/gerdetect.fr\/de\/wp-json\/wp\/v2\/product_tag?post=4189"}],"curies":[{"name":"wp","href":"https:\/\/api.w.org\/{rel}","templated":true}]}}