{"id":4212,"date":"2021-10-14T10:34:54","date_gmt":"2021-10-14T08:34:54","guid":{"rendered":"https:\/\/gerdetect.fr\/catalogue-detecteur-de-metaux\/unkategorisiert\/titan-400-smart\/"},"modified":"2026-03-07T17:18:13","modified_gmt":"2026-03-07T16:18:13","slug":"titan-400-smart","status":"publish","type":"product","link":"https:\/\/gerdetect.fr\/de\/Metalldetektorkatalog\/metalldetektor\/titan-400-smart\/","title":{"rendered":"Titan 400 smart"},"content":{"rendered":"<div class=\"wpb-content-wrapper\">[vc_row content_placement=&#8221;top&#8221;][vc_column][vc_row_inner][vc_column_inner][vc_column_text]Dank seiner automatischen Hochfrequenzkalibrierung kann der Titan 400 SMART Mineralgesteine, Sedimentgesteine, magmatische und metamorphe Gesteine \u200b\u200bablenken. Letztere bestehen tats\u00e4chlich aus Basalt und Granit, also Gesteinen, die die auf dem Markt erh\u00e4ltlichen Ger\u00e4te daran hindern, ihre Arbeit zu erledigen. Tats\u00e4chlich k\u00f6nnen diese Gesteine \u200b\u200baufgrund ihrer Umwandlung in Gesteinsgewebe und aufgrund ihrer chemischen Reaktion mit der Erde die Arbeit der Ger\u00e4te erschweren. Dar\u00fcber hinaus kann das Ger\u00e4t bei der Installation der Systeme automatisch auf die Suchsysteme umschalten. Der Titan ist der ideale Verb\u00fcndete f\u00fcr alle Ihre Ausgrabungen.<a style=\"color: #ff6600;\" href=\"https:\/\/gerdetect.fr\/de\/\"> Ger Detect<\/a> pr\u00e4sentiert dieses Juwel der Metallsuche.[\/vc_column_text][\/vc_column_inner][\/vc_row_inner][\/vc_column][\/vc_row][vc_row][vc_column]\n\t\t<div id=\"wd-69db925b0f3a8\" class=\"title-wrapper wd-wpb set-mb-s reset-last-child  wd-title-color-default wd-title-style-bordered text-center  wd-underline-colored\">\n\t\t\t\n\t\t\t<div class=\"liner-continer\">\n\t\t\t\t<h2 class=\"woodmart-title-container title  wd-font-weight- wd-fontsize-l\" >Die Hauptmerkmale des Systems<\/h2>\n\t\t\t\t\t\t\t<\/div>\n\t\t\t\n\t\t\t\n\t\t\t\n\t\t<\/div>\n\t\t\n\t\t[vc_row_inner][vc_column_inner][vc_column_text]Erstens ein System namens VLF, das jede Art von Metall erkennen kann. Dann verf\u00fcgt es \u00fcber eine einstellbare M\u00f6glichkeit zur Suche nach Ionenfeldern. Dar\u00fcber hinaus verf\u00fcgt das Ger\u00e4t \u00fcber eine Einstellm\u00f6glichkeit f\u00fcr die Fernsuche. Au\u00dferdem verf\u00fcgt das Ger\u00e4t \u00fcber einen bestimmten Batterietyp. Tats\u00e4chlich verf\u00fcgt sein 27-Wh-Lithium-Ionen-Akku \u00fcber eine hohe Energiedichte mit einer Kapazit\u00e4t von 10 Stunden. Sie k\u00f6nnen den Akku problemlos aufladen. Dar\u00fcber hinaus k\u00f6nnen Sie im Falle einer \u00dcberlastung oder \u00dcberhitzung mit einer zweij\u00e4hrigen Garantie rechnen. Der intelligente <a style=\"color: #ff6600;\" href=\"https:\/\/gerdetect.fr\/de\/Detektortypen\/metalldetektor\/\">Metalldetektor<\/a> Titan 400 ist daher ein gro\u00dfartiger Verb\u00fcndeter bei Ihrer Prospektion.[\/vc_column_text][\/vc_column_inner][\/vc_row_inner][\/vc_column][\/vc_row][vc_row][vc_column width=&#8221;1\/2&#8243;]\n\t\t<div id=\"wd-69db925b0f454\" class=\"title-wrapper wd-wpb set-mb-s reset-last-child  wd-title-color-default wd-title-style-bordered text-center  wd-underline-colored\">\n\t\t\t\n\t\t\t<div class=\"liner-continer\">\n\t\t\t\t<h2 class=\"woodmart-title-container title  wd-font-weight- wd-fontsize-l\" >Intelligente Titan 400-Systeme<\/h2>\n\t\t\t\t\t\t\t<\/div>\n\t\t\t\n\t\t\t\n\t\t\t\n\t\t<\/div>\n\t\t\n\t\t[vc_column_text]Ein Fernsystem:<\/p>\n<ul>\n<li>Es ist \u00e4u\u00dferst pr\u00e4zise in der Identifizierung und Lokalisierung und kann den erforderlichen Abstand von einem Quadratmeter markieren.<br \/>\nDas Ger\u00e4t zeigt zu Beginn seiner Suche Lichtsignale auf seinem Bildschirm an, um zu signalisieren, dass es sein Ziel gefunden hat<\/li>\n<li>Wenn ein Signal vorhanden ist, nutzt das Ger\u00e4t drei Funktionen, um die Erkennung seines Ziels zu erm\u00f6glichen<\/li>\n<li>Der Signalempf\u00e4nger dreht sich in Richtung seines Ziels<\/li>\n<li>Der intelligente Bildschirm zeigt die Zielrichtung an<\/li>\n<li>Bewegt sich der Signalempf\u00e4nger auf sein Ziel zu, gibt er einen Piepton ab<\/li>\n<li>Das Ger\u00e4t nutzt die vier Richtungen, um die genaue Richtung seines Ziels anzuzeigen<\/li>\n<li>Das Signal dreht sich, wenn Sie das Signal verfolgt haben. Dies bedeutet, dass Sie das Ziel passiert haben.<\/li>\n<li>Verkleinert den Suchbereich, indem es als zentrales zu best\u00e4tigendes Element angezeigt wird<\/li>\n<li>Anhand der Richtungen (S\u00fcd-Nord, Nord-S\u00fcd, West-Ost, Ost-West) k\u00f6nnen Sie den Standort des Ziels best\u00e4tigen.<\/li>\n<\/ul>\n[\/vc_column_text][\/vc_column][vc_column width=&#8221;1\/2&#8243;][vc_single_image image=&#8221;4190&#8243; img_size=&#8221;large&#8221; alignment=&#8221;center&#8221;][\/vc_column][\/vc_row][vc_row][vc_column]\n\t\t<div id=\"wd-69db925b0f493\" class=\"title-wrapper wd-wpb set-mb-s reset-last-child  wd-title-color-default wd-title-style-bordered text-center  wd-underline-colored\">\n\t\t\t\n\t\t\t<div class=\"liner-continer\">\n\t\t\t\t<h3 class=\"woodmart-title-container title  wd-font-weight- wd-fontsize-l\" >Die Hauptmerkmale des Titan 400 Smart Systems <\/h3>\n\t\t\t\t\t\t\t<\/div>\n\t\t\t\n\t\t\t\n\t\t\t\n\t\t<\/div>\n\t\t\n\t\t[vc_column_text]\n<ul>\n<li>Zielanzeigemarkierung<\/li>\n<li>Der vordere Bereich des Ger\u00e4ts<\/li>\n<li>Gibt den Grad der Empfindlichkeit an<\/li>\n<li>Wahl der Reichweiteneinstellung f\u00fcr die abzudeckenden Felder (100 Meter bis 500 bis 1000-1500-2000-2500-3000 Quadratmeter)<\/li>\n<li>Steuerung der Empfindlichkeitsstufe<\/li>\n<li>Das Langstreckensystem reicht bis 25 Meter unter der Erde<\/li>\n<\/ul>\n[\/vc_column_text][\/vc_column][\/vc_row][vc_row][vc_column width=&#8221;1\/2&#8243;][vc_single_image image=&#8221;4191&#8243; img_size=&#8221;large&#8221; alignment=&#8221;center&#8221;][\/vc_column][vc_column width=&#8221;1\/2&#8243;]\n\t\t<div id=\"wd-69db925b0f4c1\" class=\"title-wrapper wd-wpb set-mb-s reset-last-child  wd-title-color-default wd-title-style-bordered text-center  wd-underline-colored\">\n\t\t\t\n\t\t\t<div class=\"liner-continer\">\n\t\t\t\t<h3 class=\"woodmart-title-container title  wd-font-weight- wd-fontsize-l\" >Suche nach Ionenfeldern: <\/h3>\n\t\t\t\t\t\t\t<\/div>\n\t\t\t\n\t\t\t\n\t\t\t\n\t\t<\/div>\n\t\t\n\t\t[vc_column_text]Ein Fernsystem:<\/p>\n<ul>\n<li>Das System dient der Erkennung von Ionenfeldern, die sich um Gold und verborgene Sch\u00e4tze bilden.<\/li>\n<li>Bewegen Sie Ihren Detektor von rechts nach links, bis Sie einen Winkel von 180 Grad erhalten<\/li>\n<li>Wenn Sie einen Piepton h\u00f6ren und eine Anzeige auf dem Bildschirm erscheint, bedeutet dies, dass Sie Ihr Ziel gefunden haben<\/li>\n<li>Bewegen Sie das Ger\u00e4t nach dem Signalton auf und ab<\/li>\n<li>Wenn der Ton des Ger\u00e4ts schneller wird, bedeutet das, dass Sie sich in der N\u00e4he des Ziels befinden<\/li>\n<li>Sie k\u00f6nnen das System beim Fahren aller Elektrofahrzeuge und anderer herk\u00f6mmlicher Fahrzeuge nutzen<\/li>\n<li>Das Ger\u00e4t kann bis zu 25 Meter unter der Erde eingesetzt werden<\/li>\n<li>Das Ger\u00e4t hat eine Reichweite von 3000 Metern<\/li>\n<\/ul>\n[\/vc_column_text][\/vc_column][\/vc_row][vc_row][vc_column]\n\t\t<div id=\"wd-69db925b0f4ea\" class=\"title-wrapper wd-wpb set-mb-s reset-last-child  wd-title-color-default wd-title-style-bordered text-center  wd-underline-colored\">\n\t\t\t\n\t\t\t<div class=\"liner-continer\">\n\t\t\t\t<h3 class=\"woodmart-title-container title  wd-font-weight- wd-fontsize-l\" >Das vlf-Metalldetektionssystem: <\/h3>\n\t\t\t\t\t\t\t<\/div>\n\t\t\t\n\t\t\t\n\t\t\t\n\t\t<\/div>\n\t\t\n\t\t[vc_column_text]\n<ul>\n<li>Das VLF-System ist ein fortschrittliches, hochpr\u00e4zises automatisches Mittel zur Metallidentifizierung. Dar\u00fcber hinaus kann das Ger\u00e4t bis zu einer Tiefe von 3 Metern unter der Erde eingesetzt werden. <\/li>\n<li>Ein gel\u00e4ndeg\u00e4ngiges System, das sich an alle B\u00f6den anpassen l\u00e4sst, egal ob feucht, aus Mineralsalzen oder sogar Mineralgesteinen.<\/li>\n<\/ul>\n<p>Mais aussi :<\/p>\n<ul>\n<li>Ein System, das Edelmetalle unterscheidet. Tats\u00e4chlich kann es Signale von eisenhaltigen oder unedlen Zielen unterdr\u00fccken. Dadurch k\u00f6nnen Sie beispielsweise nur nach Edelmetallen (M\u00fcnzen, Silber, Bronze, Kobalt) suchen. Aber es ist auch ein ausgezeichneter Golddetektor.<\/li>\n<li>Unterscheidet zwischen Edel- und Nichtedelmetallen. Dar\u00fcber hinaus sucht das Ger\u00e4t mit hoher Pr\u00e4zision nach allen Metallen. <\/li>\n<\/ul>\n[\/vc_column_text][vc_single_image image=&#8221;4192&#8243; img_size=&#8221;large&#8221; alignment=&#8221;center&#8221;][\/vc_column][\/vc_row][vc_row][vc_column]\n\t\t<div id=\"wd-69db925b0f52f\" class=\"title-wrapper wd-wpb set-mb-s reset-last-child  wd-title-color-default wd-title-style-bordered text-center  wd-underline-colored\">\n\t\t\t\n\t\t\t<div class=\"liner-continer\">\n\t\t\t\t<h2 class=\"woodmart-title-container title  wd-font-weight- wd-fontsize-l\" >Mehrere Indikatoren f\u00fcr den VLF-Bildschirm:<\/h2>\n\t\t\t\t\t\t\t<\/div>\n\t\t\t\n\t\t\t\n\t\t\t\n\t\t<\/div>\n\t\t\n\t\t[vc_column_text]\n<ul>\n<li>Eine Markierung, die den Gehalt an Eisenmetallen (nicht edlen Metallen) anzeigt.<\/li>\n<li>Ein Marker, der den Gehalt an Edelmetallen (Nichteisenmetallen) anzeigt.<\/li>\n<li>Eine negative und eine positive Taste, die die Empfindlichkeitsstufe der Suchsenderspule steuert<\/li>\n<li>Mit der Schaltfl\u00e4che \u201ex\u201c k\u00f6nnen Sie das Eisen \u201eignorieren\u201c<\/li>\n<\/ul>\n<p>Das Ger\u00e4t ist in der Lage, sehr schnell zwischen Edel- und Nichtedelmetallen zu unterscheiden. Dar\u00fcber hinaus reicht die Tiefe des VLF-Systems bis zu 3 Meter unter der Erde. Das Titan 400 SMART-Ger\u00e4t verf\u00fcgt \u00fcber eine europ\u00e4ische CE-Zertifizierung und erf\u00fcllt internationale Fertigungsstandards. Dar\u00fcber hinaus verf\u00fcgt er \u00fcber eine ISO 9001-Zertifizierung und gilt als bester deutscher Metalldetektor. Der Vorteil des Detektors besteht au\u00dferdem darin, dass er in allen Regionen aller L\u00e4nder funktionieren kann.[\/vc_column_text][vc_single_image image=&#8221;4193&#8243; img_size=&#8221;large&#8221; alignment=&#8221;center&#8221;][\/vc_column][\/vc_row][vc_row][vc_column width=&#8221;1\/2&#8243;]\n\t\t<div id=\"wd-69db925b0f55f\" class=\"title-wrapper wd-wpb set-mb-s reset-last-child  wd-title-color-default wd-title-style-bordered text-center  wd-underline-colored\">\n\t\t\t\n\t\t\t<div class=\"liner-continer\">\n\t\t\t\t<h2 class=\"woodmart-title-container title  wd-font-weight- wd-fontsize-l\" >Technische Spezifikationen<\/h2>\n\t\t\t\t\t\t\t<\/div>\n\t\t\t\n\t\t\t\n\t\t\t\n\t\t<\/div>\n\t\t\n\t\t[vc_column_text]<strong>Name der technischen Spezifikation \/ Wert der technischen Spezifikation<\/strong><\/p>\n<ul>\n<li>Fl\u00fcssigkristallanzeige (LCD): Farb-Touchscreen 98 mm x 57 mm \/ 480 x 270 Pixel<\/li>\n<li>Longueur :\n<ul>\n<li>Appareil : 157mm<\/li>\n<li>Bildgebender und magnetischer Sensor 955 mm (geschlossen)<\/li>\n<li>Bildgebungs- und Magnetsensor 1345 mm (offen)<\/li>\n<li>Capteur ionique 342mm<\/li>\n<li>Weitbereichssensor 297 mm<\/li>\n<\/ul>\n<\/li>\n<li>Frequenz: maximal 500 kHz<\/li>\n<li>VLF-Frequenzsystem: Betriebstemperaturbereich<\/li>\n<li>Betriebstemperaturbereich: 0 \u00b0C bis 70 \u00b0C<\/li>\n<li>Betriebsfeuchtigkeitsbereich: bis zu 95 % nicht kondensierend<\/li>\n<li>Lagertemperaturbereich: -20 \u00b0C bis 70 \u00b0C<\/li>\n<li>Lagerfeuchtigkeitsbereich: bis zu 98 % relative Luftfeuchtigkeit<\/li>\n<li>Wasserdichtigkeitsklasse\n<ul>\n<li>Detektor: nicht wasserdicht (nur wetterfest)<\/li>\n<li>Spule: wasserdicht bis zu einer Tiefe von (30 cm)<\/li>\n<\/ul>\n<\/li>\n<li>Betriebszeit (27-Wh-Akku): 10 Stunden<\/li>\n<li>Bluetooth : Tw5200 &#8211; Casque Bluetooth radio 2,4 GHz<\/li>\n<li>Bobine : \u00d8=30cm<\/li>\n<\/ul>\n[\/vc_column_text][vc_single_image image=&#8221;4194&#8243; img_size=&#8221;large&#8221; alignment=&#8221;center&#8221;][\/vc_column][vc_column width=&#8221;1\/2&#8243;][vc_column_text]<strong>Technische Daten des Li-Ionen-Akkus<\/strong><\/p>\n<ul>\n<li>Type : Batterie rechargeable Li-ion &#8211; Batterie interne<\/li>\n<li>Ausgangsspannung: Li-Ion 3,7 V DC<\/li>\n<li>Capacit\u00e9 : Li-ion 27 Wh<\/li>\n<li>Dauer: 10 Stunden<\/li>\n<li>Betriebstemperatur der Batterie: 0 \u00b0C bis 50 \u00b0C<\/li>\n<li>Batterielagertemperatur: &#8211; 5 \u00b0C bis 70 \u00b0C<\/li>\n<li>Batteriegewicht: 135 Gramm<\/li>\n<\/ul>\n<p><strong>Technische Daten des Li-Ionen-Akkuladeger\u00e4ts<\/strong><\/p>\n<ul>\n<li>Betriebstemperatur: 0 \u00b0C bis 50 \u00b0C<\/li>\n<li>Lagertemperatur: &#8211; 30 \u00b0C bis 80 \u00b0C<\/li>\n<li>Eingangsspannung: 90 \u2192 250 VAC 50 \u2192 60 Hz<\/li>\n<li>Sortie : 5 VCC \/ 2100 mA<\/li>\n<\/ul>\n<p><strong>Weitere technische Spezifikationen<\/strong><\/p>\n<ul>\n<li>Poids total : 6620 g<\/li>\n<li>Ger\u00e4tegewicht: 595 g<\/li>\n<li>Spulengewicht: 675 g<\/li>\n<li>Beutelgewicht (leer): 3150 g<\/li>\n<li>Taschenabmessungen: 620 mm x 430 mm x 200 mm<\/li>\n<\/ul>\n[\/vc_column_text][\/vc_column][\/vc_row][vc_row][vc_column]\n\t\t<div id=\"wd-69db925b0f59a\" class=\"title-wrapper wd-wpb set-mb-s reset-last-child  wd-title-color-default wd-title-style-bordered text-center  wd-underline-colored\">\n\t\t\t\n\t\t\t<div class=\"liner-continer\">\n\t\t\t\t<h2 class=\"woodmart-title-container title  wd-font-weight- wd-fontsize-l\" >Accessoires<\/h2>\n\t\t\t\t\t\t\t<\/div>\n\t\t\t\n\t\t\t\n\t\t\t\n\t\t<\/div>\n\t\t\n\t\t[vc_row_inner][vc_column_inner width=&#8221;1\/3&#8243;][vc_single_image image=&#8221;4195&#8243; img_size=&#8221;medium&#8221; add_caption=&#8221;yes&#8221; alignment=&#8221;center&#8221;][\/vc_column_inner][vc_column_inner width=&#8221;1\/3&#8243;][vc_single_image image=&#8221;4196&#8243; img_size=&#8221;medium&#8221; add_caption=&#8221;yes&#8221;][\/vc_column_inner][vc_column_inner width=&#8221;1\/3&#8243;][vc_single_image image=&#8221;4197&#8243; img_size=&#8221;medium&#8221; add_caption=&#8221;yes&#8221;][\/vc_column_inner][\/vc_row_inner][vc_row_inner][vc_column_inner width=&#8221;1\/3&#8243;][vc_single_image image=&#8221;4198&#8243; img_size=&#8221;medium&#8221; add_caption=&#8221;yes&#8221; alignment=&#8221;center&#8221;][\/vc_column_inner][vc_column_inner width=&#8221;1\/3&#8243;][vc_single_image image=&#8221;4199&#8243; img_size=&#8221;medium&#8221; add_caption=&#8221;yes&#8221; alignment=&#8221;center&#8221;][\/vc_column_inner][vc_column_inner width=&#8221;1\/3&#8243;][vc_single_image image=&#8221;4200&#8243; img_size=&#8221;medium&#8221; add_caption=&#8221;yes&#8221; alignment=&#8221;center&#8221;][\/vc_column_inner][\/vc_row_inner][vc_row_inner][vc_column_inner width=&#8221;1\/3&#8243;][vc_single_image image=&#8221;4201&#8243; img_size=&#8221;medium&#8221; add_caption=&#8221;yes&#8221; alignment=&#8221;center&#8221;][\/vc_column_inner][vc_column_inner width=&#8221;1\/3&#8243;][vc_single_image image=&#8221;4202&#8243; img_size=&#8221;medium&#8221; add_caption=&#8221;yes&#8221; alignment=&#8221;center&#8221;][\/vc_column_inner][vc_column_inner width=&#8221;1\/3&#8243;][vc_single_image image=&#8221;4203&#8243; img_size=&#8221;medium&#8221; add_caption=&#8221;yes&#8221; alignment=&#8221;center&#8221;][\/vc_column_inner][\/vc_row_inner][vc_row_inner][vc_column_inner width=&#8221;1\/3&#8243;][vc_single_image image=&#8221;4204&#8243; img_size=&#8221;medium&#8221; add_caption=&#8221;yes&#8221; alignment=&#8221;center&#8221;][\/vc_column_inner][vc_column_inner width=&#8221;1\/3&#8243;][vc_single_image image=&#8221;4205&#8243; img_size=&#8221;medium&#8221; add_caption=&#8221;yes&#8221; alignment=&#8221;center&#8221;][\/vc_column_inner][vc_column_inner width=&#8221;1\/3&#8243;][vc_single_image image=&#8221;4206&#8243; img_size=&#8221;medium&#8221; add_caption=&#8221;yes&#8221; alignment=&#8221;center&#8221;][\/vc_column_inner][\/vc_row_inner][vc_row_inner][vc_column_inner width=&#8221;1\/3&#8243;][vc_single_image image=&#8221;4207&#8243; img_size=&#8221;medium&#8221; add_caption=&#8221;yes&#8221; alignment=&#8221;center&#8221;][\/vc_column_inner][vc_column_inner width=&#8221;1\/3&#8243;][vc_single_image image=&#8221;4208&#8243; img_size=&#8221;medium&#8221; add_caption=&#8221;yes&#8221; alignment=&#8221;center&#8221;][\/vc_column_inner][vc_column_inner width=&#8221;1\/3&#8243;][vc_single_image image=&#8221;4209&#8243; img_size=&#8221;medium&#8221; add_caption=&#8221;yes&#8221; alignment=&#8221;center&#8221;][\/vc_column_inner][\/vc_row_inner][vc_row_inner][vc_column_inner width=&#8221;1\/3&#8243;][vc_single_image image=&#8221;4210&#8243; img_size=&#8221;medium&#8221; add_caption=&#8221;yes&#8221; alignment=&#8221;center&#8221;][\/vc_column_inner][\/vc_row_inner][\/vc_column][\/vc_row]\n<\/div>","protected":false},"excerpt":{"rendered":"<p>Einzigartig und weltweit einzigartig: Der hochempfindliche Metalldetektor Titan 400 SMART verf\u00fcgt \u00fcber ein neues und auff\u00e4lliges Design. Erstens ist es sehr ergonomisch und zweitens ist es an jedes Gel\u00e4nde anpassbar. Dar\u00fcber hinaus passt sich das Titan 400 SMART-Ger\u00e4t allen Metallen und allen Klimazonen an. Wenn Sie eine unvergessliche Schatzsuche erleben m\u00f6chten, dann ist das der Titan 400 SMART. Unter allen Metalldetektoren ist der Titan 400 SMART der Beste.    <\/p>\n","protected":false},"featured_media":4211,"template":"","meta":{"_joinchat":[]},"product_brand":[],"product_cat":[131,128],"product_tag":[153],"class_list":{"0":"post-4212","1":"product","2":"type-product","3":"status-publish","4":"has-post-thumbnail","6":"product_cat-golddetektor","7":"product_cat-metalldetektor","8":"product_tag-gerdetect","10":"first","11":"instock","12":"sale","13":"taxable","14":"shipping-taxable","15":"purchasable","16":"product-type-simple"},"yoast_head":"<!-- This site is optimized with the Yoast SEO plugin v26.3 - https:\/\/yoast.com\/wordpress\/plugins\/seo\/ -->\n<title>Titan 400 Smart: GER Detect hat alles f\u00fcr Ihre Schatzsuche.<\/title>\n<meta name=\"description\" content=\"Der Titan 400 SMART ist das ideale Ger\u00e4t f\u00fcr Ihre Schatzsuche. Seine Technologie kann jeden Stein umgehen. Bestellen Sie es bei GER Detect\" \/>\n<meta name=\"robots\" content=\"index, follow, max-snippet:-1, max-image-preview:large, max-video-preview:-1\" \/>\n<link rel=\"canonical\" href=\"https:\/\/gerdetect.fr\/de\/Metalldetektorkatalog\/metalldetektor\/titan-400-smart\/\" \/>\n<meta property=\"og:locale\" content=\"de_DE\" \/>\n<meta property=\"og:type\" content=\"article\" \/>\n<meta property=\"og:title\" content=\"Titan 400 Smart: GER Detect hat alles f\u00fcr Ihre Schatzsuche.\" \/>\n<meta property=\"og:description\" content=\"Der Titan 400 SMART ist das ideale Ger\u00e4t f\u00fcr Ihre Schatzsuche. Seine Technologie kann jeden Stein umgehen. Bestellen Sie es bei GER Detect\" \/>\n<meta property=\"og:url\" content=\"https:\/\/gerdetect.fr\/de\/Metalldetektorkatalog\/metalldetektor\/titan-400-smart\/\" \/>\n<meta property=\"og:site_name\" content=\"GER DETECT FRANCE\" \/>\n<meta property=\"article:modified_time\" content=\"2026-03-07T16:18:13+00:00\" \/>\n<meta property=\"og:image\" content=\"https:\/\/gerdetect.fr\/wp-content\/uploads\/2021\/10\/TITAN-400-SMART-25.jpg\" \/>\n\t<meta property=\"og:image:width\" content=\"552\" \/>\n\t<meta property=\"og:image:height\" content=\"483\" \/>\n\t<meta property=\"og:image:type\" content=\"image\/jpeg\" \/>\n<meta name=\"twitter:card\" content=\"summary_large_image\" \/>\n<meta name=\"twitter:label1\" content=\"Gesch\u00e4tzte Lesezeit\" \/>\n\t<meta name=\"twitter:data1\" content=\"8\u00a0Minuten\" \/>\n<script type=\"application\/ld+json\" class=\"yoast-schema-graph\">{\"@context\":\"https:\/\/schema.org\",\"@graph\":[{\"@type\":\"WebPage\",\"@id\":\"https:\/\/gerdetect.fr\/de\/Metalldetektorkatalog\/metalldetektor\/titan-400-smart\/\",\"url\":\"https:\/\/gerdetect.fr\/de\/Metalldetektorkatalog\/metalldetektor\/titan-400-smart\/\",\"name\":\"Titan 400 Smart: GER Detect hat alles f\u00fcr Ihre Schatzsuche.\",\"isPartOf\":{\"@id\":\"https:\/\/gerdetect.fr\/de\/#website\"},\"primaryImageOfPage\":{\"@id\":\"https:\/\/gerdetect.fr\/de\/Metalldetektorkatalog\/metalldetektor\/titan-400-smart\/#primaryimage\"},\"image\":{\"@id\":\"https:\/\/gerdetect.fr\/de\/Metalldetektorkatalog\/metalldetektor\/titan-400-smart\/#primaryimage\"},\"thumbnailUrl\":\"https:\/\/gerdetect.fr\/wp-content\/uploads\/2021\/10\/TITAN-400-SMART-25.jpg\",\"datePublished\":\"2021-10-14T08:34:54+00:00\",\"dateModified\":\"2026-03-07T16:18:13+00:00\",\"description\":\"Der Titan 400 SMART ist das ideale Ger\u00e4t f\u00fcr Ihre Schatzsuche. Seine Technologie kann jeden Stein umgehen. Bestellen Sie es bei GER Detect\",\"breadcrumb\":{\"@id\":\"https:\/\/gerdetect.fr\/de\/Metalldetektorkatalog\/metalldetektor\/titan-400-smart\/#breadcrumb\"},\"inLanguage\":\"de\",\"potentialAction\":[{\"@type\":\"ReadAction\",\"target\":[\"https:\/\/gerdetect.fr\/de\/Metalldetektorkatalog\/metalldetektor\/titan-400-smart\/\"]}]},{\"@type\":\"ImageObject\",\"inLanguage\":\"de\",\"@id\":\"https:\/\/gerdetect.fr\/de\/Metalldetektorkatalog\/metalldetektor\/titan-400-smart\/#primaryimage\",\"url\":\"https:\/\/gerdetect.fr\/wp-content\/uploads\/2021\/10\/TITAN-400-SMART-25.jpg\",\"contentUrl\":\"https:\/\/gerdetect.fr\/wp-content\/uploads\/2021\/10\/TITAN-400-SMART-25.jpg\",\"width\":552,\"height\":483},{\"@type\":\"BreadcrumbList\",\"@id\":\"https:\/\/gerdetect.fr\/de\/Metalldetektorkatalog\/metalldetektor\/titan-400-smart\/#breadcrumb\",\"itemListElement\":[{\"@type\":\"ListItem\",\"position\":1,\"name\":\"Accueil\",\"item\":\"https:\/\/gerdetect.fr\/de\/\"},{\"@type\":\"ListItem\",\"position\":2,\"name\":\"Shop\",\"item\":\"https:\/\/gerdetect.fr\/de\/shop\/\"},{\"@type\":\"ListItem\",\"position\":3,\"name\":\"Titan 400 smart\"}]},{\"@type\":\"WebSite\",\"@id\":\"https:\/\/gerdetect.fr\/de\/#website\",\"url\":\"https:\/\/gerdetect.fr\/de\/\",\"name\":\"GER DETECT FRANCE\",\"description\":\"D\u00e9tecteur de m\u00e9taux, d&#039;or, diamants, d&#039;eau souterraine, radar de sol | Lille, Paris\",\"potentialAction\":[{\"@type\":\"SearchAction\",\"target\":{\"@type\":\"EntryPoint\",\"urlTemplate\":\"https:\/\/gerdetect.fr\/de\/?s={search_term_string}\"},\"query-input\":{\"@type\":\"PropertyValueSpecification\",\"valueRequired\":true,\"valueName\":\"search_term_string\"}}],\"inLanguage\":\"de\"}]}<\/script>\n<!-- \/ Yoast SEO plugin. -->","yoast_head_json":{"title":"Titan 400 Smart: GER Detect hat alles f\u00fcr Ihre Schatzsuche.","description":"Der Titan 400 SMART ist das ideale Ger\u00e4t f\u00fcr Ihre Schatzsuche. Seine Technologie kann jeden Stein umgehen. Bestellen Sie es bei GER Detect","robots":{"index":"index","follow":"follow","max-snippet":"max-snippet:-1","max-image-preview":"max-image-preview:large","max-video-preview":"max-video-preview:-1"},"canonical":"https:\/\/gerdetect.fr\/de\/Metalldetektorkatalog\/metalldetektor\/titan-400-smart\/","og_locale":"de_DE","og_type":"article","og_title":"Titan 400 Smart: GER Detect hat alles f\u00fcr Ihre Schatzsuche.","og_description":"Der Titan 400 SMART ist das ideale Ger\u00e4t f\u00fcr Ihre Schatzsuche. Seine Technologie kann jeden Stein umgehen. Bestellen Sie es bei GER Detect","og_url":"https:\/\/gerdetect.fr\/de\/Metalldetektorkatalog\/metalldetektor\/titan-400-smart\/","og_site_name":"GER DETECT FRANCE","article_modified_time":"2026-03-07T16:18:13+00:00","og_image":[{"width":552,"height":483,"url":"https:\/\/gerdetect.fr\/wp-content\/uploads\/2021\/10\/TITAN-400-SMART-25.jpg","type":"image\/jpeg"}],"twitter_card":"summary_large_image","twitter_misc":{"Gesch\u00e4tzte Lesezeit":"8\u00a0Minuten"},"schema":{"@context":"https:\/\/schema.org","@graph":[{"@type":"WebPage","@id":"https:\/\/gerdetect.fr\/de\/Metalldetektorkatalog\/metalldetektor\/titan-400-smart\/","url":"https:\/\/gerdetect.fr\/de\/Metalldetektorkatalog\/metalldetektor\/titan-400-smart\/","name":"Titan 400 Smart: GER Detect hat alles f\u00fcr Ihre Schatzsuche.","isPartOf":{"@id":"https:\/\/gerdetect.fr\/de\/#website"},"primaryImageOfPage":{"@id":"https:\/\/gerdetect.fr\/de\/Metalldetektorkatalog\/metalldetektor\/titan-400-smart\/#primaryimage"},"image":{"@id":"https:\/\/gerdetect.fr\/de\/Metalldetektorkatalog\/metalldetektor\/titan-400-smart\/#primaryimage"},"thumbnailUrl":"https:\/\/gerdetect.fr\/wp-content\/uploads\/2021\/10\/TITAN-400-SMART-25.jpg","datePublished":"2021-10-14T08:34:54+00:00","dateModified":"2026-03-07T16:18:13+00:00","description":"Der Titan 400 SMART ist das ideale Ger\u00e4t f\u00fcr Ihre Schatzsuche. Seine Technologie kann jeden Stein umgehen. Bestellen Sie es bei GER Detect","breadcrumb":{"@id":"https:\/\/gerdetect.fr\/de\/Metalldetektorkatalog\/metalldetektor\/titan-400-smart\/#breadcrumb"},"inLanguage":"de","potentialAction":[{"@type":"ReadAction","target":["https:\/\/gerdetect.fr\/de\/Metalldetektorkatalog\/metalldetektor\/titan-400-smart\/"]}]},{"@type":"ImageObject","inLanguage":"de","@id":"https:\/\/gerdetect.fr\/de\/Metalldetektorkatalog\/metalldetektor\/titan-400-smart\/#primaryimage","url":"https:\/\/gerdetect.fr\/wp-content\/uploads\/2021\/10\/TITAN-400-SMART-25.jpg","contentUrl":"https:\/\/gerdetect.fr\/wp-content\/uploads\/2021\/10\/TITAN-400-SMART-25.jpg","width":552,"height":483},{"@type":"BreadcrumbList","@id":"https:\/\/gerdetect.fr\/de\/Metalldetektorkatalog\/metalldetektor\/titan-400-smart\/#breadcrumb","itemListElement":[{"@type":"ListItem","position":1,"name":"Accueil","item":"https:\/\/gerdetect.fr\/de\/"},{"@type":"ListItem","position":2,"name":"Shop","item":"https:\/\/gerdetect.fr\/de\/shop\/"},{"@type":"ListItem","position":3,"name":"Titan 400 smart"}]},{"@type":"WebSite","@id":"https:\/\/gerdetect.fr\/de\/#website","url":"https:\/\/gerdetect.fr\/de\/","name":"GER DETECT FRANCE","description":"D\u00e9tecteur de m\u00e9taux, d&#039;or, diamants, d&#039;eau souterraine, radar de sol | Lille, Paris","potentialAction":[{"@type":"SearchAction","target":{"@type":"EntryPoint","urlTemplate":"https:\/\/gerdetect.fr\/de\/?s={search_term_string}"},"query-input":{"@type":"PropertyValueSpecification","valueRequired":true,"valueName":"search_term_string"}}],"inLanguage":"de"}]}},"_links":{"self":[{"href":"https:\/\/gerdetect.fr\/de\/wp-json\/wp\/v2\/product\/4212","targetHints":{"allow":["GET"]}}],"collection":[{"href":"https:\/\/gerdetect.fr\/de\/wp-json\/wp\/v2\/product"}],"about":[{"href":"https:\/\/gerdetect.fr\/de\/wp-json\/wp\/v2\/types\/product"}],"wp:featuredmedia":[{"embeddable":true,"href":"https:\/\/gerdetect.fr\/de\/wp-json\/wp\/v2\/media\/4211"}],"wp:attachment":[{"href":"https:\/\/gerdetect.fr\/de\/wp-json\/wp\/v2\/media?parent=4212"}],"wp:term":[{"taxonomy":"product_brand","embeddable":true,"href":"https:\/\/gerdetect.fr\/de\/wp-json\/wp\/v2\/product_brand?post=4212"},{"taxonomy":"product_cat","embeddable":true,"href":"https:\/\/gerdetect.fr\/de\/wp-json\/wp\/v2\/product_cat?post=4212"},{"taxonomy":"product_tag","embeddable":true,"href":"https:\/\/gerdetect.fr\/de\/wp-json\/wp\/v2\/product_tag?post=4212"}],"curies":[{"name":"wp","href":"https:\/\/api.w.org\/{rel}","templated":true}]}}