{"id":4232,"date":"2021-01-13T10:15:08","date_gmt":"2021-01-13T09:15:08","guid":{"rendered":"https:\/\/gerdetect.fr\/catalogue-detecteur-de-metaux\/unkategorisiert\/golden-way-device\/"},"modified":"2026-01-12T16:36:54","modified_gmt":"2026-01-12T15:36:54","slug":"golden-way-device","status":"publish","type":"product","link":"https:\/\/gerdetect.fr\/de\/Metalldetektorkatalog\/metalldetektor\/golden-way-device\/","title":{"rendered":"Golden way device"},"content":{"rendered":"<div class=\"wpb-content-wrapper\">[vc_row content_placement=&#8221;top&#8221;][vc_column][vc_row_inner][vc_column_inner][vc_column_text]Dieses Modell verf\u00fcgt \u00fcber vergleichbare Funktionen wie professionelle Ger\u00e4te, ist aber dennoch sehr praktisch. Dar\u00fcber hinaus erfordert dieser Metalldetektor keine vorherige Einrichtung. Und das Beste: Sie k\u00f6nnen es zu einem sehr g\u00fcnstigen Preis bekommen.[\/vc_column_text][vc_single_image image=&#8221;4217&#8243; img_size=&#8221;full&#8221; alignment=&#8221;center&#8221;][\/vc_column_inner][\/vc_row_inner][\/vc_column][\/vc_row][vc_row][vc_column]\n\t\t<div id=\"wd-69db923b12820\" class=\"title-wrapper wd-wpb set-mb-s reset-last-child  wd-title-color-default wd-title-style-bordered text-center  wd-underline-colored\">\n\t\t\t\n\t\t\t<div class=\"liner-continer\">\n\t\t\t\t<h4 class=\"woodmart-title-container title  wd-font-weight- wd-fontsize-l\" >Das Golden-Way-Ger\u00e4t: f\u00fcr jedes Gel\u00e4nde und alle Niveaus<\/h4>\n\t\t\t\t\t\t\t<\/div>\n\t\t\t\n\t\t\t\n\t\t\t\n\t\t<\/div>\n\t\t\n\t\t[vc_row_inner][vc_column_inner width=&#8221;1\/2&#8243;][vc_column_text]Wenn wir es empfehlen, liegt das vor allem daran, dass dieses <a style=\"color: #ff6600; text-decoration: underline;\" href=\"https:\/\/gerdetect.fr\/de\/types-de-detecteur\/metalldetektor\/\">Metalldetektorger\u00e4t<\/a> \u00fcber ein sehr komplettes System verf\u00fcgt. Sobald Sie das Golden Way-Ger\u00e4t in Ihren H\u00e4nden halten, sind Sie auf dem gleichen Niveau wie ein Profi. Unabh\u00e4ngig von der Art des Bodens werden Ihnen also Nuggets und andere Edelmetalle nicht entgehen. Insbesondere wird durch das automatische Erkennungssystem der Magnetismus des mineralisierten Bodens nicht beeintr\u00e4chtigt. Dank des wasserdichten Geh\u00e4uses sind klimatische Bedingungen jedoch kein Problem.[\/vc_column_text][\/vc_column_inner][vc_column_inner width=&#8221;1\/2&#8243;][vc_single_image image=&#8221;4218&#8243; img_size=&#8221;medium&#8221; alignment=&#8221;center&#8221;][\/vc_column_inner][\/vc_row_inner][\/vc_column][\/vc_row][vc_row][vc_column][vc_column_text]\n<h2>Ein Hochleistungs-Metalldetektor, ausgestattet mit einem VLF-Betriebssystem<\/h2>\n<p>Tats\u00e4chlich wurde dieser Detektor mehrere Male unter verschiedenen Bedingungen auf der ganzen Welt getestet. Durch den Erfolg dieser Tests garantiert der Entwickler daher seine Leistung und Vielseitigkeit. Insbesondere haben wir das VLF-Betriebssystem getestet, das f\u00fcr die Durchf\u00fchrung detaillierter Suchvorg\u00e4nge entwickelt wurde. Konkret erkennt dieses Sch\u00fcrfger\u00e4t vor Ort Gold, das bis zu 3 Meter unter der Erde vergraben ist. Auch hinsichtlich seiner Pr\u00e4zision gilt dieses Golddetektormodell als eines der effizientesten. Au\u00dferdem erkennt es Rohgold, Nuggets und vergrabene M\u00fcnzen schneller als jedes andere Ger\u00e4t.[\/vc_column_text][\/vc_column][\/vc_row][vc_row][vc_column width=&#8221;1\/2&#8243;][vc_single_image image=&#8221;4219&#8243; img_size=&#8221;medium&#8221; alignment=&#8221;center&#8221;][\/vc_column][vc_column width=&#8221;1\/2&#8243;][vc_column_text]\n<h2>Effektiv f\u00fcr die Suche nach Edel- und Nichtedelmetallen<\/h2>\n<p>Das Golden Way-Ger\u00e4t sichert Ihren Erfolg mit zwei Betriebssystemen. Zur gezielten Suche nach Gold und Edelmetallen nutzt der Detektor das Edelmetall-Unterscheidungssystem. Diese Technologie erkennt und unterdr\u00fcckt Signale, die von unedlen Metallen erzeugt werden. Wenn Sie schlie\u00dflich einen Standardscan durchf\u00fchren, entscheiden Sie sich f\u00fcr das allgemeine Suchsystem. Letzterer identifiziert alle Edel- und Nichtedelmetalle im Boden. Es ist auch das genaueste Erkennungssystem.[\/vc_column_text][\/vc_column][\/vc_row][vc_row][vc_column]\n\t\t<div id=\"wd-69db923b128f0\" class=\"title-wrapper wd-wpb set-mb-s reset-last-child  wd-title-color-default wd-title-style-default text-center  wd-underline-colored\">\n\t\t\t\n\t\t\t<div class=\"liner-continer\">\n\t\t\t\t<h4 class=\"woodmart-title-container title  wd-font-weight- wd-fontsize-l\" >Mit dem Golden Way-Ger\u00e4tedetektor geliefertes Material<\/h4>\n\t\t\t\t\t\t\t<\/div>\n\t\t\t\n\t\t\t\n\t\t\t\n\t\t<\/div>\n\t\t\n\t\t[vc_row_inner][vc_column_inner width=&#8221;1\/3&#8243;][vc_single_image image=&#8221;4220&#8243; img_size=&#8221;medium&#8221; add_caption=&#8221;yes&#8221; alignment=&#8221;center&#8221;][\/vc_column_inner][vc_column_inner width=&#8221;1\/3&#8243;][vc_single_image image=&#8221;4221&#8243; img_size=&#8221;medium&#8221; add_caption=&#8221;yes&#8221; alignment=&#8221;center&#8221;][\/vc_column_inner][vc_column_inner width=&#8221;1\/3&#8243;][vc_single_image image=&#8221;4222&#8243; img_size=&#8221;medium&#8221; add_caption=&#8221;yes&#8221; alignment=&#8221;center&#8221;][\/vc_column_inner][\/vc_row_inner][vc_row_inner][vc_column_inner width=&#8221;1\/3&#8243;][vc_single_image image=&#8221;4223&#8243; img_size=&#8221;medium&#8221; add_caption=&#8221;yes&#8221; alignment=&#8221;center&#8221;][\/vc_column_inner][vc_column_inner width=&#8221;1\/3&#8243;][vc_single_image image=&#8221;4224&#8243; img_size=&#8221;medium&#8221; add_caption=&#8221;yes&#8221; alignment=&#8221;center&#8221;][\/vc_column_inner][vc_column_inner width=&#8221;1\/3&#8243;][vc_single_image image=&#8221;4225&#8243; img_size=&#8221;medium&#8221; add_caption=&#8221;yes&#8221; alignment=&#8221;center&#8221;][\/vc_column_inner][\/vc_row_inner][vc_row_inner][vc_column_inner width=&#8221;1\/3&#8243;][vc_single_image image=&#8221;4226&#8243; img_size=&#8221;medium&#8221; add_caption=&#8221;yes&#8221; alignment=&#8221;center&#8221;][\/vc_column_inner][vc_column_inner width=&#8221;1\/3&#8243;][vc_single_image image=&#8221;4227&#8243; img_size=&#8221;medium&#8221; add_caption=&#8221;yes&#8221; alignment=&#8221;center&#8221;][\/vc_column_inner][vc_column_inner width=&#8221;1\/3&#8243;][vc_single_image image=&#8221;4228&#8243; img_size=&#8221;medium&#8221; add_caption=&#8221;yes&#8221; alignment=&#8221;center&#8221;][\/vc_column_inner][\/vc_row_inner][vc_row_inner][vc_column_inner width=&#8221;1\/3&#8243;][vc_single_image image=&#8221;4229&#8243; img_size=&#8221;medium&#8221; add_caption=&#8221;yes&#8221; alignment=&#8221;center&#8221;][\/vc_column_inner][vc_column_inner width=&#8221;1\/3&#8243;][vc_single_image image=&#8221;4230&#8243; img_size=&#8221;medium&#8221; add_caption=&#8221;yes&#8221; alignment=&#8221;center&#8221;][\/vc_column_inner][vc_column_inner width=&#8221;1\/3&#8243;][vc_single_image image=&#8221;4228&#8243; img_size=&#8221;medium&#8221; add_caption=&#8221;yes&#8221; alignment=&#8221;center&#8221;][\/vc_column_inner][\/vc_row_inner][\/vc_column][\/vc_row]\n<\/div>","protected":false},"excerpt":{"rendered":"<h1><b>Golden Way-Ger\u00e4t: Effizienz, Zuverl\u00e4ssigkeit und Bedienkomfort in einem einzigen Modell<\/b><\/h1>\n<p><span style=\"font-weight: 400;\">Neu in der Gold- und Metallsuche? Beginnen Sie Ihr Abenteuer mit dem Golden Way-Ger\u00e4t. Es erf\u00fcllt effektiv Ihre Anforderungen an Praktikabilit\u00e4t und Leistung.   <\/span><\/p>\n","protected":false},"featured_media":2600,"template":"","meta":{"_joinchat":[]},"product_brand":[],"product_cat":[131,128],"product_tag":[153],"class_list":{"0":"post-4232","1":"product","2":"type-product","3":"status-publish","4":"has-post-thumbnail","6":"product_cat-golddetektor","7":"product_cat-metalldetektor","8":"product_tag-gerdetect","10":"first","11":"outofstock","12":"sale","13":"taxable","14":"shipping-taxable","15":"purchasable","16":"product-type-simple"},"yoast_head":"<!-- This site is optimized with the Yoast SEO plugin v26.3 - https:\/\/yoast.com\/wordpress\/plugins\/seo\/ -->\n<title>Golden Way-Ger\u00e4t: Einfache und pr\u00e4zise Goldsuche<\/title>\n<meta name=\"description\" content=\"Suchen Sie einen Detektor, der Ihren Anforderungen entspricht? Das Golden Way-Ger\u00e4t erkennt Gold und Silber in Tiefen von mehr als 3 Metern\" \/>\n<meta name=\"robots\" content=\"index, follow, max-snippet:-1, max-image-preview:large, max-video-preview:-1\" \/>\n<link rel=\"canonical\" href=\"https:\/\/gerdetect.fr\/de\/Metalldetektorkatalog\/metalldetektor\/golden-way-device\/\" \/>\n<meta property=\"og:locale\" content=\"de_DE\" \/>\n<meta property=\"og:type\" content=\"article\" \/>\n<meta property=\"og:title\" content=\"Golden Way-Ger\u00e4t: Einfache und pr\u00e4zise Goldsuche\" \/>\n<meta property=\"og:description\" content=\"Suchen Sie einen Detektor, der Ihren Anforderungen entspricht? Das Golden Way-Ger\u00e4t erkennt Gold und Silber in Tiefen von mehr als 3 Metern\" \/>\n<meta property=\"og:url\" content=\"https:\/\/gerdetect.fr\/de\/Metalldetektorkatalog\/metalldetektor\/golden-way-device\/\" \/>\n<meta property=\"og:site_name\" content=\"GER DETECT FRANCE\" \/>\n<meta property=\"article:modified_time\" content=\"2026-01-12T15:36:54+00:00\" \/>\n<meta property=\"og:image\" content=\"https:\/\/gerdetect.fr\/wp-content\/uploads\/2021\/01\/DM.-Golden-way-1.jpg\" \/>\n\t<meta property=\"og:image:width\" content=\"664\" \/>\n\t<meta property=\"og:image:height\" content=\"1000\" \/>\n\t<meta property=\"og:image:type\" content=\"image\/jpeg\" \/>\n<meta name=\"twitter:card\" content=\"summary_large_image\" \/>\n<meta name=\"twitter:label1\" content=\"Gesch\u00e4tzte Lesezeit\" \/>\n\t<meta name=\"twitter:data1\" content=\"4\u00a0Minuten\" \/>\n<script type=\"application\/ld+json\" class=\"yoast-schema-graph\">{\"@context\":\"https:\/\/schema.org\",\"@graph\":[{\"@type\":\"WebPage\",\"@id\":\"https:\/\/gerdetect.fr\/de\/Metalldetektorkatalog\/metalldetektor\/golden-way-device\/\",\"url\":\"https:\/\/gerdetect.fr\/de\/Metalldetektorkatalog\/metalldetektor\/golden-way-device\/\",\"name\":\"Golden Way-Ger\u00e4t: Einfache und pr\u00e4zise Goldsuche\",\"isPartOf\":{\"@id\":\"https:\/\/gerdetect.fr\/de\/#website\"},\"primaryImageOfPage\":{\"@id\":\"https:\/\/gerdetect.fr\/de\/Metalldetektorkatalog\/metalldetektor\/golden-way-device\/#primaryimage\"},\"image\":{\"@id\":\"https:\/\/gerdetect.fr\/de\/Metalldetektorkatalog\/metalldetektor\/golden-way-device\/#primaryimage\"},\"thumbnailUrl\":\"https:\/\/gerdetect.fr\/wp-content\/uploads\/2021\/01\/DM.-Golden-way-1.jpg\",\"datePublished\":\"2021-01-13T09:15:08+00:00\",\"dateModified\":\"2026-01-12T15:36:54+00:00\",\"description\":\"Suchen Sie einen Detektor, der Ihren Anforderungen entspricht? Das Golden Way-Ger\u00e4t erkennt Gold und Silber in Tiefen von mehr als 3 Metern\",\"breadcrumb\":{\"@id\":\"https:\/\/gerdetect.fr\/de\/Metalldetektorkatalog\/metalldetektor\/golden-way-device\/#breadcrumb\"},\"inLanguage\":\"de\",\"potentialAction\":[{\"@type\":\"ReadAction\",\"target\":[\"https:\/\/gerdetect.fr\/de\/Metalldetektorkatalog\/metalldetektor\/golden-way-device\/\"]}]},{\"@type\":\"ImageObject\",\"inLanguage\":\"de\",\"@id\":\"https:\/\/gerdetect.fr\/de\/Metalldetektorkatalog\/metalldetektor\/golden-way-device\/#primaryimage\",\"url\":\"https:\/\/gerdetect.fr\/wp-content\/uploads\/2021\/01\/DM.-Golden-way-1.jpg\",\"contentUrl\":\"https:\/\/gerdetect.fr\/wp-content\/uploads\/2021\/01\/DM.-Golden-way-1.jpg\",\"width\":664,\"height\":1000,\"caption\":\"Golden way device\"},{\"@type\":\"BreadcrumbList\",\"@id\":\"https:\/\/gerdetect.fr\/de\/Metalldetektorkatalog\/metalldetektor\/golden-way-device\/#breadcrumb\",\"itemListElement\":[{\"@type\":\"ListItem\",\"position\":1,\"name\":\"Accueil\",\"item\":\"https:\/\/gerdetect.fr\/de\/\"},{\"@type\":\"ListItem\",\"position\":2,\"name\":\"Shop\",\"item\":\"https:\/\/gerdetect.fr\/de\/shop\/\"},{\"@type\":\"ListItem\",\"position\":3,\"name\":\"Golden way device\"}]},{\"@type\":\"WebSite\",\"@id\":\"https:\/\/gerdetect.fr\/de\/#website\",\"url\":\"https:\/\/gerdetect.fr\/de\/\",\"name\":\"GER DETECT FRANCE\",\"description\":\"D\u00e9tecteur de m\u00e9taux, d&#039;or, diamants, d&#039;eau souterraine, radar de sol | Lille, Paris\",\"potentialAction\":[{\"@type\":\"SearchAction\",\"target\":{\"@type\":\"EntryPoint\",\"urlTemplate\":\"https:\/\/gerdetect.fr\/de\/?s={search_term_string}\"},\"query-input\":{\"@type\":\"PropertyValueSpecification\",\"valueRequired\":true,\"valueName\":\"search_term_string\"}}],\"inLanguage\":\"de\"}]}<\/script>\n<!-- \/ Yoast SEO plugin. -->","yoast_head_json":{"title":"Golden Way-Ger\u00e4t: Einfache und pr\u00e4zise Goldsuche","description":"Suchen Sie einen Detektor, der Ihren Anforderungen entspricht? Das Golden Way-Ger\u00e4t erkennt Gold und Silber in Tiefen von mehr als 3 Metern","robots":{"index":"index","follow":"follow","max-snippet":"max-snippet:-1","max-image-preview":"max-image-preview:large","max-video-preview":"max-video-preview:-1"},"canonical":"https:\/\/gerdetect.fr\/de\/Metalldetektorkatalog\/metalldetektor\/golden-way-device\/","og_locale":"de_DE","og_type":"article","og_title":"Golden Way-Ger\u00e4t: Einfache und pr\u00e4zise Goldsuche","og_description":"Suchen Sie einen Detektor, der Ihren Anforderungen entspricht? Das Golden Way-Ger\u00e4t erkennt Gold und Silber in Tiefen von mehr als 3 Metern","og_url":"https:\/\/gerdetect.fr\/de\/Metalldetektorkatalog\/metalldetektor\/golden-way-device\/","og_site_name":"GER DETECT FRANCE","article_modified_time":"2026-01-12T15:36:54+00:00","og_image":[{"width":664,"height":1000,"url":"https:\/\/gerdetect.fr\/wp-content\/uploads\/2021\/01\/DM.-Golden-way-1.jpg","type":"image\/jpeg"}],"twitter_card":"summary_large_image","twitter_misc":{"Gesch\u00e4tzte Lesezeit":"4\u00a0Minuten"},"schema":{"@context":"https:\/\/schema.org","@graph":[{"@type":"WebPage","@id":"https:\/\/gerdetect.fr\/de\/Metalldetektorkatalog\/metalldetektor\/golden-way-device\/","url":"https:\/\/gerdetect.fr\/de\/Metalldetektorkatalog\/metalldetektor\/golden-way-device\/","name":"Golden Way-Ger\u00e4t: Einfache und pr\u00e4zise Goldsuche","isPartOf":{"@id":"https:\/\/gerdetect.fr\/de\/#website"},"primaryImageOfPage":{"@id":"https:\/\/gerdetect.fr\/de\/Metalldetektorkatalog\/metalldetektor\/golden-way-device\/#primaryimage"},"image":{"@id":"https:\/\/gerdetect.fr\/de\/Metalldetektorkatalog\/metalldetektor\/golden-way-device\/#primaryimage"},"thumbnailUrl":"https:\/\/gerdetect.fr\/wp-content\/uploads\/2021\/01\/DM.-Golden-way-1.jpg","datePublished":"2021-01-13T09:15:08+00:00","dateModified":"2026-01-12T15:36:54+00:00","description":"Suchen Sie einen Detektor, der Ihren Anforderungen entspricht? Das Golden Way-Ger\u00e4t erkennt Gold und Silber in Tiefen von mehr als 3 Metern","breadcrumb":{"@id":"https:\/\/gerdetect.fr\/de\/Metalldetektorkatalog\/metalldetektor\/golden-way-device\/#breadcrumb"},"inLanguage":"de","potentialAction":[{"@type":"ReadAction","target":["https:\/\/gerdetect.fr\/de\/Metalldetektorkatalog\/metalldetektor\/golden-way-device\/"]}]},{"@type":"ImageObject","inLanguage":"de","@id":"https:\/\/gerdetect.fr\/de\/Metalldetektorkatalog\/metalldetektor\/golden-way-device\/#primaryimage","url":"https:\/\/gerdetect.fr\/wp-content\/uploads\/2021\/01\/DM.-Golden-way-1.jpg","contentUrl":"https:\/\/gerdetect.fr\/wp-content\/uploads\/2021\/01\/DM.-Golden-way-1.jpg","width":664,"height":1000,"caption":"Golden way device"},{"@type":"BreadcrumbList","@id":"https:\/\/gerdetect.fr\/de\/Metalldetektorkatalog\/metalldetektor\/golden-way-device\/#breadcrumb","itemListElement":[{"@type":"ListItem","position":1,"name":"Accueil","item":"https:\/\/gerdetect.fr\/de\/"},{"@type":"ListItem","position":2,"name":"Shop","item":"https:\/\/gerdetect.fr\/de\/shop\/"},{"@type":"ListItem","position":3,"name":"Golden way device"}]},{"@type":"WebSite","@id":"https:\/\/gerdetect.fr\/de\/#website","url":"https:\/\/gerdetect.fr\/de\/","name":"GER DETECT FRANCE","description":"D\u00e9tecteur de m\u00e9taux, d&#039;or, diamants, d&#039;eau souterraine, radar de sol | Lille, Paris","potentialAction":[{"@type":"SearchAction","target":{"@type":"EntryPoint","urlTemplate":"https:\/\/gerdetect.fr\/de\/?s={search_term_string}"},"query-input":{"@type":"PropertyValueSpecification","valueRequired":true,"valueName":"search_term_string"}}],"inLanguage":"de"}]}},"_links":{"self":[{"href":"https:\/\/gerdetect.fr\/de\/wp-json\/wp\/v2\/product\/4232","targetHints":{"allow":["GET"]}}],"collection":[{"href":"https:\/\/gerdetect.fr\/de\/wp-json\/wp\/v2\/product"}],"about":[{"href":"https:\/\/gerdetect.fr\/de\/wp-json\/wp\/v2\/types\/product"}],"wp:featuredmedia":[{"embeddable":true,"href":"https:\/\/gerdetect.fr\/de\/wp-json\/wp\/v2\/media\/2600"}],"wp:attachment":[{"href":"https:\/\/gerdetect.fr\/de\/wp-json\/wp\/v2\/media?parent=4232"}],"wp:term":[{"taxonomy":"product_brand","embeddable":true,"href":"https:\/\/gerdetect.fr\/de\/wp-json\/wp\/v2\/product_brand?post=4232"},{"taxonomy":"product_cat","embeddable":true,"href":"https:\/\/gerdetect.fr\/de\/wp-json\/wp\/v2\/product_cat?post=4232"},{"taxonomy":"product_tag","embeddable":true,"href":"https:\/\/gerdetect.fr\/de\/wp-json\/wp\/v2\/product_tag?post=4232"}],"curies":[{"name":"wp","href":"https:\/\/api.w.org\/{rel}","templated":true}]}}