{"id":4240,"date":"2021-01-13T10:07:30","date_gmt":"2021-01-13T09:07:30","guid":{"rendered":"https:\/\/gerdetect.fr\/catalogue-detecteur-de-metaux\/unkategorisiert\/uig-pointer\/"},"modified":"2026-01-12T16:42:18","modified_gmt":"2026-01-12T15:42:18","slug":"uig-pointer","status":"publish","type":"product","link":"https:\/\/gerdetect.fr\/de\/Metalldetektorkatalog\/metalldetektor\/uig-pointer\/","title":{"rendered":"Uig pointer"},"content":{"rendered":"<div class=\"wpb-content-wrapper\">[vc_row content_placement=&#8221;top&#8221;][vc_column][vc_row_inner][vc_column_inner][vc_column_text]Einer der Hauptvorteile des Uig Pointer bleibt sicherlich seine Leichtigkeit, die ihm eine hervorragende Man\u00f6vrierf\u00e4higkeit verleiht. Dar\u00fcber hinaus werden Sie dank seines Gewichts auch nach stundenlangem Sch\u00fcrfen keine Erm\u00fcdungserscheinungen versp\u00fcren. Auch dieses sehr kompakte Detektormodell ist f\u00fcr alle Bodenarten konzipiert. Dieses Modell wird von einer der Referenzmarken f\u00fcr Erkennungsger\u00e4te hergestellt und verf\u00fcgt \u00fcber eine europ\u00e4ische CE-Zertifizierung. Daher erhalten Sie beim Kauf dieses Goldnugget-Detektors ein Herkunftszertifikat sowie eine Garantie.   <\/p>\n<p>Mit dem Uig-Zeiger-Metalldetektor k\u00f6nnen Sie im Voraus die Beschaffenheit des gescannten Metalls erkennen. Tats\u00e4chlich wissen Sie sogar, ob es sich bei Ihrem Fund um Gold oder ein Eisenmetall handelt.[\/vc_column_text][vc_single_image image=&#8221;4234&#8243; img_size=&#8221;full&#8221; alignment=&#8221;center&#8221;][\/vc_column_inner][\/vc_row_inner][\/vc_column][\/vc_row][vc_row][vc_column]\n\t\t<div id=\"wd-69dba4a991cb5\" class=\"title-wrapper wd-wpb set-mb-s reset-last-child  wd-title-color-default wd-title-style-bordered text-center  wd-underline-colored\">\n\t\t\t\n\t\t\t<div class=\"liner-continer\">\n\t\t\t\t<h4 class=\"woodmart-title-container title  wd-font-weight- wd-fontsize-l\" >Uig Pointer: eine Zusammenarbeit zwischen zwei anerkannten Marken im Bereich Erkennung<\/h4>\n\t\t\t\t\t\t\t<\/div>\n\t\t\t\n\t\t\t\n\t\t\t\n\t\t<\/div>\n\t\t\n\t\t[vc_row_inner][vc_column_inner width=&#8221;1\/2&#8243;][vc_column_text]Diese au\u00dfergew\u00f6hnliche Kapazit\u00e4t des Uig Pointer ist das Ergebnis der Zusammenarbeit zwischen der Marke <a style=\"color: #ff6600; text-decoration: underline;\" href=\"http:\/\/www.gerdetect.fr\">GER DETECT<\/a> und UIG DETECTOR. Dies bedeutet, dass dieser Detektor \u00fcber eine einzigartige Erkennungstechnologie verf\u00fcgt. Dies zeigt sich nicht nur in seiner Unterscheidungsf\u00e4higkeit, sondern auch in seiner Vielseitigkeit.  <\/p>\n<p>Au\u00dferdem bleibt das Prospektionsger\u00e4t unabh\u00e4ngig von der Art des zu erkundenden Bodens wirksam. Nat\u00fcrlich haben die Designer auch die praktische Seite des Ger\u00e4ts verbessert. W\u00e4hrend der Sch\u00fcrfsuche informieren Sie akustische Signale \u00fcber einen Fund. Tats\u00e4chlich h\u00f6ren Sie einen speziellen Ton f\u00fcr die Metallerkennung und einen weiteren einzigartigen Ton, wenn es sich um Goldnuggets handelt.[\/vc_column_text][\/vc_column_inner][vc_column_inner width=&#8221;1\/2&#8243;][vc_single_image image=&#8221;4235&#8243; img_size=&#8221;medium&#8221;][\/vc_column_inner][\/vc_row_inner][\/vc_column][\/vc_row][vc_row][vc_column][vc_column_text]\n<h2><b>Die Eigenschaften des Uig Pointers<\/b><\/h2>\n<p><span style=\"font-weight: 400;\">Der Uig-Zeiger richtet sich nicht nur an erfahrene Prospektoren, sondern auch an diejenigen, die beginnen, sich f\u00fcr die Praxis zu interessieren. Aus diesem Grund verf\u00fcgt dieses Erkennungsger\u00e4t \u00fcber eine einfach zu bedienende Steuerschnittstelle. Konkret reichen 4 Tasten, um es zu meistern. Der erste dient der Stromversorgung, der zweite dem Vibrationsalarm, der Beleuchtung und schlie\u00dflich der Kalibrierungstaste.   <\/span><\/p>\n<p><span style=\"font-weight: 400;\">Mit der letzten Schaltfl\u00e4che k\u00f6nnen Sie die Suchparameter f\u00fcr sehr tiefe Umfragen anpassen. Denn tats\u00e4chlich kann dieser Detektor den Boden mehrere Meter tief untersuchen. <\/span><\/p>\n<p><span style=\"font-weight: 400;\">Kurz gesagt, es handelt sich um ein Erkennungsger\u00e4t, das sowohl ergonomisch als auch effizient ist.<\/span>[\/vc_column_text][\/vc_column][\/vc_row][vc_row][vc_column]\n\t\t<div id=\"wd-69dba4a991d40\" class=\"title-wrapper wd-wpb set-mb-s reset-last-child  wd-title-color-default wd-title-style-default text-center  wd-underline-colored\">\n\t\t\t\n\t\t\t<div class=\"liner-continer\">\n\t\t\t\t<h4 class=\"woodmart-title-container title  wd-font-weight- wd-fontsize-l\" >Mit dem Uig-Pointer-Metalldetektor geliefertes Material <\/h4>\n\t\t\t\t\t\t\t<\/div>\n\t\t\t\n\t\t\t\n\t\t\t\n\t\t<\/div>\n\t\t\n\t\t[vc_row_inner][vc_column_inner width=&#8221;1\/4&#8243;][vc_single_image image=&#8221;4236&#8243; img_size=&#8221;medium&#8221; add_caption=&#8221;yes&#8221; alignment=&#8221;center&#8221;][\/vc_column_inner][vc_column_inner width=&#8221;1\/4&#8243;][vc_single_image image=&#8221;4237&#8243; img_size=&#8221;medium&#8221; add_caption=&#8221;yes&#8221; alignment=&#8221;center&#8221;][\/vc_column_inner][vc_column_inner width=&#8221;1\/4&#8243;][vc_single_image image=&#8221;4238&#8243; img_size=&#8221;medium&#8221; add_caption=&#8221;yes&#8221; alignment=&#8221;center&#8221;][\/vc_column_inner][vc_column_inner width=&#8221;1\/4&#8243;][vc_single_image image=&#8221;4239&#8243; img_size=&#8221;medium&#8221; add_caption=&#8221;yes&#8221; alignment=&#8221;center&#8221;][\/vc_column_inner][\/vc_row_inner][\/vc_column][\/vc_row]\n<\/div>","protected":false},"excerpt":{"rendered":"<h1>Der Detektor f\u00fcr Edel- und Nichtedelmetalle, Uig-Zeiger<\/h1>\n<p>Das Uig-Zeiger-Metalldetektormodell verf\u00fcgt \u00fcber eine bemerkenswerte Pr\u00e4zision. Es verf\u00fcgt tats\u00e4chlich \u00fcber die F\u00e4higkeit, einfache Metalle von Edelmetallen auf allen Tiefenebenen zu unterscheiden. <\/p>\n","protected":false},"featured_media":2617,"template":"","meta":{"_joinchat":[]},"product_brand":[],"product_cat":[129,131,128],"product_tag":[153],"class_list":{"0":"post-4240","1":"product","2":"type-product","3":"status-publish","4":"has-post-thumbnail","6":"product_cat-diamantdetektor","7":"product_cat-golddetektor","8":"product_cat-metalldetektor","9":"product_tag-gerdetect","11":"first","12":"outofstock","13":"taxable","14":"shipping-taxable","15":"purchasable","16":"product-type-simple"},"yoast_head":"<!-- This site is optimized with the Yoast SEO plugin v26.3 - https:\/\/yoast.com\/wordpress\/plugins\/seo\/ -->\n<title>Uig Pointer: Hochpr\u00e4ziser Detektor f\u00fcr tiefe Suchen<\/title>\n<meta name=\"description\" content=\"Sind Sie auf der Suche nach dem derzeit besten Golddetektor? Uig Pointer erkennt Goldnuggets, Eisenvorkommen und alle anderen Metalle.\" \/>\n<meta name=\"robots\" content=\"index, follow, max-snippet:-1, max-image-preview:large, max-video-preview:-1\" \/>\n<link rel=\"canonical\" href=\"https:\/\/gerdetect.fr\/de\/Metalldetektorkatalog\/metalldetektor\/uig-pointer\/\" \/>\n<meta property=\"og:locale\" content=\"de_DE\" \/>\n<meta property=\"og:type\" content=\"article\" \/>\n<meta property=\"og:title\" content=\"Uig Pointer: Hochpr\u00e4ziser Detektor f\u00fcr tiefe Suchen\" \/>\n<meta property=\"og:description\" content=\"Sind Sie auf der Suche nach dem derzeit besten Golddetektor? Uig Pointer erkennt Goldnuggets, Eisenvorkommen und alle anderen Metalle.\" \/>\n<meta property=\"og:url\" content=\"https:\/\/gerdetect.fr\/de\/Metalldetektorkatalog\/metalldetektor\/uig-pointer\/\" \/>\n<meta property=\"og:site_name\" content=\"GER DETECT FRANCE\" \/>\n<meta property=\"article:modified_time\" content=\"2026-01-12T15:42:18+00:00\" \/>\n<meta property=\"og:image\" content=\"https:\/\/gerdetect.fr\/wp-content\/uploads\/2021\/01\/uig-pointer-devcie-pinpointer.jpg\" \/>\n\t<meta property=\"og:image:width\" content=\"360\" \/>\n\t<meta property=\"og:image:height\" content=\"360\" \/>\n\t<meta property=\"og:image:type\" content=\"image\/jpeg\" \/>\n<meta name=\"twitter:card\" content=\"summary_large_image\" \/>\n<meta name=\"twitter:label1\" content=\"Gesch\u00e4tzte Lesezeit\" \/>\n\t<meta name=\"twitter:data1\" content=\"3\u00a0Minuten\" \/>\n<script type=\"application\/ld+json\" class=\"yoast-schema-graph\">{\"@context\":\"https:\/\/schema.org\",\"@graph\":[{\"@type\":\"WebPage\",\"@id\":\"https:\/\/gerdetect.fr\/de\/Metalldetektorkatalog\/metalldetektor\/uig-pointer\/\",\"url\":\"https:\/\/gerdetect.fr\/de\/Metalldetektorkatalog\/metalldetektor\/uig-pointer\/\",\"name\":\"Uig Pointer: Hochpr\u00e4ziser Detektor f\u00fcr tiefe Suchen\",\"isPartOf\":{\"@id\":\"https:\/\/gerdetect.fr\/de\/#website\"},\"primaryImageOfPage\":{\"@id\":\"https:\/\/gerdetect.fr\/de\/Metalldetektorkatalog\/metalldetektor\/uig-pointer\/#primaryimage\"},\"image\":{\"@id\":\"https:\/\/gerdetect.fr\/de\/Metalldetektorkatalog\/metalldetektor\/uig-pointer\/#primaryimage\"},\"thumbnailUrl\":\"https:\/\/gerdetect.fr\/wp-content\/uploads\/2021\/01\/uig-pointer-devcie-pinpointer.jpg\",\"datePublished\":\"2021-01-13T09:07:30+00:00\",\"dateModified\":\"2026-01-12T15:42:18+00:00\",\"description\":\"Sind Sie auf der Suche nach dem derzeit besten Golddetektor? Uig Pointer erkennt Goldnuggets, Eisenvorkommen und alle anderen Metalle.\",\"breadcrumb\":{\"@id\":\"https:\/\/gerdetect.fr\/de\/Metalldetektorkatalog\/metalldetektor\/uig-pointer\/#breadcrumb\"},\"inLanguage\":\"de\",\"potentialAction\":[{\"@type\":\"ReadAction\",\"target\":[\"https:\/\/gerdetect.fr\/de\/Metalldetektorkatalog\/metalldetektor\/uig-pointer\/\"]}]},{\"@type\":\"ImageObject\",\"inLanguage\":\"de\",\"@id\":\"https:\/\/gerdetect.fr\/de\/Metalldetektorkatalog\/metalldetektor\/uig-pointer\/#primaryimage\",\"url\":\"https:\/\/gerdetect.fr\/wp-content\/uploads\/2021\/01\/uig-pointer-devcie-pinpointer.jpg\",\"contentUrl\":\"https:\/\/gerdetect.fr\/wp-content\/uploads\/2021\/01\/uig-pointer-devcie-pinpointer.jpg\",\"width\":360,\"height\":360,\"caption\":\"Der Detektor\"},{\"@type\":\"BreadcrumbList\",\"@id\":\"https:\/\/gerdetect.fr\/de\/Metalldetektorkatalog\/metalldetektor\/uig-pointer\/#breadcrumb\",\"itemListElement\":[{\"@type\":\"ListItem\",\"position\":1,\"name\":\"Accueil\",\"item\":\"https:\/\/gerdetect.fr\/de\/\"},{\"@type\":\"ListItem\",\"position\":2,\"name\":\"Shop\",\"item\":\"https:\/\/gerdetect.fr\/de\/shop\/\"},{\"@type\":\"ListItem\",\"position\":3,\"name\":\"Uig pointer\"}]},{\"@type\":\"WebSite\",\"@id\":\"https:\/\/gerdetect.fr\/de\/#website\",\"url\":\"https:\/\/gerdetect.fr\/de\/\",\"name\":\"GER DETECT FRANCE\",\"description\":\"D\u00e9tecteur de m\u00e9taux, d&#039;or, diamants, d&#039;eau souterraine, radar de sol | Lille, Paris\",\"potentialAction\":[{\"@type\":\"SearchAction\",\"target\":{\"@type\":\"EntryPoint\",\"urlTemplate\":\"https:\/\/gerdetect.fr\/de\/?s={search_term_string}\"},\"query-input\":{\"@type\":\"PropertyValueSpecification\",\"valueRequired\":true,\"valueName\":\"search_term_string\"}}],\"inLanguage\":\"de\"}]}<\/script>\n<!-- \/ Yoast SEO plugin. -->","yoast_head_json":{"title":"Uig Pointer: Hochpr\u00e4ziser Detektor f\u00fcr tiefe Suchen","description":"Sind Sie auf der Suche nach dem derzeit besten Golddetektor? Uig Pointer erkennt Goldnuggets, Eisenvorkommen und alle anderen Metalle.","robots":{"index":"index","follow":"follow","max-snippet":"max-snippet:-1","max-image-preview":"max-image-preview:large","max-video-preview":"max-video-preview:-1"},"canonical":"https:\/\/gerdetect.fr\/de\/Metalldetektorkatalog\/metalldetektor\/uig-pointer\/","og_locale":"de_DE","og_type":"article","og_title":"Uig Pointer: Hochpr\u00e4ziser Detektor f\u00fcr tiefe Suchen","og_description":"Sind Sie auf der Suche nach dem derzeit besten Golddetektor? Uig Pointer erkennt Goldnuggets, Eisenvorkommen und alle anderen Metalle.","og_url":"https:\/\/gerdetect.fr\/de\/Metalldetektorkatalog\/metalldetektor\/uig-pointer\/","og_site_name":"GER DETECT FRANCE","article_modified_time":"2026-01-12T15:42:18+00:00","og_image":[{"width":360,"height":360,"url":"https:\/\/gerdetect.fr\/wp-content\/uploads\/2021\/01\/uig-pointer-devcie-pinpointer.jpg","type":"image\/jpeg"}],"twitter_card":"summary_large_image","twitter_misc":{"Gesch\u00e4tzte Lesezeit":"3\u00a0Minuten"},"schema":{"@context":"https:\/\/schema.org","@graph":[{"@type":"WebPage","@id":"https:\/\/gerdetect.fr\/de\/Metalldetektorkatalog\/metalldetektor\/uig-pointer\/","url":"https:\/\/gerdetect.fr\/de\/Metalldetektorkatalog\/metalldetektor\/uig-pointer\/","name":"Uig Pointer: Hochpr\u00e4ziser Detektor f\u00fcr tiefe Suchen","isPartOf":{"@id":"https:\/\/gerdetect.fr\/de\/#website"},"primaryImageOfPage":{"@id":"https:\/\/gerdetect.fr\/de\/Metalldetektorkatalog\/metalldetektor\/uig-pointer\/#primaryimage"},"image":{"@id":"https:\/\/gerdetect.fr\/de\/Metalldetektorkatalog\/metalldetektor\/uig-pointer\/#primaryimage"},"thumbnailUrl":"https:\/\/gerdetect.fr\/wp-content\/uploads\/2021\/01\/uig-pointer-devcie-pinpointer.jpg","datePublished":"2021-01-13T09:07:30+00:00","dateModified":"2026-01-12T15:42:18+00:00","description":"Sind Sie auf der Suche nach dem derzeit besten Golddetektor? Uig Pointer erkennt Goldnuggets, Eisenvorkommen und alle anderen Metalle.","breadcrumb":{"@id":"https:\/\/gerdetect.fr\/de\/Metalldetektorkatalog\/metalldetektor\/uig-pointer\/#breadcrumb"},"inLanguage":"de","potentialAction":[{"@type":"ReadAction","target":["https:\/\/gerdetect.fr\/de\/Metalldetektorkatalog\/metalldetektor\/uig-pointer\/"]}]},{"@type":"ImageObject","inLanguage":"de","@id":"https:\/\/gerdetect.fr\/de\/Metalldetektorkatalog\/metalldetektor\/uig-pointer\/#primaryimage","url":"https:\/\/gerdetect.fr\/wp-content\/uploads\/2021\/01\/uig-pointer-devcie-pinpointer.jpg","contentUrl":"https:\/\/gerdetect.fr\/wp-content\/uploads\/2021\/01\/uig-pointer-devcie-pinpointer.jpg","width":360,"height":360,"caption":"Der Detektor"},{"@type":"BreadcrumbList","@id":"https:\/\/gerdetect.fr\/de\/Metalldetektorkatalog\/metalldetektor\/uig-pointer\/#breadcrumb","itemListElement":[{"@type":"ListItem","position":1,"name":"Accueil","item":"https:\/\/gerdetect.fr\/de\/"},{"@type":"ListItem","position":2,"name":"Shop","item":"https:\/\/gerdetect.fr\/de\/shop\/"},{"@type":"ListItem","position":3,"name":"Uig pointer"}]},{"@type":"WebSite","@id":"https:\/\/gerdetect.fr\/de\/#website","url":"https:\/\/gerdetect.fr\/de\/","name":"GER DETECT FRANCE","description":"D\u00e9tecteur de m\u00e9taux, d&#039;or, diamants, d&#039;eau souterraine, radar de sol | Lille, Paris","potentialAction":[{"@type":"SearchAction","target":{"@type":"EntryPoint","urlTemplate":"https:\/\/gerdetect.fr\/de\/?s={search_term_string}"},"query-input":{"@type":"PropertyValueSpecification","valueRequired":true,"valueName":"search_term_string"}}],"inLanguage":"de"}]}},"_links":{"self":[{"href":"https:\/\/gerdetect.fr\/de\/wp-json\/wp\/v2\/product\/4240","targetHints":{"allow":["GET"]}}],"collection":[{"href":"https:\/\/gerdetect.fr\/de\/wp-json\/wp\/v2\/product"}],"about":[{"href":"https:\/\/gerdetect.fr\/de\/wp-json\/wp\/v2\/types\/product"}],"wp:featuredmedia":[{"embeddable":true,"href":"https:\/\/gerdetect.fr\/de\/wp-json\/wp\/v2\/media\/2617"}],"wp:attachment":[{"href":"https:\/\/gerdetect.fr\/de\/wp-json\/wp\/v2\/media?parent=4240"}],"wp:term":[{"taxonomy":"product_brand","embeddable":true,"href":"https:\/\/gerdetect.fr\/de\/wp-json\/wp\/v2\/product_brand?post=4240"},{"taxonomy":"product_cat","embeddable":true,"href":"https:\/\/gerdetect.fr\/de\/wp-json\/wp\/v2\/product_cat?post=4240"},{"taxonomy":"product_tag","embeddable":true,"href":"https:\/\/gerdetect.fr\/de\/wp-json\/wp\/v2\/product_tag?post=4240"}],"curies":[{"name":"wp","href":"https:\/\/api.w.org\/{rel}","templated":true}]}}