{"id":4246,"date":"2020-11-05T16:20:01","date_gmt":"2020-11-05T15:20:01","guid":{"rendered":"https:\/\/gerdetect.fr\/catalogue-detecteur-de-metaux\/unkategorisiert\/easy-way-smart\/"},"modified":"2026-03-07T17:18:59","modified_gmt":"2026-03-07T16:18:59","slug":"easy-way-smart","status":"publish","type":"product","link":"https:\/\/gerdetect.fr\/de\/Metalldetektorkatalog\/bodenradar\/easy-way-smart\/","title":{"rendered":"Easy Way Smart"},"content":{"rendered":"<div class=\"wpb-content-wrapper\">[vc_row content_placement=&#8221;top&#8221;][vc_column][vc_row_inner][vc_column_inner][vc_column_text]<span style=\"font-weight: 400;\">Der neue Easy Way Smart-Detektor von Ger Detect kann als Verbesserung gegen\u00fcber dem Easy Way Plus angesehen werden. Allerdings ist das neueste Prospektionsger\u00e4t der Marke seinem Vorg\u00e4nger weit voraus. Tats\u00e4chlich spiegelt es die perfekte Balance zwischen Leistung und Ergonomie wider. Sein vereinfachtes Design enth\u00e4lt ein Hochleistungsradar, das die neuesten Fortschritte in der Detektionstechnologie vereint. Derzeit ist es nach wie vor das beste von professionellen Prospektoren empfohlene Erkennungsger\u00e4t.    <\/span>[\/vc_column_text][vc_single_image image=&#8221;4243&#8243; img_size=&#8221;full&#8221; alignment=&#8221;right&#8221;][\/vc_column_inner][\/vc_row_inner][\/vc_column][\/vc_row][vc_row][vc_column]\n\t\t<div id=\"wd-69db936acdf17\" class=\"title-wrapper wd-wpb set-mb-s reset-last-child  wd-title-color-default wd-title-style-bordered text-center  wd-underline-colored\">\n\t\t\t\n\t\t\t<div class=\"liner-continer\">\n\t\t\t\t<h4 class=\"woodmart-title-container title  wd-font-weight- wd-fontsize-l\" >Erkennung und Pr\u00e4zision \u00fcber gro\u00dfe Entfernungen<\/h4>\n\t\t\t\t\t\t\t<\/div>\n\t\t\t\n\t\t\t\n\t\t\t\n\t\t<\/div>\n\t\t\n\t\t[vc_row_inner][vc_column_inner width=&#8221;1\/2&#8243;][vc_column_text]<span style=\"font-weight: 400;\">Wenn Sie herk\u00f6mmliche Detektoren verwenden, m\u00fcssen Sie den Boden nach und nach abdecken, bevor Sie auch nur den Hauch eines Hinweises haben. Danach m\u00fcssen Sie noch mehrere Scans durchf\u00fchren, um sicherzustellen, dass ein Ziel vorhanden ist. Mit dem Easy Way Smart und seinem Long-Range-System k\u00f6nnen Sie 2000 Quadratmeter auf einmal scannen. Denn tats\u00e4chlich sendet dieses Ortungsger\u00e4t \u00fcber seine Antennen im Umkreis von 500 Metern starke Wellen aus. Auf diese Weise verschwenden Sie keine Zeit, da Sie jedes Teil schneller finden. Sobald Sie ein positives Signal erhalten, k\u00f6nnen Sie mit der Lokalisierung beginnen.      <\/span><\/p>\n<p><span style=\"font-weight: 400;\">In dieser Hinsicht erreicht dieses Modell der Marke <a style=\"color: #ff6600; text-decoration: underline;\" href=\"http:\/\/www.gerdetect.fr\">Ger Detect<\/a> mit seinen Wellen gro\u00dfe Tiefen. In der Praxis kann es ein Objekt bis zu 18 Meter unter der Oberfl\u00e4che erkennen. <\/span>[\/vc_column_text][\/vc_column_inner][vc_column_inner width=&#8221;1\/2&#8243;][vc_single_image image=&#8221;4244&#8243; img_size=&#8221;medium&#8221;][\/vc_column_inner][\/vc_row_inner][\/vc_column][\/vc_row][vc_row][vc_column][vc_column_text]\n<h2><b>Ganz einfach und smart: ein leistungsstarkes 3D-Bildgebungssystem<\/b><\/h2>\n<p><span style=\"font-weight: 400;\">Aktuell verf\u00fcgen nur wenige Ortungsger\u00e4te \u00fcber 3D-Technologie. Das kleinste Ger\u00e4t von Ger Detect ist jedoch bereits mit diesem System ausgestattet. Dies ist einer der Gr\u00fcnde, warum dieses Modell zu den zuverl\u00e4ssigsten z\u00e4hlt. Die 3D-Bildgebung verhindert im Gel\u00e4nde Fehlpositionierungen. Sie sehen das Ziel und k\u00f6nnen sogar seine Form, Zusammensetzung und Tiefe bestimmen. Dank dieses Systems graben Sie nicht mehr planlos und verschwenden keine Zeit mehr mit der Suche nach Schrott oder anderen minderwertigen Funden.      <\/span>[\/vc_column_text][\/vc_column][\/vc_row]\n<\/div>","protected":false},"excerpt":{"rendered":"<h1><b>Ganz einfach smart: technische Innovation in einem einzigen Metalldetektor<\/b><\/h1>\n<p>Suchen Sie einen leistungsstarken, effizienten und intelligenten Detektor? Mit dem neuen Easy Way Smart Detector werden Sie f\u00fcndig! <\/p>\n","protected":false},"featured_media":4245,"template":"","meta":{"_joinchat":[]},"product_brand":[],"product_cat":[127,131,130,128],"product_tag":[153],"class_list":{"0":"post-4246","1":"product","2":"type-product","3":"status-publish","4":"has-post-thumbnail","6":"product_cat-bodenradar","7":"product_cat-golddetektor","8":"product_cat-hohlraumdetektor","9":"product_cat-metalldetektor","10":"product_tag-gerdetect","12":"first","13":"instock","14":"sale","15":"taxable","16":"shipping-taxable","17":"purchasable","18":"product-type-simple"},"yoast_head":"<!-- This site is optimized with the Yoast SEO plugin v26.3 - https:\/\/yoast.com\/wordpress\/plugins\/seo\/ -->\n<title>Ganz einfach smart: Melder geh\u00f6ren zu den intelligentesten<\/title>\n<meta name=\"description\" content=\"Steigern Sie Ihre Akquise dank der intelligenten Erkennungssysteme des Easy Way Smart Detectors und seiner Erkennungsleistung\" \/>\n<meta name=\"robots\" content=\"index, follow, max-snippet:-1, max-image-preview:large, max-video-preview:-1\" \/>\n<link rel=\"canonical\" href=\"https:\/\/gerdetect.fr\/de\/Metalldetektorkatalog\/bodenradar\/easy-way-smart\/\" \/>\n<meta property=\"og:locale\" content=\"de_DE\" \/>\n<meta property=\"og:type\" content=\"article\" \/>\n<meta property=\"og:title\" content=\"Ganz einfach smart: Melder geh\u00f6ren zu den intelligentesten\" \/>\n<meta property=\"og:description\" content=\"Steigern Sie Ihre Akquise dank der intelligenten Erkennungssysteme des Easy Way Smart Detectors und seiner Erkennungsleistung\" \/>\n<meta property=\"og:url\" content=\"https:\/\/gerdetect.fr\/de\/Metalldetektorkatalog\/bodenradar\/easy-way-smart\/\" \/>\n<meta property=\"og:site_name\" content=\"GER DETECT FRANCE\" \/>\n<meta property=\"article:modified_time\" content=\"2026-03-07T16:18:59+00:00\" \/>\n<meta property=\"og:image\" content=\"https:\/\/gerdetect.fr\/wp-content\/uploads\/2020\/11\/easy-way-smart-dual-system-device-homepage.png\" \/>\n\t<meta property=\"og:image:width\" content=\"1262\" \/>\n\t<meta property=\"og:image:height\" content=\"1075\" \/>\n\t<meta property=\"og:image:type\" content=\"image\/png\" \/>\n<meta name=\"twitter:card\" content=\"summary_large_image\" \/>\n<meta name=\"twitter:label1\" content=\"Gesch\u00e4tzte Lesezeit\" \/>\n\t<meta name=\"twitter:data1\" content=\"2\u00a0Minuten\" \/>\n<script type=\"application\/ld+json\" class=\"yoast-schema-graph\">{\"@context\":\"https:\/\/schema.org\",\"@graph\":[{\"@type\":\"WebPage\",\"@id\":\"https:\/\/gerdetect.fr\/de\/Metalldetektorkatalog\/bodenradar\/easy-way-smart\/\",\"url\":\"https:\/\/gerdetect.fr\/de\/Metalldetektorkatalog\/bodenradar\/easy-way-smart\/\",\"name\":\"Ganz einfach smart: Melder geh\u00f6ren zu den intelligentesten\",\"isPartOf\":{\"@id\":\"https:\/\/gerdetect.fr\/de\/#website\"},\"primaryImageOfPage\":{\"@id\":\"https:\/\/gerdetect.fr\/de\/Metalldetektorkatalog\/bodenradar\/easy-way-smart\/#primaryimage\"},\"image\":{\"@id\":\"https:\/\/gerdetect.fr\/de\/Metalldetektorkatalog\/bodenradar\/easy-way-smart\/#primaryimage\"},\"thumbnailUrl\":\"https:\/\/gerdetect.fr\/wp-content\/uploads\/2020\/11\/easy-way-smart-dual-system-device-homepage.png\",\"datePublished\":\"2020-11-05T15:20:01+00:00\",\"dateModified\":\"2026-03-07T16:18:59+00:00\",\"description\":\"Steigern Sie Ihre Akquise dank der intelligenten Erkennungssysteme des Easy Way Smart Detectors und seiner Erkennungsleistung\",\"breadcrumb\":{\"@id\":\"https:\/\/gerdetect.fr\/de\/Metalldetektorkatalog\/bodenradar\/easy-way-smart\/#breadcrumb\"},\"inLanguage\":\"de\",\"potentialAction\":[{\"@type\":\"ReadAction\",\"target\":[\"https:\/\/gerdetect.fr\/de\/Metalldetektorkatalog\/bodenradar\/easy-way-smart\/\"]}]},{\"@type\":\"ImageObject\",\"inLanguage\":\"de\",\"@id\":\"https:\/\/gerdetect.fr\/de\/Metalldetektorkatalog\/bodenradar\/easy-way-smart\/#primaryimage\",\"url\":\"https:\/\/gerdetect.fr\/wp-content\/uploads\/2020\/11\/easy-way-smart-dual-system-device-homepage.png\",\"contentUrl\":\"https:\/\/gerdetect.fr\/wp-content\/uploads\/2020\/11\/easy-way-smart-dual-system-device-homepage.png\",\"width\":1262,\"height\":1075},{\"@type\":\"BreadcrumbList\",\"@id\":\"https:\/\/gerdetect.fr\/de\/Metalldetektorkatalog\/bodenradar\/easy-way-smart\/#breadcrumb\",\"itemListElement\":[{\"@type\":\"ListItem\",\"position\":1,\"name\":\"Accueil\",\"item\":\"https:\/\/gerdetect.fr\/de\/\"},{\"@type\":\"ListItem\",\"position\":2,\"name\":\"Shop\",\"item\":\"https:\/\/gerdetect.fr\/de\/shop\/\"},{\"@type\":\"ListItem\",\"position\":3,\"name\":\"Easy Way Smart\"}]},{\"@type\":\"WebSite\",\"@id\":\"https:\/\/gerdetect.fr\/de\/#website\",\"url\":\"https:\/\/gerdetect.fr\/de\/\",\"name\":\"GER DETECT FRANCE\",\"description\":\"D\u00e9tecteur de m\u00e9taux, d&#039;or, diamants, d&#039;eau souterraine, radar de sol | Lille, Paris\",\"potentialAction\":[{\"@type\":\"SearchAction\",\"target\":{\"@type\":\"EntryPoint\",\"urlTemplate\":\"https:\/\/gerdetect.fr\/de\/?s={search_term_string}\"},\"query-input\":{\"@type\":\"PropertyValueSpecification\",\"valueRequired\":true,\"valueName\":\"search_term_string\"}}],\"inLanguage\":\"de\"}]}<\/script>\n<!-- \/ Yoast SEO plugin. -->","yoast_head_json":{"title":"Ganz einfach smart: Melder geh\u00f6ren zu den intelligentesten","description":"Steigern Sie Ihre Akquise dank der intelligenten Erkennungssysteme des Easy Way Smart Detectors und seiner Erkennungsleistung","robots":{"index":"index","follow":"follow","max-snippet":"max-snippet:-1","max-image-preview":"max-image-preview:large","max-video-preview":"max-video-preview:-1"},"canonical":"https:\/\/gerdetect.fr\/de\/Metalldetektorkatalog\/bodenradar\/easy-way-smart\/","og_locale":"de_DE","og_type":"article","og_title":"Ganz einfach smart: Melder geh\u00f6ren zu den intelligentesten","og_description":"Steigern Sie Ihre Akquise dank der intelligenten Erkennungssysteme des Easy Way Smart Detectors und seiner Erkennungsleistung","og_url":"https:\/\/gerdetect.fr\/de\/Metalldetektorkatalog\/bodenradar\/easy-way-smart\/","og_site_name":"GER DETECT FRANCE","article_modified_time":"2026-03-07T16:18:59+00:00","og_image":[{"width":1262,"height":1075,"url":"https:\/\/gerdetect.fr\/wp-content\/uploads\/2020\/11\/easy-way-smart-dual-system-device-homepage.png","type":"image\/png"}],"twitter_card":"summary_large_image","twitter_misc":{"Gesch\u00e4tzte Lesezeit":"2\u00a0Minuten"},"schema":{"@context":"https:\/\/schema.org","@graph":[{"@type":"WebPage","@id":"https:\/\/gerdetect.fr\/de\/Metalldetektorkatalog\/bodenradar\/easy-way-smart\/","url":"https:\/\/gerdetect.fr\/de\/Metalldetektorkatalog\/bodenradar\/easy-way-smart\/","name":"Ganz einfach smart: Melder geh\u00f6ren zu den intelligentesten","isPartOf":{"@id":"https:\/\/gerdetect.fr\/de\/#website"},"primaryImageOfPage":{"@id":"https:\/\/gerdetect.fr\/de\/Metalldetektorkatalog\/bodenradar\/easy-way-smart\/#primaryimage"},"image":{"@id":"https:\/\/gerdetect.fr\/de\/Metalldetektorkatalog\/bodenradar\/easy-way-smart\/#primaryimage"},"thumbnailUrl":"https:\/\/gerdetect.fr\/wp-content\/uploads\/2020\/11\/easy-way-smart-dual-system-device-homepage.png","datePublished":"2020-11-05T15:20:01+00:00","dateModified":"2026-03-07T16:18:59+00:00","description":"Steigern Sie Ihre Akquise dank der intelligenten Erkennungssysteme des Easy Way Smart Detectors und seiner Erkennungsleistung","breadcrumb":{"@id":"https:\/\/gerdetect.fr\/de\/Metalldetektorkatalog\/bodenradar\/easy-way-smart\/#breadcrumb"},"inLanguage":"de","potentialAction":[{"@type":"ReadAction","target":["https:\/\/gerdetect.fr\/de\/Metalldetektorkatalog\/bodenradar\/easy-way-smart\/"]}]},{"@type":"ImageObject","inLanguage":"de","@id":"https:\/\/gerdetect.fr\/de\/Metalldetektorkatalog\/bodenradar\/easy-way-smart\/#primaryimage","url":"https:\/\/gerdetect.fr\/wp-content\/uploads\/2020\/11\/easy-way-smart-dual-system-device-homepage.png","contentUrl":"https:\/\/gerdetect.fr\/wp-content\/uploads\/2020\/11\/easy-way-smart-dual-system-device-homepage.png","width":1262,"height":1075},{"@type":"BreadcrumbList","@id":"https:\/\/gerdetect.fr\/de\/Metalldetektorkatalog\/bodenradar\/easy-way-smart\/#breadcrumb","itemListElement":[{"@type":"ListItem","position":1,"name":"Accueil","item":"https:\/\/gerdetect.fr\/de\/"},{"@type":"ListItem","position":2,"name":"Shop","item":"https:\/\/gerdetect.fr\/de\/shop\/"},{"@type":"ListItem","position":3,"name":"Easy Way Smart"}]},{"@type":"WebSite","@id":"https:\/\/gerdetect.fr\/de\/#website","url":"https:\/\/gerdetect.fr\/de\/","name":"GER DETECT FRANCE","description":"D\u00e9tecteur de m\u00e9taux, d&#039;or, diamants, d&#039;eau souterraine, radar de sol | Lille, Paris","potentialAction":[{"@type":"SearchAction","target":{"@type":"EntryPoint","urlTemplate":"https:\/\/gerdetect.fr\/de\/?s={search_term_string}"},"query-input":{"@type":"PropertyValueSpecification","valueRequired":true,"valueName":"search_term_string"}}],"inLanguage":"de"}]}},"_links":{"self":[{"href":"https:\/\/gerdetect.fr\/de\/wp-json\/wp\/v2\/product\/4246","targetHints":{"allow":["GET"]}}],"collection":[{"href":"https:\/\/gerdetect.fr\/de\/wp-json\/wp\/v2\/product"}],"about":[{"href":"https:\/\/gerdetect.fr\/de\/wp-json\/wp\/v2\/types\/product"}],"wp:featuredmedia":[{"embeddable":true,"href":"https:\/\/gerdetect.fr\/de\/wp-json\/wp\/v2\/media\/4245"}],"wp:attachment":[{"href":"https:\/\/gerdetect.fr\/de\/wp-json\/wp\/v2\/media?parent=4246"}],"wp:term":[{"taxonomy":"product_brand","embeddable":true,"href":"https:\/\/gerdetect.fr\/de\/wp-json\/wp\/v2\/product_brand?post=4246"},{"taxonomy":"product_cat","embeddable":true,"href":"https:\/\/gerdetect.fr\/de\/wp-json\/wp\/v2\/product_cat?post=4246"},{"taxonomy":"product_tag","embeddable":true,"href":"https:\/\/gerdetect.fr\/de\/wp-json\/wp\/v2\/product_tag?post=4246"}],"curies":[{"name":"wp","href":"https:\/\/api.w.org\/{rel}","templated":true}]}}