{"id":4268,"date":"2019-09-09T13:37:33","date_gmt":"2019-09-09T11:37:33","guid":{"rendered":"https:\/\/gerdetect.fr\/catalogue-detecteur-de-metaux\/unkategorisiert\/fluss-g-3-systeme\/"},"modified":"2026-02-18T11:23:34","modified_gmt":"2026-02-18T10:23:34","slug":"fluss-g-3-systeme","status":"publish","type":"product","link":"https:\/\/gerdetect.fr\/de\/Metalldetektorkatalog\/grundwasserdetektor\/fluss-g-3-systeme\/","title":{"rendered":"Fluss G &#8211; 3 Systeme"},"content":{"rendered":"<div class=\"wpb-content-wrapper\">[vc_row][vc_column width=&#8221;1\/2&#8243;][vc_video link=&#8221;https:\/\/www.youtube.com\/watch?v=lR0KkmbGB6E&#8221; title=&#8221;River G-Pr\u00e4sentation&#8221;][\/vc_column][vc_column width=&#8221;1\/2&#8243;][vc_single_image image=&#8221;4248&#8243; img_size=&#8221;full&#8221; alignment=&#8221;center&#8221;][\/vc_column][\/vc_row][vc_row content_placement=&#8221;top&#8221;][vc_column][vc_row_inner][vc_column_inner]\n\t\t<div id=\"wd-69dba374ccf7c\" class=\"title-wrapper wd-wpb set-mb-s reset-last-child  wd-title-color-alt wd-title-style-bordered text-center  wd-underline-colored\">\n\t\t\t\n\t\t\t<div class=\"liner-continer\">\n\t\t\t\t<h2 class=\"woodmart-title-container title  wd-font-weight- wd-fontsize-l\" >Die 3 Erkennungssysteme des River G Wassermelders<\/h2>\n\t\t\t\t\t\t\t<\/div>\n\t\t\t\n\t\t\t\n\t\t\t\n\t\t<\/div>\n\t\t\n\t\t[vc_column_text]\n&#13;\n<p>3D-Bildgebungssystem: 3D-Darstellung des Forschungsgebiets. Geophysikalisches Forschungssystem: Ermittelt die Tiefe des Gew\u00e4ssers, seine Menge und seine Eigenschaften. Anschlie\u00dfend haben Sie die M\u00f6glichkeit, den Drucker des Detektors zu verwenden, um die Daten auf Papier auszudrucken. Fernerkennungssystem: Erm\u00f6glicht das Scannen einer gro\u00dfen Landfl\u00e4che auf einmal. Denn tats\u00e4chlich kann das System 3000 m\u00b2 und 1200 Meter unter der Erde scannen. Erkennungsentfernung: eine Oberfl\u00e4chenentfernung von 2000 Metern und 1200 Metern in der Tiefe. <\/p>&#13;\n[\/vc_column_text][\/vc_column_inner][\/vc_row_inner][vc_row_inner][vc_column_inner width=&#8221;1\/2&#8243;]\n\t\t<div id=\"wd-69dba374ccfe7\" class=\"title-wrapper wd-wpb set-mb-s reset-last-child  wd-title-color-alt wd-title-style-bordered text-center  wd-underline-colored\">\n\t\t\t\n\t\t\t<div class=\"liner-continer\">\n\t\t\t\t<h2 class=\"woodmart-title-container title  wd-font-weight- wd-fontsize-l\" >Merkmale des 3D-Bildgebungssystems<\/h2>\n\t\t\t\t\t\t\t<\/div>\n\t\t\t\n\t\t\t\n\t\t\t\n\t\t<\/div>\n\t\t\n\t\t[vc_column_text]\n&#13;\n<p><span style=\"color: #000000;\"><span style=\"font-weight: 400;\">Mit diesem System k\u00f6nnen Sie die Ergebnisse eines Scans in einer dreidimensionalen Grafikmontage analysieren. Dadurch wird die Wassererkennung pr\u00e4ziser durchgef\u00fchrt. Sie k\u00f6nnen auch die mineralischen Eigenschaften des Wassers erfahren. Vor dem Bohren teilt Ihnen der Detektor den Zielort und die Tiefe der Wassertasche mit.   <\/span><\/span><\/p>&#13;\n[\/vc_column_text]\n\t\t<div id=\"wd-69dba374cd01e\" class=\"title-wrapper wd-wpb set-mb-s reset-last-child  wd-title-color-alt wd-title-style-bordered text-center  wd-underline-colored\">\n\t\t\t\n\t\t\t<div class=\"liner-continer\">\n\t\t\t\t<h2 class=\"woodmart-title-container title  wd-font-weight- wd-fontsize-l\" >Merkmale des geophysikalischen Forschungssystems<\/h2>\n\t\t\t\t\t\t\t<\/div>\n\t\t\t\n\t\t\t\n\t\t\t\n\t\t<\/div>\n\t\t\n\t\t[vc_column_text]\n&#13;\n<p><span style=\"color: #000000;\"><span style=\"font-weight: 400;\">Erstens kombiniert dieses System Geschwindigkeit und Pr\u00e4zision. Dadurch ergibt sich der Vorteil, dass nach dem Scan maximale Informationen bereitgestellt werden. So k\u00f6nnen Sie beispielsweise die Dichte von Wasser oder den Salzgehalt ermitteln. Je nach Bedarf des Benutzers \u00fcbermittelt das Ger\u00e4t auch die Tiefe des Grundwasserspiegels.   <\/span><\/span><\/p>&#13;\n[\/vc_column_text][\/vc_column_inner][vc_column_inner width=&#8221;1\/2&#8243;][vc_single_image image=&#8221;4249&#8243; img_size=&#8221;large&#8221; alignment=&#8221;center&#8221;][\/vc_column_inner][\/vc_row_inner][vc_row_inner][vc_column_inner]\n\t\t<div id=\"wd-69dba374cd04b\" class=\"title-wrapper wd-wpb set-mb-s reset-last-child  wd-title-color-alt wd-title-style-bordered text-center  wd-underline-colored\">\n\t\t\t\n\t\t\t<div class=\"liner-continer\">\n\t\t\t\t<h2 class=\"woodmart-title-container title  wd-font-weight- wd-fontsize-l\" >Funktionen des Langstreckensystems<\/h2>\n\t\t\t\t\t\t\t<\/div>\n\t\t\t\n\t\t\t\n\t\t\t\n\t\t<\/div>\n\t\t\n\t\t[vc_column_text]Das Long-Range-System greift bei der Suche \u00fcber gro\u00dfe Gebiete ein. Tats\u00e4chlich erm\u00f6glicht seine Leistung die schnelle Durchf\u00fchrung eines gro\u00df angelegten Scans. Hier sind die Merkmale des Langstreckensystems: -Touchscreen mit hochaufl\u00f6sendem Bild. -M\u00f6glichkeit, das Ger\u00e4t \u00fcber den Touchscreen oder die Tastatur zu bedienen. -6 Sprachen verf\u00fcgbar. -Digitaler Kompass f\u00fcr pr\u00e4zise Navigation. -Anzeige von Bodeninformationen. Dar\u00fcber hinaus kann sich der Benutzer mit diesem System mit dem Ger\u00e4t zum angegebenen Punkt bewegen. Durch die Verfeinerung der Einstellungen k\u00f6nnen au\u00dferdem genaue Koordinaten bis zu einem Quadratmeter ermittelt werden.[\/vc_column_text][\/vc_column_inner][\/vc_row_inner][vc_row_inner][vc_column_inner]\n\t\t<div id=\"wd-69dba374cd07a\" class=\"title-wrapper wd-wpb set-mb-s reset-last-child  wd-title-color-alt wd-title-style-bordered text-center  wd-underline-colored\">\n\t\t\t\n\t\t\t<div class=\"liner-continer\">\n\t\t\t\t<h2 class=\"woodmart-title-container title  wd-font-weight- wd-fontsize-l\" >Technische Spezifikationen des River G-Detektors<\/h2>\n\t\t\t\t\t\t\t<\/div>\n\t\t\t\n\t\t\t\n\t\t\t\n\t\t<\/div>\n\t\t\n\t\t[vc_column_text]\n<ol>\n<li><span style=\"font-weight: 400; color: #000000;\"> Ein 3-in-1-Multisystemdetektor.<\/span><\/li>\n<li><span style=\"font-weight: 400; color: #000000;\"> 8-Zoll-Bildschirm mit Touch-Funktion.<\/span><\/li>\n<li><span style=\"font-weight: 400; color: #000000;\"> Android-Tablet speziell f\u00fcr das 3D-System.<\/span><\/li>\n<li><span style=\"font-weight: 400; color: #000000;\"> Leistungsstarke Datenverarbeitungstechnologie.<\/span><\/li>\n<li><span style=\"font-weight: 400; color: #000000;\"> In der Zentraleinheit integrierter Drucker zum sofortigen Ausdrucken der Scandaten.<\/span><\/li>\n<li><span style=\"font-weight: 400; color: #000000;\"> 4,3-Zoll-Bildschirm f\u00fcr Systeme mit gro\u00dfer Reichweite.<\/span><\/li>\n<li><span style=\"font-weight: 400; color: #000000;\"> Detektor einstellbar \u00fcber Touchscreen und Tastatur.<\/span><\/li>\n<li><span style=\"font-weight: 400; color: #000000;\"> Verf\u00fcgbare Sprachen: Deutsch \u2013 Englisch \u2013 Franz\u00f6sisch \u2013 Spanisch \u2013 Italienisch \u2013 Arabisch<\/span><\/li>\n<li><span style=\"font-weight: 400; color: #000000;\"> Wahl des Landes oder Kontinents m\u00f6glich.<\/span><\/li>\n<li><span style=\"font-weight: 400; color: #000000;\"> Digitaler Kompass zur Orientierung<\/span><\/li>\n<li><span style=\"font-weight: 400; color: #000000;\"> Tiefendetektor.<\/span><\/li>\n<li><span style=\"font-weight: 400; color: #000000;\"> Tiefenscan bis 1500 Meter.<\/span><\/li>\n<li><span style=\"font-weight: 400; color: #000000;\"> Linearer Scanbereich bis zu 3000 Meter.<\/span><\/li>\n<li><span style=\"font-weight: 400; color: #000000;\"> Identifizierung der Bodenbeschaffenheit entsprechend dem Forschungsgebiet.<\/span><\/li>\n<li><span style=\"font-weight: 400; color: #000000;\"> Mit Ursprungszeugnis und 2 Jahren Garantie.<\/span><\/li>\n<li><span style=\"font-weight: 400; color: #000000;\"> Gewicht des Detektors: 9 kg.<\/span><\/li>\n<li><span style=\"font-weight: 400; color: #000000;\"> Gewicht des Zubeh\u00f6rs: 7 kg.<\/span><\/li>\n<\/ol>\n[\/vc_column_text][\/vc_column_inner][\/vc_row_inner][vc_row_inner][vc_column_inner]\n\t\t<div id=\"wd-69dba374cd0ed\" class=\"title-wrapper wd-wpb set-mb-s reset-last-child  wd-title-color-alt wd-title-style-bordered text-center  wd-underline-colored\">\n\t\t\t\n\t\t\t<div class=\"liner-continer\">\n\t\t\t\t<h2 class=\"woodmart-title-container title  wd-font-weight- wd-fontsize-l\" >Zubeh\u00f6r f\u00fcr River-G-Detektoren <\/h2>\n\t\t\t\t\t\t\t<\/div>\n\t\t\t\n\t\t\t\n\t\t\t\n\t\t<\/div>\n\t\t\n\t\t[\/vc_column_inner][\/vc_row_inner][\/vc_column][\/vc_row][vc_row][vc_column width=&#8221;1\/3&#8243;][vc_single_image image=&#8221;4250&#8243; img_size=&#8221;medium&#8221; alignment=&#8221;center&#8221; onclick=&#8221;link_image&#8221;][\/vc_column][vc_column width=&#8221;1\/3&#8243;][vc_single_image image=&#8221;4251&#8243; img_size=&#8221;medium&#8221; alignment=&#8221;center&#8221; onclick=&#8221;link_image&#8221;][\/vc_column][vc_column width=&#8221;1\/3&#8243;][vc_single_image image=&#8221;4252&#8243; img_size=&#8221;medium&#8221; alignment=&#8221;center&#8221; onclick=&#8221;link_image&#8221;][\/vc_column][\/vc_row][vc_row][vc_column width=&#8221;1\/3&#8243;][vc_single_image image=&#8221;4253&#8243; img_size=&#8221;medium&#8221; alignment=&#8221;center&#8221; onclick=&#8221;link_image&#8221;][\/vc_column][vc_column width=&#8221;1\/3&#8243;][vc_single_image image=&#8221;4254&#8243; img_size=&#8221;medium&#8221; alignment=&#8221;center&#8221; onclick=&#8221;link_image&#8221;][\/vc_column][vc_column width=&#8221;1\/3&#8243;][vc_single_image image=&#8221;4255&#8243; img_size=&#8221;medium&#8221; alignment=&#8221;center&#8221; onclick=&#8221;link_image&#8221;][\/vc_column][\/vc_row][vc_row][vc_column width=&#8221;1\/3&#8243;][vc_single_image image=&#8221;4256&#8243; img_size=&#8221;medium&#8221; alignment=&#8221;center&#8221; onclick=&#8221;link_image&#8221;][\/vc_column][vc_column width=&#8221;1\/3&#8243;][vc_single_image image=&#8221;4257&#8243; img_size=&#8221;medium&#8221; alignment=&#8221;center&#8221; onclick=&#8221;link_image&#8221;][\/vc_column][vc_column width=&#8221;1\/3&#8243;][vc_single_image image=&#8221;4258&#8243; img_size=&#8221;medium&#8221; alignment=&#8221;center&#8221; onclick=&#8221;link_image&#8221;][\/vc_column][\/vc_row][vc_row][vc_column width=&#8221;1\/3&#8243;][vc_single_image image=&#8221;4259&#8243; img_size=&#8221;medium&#8221; alignment=&#8221;center&#8221; onclick=&#8221;link_image&#8221;][\/vc_column][vc_column width=&#8221;1\/3&#8243;][vc_single_image image=&#8221;4260&#8243; img_size=&#8221;medium&#8221; alignment=&#8221;center&#8221; onclick=&#8221;link_image&#8221;][\/vc_column][vc_column width=&#8221;1\/3&#8243;][vc_single_image image=&#8221;4261&#8243; img_size=&#8221;medium&#8221; alignment=&#8221;center&#8221; onclick=&#8221;link_image&#8221;][\/vc_column][\/vc_row][vc_row][vc_column width=&#8221;1\/3&#8243;][vc_single_image image=&#8221;4262&#8243; img_size=&#8221;medium&#8221; alignment=&#8221;center&#8221; onclick=&#8221;link_image&#8221;][\/vc_column][vc_column width=&#8221;1\/3&#8243;][vc_single_image image=&#8221;4263&#8243; img_size=&#8221;medium&#8221; alignment=&#8221;center&#8221; onclick=&#8221;link_image&#8221;][\/vc_column][vc_column width=&#8221;1\/3&#8243;][vc_single_image image=&#8221;4264&#8243; img_size=&#8221;medium&#8221; alignment=&#8221;center&#8221; onclick=&#8221;link_image&#8221;][\/vc_column][\/vc_row][vc_row][vc_column][vc_column_text] [\/vc_column_text][\/vc_column][\/vc_row]\n[vc_row][vc_column width=&#8221;1\/3&#8243;][vc_single_image image=&#8221;4265&#8243; img_size=&#8221;medium&#8221; alignment=&#8221;center&#8221; onclick=&#8221;link_image&#8221;][\/vc_column][vc_column width=&#8221;1\/3&#8243;][vc_single_image image=&#8221;4266&#8243; img_size=&#8221;medium&#8221; alignment=&#8221;center&#8221; onclick=&#8221;link_image&#8221;][\/vc_column][vc_column width=&#8221;1\/3&#8243;][vc_single_image image=&#8221;4267&#8243; img_size=&#8221;medium&#8221; alignment=&#8221;center&#8221; onclick=&#8221;link_image&#8221;][\/vc_column][\/vc_row]\n<\/div>","protected":false},"excerpt":{"rendered":"<h1><span style=\"color: #000000;\">River G \u2013 Der Benchmark-Grundwasserdetektor<\/span><\/h1>\n<p><span style=\"font-weight: 400; color: #000000;\">Der RIVER G verf\u00fcgt \u00fcber drei Systeme zur Wassererkennung: ein 3D-Bildgebungssystem, ein geophysikalisches Forschungssystem und ein Fernbereichssystem. Das Langstreckensystem kann bis zu 1200 Meter voraus und 2000 Meter unter der Oberfl\u00e4che scannen. <\/span><\/p>\n","protected":false},"featured_media":3240,"template":"","meta":{"_joinchat":[]},"product_brand":[],"product_cat":[132],"product_tag":[153],"class_list":{"0":"post-4268","1":"product","2":"type-product","3":"status-publish","4":"has-post-thumbnail","6":"product_cat-grundwasserdetektor","7":"product_tag-gerdetect","9":"first","10":"instock","11":"sale","12":"taxable","13":"shipping-taxable","14":"purchasable","15":"product-type-simple"},"yoast_head":"<!-- This site is optimized with the Yoast SEO plugin v26.3 - https:\/\/yoast.com\/wordpress\/plugins\/seo\/ -->\n<title>River G \u2013 Der Referenz-Grundwasserdetektor<\/title>\n<meta name=\"description\" content=\"Dank seiner un\u00fcbertroffenen Leistung in diesem Bereich erm\u00f6glicht Ihnen der Grundwasserdetektor River G das Auffinden von Grundwasserspiegeln in der Tiefe\" \/>\n<meta name=\"robots\" content=\"index, follow, max-snippet:-1, max-image-preview:large, max-video-preview:-1\" \/>\n<link rel=\"canonical\" href=\"https:\/\/gerdetect.fr\/de\/Metalldetektorkatalog\/grundwasserdetektor\/fluss-g-3-systeme\/\" \/>\n<meta property=\"og:locale\" content=\"de_DE\" \/>\n<meta property=\"og:type\" content=\"article\" \/>\n<meta property=\"og:title\" content=\"River G \u2013 Der Referenz-Grundwasserdetektor\" \/>\n<meta property=\"og:description\" content=\"Dank seiner un\u00fcbertroffenen Leistung in diesem Bereich erm\u00f6glicht Ihnen der Grundwasserdetektor River G das Auffinden von Grundwasserspiegeln in der Tiefe\" \/>\n<meta property=\"og:url\" content=\"https:\/\/gerdetect.fr\/de\/Metalldetektorkatalog\/grundwasserdetektor\/fluss-g-3-systeme\/\" \/>\n<meta property=\"og:site_name\" content=\"GER DETECT FRANCE\" \/>\n<meta property=\"article:modified_time\" content=\"2026-02-18T10:23:34+00:00\" \/>\n<meta property=\"og:image\" content=\"https:\/\/gerdetect.fr\/wp-content\/uploads\/2025\/11\/river-g-WATER-DETECTOR-25.webp\" \/>\n\t<meta property=\"og:image:width\" content=\"1000\" \/>\n\t<meta property=\"og:image:height\" content=\"564\" \/>\n\t<meta property=\"og:image:type\" content=\"image\/webp\" \/>\n<meta name=\"twitter:card\" content=\"summary_large_image\" \/>\n<meta name=\"twitter:label1\" content=\"Gesch\u00e4tzte Lesezeit\" \/>\n\t<meta name=\"twitter:data1\" content=\"5\u00a0Minuten\" \/>\n<script type=\"application\/ld+json\" class=\"yoast-schema-graph\">{\"@context\":\"https:\/\/schema.org\",\"@graph\":[{\"@type\":\"WebPage\",\"@id\":\"https:\/\/gerdetect.fr\/de\/Metalldetektorkatalog\/grundwasserdetektor\/fluss-g-3-systeme\/\",\"url\":\"https:\/\/gerdetect.fr\/de\/Metalldetektorkatalog\/grundwasserdetektor\/fluss-g-3-systeme\/\",\"name\":\"River G \u2013 Der Referenz-Grundwasserdetektor\",\"isPartOf\":{\"@id\":\"https:\/\/gerdetect.fr\/de\/#website\"},\"primaryImageOfPage\":{\"@id\":\"https:\/\/gerdetect.fr\/de\/Metalldetektorkatalog\/grundwasserdetektor\/fluss-g-3-systeme\/#primaryimage\"},\"image\":{\"@id\":\"https:\/\/gerdetect.fr\/de\/Metalldetektorkatalog\/grundwasserdetektor\/fluss-g-3-systeme\/#primaryimage\"},\"thumbnailUrl\":\"https:\/\/gerdetect.fr\/wp-content\/uploads\/2025\/11\/river-g-WATER-DETECTOR-25.webp\",\"datePublished\":\"2019-09-09T11:37:33+00:00\",\"dateModified\":\"2026-02-18T10:23:34+00:00\",\"description\":\"Dank seiner un\u00fcbertroffenen Leistung in diesem Bereich erm\u00f6glicht Ihnen der Grundwasserdetektor River G das Auffinden von Grundwasserspiegeln in der Tiefe\",\"breadcrumb\":{\"@id\":\"https:\/\/gerdetect.fr\/de\/Metalldetektorkatalog\/grundwasserdetektor\/fluss-g-3-systeme\/#breadcrumb\"},\"inLanguage\":\"de\",\"potentialAction\":[{\"@type\":\"ReadAction\",\"target\":[\"https:\/\/gerdetect.fr\/de\/Metalldetektorkatalog\/grundwasserdetektor\/fluss-g-3-systeme\/\"]}]},{\"@type\":\"ImageObject\",\"inLanguage\":\"de\",\"@id\":\"https:\/\/gerdetect.fr\/de\/Metalldetektorkatalog\/grundwasserdetektor\/fluss-g-3-systeme\/#primaryimage\",\"url\":\"https:\/\/gerdetect.fr\/wp-content\/uploads\/2025\/11\/river-g-WATER-DETECTOR-25.webp\",\"contentUrl\":\"https:\/\/gerdetect.fr\/wp-content\/uploads\/2025\/11\/river-g-WATER-DETECTOR-25.webp\",\"width\":1000,\"height\":564},{\"@type\":\"BreadcrumbList\",\"@id\":\"https:\/\/gerdetect.fr\/de\/Metalldetektorkatalog\/grundwasserdetektor\/fluss-g-3-systeme\/#breadcrumb\",\"itemListElement\":[{\"@type\":\"ListItem\",\"position\":1,\"name\":\"Accueil\",\"item\":\"https:\/\/gerdetect.fr\/de\/\"},{\"@type\":\"ListItem\",\"position\":2,\"name\":\"Shop\",\"item\":\"https:\/\/gerdetect.fr\/de\/shop\/\"},{\"@type\":\"ListItem\",\"position\":3,\"name\":\"Fluss G &#8211; 3 Systeme\"}]},{\"@type\":\"WebSite\",\"@id\":\"https:\/\/gerdetect.fr\/de\/#website\",\"url\":\"https:\/\/gerdetect.fr\/de\/\",\"name\":\"GER DETECT FRANCE\",\"description\":\"D\u00e9tecteur de m\u00e9taux, d&#039;or, diamants, d&#039;eau souterraine, radar de sol | Lille, Paris\",\"potentialAction\":[{\"@type\":\"SearchAction\",\"target\":{\"@type\":\"EntryPoint\",\"urlTemplate\":\"https:\/\/gerdetect.fr\/de\/?s={search_term_string}\"},\"query-input\":{\"@type\":\"PropertyValueSpecification\",\"valueRequired\":true,\"valueName\":\"search_term_string\"}}],\"inLanguage\":\"de\"}]}<\/script>\n<!-- \/ Yoast SEO plugin. -->","yoast_head_json":{"title":"River G \u2013 Der Referenz-Grundwasserdetektor","description":"Dank seiner un\u00fcbertroffenen Leistung in diesem Bereich erm\u00f6glicht Ihnen der Grundwasserdetektor River G das Auffinden von Grundwasserspiegeln in der Tiefe","robots":{"index":"index","follow":"follow","max-snippet":"max-snippet:-1","max-image-preview":"max-image-preview:large","max-video-preview":"max-video-preview:-1"},"canonical":"https:\/\/gerdetect.fr\/de\/Metalldetektorkatalog\/grundwasserdetektor\/fluss-g-3-systeme\/","og_locale":"de_DE","og_type":"article","og_title":"River G \u2013 Der Referenz-Grundwasserdetektor","og_description":"Dank seiner un\u00fcbertroffenen Leistung in diesem Bereich erm\u00f6glicht Ihnen der Grundwasserdetektor River G das Auffinden von Grundwasserspiegeln in der Tiefe","og_url":"https:\/\/gerdetect.fr\/de\/Metalldetektorkatalog\/grundwasserdetektor\/fluss-g-3-systeme\/","og_site_name":"GER DETECT FRANCE","article_modified_time":"2026-02-18T10:23:34+00:00","og_image":[{"width":1000,"height":564,"url":"https:\/\/gerdetect.fr\/wp-content\/uploads\/2025\/11\/river-g-WATER-DETECTOR-25.webp","type":"image\/webp"}],"twitter_card":"summary_large_image","twitter_misc":{"Gesch\u00e4tzte Lesezeit":"5\u00a0Minuten"},"schema":{"@context":"https:\/\/schema.org","@graph":[{"@type":"WebPage","@id":"https:\/\/gerdetect.fr\/de\/Metalldetektorkatalog\/grundwasserdetektor\/fluss-g-3-systeme\/","url":"https:\/\/gerdetect.fr\/de\/Metalldetektorkatalog\/grundwasserdetektor\/fluss-g-3-systeme\/","name":"River G \u2013 Der Referenz-Grundwasserdetektor","isPartOf":{"@id":"https:\/\/gerdetect.fr\/de\/#website"},"primaryImageOfPage":{"@id":"https:\/\/gerdetect.fr\/de\/Metalldetektorkatalog\/grundwasserdetektor\/fluss-g-3-systeme\/#primaryimage"},"image":{"@id":"https:\/\/gerdetect.fr\/de\/Metalldetektorkatalog\/grundwasserdetektor\/fluss-g-3-systeme\/#primaryimage"},"thumbnailUrl":"https:\/\/gerdetect.fr\/wp-content\/uploads\/2025\/11\/river-g-WATER-DETECTOR-25.webp","datePublished":"2019-09-09T11:37:33+00:00","dateModified":"2026-02-18T10:23:34+00:00","description":"Dank seiner un\u00fcbertroffenen Leistung in diesem Bereich erm\u00f6glicht Ihnen der Grundwasserdetektor River G das Auffinden von Grundwasserspiegeln in der Tiefe","breadcrumb":{"@id":"https:\/\/gerdetect.fr\/de\/Metalldetektorkatalog\/grundwasserdetektor\/fluss-g-3-systeme\/#breadcrumb"},"inLanguage":"de","potentialAction":[{"@type":"ReadAction","target":["https:\/\/gerdetect.fr\/de\/Metalldetektorkatalog\/grundwasserdetektor\/fluss-g-3-systeme\/"]}]},{"@type":"ImageObject","inLanguage":"de","@id":"https:\/\/gerdetect.fr\/de\/Metalldetektorkatalog\/grundwasserdetektor\/fluss-g-3-systeme\/#primaryimage","url":"https:\/\/gerdetect.fr\/wp-content\/uploads\/2025\/11\/river-g-WATER-DETECTOR-25.webp","contentUrl":"https:\/\/gerdetect.fr\/wp-content\/uploads\/2025\/11\/river-g-WATER-DETECTOR-25.webp","width":1000,"height":564},{"@type":"BreadcrumbList","@id":"https:\/\/gerdetect.fr\/de\/Metalldetektorkatalog\/grundwasserdetektor\/fluss-g-3-systeme\/#breadcrumb","itemListElement":[{"@type":"ListItem","position":1,"name":"Accueil","item":"https:\/\/gerdetect.fr\/de\/"},{"@type":"ListItem","position":2,"name":"Shop","item":"https:\/\/gerdetect.fr\/de\/shop\/"},{"@type":"ListItem","position":3,"name":"Fluss G &#8211; 3 Systeme"}]},{"@type":"WebSite","@id":"https:\/\/gerdetect.fr\/de\/#website","url":"https:\/\/gerdetect.fr\/de\/","name":"GER DETECT FRANCE","description":"D\u00e9tecteur de m\u00e9taux, d&#039;or, diamants, d&#039;eau souterraine, radar de sol | Lille, Paris","potentialAction":[{"@type":"SearchAction","target":{"@type":"EntryPoint","urlTemplate":"https:\/\/gerdetect.fr\/de\/?s={search_term_string}"},"query-input":{"@type":"PropertyValueSpecification","valueRequired":true,"valueName":"search_term_string"}}],"inLanguage":"de"}]}},"_links":{"self":[{"href":"https:\/\/gerdetect.fr\/de\/wp-json\/wp\/v2\/product\/4268","targetHints":{"allow":["GET"]}}],"collection":[{"href":"https:\/\/gerdetect.fr\/de\/wp-json\/wp\/v2\/product"}],"about":[{"href":"https:\/\/gerdetect.fr\/de\/wp-json\/wp\/v2\/types\/product"}],"wp:featuredmedia":[{"embeddable":true,"href":"https:\/\/gerdetect.fr\/de\/wp-json\/wp\/v2\/media\/3240"}],"wp:attachment":[{"href":"https:\/\/gerdetect.fr\/de\/wp-json\/wp\/v2\/media?parent=4268"}],"wp:term":[{"taxonomy":"product_brand","embeddable":true,"href":"https:\/\/gerdetect.fr\/de\/wp-json\/wp\/v2\/product_brand?post=4268"},{"taxonomy":"product_cat","embeddable":true,"href":"https:\/\/gerdetect.fr\/de\/wp-json\/wp\/v2\/product_cat?post=4268"},{"taxonomy":"product_tag","embeddable":true,"href":"https:\/\/gerdetect.fr\/de\/wp-json\/wp\/v2\/product_tag?post=4268"}],"curies":[{"name":"wp","href":"https:\/\/api.w.org\/{rel}","templated":true}]}}