{"id":4278,"date":"2018-02-13T18:57:02","date_gmt":"2018-02-13T17:57:02","guid":{"rendered":"https:\/\/gerdetect.fr\/catalogue-detecteur-de-metaux\/unkategorisiert\/faq-zu-golddetektoren\/"},"modified":"2026-03-07T17:19:21","modified_gmt":"2026-03-07T16:19:21","slug":"faq-zu-golddetektoren","status":"publish","type":"product","link":"https:\/\/gerdetect.fr\/de\/Metalldetektorkatalog\/bodenradar\/faq-zu-golddetektoren\/","title":{"rendered":"FAQ zu Golddetektoren"},"content":{"rendered":"<div class=\"wpb-content-wrapper\">[vc_row content_placement=&#8221;top&#8221;][vc_column][vc_row_inner][vc_column_inner width=&#8221;1\/2&#8243;][vc_video link=&#8221;https:\/\/www.youtube.com\/watch?v=4mVH5Sr-MaE&#8221; title=&#8221;DeepSeeker-\u00dcbersicht&#8221;][vc_column_text]Deep Seeker ist f\u00fcr den Einsatz in jedem Gel\u00e4nde und unter den h\u00e4rtesten Wetterbedingungen konzipiert. Deep Seeker kann mithilfe der automatischen Kalibrierungstechnologie alle Arten von Metallgestein \u00fcberqueren, einschlie\u00dflich Sedimentgestein, metamorphem Gestein und Fossilgestein, von denen es zwei Arten gibt: Granit und Basalt Dabei handelt es sich um eine der schlimmsten Gesteinsarten, die die Arbeit vieler auf dem Markt erh\u00e4ltlicher Ger\u00e4te behindern. Dies liegt an der Entwicklung dieser Gesteine und an ihrer chemischen Wechselwirkung mit dem Boden, die diese Gesteine in eine Gesteinstextur, also metallische Bestandteile, umgewandelt hat[\/vc_column_text][\/vc_column_inner][vc_column_inner width=&#8221;1\/2&#8243;][vc_video link=&#8221;https:\/\/www.youtube.com\/watch?v=2JhRmFn06uk&#8221; title=&#8221;Comment utilser Deep Seeker&#8221;][\/vc_column_inner][\/vc_row_inner][vc_single_image image=&#8221;4271&#8243; img_size=&#8221;full&#8221; alignment=&#8221;center&#8221;]\n\t\t<div id=\"wd-69dba372e947e\" class=\"title-wrapper wd-wpb set-mb-s reset-last-child  wd-title-color-alt wd-title-style-bordered text-center  wd-underline-colored\">\n\t\t\t\n\t\t\t<div class=\"liner-continer\">\n\t\t\t\t<h4 class=\"woodmart-title-container title  wd-font-weight- wd-fontsize-l\" >DEEP SEEKER: Ionenfeldsystem <\/h4>\n\t\t\t\t\t\t\t<\/div>\n\t\t\t\n\t\t\t\n\t\t\t\n\t\t<\/div>\n\t\t\n\t\t[vc_column_text]\n<p class=\"Corps\">Erstens erm\u00f6glicht das Ionenfeldsystem den Betrieb des DEEP SEEKER-Detektors auf allen Gel\u00e4ndearten und unter allen klimatischen Bedingungen.<\/p>\n<p class=\"Corps\">Dieses System entsteht also dadurch, dass Atomstrahlung um die \u00fcber einen langen Zeitraum vergrabenen Goldpartikel herum platziert wird. Sobald das Ziel erkannt wurde, k\u00f6nnen Sie dank dieses Systems Ihr Ziel durch eine vertikale Bewegung des Detektors und ein entsprechendes Tonsignal best\u00e4tigen. Dar\u00fcber hinaus kann dieses System auch w\u00e4hrend der Fahrt genutzt werden.  <\/p>\n[\/vc_column_text][vc_row_inner][vc_column_inner width=&#8221;1\/2&#8243;][vc_video link=&#8221;https:\/\/youtu.be\/YHIhvUpms1Y&#8221;][\/vc_column_inner][vc_column_inner width=&#8221;1\/2&#8243;][vc_single_image image=&#8221;4272&#8243; img_size=&#8221;full&#8221; alignment=&#8221;center&#8221;][\/vc_column_inner][\/vc_row_inner]\n\t\t<div id=\"wd-69dba372e9511\" class=\"title-wrapper wd-wpb set-mb-s reset-last-child  wd-title-color-alt wd-title-style-bordered text-center  wd-underline-colored\">\n\t\t\t\n\t\t\t<div class=\"liner-continer\">\n\t\t\t\t<h4 class=\"woodmart-title-container title  wd-font-weight- wd-fontsize-l\" >DEEP SEEKER: Magnetometer-Suchsystem <\/h4>\n\t\t\t\t\t\t\t<\/div>\n\t\t\t\n\t\t\t\n\t\t\t\n\t\t<\/div>\n\t\t\n\t\t[vc_column_text]\n<p class=\"Corps\">Zweitens verf\u00fcgt der DEEP SEEKER \u00fcber ein Suchsystem, das auf die Erkennung magnetischer Metalle spezialisiert ist. Somit erm\u00f6glicht Ihnen dieses System, die Existenz von unedlen Metallen im Untergrund wie Eisen und seinen Derivaten zu ermitteln. <\/p>\n[\/vc_column_text][vc_row_inner][vc_column_inner width=&#8221;1\/2&#8243;][vc_video link=&#8221;https:\/\/youtu.be\/hqeWwLZ0Kv0&#8243;][\/vc_column_inner][vc_column_inner width=&#8221;1\/2&#8243;][vc_single_image image=&#8221;4273&#8243; img_size=&#8221;full&#8221; alignment=&#8221;center&#8221;][\/vc_column_inner][\/vc_row_inner]\n\t\t<div id=\"wd-69dba372e9561\" class=\"title-wrapper wd-wpb set-mb-s reset-last-child  wd-title-color-alt wd-title-style-bordered text-center  wd-underline-colored\">\n\t\t\t\n\t\t\t<div class=\"liner-continer\">\n\t\t\t\t<h4 class=\"woodmart-title-container title  wd-font-weight- wd-fontsize-l\" >DEEP SEEKER: Hohlraumerkennungssystem<\/h4>\n\t\t\t\t\t\t\t<\/div>\n\t\t\t\n\t\t\t\n\t\t\t\n\t\t<\/div>\n\t\t\n\t\t[vc_column_text]\n<p class=\"Corps\">Dar\u00fcber hinaus verf\u00fcgt der DEEP SEEKER-Detektor \u00fcber eine Option im magnetischen Suchsystem: Hohlraumerkennung. Ein akustisches Signal und ein auf dem Bildschirm angezeigter Cursor erm\u00f6glichen die Warnung vor einem Hohlraum. <\/p>\n[\/vc_column_text][vc_row_inner][vc_column_inner width=&#8221;1\/2&#8243;][vc_video link=&#8221;https:\/\/youtu.be\/eAC_mXG6Ew4&#8243;][\/vc_column_inner][vc_column_inner width=&#8221;1\/2&#8243;][vc_single_image image=&#8221;4274&#8243; img_size=&#8221;full&#8221; alignment=&#8221;center&#8221;][\/vc_column_inner][\/vc_row_inner]\n\t\t<div id=\"wd-69dba372e95a1\" class=\"title-wrapper wd-wpb set-mb-s reset-last-child  wd-title-color-alt wd-title-style-bordered text-center  wd-underline-colored\">\n\t\t\t\n\t\t\t<div class=\"liner-continer\">\n\t\t\t\t<h4 class=\"woodmart-title-container title  wd-font-weight- wd-fontsize-l\" >DEEP SEEKER: 3D-Bildgebungssystem<\/h4>\n\t\t\t\t\t\t\t<\/div>\n\t\t\t\n\t\t\t\n\t\t\t\n\t\t<\/div>\n\t\t\n\t\t[vc_column_text]\n<p class=\"Corps\">Dar\u00fcber hinaus verf\u00fcgt der DEEP SEEKER-Detektor \u00fcber eine 3D-Bildgebung. Dadurch ist eine 3D-Visualisierung des Kellers m\u00f6glich. Tats\u00e4chlich scannt es den Boden nach allen Schichten und zeigt dann ein dreidimensionales Foto mit einem detaillierten Bericht \u00fcber die Tiefe, Gr\u00f6\u00dfe und Form des Ziels an. Dies erm\u00f6glicht Ihnen eine gewisse Pr\u00e4zision auf Ihr Ziel.   <\/p>\n[\/vc_column_text][vc_row_inner][vc_column_inner width=&#8221;1\/2&#8243;][vc_video link=&#8221;https:\/\/youtu.be\/60QzFuldR4A&#8221;][\/vc_column_inner][vc_column_inner width=&#8221;1\/2&#8243;][vc_single_image image=&#8221;4275&#8243; img_size=&#8221;full&#8221; alignment=&#8221;center&#8221;][\/vc_column_inner][\/vc_row_inner]\n\t\t<div id=\"wd-69dba372e95de\" class=\"title-wrapper wd-wpb set-mb-s reset-last-child  wd-title-color-alt wd-title-style-bordered text-center  wd-underline-colored\">\n\t\t\t\n\t\t\t<div class=\"liner-continer\">\n\t\t\t\t<h4 class=\"woodmart-title-container title  wd-font-weight- wd-fontsize-l\" >DEEP SEEKER: Langstreckensystem <\/h4>\n\t\t\t\t\t\t\t<\/div>\n\t\t\t\n\t\t\t\n\t\t\t\n\t\t<\/div>\n\t\t\n\t\t[vc_column_text]Schlie\u00dflich verf\u00fcgt der Detektor \u00fcber ein Fernsystem. Dadurch k\u00f6nnen Sie den Standort des Ziels sehr pr\u00e4zise identifizieren und \u00fcberwachen. Wenn also ein Signal empfangen wird, aktiviert das Ger\u00e4t drei Funktionen, um die Anwesenheit Ihres Ziels zu best\u00e4tigen:  <\/p>\n<ul>\n<li>Den Signalempf\u00e4nger direkt auf das Ziel richten<\/li>\n<li>Die Richtung des Ziels, die auf dem Smart Screen angezeigt wird<\/li>\n<li>Ein Piepton ert\u00f6nt, wenn sich der Empf\u00e4nger des Signals seinem Ziel zuwendet<\/li>\n<\/ul>\n<p>Schlie\u00dflich best\u00e4tigt der Detektor die Position des Ziels anhand von vier Richtungen f\u00fcr eine genauere Entfernung. Anschlie\u00dfend zeichnet es ein Signal auf, um Ihnen das Ziel genauer anzuzeigen und Sie dar\u00fcber zu informieren, wenn Sie es passiert haben.[\/vc_column_text][vc_row_inner][vc_column_inner width=&#8221;1\/2&#8243;][vc_video link=&#8221;https:\/\/youtu.be\/u6HszFfF_L4&#8243;][\/vc_column_inner][vc_column_inner width=&#8221;1\/2&#8243;][vc_single_image image=&#8221;4276&#8243; img_size=&#8221;full&#8221; alignment=&#8221;center&#8221;][\/vc_column_inner][\/vc_row_inner][\/vc_column][vc_column][\/vc_column][\/vc_row][vc_row][vc_column]\n\t\t<div id=\"wd-69dba372e964a\" class=\"title-wrapper wd-wpb set-mb-s reset-last-child  wd-title-color-default wd-title-style-bordered text-center  wd-underline-colored\">\n\t\t\t\n\t\t\t<div class=\"liner-continer\">\n\t\t\t\t<h4 class=\"woodmart-title-container title  wd-font-weight- wd-fontsize-l\" >TECHNISCHE DATEN DES DEEP SEEKER<\/h4>\n\t\t\t\t\t\t\t<\/div>\n\t\t\t\n\t\t\t\n\t\t\t\n\t\t<\/div>\n\t\t\n\t\t[vc_row_inner][vc_column_inner width=&#8221;1\/2&#8243;][vc_column_text]Sp\u00e9cifications techniques:<\/p>\n<ul>\n<li>Deep Seeker erm\u00f6glicht Benutzern die Verwendung von zwei Steuerungssystemen: Touch-System und Tastatursystem.<\/li>\n<li>Erstens erm\u00f6glicht das Ionenfeldsystem den Betrieb des DEEP SEEKER-Detektors auf allen Gel\u00e4ndearten und unter allen klimatischen Bedingungen.<\/li>\n<li>Es funktioniert in sechs Sprachen: (Deutsch \u2013 Englisch \u2013 Franz\u00f6sisch \u2013 Italienisch \u2013 Spanisch \u2013 und Arabisch).<\/li>\n<li>Benutzer k\u00f6nnen im Suchbereich den Bodentyp ausw\u00e4hlen: (nat\u00fcrlich \u2013 lehmig \u2013 steinig \u2013 sandig \u2013 gemischt \u2013 oder metallisch), um genauere Ergebnisse zu erhalten.<\/li>\n<li>Funktioniert mit einer Frontreichweite von bis zu 3000 Quadratmetern und einer Tiefe von 40 Metern.<\/li>\n<li>Die F\u00e4higkeit, in gro\u00dfe Tiefen in Bodenschichten einzudringen, die f\u00fcr viele andere Ger\u00e4te schwer zu erreichen sind.<\/li>\n<li>Es funktioniert auf jedem Gel\u00e4nde und unter den h\u00e4rtesten Wetterbedingungen.<\/li>\n<li>Das Ger\u00e4t wird nicht von allen Boden- und Gesteinsarten angegriffen.<\/li>\n<li>Es verf\u00fcgt \u00fcber einen digitalen Kompass, der Benutzern hilft, Nord- und S\u00fcdrichtungen zu erkennen.<\/li>\n<li>Das Einstellungsmen\u00fc enth\u00e4lt (Ton anpassen \u2013 Helligkeit anpassen \u2013 Ger\u00e4teinformationen).<\/li>\n<li>Das Gewicht des Ger\u00e4tes mit komplettem Zubeh\u00f6r betr\u00e4gt 5 kg.<\/li>\n<li>Das Deep Seeker-Ger\u00e4t ist eine der besten deutschen Innovationen mit europ\u00e4ischer C\u03b5-Zertifizierung nach internationalen Spezifikationen.<\/li>\n<li>Das Deep Seeker-Ger\u00e4t ist eine der besten deutschen Innovationen mit europ\u00e4ischer C\u03b5-Zertifizierung nach internationalen Spezifikationen.<\/li>\n<\/ul>\n<p><strong> <\/strong><\/p>\n[\/vc_column_text][\/vc_column_inner][vc_column_inner width=&#8221;1\/2&#8243;][vc_column_text]\n<table>\n<tbody>\n<tr>\n<th colspan=\"2\"><strong>Technische Spezifikationen<\/strong><\/th>\n<\/tr>\n<tr>\n<td>PROZESSORGESCHWINDIGKEIT<\/td>\n<td> 128 MHz<\/td>\n<\/tr>\n<tr>\n<td>ANZEIGEQUALIT\u00c4T<\/td>\n<td>480 * 270 Pixel<\/td>\n<\/tr>\n<tr>\n<td>BATTERIELADEGER\u00c4T<\/td>\n<td>220V \u00bb\u00bb\u00bb 15V \u2013 3A<\/td>\n<\/tr>\n<tr>\n<td>BATTERIE RECHARGEABLE<\/td>\n<td>12V<\/td>\n<\/tr>\n<tr>\n<td>KOMMUNIKATIONSPROGRAMM<\/td>\n<td>Bluetooth<\/td>\n<\/tr>\n<tr>\n<td>TABLET-BETRIEBSSYSTEM<\/td>\n<td>Windows 8.1<\/td>\n<\/tr>\n<tr>\n<td>LEBENSDAUER DER BATTERIE <\/td>\n<td>10 Stunden<\/td>\n<\/tr>\n<tr>\n<td>LADEZEIT <\/td>\n<td>4 Stunden<\/td>\n<\/tr>\n<\/tbody>\n<\/table>\n[\/vc_column_text][\/vc_column_inner][\/vc_row_inner]\n\t\t<div id=\"wd-69dba372e9681\" class=\"title-wrapper wd-wpb set-mb-s reset-last-child  wd-title-color-default wd-title-style-default text-center  wd-underline-colored\">\n\t\t\t\n\t\t\t<div class=\"liner-continer\">\n\t\t\t\t<h4 class=\"woodmart-title-container title  wd-font-weight- wd-fontsize-l\" >Deep Seeker-Teile und -Komponenten<\/h4>\n\t\t\t\t\t\t\t<\/div>\n\t\t\t\n\t\t\t\n\t\t\t\n\t\t<\/div>\n\t\t\n\t\t[\/vc_column][\/vc_row]\n<\/div>","protected":false},"excerpt":{"rendered":"<p><strong>Ger Deep Seeker Device \u2013 5 Systeme<\/strong><\/p>\n<p><strong>Deep Seeker arbeitet mit f\u00fcnf verschiedenen Suchsystemen in einem Ger\u00e4t.<\/strong><\/p>\n<p>Das weltweit erste Ger\u00e4t, das f\u00fcnf innovative Systeme nutzt, um innere Sch\u00e4tze wie Edelmetalle, antike Denkm\u00e4ler, H\u00f6hlen und Hohlr\u00e4ume im Boden aufzusp\u00fcren.<\/p>\n<ol>\n<li>Erstens: Ionisches Feldsuchsystem<\/li>\n<li>Zweitens: Magnetisches Metallsuchsystem<\/li>\n<li>Drittens: Hohlraumerkennungssystem<\/li>\n<li>Viertens: 3D-Bildgebungssystem<\/li>\n<li>F\u00fcnftens: Langstreckensystem<\/li>\n<\/ol>\n<p>Das Ger\u00e4t hat eine Frontreichweite von 3000 m und erreicht eine maximale Tiefe von 40 m. Das Ger Deepseeker-Ger\u00e4t ist in vier Sprachen verf\u00fcgbar: Deutsch \u2013 Englisch \u2013 Franz\u00f6sisch \u2013 Arabisch \u2013 Italienisch \u2013 Spanisch<\/p>\n<p><strong>HERGESTELLT IN DEUTSCHLAND<\/strong><\/p>\n","protected":false},"featured_media":4277,"template":"","meta":{"_joinchat":[]},"product_brand":[],"product_cat":[127,129,131,130,128],"product_tag":[153],"class_list":{"0":"post-4278","1":"product","2":"type-product","3":"status-publish","4":"has-post-thumbnail","6":"product_cat-bodenradar","7":"product_cat-diamantdetektor","8":"product_cat-golddetektor","9":"product_cat-hohlraumdetektor","10":"product_cat-metalldetektor","11":"product_tag-gerdetect","13":"first","14":"instock","15":"sale","16":"taxable","17":"shipping-taxable","18":"purchasable","19":"product-type-simple"},"yoast_head":"<!-- This site is optimized with the Yoast SEO plugin v26.3 - https:\/\/yoast.com\/wordpress\/plugins\/seo\/ -->\n<title>Deep Seeker: Spitzentechnologie mit 5 Suchsystemen<\/title>\n<meta name=\"description\" content=\"Der Deep Seeker Metalldetektor mit seinen f\u00fcnf Suchsystemen in einem Ger\u00e4t erm\u00f6glicht Ihnen das Aufsp\u00fcren von Gold und Edelmetallen.\" \/>\n<meta name=\"robots\" content=\"index, follow, max-snippet:-1, max-image-preview:large, max-video-preview:-1\" \/>\n<link rel=\"canonical\" href=\"https:\/\/gerdetect.fr\/de\/Metalldetektorkatalog\/bodenradar\/faq-zu-golddetektoren\/\" \/>\n<meta property=\"og:locale\" content=\"de_DE\" \/>\n<meta property=\"og:type\" content=\"article\" \/>\n<meta property=\"og:title\" content=\"Deep Seeker: Spitzentechnologie mit 5 Suchsystemen\" \/>\n<meta property=\"og:description\" content=\"Der Deep Seeker Metalldetektor mit seinen f\u00fcnf Suchsystemen in einem Ger\u00e4t erm\u00f6glicht Ihnen das Aufsp\u00fcren von Gold und Edelmetallen.\" \/>\n<meta property=\"og:url\" content=\"https:\/\/gerdetect.fr\/de\/Metalldetektorkatalog\/bodenradar\/faq-zu-golddetektoren\/\" \/>\n<meta property=\"og:site_name\" content=\"GER DETECT FRANCE\" \/>\n<meta property=\"article:modified_time\" content=\"2026-03-07T16:19:21+00:00\" \/>\n<meta property=\"og:image\" content=\"https:\/\/gerdetect.fr\/wp-content\/uploads\/2018\/03\/deep-seeker-device-sl-1.jpg\" \/>\n\t<meta property=\"og:image:width\" content=\"497\" \/>\n\t<meta property=\"og:image:height\" content=\"400\" \/>\n\t<meta property=\"og:image:type\" content=\"image\/jpeg\" \/>\n<meta name=\"twitter:card\" content=\"summary_large_image\" \/>\n<meta name=\"twitter:label1\" content=\"Gesch\u00e4tzte Lesezeit\" \/>\n\t<meta name=\"twitter:data1\" content=\"5\u00a0Minuten\" \/>\n<script type=\"application\/ld+json\" class=\"yoast-schema-graph\">{\"@context\":\"https:\/\/schema.org\",\"@graph\":[{\"@type\":\"WebPage\",\"@id\":\"https:\/\/gerdetect.fr\/de\/Metalldetektorkatalog\/bodenradar\/faq-zu-golddetektoren\/\",\"url\":\"https:\/\/gerdetect.fr\/de\/Metalldetektorkatalog\/bodenradar\/faq-zu-golddetektoren\/\",\"name\":\"Deep Seeker: Spitzentechnologie mit 5 Suchsystemen\",\"isPartOf\":{\"@id\":\"https:\/\/gerdetect.fr\/de\/#website\"},\"primaryImageOfPage\":{\"@id\":\"https:\/\/gerdetect.fr\/de\/Metalldetektorkatalog\/bodenradar\/faq-zu-golddetektoren\/#primaryimage\"},\"image\":{\"@id\":\"https:\/\/gerdetect.fr\/de\/Metalldetektorkatalog\/bodenradar\/faq-zu-golddetektoren\/#primaryimage\"},\"thumbnailUrl\":\"https:\/\/gerdetect.fr\/wp-content\/uploads\/2018\/03\/deep-seeker-device-sl-1.jpg\",\"datePublished\":\"2018-02-13T17:57:02+00:00\",\"dateModified\":\"2026-03-07T16:19:21+00:00\",\"description\":\"Der Deep Seeker Metalldetektor mit seinen f\u00fcnf Suchsystemen in einem Ger\u00e4t erm\u00f6glicht Ihnen das Aufsp\u00fcren von Gold und Edelmetallen.\",\"breadcrumb\":{\"@id\":\"https:\/\/gerdetect.fr\/de\/Metalldetektorkatalog\/bodenradar\/faq-zu-golddetektoren\/#breadcrumb\"},\"inLanguage\":\"de\",\"potentialAction\":[{\"@type\":\"ReadAction\",\"target\":[\"https:\/\/gerdetect.fr\/de\/Metalldetektorkatalog\/bodenradar\/faq-zu-golddetektoren\/\"]}]},{\"@type\":\"ImageObject\",\"inLanguage\":\"de\",\"@id\":\"https:\/\/gerdetect.fr\/de\/Metalldetektorkatalog\/bodenradar\/faq-zu-golddetektoren\/#primaryimage\",\"url\":\"https:\/\/gerdetect.fr\/wp-content\/uploads\/2018\/03\/deep-seeker-device-sl-1.jpg\",\"contentUrl\":\"https:\/\/gerdetect.fr\/wp-content\/uploads\/2018\/03\/deep-seeker-device-sl-1.jpg\",\"width\":497,\"height\":400},{\"@type\":\"BreadcrumbList\",\"@id\":\"https:\/\/gerdetect.fr\/de\/Metalldetektorkatalog\/bodenradar\/faq-zu-golddetektoren\/#breadcrumb\",\"itemListElement\":[{\"@type\":\"ListItem\",\"position\":1,\"name\":\"Accueil\",\"item\":\"https:\/\/gerdetect.fr\/de\/\"},{\"@type\":\"ListItem\",\"position\":2,\"name\":\"Shop\",\"item\":\"https:\/\/gerdetect.fr\/de\/shop\/\"},{\"@type\":\"ListItem\",\"position\":3,\"name\":\"FAQ zu Golddetektoren\"}]},{\"@type\":\"WebSite\",\"@id\":\"https:\/\/gerdetect.fr\/de\/#website\",\"url\":\"https:\/\/gerdetect.fr\/de\/\",\"name\":\"GER DETECT FRANCE\",\"description\":\"D\u00e9tecteur de m\u00e9taux, d&#039;or, diamants, d&#039;eau souterraine, radar de sol | Lille, Paris\",\"potentialAction\":[{\"@type\":\"SearchAction\",\"target\":{\"@type\":\"EntryPoint\",\"urlTemplate\":\"https:\/\/gerdetect.fr\/de\/?s={search_term_string}\"},\"query-input\":{\"@type\":\"PropertyValueSpecification\",\"valueRequired\":true,\"valueName\":\"search_term_string\"}}],\"inLanguage\":\"de\"}]}<\/script>\n<!-- \/ Yoast SEO plugin. -->","yoast_head_json":{"title":"Deep Seeker: Spitzentechnologie mit 5 Suchsystemen","description":"Der Deep Seeker Metalldetektor mit seinen f\u00fcnf Suchsystemen in einem Ger\u00e4t erm\u00f6glicht Ihnen das Aufsp\u00fcren von Gold und Edelmetallen.","robots":{"index":"index","follow":"follow","max-snippet":"max-snippet:-1","max-image-preview":"max-image-preview:large","max-video-preview":"max-video-preview:-1"},"canonical":"https:\/\/gerdetect.fr\/de\/Metalldetektorkatalog\/bodenradar\/faq-zu-golddetektoren\/","og_locale":"de_DE","og_type":"article","og_title":"Deep Seeker: Spitzentechnologie mit 5 Suchsystemen","og_description":"Der Deep Seeker Metalldetektor mit seinen f\u00fcnf Suchsystemen in einem Ger\u00e4t erm\u00f6glicht Ihnen das Aufsp\u00fcren von Gold und Edelmetallen.","og_url":"https:\/\/gerdetect.fr\/de\/Metalldetektorkatalog\/bodenradar\/faq-zu-golddetektoren\/","og_site_name":"GER DETECT FRANCE","article_modified_time":"2026-03-07T16:19:21+00:00","og_image":[{"width":497,"height":400,"url":"https:\/\/gerdetect.fr\/wp-content\/uploads\/2018\/03\/deep-seeker-device-sl-1.jpg","type":"image\/jpeg"}],"twitter_card":"summary_large_image","twitter_misc":{"Gesch\u00e4tzte Lesezeit":"5\u00a0Minuten"},"schema":{"@context":"https:\/\/schema.org","@graph":[{"@type":"WebPage","@id":"https:\/\/gerdetect.fr\/de\/Metalldetektorkatalog\/bodenradar\/faq-zu-golddetektoren\/","url":"https:\/\/gerdetect.fr\/de\/Metalldetektorkatalog\/bodenradar\/faq-zu-golddetektoren\/","name":"Deep Seeker: Spitzentechnologie mit 5 Suchsystemen","isPartOf":{"@id":"https:\/\/gerdetect.fr\/de\/#website"},"primaryImageOfPage":{"@id":"https:\/\/gerdetect.fr\/de\/Metalldetektorkatalog\/bodenradar\/faq-zu-golddetektoren\/#primaryimage"},"image":{"@id":"https:\/\/gerdetect.fr\/de\/Metalldetektorkatalog\/bodenradar\/faq-zu-golddetektoren\/#primaryimage"},"thumbnailUrl":"https:\/\/gerdetect.fr\/wp-content\/uploads\/2018\/03\/deep-seeker-device-sl-1.jpg","datePublished":"2018-02-13T17:57:02+00:00","dateModified":"2026-03-07T16:19:21+00:00","description":"Der Deep Seeker Metalldetektor mit seinen f\u00fcnf Suchsystemen in einem Ger\u00e4t erm\u00f6glicht Ihnen das Aufsp\u00fcren von Gold und Edelmetallen.","breadcrumb":{"@id":"https:\/\/gerdetect.fr\/de\/Metalldetektorkatalog\/bodenradar\/faq-zu-golddetektoren\/#breadcrumb"},"inLanguage":"de","potentialAction":[{"@type":"ReadAction","target":["https:\/\/gerdetect.fr\/de\/Metalldetektorkatalog\/bodenradar\/faq-zu-golddetektoren\/"]}]},{"@type":"ImageObject","inLanguage":"de","@id":"https:\/\/gerdetect.fr\/de\/Metalldetektorkatalog\/bodenradar\/faq-zu-golddetektoren\/#primaryimage","url":"https:\/\/gerdetect.fr\/wp-content\/uploads\/2018\/03\/deep-seeker-device-sl-1.jpg","contentUrl":"https:\/\/gerdetect.fr\/wp-content\/uploads\/2018\/03\/deep-seeker-device-sl-1.jpg","width":497,"height":400},{"@type":"BreadcrumbList","@id":"https:\/\/gerdetect.fr\/de\/Metalldetektorkatalog\/bodenradar\/faq-zu-golddetektoren\/#breadcrumb","itemListElement":[{"@type":"ListItem","position":1,"name":"Accueil","item":"https:\/\/gerdetect.fr\/de\/"},{"@type":"ListItem","position":2,"name":"Shop","item":"https:\/\/gerdetect.fr\/de\/shop\/"},{"@type":"ListItem","position":3,"name":"FAQ zu Golddetektoren"}]},{"@type":"WebSite","@id":"https:\/\/gerdetect.fr\/de\/#website","url":"https:\/\/gerdetect.fr\/de\/","name":"GER DETECT FRANCE","description":"D\u00e9tecteur de m\u00e9taux, d&#039;or, diamants, d&#039;eau souterraine, radar de sol | Lille, Paris","potentialAction":[{"@type":"SearchAction","target":{"@type":"EntryPoint","urlTemplate":"https:\/\/gerdetect.fr\/de\/?s={search_term_string}"},"query-input":{"@type":"PropertyValueSpecification","valueRequired":true,"valueName":"search_term_string"}}],"inLanguage":"de"}]}},"_links":{"self":[{"href":"https:\/\/gerdetect.fr\/de\/wp-json\/wp\/v2\/product\/4278","targetHints":{"allow":["GET"]}}],"collection":[{"href":"https:\/\/gerdetect.fr\/de\/wp-json\/wp\/v2\/product"}],"about":[{"href":"https:\/\/gerdetect.fr\/de\/wp-json\/wp\/v2\/types\/product"}],"wp:featuredmedia":[{"embeddable":true,"href":"https:\/\/gerdetect.fr\/de\/wp-json\/wp\/v2\/media\/4277"}],"wp:attachment":[{"href":"https:\/\/gerdetect.fr\/de\/wp-json\/wp\/v2\/media?parent=4278"}],"wp:term":[{"taxonomy":"product_brand","embeddable":true,"href":"https:\/\/gerdetect.fr\/de\/wp-json\/wp\/v2\/product_brand?post=4278"},{"taxonomy":"product_cat","embeddable":true,"href":"https:\/\/gerdetect.fr\/de\/wp-json\/wp\/v2\/product_cat?post=4278"},{"taxonomy":"product_tag","embeddable":true,"href":"https:\/\/gerdetect.fr\/de\/wp-json\/wp\/v2\/product_tag?post=4278"}],"curies":[{"name":"wp","href":"https:\/\/api.w.org\/{rel}","templated":true}]}}