{"id":4469,"date":"2017-10-09T17:15:55","date_gmt":"2017-10-09T15:15:55","guid":{"rendered":"https:\/\/gerdetect.fr\/catalogue-detecteur-de-metaux\/unkategorisiert\/fresh-result-2-plus\/"},"modified":"2026-02-12T11:58:25","modified_gmt":"2026-02-12T10:58:25","slug":"fresh-result-2-plus","status":"publish","type":"product","link":"https:\/\/gerdetect.fr\/de\/Metalldetektorkatalog\/grundwasserdetektor\/fresh-result-2-plus\/","title":{"rendered":"Fresh Result 2 Plus"},"content":{"rendered":"<div class=\"wpb-content-wrapper\">[vc_row content_placement=&#8221;top&#8221;][vc_column][vc_row_inner][vc_column_inner width=&#8221;1\/2&#8243;][vc_video link=&#8221;https:\/\/www.youtube.com\/watch?v=jolusd0zhmA&#8221; title=&#8221;Pr\u00e4sentation Fresh Results 2 Plus&#8221;][vc_column_text]Das Fresh Result 2 Systems Plus profitiert von einem geophysikalischen System sowie einem Fernbereichssystem und ist der erste Detektor weltweit, der Grundwasser erkennt.<\/p>\n<p>Wir sind Landwirte, Ackerlandinvestoren, Grundwasser- und Brunnenforschern und -forschern zum Erwerb dieses au\u00dfergew\u00f6hnlichen Ger\u00e4ts.<\/p>\n<p>Der hohe Preis des 4,3-Zoll-Farbbildschirms basiert auf der aktuellen Aktivit\u00e4t.<\/p>\n<p>Das Ger\u00e4t verf\u00fcgt \u00fcber eine Reichweite von bis zu 1.200 m tief unter der Erde sowie keine frontale Reichweite von 2.000 m. Dabei handelt es sich auch um die M\u00f6glichkeit, die Art of Waters (frisch, salzig oder naturbelassen) und die Art of Bodens (sandig, lehmig, steinig oder gemischt) sehr genau auszuw\u00e4hlen. <\/p>\n<p>Das Fresh Result 2 Systems Plus verf\u00fcgt \u00fcber modernste Technologie zur Erkennung und Identifizierung von Grundwasserquellen.[\/vc_column_text][\/vc_column_inner][vc_column_inner width=&#8221;1\/2&#8243;][vc_video link=&#8221;https:\/\/www.youtube.com\/watch?v=hHfiVE_glRw&amp;cc_load_policy=1&#8243; title=&#8221;So verwenden Sie Fresh Result 2 Plus&#8221;][vc_single_image image=&#8221;4465&#8243; img_size=&#8221;full&#8221; alignment=&#8221;right&#8221;][\/vc_column_inner][\/vc_row_inner]\n\t\t<div id=\"wd-69dbb5dd67151\" class=\"title-wrapper wd-wpb set-mb-s reset-last-child  wd-title-color-alt wd-title-style-bordered text-center  wd-underline-colored\">\n\t\t\t\n\t\t\t<div class=\"liner-continer\">\n\t\t\t\t<h4 class=\"woodmart-title-container title  wd-font-weight- wd-fontsize-l\" >ERSTES SYSTEM: LONG DISTANCE SYSTEM<\/h4>\n\t\t\t\t\t\t\t<\/div>\n\t\t\t\n\t\t\t\n\t\t\t\n\t\t<\/div>\n\t\t\n\t\t[vc_row_inner][vc_column_inner width=&#8221;1\/2&#8243;][vc_column_text]Dieses hochpr\u00e4zise System erm\u00f6glicht es, das Vorhandensein von Wasser aus der Ferne zu bestimmen.<\/p>\n<p>Wenn das Ziel erkannt wurde, kann sich der Benutzer auf das entdeckte Ziel zubewegen, bis er den genauen Standort des Ziels erreicht, es auf einen Radius von 1 m\u00b2 eingrenzen und dann die Tiefe in Metern und Zentimetern bestimmen. Das Ger\u00e4t bietet au\u00dferdem die M\u00f6glichkeit, die Frontreichweite (500, 1.000, 1.500 oder 2.000 m) und die Tiefe (bis 1.200 m) zu bestimmen. <\/p>\n<p>Das Ger\u00e4t ist in vier Sprachen erh\u00e4ltlich: Franz\u00f6sisch, Englisch, Deutsch und Arabisch. Wenn das Ger\u00e4t in Betrieb ist, k\u00f6nnen Sie eine dieser Sprachen ausw\u00e4hlen und schlie\u00dflich die Frontreichweite bestimmen.[\/vc_column_text][\/vc_column_inner][vc_column_inner width=&#8221;1\/2&#8243;][vc_single_image image=&#8221;4466&#8243; img_size=&#8221;full&#8221; alignment=&#8221;center&#8221;][\/vc_column_inner][\/vc_row_inner]\n\t\t<div id=\"wd-69dbb5dd671f5\" class=\"title-wrapper wd-wpb set-mb-s reset-last-child  wd-title-color-alt wd-title-style-bordered text-center  wd-underline-colored\">\n\t\t\t\n\t\t\t<div class=\"liner-continer\">\n\t\t\t\t<h4 class=\"woodmart-title-container title  wd-font-weight- wd-fontsize-l\" >ZWEITES SYSTEM: GEOPHYSISCHES SYSTEM<\/h4>\n\t\t\t\t\t\t\t<\/div>\n\t\t\t\n\t\t\t\n\t\t\t\n\t\t<\/div>\n\t\t\n\t\t[vc_row_inner][vc_column_inner width=&#8221;2\/3&#8243;][vc_column_text]Dieses System integriert eine Vielzahl von Spezifikationen innovativer Technologie.<\/p>\n<p>Das Ger\u00e4t scannt alle Bodenschichten bis zu einer Tiefe von 1200 m und zeigt die Ergebnisse auf seinem hochaufl\u00f6senden Farbdisplay an. Zus\u00e4tzlich lassen sich Dichte und Art des Wassers sowie Anfang und Ende des Grundwasserspiegels in Metern und Zentimetern ablesen. <\/p>\n<p>Das Ger\u00e4t zeichnet sich durch ein automatisches Bodenausgleichssystem aus, das es erm\u00f6glicht, es unabh\u00e4ngig von der Art und Beschaffenheit des Bodens zu installieren und so sehr genaue Daten zu erhalten.<\/p>\n<p>Dieses Ger\u00e4t ist somit ein Spezialist f\u00fcr die Erkennung von Grundwasser. Das Ger\u00e4t funktioniert auf unterschiedlichem Gel\u00e4nde und erm\u00f6glicht dem Entdecker eine einfache Erkennung des Ziels.[\/vc_column_text][\/vc_column_inner][vc_column_inner width=&#8221;1\/3&#8243;][vc_single_image image=&#8221;4467&#8243; img_size=&#8221;full&#8221; alignment=&#8221;center&#8221;][\/vc_column_inner][\/vc_row_inner][\/vc_column][\/vc_row][vc_row][vc_column]\n\t\t<div id=\"wd-69dbb5dd67262\" class=\"title-wrapper wd-wpb set-mb-s reset-last-child  wd-title-color-default wd-title-style-bordered text-center  wd-underline-colored\">\n\t\t\t\n\t\t\t<div class=\"liner-continer\">\n\t\t\t\t<h4 class=\"woodmart-title-container title  wd-font-weight- wd-fontsize-l\" >Spezifikationen f\u00fcr Fresh Result 2 Systems Plus<\/h4>\n\t\t\t\t\t\t\t<\/div>\n\t\t\t\n\t\t\t\n\t\t\t\n\t\t<\/div>\n\t\t\n\t\t[vc_row_inner][vc_column_inner width=&#8221;1\/2&#8243;][vc_column_text]\n<ol>\n<li>Kleines und einfach zu bedienendes Ger\u00e4t.<\/li>\n<li>Der hohe Preis des 4,3-Zoll-Farbbildschirms zeigt alle Suchdaten an.<\/li>\n<li>Tiefe bis zu 1.200 m.<\/li>\n<li>F\u00e4higkeit, die Tiefe des Zieluntergrunds zu bestimmen.<\/li>\n<li>Frontalreichweite bis zu 2.500 m mit der M\u00f6glichkeit, die gew\u00fcnschte Frontalreichweite zu bestimmen.<\/li>\n<li>Bestimmen Sie die Kunst des Wassers, die Sie untersuchen m\u00f6chten.<\/li>\n<li>Ger\u00e4t in vier Sprachen verf\u00fcgbar: Franz\u00f6sisch, Englisch, Deutsch und Arabisch. Passbar je nach Region und Sprache des Kunden. <\/li>\n<li>Ursprungszeugnis und zwei Jahre Garantie ab Kaufdatum.<\/li>\n<li>Erstklassige deutsche Industrie.<\/li>\n<li>Details und Komponenten von Fresh Result 2 Systems Plus<\/li>\n<li>Das Ger\u00e4t passt sich allen Bedingungen und unterschiedlichem Gel\u00e4nde an.<\/li>\n<\/ol>\n[\/vc_column_text][\/vc_column_inner][vc_column_inner width=&#8221;1\/2&#8243;][vc_column_text]\n<table>\n<tbody>\n<tr>\n<th colspan=\"2\"><strong>Technische Spezifikationen<\/strong><\/th>\n<\/tr>\n<tr>\n<td>Bildschirmgeschwindigkeit<\/td>\n<td> 20 Mhz<\/td>\n<\/tr>\n<tr>\n<td>PROZESSORGESCHWINDIGKEIT<\/td>\n<td>20 MHz<\/td>\n<\/tr>\n<tr>\n<td><\/td>\n<td>FREQUENZ<\/td>\n<p>1150 Hz<br \/>\n<\/tr>\n<tr>\n<td>ANZEIGEQUALIT\u00c4T <\/td>\n<td>480 * 270 Pixel<\/td>\n<\/tr>\n<tr>\n<td>BATTERIELADEGER\u00c4T<\/td>\n<td>100-260 V \u00bb\u00bb\u00bb 12,6 V \u2013 1,2 A<\/td>\n<\/tr>\n<tr>\n<td>AUFLADBARE BATTERIE<\/td>\n<td>12,6 V\/3 A<\/td>\n<\/tr>\n<tr>\n<td>BATTERIELEBENSDAUER<\/td>\n<td>10 Stunden<\/td>\n<\/tr>\n<tr>\n<td>LADEZEIT<\/td>\n<td>4 Stunden<\/td>\n<\/tr>\n<\/tbody>\n<\/table>\n[\/vc_column_text][\/vc_column_inner][\/vc_row_inner]\n\t\t<div id=\"wd-69dbb5dd672b2\" class=\"title-wrapper wd-wpb set-mb-s reset-last-child  wd-title-color-alt wd-title-style-bordered text-center  wd-underline-colored\">\n\t\t\t\n\t\t\t<div class=\"liner-continer\">\n\t\t\t\t<h4 class=\"woodmart-title-container title  wd-font-weight- wd-fontsize-l\" >Batterie au lithium-ion BT144<\/h4>\n\t\t\t\t\t\t\t<\/div>\n\t\t\t\n\t\t\t\n\t\t\t\n\t\t<\/div>\n\t\t\n\t\t[vc_row_inner][vc_column_inner width=&#8221;1\/2&#8243;][vc_column_text]Lithium-Ionen-Akkus haben eine h\u00f6here Ladekapazit\u00e4t als alle anderen vergleichbaren Akkus. Dazu geh\u00f6ren:<\/p>\n<ol>\n<li>Eine Gruppe von Lithium-Ionen-Batterien in zylindrischer Form<\/li>\n<li>Eine Schaltung mit mehreren Eigenschaften zum Schutz und Auslesen von Lithiumbatterien<\/li>\n<li>Ein USB-Anschluss zum Laden kompatibler Ger\u00e4te wie Mobiltelefone und Tablets<\/li>\n<li>Eine Testtaste, um den Prozentsatz der Batterieladung zu ermitteln<\/li>\n<\/ol>\n<p>Wenn der Ladezustand unter 25 % f\u00e4llt, gibt der Akku einen intermittierenden Piepton ab.<\/p>\n<p>Im Gegenteil: Wenn das Tonsignal kontinuierlich ert\u00f6nt, bedeutet dies, dass der Akku vollst\u00e4ndig leer ist.<\/p>\n<p>Es gibt mehrere Versionen des BT144 Lithium-Ionen-Akkus: Erstens: eine 10,8-Volt- und 2.500-Milliampere-Version. Zweitens: einen 10,8-Volt-Akku und eine 5.000-Milliampere-Version[\/vc_column_text][\/vc_column_inner][vc_column_inner width=&#8221;1\/2&#8243;][vc_video link=&#8221;https:\/\/www.youtube.com\/watch?v=Bl6BHZc7ndI&#8221;][\/vc_column_inner][\/vc_row_inner]\n\t\t<div id=\"wd-69dbb5dd67309\" class=\"title-wrapper wd-wpb set-mb-s reset-last-child  wd-title-color-default wd-title-style-default text-center  wd-underline-colored\">\n\t\t\t\n\t\t\t<div class=\"liner-continer\">\n\t\t\t\t<h4 class=\"woodmart-title-container title  wd-font-weight- wd-fontsize-l\" >Teile und Komponenten des Fresh Result 2 Systems Plus<\/h4>\n\t\t\t\t\t\t\t<\/div>\n\t\t\t\n\t\t\t\n\t\t\t\n\t\t<\/div>\n\t\t\n\t\t[vc_column_text]\n<div class=\"row\">\n<div class=\"col-sm-6\"><img decoding=\"async\" class=\"fr-dii fr-fin\" title=\"fresh-result-2-systems-plus-safety-box\" src=\"http:\/\/uigdetectors.com\/images\/Products\/fresh-result-2-systems-plus\/Ace\/fresh-result-2-systems-plus-safety-box-en.jpg\" alt=\"fresh-result-2-systems-plus-safety-box\"><\/div>\n<div class=\"col-sm-6\"><img decoding=\"async\" class=\"fr-dii fr-fin\" title=\"fresh-result-2-systems-plus-main-unit\" src=\"http:\/\/uigdetectors.com\/images\/Products\/fresh-result-2-systems-plus\/Ace\/fresh-result-2-systems-plus-main-unit-en.jpg\" alt=\"fresh-result-2-systems-plus-main-unit\"><\/div>\n<\/div>\n<div class=\"row\">\n<div class=\"col-sm-6\"><img decoding=\"async\" class=\"fr-dii fr-fin\" title=\"fresh-result-2-systems-plus-unit-holder\" src=\"http:\/\/uigdetectors.com\/images\/Products\/fresh-result-2-systems-plus\/Ace\/fresh-result-2-systems-plus-unit-holder-en.jpg\" alt=\"fresh-result-2-systems-plus-unit-holder\"><\/div>\n<div class=\"col-sm-6\"><img decoding=\"async\" class=\"fr-dii fr-fin\" title=\"fresh-result-2-systems-plus-signal-enhancer\" src=\"http:\/\/uigdetectors.com\/images\/Products\/fresh-result-2-systems-plus\/Ace\/fresh-result-2-systems-plus-signal-enhancer-en.jpg\" alt=\"fresh-result-2-systems-plus-signal-enhancer\"><\/div>\n<\/div>\n<div class=\"row\">\n<div class=\"col-sm-6\"><img decoding=\"async\" class=\"fr-dii fr-fin\" title=\"fresh-result-2-systems-plus-signal-probes\" src=\"http:\/\/uigdetectors.com\/images\/Products\/fresh-result-2-systems-plus\/Ace\/fresh-result-2-systems-plus-signal-probes-en.jpg\" alt=\"fresh-result-2-systems-plus-signal-probes\"><\/div>\n<div class=\"col-sm-6\"><img decoding=\"async\" class=\"fr-dii fr-fin\" title=\"fresh-result-2-systems-plus-cable\" src=\"http:\/\/uigdetectors.com\/images\/Products\/fresh-result-2-systems-plus\/Ace\/fresh-result-2-systems-plus-cable-en.jpg\" alt=\"fresh-result-2-systems-plus-cable\"><\/div>\n<\/div>\n<div class=\"row \">\n<div class=\"col-sm-6\"><img decoding=\"async\" class=\"fr-dii fr-fin\" title=\"fresh-result-2-systems-plus-charger\" src=\"http:\/\/uigdetectors.com\/images\/Products\/fresh-result-2-systems-plus\/Ace\/fresh-result-2-systems-plus-charger-en.jpg\" alt=\"fresh-result-2-systems-plus-charger\"><\/div>\n<div class=\"col-sm-6\"><img decoding=\"async\" class=\"fr-dii fr-fin\" title=\"fresh-result-2-systems-plus-battery\" src=\"http:\/\/uigdetectors.com\/images\/Products\/fresh-result-2-systems-plus\/Ace\/fresh-result-2-systems-plus-battery-en.jpg\" alt=\"fresh-result-2-systems-plus-battery\"><\/div>\n<\/div>\n<div class=\"row \">\n<div class=\"col-sm-6\"><img decoding=\"async\" class=\"fr-dii fr-fin\" title=\"fresh-result-2-systems-plus-antenna\" src=\"http:\/\/uigdetectors.com\/images\/Products\/fresh-result-2-systems-plus\/Ace\/fresh-result-2-systems-plus-antenna-en.jpg\" alt=\"fresh-result-2-systems-plus-antenna\"><\/div>\n<div class=\"col-sm-6\"><img decoding=\"async\" class=\"fr-dii fr-fin\" title=\"fresh-result-2-systems-plus-antenna\" src=\"http:\/\/uigdetectors.com\/images\/Products\/fresh-result-2-systems-plus\/Ace\/fresh-result-2-systems-plus-antenna02-en.jpg\" alt=\"fresh-result-2-systems-plus-antenna\"><\/div>\n<\/div>\n<div class=\"row \">\n<div class=\"col-sm-6\"><img decoding=\"async\" class=\"fr-dii fr-fin\" title=\"fresh-result-2-systems-plus-antenna\" src=\"http:\/\/uigdetectors.com\/images\/Products\/fresh-result-2-systems-plus\/Ace\/fresh-result-2-systems-plus-antenna03-en.jpg\" alt=\"fresh-result-2-systems-plus-antenna\"><\/div>\n<\/div>\n[\/vc_column_text][\/vc_column][\/vc_row]\n<\/div>","protected":false},"excerpt":{"rendered":"<p><strong>Fresh Result Plus Dual-System-Ger\u00e4t \u2013 Neue Version \u2013 2017<\/strong><\/p>\n<p>Dual-System-Wassermelder<\/p>\n<p>Modernste Technologie zur Grundwasserdetektion<\/p>\n<p>Es gibt zwei Versionen der Erkennungssysteme:<\/p>\n<ol>\n<li>Geophysikalisches Erkennungssystem<\/li>\n<li>Fernerkennungssystem<\/li>\n<\/ol>\n<p>Hochpr\u00e4zise Techniken und Diskriminierung.<\/p>\n<p>Der 4,3 Zoll gro\u00dfe haufl\u00f6sende Farbbildschirm zeigt alle Suchdaten an.<\/p>\n<p>Das Ger\u00e4t erreicht eine Tiefe von 1.200 m und hat eine Frontreichweite von 2.000 m. Es bietet und bietet die M\u00f6glichkeit, mit hoher Pr\u00e4zision die Art des Wassers zu bestimmen: frisch, salzig oder nat\u00fcrlich. <\/p>\n<p>Unter bestimmten Umst\u00e4nden finden Sie Langstreckensysteme und geoelektrische Systeme, die in der Lage sind, neue Wasserquellen auf jedem Bodentyp zu lokalisieren. Tats\u00e4chlich verwenden sowohl Fresult Result 2 als auch Farm Life ein geoelektrisches Messverfahren, um den Bodenwiderstand zu bestimmen. Das Fresh Result 1-Modell nutzt ein Fernerkennungssystem, um die Effizienz Ihrer Sucheerkennung zu steigern. Ebenso ist der Fluss F plus in der Lage, Sie \u00fcber die unterschiedlichen Eigenschaften Ihrer Quelle zu informieren. Schlie\u00dflich bietet Ihnen der River G eine Kombination aus drei innovativen Systemen zur effizienten und pr\u00e4zisen Erkennung von Wasserreserven, unterirdischen Fl\u00fcssen und anderen Arten von Feuchtgebieten.<\/p>\n<p><strong>HERGESTELLT IN DEUTSCHLAND<\/strong><\/p>\n","protected":false},"featured_media":4468,"template":"","meta":{"_joinchat":[]},"product_brand":[],"product_cat":[132],"product_tag":[153],"class_list":{"0":"post-4469","1":"product","2":"type-product","3":"status-publish","4":"has-post-thumbnail","6":"product_cat-grundwasserdetektor","7":"product_tag-gerdetect","9":"first","10":"instock","11":"sale","12":"taxable","13":"shipping-taxable","14":"purchasable","15":"product-type-simple"},"yoast_head":"<!-- This site is optimized with the Yoast SEO plugin v26.3 - https:\/\/yoast.com\/wordpress\/plugins\/seo\/ -->\n<title>Fresh Result 2 Plus: der Wassermelder mit zwei Systemen<\/title>\n<meta name=\"description\" content=\"Der Wassermelder Fresh Result 2 Plus arbeitet mit zwei Systemen, dem geophysikalischen und dem Fernmeldesystem, wodurch er effektiv ist.\" \/>\n<meta name=\"robots\" content=\"index, follow, max-snippet:-1, max-image-preview:large, max-video-preview:-1\" \/>\n<link rel=\"canonical\" href=\"https:\/\/gerdetect.fr\/de\/Metalldetektorkatalog\/grundwasserdetektor\/fresh-result-2-plus\/\" \/>\n<meta property=\"og:locale\" content=\"de_DE\" \/>\n<meta property=\"og:type\" content=\"article\" \/>\n<meta property=\"og:title\" content=\"Fresh Result 2 Plus: der Wassermelder mit zwei Systemen\" \/>\n<meta property=\"og:description\" content=\"Der Wassermelder Fresh Result 2 Plus arbeitet mit zwei Systemen, dem geophysikalischen und dem Fernmeldesystem, wodurch er effektiv ist.\" \/>\n<meta property=\"og:url\" content=\"https:\/\/gerdetect.fr\/de\/Metalldetektorkatalog\/grundwasserdetektor\/fresh-result-2-plus\/\" \/>\n<meta property=\"og:site_name\" content=\"GER DETECT FRANCE\" \/>\n<meta property=\"article:modified_time\" content=\"2026-02-12T10:58:25+00:00\" \/>\n<meta property=\"og:image\" content=\"https:\/\/gerdetect.fr\/wp-content\/uploads\/2025\/11\/FRESH-RESULT-2.png\" \/>\n\t<meta property=\"og:image:width\" content=\"1000\" \/>\n\t<meta property=\"og:image:height\" content=\"564\" \/>\n\t<meta property=\"og:image:type\" content=\"image\/png\" \/>\n<meta name=\"twitter:card\" content=\"summary_large_image\" \/>\n<meta name=\"twitter:label1\" content=\"Gesch\u00e4tzte Lesezeit\" \/>\n\t<meta name=\"twitter:data1\" content=\"4\u00a0Minuten\" \/>\n<script type=\"application\/ld+json\" class=\"yoast-schema-graph\">{\"@context\":\"https:\/\/schema.org\",\"@graph\":[{\"@type\":\"WebPage\",\"@id\":\"https:\/\/gerdetect.fr\/de\/Metalldetektorkatalog\/grundwasserdetektor\/fresh-result-2-plus\/\",\"url\":\"https:\/\/gerdetect.fr\/de\/Metalldetektorkatalog\/grundwasserdetektor\/fresh-result-2-plus\/\",\"name\":\"Fresh Result 2 Plus: der Wassermelder mit zwei Systemen\",\"isPartOf\":{\"@id\":\"https:\/\/gerdetect.fr\/de\/#website\"},\"primaryImageOfPage\":{\"@id\":\"https:\/\/gerdetect.fr\/de\/Metalldetektorkatalog\/grundwasserdetektor\/fresh-result-2-plus\/#primaryimage\"},\"image\":{\"@id\":\"https:\/\/gerdetect.fr\/de\/Metalldetektorkatalog\/grundwasserdetektor\/fresh-result-2-plus\/#primaryimage\"},\"thumbnailUrl\":\"https:\/\/gerdetect.fr\/wp-content\/uploads\/2025\/11\/FRESH-RESULT-2.png\",\"datePublished\":\"2017-10-09T15:15:55+00:00\",\"dateModified\":\"2026-02-12T10:58:25+00:00\",\"description\":\"Der Wassermelder Fresh Result 2 Plus arbeitet mit zwei Systemen, dem geophysikalischen und dem Fernmeldesystem, wodurch er effektiv ist.\",\"breadcrumb\":{\"@id\":\"https:\/\/gerdetect.fr\/de\/Metalldetektorkatalog\/grundwasserdetektor\/fresh-result-2-plus\/#breadcrumb\"},\"inLanguage\":\"de\",\"potentialAction\":[{\"@type\":\"ReadAction\",\"target\":[\"https:\/\/gerdetect.fr\/de\/Metalldetektorkatalog\/grundwasserdetektor\/fresh-result-2-plus\/\"]}]},{\"@type\":\"ImageObject\",\"inLanguage\":\"de\",\"@id\":\"https:\/\/gerdetect.fr\/de\/Metalldetektorkatalog\/grundwasserdetektor\/fresh-result-2-plus\/#primaryimage\",\"url\":\"https:\/\/gerdetect.fr\/wp-content\/uploads\/2025\/11\/FRESH-RESULT-2.png\",\"contentUrl\":\"https:\/\/gerdetect.fr\/wp-content\/uploads\/2025\/11\/FRESH-RESULT-2.png\",\"width\":1000,\"height\":564},{\"@type\":\"BreadcrumbList\",\"@id\":\"https:\/\/gerdetect.fr\/de\/Metalldetektorkatalog\/grundwasserdetektor\/fresh-result-2-plus\/#breadcrumb\",\"itemListElement\":[{\"@type\":\"ListItem\",\"position\":1,\"name\":\"Accueil\",\"item\":\"https:\/\/gerdetect.fr\/de\/\"},{\"@type\":\"ListItem\",\"position\":2,\"name\":\"Shop\",\"item\":\"https:\/\/gerdetect.fr\/de\/shop\/\"},{\"@type\":\"ListItem\",\"position\":3,\"name\":\"Fresh Result 2 Plus\"}]},{\"@type\":\"WebSite\",\"@id\":\"https:\/\/gerdetect.fr\/de\/#website\",\"url\":\"https:\/\/gerdetect.fr\/de\/\",\"name\":\"GER DETECT FRANCE\",\"description\":\"D\u00e9tecteur de m\u00e9taux, d&#039;or, diamants, d&#039;eau souterraine, radar de sol | Lille, Paris\",\"potentialAction\":[{\"@type\":\"SearchAction\",\"target\":{\"@type\":\"EntryPoint\",\"urlTemplate\":\"https:\/\/gerdetect.fr\/de\/?s={search_term_string}\"},\"query-input\":{\"@type\":\"PropertyValueSpecification\",\"valueRequired\":true,\"valueName\":\"search_term_string\"}}],\"inLanguage\":\"de\"}]}<\/script>\n<!-- \/ Yoast SEO plugin. -->","yoast_head_json":{"title":"Fresh Result 2 Plus: der Wassermelder mit zwei Systemen","description":"Der Wassermelder Fresh Result 2 Plus arbeitet mit zwei Systemen, dem geophysikalischen und dem Fernmeldesystem, wodurch er effektiv ist.","robots":{"index":"index","follow":"follow","max-snippet":"max-snippet:-1","max-image-preview":"max-image-preview:large","max-video-preview":"max-video-preview:-1"},"canonical":"https:\/\/gerdetect.fr\/de\/Metalldetektorkatalog\/grundwasserdetektor\/fresh-result-2-plus\/","og_locale":"de_DE","og_type":"article","og_title":"Fresh Result 2 Plus: der Wassermelder mit zwei Systemen","og_description":"Der Wassermelder Fresh Result 2 Plus arbeitet mit zwei Systemen, dem geophysikalischen und dem Fernmeldesystem, wodurch er effektiv ist.","og_url":"https:\/\/gerdetect.fr\/de\/Metalldetektorkatalog\/grundwasserdetektor\/fresh-result-2-plus\/","og_site_name":"GER DETECT FRANCE","article_modified_time":"2026-02-12T10:58:25+00:00","og_image":[{"width":1000,"height":564,"url":"https:\/\/gerdetect.fr\/wp-content\/uploads\/2025\/11\/FRESH-RESULT-2.png","type":"image\/png"}],"twitter_card":"summary_large_image","twitter_misc":{"Gesch\u00e4tzte Lesezeit":"4\u00a0Minuten"},"schema":{"@context":"https:\/\/schema.org","@graph":[{"@type":"WebPage","@id":"https:\/\/gerdetect.fr\/de\/Metalldetektorkatalog\/grundwasserdetektor\/fresh-result-2-plus\/","url":"https:\/\/gerdetect.fr\/de\/Metalldetektorkatalog\/grundwasserdetektor\/fresh-result-2-plus\/","name":"Fresh Result 2 Plus: der Wassermelder mit zwei Systemen","isPartOf":{"@id":"https:\/\/gerdetect.fr\/de\/#website"},"primaryImageOfPage":{"@id":"https:\/\/gerdetect.fr\/de\/Metalldetektorkatalog\/grundwasserdetektor\/fresh-result-2-plus\/#primaryimage"},"image":{"@id":"https:\/\/gerdetect.fr\/de\/Metalldetektorkatalog\/grundwasserdetektor\/fresh-result-2-plus\/#primaryimage"},"thumbnailUrl":"https:\/\/gerdetect.fr\/wp-content\/uploads\/2025\/11\/FRESH-RESULT-2.png","datePublished":"2017-10-09T15:15:55+00:00","dateModified":"2026-02-12T10:58:25+00:00","description":"Der Wassermelder Fresh Result 2 Plus arbeitet mit zwei Systemen, dem geophysikalischen und dem Fernmeldesystem, wodurch er effektiv ist.","breadcrumb":{"@id":"https:\/\/gerdetect.fr\/de\/Metalldetektorkatalog\/grundwasserdetektor\/fresh-result-2-plus\/#breadcrumb"},"inLanguage":"de","potentialAction":[{"@type":"ReadAction","target":["https:\/\/gerdetect.fr\/de\/Metalldetektorkatalog\/grundwasserdetektor\/fresh-result-2-plus\/"]}]},{"@type":"ImageObject","inLanguage":"de","@id":"https:\/\/gerdetect.fr\/de\/Metalldetektorkatalog\/grundwasserdetektor\/fresh-result-2-plus\/#primaryimage","url":"https:\/\/gerdetect.fr\/wp-content\/uploads\/2025\/11\/FRESH-RESULT-2.png","contentUrl":"https:\/\/gerdetect.fr\/wp-content\/uploads\/2025\/11\/FRESH-RESULT-2.png","width":1000,"height":564},{"@type":"BreadcrumbList","@id":"https:\/\/gerdetect.fr\/de\/Metalldetektorkatalog\/grundwasserdetektor\/fresh-result-2-plus\/#breadcrumb","itemListElement":[{"@type":"ListItem","position":1,"name":"Accueil","item":"https:\/\/gerdetect.fr\/de\/"},{"@type":"ListItem","position":2,"name":"Shop","item":"https:\/\/gerdetect.fr\/de\/shop\/"},{"@type":"ListItem","position":3,"name":"Fresh Result 2 Plus"}]},{"@type":"WebSite","@id":"https:\/\/gerdetect.fr\/de\/#website","url":"https:\/\/gerdetect.fr\/de\/","name":"GER DETECT FRANCE","description":"D\u00e9tecteur de m\u00e9taux, d&#039;or, diamants, d&#039;eau souterraine, radar de sol | Lille, Paris","potentialAction":[{"@type":"SearchAction","target":{"@type":"EntryPoint","urlTemplate":"https:\/\/gerdetect.fr\/de\/?s={search_term_string}"},"query-input":{"@type":"PropertyValueSpecification","valueRequired":true,"valueName":"search_term_string"}}],"inLanguage":"de"}]}},"_links":{"self":[{"href":"https:\/\/gerdetect.fr\/de\/wp-json\/wp\/v2\/product\/4469","targetHints":{"allow":["GET"]}}],"collection":[{"href":"https:\/\/gerdetect.fr\/de\/wp-json\/wp\/v2\/product"}],"about":[{"href":"https:\/\/gerdetect.fr\/de\/wp-json\/wp\/v2\/types\/product"}],"wp:featuredmedia":[{"embeddable":true,"href":"https:\/\/gerdetect.fr\/de\/wp-json\/wp\/v2\/media\/4468"}],"wp:attachment":[{"href":"https:\/\/gerdetect.fr\/de\/wp-json\/wp\/v2\/media?parent=4469"}],"wp:term":[{"taxonomy":"product_brand","embeddable":true,"href":"https:\/\/gerdetect.fr\/de\/wp-json\/wp\/v2\/product_brand?post=4469"},{"taxonomy":"product_cat","embeddable":true,"href":"https:\/\/gerdetect.fr\/de\/wp-json\/wp\/v2\/product_cat?post=4469"},{"taxonomy":"product_tag","embeddable":true,"href":"https:\/\/gerdetect.fr\/de\/wp-json\/wp\/v2\/product_tag?post=4469"}],"curies":[{"name":"wp","href":"https:\/\/api.w.org\/{rel}","templated":true}]}}