{"id":5377,"date":"2017-06-12T13:37:29","date_gmt":"2017-06-12T11:37:29","guid":{"rendered":"https:\/\/gerdetect.fr\/general-conditions\/"},"modified":"2017-06-12T13:37:29","modified_gmt":"2017-06-12T11:37:29","slug":"general-conditions","status":"publish","type":"page","link":"https:\/\/gerdetect.fr\/en\/general-conditions\/","title":{"rendered":"General conditions"},"content":{"rendered":"<blockquote>\n<div>\n<div>\n<h5>Our general conditions are valid for all sales contracts between IVM&amp;CO SPRL and the customer. IVM&amp;CO SPRL reserves the right to modify the terms and conditions at any time without the need to inform the customer personally.<\/h5>\n<\/div>\n<\/div>\n<\/blockquote>\n<div><\/div>\n<blockquote>\n<div>\n<div>\n<h4>1. Identification<\/h4>\n<pre><strong>IVM&amp;CO SPRL<\/strong>\nN\u00b0 d\u2019identification TVA: BE 0677.948.737\n<\/pre>\n<p><strong>Exclusive Distributor for FRANCE and BENELUX<\/strong><\/p>\n<p><img decoding=\"async\" class=\"alignnone size-full wp-image-1603\" src=\"https:\/\/gerdetect.fr\/wp-content\/uploads\/2017\/06\/Certificate-of-Authorization-IVM.jpg\" alt=\"\" width=\"362\" srcset=\"https:\/\/gerdetect.fr\/wp-content\/uploads\/2017\/06\/Certificate-of-Authorization-IVM.jpg 724w, https:\/\/gerdetect.fr\/wp-content\/uploads\/2017\/06\/Certificate-of-Authorization-IVM-600x849.jpg 600w, https:\/\/gerdetect.fr\/wp-content\/uploads\/2017\/06\/Certificate-of-Authorization-IVM-150x212.jpg 150w, https:\/\/gerdetect.fr\/wp-content\/uploads\/2017\/06\/Certificate-of-Authorization-IVM-212x300.jpg 212w, https:\/\/gerdetect.fr\/wp-content\/uploads\/2017\/06\/Certificate-of-Authorization-IVM-198x280.jpg 198w, https:\/\/gerdetect.fr\/wp-content\/uploads\/2017\/06\/Certificate-of-Authorization-IVM-566x800.jpg 566w\" sizes=\"(max-width: 724px) 100vw, 724px\" \/><\/p>\n<\/div>\n<\/div>\n<\/blockquote>\n<div><\/div>\n<blockquote>\n<div>\n<div>\n<h4>2. Price offers and product information<\/h4>\n<div>The information provided on our website and on all of our product sheets is created with the greatest care and may change without notice. We are not responsible for any errors or incorrect information. All rights reserved. All quotes given to our customers indicate a validity date, until the day the price is valid. After this date has expired, prices may change for any unforeseen reason. All prices are indicated in Euro excluding tax (Belgian VAT of 21% if applicable).     <\/div>\n<\/div>\n<\/div>\n<\/blockquote>\n<div><\/div>\n<blockquote>\n<div>\n<div>\n<h4>3. Livraison<\/h4>\n<div>The product is the property of IVM&amp;CO SPRL until full payment for the goods. After full payment received, in accordance with the given price offer, ownership of the product is transferred to the buyer and the order will be sent to the delivery address given by the buyer from our head office avenue rogier 351, 130 Brussels, Belgium. Unless otherwise agreed, buyer is responsible for shipping costs. IVM&amp;CO SPRL cannot be held responsible in the event of delays in delivery times caused by the transport company or other customs procedures. For international deliveries, we will include all necessary documents for export. IVM&amp;CO SPRL cannot be held responsible for customs issues.   <\/div>\n<\/div>\n<\/div>\n<\/blockquote>\n<div><\/div>\n<blockquote>\n<div>\n<div>\n<h4>4. Return policy<\/h4>\n<div>After receiving your order, we ask that you please check the contents of your delivery immediately and contact us immediately in the event of damage or loss. We suggest, before you decide to return a detector, call our service center (<a target=\"_blank\" rel=\"noopener noreferrer\">+32 484\/ 67 66 25<\/a>) Do not ship items without contacting us in advance. You may risk customs issues, unexpected charges or transportation problems that could have been avoided by contacting us beforehand.  <\/div>\n<div>Material Used: Detection devices cannot be returned without any valid reason. However, we give the possibility within 14 days of receipt of the material to return your equipment after speaking to our professional staff and you will get the possibility of receiving a 70% credit (device must be without technical defects and in perfect condition) towards the purchase of another detection equipment from our product range. This offer does not apply to merchandise purchased as a special offer or promotional items. After these 14 days, a return of a product is no longer possible.   <\/div>\n<div>Defective Products: If you believe that your equipment has a technical fault or is not functioning properly, please contact our customer service before sending goods. Our trained staff will help you find out where the problem is located and could resolve the problem immediately over the phone or give a quick solution for your particular case. <\/div>\n<\/div>\n<\/div>\n<\/blockquote>\n<div><\/div>\n<blockquote>\n<div>\n<div>\n<h4>5. Garantie<\/h4>\n<div>All new products come with a 2 year manufacturer&#8217;s warranty. Warranty conditions may vary for used equipment as well as demonstration devices. The warranty period will begin on the date indicated on your purchase invoice. During this warranty period, the repair of your equipment is free. The owner of the equipment is responsible for shipping the goods at his own risk. The warranty will expire if a device or its accessories have been opened without authorization by someone other than the personnel of IVM&amp;CO SPRL, manipulations or changes made by someone other than the personnel of the supplier&#8217;s factory. The warranty does not cover improper use of the equipment or damage caused by external force or falling. In this case, you are free to send your material to r repair anyway. After a complete check of your detection equipment by IVM&amp;CO SPRL specialists, you will obtain an estimate of the repair costs.        <\/div>\n<\/div>\n<\/div>\n<\/blockquote>\n<div><\/div>\n<blockquote>\n<div>\n<div>\n<h4>6. Intellectual property<\/h4>\n<div>All text, comments, videos, illustrations and images displayed on this site are protected by copyright worldwide and may not be used by others without permission. Any total or partial reproduction of this site is strictly prohibited. <\/div>\n<\/div>\n<\/div>\n<\/blockquote>\n<blockquote>\n<div>\n<h4>7. Privacy Policy<\/h4>\n<h5>Information collected<\/h5>\n<p>IVM&amp;CO collects, uses and stores information about you when you visit our websites. You may choose to provide us with this information (name, email address, business information, mailing address, telephone number or other information) to access protected information on our websites. You can also ask us to contact you after your visit. If you choose to become a member of the IVM&amp;CO Community, you may provide us with additional information such as a photo, your profiles on social networks, your areas of expertise or other information. We may combine certain publicly available information about the company you work for with information you provide to us. IVM&amp;CO or IVM&amp;CO service providers We can study your activity, interactions, preferences, transactional data and other information related to your connection or computer (such as IP address) and relating to your use of our websites and services. We may also use log files, cookies and other similar technologies to collect information about the pages you visit, the links you click and other actions you may take when you access our websites, services or emails. For more information about our use of these technologies and how you can control them, see the \u201cCookies and similar technologies\u201d section below. We may collect and store this information and associate it with other personal data information that you are likely to provide to us.        <\/p>\n<p>&nbsp;<\/p>\n<h5>Donn\u00e9es client<\/h5>\n<p>As part of the services offered by IVM&amp;CO, customers may be required to upload data to our servers. IVM&amp;CO undertakes not to share or communicate such data, unless expressly mentioned in the contract between IVM&amp;CO and its client or by legal obligation. <\/p>\n<p>&nbsp;<\/p>\n<h5>Use of personal data<\/h5>\n<p>IVM&amp;CO uses the information collected in order to:<\/p>\n<ul class=\"list\">\n<li>Make the IVM&amp;CO websites available to you as well as the support you may need<\/li>\n<li>Answer your questions and requests<\/li>\n<li>Diagnose technical issues affecting a website<\/li>\n<li>Send you information that we think may be of interest to you, such as announcements, newsletters, training materials and upcoming events<\/li>\n<li>Send you administrative information such as notices about our products, services or changes to our policies<\/li>\n<li>Understand how our websites and services are used<\/li>\n<li>Personalize your use of our websites and present you with products or features that match your interests<\/li>\n<li>Prevent, detect, reduce and investigate fraudulent or illegal activities<\/li>\n<li>Finally, take any actions described to you when we collect information.<\/li>\n<\/ul>\n<p>&nbsp;<\/p>\n<h5>Divulgation<\/h5>\n<p>IVM&amp;CO does not share, sell, rent or exchange with third parties personal information collected through its websites for advertising purposes or otherwise than as defined by this confidentiality charter. IVM&amp;CO may share information with third party service providers that we use to provide services on our behalf. These third party service providers may use the information we provide to them only in accordance with IVM&amp;CO&#8217;s requests and instructions. IVM&amp;CO may share information with third parties who resell IVM&amp;CO services and\/or who provide value-added services, such as payroll outsourcing, tax declarations or other administrative services as part of our offers to SMEs. The IVM&amp;CO offer intended for SMEs is designed designed to meet the needs of companies with fewer than 1,500 employees. IVM&amp;CO may offer, individually or jointly with third parties, webinars, downloadable white papers or other services related to IVM&amp;CO offerings or services. We may share your contact details and your interest in these offers or services with third parties so that they can communicate with you. In certain special cases, IVM&amp;CO may disclose certain information, when we are convinced that it is necessary to: (a) comply with legal obligations or comply with legal procedures, (b) protect and defend our rights or property, (c) enforce the general conditions of use of the website or (d) act in order to protect the interests of our users or other parties. If IVM&amp;CO is subject to a transaction, in the form of a merger or acquisition by another company or all or part of its assets are sold, your personal information collected through our websites may be among the assets transferred. A notice will be posted on our websites for 30 days following the occurrence of any such change affecting ownership or control of your personal information.         <\/p>\n<p>&nbsp;<\/p>\n<h5>Cookies et technologies similaires<\/h5>\n<p>Les cookies sont de petits fichiers texte que nos sites Web demandent \u00e0 placer sur le disque dur de votre ordinateur. Si votre navigateur est configur\u00e9 pour accepter les cookies, il ajoute ce texte \u00e0 un petit fichier. Nous n\u2019utilisons pas les cookies pour lire d\u2019autres informations contenues sur votre disque dur. Nous utilisons la technologie des cookies pour authentifier votre acc\u00e8s \u00e0 diff\u00e9rentes zones de nos sites Web, conna\u00eetre vos centres d\u2019int\u00e9r\u00eat, permettre l\u2019analyse du trafic Web et adapter nos contenus selon vos pr\u00e9f\u00e9rences. Vous pouvez configurer votre navigateur afin qu\u2019il refuse les cookies, ou qu\u2019il vous avertisse avant de placer un cookie. Si vous d\u00e9sactivez les cookies, il est possible que certaines zones de nos sites Web ne fonctionnent pas correctement, voire pas du tout.<br \/>\nNous utilisons des balises Web ou des fichiers GIF transparents, qui peuvent se trouver sur nos sites Web et dans nos messages et qui sont g\u00e9n\u00e9ralement utilis\u00e9s conjointement avec des cookies, pour nous aider \u00e0 g\u00e9rer notre publicit\u00e9 en ligne et mesurer son efficacit\u00e9, identifier nos utilisateurs et analyser notre trafic. Les balises Web peuvent \u00e9galement nous aider \u00e0 d\u00e9terminer quelles publicit\u00e9s sont les plus efficaces en nous indiquant si nos pages Web, nos e-mails ou nos publicit\u00e9s ont \u00e9t\u00e9 visualis\u00e9s ou cliqu\u00e9s.<br \/>\nLes informations que nous collectons par le biais de ces technologies sont anonymes. Nous sommes \u00e9galement susceptibles d\u2019utiliser d\u2019autres technologies semblables aux cookies et aux balises Web telles que le stockage local HTML5, des objets partag\u00e9s locaux, des balises et des scripts. Ces technologies sont utilis\u00e9es \u00e0 des fins similaires aux cookies et balises Web. Elles peuvent fonctionner dans l\u2019ensemble de vos navigateurs; dans certains cas, leur utilisation et leur suppression n\u00e9cessiteront des \u00e9tapes suppl\u00e9mentaires en dehors du param\u00e9trage du navigateur. Avec nos partenaires tiers, nous utilisons ces technologies pour permettre l\u2019acc\u00e8s \u00e0 certaines fonctionnalit\u00e9s de notre site, pour afficher des publicit\u00e9s bas\u00e9es sur votre navigation Web et\/ou pour stocker des informations et pr\u00e9f\u00e9rences relatives aux contenus. Les diff\u00e9rents navigateurs peuvent mettre \u00e0 disposition leurs propres outils de gestion afin de supprimer ces technologies.           <\/p>\n<\/div>\n<\/blockquote>\n","protected":false},"excerpt":{"rendered":"<p>Our general conditions are valid for all sales contracts between IVM&amp;CO SPRL and the customer. IVM&amp;CO SPRL reserves the right<\/p>\n","protected":false},"author":1,"featured_media":0,"parent":0,"menu_order":0,"comment_status":"closed","ping_status":"open","template":"","meta":{"_joinchat":[],"footnotes":""},"class_list":["post-5377","page","type-page","status-publish","hentry"],"yoast_head":"<!-- This site is optimized with the Yoast SEO plugin v26.3 - https:\/\/yoast.com\/wordpress\/plugins\/seo\/ -->\n<title>General conditions - GER DETECT FRANCE<\/title>\n<meta name=\"robots\" content=\"index, follow, max-snippet:-1, max-image-preview:large, max-video-preview:-1\" \/>\n<link rel=\"canonical\" href=\"https:\/\/gerdetect.fr\/en\/general-conditions\/\" \/>\n<meta property=\"og:locale\" content=\"en_US\" \/>\n<meta property=\"og:type\" content=\"article\" \/>\n<meta property=\"og:title\" content=\"General conditions - GER DETECT FRANCE\" \/>\n<meta property=\"og:description\" content=\"Our general conditions are valid for all sales contracts between IVM&amp;CO SPRL and the customer. IVM&amp;CO SPRL reserves the right\" \/>\n<meta property=\"og:url\" content=\"https:\/\/gerdetect.fr\/en\/general-conditions\/\" \/>\n<meta property=\"og:site_name\" content=\"GER DETECT FRANCE\" \/>\n<meta property=\"og:image\" content=\"https:\/\/gerdetect.fr\/wp-content\/uploads\/2017\/06\/Certificate-of-Authorization-IVM.jpg\" \/>\n<meta name=\"twitter:card\" content=\"summary_large_image\" \/>\n<meta name=\"twitter:label1\" content=\"Est. reading time\" \/>\n\t<meta name=\"twitter:data1\" content=\"9 minutes\" \/>\n<script type=\"application\/ld+json\" class=\"yoast-schema-graph\">{\"@context\":\"https:\/\/schema.org\",\"@graph\":[{\"@type\":\"WebPage\",\"@id\":\"https:\/\/gerdetect.fr\/en\/general-conditions\/\",\"url\":\"https:\/\/gerdetect.fr\/en\/general-conditions\/\",\"name\":\"General conditions - GER DETECT FRANCE\",\"isPartOf\":{\"@id\":\"https:\/\/gerdetect.fr\/en\/#website\"},\"primaryImageOfPage\":{\"@id\":\"https:\/\/gerdetect.fr\/en\/general-conditions\/#primaryimage\"},\"image\":{\"@id\":\"https:\/\/gerdetect.fr\/en\/general-conditions\/#primaryimage\"},\"thumbnailUrl\":\"https:\/\/gerdetect.fr\/wp-content\/uploads\/2017\/06\/Certificate-of-Authorization-IVM.jpg\",\"datePublished\":\"2017-06-12T11:37:29+00:00\",\"breadcrumb\":{\"@id\":\"https:\/\/gerdetect.fr\/en\/general-conditions\/#breadcrumb\"},\"inLanguage\":\"en-US\",\"potentialAction\":[{\"@type\":\"ReadAction\",\"target\":[\"https:\/\/gerdetect.fr\/en\/general-conditions\/\"]}]},{\"@type\":\"ImageObject\",\"inLanguage\":\"en-US\",\"@id\":\"https:\/\/gerdetect.fr\/en\/general-conditions\/#primaryimage\",\"url\":\"https:\/\/gerdetect.fr\/wp-content\/uploads\/2017\/06\/Certificate-of-Authorization-IVM.jpg\",\"contentUrl\":\"https:\/\/gerdetect.fr\/wp-content\/uploads\/2017\/06\/Certificate-of-Authorization-IVM.jpg\"},{\"@type\":\"BreadcrumbList\",\"@id\":\"https:\/\/gerdetect.fr\/en\/general-conditions\/#breadcrumb\",\"itemListElement\":[{\"@type\":\"ListItem\",\"position\":1,\"name\":\"Accueil\",\"item\":\"https:\/\/gerdetect.fr\/en\/\"},{\"@type\":\"ListItem\",\"position\":2,\"name\":\"General conditions\"}]},{\"@type\":\"WebSite\",\"@id\":\"https:\/\/gerdetect.fr\/en\/#website\",\"url\":\"https:\/\/gerdetect.fr\/en\/\",\"name\":\"GER DETECT FRANCE\",\"description\":\"D\u00e9tecteur de m\u00e9taux, d&#039;or, diamants, d&#039;eau souterraine, radar de sol | Lille, Paris\",\"potentialAction\":[{\"@type\":\"SearchAction\",\"target\":{\"@type\":\"EntryPoint\",\"urlTemplate\":\"https:\/\/gerdetect.fr\/en\/?s={search_term_string}\"},\"query-input\":{\"@type\":\"PropertyValueSpecification\",\"valueRequired\":true,\"valueName\":\"search_term_string\"}}],\"inLanguage\":\"en-US\"}]}<\/script>\n<!-- \/ Yoast SEO plugin. -->","yoast_head_json":{"title":"General conditions - GER DETECT FRANCE","robots":{"index":"index","follow":"follow","max-snippet":"max-snippet:-1","max-image-preview":"max-image-preview:large","max-video-preview":"max-video-preview:-1"},"canonical":"https:\/\/gerdetect.fr\/en\/general-conditions\/","og_locale":"en_US","og_type":"article","og_title":"General conditions - GER DETECT FRANCE","og_description":"Our general conditions are valid for all sales contracts between IVM&amp;CO SPRL and the customer. IVM&amp;CO SPRL reserves the right","og_url":"https:\/\/gerdetect.fr\/en\/general-conditions\/","og_site_name":"GER DETECT FRANCE","og_image":[{"url":"https:\/\/gerdetect.fr\/wp-content\/uploads\/2017\/06\/Certificate-of-Authorization-IVM.jpg","type":"","width":"","height":""}],"twitter_card":"summary_large_image","twitter_misc":{"Est. reading time":"9 minutes"},"schema":{"@context":"https:\/\/schema.org","@graph":[{"@type":"WebPage","@id":"https:\/\/gerdetect.fr\/en\/general-conditions\/","url":"https:\/\/gerdetect.fr\/en\/general-conditions\/","name":"General conditions - GER DETECT FRANCE","isPartOf":{"@id":"https:\/\/gerdetect.fr\/en\/#website"},"primaryImageOfPage":{"@id":"https:\/\/gerdetect.fr\/en\/general-conditions\/#primaryimage"},"image":{"@id":"https:\/\/gerdetect.fr\/en\/general-conditions\/#primaryimage"},"thumbnailUrl":"https:\/\/gerdetect.fr\/wp-content\/uploads\/2017\/06\/Certificate-of-Authorization-IVM.jpg","datePublished":"2017-06-12T11:37:29+00:00","breadcrumb":{"@id":"https:\/\/gerdetect.fr\/en\/general-conditions\/#breadcrumb"},"inLanguage":"en-US","potentialAction":[{"@type":"ReadAction","target":["https:\/\/gerdetect.fr\/en\/general-conditions\/"]}]},{"@type":"ImageObject","inLanguage":"en-US","@id":"https:\/\/gerdetect.fr\/en\/general-conditions\/#primaryimage","url":"https:\/\/gerdetect.fr\/wp-content\/uploads\/2017\/06\/Certificate-of-Authorization-IVM.jpg","contentUrl":"https:\/\/gerdetect.fr\/wp-content\/uploads\/2017\/06\/Certificate-of-Authorization-IVM.jpg"},{"@type":"BreadcrumbList","@id":"https:\/\/gerdetect.fr\/en\/general-conditions\/#breadcrumb","itemListElement":[{"@type":"ListItem","position":1,"name":"Accueil","item":"https:\/\/gerdetect.fr\/en\/"},{"@type":"ListItem","position":2,"name":"General conditions"}]},{"@type":"WebSite","@id":"https:\/\/gerdetect.fr\/en\/#website","url":"https:\/\/gerdetect.fr\/en\/","name":"GER DETECT FRANCE","description":"D\u00e9tecteur de m\u00e9taux, d&#039;or, diamants, d&#039;eau souterraine, radar de sol | Lille, Paris","potentialAction":[{"@type":"SearchAction","target":{"@type":"EntryPoint","urlTemplate":"https:\/\/gerdetect.fr\/en\/?s={search_term_string}"},"query-input":{"@type":"PropertyValueSpecification","valueRequired":true,"valueName":"search_term_string"}}],"inLanguage":"en-US"}]}},"_links":{"self":[{"href":"https:\/\/gerdetect.fr\/en\/wp-json\/wp\/v2\/pages\/5377","targetHints":{"allow":["GET"]}}],"collection":[{"href":"https:\/\/gerdetect.fr\/en\/wp-json\/wp\/v2\/pages"}],"about":[{"href":"https:\/\/gerdetect.fr\/en\/wp-json\/wp\/v2\/types\/page"}],"author":[{"embeddable":true,"href":"https:\/\/gerdetect.fr\/en\/wp-json\/wp\/v2\/users\/1"}],"replies":[{"embeddable":true,"href":"https:\/\/gerdetect.fr\/en\/wp-json\/wp\/v2\/comments?post=5377"}],"version-history":[{"count":0,"href":"https:\/\/gerdetect.fr\/en\/wp-json\/wp\/v2\/pages\/5377\/revisions"}],"wp:attachment":[{"href":"https:\/\/gerdetect.fr\/en\/wp-json\/wp\/v2\/media?parent=5377"}],"curies":[{"name":"wp","href":"https:\/\/api.w.org\/{rel}","templated":true}]}}