{"id":3401,"date":"2025-10-28T08:40:17","date_gmt":"2025-10-28T07:40:17","guid":{"rendered":"https:\/\/gerdetect.fr\/catalogue-detecteur-de-metaux\/uncategorized\/treasure-way\/"},"modified":"2026-01-09T12:19:15","modified_gmt":"2026-01-09T11:19:15","slug":"treasure-way","status":"publish","type":"product","link":"https:\/\/gerdetect.fr\/en\/metal-detector-catalog\/cavity-detector\/treasure-way\/","title":{"rendered":"Treasure Way"},"content":{"rendered":"<div class=\"wpb-content-wrapper\">[vc_row][vc_column][vc_column_text woodmart_inline=&#8221;no&#8221; text_larger=&#8221;no&#8221;]<span style=\"font-weight: 400;\">Pour les amateurs de chasse aux tr\u00e9sors, le d\u00e9tecteur de m\u00e9taux <strong>Treasure Way<\/strong> est sans aucun doute l&#8217;une des technologies les plus performantes du march\u00e9. Ce nouvel appareil haut de gamme reste facile d&#8217;utilisation pour rendre toutes vos recherches fructueuses. <\/span>[\/vc_column_text][\/vc_column][\/vc_row][vc_row][vc_column][\/vc_column][\/vc_row][vc_row content_placement=&#8221;top&#8221;][vc_column][vc_video link=&#8221;https:\/\/youtu.be\/D7g9qgJOWyg&#8221; align=&#8221;center&#8221; woodmart_css_id=&#8221;690078ca5905e&#8221; image_poster_switch=&#8221;no&#8221;]\n\t\t<div id=\"wd-690078fc05f0a\" class=\"title-wrapper wd-wpb set-mb-s reset-last-child  wd-rs-690078fc05f0a wd-title-color-default wd-title-style-bordered text-center  wd-underline-colored\">\n\t\t\t\n\t\t\t<div class=\"liner-continer\">\n\t\t\t\t<h2 class=\"woodmart-title-container title  wd-font-weight- wd-fontsize-l\" >Treasure Way : le compagnon id\u00e9al des chasseurs de tr\u00e9sors<\/h2>\n\t\t\t\t\t\t\t<\/div>\n\t\t\t\n\t\t\t\n\t\t\t\n\t\t<\/div>\n\t\t\n\t\t[vc_row_inner][vc_column_inner][vc_column_text woodmart_inline=&#8221;no&#8221; text_larger=&#8221;no&#8221;]<span style=\"font-weight: 400;\">Le Treasure Way est particuli\u00e8rement utile pour les recherches laborieuses. Il utilise une technologie appel\u00e9e &#8220;induction par impulsion&#8221;, qui a la capacit\u00e9 de p\u00e9n\u00e9trer les sols difficiles et tr\u00e8s min\u00e9ralis\u00e9s afin de d\u00e9tecter des objets qui se trouvent \u00e0 des profondeurs importantes. Le d\u00e9tecteur est capable de rep\u00e9rer des cibles enfouies jusqu&#8217;\u00e0 4 m\u00e8tres de profondeur (voire plus selon les conditions du sol).  <\/span>[\/vc_column_text][\/vc_column_inner][\/vc_row_inner][vc_single_image image=&#8221;3388&#8243; img_size=&#8221;large&#8221; alignment=&#8221;center&#8221; parallax_scroll=&#8221;no&#8221; woodmart_inline=&#8221;no&#8221;][\/vc_column][\/vc_row][vc_row][vc_column]\n\t\t<div id=\"wd-69007b4e7bdb4\" class=\"title-wrapper wd-wpb set-mb-s reset-last-child  wd-rs-69007b4e7bdb4 wd-title-color-default wd-title-style-bordered text-center  wd-underline-colored\">\n\t\t\t\n\t\t\t<div class=\"liner-continer\">\n\t\t\t\t<h2 class=\"woodmart-title-container title  wd-font-weight- wd-fontsize-l\" >De nombreux modes de d\u00e9tection<\/h2>\n\t\t\t\t\t\t\t<\/div>\n\t\t\t\n\t\t\t\n\t\t\t\n\t\t<\/div>\n\t\t\n\t\t[vc_row_inner][vc_column_inner][vc_column_text woodmart_inline=&#8221;no&#8221; text_larger=&#8221;no&#8221;]<span style=\"font-weight: 400;\">Le d\u00e9tecteur de m\u00e9taux Treasure Way combine trois modes de d\u00e9tection afin d&#8217;analyser la zone en profondeur.<\/span>[\/vc_column_text][vc_empty_space height=&#8221;30px&#8221; woodmart_hide_large=&#8221;0&#8243; woodmart_hide_medium=&#8221;0&#8243; woodmart_hide_small=&#8221;0&#8243;]\n\t\t<div id=\"wd-69007b555b95c\" class=\"title-wrapper wd-wpb set-mb-s reset-last-child  wd-rs-69007b555b95c wd-title-color-default wd-title-style-default text-left  wd-underline-colored\">\n\t\t\t\n\t\t\t<div class=\"liner-continer\">\n\t\t\t\t<h3 class=\"woodmart-title-container title  wd-font-weight- wd-fontsize-l\" >D\u00e9tection de m\u00e9taux<\/h3>\n\t\t\t\t\t\t\t<\/div>\n\t\t\t\n\t\t\t\n\t\t\t\n\t\t<\/div>\n\t\t\n\t\t[vc_column_text woodmart_inline=&#8221;no&#8221; text_larger=&#8221;no&#8221;]<span style=\"font-weight: 400;\">Le Treasure Way est \u00e9quip\u00e9 d&#8217;un syst\u00e8me de d\u00e9tection par induction qui permet de d\u00e9tecter aussi bien les m\u00e9taux non pr\u00e9cieux (fer, cuivre, etc.) que les m\u00e9taux pr\u00e9cieux comme l&#8217;or.<\/span><\/p>\n<p><span style=\"font-weight: 400;\">L&#8217;appareil distingue les diff\u00e9rents types de m\u00e9taux gr\u00e2ce \u00e0 des signaux qui apparaissent sur l&#8217;\u00e9cran pour que vous ne creusiez pas inutilement. Ce syst\u00e8me fonctionne tout aussi bien lorsque le sol est min\u00e9ralis\u00e9, l\u00e0 o\u00f9 d&#8217;autres technologies ne sont pas aussi pr\u00e9cises.<\/span>[\/vc_column_text][vc_empty_space height=&#8221;15px&#8221; woodmart_hide_large=&#8221;0&#8243; woodmart_hide_medium=&#8221;0&#8243; woodmart_hide_small=&#8221;0&#8243;]\n\t\t<div id=\"wd-69007b5c4febb\" class=\"title-wrapper wd-wpb set-mb-s reset-last-child  wd-rs-69007b5c4febb wd-title-color-default wd-title-style-default text-left  wd-underline-colored\">\n\t\t\t\n\t\t\t<div class=\"liner-continer\">\n\t\t\t\t<h3 class=\"woodmart-title-container title  wd-font-weight- wd-fontsize-l\" >D\u00e9tection de cavit\u00e9s<\/h3>\n\t\t\t\t\t\t\t<\/div>\n\t\t\t\n\t\t\t\n\t\t\t\n\t\t<\/div>\n\t\t\n\t\t[vc_column_text woodmart_inline=&#8221;no&#8221; text_larger=&#8221;no&#8221;]<span style=\"font-weight: 400;\">En plus des m\u00e9taux, le Treasure Way est capable de d\u00e9tecter des anomalies souterraines comme les tunnels ou tombes anciennes. Le syst\u00e8me analyse la variation de la densit\u00e9 du sol et identifie les zones o\u00f9 le terrain est diff\u00e9rent. Cette technologie convient particuli\u00e8rement aux personnes qui recherchent des tr\u00e9sors historiques et qui souhaitent rep\u00e9rer d&#8217;\u00e9ventuels caches avant de commencer les fouilles. Cette fois-ci encore, les signaux visuels sont affich\u00e9s sur l&#8217;\u00e9cran et peuvent \u00eatre combin\u00e9s au mode de d\u00e9tection de m\u00e9taux.   <\/span>[\/vc_column_text][vc_empty_space height=&#8221;15px&#8221; woodmart_hide_large=&#8221;0&#8243; woodmart_hide_medium=&#8221;0&#8243; woodmart_hide_small=&#8221;0&#8243;]\n\t\t<div id=\"wd-69007b21c0d62\" class=\"title-wrapper wd-wpb set-mb-s reset-last-child  wd-rs-69007b21c0d62 wd-title-color-default wd-title-style-default text-left  wd-underline-colored\">\n\t\t\t\n\t\t\t<div class=\"liner-continer\">\n\t\t\t\t<h3 class=\"woodmart-title-container title  wd-font-weight- wd-fontsize-l\" >Mesure de profondeur<\/h3>\n\t\t\t\t\t\t\t<\/div>\n\t\t\t\n\t\t\t\n\t\t\t\n\t\t<\/div>\n\t\t\n\t\t[vc_column_text woodmart_inline=&#8221;no&#8221; text_larger=&#8221;no&#8221;]<span style=\"font-weight: 400;\">En plus des m\u00e9taux, le Treasure Way est capable de d\u00e9tecter des anomalies souterraines comme les tunnels ou tombes anciennes. Le syst\u00e8me analyse la variation de la densit\u00e9 du sol et identifie les zones o\u00f9 le terrain est diff\u00e9rent. Cette technologie convient particuli\u00e8rement aux personnes qui recherchent des tr\u00e9sors historiques et qui souhaitent rep\u00e9rer d&#8217;\u00e9ventuels caches avant de commencer les fouilles. Cette fois-ci encore, les signaux visuels sont affich\u00e9s sur l&#8217;\u00e9cran et peuvent \u00eatre combin\u00e9s au mode de d\u00e9tection de m\u00e9taux.   <\/span>[\/vc_column_text][vc_empty_space height=&#8221;30px&#8221; woodmart_hide_large=&#8221;0&#8243; woodmart_hide_medium=&#8221;0&#8243; woodmart_hide_small=&#8221;0&#8243;]\n\t\t<div id=\"wd-69007b8337ea2\" class=\"title-wrapper wd-wpb set-mb-s reset-last-child  wd-rs-69007b8337ea2 wd-title-color-default wd-title-style-bordered text-center  wd-underline-colored\">\n\t\t\t\n\t\t\t<div class=\"liner-continer\">\n\t\t\t\t<h2 class=\"woodmart-title-container title  wd-font-weight- wd-fontsize-l\" >Un appareil solide<\/h2>\n\t\t\t\t\t\t\t<\/div>\n\t\t\t\n\t\t\t\n\t\t\t\n\t\t<\/div>\n\t\t\n\t\t[vc_column_text woodmart_inline=&#8221;no&#8221; text_larger=&#8221;no&#8221;]<span style=\"font-weight: 400;\">Le Treasure Way est fabriqu\u00e9 en Allemagne et b\u00e9n\u00e9ficie d&#8217;une qualit\u00e9 irr\u00e9prochable, conforme aux normes en vigueur. L&#8217;appareil est l\u00e9ger pour vous assurer un confort lors des longues recherches. De plus, son \u00e9cran affiche les informations de d\u00e9tection de mani\u00e8re claire en 6 langues (fran\u00e7ais, anglais, allemand, espagnol, arabe et persan) pour permettre \u00e0 tout le monde de l&#8217;utiliser.  <\/span>[\/vc_column_text][vc_empty_space height=&#8221;30px&#8221; woodmart_hide_large=&#8221;0&#8243; woodmart_hide_medium=&#8221;0&#8243; woodmart_hide_small=&#8221;0&#8243;]\n\t\t<div id=\"wd-69007be1ca08b\" class=\"title-wrapper wd-wpb set-mb-s reset-last-child  wd-rs-69007be1ca08b wd-title-color-default wd-title-style-bordered text-center  wd-underline-colored\">\n\t\t\t\n\t\t\t<div class=\"liner-continer\">\n\t\t\t\t<h2 class=\"woodmart-title-container title  wd-font-weight- wd-fontsize-l\" >Treasure Way, le d\u00e9tecteur qu&apos;il vous faut<\/h2>\n\t\t\t\t\t\t\t<\/div>\n\t\t\t\n\t\t\t\n\t\t\t\n\t\t<\/div>\n\t\t\n\t\t[vc_empty_space height=&#8221;30px&#8221; woodmart_hide_large=&#8221;0&#8243; woodmart_hide_medium=&#8221;0&#8243; woodmart_hide_small=&#8221;0&#8243;][\/vc_column_inner][\/vc_row_inner][\/vc_column][\/vc_row][vc_row content_placement=&#8221;middle&#8221; woodmart_css_id=&#8221;69008dd2becee&#8221; responsive_spacing=&#8221;eyJwYXJhbV90eXBlIjoid29vZG1hcnRfcmVzcG9uc2l2ZV9zcGFjaW5nIiwic2VsZWN0b3JfaWQiOiI2OTAwOGRkMmJlY2VlIiwic2hvcnRjb2RlIjoidmNfcm93IiwiZGF0YSI6eyJ0YWJsZXQiOnt9LCJtb2JpbGUiOnt9fX0=&#8221; mobile_bg_img_hidden=&#8221;no&#8221; tablet_bg_img_hidden=&#8221;no&#8221; woodmart_parallax=&#8221;0&#8243; woodmart_gradient_switch=&#8221;no&#8221; woodmart_box_shadow=&#8221;no&#8221; wd_z_index=&#8221;no&#8221; woodmart_disable_overflow=&#8221;0&#8243; row_reverse_mobile=&#8221;0&#8243; row_reverse_tablet=&#8221;0&#8243;][vc_column width=&#8221;1\/2&#8243; vertical_alignment=&#8221;eyJkZXZpY2VzIjp7ImRlc2t0b3AiOnsidmFsdWUiOiJjZW50ZXIifSwidGFibGV0Ijp7InZhbHVlIjoiIn0sIm1vYmlsZSI6eyJ2YWx1ZSI6IiJ9fX0=&#8221; woodmart_css_id=&#8221;69007d28cc505&#8243; parallax_scroll=&#8221;no&#8221; woodmart_sticky_column=&#8221;false&#8221; wd_collapsible_content_switcher=&#8221;no&#8221; wd_column_role_offcanvas_desktop=&#8221;no&#8221; wd_column_role_offcanvas_tablet=&#8221;no&#8221; wd_column_role_offcanvas_mobile=&#8221;no&#8221; wd_column_role_content_desktop=&#8221;no&#8221; wd_column_role_content_tablet=&#8221;no&#8221; wd_column_role_content_mobile=&#8221;no&#8221; mobile_bg_img_hidden=&#8221;no&#8221; tablet_bg_img_hidden=&#8221;no&#8221; woodmart_parallax=&#8221;0&#8243; woodmart_box_shadow=&#8221;no&#8221; responsive_spacing=&#8221;eyJwYXJhbV90eXBlIjoid29vZG1hcnRfcmVzcG9uc2l2ZV9zcGFjaW5nIiwic2VsZWN0b3JfaWQiOiI2OTAwN2QyOGNjNTA1Iiwic2hvcnRjb2RlIjoidmNfY29sdW1uIiwiZGF0YSI6eyJ0YWJsZXQiOnt9LCJtb2JpbGUiOnt9fX0=&#8221; mobile_reset_margin=&#8221;no&#8221; tablet_reset_margin=&#8221;no&#8221; wd_z_index=&#8221;no&#8221;][vc_row_inner content_placement=&#8221;middle&#8221; woodmart_css_id=&#8221;69007d3359f6c&#8221; responsive_spacing=&#8221;eyJwYXJhbV90eXBlIjoid29vZG1hcnRfcmVzcG9uc2l2ZV9zcGFjaW5nIiwic2VsZWN0b3JfaWQiOiI2OTAwN2QzMzU5ZjZjIiwic2hvcnRjb2RlIjoidmNfcm93X2lubmVyIiwiZGF0YSI6eyJ0YWJsZXQiOnt9LCJtb2JpbGUiOnt9fX0=&#8221; mobile_bg_img_hidden=&#8221;no&#8221; tablet_bg_img_hidden=&#8221;no&#8221; woodmart_parallax=&#8221;0&#8243; woodmart_gradient_switch=&#8221;no&#8221; woodmart_box_shadow=&#8221;no&#8221; wd_z_index=&#8221;no&#8221; woodmart_disable_overflow=&#8221;0&#8243; row_reverse_mobile=&#8221;0&#8243; row_reverse_tablet=&#8221;0&#8243;][vc_column_inner woodmart_text_align=&#8221;left&#8221; woodmart_css_id=&#8221;69008dbfec831&#8243; parallax_scroll=&#8221;no&#8221; woodmart_sticky_column=&#8221;false&#8221; wd_collapsible_content_switcher=&#8221;no&#8221; wd_column_role_offcanvas_desktop=&#8221;no&#8221; wd_column_role_offcanvas_tablet=&#8221;no&#8221; wd_column_role_offcanvas_mobile=&#8221;no&#8221; wd_column_role_content_desktop=&#8221;no&#8221; wd_column_role_content_tablet=&#8221;no&#8221; wd_column_role_content_mobile=&#8221;no&#8221; mobile_bg_img_hidden=&#8221;no&#8221; tablet_bg_img_hidden=&#8221;no&#8221; woodmart_parallax=&#8221;0&#8243; woodmart_box_shadow=&#8221;no&#8221; responsive_spacing=&#8221;eyJwYXJhbV90eXBlIjoid29vZG1hcnRfcmVzcG9uc2l2ZV9zcGFjaW5nIiwic2VsZWN0b3JfaWQiOiI2OTAwOGRiZmVjODMxIiwic2hvcnRjb2RlIjoidmNfY29sdW1uX2lubmVyIiwiZGF0YSI6eyJ0YWJsZXQiOnt9LCJtb2JpbGUiOnt9fX0=&#8221; wd_z_index=&#8221;no&#8221;][vc_column_text woodmart_inline=&#8221;no&#8221; text_larger=&#8221;no&#8221;]<span style=\"font-weight: 400;\">Le Treasure Way est un d\u00e9tecteur de m\u00e9taux haut de gamme qui convient \u00e0 tous les utilisateurs. <\/span><\/p>\n<p><span style=\"font-weight: 400;\">Gr\u00e2ce \u00e0 ses options avanc\u00e9es, il d\u00e9tecte les objets enfouis \u00e0 plusieurs m\u00e8tres de profondeur et ce, m\u00eame lorsque le sol est de mauvaise qualit\u00e9. <\/span><\/p>\n<p><span style=\"font-weight: 400;\">Laissez-vous tenter et rendez toutes vos recherches fructueuses ! <\/span>[\/vc_column_text][\/vc_column_inner][\/vc_row_inner][\/vc_column][vc_column width=&#8221;1\/2&#8243;][vc_single_image image=&#8221;3389&#8243; img_size=&#8221;full&#8221; alignment=&#8221;center&#8221; parallax_scroll=&#8221;no&#8221; woodmart_inline=&#8221;no&#8221;][\/vc_column][\/vc_row]\n<\/div>","protected":false},"excerpt":{"rendered":"<p>The Treasure Way is a professional metal detector manufactured in Germany, featuring an advanced pulse induction system. Designed to ignore small objects and ground impurities, it focuses on detecting deeply buried targets such as ancient treasures, relics, and high-value artifacts. <\/p>\n","protected":false},"featured_media":2955,"template":"","meta":{"_joinchat":[]},"product_brand":[],"product_cat":[123,126,125],"product_tag":[142],"class_list":{"0":"post-3401","1":"product","2":"type-product","3":"status-publish","4":"has-post-thumbnail","6":"product_cat-cavity-detector","7":"product_cat-ground-radar","8":"product_cat-metal-detector","9":"product_tag-metal-detector","11":"first","12":"instock","13":"taxable","14":"shipping-taxable","15":"purchasable","16":"product-type-simple"},"yoast_head":"<!-- This site is optimized with the Yoast SEO plugin v26.3 - https:\/\/yoast.com\/wordpress\/plugins\/seo\/ -->\n<title>Treasure Way : l&#039;alli\u00e9 id\u00e9al pour d\u00e9tecter l\u2019or et les tr\u00e9sors anciens !<\/title>\n<meta name=\"description\" content=\"Le Treasure Way est un d\u00e9tecteur de m\u00e9taux capable d\u2019identifier l\u2019or, les reliques, les vides et les tombes anciennes jusqu\u2019\u00e0 4 m\u00e8tres de profondeur.\" \/>\n<meta name=\"robots\" content=\"index, follow, max-snippet:-1, max-image-preview:large, max-video-preview:-1\" \/>\n<link rel=\"canonical\" href=\"https:\/\/gerdetect.fr\/en\/metal-detector-catalog\/cavity-detector\/treasure-way\/\" \/>\n<meta property=\"og:locale\" content=\"en_US\" \/>\n<meta property=\"og:type\" content=\"article\" \/>\n<meta property=\"og:title\" content=\"Treasure Way : l&#039;alli\u00e9 id\u00e9al pour d\u00e9tecter l\u2019or et les tr\u00e9sors anciens !\" \/>\n<meta property=\"og:description\" content=\"Le Treasure Way est un d\u00e9tecteur de m\u00e9taux capable d\u2019identifier l\u2019or, les reliques, les vides et les tombes anciennes jusqu\u2019\u00e0 4 m\u00e8tres de profondeur.\" \/>\n<meta property=\"og:url\" content=\"https:\/\/gerdetect.fr\/en\/metal-detector-catalog\/cavity-detector\/treasure-way\/\" \/>\n<meta property=\"og:site_name\" content=\"GER DETECT FRANCE\" \/>\n<meta property=\"article:modified_time\" content=\"2026-01-09T11:19:15+00:00\" \/>\n<meta property=\"og:image\" content=\"https:\/\/gerdetect.fr\/wp-content\/uploads\/2025\/10\/imageprodTreasureWAy.png\" \/>\n\t<meta property=\"og:image:width\" content=\"1600\" \/>\n\t<meta property=\"og:image:height\" content=\"1600\" \/>\n\t<meta property=\"og:image:type\" content=\"image\/png\" \/>\n<meta name=\"twitter:card\" content=\"summary_large_image\" \/>\n<meta name=\"twitter:label1\" content=\"Est. reading time\" \/>\n\t<meta name=\"twitter:data1\" content=\"8 minutes\" \/>\n<script type=\"application\/ld+json\" class=\"yoast-schema-graph\">{\"@context\":\"https:\/\/schema.org\",\"@graph\":[{\"@type\":\"WebPage\",\"@id\":\"https:\/\/gerdetect.fr\/en\/metal-detector-catalog\/cavity-detector\/treasure-way\/\",\"url\":\"https:\/\/gerdetect.fr\/en\/metal-detector-catalog\/cavity-detector\/treasure-way\/\",\"name\":\"Treasure Way : l'alli\u00e9 id\u00e9al pour d\u00e9tecter l\u2019or et les tr\u00e9sors anciens !\",\"isPartOf\":{\"@id\":\"https:\/\/gerdetect.fr\/en\/#website\"},\"primaryImageOfPage\":{\"@id\":\"https:\/\/gerdetect.fr\/en\/metal-detector-catalog\/cavity-detector\/treasure-way\/#primaryimage\"},\"image\":{\"@id\":\"https:\/\/gerdetect.fr\/en\/metal-detector-catalog\/cavity-detector\/treasure-way\/#primaryimage\"},\"thumbnailUrl\":\"https:\/\/gerdetect.fr\/wp-content\/uploads\/2025\/10\/imageprodTreasureWAy.png\",\"datePublished\":\"2025-10-28T07:40:17+00:00\",\"dateModified\":\"2026-01-09T11:19:15+00:00\",\"description\":\"Le Treasure Way est un d\u00e9tecteur de m\u00e9taux capable d\u2019identifier l\u2019or, les reliques, les vides et les tombes anciennes jusqu\u2019\u00e0 4 m\u00e8tres de profondeur.\",\"breadcrumb\":{\"@id\":\"https:\/\/gerdetect.fr\/en\/metal-detector-catalog\/cavity-detector\/treasure-way\/#breadcrumb\"},\"inLanguage\":\"en-US\",\"potentialAction\":[{\"@type\":\"ReadAction\",\"target\":[\"https:\/\/gerdetect.fr\/en\/metal-detector-catalog\/cavity-detector\/treasure-way\/\"]}]},{\"@type\":\"ImageObject\",\"inLanguage\":\"en-US\",\"@id\":\"https:\/\/gerdetect.fr\/en\/metal-detector-catalog\/cavity-detector\/treasure-way\/#primaryimage\",\"url\":\"https:\/\/gerdetect.fr\/wp-content\/uploads\/2025\/10\/imageprodTreasureWAy.png\",\"contentUrl\":\"https:\/\/gerdetect.fr\/wp-content\/uploads\/2025\/10\/imageprodTreasureWAy.png\",\"width\":1600,\"height\":1600},{\"@type\":\"BreadcrumbList\",\"@id\":\"https:\/\/gerdetect.fr\/en\/metal-detector-catalog\/cavity-detector\/treasure-way\/#breadcrumb\",\"itemListElement\":[{\"@type\":\"ListItem\",\"position\":1,\"name\":\"Accueil\",\"item\":\"https:\/\/gerdetect.fr\/en\/\"},{\"@type\":\"ListItem\",\"position\":2,\"name\":\"Shop\",\"item\":\"https:\/\/gerdetect.fr\/en\/shop\/\"},{\"@type\":\"ListItem\",\"position\":3,\"name\":\"Treasure Way\"}]},{\"@type\":\"WebSite\",\"@id\":\"https:\/\/gerdetect.fr\/en\/#website\",\"url\":\"https:\/\/gerdetect.fr\/en\/\",\"name\":\"GER DETECT FRANCE\",\"description\":\"D\u00e9tecteur de m\u00e9taux, d&#039;or, diamants, d&#039;eau souterraine, radar de sol | Lille, Paris\",\"potentialAction\":[{\"@type\":\"SearchAction\",\"target\":{\"@type\":\"EntryPoint\",\"urlTemplate\":\"https:\/\/gerdetect.fr\/en\/?s={search_term_string}\"},\"query-input\":{\"@type\":\"PropertyValueSpecification\",\"valueRequired\":true,\"valueName\":\"search_term_string\"}}],\"inLanguage\":\"en-US\"}]}<\/script>\n<!-- \/ Yoast SEO plugin. -->","yoast_head_json":{"title":"Treasure Way : l'alli\u00e9 id\u00e9al pour d\u00e9tecter l\u2019or et les tr\u00e9sors anciens !","description":"Le Treasure Way est un d\u00e9tecteur de m\u00e9taux capable d\u2019identifier l\u2019or, les reliques, les vides et les tombes anciennes jusqu\u2019\u00e0 4 m\u00e8tres de profondeur.","robots":{"index":"index","follow":"follow","max-snippet":"max-snippet:-1","max-image-preview":"max-image-preview:large","max-video-preview":"max-video-preview:-1"},"canonical":"https:\/\/gerdetect.fr\/en\/metal-detector-catalog\/cavity-detector\/treasure-way\/","og_locale":"en_US","og_type":"article","og_title":"Treasure Way : l'alli\u00e9 id\u00e9al pour d\u00e9tecter l\u2019or et les tr\u00e9sors anciens !","og_description":"Le Treasure Way est un d\u00e9tecteur de m\u00e9taux capable d\u2019identifier l\u2019or, les reliques, les vides et les tombes anciennes jusqu\u2019\u00e0 4 m\u00e8tres de profondeur.","og_url":"https:\/\/gerdetect.fr\/en\/metal-detector-catalog\/cavity-detector\/treasure-way\/","og_site_name":"GER DETECT FRANCE","article_modified_time":"2026-01-09T11:19:15+00:00","og_image":[{"width":1600,"height":1600,"url":"https:\/\/gerdetect.fr\/wp-content\/uploads\/2025\/10\/imageprodTreasureWAy.png","type":"image\/png"}],"twitter_card":"summary_large_image","twitter_misc":{"Est. reading time":"8 minutes"},"schema":{"@context":"https:\/\/schema.org","@graph":[{"@type":"WebPage","@id":"https:\/\/gerdetect.fr\/en\/metal-detector-catalog\/cavity-detector\/treasure-way\/","url":"https:\/\/gerdetect.fr\/en\/metal-detector-catalog\/cavity-detector\/treasure-way\/","name":"Treasure Way : l'alli\u00e9 id\u00e9al pour d\u00e9tecter l\u2019or et les tr\u00e9sors anciens !","isPartOf":{"@id":"https:\/\/gerdetect.fr\/en\/#website"},"primaryImageOfPage":{"@id":"https:\/\/gerdetect.fr\/en\/metal-detector-catalog\/cavity-detector\/treasure-way\/#primaryimage"},"image":{"@id":"https:\/\/gerdetect.fr\/en\/metal-detector-catalog\/cavity-detector\/treasure-way\/#primaryimage"},"thumbnailUrl":"https:\/\/gerdetect.fr\/wp-content\/uploads\/2025\/10\/imageprodTreasureWAy.png","datePublished":"2025-10-28T07:40:17+00:00","dateModified":"2026-01-09T11:19:15+00:00","description":"Le Treasure Way est un d\u00e9tecteur de m\u00e9taux capable d\u2019identifier l\u2019or, les reliques, les vides et les tombes anciennes jusqu\u2019\u00e0 4 m\u00e8tres de profondeur.","breadcrumb":{"@id":"https:\/\/gerdetect.fr\/en\/metal-detector-catalog\/cavity-detector\/treasure-way\/#breadcrumb"},"inLanguage":"en-US","potentialAction":[{"@type":"ReadAction","target":["https:\/\/gerdetect.fr\/en\/metal-detector-catalog\/cavity-detector\/treasure-way\/"]}]},{"@type":"ImageObject","inLanguage":"en-US","@id":"https:\/\/gerdetect.fr\/en\/metal-detector-catalog\/cavity-detector\/treasure-way\/#primaryimage","url":"https:\/\/gerdetect.fr\/wp-content\/uploads\/2025\/10\/imageprodTreasureWAy.png","contentUrl":"https:\/\/gerdetect.fr\/wp-content\/uploads\/2025\/10\/imageprodTreasureWAy.png","width":1600,"height":1600},{"@type":"BreadcrumbList","@id":"https:\/\/gerdetect.fr\/en\/metal-detector-catalog\/cavity-detector\/treasure-way\/#breadcrumb","itemListElement":[{"@type":"ListItem","position":1,"name":"Accueil","item":"https:\/\/gerdetect.fr\/en\/"},{"@type":"ListItem","position":2,"name":"Shop","item":"https:\/\/gerdetect.fr\/en\/shop\/"},{"@type":"ListItem","position":3,"name":"Treasure Way"}]},{"@type":"WebSite","@id":"https:\/\/gerdetect.fr\/en\/#website","url":"https:\/\/gerdetect.fr\/en\/","name":"GER DETECT FRANCE","description":"D\u00e9tecteur de m\u00e9taux, d&#039;or, diamants, d&#039;eau souterraine, radar de sol | Lille, Paris","potentialAction":[{"@type":"SearchAction","target":{"@type":"EntryPoint","urlTemplate":"https:\/\/gerdetect.fr\/en\/?s={search_term_string}"},"query-input":{"@type":"PropertyValueSpecification","valueRequired":true,"valueName":"search_term_string"}}],"inLanguage":"en-US"}]}},"_links":{"self":[{"href":"https:\/\/gerdetect.fr\/en\/wp-json\/wp\/v2\/product\/3401","targetHints":{"allow":["GET"]}}],"collection":[{"href":"https:\/\/gerdetect.fr\/en\/wp-json\/wp\/v2\/product"}],"about":[{"href":"https:\/\/gerdetect.fr\/en\/wp-json\/wp\/v2\/types\/product"}],"wp:featuredmedia":[{"embeddable":true,"href":"https:\/\/gerdetect.fr\/en\/wp-json\/wp\/v2\/media\/2955"}],"wp:attachment":[{"href":"https:\/\/gerdetect.fr\/en\/wp-json\/wp\/v2\/media?parent=3401"}],"wp:term":[{"taxonomy":"product_brand","embeddable":true,"href":"https:\/\/gerdetect.fr\/en\/wp-json\/wp\/v2\/product_brand?post=3401"},{"taxonomy":"product_cat","embeddable":true,"href":"https:\/\/gerdetect.fr\/en\/wp-json\/wp\/v2\/product_cat?post=3401"},{"taxonomy":"product_tag","embeddable":true,"href":"https:\/\/gerdetect.fr\/en\/wp-json\/wp\/v2\/product_tag?post=3401"}],"curies":[{"name":"wp","href":"https:\/\/api.w.org\/{rel}","templated":true}]}}