{"id":3461,"date":"2025-01-27T10:17:16","date_gmt":"2025-01-27T09:17:16","guid":{"rendered":"https:\/\/gerdetect.fr\/catalogue-detecteur-de-metaux\/uncategorized\/uig-watch-detector-2-systemes\/"},"modified":"2026-01-09T14:08:25","modified_gmt":"2026-01-09T13:08:25","slug":"uig-watch-detector-2-systemes","status":"publish","type":"product","link":"https:\/\/gerdetect.fr\/en\/metal-detector-catalog\/cavity-detector\/uig-watch-detector-2-systemes\/","title":{"rendered":"UIG WATCH DETECTOR &#8211; 2 systems"},"content":{"rendered":"<div class=\"wpb-content-wrapper\">[vc_row][vc_column][vc_column_text]<span style=\"font-weight: 400;\">Discover the UIG Watch Detector, the most compact 3D imaging device on the metal detector market. Indeed, with a weight of less than 85 grams and integrated cutting-edge technology, it is designed to push the limits of underground detection. This device detects both metals and cavities.  <\/span>[\/vc_column_text][\/vc_column][\/vc_row][vc_row content_placement=&#8221;top&#8221;][vc_column][vc_video link=&#8221;https:\/\/www.youtube.com\/watch?v=1Z2k0hh6UdU&#8221; align=&#8221;center&#8221; woodmart_css_id=&#8221;6797658b88134&#8243; image_poster_switch=&#8221;no&#8221;]\n\t\t<div id=\"wd-67975d2da1de6\" class=\"title-wrapper wd-wpb set-mb-s reset-last-child  wd-rs-67975d2da1de6 wd-title-color-default wd-title-style-bordered text-center  wd-underline-colored\">\n\t\t\t\n\t\t\t<div class=\"liner-continer\">\n\t\t\t\t<h2 class=\"woodmart-title-container title  wd-font-weight- wd-fontsize-l\" >Everything you need to know about the UIG WATCH DETECTOR<\/h2>\n\t\t\t\t\t\t\t<\/div>\n\t\t\t\n\t\t\t\n\t\t\t\n\t\t<\/div>\n\t\t\n\t\t[vc_row_inner][vc_column_inner][vc_column_text woodmart_inline=&#8221;no&#8221; text_larger=&#8221;no&#8221;]Discover the UIG Watch Detector, the most compact 3D imaging device on the <span style=\"font-weight: 400;\"><a href=\"https:\/\/gerdetect.fr\/en\/types-de-detecteur\/metal-detector\/\">metal detector<\/a><\/span> market? Indeed, with a weight of less than 85 grams and integrated cutting-edge technology, it is designed to push the limits of <span style=\"font-weight: 400;\"><span style=\"font-weight: 400;\">underground detection<\/span><\/span>. This device detects both metals and <a href=\"https:\/\/gerdetect.fr\/en\/types-de-detecteur\/cavity-detector\/\">cavities<\/a>.<br \/>\nThe UIG Watch Detector can explore depths of up to 20 metres. It also allows you to adjust the scanning settings to suit your needs. Lightweight, discreet and easy to carry, this innovative tool, available from <a href=\"https:\/\/gerdetect.fr\/en\/\">GER Detect<\/a>, increases your chances of discovering buried treasures. Whether it&#8217;s precious metals, ancient artefacts, caves, etc., nothing escapes the UIG Watch Detector. All these advantages make the UIG Watch Detector the best choice to guarantee the success of your explorations![\/vc_column_text][\/vc_column_inner][\/vc_row_inner][vc_single_image image=&#8221;3445&#8243; img_size=&#8221;large&#8221; alignment=&#8221;center&#8221; parallax_scroll=&#8221;no&#8221; woodmart_inline=&#8221;no&#8221;][\/vc_column][\/vc_row][vc_row][vc_column]\n\t\t<div id=\"wd-679761af4a3fe\" class=\"title-wrapper wd-wpb set-mb-s reset-last-child  wd-rs-679761af4a3fe wd-title-color-default wd-title-style-bordered text-center  wd-underline-colored\">\n\t\t\t\n\t\t\t<div class=\"liner-continer\">\n\t\t\t\t<h2 class=\"woodmart-title-container title  wd-font-weight- wd-fontsize-l\" >UIG WATCH DETECTOR: technical specifications<\/h2>\n\t\t\t\t\t\t\t<\/div>\n\t\t\t\n\t\t\t\n\t\t\t\n\t\t<\/div>\n\t\t\n\t\t[vc_row_inner][vc_column_inner][vc_column_text woodmart_inline=&#8221;no&#8221; text_larger=&#8221;no&#8221;]<span style=\"font-weight: 400;\">The UIG Watch Detector, the fruit of German ingenuity, was designed to revolutionize your underground explorations. Indeed, this compact and discreet device, offered by Inventum Detector, combines both innovation and convenience thanks to its patent in nanotechnology. Furthermore, with its three advanced detection systems, you will be able to precisely locate a wide variety of buried treasures.  <\/span>[\/vc_column_text][\/vc_column_inner][\/vc_row_inner][vc_single_image image=&#8221;3446&#8243; img_size=&#8221;large&#8221; alignment=&#8221;center&#8221; parallax_scroll=&#8221;no&#8221; woodmart_inline=&#8221;no&#8221;][vc_row_inner][vc_column_inner][vc_column_text woodmart_inline=&#8221;no&#8221; text_larger=&#8221;no&#8221;]<span style=\"font-weight: 400;\">This technological marvel offers real-time analysis with exceptional precision. This tool is particularly ideal for exploring around walls or historic sites. In fact, it reaches terrestrial depths of up to 20 meters. Additionally, detection parameters are easily adjustable. Simply choose the appropriate parameter, meters or centimeters, to precisely target your discoveries. Despite its low weight, less than 85 grams, the UIG Watch Detector has a battery life of more than 12 hours. Transform your searches into a smooth and efficient experience, and set out to conquer hidden treasures.      <\/span>[\/vc_column_text][\/vc_column_inner][\/vc_row_inner][\/vc_column][\/vc_row][vc_row][vc_column]\n\t\t<div id=\"wd-6797627732bfa\" class=\"title-wrapper wd-wpb set-mb-s reset-last-child  wd-rs-6797627732bfa wd-title-color-default wd-title-style-bordered text-center  wd-underline-colored\">\n\t\t\t\n\t\t\t<div class=\"liner-continer\">\n\t\t\t\t<h2 class=\"woodmart-title-container title  wd-font-weight- wd-fontsize-l\" >3 integrated scanning and imaging systems<\/h2>\n\t\t\t\t\t\t\t<\/div>\n\t\t\t\n\t\t\t\n\t\t\t\n\t\t<\/div>\n\t\t\n\t\t[vc_column_text woodmart_inline=&#8221;no&#8221; text_larger=&#8221;no&#8221;]<span style=\"font-weight: 400;\">The UIG Watch Detector combines three high-performance scanning and imaging systems, namely:<\/span><\/p>\n<ul>\n<li style=\"font-weight: 400;\" aria-level=\"1\">Live scanning: Instantly detect the shape of buried targets or cavities via fast, precise scanning;<\/li>\n<li style=\"font-weight: 400;\" aria-level=\"1\">Live Wall Scanning: Specially designed for exploring behind walls, it offers quick and effortless scanning;<\/li>\n<li style=\"font-weight: 400;\" aria-level=\"1\">3D imaging: benefit from three-dimensional visualizations thanks to advanced technical specifications.<\/li>\n<\/ul>\n<p><span style=\"font-weight: 400;\">Thanks to these high-performance scanning and imaging systems, the device captures the different strata of the ground, providing results in all directions. Whether you are looking for precious metals, underground rooms, caves or hidden treasures, the UIG Watch Detector ensures precise location. <\/span>[\/vc_column_text][vc_single_image image=&#8221;3447&#8243; img_size=&#8221;full&#8221; alignment=&#8221;center&#8221; parallax_scroll=&#8221;no&#8221; woodmart_inline=&#8221;no&#8221;][\/vc_column][\/vc_row][vc_row][vc_column]\n\t\t<div id=\"wd-679764d1b42ff\" class=\"title-wrapper wd-wpb set-mb-s reset-last-child  wd-rs-679764d1b42ff wd-title-color-default wd-title-style-bordered text-center  wd-underline-colored\">\n\t\t\t\n\t\t\t<div class=\"liner-continer\">\n\t\t\t\t<h2 class=\"woodmart-title-container title  wd-font-weight- wd-fontsize-l\" >High sensitivity<\/h2>\n\t\t\t\t\t\t\t<\/div>\n\t\t\t\n\t\t\t\n\t\t\t\n\t\t<\/div>\n\t\t\n\t\t[vc_row_inner][vc_column_inner][vc_column_text woodmart_inline=&#8221;no&#8221; text_larger=&#8221;no&#8221;]<span style=\"font-weight: 400;\">The UIG Watch Detector, designed in Germany, combines discretion and performance. Despite its small size, it displays remarkable sensitivity, capable of accurately detecting a variety of targets. And this up to 20 meters deep. In addition, its advanced technology makes it possible to effectively distinguish the elements detected for reliable results with each exploration.   <\/span>[\/vc_column_text][\/vc_column_inner][\/vc_row_inner][\/vc_column][\/vc_row][vc_row][vc_column]\n\t\t<div id=\"wd-69dba3d3d2de8\" class=\"title-wrapper wd-wpb set-mb-s reset-last-child  wd-title-color-default wd-title-style-bordered text-center  wd-underline-colored\">\n\t\t\t\n\t\t\t<div class=\"liner-continer\">\n\t\t\t\t<h2 class=\"woodmart-title-container title  wd-font-weight- wd-fontsize-l\" >Technical specifications of the detector<\/h2>\n\t\t\t\t\t\t\t<\/div>\n\t\t\t\n\t\t\t\n\t\t\t\n\t\t<\/div>\n\t\t\n\t\t[vc_column_text woodmart_inline=&#8221;no&#8221; text_larger=&#8221;no&#8221;]The device is very light and can be transported very easily.[\/vc_column_text][vc_single_image image=&#8221;3448&#8243; img_size=&#8221;full&#8221; parallax_scroll=&#8221;no&#8221; woodmart_inline=&#8221;no&#8221;][vc_column_text woodmart_inline=&#8221;no&#8221; text_larger=&#8221;no&#8221;]<span style=\"font-weight: 400;\">CE certified and compliant with international standards, the UIG Watch Detector guarantees impeccable reliability. <\/span><\/p>\n<p><span style=\"font-weight: 400;\">Its multilingual interface, available in German, English, French, Spanish, Arabic, Portuguese and Persian, makes the tool accessible to everyone. <\/span><\/p>\n<p><span style=\"font-weight: 400;\">So treat yourself to an exploration experience that is simple, precise and discreet!<\/span>[\/vc_column_text][vc_single_image image=&#8221;3449&#8243; img_size=&#8221;full&#8221; parallax_scroll=&#8221;no&#8221; woodmart_inline=&#8221;no&#8221;][vc_row_inner][vc_column_inner width=&#8221;1\/2&#8243;][vc_single_image image=&#8221;3450&#8243; img_size=&#8221;full&#8221; parallax_scroll=&#8221;no&#8221; woodmart_inline=&#8221;no&#8221;][\/vc_column_inner][vc_column_inner width=&#8221;1\/2&#8243;][vc_single_image image=&#8221;3451&#8243; img_size=&#8221;full&#8221; parallax_scroll=&#8221;no&#8221; woodmart_inline=&#8221;no&#8221;][\/vc_column_inner][\/vc_row_inner][\/vc_column][\/vc_row]\n<\/div>","protected":false},"excerpt":{"rendered":"<p><span style=\"font-weight: 400;\">The UIG WATCH DETECTOR is the most compact 3D imaging device on the metal and cavity detector market. With a weight of less than 85 grams and integrated cutting-edge technology, it is designed to push the limits of underground detection.  <\/span><\/p>\n","protected":false},"featured_media":3452,"template":"","meta":{"_joinchat":[]},"product_brand":[],"product_cat":[123,126,125],"product_tag":[144,142],"class_list":{"0":"post-3461","1":"product","2":"type-product","3":"status-publish","4":"has-post-thumbnail","6":"product_cat-cavity-detector","7":"product_cat-ground-radar","8":"product_cat-metal-detector","9":"product_tag-cavity-detector","10":"product_tag-metal-detector","12":"first","13":"instock","14":"sale","15":"taxable","16":"shipping-taxable","17":"purchasable","18":"product-type-simple"},"yoast_head":"<!-- This site is optimized with the Yoast SEO plugin v26.3 - https:\/\/yoast.com\/wordpress\/plugins\/seo\/ -->\n<title>UIG Watch Detector: discovering hidden cavities and metals<\/title>\n<meta name=\"description\" content=\"Venez d\u00e9couvrir l\u2019UIG Watch Detector, l\u2019appareil id\u00e9al et pratique pour une d\u00e9tection de m\u00e9taux et de cavit\u00e9s fiable et efficace !\" \/>\n<meta name=\"robots\" content=\"index, follow, max-snippet:-1, max-image-preview:large, max-video-preview:-1\" \/>\n<link rel=\"canonical\" href=\"https:\/\/gerdetect.fr\/en\/metal-detector-catalog\/cavity-detector\/uig-watch-detector-2-systemes\/\" \/>\n<meta property=\"og:locale\" content=\"en_US\" \/>\n<meta property=\"og:type\" content=\"article\" \/>\n<meta property=\"og:title\" content=\"UIG Watch Detector: discovering hidden cavities and metals\" \/>\n<meta property=\"og:description\" content=\"Venez d\u00e9couvrir l\u2019UIG Watch Detector, l\u2019appareil id\u00e9al et pratique pour une d\u00e9tection de m\u00e9taux et de cavit\u00e9s fiable et efficace !\" \/>\n<meta property=\"og:url\" content=\"https:\/\/gerdetect.fr\/en\/metal-detector-catalog\/cavity-detector\/uig-watch-detector-2-systemes\/\" \/>\n<meta property=\"og:site_name\" content=\"GER DETECT FRANCE\" \/>\n<meta property=\"article:modified_time\" content=\"2026-01-09T13:08:25+00:00\" \/>\n<meta property=\"og:image\" content=\"https:\/\/gerdetect.fr\/wp-content\/uploads\/2025\/01\/UIGWatchDetector2.webp\" \/>\n\t<meta property=\"og:image:width\" content=\"700\" \/>\n\t<meta property=\"og:image:height\" content=\"700\" \/>\n\t<meta property=\"og:image:type\" content=\"image\/webp\" \/>\n<meta name=\"twitter:card\" content=\"summary_large_image\" \/>\n<meta name=\"twitter:label1\" content=\"Est. reading time\" \/>\n\t<meta name=\"twitter:data1\" content=\"5 minutes\" \/>\n<script type=\"application\/ld+json\" class=\"yoast-schema-graph\">{\"@context\":\"https:\/\/schema.org\",\"@graph\":[{\"@type\":\"WebPage\",\"@id\":\"https:\/\/gerdetect.fr\/en\/metal-detector-catalog\/cavity-detector\/uig-watch-detector-2-systemes\/\",\"url\":\"https:\/\/gerdetect.fr\/en\/metal-detector-catalog\/cavity-detector\/uig-watch-detector-2-systemes\/\",\"name\":\"UIG Watch Detector: discovering hidden cavities and metals\",\"isPartOf\":{\"@id\":\"https:\/\/gerdetect.fr\/en\/#website\"},\"primaryImageOfPage\":{\"@id\":\"https:\/\/gerdetect.fr\/en\/metal-detector-catalog\/cavity-detector\/uig-watch-detector-2-systemes\/#primaryimage\"},\"image\":{\"@id\":\"https:\/\/gerdetect.fr\/en\/metal-detector-catalog\/cavity-detector\/uig-watch-detector-2-systemes\/#primaryimage\"},\"thumbnailUrl\":\"https:\/\/gerdetect.fr\/wp-content\/uploads\/2025\/01\/UIGWatchDetector2.webp\",\"datePublished\":\"2025-01-27T09:17:16+00:00\",\"dateModified\":\"2026-01-09T13:08:25+00:00\",\"description\":\"Venez d\u00e9couvrir l\u2019UIG Watch Detector, l\u2019appareil id\u00e9al et pratique pour une d\u00e9tection de m\u00e9taux et de cavit\u00e9s fiable et efficace !\",\"breadcrumb\":{\"@id\":\"https:\/\/gerdetect.fr\/en\/metal-detector-catalog\/cavity-detector\/uig-watch-detector-2-systemes\/#breadcrumb\"},\"inLanguage\":\"en-US\",\"potentialAction\":[{\"@type\":\"ReadAction\",\"target\":[\"https:\/\/gerdetect.fr\/en\/metal-detector-catalog\/cavity-detector\/uig-watch-detector-2-systemes\/\"]}]},{\"@type\":\"ImageObject\",\"inLanguage\":\"en-US\",\"@id\":\"https:\/\/gerdetect.fr\/en\/metal-detector-catalog\/cavity-detector\/uig-watch-detector-2-systemes\/#primaryimage\",\"url\":\"https:\/\/gerdetect.fr\/wp-content\/uploads\/2025\/01\/UIGWatchDetector2.webp\",\"contentUrl\":\"https:\/\/gerdetect.fr\/wp-content\/uploads\/2025\/01\/UIGWatchDetector2.webp\",\"width\":700,\"height\":700,\"caption\":\"UIG Watch Detector\"},{\"@type\":\"BreadcrumbList\",\"@id\":\"https:\/\/gerdetect.fr\/en\/metal-detector-catalog\/cavity-detector\/uig-watch-detector-2-systemes\/#breadcrumb\",\"itemListElement\":[{\"@type\":\"ListItem\",\"position\":1,\"name\":\"Accueil\",\"item\":\"https:\/\/gerdetect.fr\/en\/\"},{\"@type\":\"ListItem\",\"position\":2,\"name\":\"Shop\",\"item\":\"https:\/\/gerdetect.fr\/en\/shop\/\"},{\"@type\":\"ListItem\",\"position\":3,\"name\":\"UIG WATCH DETECTOR &#8211; 2 systems\"}]},{\"@type\":\"WebSite\",\"@id\":\"https:\/\/gerdetect.fr\/en\/#website\",\"url\":\"https:\/\/gerdetect.fr\/en\/\",\"name\":\"GER DETECT FRANCE\",\"description\":\"D\u00e9tecteur de m\u00e9taux, d&#039;or, diamants, d&#039;eau souterraine, radar de sol | Lille, Paris\",\"potentialAction\":[{\"@type\":\"SearchAction\",\"target\":{\"@type\":\"EntryPoint\",\"urlTemplate\":\"https:\/\/gerdetect.fr\/en\/?s={search_term_string}\"},\"query-input\":{\"@type\":\"PropertyValueSpecification\",\"valueRequired\":true,\"valueName\":\"search_term_string\"}}],\"inLanguage\":\"en-US\"}]}<\/script>\n<!-- \/ Yoast SEO plugin. -->","yoast_head_json":{"title":"UIG Watch Detector: discovering hidden cavities and metals","description":"Venez d\u00e9couvrir l\u2019UIG Watch Detector, l\u2019appareil id\u00e9al et pratique pour une d\u00e9tection de m\u00e9taux et de cavit\u00e9s fiable et efficace !","robots":{"index":"index","follow":"follow","max-snippet":"max-snippet:-1","max-image-preview":"max-image-preview:large","max-video-preview":"max-video-preview:-1"},"canonical":"https:\/\/gerdetect.fr\/en\/metal-detector-catalog\/cavity-detector\/uig-watch-detector-2-systemes\/","og_locale":"en_US","og_type":"article","og_title":"UIG Watch Detector: discovering hidden cavities and metals","og_description":"Venez d\u00e9couvrir l\u2019UIG Watch Detector, l\u2019appareil id\u00e9al et pratique pour une d\u00e9tection de m\u00e9taux et de cavit\u00e9s fiable et efficace !","og_url":"https:\/\/gerdetect.fr\/en\/metal-detector-catalog\/cavity-detector\/uig-watch-detector-2-systemes\/","og_site_name":"GER DETECT FRANCE","article_modified_time":"2026-01-09T13:08:25+00:00","og_image":[{"width":700,"height":700,"url":"https:\/\/gerdetect.fr\/wp-content\/uploads\/2025\/01\/UIGWatchDetector2.webp","type":"image\/webp"}],"twitter_card":"summary_large_image","twitter_misc":{"Est. reading time":"5 minutes"},"schema":{"@context":"https:\/\/schema.org","@graph":[{"@type":"WebPage","@id":"https:\/\/gerdetect.fr\/en\/metal-detector-catalog\/cavity-detector\/uig-watch-detector-2-systemes\/","url":"https:\/\/gerdetect.fr\/en\/metal-detector-catalog\/cavity-detector\/uig-watch-detector-2-systemes\/","name":"UIG Watch Detector: discovering hidden cavities and metals","isPartOf":{"@id":"https:\/\/gerdetect.fr\/en\/#website"},"primaryImageOfPage":{"@id":"https:\/\/gerdetect.fr\/en\/metal-detector-catalog\/cavity-detector\/uig-watch-detector-2-systemes\/#primaryimage"},"image":{"@id":"https:\/\/gerdetect.fr\/en\/metal-detector-catalog\/cavity-detector\/uig-watch-detector-2-systemes\/#primaryimage"},"thumbnailUrl":"https:\/\/gerdetect.fr\/wp-content\/uploads\/2025\/01\/UIGWatchDetector2.webp","datePublished":"2025-01-27T09:17:16+00:00","dateModified":"2026-01-09T13:08:25+00:00","description":"Venez d\u00e9couvrir l\u2019UIG Watch Detector, l\u2019appareil id\u00e9al et pratique pour une d\u00e9tection de m\u00e9taux et de cavit\u00e9s fiable et efficace !","breadcrumb":{"@id":"https:\/\/gerdetect.fr\/en\/metal-detector-catalog\/cavity-detector\/uig-watch-detector-2-systemes\/#breadcrumb"},"inLanguage":"en-US","potentialAction":[{"@type":"ReadAction","target":["https:\/\/gerdetect.fr\/en\/metal-detector-catalog\/cavity-detector\/uig-watch-detector-2-systemes\/"]}]},{"@type":"ImageObject","inLanguage":"en-US","@id":"https:\/\/gerdetect.fr\/en\/metal-detector-catalog\/cavity-detector\/uig-watch-detector-2-systemes\/#primaryimage","url":"https:\/\/gerdetect.fr\/wp-content\/uploads\/2025\/01\/UIGWatchDetector2.webp","contentUrl":"https:\/\/gerdetect.fr\/wp-content\/uploads\/2025\/01\/UIGWatchDetector2.webp","width":700,"height":700,"caption":"UIG Watch Detector"},{"@type":"BreadcrumbList","@id":"https:\/\/gerdetect.fr\/en\/metal-detector-catalog\/cavity-detector\/uig-watch-detector-2-systemes\/#breadcrumb","itemListElement":[{"@type":"ListItem","position":1,"name":"Accueil","item":"https:\/\/gerdetect.fr\/en\/"},{"@type":"ListItem","position":2,"name":"Shop","item":"https:\/\/gerdetect.fr\/en\/shop\/"},{"@type":"ListItem","position":3,"name":"UIG WATCH DETECTOR &#8211; 2 systems"}]},{"@type":"WebSite","@id":"https:\/\/gerdetect.fr\/en\/#website","url":"https:\/\/gerdetect.fr\/en\/","name":"GER DETECT FRANCE","description":"D\u00e9tecteur de m\u00e9taux, d&#039;or, diamants, d&#039;eau souterraine, radar de sol | Lille, Paris","potentialAction":[{"@type":"SearchAction","target":{"@type":"EntryPoint","urlTemplate":"https:\/\/gerdetect.fr\/en\/?s={search_term_string}"},"query-input":{"@type":"PropertyValueSpecification","valueRequired":true,"valueName":"search_term_string"}}],"inLanguage":"en-US"}]}},"_links":{"self":[{"href":"https:\/\/gerdetect.fr\/en\/wp-json\/wp\/v2\/product\/3461","targetHints":{"allow":["GET"]}}],"collection":[{"href":"https:\/\/gerdetect.fr\/en\/wp-json\/wp\/v2\/product"}],"about":[{"href":"https:\/\/gerdetect.fr\/en\/wp-json\/wp\/v2\/types\/product"}],"wp:featuredmedia":[{"embeddable":true,"href":"https:\/\/gerdetect.fr\/en\/wp-json\/wp\/v2\/media\/3452"}],"wp:attachment":[{"href":"https:\/\/gerdetect.fr\/en\/wp-json\/wp\/v2\/media?parent=3461"}],"wp:term":[{"taxonomy":"product_brand","embeddable":true,"href":"https:\/\/gerdetect.fr\/en\/wp-json\/wp\/v2\/product_brand?post=3461"},{"taxonomy":"product_cat","embeddable":true,"href":"https:\/\/gerdetect.fr\/en\/wp-json\/wp\/v2\/product_cat?post=3461"},{"taxonomy":"product_tag","embeddable":true,"href":"https:\/\/gerdetect.fr\/en\/wp-json\/wp\/v2\/product_tag?post=3461"}],"curies":[{"name":"wp","href":"https:\/\/api.w.org\/{rel}","templated":true}]}}