{"id":3548,"date":"2022-09-21T17:27:32","date_gmt":"2022-09-21T15:27:32","guid":{"rendered":""},"modified":"2026-01-12T09:22:42","modified_gmt":"2026-01-12T08:22:42","slug":"the-collaboration-between-ger-detect-and-uig-is-so-successful-that-they-offer-a-new-innovative-model-the-titan-500-smart-this-ergonomic-device-is-therefore-the-culmination-of-five-years-of-research","status":"publish","type":"product","link":"https:\/\/gerdetect.fr\/en\/metal-detector-catalog\/gold-detector\/the-collaboration-between-ger-detect-and-uig-is-so-successful-that-they-offer-a-new-innovative-model-the-titan-500-smart-this-ergonomic-device-is-therefore-the-culmination-of-five-years-of-research\/","title":{"rendered":"Titan 500 SMART<br>"},"content":{"rendered":"<div class=\"wpb-content-wrapper\">[vc_row content_placement=&#8221;top&#8221;][vc_column][vc_video link=&#8221;https:\/\/www.youtube.com\/watch?v=gSub4-iGGe8&#8243; align=&#8221;center&#8221;]\n\t\t<div id=\"wd-69db908377b0c\" class=\"title-wrapper wd-wpb set-mb-s reset-last-child  wd-title-color-default wd-title-style-bordered text-center  wd-underline-colored\">\n\t\t\t\n\t\t\t<div class=\"liner-continer\">\n\t\t\t\t<h2 class=\"woodmart-title-container title  wd-font-weight- wd-fontsize-l\" >Discover the characteristics of the TITAN 500 SMART<\/h2>\n\t\t\t\t\t\t\t<\/div>\n\t\t\t\n\t\t\t\n\t\t\t\n\t\t<\/div>\n\t\t\n\t\t[vc_row_inner][vc_column_inner][vc_column_text]The TITAN 500 SMART offered by<a style=\"color: #ff6600;\" href=\"https:\/\/gerdetect.fr\/en\/\"> Ger Detect<\/a> is an effective detection device. Multifunctional, it can detect many metals and gems. It is therefore ideal for prospecting for buried gold, diamonds, precious metals, and gemstones. Discover all its features:   <\/p>\n<ol>\n<li>Super speed combined with precise location of targets in order to capture them very quickly.<\/li>\n<li>An effective detection system for small and large diamonds.<\/li>\n<li>A system that identifies and locates up to 18 different species of gems: ruby, tanzanite, alexandrite, jasper, granet, emerald, peridot, tourmaline, columbite, opal, amethyst, lapis lazuli, quartz, turquoise, sapphire, cat&#8217;s eye, aquamarine, topaz.<\/li>\n<li>A feature for searching, identifying, and locating many types of buried precious metals: gold (including ancient gold), gold nuggets, platinum, bronze, silver, copper, zirconium, mercury, coltan, cobalt, osmium, and meteorites.<\/li>\n<li>The presence of an electronic thermometer directly on the device&#8217;s screen, which allows you to measure temperature and weather conditions.<\/li>\n<li>Accurate determination of target depth in meters combined with easy marking.<\/li>\n<li>The possibility of determining the continent of research.<\/li>\n<li>The presence of an intuitive touch screen which offers many features and offers many advantages.<\/li>\n<li>Digital display of time and date.<\/li>\n<li>The ability to turn the device sound on or off.<\/li>\n<li>The presence of a super antenna which makes it possible to cover vast areas of research.<\/li>\n<\/ol>\n[\/vc_column_text][\/vc_column_inner][\/vc_row_inner][vc_row_inner][vc_column_inner width=&#8221;1\/2&#8243;][vc_single_image image=&#8221;3526&#8243; img_size=&#8221;large&#8221; alignment=&#8221;center&#8221;][\/vc_column_inner][vc_column_inner width=&#8221;1\/2&#8243;][vc_single_image image=&#8221;3527&#8243; img_size=&#8221;large&#8221; alignment=&#8221;center&#8221;][\/vc_column_inner][\/vc_row_inner][\/vc_column][\/vc_row][vc_row][vc_column]\n\t\t<div id=\"wd-69db908377bc4\" class=\"title-wrapper wd-wpb set-mb-s reset-last-child  wd-title-color-default wd-title-style-bordered text-center  wd-underline-colored\">\n\t\t\t\n\t\t\t<div class=\"liner-continer\">\n\t\t\t\t<h2 class=\"woodmart-title-container title  wd-font-weight- wd-fontsize-l\" >Discover the 4 systems of the TITAN 500 SMART:<\/h2>\n\t\t\t\t\t\t\t<\/div>\n\t\t\t\n\t\t\t\n\t\t\t\n\t\t<\/div>\n\t\t\n\t\t[vc_row_inner][vc_column_inner width=&#8221;1\/2&#8243;][vc_column_text]The TITAN 500 SMART is equipped with four easily adjustable search systems to efficiently search for the desired target:<\/p>\n<ol>\n<li>First underground search system suitable for searching for small or large diamonds.<\/li>\n<li>Second underground research system developed to identify precious stones: ruby, topaz, alexandrite, emerald, tanzanite, opal, cat&#8217;s eye, peridot, jasper, granet, columbite, quartz, sapphire, tourmaline, lapis lazuli, aquamarine, amethyst, turquoise.<\/li>\n<li>Third underground search system to find gold and any other type of precious metal: gold (and old gold), gold nugget, platinum, silver, coltan, bronze, mercury, copper, osmium, cobalt, zircon, meteorites.<\/li>\n<li>Fourth underground search system to accurately determine the depth of underground targets and be able to analyze the results.<\/li>\n<\/ol>\n<p>The TITAN 500 SMART is not only equipped with four high-performance systems, but it is also equipped with high sensitivity. This therefore allows it to identify targets up to 120 meters deep in the ground and up to 3000 meters in forward range.[\/vc_column_text][\/vc_column_inner][vc_column_inner width=&#8221;1\/2&#8243;][vc_single_image image=&#8221;3528&#8243; img_size=&#8221;large&#8221; alignment=&#8221;center&#8221;][\/vc_column_inner][\/vc_row_inner][vc_column_text]This device is one of the best currently on the market. The quality of this device has been certified by the international ISO 9001 certificate in accordance with international manufacturing standards and norms, and it has received the European CE certificate in accordance with international standards. <\/p>\n<p>What&#8217;s more, thanks to this versatile search device, you can explore any type of soil, in any country or region around the world. Start your underground explorations today and harness the power of this innovative detector to uncover hidden gems and treasures all over the world.[\/vc_column_text][\/vc_column][\/vc_row][vc_row][vc_column]\n\t\t<div id=\"wd-69db908377c04\" class=\"title-wrapper wd-wpb set-mb-s reset-last-child  wd-title-color-default wd-title-style-bordered text-center  wd-underline-colored\">\n\t\t\t\n\t\t\t<div class=\"liner-continer\">\n\t\t\t\t<h2 class=\"woodmart-title-container title  wd-font-weight- wd-fontsize-l\" >All technical specifications of the TITAN 500 SMART<\/h2>\n\t\t\t\t\t\t\t<\/div>\n\t\t\t\n\t\t\t\n\t\t\t\n\t\t<\/div>\n\t\t\n\t\t[vc_single_image image=&#8221;3529&#8243; img_size=&#8221;large&#8221; alignment=&#8221;center&#8221;][vc_single_image image=&#8221;3530&#8243; img_size=&#8221;large&#8221; alignment=&#8221;center&#8221;][vc_single_image image=&#8221;3531&#8243; img_size=&#8221;large&#8221; alignment=&#8221;center&#8221;][vc_single_image image=&#8221;3532&#8243; img_size=&#8221;large&#8221; alignment=&#8221;center&#8221;][vc_single_image image=&#8221;3533&#8243; img_size=&#8221;large&#8221; alignment=&#8221;center&#8221;][vc_single_image image=&#8221;3534&#8243; img_size=&#8221;large&#8221; alignment=&#8221;center&#8221;][vc_single_image image=&#8221;3535&#8243; img_size=&#8221;large&#8221; alignment=&#8221;center&#8221;][\/vc_column][\/vc_row][vc_row][vc_column]\n\t\t<div id=\"wd-69db908377c4a\" class=\"title-wrapper wd-wpb set-mb-s reset-last-child  wd-title-color-default wd-title-style-bordered text-center  wd-underline-colored\">\n\t\t\t\n\t\t\t<div class=\"liner-continer\">\n\t\t\t\t<h3 class=\"woodmart-title-container title  wd-font-weight- wd-fontsize-l\" >Accessories supplied with the device<\/h3>\n\t\t\t\t\t\t\t<\/div>\n\t\t\t\n\t\t\t\n\t\t\t\n\t\t<\/div>\n\t\t\n\t\t[vc_row_inner][vc_column_inner width=&#8221;1\/3&#8243;][vc_single_image image=&#8221;3536&#8243; add_caption=&#8221;yes&#8221; alignment=&#8221;center&#8221; title=&#8221;Signal amplifier&#8221;][\/vc_column_inner][vc_column_inner width=&#8221;1\/3&#8243;][vc_single_image image=&#8221;3537&#8243; add_caption=&#8221;yes&#8221; alignment=&#8221;center&#8221; title=&#8221;Chargeur&#8221;][\/vc_column_inner][vc_column_inner width=&#8221;1\/3&#8243;][vc_single_image image=&#8221;3538&#8243; add_caption=&#8221;yes&#8221; alignment=&#8221;center&#8221; title=&#8221;Super antenne&#8221;][\/vc_column_inner][\/vc_row_inner][vc_row_inner][vc_column_inner width=&#8221;1\/3&#8243;][vc_single_image image=&#8221;3539&#8243; add_caption=&#8221;yes&#8221; alignment=&#8221;center&#8221; title=&#8221;Antenne du destinataire&#8221;][\/vc_column_inner][vc_column_inner width=&#8221;1\/3&#8243;][vc_single_image image=&#8221;3540&#8243; add_caption=&#8221;yes&#8221; alignment=&#8221;center&#8221; title=&#8221;Sac de s\u00e9curit\u00e9&#8221;][\/vc_column_inner][vc_column_inner width=&#8221;1\/3&#8243;][vc_single_image image=&#8221;3541&#8243; add_caption=&#8221;yes&#8221; alignment=&#8221;center&#8221; title=&#8221;Support d&apos;unit\u00e9&#8221;][\/vc_column_inner][\/vc_row_inner][vc_row_inner][vc_column_inner width=&#8221;1\/3&#8243;][vc_single_image image=&#8221;3542&#8243; add_caption=&#8221;yes&#8221; alignment=&#8221;center&#8221; title=&#8221;CD et garantie&#8221;][\/vc_column_inner][vc_column_inner width=&#8221;1\/3&#8243;][vc_single_image image=&#8221;3543&#8243; add_caption=&#8221;yes&#8221; alignment=&#8221;center&#8221; title=&#8221;Un chargeur de voiture \u00e9lectrique&#8221;][\/vc_column_inner][vc_column_inner width=&#8221;1\/3&#8243;][vc_single_image image=&#8221;3544&#8243; add_caption=&#8221;yes&#8221; alignment=&#8221;center&#8221; title=&#8221;Unit\u00e9 principale&#8221;][\/vc_column_inner][\/vc_row_inner][\/vc_column][\/vc_row][vc_row][vc_column]\n\t\t<div id=\"wd-69db908377c80\" class=\"title-wrapper wd-wpb set-mb-s reset-last-child  wd-title-color-default wd-title-style-bordered text-center  wd-underline-colored\">\n\t\t\t\n\t\t\t<div class=\"liner-continer\">\n\t\t\t\t<h3 class=\"woodmart-title-container title  wd-font-weight- wd-fontsize-l\" >Two international certificates for the TITAN 500 SMART<\/h3>\n\t\t\t\t\t\t\t<\/div>\n\t\t\t\n\t\t\t\n\t\t\t\n\t\t<\/div>\n\t\t\n\t\t[vc_row_inner][vc_column_inner width=&#8221;1\/2&#8243;][vc_column_text]\n<p style=\"text-align: center;\">C\u03f5 certification According to European standards, the device is certified for operation, safety and credibility of the product.<\/p>\n[\/vc_column_text][vc_single_image image=&#8221;3545&#8243; img_size=&#8221;medium&#8221; add_caption=&#8221;yes&#8221; alignment=&#8221;center&#8221; onclick=&#8221;zoom&#8221; title=&#8221;C\u03f5 certification&#8221;][\/vc_column_inner][vc_column_inner width=&#8221;1\/2&#8243;][vc_column_text]\n<p style=\"text-align: center;\"><strong>International ISO 9001 certification<\/strong><\/p>\n<p style=\"text-align: center;\">Le TITAN 500 SMART a aussi re\u00e7u cette certification internationale ISO 9001. Celle-ci est relative aux normes et sp\u00e9cifications internationales. <\/p>\n[\/vc_column_text][vc_single_image image=&#8221;3546&#8243; img_size=&#8221;medium&#8221; add_caption=&#8221;yes&#8221; alignment=&#8221;center&#8221; onclick=&#8221;zoom&#8221; css_animation=&#8221;none&#8221; title=&#8221;La certification internationale ISO 9001&#8243;][\/vc_column_inner][\/vc_row_inner][\/vc_column][\/vc_row]\n<\/div>","protected":false},"excerpt":{"rendered":"<p>The TITAN 500 SMART is the best metal and gem detector on the market. Equipped with four complete search systems, it allows precise detection of diamonds, precious stones, precious metals, gold but also buried treasures. <\/p>\n<p>The collaboration between GER Detect and UIG is so successful that they offer a new innovative model: the TITAN 500 SMART. This ergonomic device is therefore the culmination of five years of research and testing to make it the high-performance detector it is today. This new model therefore has four efficient systems and innovative features.  <\/p>\n<p>Furthermore, this detector is suitable for both beginners and professionals in underground research. It can detect and capture targets at long distances, all with great precision. This will allow you to easily and precisely identify the depth and nature of the target. This device has impressive value for money, making it the best metal detector on the market.   <\/p>\n","protected":false},"featured_media":3547,"template":"","meta":{"_joinchat":[]},"product_brand":[],"product_cat":[124,122,125],"product_tag":[150,142],"class_list":{"0":"post-3548","1":"product","2":"type-product","3":"status-publish","4":"has-post-thumbnail","6":"product_cat-diamond-detector","7":"product_cat-gold-detector","8":"product_cat-metal-detector","9":"product_tag-gerdetect","10":"product_tag-metal-detector","12":"first","13":"instock","14":"sale","15":"taxable","16":"shipping-taxable","17":"purchasable","18":"product-type-simple"},"yoast_head":"<!-- This site is optimized with the Yoast SEO plugin v26.3 - https:\/\/yoast.com\/wordpress\/plugins\/seo\/ -->\n<title>TITAN 500 SMART - d\u00e9tecteur innovant de diamants et m\u00e9taux<\/title>\n<meta name=\"description\" content=\"D\u00e9couvrez la pr\u00e9cision et la puissance du TITAN 500 SMART. Ce d\u00e9tecteur de pierres pr\u00e9cieuses et m\u00e9taux pr\u00e9cieux ne vous d\u00e9cevra pas.\" \/>\n<meta name=\"robots\" content=\"index, follow, max-snippet:-1, max-image-preview:large, max-video-preview:-1\" \/>\n<link rel=\"canonical\" href=\"https:\/\/gerdetect.fr\/en\/metal-detector-catalog\/gold-detector\/the-collaboration-between-ger-detect-and-uig-is-so-successful-that-they-offer-a-new-innovative-model-the-titan-500-smart-this-ergonomic-device-is-therefore-the-culmination-of-five-years-of-research\/\" \/>\n<meta property=\"og:locale\" content=\"en_US\" \/>\n<meta property=\"og:type\" content=\"article\" \/>\n<meta property=\"og:title\" content=\"TITAN 500 SMART - d\u00e9tecteur innovant de diamants et m\u00e9taux\" \/>\n<meta property=\"og:description\" content=\"D\u00e9couvrez la pr\u00e9cision et la puissance du TITAN 500 SMART. Ce d\u00e9tecteur de pierres pr\u00e9cieuses et m\u00e9taux pr\u00e9cieux ne vous d\u00e9cevra pas.\" \/>\n<meta property=\"og:url\" content=\"https:\/\/gerdetect.fr\/en\/metal-detector-catalog\/gold-detector\/the-collaboration-between-ger-detect-and-uig-is-so-successful-that-they-offer-a-new-innovative-model-the-titan-500-smart-this-ergonomic-device-is-therefore-the-culmination-of-five-years-of-research\/\" \/>\n<meta property=\"og:site_name\" content=\"GER DETECT FRANCE\" \/>\n<meta property=\"article:modified_time\" content=\"2026-01-12T08:22:42+00:00\" \/>\n<meta property=\"og:image\" content=\"https:\/\/gerdetect.fr\/wp-content\/uploads\/2022\/09\/TITAN-500-SMART-45.png\" \/>\n\t<meta property=\"og:image:width\" content=\"1048\" \/>\n\t<meta property=\"og:image:height\" content=\"780\" \/>\n\t<meta property=\"og:image:type\" content=\"image\/png\" \/>\n<meta name=\"twitter:card\" content=\"summary_large_image\" \/>\n<meta name=\"twitter:label1\" content=\"Est. reading time\" \/>\n\t<meta name=\"twitter:data1\" content=\"5 minutes\" \/>\n<script type=\"application\/ld+json\" class=\"yoast-schema-graph\">{\"@context\":\"https:\/\/schema.org\",\"@graph\":[{\"@type\":\"WebPage\",\"@id\":\"https:\/\/gerdetect.fr\/en\/metal-detector-catalog\/gold-detector\/the-collaboration-between-ger-detect-and-uig-is-so-successful-that-they-offer-a-new-innovative-model-the-titan-500-smart-this-ergonomic-device-is-therefore-the-culmination-of-five-years-of-research\/\",\"url\":\"https:\/\/gerdetect.fr\/en\/metal-detector-catalog\/gold-detector\/the-collaboration-between-ger-detect-and-uig-is-so-successful-that-they-offer-a-new-innovative-model-the-titan-500-smart-this-ergonomic-device-is-therefore-the-culmination-of-five-years-of-research\/\",\"name\":\"TITAN 500 SMART - d\u00e9tecteur innovant de diamants et m\u00e9taux\",\"isPartOf\":{\"@id\":\"https:\/\/gerdetect.fr\/en\/#website\"},\"primaryImageOfPage\":{\"@id\":\"https:\/\/gerdetect.fr\/en\/metal-detector-catalog\/gold-detector\/the-collaboration-between-ger-detect-and-uig-is-so-successful-that-they-offer-a-new-innovative-model-the-titan-500-smart-this-ergonomic-device-is-therefore-the-culmination-of-five-years-of-research\/#primaryimage\"},\"image\":{\"@id\":\"https:\/\/gerdetect.fr\/en\/metal-detector-catalog\/gold-detector\/the-collaboration-between-ger-detect-and-uig-is-so-successful-that-they-offer-a-new-innovative-model-the-titan-500-smart-this-ergonomic-device-is-therefore-the-culmination-of-five-years-of-research\/#primaryimage\"},\"thumbnailUrl\":\"https:\/\/gerdetect.fr\/wp-content\/uploads\/2022\/09\/TITAN-500-SMART-45.png\",\"datePublished\":\"2022-09-21T15:27:32+00:00\",\"dateModified\":\"2026-01-12T08:22:42+00:00\",\"description\":\"D\u00e9couvrez la pr\u00e9cision et la puissance du TITAN 500 SMART. Ce d\u00e9tecteur de pierres pr\u00e9cieuses et m\u00e9taux pr\u00e9cieux ne vous d\u00e9cevra pas.\",\"breadcrumb\":{\"@id\":\"https:\/\/gerdetect.fr\/en\/metal-detector-catalog\/gold-detector\/the-collaboration-between-ger-detect-and-uig-is-so-successful-that-they-offer-a-new-innovative-model-the-titan-500-smart-this-ergonomic-device-is-therefore-the-culmination-of-five-years-of-research\/#breadcrumb\"},\"inLanguage\":\"en-US\",\"potentialAction\":[{\"@type\":\"ReadAction\",\"target\":[\"https:\/\/gerdetect.fr\/en\/metal-detector-catalog\/gold-detector\/the-collaboration-between-ger-detect-and-uig-is-so-successful-that-they-offer-a-new-innovative-model-the-titan-500-smart-this-ergonomic-device-is-therefore-the-culmination-of-five-years-of-research\/\"]}]},{\"@type\":\"ImageObject\",\"inLanguage\":\"en-US\",\"@id\":\"https:\/\/gerdetect.fr\/en\/metal-detector-catalog\/gold-detector\/the-collaboration-between-ger-detect-and-uig-is-so-successful-that-they-offer-a-new-innovative-model-the-titan-500-smart-this-ergonomic-device-is-therefore-the-culmination-of-five-years-of-research\/#primaryimage\",\"url\":\"https:\/\/gerdetect.fr\/wp-content\/uploads\/2022\/09\/TITAN-500-SMART-45.png\",\"contentUrl\":\"https:\/\/gerdetect.fr\/wp-content\/uploads\/2022\/09\/TITAN-500-SMART-45.png\",\"width\":1048,\"height\":780,\"caption\":\"TITAN 500 SMART\"},{\"@type\":\"BreadcrumbList\",\"@id\":\"https:\/\/gerdetect.fr\/en\/metal-detector-catalog\/gold-detector\/the-collaboration-between-ger-detect-and-uig-is-so-successful-that-they-offer-a-new-innovative-model-the-titan-500-smart-this-ergonomic-device-is-therefore-the-culmination-of-five-years-of-research\/#breadcrumb\",\"itemListElement\":[{\"@type\":\"ListItem\",\"position\":1,\"name\":\"Accueil\",\"item\":\"https:\/\/gerdetect.fr\/en\/\"},{\"@type\":\"ListItem\",\"position\":2,\"name\":\"Shop\",\"item\":\"https:\/\/gerdetect.fr\/en\/shop\/\"},{\"@type\":\"ListItem\",\"position\":3,\"name\":\"Titan 500 SMART\"}]},{\"@type\":\"WebSite\",\"@id\":\"https:\/\/gerdetect.fr\/en\/#website\",\"url\":\"https:\/\/gerdetect.fr\/en\/\",\"name\":\"GER DETECT FRANCE\",\"description\":\"D\u00e9tecteur de m\u00e9taux, d&#039;or, diamants, d&#039;eau souterraine, radar de sol | Lille, Paris\",\"potentialAction\":[{\"@type\":\"SearchAction\",\"target\":{\"@type\":\"EntryPoint\",\"urlTemplate\":\"https:\/\/gerdetect.fr\/en\/?s={search_term_string}\"},\"query-input\":{\"@type\":\"PropertyValueSpecification\",\"valueRequired\":true,\"valueName\":\"search_term_string\"}}],\"inLanguage\":\"en-US\"}]}<\/script>\n<!-- \/ Yoast SEO plugin. -->","yoast_head_json":{"title":"TITAN 500 SMART - d\u00e9tecteur innovant de diamants et m\u00e9taux","description":"D\u00e9couvrez la pr\u00e9cision et la puissance du TITAN 500 SMART. Ce d\u00e9tecteur de pierres pr\u00e9cieuses et m\u00e9taux pr\u00e9cieux ne vous d\u00e9cevra pas.","robots":{"index":"index","follow":"follow","max-snippet":"max-snippet:-1","max-image-preview":"max-image-preview:large","max-video-preview":"max-video-preview:-1"},"canonical":"https:\/\/gerdetect.fr\/en\/metal-detector-catalog\/gold-detector\/the-collaboration-between-ger-detect-and-uig-is-so-successful-that-they-offer-a-new-innovative-model-the-titan-500-smart-this-ergonomic-device-is-therefore-the-culmination-of-five-years-of-research\/","og_locale":"en_US","og_type":"article","og_title":"TITAN 500 SMART - d\u00e9tecteur innovant de diamants et m\u00e9taux","og_description":"D\u00e9couvrez la pr\u00e9cision et la puissance du TITAN 500 SMART. Ce d\u00e9tecteur de pierres pr\u00e9cieuses et m\u00e9taux pr\u00e9cieux ne vous d\u00e9cevra pas.","og_url":"https:\/\/gerdetect.fr\/en\/metal-detector-catalog\/gold-detector\/the-collaboration-between-ger-detect-and-uig-is-so-successful-that-they-offer-a-new-innovative-model-the-titan-500-smart-this-ergonomic-device-is-therefore-the-culmination-of-five-years-of-research\/","og_site_name":"GER DETECT FRANCE","article_modified_time":"2026-01-12T08:22:42+00:00","og_image":[{"width":1048,"height":780,"url":"https:\/\/gerdetect.fr\/wp-content\/uploads\/2022\/09\/TITAN-500-SMART-45.png","type":"image\/png"}],"twitter_card":"summary_large_image","twitter_misc":{"Est. reading time":"5 minutes"},"schema":{"@context":"https:\/\/schema.org","@graph":[{"@type":"WebPage","@id":"https:\/\/gerdetect.fr\/en\/metal-detector-catalog\/gold-detector\/the-collaboration-between-ger-detect-and-uig-is-so-successful-that-they-offer-a-new-innovative-model-the-titan-500-smart-this-ergonomic-device-is-therefore-the-culmination-of-five-years-of-research\/","url":"https:\/\/gerdetect.fr\/en\/metal-detector-catalog\/gold-detector\/the-collaboration-between-ger-detect-and-uig-is-so-successful-that-they-offer-a-new-innovative-model-the-titan-500-smart-this-ergonomic-device-is-therefore-the-culmination-of-five-years-of-research\/","name":"TITAN 500 SMART - d\u00e9tecteur innovant de diamants et m\u00e9taux","isPartOf":{"@id":"https:\/\/gerdetect.fr\/en\/#website"},"primaryImageOfPage":{"@id":"https:\/\/gerdetect.fr\/en\/metal-detector-catalog\/gold-detector\/the-collaboration-between-ger-detect-and-uig-is-so-successful-that-they-offer-a-new-innovative-model-the-titan-500-smart-this-ergonomic-device-is-therefore-the-culmination-of-five-years-of-research\/#primaryimage"},"image":{"@id":"https:\/\/gerdetect.fr\/en\/metal-detector-catalog\/gold-detector\/the-collaboration-between-ger-detect-and-uig-is-so-successful-that-they-offer-a-new-innovative-model-the-titan-500-smart-this-ergonomic-device-is-therefore-the-culmination-of-five-years-of-research\/#primaryimage"},"thumbnailUrl":"https:\/\/gerdetect.fr\/wp-content\/uploads\/2022\/09\/TITAN-500-SMART-45.png","datePublished":"2022-09-21T15:27:32+00:00","dateModified":"2026-01-12T08:22:42+00:00","description":"D\u00e9couvrez la pr\u00e9cision et la puissance du TITAN 500 SMART. Ce d\u00e9tecteur de pierres pr\u00e9cieuses et m\u00e9taux pr\u00e9cieux ne vous d\u00e9cevra pas.","breadcrumb":{"@id":"https:\/\/gerdetect.fr\/en\/metal-detector-catalog\/gold-detector\/the-collaboration-between-ger-detect-and-uig-is-so-successful-that-they-offer-a-new-innovative-model-the-titan-500-smart-this-ergonomic-device-is-therefore-the-culmination-of-five-years-of-research\/#breadcrumb"},"inLanguage":"en-US","potentialAction":[{"@type":"ReadAction","target":["https:\/\/gerdetect.fr\/en\/metal-detector-catalog\/gold-detector\/the-collaboration-between-ger-detect-and-uig-is-so-successful-that-they-offer-a-new-innovative-model-the-titan-500-smart-this-ergonomic-device-is-therefore-the-culmination-of-five-years-of-research\/"]}]},{"@type":"ImageObject","inLanguage":"en-US","@id":"https:\/\/gerdetect.fr\/en\/metal-detector-catalog\/gold-detector\/the-collaboration-between-ger-detect-and-uig-is-so-successful-that-they-offer-a-new-innovative-model-the-titan-500-smart-this-ergonomic-device-is-therefore-the-culmination-of-five-years-of-research\/#primaryimage","url":"https:\/\/gerdetect.fr\/wp-content\/uploads\/2022\/09\/TITAN-500-SMART-45.png","contentUrl":"https:\/\/gerdetect.fr\/wp-content\/uploads\/2022\/09\/TITAN-500-SMART-45.png","width":1048,"height":780,"caption":"TITAN 500 SMART"},{"@type":"BreadcrumbList","@id":"https:\/\/gerdetect.fr\/en\/metal-detector-catalog\/gold-detector\/the-collaboration-between-ger-detect-and-uig-is-so-successful-that-they-offer-a-new-innovative-model-the-titan-500-smart-this-ergonomic-device-is-therefore-the-culmination-of-five-years-of-research\/#breadcrumb","itemListElement":[{"@type":"ListItem","position":1,"name":"Accueil","item":"https:\/\/gerdetect.fr\/en\/"},{"@type":"ListItem","position":2,"name":"Shop","item":"https:\/\/gerdetect.fr\/en\/shop\/"},{"@type":"ListItem","position":3,"name":"Titan 500 SMART"}]},{"@type":"WebSite","@id":"https:\/\/gerdetect.fr\/en\/#website","url":"https:\/\/gerdetect.fr\/en\/","name":"GER DETECT FRANCE","description":"D\u00e9tecteur de m\u00e9taux, d&#039;or, diamants, d&#039;eau souterraine, radar de sol | Lille, Paris","potentialAction":[{"@type":"SearchAction","target":{"@type":"EntryPoint","urlTemplate":"https:\/\/gerdetect.fr\/en\/?s={search_term_string}"},"query-input":{"@type":"PropertyValueSpecification","valueRequired":true,"valueName":"search_term_string"}}],"inLanguage":"en-US"}]}},"_links":{"self":[{"href":"https:\/\/gerdetect.fr\/en\/wp-json\/wp\/v2\/product\/3548","targetHints":{"allow":["GET"]}}],"collection":[{"href":"https:\/\/gerdetect.fr\/en\/wp-json\/wp\/v2\/product"}],"about":[{"href":"https:\/\/gerdetect.fr\/en\/wp-json\/wp\/v2\/types\/product"}],"wp:featuredmedia":[{"embeddable":true,"href":"https:\/\/gerdetect.fr\/en\/wp-json\/wp\/v2\/media\/3547"}],"wp:attachment":[{"href":"https:\/\/gerdetect.fr\/en\/wp-json\/wp\/v2\/media?parent=3548"}],"wp:term":[{"taxonomy":"product_brand","embeddable":true,"href":"https:\/\/gerdetect.fr\/en\/wp-json\/wp\/v2\/product_brand?post=3548"},{"taxonomy":"product_cat","embeddable":true,"href":"https:\/\/gerdetect.fr\/en\/wp-json\/wp\/v2\/product_cat?post=3548"},{"taxonomy":"product_tag","embeddable":true,"href":"https:\/\/gerdetect.fr\/en\/wp-json\/wp\/v2\/product_tag?post=3548"}],"curies":[{"name":"wp","href":"https:\/\/api.w.org\/{rel}","templated":true}]}}