{"id":3905,"date":"2018-02-13T18:57:02","date_gmt":"2018-02-13T17:57:02","guid":{"rendered":"https:\/\/gerdetect.fr\/catalogue-detecteur-de-metaux\/uncategorized\/deep-seeker\/"},"modified":"2026-02-12T12:37:58","modified_gmt":"2026-02-12T11:37:58","slug":"deep-seeker","status":"publish","type":"product","link":"https:\/\/gerdetect.fr\/en\/metal-detector-catalog\/gold-detector\/deep-seeker\/","title":{"rendered":"Deep Seeker"},"content":{"rendered":"<div class=\"wpb-content-wrapper\">[vc_row content_placement=&#8221;top&#8221;][vc_column][vc_row_inner][vc_column_inner width=&#8221;1\/2&#8243;][vc_video link=&#8221;https:\/\/www.youtube.com\/watch?v=4mVH5Sr-MaE&#8221; title=&#8221;DeepSeeker Overview&#8221;][vc_column_text]Deep Seeker is designed to perform in all kinds of terrain and in the harshest weather conditions. Deep Seeker can pass over all kinds of metallic rocks using automatic calibration technology, including sedimentary, metamorphic and fossil rocks, which are of two types: Granite and basalt Which are one of the worst types of rocks that hinder the work of many devices available in the markets, this happens due to the evolution of these rocks and due to their chemical interaction with the soil, which transformed these rocks into a rock texture, in other words, metallic components[\/vc_column_text][\/vc_column_inner][vc_column_inner width=&#8221;1\/2&#8243;][vc_video link=&#8221;https:\/\/www.youtube.com\/watch?v=2JhRmFn06uk&#8221; title=&#8221;Comment utilser Deep Seeker&#8221;][\/vc_column_inner][\/vc_row_inner][vc_single_image image=&#8221;3898&#8243; img_size=&#8221;full&#8221; alignment=&#8221;center&#8221;]\n\t\t<div id=\"wd-69dba4ce4facc\" class=\"title-wrapper wd-wpb set-mb-s reset-last-child  wd-title-color-alt wd-title-style-bordered text-center  wd-underline-colored\">\n\t\t\t\n\t\t\t<div class=\"liner-continer\">\n\t\t\t\t<h4 class=\"woodmart-title-container title  wd-font-weight- wd-fontsize-l\" >DEEP SEEKER: ionic field system <\/h4>\n\t\t\t\t\t\t\t<\/div>\n\t\t\t\n\t\t\t\n\t\t\t\n\t\t<\/div>\n\t\t\n\t\t[vc_column_text]\n<p class=\"Corps\">Firstly, the ionic field system allows the DEEP SEEKER detector to operate on all types of terrain and in all types of climatic conditions.<\/p>\n<p class=\"Corps\">Thus, this system is put in place thanks to atomic radiation being placed around gold particles buried for a long time. Thus, thanks to this system, once the target is detected you can confirm your target thanks to a vertical movement of the detector and a corresponding sound signal. Additionally, this system can be used while driving.  <\/p>\n[\/vc_column_text][vc_row_inner][vc_column_inner width=&#8221;1\/2&#8243;][vc_video link=&#8221;https:\/\/youtu.be\/YHIhvUpms1Y&#8221;][\/vc_column_inner][vc_column_inner width=&#8221;1\/2&#8243;][vc_single_image image=&#8221;3899&#8243; img_size=&#8221;full&#8221; alignment=&#8221;center&#8221;][\/vc_column_inner][\/vc_row_inner]\n\t\t<div id=\"wd-69dba4ce4fba3\" class=\"title-wrapper wd-wpb set-mb-s reset-last-child  wd-title-color-alt wd-title-style-bordered text-center  wd-underline-colored\">\n\t\t\t\n\t\t\t<div class=\"liner-continer\">\n\t\t\t\t<h4 class=\"woodmart-title-container title  wd-font-weight- wd-fontsize-l\" >DEEP SEEKER: magnetometer search system <\/h4>\n\t\t\t\t\t\t\t<\/div>\n\t\t\t\n\t\t\t\n\t\t\t\n\t\t<\/div>\n\t\t\n\t\t[vc_column_text]\n<p class=\"Corps\">Secondly, the DEEP SEEKER has a search system specialized in the detection of magnetic metals. Thus, this system allows you to know the existence of non-precious metals underground such as iron and its derivatives. <\/p>\n[\/vc_column_text][vc_row_inner][vc_column_inner width=&#8221;1\/2&#8243;][vc_video link=&#8221;https:\/\/youtu.be\/hqeWwLZ0Kv0&#8243;][\/vc_column_inner][vc_column_inner width=&#8221;1\/2&#8243;][vc_single_image image=&#8221;3900&#8243; img_size=&#8221;full&#8221; alignment=&#8221;center&#8221;][\/vc_column_inner][\/vc_row_inner]\n\t\t<div id=\"wd-69dba4ce4fc17\" class=\"title-wrapper wd-wpb set-mb-s reset-last-child  wd-title-color-alt wd-title-style-bordered text-center  wd-underline-colored\">\n\t\t\t\n\t\t\t<div class=\"liner-continer\">\n\t\t\t\t<h4 class=\"woodmart-title-container title  wd-font-weight- wd-fontsize-l\" >DEEP SEEKER: cavity detection system<\/h4>\n\t\t\t\t\t\t\t<\/div>\n\t\t\t\n\t\t\t\n\t\t\t\n\t\t<\/div>\n\t\t\n\t\t[vc_column_text]\n<p class=\"Corps\">In addition, the DEEP SEEKER detector has an option in the magnetic search system: cavity detection. Thus, an audible signal and a cursor displayed on the screen make it possible to warn of the presence of a cavity. <\/p>\n[\/vc_column_text][vc_row_inner][vc_column_inner width=&#8221;1\/2&#8243;][vc_video link=&#8221;https:\/\/youtu.be\/eAC_mXG6Ew4&#8243;][\/vc_column_inner][vc_column_inner width=&#8221;1\/2&#8243;][vc_single_image image=&#8221;3901&#8243; img_size=&#8221;full&#8221; alignment=&#8221;center&#8221;][\/vc_column_inner][\/vc_row_inner]\n\t\t<div id=\"wd-69dba4ce4fc60\" class=\"title-wrapper wd-wpb set-mb-s reset-last-child  wd-title-color-alt wd-title-style-bordered text-center  wd-underline-colored\">\n\t\t\t\n\t\t\t<div class=\"liner-continer\">\n\t\t\t\t<h4 class=\"woodmart-title-container title  wd-font-weight- wd-fontsize-l\" >DEEP SEEKER: 3D imaging system<\/h4>\n\t\t\t\t\t\t\t<\/div>\n\t\t\t\n\t\t\t\n\t\t\t\n\t\t<\/div>\n\t\t\n\t\t[vc_column_text]\n<p class=\"Corps\">In addition, the DEEP SEEKER detector has 3D imaging. Thus, it allows visualization of the basement in 3D. In fact, it scans the ground for all layers, and then displays a 3-dimensional photo with a detailed report of the depth, size, and shape of the target. As a result, it allows you to have certain precision on your target.   <\/p>\n[\/vc_column_text][vc_row_inner][vc_column_inner width=&#8221;1\/2&#8243;][vc_video link=&#8221;https:\/\/youtu.be\/60QzFuldR4A&#8221;][\/vc_column_inner][vc_column_inner width=&#8221;1\/2&#8243;][vc_single_image image=&#8221;3902&#8243; img_size=&#8221;full&#8221; alignment=&#8221;center&#8221;][\/vc_column_inner][\/vc_row_inner]\n\t\t<div id=\"wd-69dba4ce4fc90\" class=\"title-wrapper wd-wpb set-mb-s reset-last-child  wd-title-color-alt wd-title-style-bordered text-center  wd-underline-colored\">\n\t\t\t\n\t\t\t<div class=\"liner-continer\">\n\t\t\t\t<h4 class=\"woodmart-title-container title  wd-font-weight- wd-fontsize-l\" >DEEP SEEKER: long distance system <\/h4>\n\t\t\t\t\t\t\t<\/div>\n\t\t\t\n\t\t\t\n\t\t\t\n\t\t<\/div>\n\t\t\n\t\t[vc_column_text]Finally, the detector has a long distance system. As a result, this will allow you great precision in identifying and monitoring the location of the target. So, when a signal is received the device activates 3 functions to confirm the presence of your target:  <\/p>\n<ul>\n<li>Turning the signal recipient toward the target directly<\/li>\n<li>The direction of the target that appears on the smart screen<\/li>\n<li>A beep sounds when the recipient of the signal turns towards their target<\/li>\n<\/ul>\n<p>Finally, the detector confirms the position of the target using four directions for a more precise range. Then it traces a signal to show you the target more precisely and let you know when you have passed it.[\/vc_column_text][vc_row_inner][vc_column_inner width=&#8221;1\/2&#8243;][vc_video link=&#8221;https:\/\/youtu.be\/u6HszFfF_L4&#8243;][\/vc_column_inner][vc_column_inner width=&#8221;1\/2&#8243;][vc_single_image image=&#8221;3903&#8243; img_size=&#8221;full&#8221; alignment=&#8221;center&#8221;][\/vc_column_inner][\/vc_row_inner][\/vc_column][vc_column][\/vc_column][\/vc_row][vc_row][vc_column]\n\t\t<div id=\"wd-69dba4ce4fcba\" class=\"title-wrapper wd-wpb set-mb-s reset-last-child  wd-title-color-default wd-title-style-bordered text-center  wd-underline-colored\">\n\t\t\t\n\t\t\t<div class=\"liner-continer\">\n\t\t\t\t<h4 class=\"woodmart-title-container title  wd-font-weight- wd-fontsize-l\" >DEEP SEEKER TECHNICAL SPECIFICATIONS<\/h4>\n\t\t\t\t\t\t\t<\/div>\n\t\t\t\n\t\t\t\n\t\t\t\n\t\t<\/div>\n\t\t\n\t\t[vc_row_inner][vc_column_inner width=&#8221;1\/2&#8243;][vc_column_text]Sp\u00e9cifications techniques:<\/p>\n<ul>\n<li>Deep Seeker permet aux utilisateurs d&#8217;utiliser deux syst\u00e8mes de contr\u00f4le: syst\u00e8me tactile et syst\u00e8me de clavier.<\/li>\n<li>Cinq syst\u00e8mes de recherche dans un appareil.<\/li>\n<li>It works in six languages: (German &#8211; English &#8211; French &#8211; Italian &#8211; Spanish &#8211; and Arabic).<\/li>\n<li>DEEP SEEKER: magnetometer search system<\/li>\n<li>The Deep Seeker metal detector with its five search systems in one device allows you to detect gold and precious metals.<\/li>\n<li>The ability to penetrate soil layers to great depths that are difficult to reach for many other devices.<\/li>\n<li>It works on all kinds of terrain and in the harshest weather conditions.<\/li>\n<li>The device is not affected by all types of soil and rock.<\/li>\n<li>It has a digital compass to help users identify north and south directions.<\/li>\n<li>The Settings menu contains (adjust sound &#8211; adjust brightness &#8211; device information).<\/li>\n<li>The weight of the device with complete accessories is 5 kg.<\/li>\n<li>Two years warranty from date of purchase.<\/li>\n<li>The Deep Seeker device is one of the best German innovations with European c\u03b5 certification according to international specifications.<\/li>\n<\/ul>\n<p><strong> <\/strong><\/p>\n[\/vc_column_text][\/vc_column_inner][vc_column_inner width=&#8221;1\/2&#8243;][vc_column_text]\n<table>\n<tbody>\n<tr>\n<th colspan=\"2\"><strong>Technical specifications<\/strong><\/th>\n<\/tr>\n<tr>\n<td><\/td>\n<td>PROCESSOR <\/td>\n<p>SPEED 128 MHz<br \/>\n<\/tr>\n<tr>\n<td>DISPLAY QUALITY <\/td>\n<td>480 * 270 pixels<\/td>\n<\/tr>\n<tr>\n<td>BATTERY CHARGER<\/td>\n<td> 220V \u00bb\u00bb\u00bb 15V \u2013 3A<\/td>\n<\/tr>\n<tr>\n<td>BATTERIE RECHARGEABLE<\/td>\n<td>12V<\/td>\n<\/tr>\n<tr>\n<td>COMMUNICATION PROGRAM<\/td>\n<td> Bluetooth<\/td>\n<\/tr>\n<tr>\n<td>TABLET <\/td>\n<td>OPERATING SYSTEM windows 8.1<\/td>\n<\/tr>\n<tr>\n<td>BATTERY LIFE <\/td>\n<td>10 hours<\/td>\n<\/tr>\n<tr>\n<td>CHARGING TIME<\/td>\n<td>4 hours<\/td>\n<\/tr>\n<\/tbody>\n<\/table>\n[\/vc_column_text][\/vc_column_inner][\/vc_row_inner]\n\t\t<div id=\"wd-69dba4ce4fcf5\" class=\"title-wrapper wd-wpb set-mb-s reset-last-child  wd-title-color-default wd-title-style-default text-center  wd-underline-colored\">\n\t\t\t\n\t\t\t<div class=\"liner-continer\">\n\t\t\t\t<h4 class=\"woodmart-title-container title  wd-font-weight- wd-fontsize-l\" >Deep Seeker Parts and Components<\/h4>\n\t\t\t\t\t\t\t<\/div>\n\t\t\t\n\t\t\t\n\t\t\t\n\t\t<\/div>\n\t\t\n\t\t[\/vc_column][\/vc_row]\n<\/div>","protected":false},"excerpt":{"rendered":"<p><strong>Ger Deep Seeker Device \u2013 5 systems<\/strong><\/p>\n<p><strong>Deep Seeker works on five different search systems in one device.<\/strong><\/p>\n<p>The world&#8217;s first device to use five innovative systems to detect internal treasures such as precious metals, ancient monuments, caves and cavities in the ground.<\/p>\n<ol>\n<li>First: Ionic Field Search System<\/li>\n<li>Second: Magnetic Metal Search System<\/li>\n<li>Third: cavity detection system<\/li>\n<li>Fourth: 3D imaging system<\/li>\n<li>Fifth: Long Range System<\/li>\n<\/ol>\n<p>The device has a frontal range of 3000 m and reaches a maximum depth of 40 m. The Ger Deepseeker device is available in four languages: German &#8211; English &#8211; French &#8211; Arabic &#8211; Italian &#8211; Spanish<\/p>\n<p><strong>MADE IN GERMANY<\/strong><\/p>\n","protected":false},"featured_media":3904,"template":"","meta":{"_joinchat":[]},"product_brand":[],"product_cat":[123,124,122,126,125],"product_tag":[150],"class_list":{"0":"post-3905","1":"product","2":"type-product","3":"status-publish","4":"has-post-thumbnail","6":"product_cat-cavity-detector","7":"product_cat-diamond-detector","8":"product_cat-gold-detector","9":"product_cat-ground-radar","10":"product_cat-metal-detector","11":"product_tag-gerdetect","13":"first","14":"instock","15":"sale","16":"taxable","17":"shipping-taxable","18":"purchasable","19":"product-type-simple"},"yoast_head":"<!-- This site is optimized with the Yoast SEO plugin v26.3 - https:\/\/yoast.com\/wordpress\/plugins\/seo\/ -->\n<title>Deep Seeker: cutting-edge technology with 5 search systems<\/title>\n<meta name=\"description\" content=\"The Deep Seeker metal detector with its five search systems in one device allows you to detect gold and precious metals.\" \/>\n<meta name=\"robots\" content=\"index, follow, max-snippet:-1, max-image-preview:large, max-video-preview:-1\" \/>\n<link rel=\"canonical\" href=\"https:\/\/gerdetect.fr\/en\/metal-detector-catalog\/gold-detector\/deep-seeker\/\" \/>\n<meta property=\"og:locale\" content=\"en_US\" \/>\n<meta property=\"og:type\" content=\"article\" \/>\n<meta property=\"og:title\" content=\"Deep Seeker: cutting-edge technology with 5 search systems\" \/>\n<meta property=\"og:description\" content=\"The Deep Seeker metal detector with its five search systems in one device allows you to detect gold and precious metals.\" \/>\n<meta property=\"og:url\" content=\"https:\/\/gerdetect.fr\/en\/metal-detector-catalog\/gold-detector\/deep-seeker\/\" \/>\n<meta property=\"og:site_name\" content=\"GER DETECT FRANCE\" \/>\n<meta property=\"article:modified_time\" content=\"2026-02-12T11:37:58+00:00\" \/>\n<meta property=\"og:image\" content=\"https:\/\/gerdetect.fr\/wp-content\/uploads\/2018\/03\/deep-seeker-device-sl-1.jpg\" \/>\n\t<meta property=\"og:image:width\" content=\"497\" \/>\n\t<meta property=\"og:image:height\" content=\"400\" \/>\n\t<meta property=\"og:image:type\" content=\"image\/jpeg\" \/>\n<meta name=\"twitter:card\" content=\"summary_large_image\" \/>\n<meta name=\"twitter:label1\" content=\"Est. reading time\" \/>\n\t<meta name=\"twitter:data1\" content=\"5 minutes\" \/>\n<script type=\"application\/ld+json\" class=\"yoast-schema-graph\">{\"@context\":\"https:\/\/schema.org\",\"@graph\":[{\"@type\":\"WebPage\",\"@id\":\"https:\/\/gerdetect.fr\/en\/metal-detector-catalog\/gold-detector\/deep-seeker\/\",\"url\":\"https:\/\/gerdetect.fr\/en\/metal-detector-catalog\/gold-detector\/deep-seeker\/\",\"name\":\"Deep Seeker: cutting-edge technology with 5 search systems\",\"isPartOf\":{\"@id\":\"https:\/\/gerdetect.fr\/en\/#website\"},\"primaryImageOfPage\":{\"@id\":\"https:\/\/gerdetect.fr\/en\/metal-detector-catalog\/gold-detector\/deep-seeker\/#primaryimage\"},\"image\":{\"@id\":\"https:\/\/gerdetect.fr\/en\/metal-detector-catalog\/gold-detector\/deep-seeker\/#primaryimage\"},\"thumbnailUrl\":\"https:\/\/gerdetect.fr\/wp-content\/uploads\/2018\/03\/deep-seeker-device-sl-1.jpg\",\"datePublished\":\"2018-02-13T17:57:02+00:00\",\"dateModified\":\"2026-02-12T11:37:58+00:00\",\"description\":\"The Deep Seeker metal detector with its five search systems in one device allows you to detect gold and precious metals.\",\"breadcrumb\":{\"@id\":\"https:\/\/gerdetect.fr\/en\/metal-detector-catalog\/gold-detector\/deep-seeker\/#breadcrumb\"},\"inLanguage\":\"en-US\",\"potentialAction\":[{\"@type\":\"ReadAction\",\"target\":[\"https:\/\/gerdetect.fr\/en\/metal-detector-catalog\/gold-detector\/deep-seeker\/\"]}]},{\"@type\":\"ImageObject\",\"inLanguage\":\"en-US\",\"@id\":\"https:\/\/gerdetect.fr\/en\/metal-detector-catalog\/gold-detector\/deep-seeker\/#primaryimage\",\"url\":\"https:\/\/gerdetect.fr\/wp-content\/uploads\/2018\/03\/deep-seeker-device-sl-1.jpg\",\"contentUrl\":\"https:\/\/gerdetect.fr\/wp-content\/uploads\/2018\/03\/deep-seeker-device-sl-1.jpg\",\"width\":497,\"height\":400},{\"@type\":\"BreadcrumbList\",\"@id\":\"https:\/\/gerdetect.fr\/en\/metal-detector-catalog\/gold-detector\/deep-seeker\/#breadcrumb\",\"itemListElement\":[{\"@type\":\"ListItem\",\"position\":1,\"name\":\"Accueil\",\"item\":\"https:\/\/gerdetect.fr\/en\/\"},{\"@type\":\"ListItem\",\"position\":2,\"name\":\"Shop\",\"item\":\"https:\/\/gerdetect.fr\/en\/shop\/\"},{\"@type\":\"ListItem\",\"position\":3,\"name\":\"Deep Seeker\"}]},{\"@type\":\"WebSite\",\"@id\":\"https:\/\/gerdetect.fr\/en\/#website\",\"url\":\"https:\/\/gerdetect.fr\/en\/\",\"name\":\"GER DETECT FRANCE\",\"description\":\"D\u00e9tecteur de m\u00e9taux, d&#039;or, diamants, d&#039;eau souterraine, radar de sol | Lille, Paris\",\"potentialAction\":[{\"@type\":\"SearchAction\",\"target\":{\"@type\":\"EntryPoint\",\"urlTemplate\":\"https:\/\/gerdetect.fr\/en\/?s={search_term_string}\"},\"query-input\":{\"@type\":\"PropertyValueSpecification\",\"valueRequired\":true,\"valueName\":\"search_term_string\"}}],\"inLanguage\":\"en-US\"}]}<\/script>\n<!-- \/ Yoast SEO plugin. -->","yoast_head_json":{"title":"Deep Seeker: cutting-edge technology with 5 search systems","description":"The Deep Seeker metal detector with its five search systems in one device allows you to detect gold and precious metals.","robots":{"index":"index","follow":"follow","max-snippet":"max-snippet:-1","max-image-preview":"max-image-preview:large","max-video-preview":"max-video-preview:-1"},"canonical":"https:\/\/gerdetect.fr\/en\/metal-detector-catalog\/gold-detector\/deep-seeker\/","og_locale":"en_US","og_type":"article","og_title":"Deep Seeker: cutting-edge technology with 5 search systems","og_description":"The Deep Seeker metal detector with its five search systems in one device allows you to detect gold and precious metals.","og_url":"https:\/\/gerdetect.fr\/en\/metal-detector-catalog\/gold-detector\/deep-seeker\/","og_site_name":"GER DETECT FRANCE","article_modified_time":"2026-02-12T11:37:58+00:00","og_image":[{"width":497,"height":400,"url":"https:\/\/gerdetect.fr\/wp-content\/uploads\/2018\/03\/deep-seeker-device-sl-1.jpg","type":"image\/jpeg"}],"twitter_card":"summary_large_image","twitter_misc":{"Est. reading time":"5 minutes"},"schema":{"@context":"https:\/\/schema.org","@graph":[{"@type":"WebPage","@id":"https:\/\/gerdetect.fr\/en\/metal-detector-catalog\/gold-detector\/deep-seeker\/","url":"https:\/\/gerdetect.fr\/en\/metal-detector-catalog\/gold-detector\/deep-seeker\/","name":"Deep Seeker: cutting-edge technology with 5 search systems","isPartOf":{"@id":"https:\/\/gerdetect.fr\/en\/#website"},"primaryImageOfPage":{"@id":"https:\/\/gerdetect.fr\/en\/metal-detector-catalog\/gold-detector\/deep-seeker\/#primaryimage"},"image":{"@id":"https:\/\/gerdetect.fr\/en\/metal-detector-catalog\/gold-detector\/deep-seeker\/#primaryimage"},"thumbnailUrl":"https:\/\/gerdetect.fr\/wp-content\/uploads\/2018\/03\/deep-seeker-device-sl-1.jpg","datePublished":"2018-02-13T17:57:02+00:00","dateModified":"2026-02-12T11:37:58+00:00","description":"The Deep Seeker metal detector with its five search systems in one device allows you to detect gold and precious metals.","breadcrumb":{"@id":"https:\/\/gerdetect.fr\/en\/metal-detector-catalog\/gold-detector\/deep-seeker\/#breadcrumb"},"inLanguage":"en-US","potentialAction":[{"@type":"ReadAction","target":["https:\/\/gerdetect.fr\/en\/metal-detector-catalog\/gold-detector\/deep-seeker\/"]}]},{"@type":"ImageObject","inLanguage":"en-US","@id":"https:\/\/gerdetect.fr\/en\/metal-detector-catalog\/gold-detector\/deep-seeker\/#primaryimage","url":"https:\/\/gerdetect.fr\/wp-content\/uploads\/2018\/03\/deep-seeker-device-sl-1.jpg","contentUrl":"https:\/\/gerdetect.fr\/wp-content\/uploads\/2018\/03\/deep-seeker-device-sl-1.jpg","width":497,"height":400},{"@type":"BreadcrumbList","@id":"https:\/\/gerdetect.fr\/en\/metal-detector-catalog\/gold-detector\/deep-seeker\/#breadcrumb","itemListElement":[{"@type":"ListItem","position":1,"name":"Accueil","item":"https:\/\/gerdetect.fr\/en\/"},{"@type":"ListItem","position":2,"name":"Shop","item":"https:\/\/gerdetect.fr\/en\/shop\/"},{"@type":"ListItem","position":3,"name":"Deep Seeker"}]},{"@type":"WebSite","@id":"https:\/\/gerdetect.fr\/en\/#website","url":"https:\/\/gerdetect.fr\/en\/","name":"GER DETECT FRANCE","description":"D\u00e9tecteur de m\u00e9taux, d&#039;or, diamants, d&#039;eau souterraine, radar de sol | Lille, Paris","potentialAction":[{"@type":"SearchAction","target":{"@type":"EntryPoint","urlTemplate":"https:\/\/gerdetect.fr\/en\/?s={search_term_string}"},"query-input":{"@type":"PropertyValueSpecification","valueRequired":true,"valueName":"search_term_string"}}],"inLanguage":"en-US"}]}},"_links":{"self":[{"href":"https:\/\/gerdetect.fr\/en\/wp-json\/wp\/v2\/product\/3905","targetHints":{"allow":["GET"]}}],"collection":[{"href":"https:\/\/gerdetect.fr\/en\/wp-json\/wp\/v2\/product"}],"about":[{"href":"https:\/\/gerdetect.fr\/en\/wp-json\/wp\/v2\/types\/product"}],"wp:featuredmedia":[{"embeddable":true,"href":"https:\/\/gerdetect.fr\/en\/wp-json\/wp\/v2\/media\/3904"}],"wp:attachment":[{"href":"https:\/\/gerdetect.fr\/en\/wp-json\/wp\/v2\/media?parent=3905"}],"wp:term":[{"taxonomy":"product_brand","embeddable":true,"href":"https:\/\/gerdetect.fr\/en\/wp-json\/wp\/v2\/product_brand?post=3905"},{"taxonomy":"product_cat","embeddable":true,"href":"https:\/\/gerdetect.fr\/en\/wp-json\/wp\/v2\/product_cat?post=3905"},{"taxonomy":"product_tag","embeddable":true,"href":"https:\/\/gerdetect.fr\/en\/wp-json\/wp\/v2\/product_tag?post=3905"}],"curies":[{"name":"wp","href":"https:\/\/api.w.org\/{rel}","templated":true}]}}