{"id":5379,"date":"2017-06-12T13:37:29","date_gmt":"2017-06-12T11:37:29","guid":{"rendered":"https:\/\/gerdetect.fr\/condiciones-generales\/"},"modified":"2017-06-12T13:37:29","modified_gmt":"2017-06-12T11:37:29","slug":"condiciones-generales","status":"publish","type":"page","link":"https:\/\/gerdetect.fr\/es\/condiciones-generales\/","title":{"rendered":"Condiciones generales"},"content":{"rendered":"<blockquote>\n<div>\n<div>\n<h5>Nuestras condiciones generales son v\u00e1lidas para todos los contratos de venta entre IVM&amp;CO SPRL y el cliente. IVM&amp;CO SPRL se reserva el derecho de modificar los t\u00e9rminos y condiciones en cualquier momento sin necesidad de informar personalmente al cliente.<\/h5>\n<\/div>\n<\/div>\n<\/blockquote>\n<div><\/div>\n<blockquote>\n<div>\n<div>\n<h4>1. Identification<\/h4>\n<pre><strong>IVM&amp;CO SPRL<\/strong>\nN\u00b0 d\u2019identification TVA: BE 0677.948.737\n<\/pre>\n<p><strong>Distribuidor Exclusivo para FRANCIA y BENELUX<\/strong><\/p>\n<p><img decoding=\"async\" class=\"alignnone size-full wp-image-1603\" src=\"https:\/\/gerdetect.fr\/wp-content\/uploads\/2017\/06\/Certificate-of-Authorization-IVM.jpg\" alt=\"\" width=\"362\" srcset=\"https:\/\/gerdetect.fr\/wp-content\/uploads\/2017\/06\/Certificate-of-Authorization-IVM.jpg 724w, https:\/\/gerdetect.fr\/wp-content\/uploads\/2017\/06\/Certificate-of-Authorization-IVM-600x849.jpg 600w, https:\/\/gerdetect.fr\/wp-content\/uploads\/2017\/06\/Certificate-of-Authorization-IVM-150x212.jpg 150w, https:\/\/gerdetect.fr\/wp-content\/uploads\/2017\/06\/Certificate-of-Authorization-IVM-212x300.jpg 212w, https:\/\/gerdetect.fr\/wp-content\/uploads\/2017\/06\/Certificate-of-Authorization-IVM-198x280.jpg 198w, https:\/\/gerdetect.fr\/wp-content\/uploads\/2017\/06\/Certificate-of-Authorization-IVM-566x800.jpg 566w\" sizes=\"(max-width: 724px) 100vw, 724px\" \/><\/p>\n<\/div>\n<\/div>\n<\/blockquote>\n<div><\/div>\n<blockquote>\n<div>\n<div>\n<h4>2. Ofertas de precios e informaci\u00f3n de productos.<\/h4>\n<div>La informaci\u00f3n proporcionada en nuestro sitio web y en todas nuestras fichas de productos se crea con el mayor cuidado y puede cambiar sin previo aviso. No somos responsables de ning\u00fan error o informaci\u00f3n incorrecta. Reservados todos los derechos. Todas las cotizaciones dadas a nuestros clientes indican una fecha de validez, hasta el d\u00eda de vigencia del precio. Una vez vencida esta fecha, los precios pueden cambiar por cualquier motivo imprevisto. Todos los precios est\u00e1n indicados en euros sin impuestos (IVA belga del 21% si corresponde).     <\/div>\n<\/div>\n<\/div>\n<\/blockquote>\n<div><\/div>\n<blockquote>\n<div>\n<div>\n<h4>3. Livraison<\/h4>\n<div>El producto es propiedad de IVM&amp;CO SPRL hasta el pago total de la mercanc\u00eda. Una vez recibido el pago completo, de acuerdo con la oferta de precio dada, la propiedad del producto se transfiere al comprador y el pedido se enviar\u00e1 a la direcci\u00f3n de entrega indicada por el comprador en nuestra oficina central, avenue rogier 351, 130 Bruselas, B\u00e9lgica. A menos que se acuerde lo contrario, el comprador es responsable de los costos de env\u00edo. IVM&amp;CO SPRL no se hace responsable en caso de retrasos en los plazos de entrega provocados por la empresa de transporte u otros tr\u00e1mites aduaneros. Para entregas internacionales, incluiremos todos los documentos necesarios para la exportaci\u00f3n. IVM&amp;CO SPRL no se hace responsable de los problemas aduaneros.   <\/div>\n<\/div>\n<\/div>\n<\/blockquote>\n<div><\/div>\n<blockquote>\n<div>\n<div>\n<h4>4. Pol\u00edtica de devoluci\u00f3n<\/h4>\n<div>Despu\u00e9s de recibir su pedido, le pedimos que verifique el contenido de su entrega inmediatamente y se comunique con nosotros inmediatamente en caso de da\u00f1o o p\u00e9rdida. Le sugerimos que, antes de decidir devolver un detector, llame a nuestro centro de servicio (<a target=\"_blank\" rel=\"noopener noreferrer\">+32 484\/ 67 66 25<\/a>) No env\u00ede art\u00edculos sin contactarnos previamente. Puede correr el riesgo de tener problemas aduaneros, cargos inesperados o problemas de transporte que podr\u00edan haberse evitado si se hubiera comunicado con nosotros de antemano.  <\/div>\n<div>Material utilizado: Los dispositivos de detecci\u00f3n no se pueden devolver sin ning\u00fan motivo v\u00e1lido. Sin embargo, le damos la posibilidad dentro de los 14 d\u00edas siguientes a la recepci\u00f3n del material de devolver su equipo despu\u00e9s de hablar con nuestro personal profesional y tendr\u00e1 la posibilidad de recibir un cr\u00e9dito del 70% (el dispositivo debe estar sin defectos t\u00e9cnicos y en perfectas condiciones) para la compra de otro equipo de detecci\u00f3n de nuestra gama de productos. Esta oferta no se aplica a mercanc\u00edas compradas como oferta especial o art\u00edculos promocionales. Despu\u00e9s de estos 14 d\u00edas, ya no es posible la devoluci\u00f3n de un producto.   <\/div>\n<div>Productos defectuosos: si cree que su equipo tiene una falla t\u00e9cnica o no funciona correctamente, comun\u00edquese con nuestro servicio de atenci\u00f3n al cliente antes de enviar los productos. Nuestro personal capacitado lo ayudar\u00e1 a descubrir d\u00f3nde se encuentra el problema y podr\u00e1 resolverlo inmediatamente por tel\u00e9fono o brindarle una soluci\u00f3n r\u00e1pida para su caso particular. <\/div>\n<\/div>\n<\/div>\n<\/blockquote>\n<div><\/div>\n<blockquote>\n<div>\n<div>\n<h4>5. Garantie<\/h4>\n<div>Todos los productos nuevos vienen con una garant\u00eda del fabricante de 2 a\u00f1os. Las condiciones de la garant\u00eda pueden variar para equipos usados \u200b\u200bas\u00ed como para dispositivos de demostraci\u00f3n. El per\u00edodo de garant\u00eda comenzar\u00e1 en la fecha indicada en su factura de compra. Durante este per\u00edodo de garant\u00eda, la reparaci\u00f3n de su equipo es gratuita. El propietario del equipo es responsable del env\u00edo de la mercanc\u00eda bajo su propia responsabilidad. La garant\u00eda caducar\u00e1 si un dispositivo o sus accesorios han sido abiertos sin autorizaci\u00f3n por persona ajena al personal de IVM&amp;CO SPRL, manipulaciones o cambios realizados por persona ajena al personal de la f\u00e1brica del proveedor. La garant\u00eda no cubre el uso inadecuado del equipo ni da\u00f1os causados \u200b\u200bpor fuerza externa o ca\u00edda. En este caso, eres libre de enviar tu material a r reparar de todos modos. Despu\u00e9s de una revisi\u00f3n completa de su equipo de detecci\u00f3n por parte de los especialistas de IVM&amp;CO SPRL, obtendr\u00e1 una estimaci\u00f3n de los costes de reparaci\u00f3n.        <\/div>\n<\/div>\n<\/div>\n<\/blockquote>\n<div><\/div>\n<blockquote>\n<div>\n<div>\n<h4>6. Propiedad intelectual<\/h4>\n<div>Todos los textos, comentarios, v\u00eddeos, ilustraciones e im\u00e1genes mostrados en este sitio est\u00e1n protegidos por derechos de autor en todo el mundo y no pueden ser utilizados por otros sin permiso. Cualquier reproducci\u00f3n total o parcial de este sitio est\u00e1 estrictamente prohibida. <\/div>\n<\/div>\n<\/div>\n<\/blockquote>\n<blockquote>\n<div>\n<h4>7. Pol\u00edtica de privacidad<\/h4>\n<h5>Informaci\u00f3n recopilada<\/h5>\n<p>IVM&amp;CO recopila, utiliza y almacena informaci\u00f3n sobre usted cuando visita nuestros sitios web. Puede optar por proporcionarnos esta informaci\u00f3n (nombre, direcci\u00f3n de correo electr\u00f3nico, informaci\u00f3n comercial, direcci\u00f3n postal, n\u00famero de tel\u00e9fono u otra informaci\u00f3n) para acceder a informaci\u00f3n protegida en nuestros sitios web. Tambi\u00e9n puede solicitarnos que nos comuniquemos con usted despu\u00e9s de su visita. Si elige convertirse en miembro de la Comunidad IVM&amp;CO, podr\u00e1 proporcionarnos informaci\u00f3n adicional como una fotograf\u00eda, sus perfiles en redes sociales, sus \u00e1reas de especializaci\u00f3n u otra informaci\u00f3n. Podemos combinar cierta informaci\u00f3n disponible p\u00fablicamente sobre la empresa para la que trabaja con la informaci\u00f3n que usted nos proporciona. Proveedores de servicios IVM&amp;CO o IVM&amp;CO Podemos estudiar su actividad, interacciones, preferencias, datos transaccionales y otra informaci\u00f3n relacionada con su conexi\u00f3n o computadora (como la direcci\u00f3n IP) y relacionada con su uso de nuestros sitios web y servicios. Tambi\u00e9n podemos utilizar archivos de registro, cookies y otras tecnolog\u00edas similares para recopilar informaci\u00f3n sobre las p\u00e1ginas que visita, los enlaces en los que hace clic y otras acciones que puede realizar cuando accede a nuestros sitios web, servicios o correos electr\u00f3nicos. Para obtener m\u00e1s informaci\u00f3n sobre nuestro uso de estas tecnolog\u00edas y c\u00f3mo usted puede controlarlas, consulte la secci\u00f3n &#8220;Cookies y tecnolog\u00edas similares&#8221; a continuaci\u00f3n. Podemos recopilar y almacenar esta informaci\u00f3n y asociarla con otros datos personales. informaci\u00f3n que probablemente nos proporcione.        <\/p>\n<p>&nbsp;<\/p>\n<h5>Datos del cliente<\/h5>\n<p>Como parte de los servicios ofrecidos por IVM&amp;CO, es posible que se solicite a los clientes que carguen datos en nuestros servidores. IVM&amp;CO se compromete a no compartir ni comunicar dichos datos, salvo menci\u00f3n expresa en el contrato entre IVM&amp;CO y su cliente o por obligaci\u00f3n legal. <\/p>\n<p>&nbsp;<\/p>\n<h5>Uso de datos personales<\/h5>\n<p>IVM&amp;CO utiliza la informaci\u00f3n recopilada para:<\/p>\n<ul class=\"list\">\n<li>Poner a tu disposici\u00f3n los sitios web de IVM&amp;CO as\u00ed como el soporte que puedas necesitar<\/li>\n<li>Responde a tus preguntas y peticiones<\/li>\n<li>Diagnosticar problemas t\u00e9cnicos que afectan a un sitio web.<\/li>\n<li>Enviarle informaci\u00f3n que creemos que puede ser de su inter\u00e9s, como anuncios, boletines, materiales de capacitaci\u00f3n y pr\u00f3ximos eventos.<\/li>\n<li>Enviarle informaci\u00f3n administrativa como avisos sobre nuestros productos, servicios o cambios a nuestras pol\u00edticas.<\/li>\n<li>Comprender c\u00f3mo se utilizan nuestros sitios web y servicios<\/li>\n<li>Personalice su uso de nuestros sitios web y le presentemos productos o caracter\u00edsticas que coincidan con sus intereses.<\/li>\n<li>Prevenir, detectar, reducir e investigar actividades fraudulentas o ilegales<\/li>\n<li>Finalmente, tome las acciones que se le describan cuando recopilemos informaci\u00f3n.<\/li>\n<\/ul>\n<p>&nbsp;<\/p>\n<h5>Divulgation<\/h5>\n<p>IVM&amp;CO no comparte, vende, alquila ni intercambia con terceros informaci\u00f3n personal recopilada a trav\u00e9s de sus sitios web con fines publicitarios o de otro modo que no sea el definido en esta carta de confidencialidad. IVM&amp;CO puede compartir informaci\u00f3n con proveedores de servicios externos que utilizamos para brindar servicios en nuestro nombre. Estos proveedores de servicios externos pueden utilizar la informaci\u00f3n que les proporcionamos \u00fanicamente de acuerdo con las solicitudes e instrucciones de IVM&amp;CO. IVM&amp;CO puede compartir informaci\u00f3n con terceros que revenden servicios de IVM&amp;CO y\/o que brindan servicios de valor agregado, como subcontrataci\u00f3n de n\u00f3mina, declaraciones de impuestos u otros servicios administrativos como parte de nuestras ofertas a las PYMES. Se dise\u00f1a la oferta IVM&amp;CO destinada a las PYMES Dise\u00f1ado para cubrir las necesidades de empresas con menos de 1.500 empleados. IVM&amp;CO puede ofrecer, de forma individual o conjunta con terceros, seminarios web, documentos t\u00e9cnicos descargables u otros servicios relacionados con las ofertas o servicios de IVM&amp;CO. Podemos compartir sus datos de contacto y su inter\u00e9s en estas ofertas o servicios con terceros para que puedan comunicarse con usted. En ciertos casos especiales, IVM&amp;CO podr\u00e1 revelar cierta informaci\u00f3n, cuando estemos convencidos de que es necesaria para: (a) cumplir con obligaciones legales o cumplir con procedimientos legales, (b) proteger y defender nuestros derechos o propiedad, (c) hacer cumplir las condiciones generales de uso del sitio web o (d) actuar con el fin de proteger los intereses de nuestros usuarios o de otras partes. Si IVM&amp;CO est\u00e1 sujeto a un transacci\u00f3n, en forma de fusi\u00f3n o adquisici\u00f3n por parte de otra empresa o se venden todos o parte de sus activos, su informaci\u00f3n personal recopilada a trav\u00e9s de nuestros sitios web puede estar entre los activos transferidos. Se publicar\u00e1 un aviso en nuestros sitios web durante los 30 d\u00edas siguientes a la ocurrencia de cualquier cambio que afecte la propiedad o el control de su informaci\u00f3n personal.         <\/p>\n<p>&nbsp;<\/p>\n<h5>Cookies et technologies similaires<\/h5>\n<p>Les cookies sont de petits fichiers texte que nos sites Web demandent \u00e0 placer sur le disque dur de votre ordinateur. Si votre navigateur est configur\u00e9 pour accepter les cookies, il ajoute ce texte \u00e0 un petit fichier. Nous n\u2019utilisons pas les cookies pour lire d\u2019autres informations contenues sur votre disque dur. Nous utilisons la technologie des cookies pour authentifier votre acc\u00e8s \u00e0 diff\u00e9rentes zones de nos sites Web, conna\u00eetre vos centres d\u2019int\u00e9r\u00eat, permettre l\u2019analyse du trafic Web et adapter nos contenus selon vos pr\u00e9f\u00e9rences. Vous pouvez configurer votre navigateur afin qu\u2019il refuse les cookies, ou qu\u2019il vous avertisse avant de placer un cookie. Si vous d\u00e9sactivez les cookies, il est possible que certaines zones de nos sites Web ne fonctionnent pas correctement, voire pas du tout.<br \/>\nNous utilisons des balises Web ou des fichiers GIF transparents, qui peuvent se trouver sur nos sites Web et dans nos messages et qui sont g\u00e9n\u00e9ralement utilis\u00e9s conjointement avec des cookies, pour nous aider \u00e0 g\u00e9rer notre publicit\u00e9 en ligne et mesurer son efficacit\u00e9, identifier nos utilisateurs et analyser notre trafic. Les balises Web peuvent \u00e9galement nous aider \u00e0 d\u00e9terminer quelles publicit\u00e9s sont les plus efficaces en nous indiquant si nos pages Web, nos e-mails ou nos publicit\u00e9s ont \u00e9t\u00e9 visualis\u00e9s ou cliqu\u00e9s.<br \/>\nLes informations que nous collectons par le biais de ces technologies sont anonymes. Nous sommes \u00e9galement susceptibles d\u2019utiliser d\u2019autres technologies semblables aux cookies et aux balises Web telles que le stockage local HTML5, des objets partag\u00e9s locaux, des balises et des scripts. Ces technologies sont utilis\u00e9es \u00e0 des fins similaires aux cookies et balises Web. Elles peuvent fonctionner dans l\u2019ensemble de vos navigateurs; dans certains cas, leur utilisation et leur suppression n\u00e9cessiteront des \u00e9tapes suppl\u00e9mentaires en dehors du param\u00e9trage du navigateur. Avec nos partenaires tiers, nous utilisons ces technologies pour permettre l\u2019acc\u00e8s \u00e0 certaines fonctionnalit\u00e9s de notre site, pour afficher des publicit\u00e9s bas\u00e9es sur votre navigation Web et\/ou pour stocker des informations et pr\u00e9f\u00e9rences relatives aux contenus. Les diff\u00e9rents navigateurs peuvent mettre \u00e0 disposition leurs propres outils de gestion afin de supprimer ces technologies.           <\/p>\n<\/div>\n<\/blockquote>\n","protected":false},"excerpt":{"rendered":"<p>Nuestras condiciones generales son v\u00e1lidas para todos los contratos de venta entre IVM&amp;CO SPRL y el cliente. IVM&amp;CO SPRL se<\/p>\n","protected":false},"author":1,"featured_media":0,"parent":0,"menu_order":0,"comment_status":"closed","ping_status":"open","template":"","meta":{"_joinchat":[],"footnotes":""},"class_list":["post-5379","page","type-page","status-publish","hentry"],"yoast_head":"<!-- This site is optimized with the Yoast SEO plugin v26.3 - https:\/\/yoast.com\/wordpress\/plugins\/seo\/ -->\n<title>Condiciones generales - GER DETECT FRANCE<\/title>\n<meta name=\"robots\" content=\"index, follow, max-snippet:-1, max-image-preview:large, max-video-preview:-1\" \/>\n<link rel=\"canonical\" href=\"https:\/\/gerdetect.fr\/es\/condiciones-generales\/\" \/>\n<meta property=\"og:locale\" content=\"es_ES\" \/>\n<meta property=\"og:type\" content=\"article\" \/>\n<meta property=\"og:title\" content=\"Condiciones generales - GER DETECT FRANCE\" \/>\n<meta property=\"og:description\" content=\"Nuestras condiciones generales son v\u00e1lidas para todos los contratos de venta entre IVM&amp;CO SPRL y el cliente. IVM&amp;CO SPRL se\" \/>\n<meta property=\"og:url\" content=\"https:\/\/gerdetect.fr\/es\/condiciones-generales\/\" \/>\n<meta property=\"og:site_name\" content=\"GER DETECT FRANCE\" \/>\n<meta property=\"og:image\" content=\"https:\/\/gerdetect.fr\/wp-content\/uploads\/2017\/06\/Certificate-of-Authorization-IVM.jpg\" \/>\n<meta name=\"twitter:card\" content=\"summary_large_image\" \/>\n<meta name=\"twitter:label1\" content=\"Tiempo de lectura\" \/>\n\t<meta name=\"twitter:data1\" content=\"10 minutos\" \/>\n<script type=\"application\/ld+json\" class=\"yoast-schema-graph\">{\"@context\":\"https:\/\/schema.org\",\"@graph\":[{\"@type\":\"WebPage\",\"@id\":\"https:\/\/gerdetect.fr\/es\/condiciones-generales\/\",\"url\":\"https:\/\/gerdetect.fr\/es\/condiciones-generales\/\",\"name\":\"Condiciones generales - GER DETECT FRANCE\",\"isPartOf\":{\"@id\":\"https:\/\/gerdetect.fr\/es\/#website\"},\"primaryImageOfPage\":{\"@id\":\"https:\/\/gerdetect.fr\/es\/condiciones-generales\/#primaryimage\"},\"image\":{\"@id\":\"https:\/\/gerdetect.fr\/es\/condiciones-generales\/#primaryimage\"},\"thumbnailUrl\":\"https:\/\/gerdetect.fr\/wp-content\/uploads\/2017\/06\/Certificate-of-Authorization-IVM.jpg\",\"datePublished\":\"2017-06-12T11:37:29+00:00\",\"breadcrumb\":{\"@id\":\"https:\/\/gerdetect.fr\/es\/condiciones-generales\/#breadcrumb\"},\"inLanguage\":\"es\",\"potentialAction\":[{\"@type\":\"ReadAction\",\"target\":[\"https:\/\/gerdetect.fr\/es\/condiciones-generales\/\"]}]},{\"@type\":\"ImageObject\",\"inLanguage\":\"es\",\"@id\":\"https:\/\/gerdetect.fr\/es\/condiciones-generales\/#primaryimage\",\"url\":\"https:\/\/gerdetect.fr\/wp-content\/uploads\/2017\/06\/Certificate-of-Authorization-IVM.jpg\",\"contentUrl\":\"https:\/\/gerdetect.fr\/wp-content\/uploads\/2017\/06\/Certificate-of-Authorization-IVM.jpg\"},{\"@type\":\"BreadcrumbList\",\"@id\":\"https:\/\/gerdetect.fr\/es\/condiciones-generales\/#breadcrumb\",\"itemListElement\":[{\"@type\":\"ListItem\",\"position\":1,\"name\":\"Accueil\",\"item\":\"https:\/\/gerdetect.fr\/es\/\"},{\"@type\":\"ListItem\",\"position\":2,\"name\":\"Condiciones generales\"}]},{\"@type\":\"WebSite\",\"@id\":\"https:\/\/gerdetect.fr\/es\/#website\",\"url\":\"https:\/\/gerdetect.fr\/es\/\",\"name\":\"GER DETECT FRANCE\",\"description\":\"D\u00e9tecteur de m\u00e9taux, d&#039;or, diamants, d&#039;eau souterraine, radar de sol | Lille, Paris\",\"potentialAction\":[{\"@type\":\"SearchAction\",\"target\":{\"@type\":\"EntryPoint\",\"urlTemplate\":\"https:\/\/gerdetect.fr\/es\/?s={search_term_string}\"},\"query-input\":{\"@type\":\"PropertyValueSpecification\",\"valueRequired\":true,\"valueName\":\"search_term_string\"}}],\"inLanguage\":\"es\"}]}<\/script>\n<!-- \/ Yoast SEO plugin. -->","yoast_head_json":{"title":"Condiciones generales - GER DETECT FRANCE","robots":{"index":"index","follow":"follow","max-snippet":"max-snippet:-1","max-image-preview":"max-image-preview:large","max-video-preview":"max-video-preview:-1"},"canonical":"https:\/\/gerdetect.fr\/es\/condiciones-generales\/","og_locale":"es_ES","og_type":"article","og_title":"Condiciones generales - GER DETECT FRANCE","og_description":"Nuestras condiciones generales son v\u00e1lidas para todos los contratos de venta entre IVM&amp;CO SPRL y el cliente. IVM&amp;CO SPRL se","og_url":"https:\/\/gerdetect.fr\/es\/condiciones-generales\/","og_site_name":"GER DETECT FRANCE","og_image":[{"url":"https:\/\/gerdetect.fr\/wp-content\/uploads\/2017\/06\/Certificate-of-Authorization-IVM.jpg","type":"","width":"","height":""}],"twitter_card":"summary_large_image","twitter_misc":{"Tiempo de lectura":"10 minutos"},"schema":{"@context":"https:\/\/schema.org","@graph":[{"@type":"WebPage","@id":"https:\/\/gerdetect.fr\/es\/condiciones-generales\/","url":"https:\/\/gerdetect.fr\/es\/condiciones-generales\/","name":"Condiciones generales - GER DETECT FRANCE","isPartOf":{"@id":"https:\/\/gerdetect.fr\/es\/#website"},"primaryImageOfPage":{"@id":"https:\/\/gerdetect.fr\/es\/condiciones-generales\/#primaryimage"},"image":{"@id":"https:\/\/gerdetect.fr\/es\/condiciones-generales\/#primaryimage"},"thumbnailUrl":"https:\/\/gerdetect.fr\/wp-content\/uploads\/2017\/06\/Certificate-of-Authorization-IVM.jpg","datePublished":"2017-06-12T11:37:29+00:00","breadcrumb":{"@id":"https:\/\/gerdetect.fr\/es\/condiciones-generales\/#breadcrumb"},"inLanguage":"es","potentialAction":[{"@type":"ReadAction","target":["https:\/\/gerdetect.fr\/es\/condiciones-generales\/"]}]},{"@type":"ImageObject","inLanguage":"es","@id":"https:\/\/gerdetect.fr\/es\/condiciones-generales\/#primaryimage","url":"https:\/\/gerdetect.fr\/wp-content\/uploads\/2017\/06\/Certificate-of-Authorization-IVM.jpg","contentUrl":"https:\/\/gerdetect.fr\/wp-content\/uploads\/2017\/06\/Certificate-of-Authorization-IVM.jpg"},{"@type":"BreadcrumbList","@id":"https:\/\/gerdetect.fr\/es\/condiciones-generales\/#breadcrumb","itemListElement":[{"@type":"ListItem","position":1,"name":"Accueil","item":"https:\/\/gerdetect.fr\/es\/"},{"@type":"ListItem","position":2,"name":"Condiciones generales"}]},{"@type":"WebSite","@id":"https:\/\/gerdetect.fr\/es\/#website","url":"https:\/\/gerdetect.fr\/es\/","name":"GER DETECT FRANCE","description":"D\u00e9tecteur de m\u00e9taux, d&#039;or, diamants, d&#039;eau souterraine, radar de sol | Lille, Paris","potentialAction":[{"@type":"SearchAction","target":{"@type":"EntryPoint","urlTemplate":"https:\/\/gerdetect.fr\/es\/?s={search_term_string}"},"query-input":{"@type":"PropertyValueSpecification","valueRequired":true,"valueName":"search_term_string"}}],"inLanguage":"es"}]}},"_links":{"self":[{"href":"https:\/\/gerdetect.fr\/es\/wp-json\/wp\/v2\/pages\/5379","targetHints":{"allow":["GET"]}}],"collection":[{"href":"https:\/\/gerdetect.fr\/es\/wp-json\/wp\/v2\/pages"}],"about":[{"href":"https:\/\/gerdetect.fr\/es\/wp-json\/wp\/v2\/types\/page"}],"author":[{"embeddable":true,"href":"https:\/\/gerdetect.fr\/es\/wp-json\/wp\/v2\/users\/1"}],"replies":[{"embeddable":true,"href":"https:\/\/gerdetect.fr\/es\/wp-json\/wp\/v2\/comments?post=5379"}],"version-history":[{"count":0,"href":"https:\/\/gerdetect.fr\/es\/wp-json\/wp\/v2\/pages\/5379\/revisions"}],"wp:attachment":[{"href":"https:\/\/gerdetect.fr\/es\/wp-json\/wp\/v2\/media?parent=5379"}],"curies":[{"name":"wp","href":"https:\/\/api.w.org\/{rel}","templated":true}]}}