{"id":5401,"date":"2017-07-04T11:30:59","date_gmt":"2017-07-04T09:30:59","guid":{"rendered":"https:\/\/gerdetect.fr\/testimonios\/"},"modified":"2026-01-13T16:51:50","modified_gmt":"2026-01-13T15:51:50","slug":"testimonios","status":"publish","type":"page","link":"https:\/\/gerdetect.fr\/es\/testimonios\/","title":{"rendered":"Testimonios"},"content":{"rendered":"<div class=\"wpb-content-wrapper\">[vc_row full_width=&#8221;stretch_row&#8221; css=&#8221;.vc_custom_1508161361450{padding-top: 2vh !important;padding-bottom: 2vh !important;background-color: #ffffff !important;}&#8221;][vc_column css=&#8221;.vc_custom_1475586737780{margin-bottom: 0px !important;padding-top: 0px !important;}&#8221;]\n\t\t<div id=\"wd-69f2f56dca413\" class=\"title-wrapper wd-wpb set-mb-s reset-last-child  wd-title-color-primary wd-title-style-bordered text-center vc_custom_1508160568011 wd-underline-colored\">\n\t\t\t\t\t\t\t<div class=\"title-subtitle  subtitle-color-primary font-default subtitle-style-default wd-font-weight- wd-fontsize-xs\">Les gustaron nuestros detectores.<\/div>\n\t\t\t\n\t\t\t<div class=\"liner-continer\">\n\t\t\t\t<h4 class=\"woodmart-title-container title  wd-font-weight- wd-fontsize-l\" ><strong>Nos clients donnent leur avis<\/strong><\/h4>\n\t\t\t\t\t\t\t<\/div>\n\t\t\t\n\t\t\t\n\t\t\t\n\t\t<\/div>\n\t\t\n\t\t\t\t\t<div id=\"wd-69f2f56dca4cf\" class=\"testimonials testimon-style-boxed color-scheme-  testimon-align-center testimon-with-rating  wd-wpb\">\n\t\t\t\t\n\t\t\t\t\t\t\t\t<div class=\" wd-grid-g\"  style=\"--wd-col-lg:1;--wd-col-md:1;--wd-col-sm:1;--wd-gap-lg:30px;--wd-gap-sm:10px;\">\n\t\t\t\t\t\n\t\t\t\t\t\n<div class=\"testimonial wd-col\">\n\t<div class=\"testimonial-inner\">\n\t\t\n\t\t<div class=\"testimonial-content\">\n\t\t\t<div class=\"testimonial-rating\">\n\t\t\t\t<span class=\"star-rating\">\n\t\t\t\t\t<span style=\"width:100%\"><\/span>\n\t\t\t\t<\/span>\n\t\t\t<\/div>\n\n\t\t\t\n<h4>Mi experiencia con el detector de oro Gold Hunter<\/h4>\n<p>Honestamente puedo decir que Gerdetect se ha consolidado firmemente como mi mejor opci\u00f3n.<\/p>\n<p>\u00a1Mi experiencia hasta la fecha no ha sido m\u00e1s que placentera! Decid\u00ed visitar la empresa Gerdetect en B\u00e9lgica y segu\u00ed el consejo del Sr. Yuksel; Me convenc\u00ed de la actuaci\u00f3n del Cazador de Oro&#8230; \u00a1y bingo, despu\u00e9s de 20 minutos de investigaci\u00f3n en el campo descubr\u00ed mi primera pepita de oro!\n\t\t\t<footer>\n\t\t\t\tJean\n\t\t\t\t\t\t\t\t\t<span>\n\t\t\t\t\t\tRDC\t\t\t\t\t<\/span>\n\t\t\t\t\t\t\t<\/footer>\n\t\t<\/div>\n\t<\/div>\n<\/div>\n<div class=\"testimonial wd-col\">\n\t<div class=\"testimonial-inner\">\n\t\t\n\t\t<div class=\"testimonial-content\">\n\t\t\t<div class=\"testimonial-rating\">\n\t\t\t\t<span class=\"star-rating\">\n\t\t\t\t\t<span style=\"width:100%\"><\/span>\n\t\t\t\t<\/span>\n\t\t\t<\/div>\n\n\t\t\t\n<h4>Mi experiencia con el detector de metales GER Titan 1000<\/h4>\n<p>Uno de los buscadores alemanes que busca oro y tesoros enterrados bajo tierra, nos habl\u00f3 de la importancia de adquirir Titan Ger &#8211; 1000 despu\u00e9s de haber o\u00eddo hablar de muchas historias de \u00e9xito. Nos dijo: al principio estaba en contra de comprar este dispositivo porque Internet est\u00e1 lleno de anuncios sobre dispositivos falsos instalados en los mercados. Pero uno de sus amigos en Alemania adquiri\u00f3 este dispositivo hace dos a\u00f1os y le aconsej\u00f3 que lo comprara despu\u00e9s de encontrar muchas cosas valiosas usando Titan Ger &#8211; 1000. Al final de la conversaci\u00f3n, expres\u00f3 su placer por poseer este dispositivo y agradeci\u00f3 al equipo de la empresa por este maravilloso producto y su avanzada tecnolog\u00eda.\n\t\t\t<footer>\n\t\t\t\tNicolas\n\t\t\t\t\t\t\t\t\t<span>\n\t\t\t\t\t\tFRANCE\t\t\t\t\t<\/span>\n\t\t\t\t\t\t\t<\/footer>\n\t\t<\/div>\n\t<\/div>\n<\/div>\n<div class=\"testimonial wd-col\">\n\t<div class=\"testimonial-inner\">\n\t\t\n\t\t<div class=\"testimonial-content\">\n\t\t\t<div class=\"testimonial-rating\">\n\t\t\t\t<span class=\"star-rating\">\n\t\t\t\t\t<span style=\"width:100%\"><\/span>\n\t\t\t\t<\/span>\n\t\t\t<\/div>\n\n\t\t\t\n<h4>Mi experiencia con el sistema Fresh Result 2<\/h4>\n<p>GRACIAS ! nos ayudaste y aconsejaste sobre este maravilloso aparato, incluso otras personas de los pueblos vinieron a ver el agua que sal\u00eda del pozo a 400 m de distancia; Todo el mundo habla de su m\u00e1quina de agua en Argelia.\n\t\t\t<footer>\n\t\t\t\tKarim\n\t\t\t\t\t\t\t\t\t<span>\n\t\t\t\t\t\tALGERIE\t\t\t\t\t<\/span>\n\t\t\t\t\t\t\t<\/footer>\n\t\t<\/div>\n\t<\/div>\n<\/div>\n<div class=\"testimonial wd-col\">\n\t<div class=\"testimonial-inner\">\n\t\t\n\t\t<div class=\"testimonial-content\">\n\t\t\t<div class=\"testimonial-rating\">\n\t\t\t\t<span class=\"star-rating\">\n\t\t\t\t\t<span style=\"width:100%\"><\/span>\n\t\t\t\t<\/span>\n\t\t\t<\/div>\n\n\t\t\t\n<h4>Mi experiencia con el detector de metales GER Titan 1000<\/h4>\n<p>El nuevo Titan 1000 es un detector fant\u00e1stico. Hay que decir que el precio es bastante caro pero fuimos 2 los que lo compramos. De hecho utilic\u00e9 la Titan 1000 durante algunas semanas, realmente not\u00e9 la diferencia cuando encuentra un objeto, la antena es muy sensible. Encontr\u00e9 8 piezas de plata y varias de bronce en una distancia de 50 m. Me gust\u00f3 mucho este detector de metales.\n\t\t\t<footer>\n\t\t\t\tTarek\n\t\t\t\t\t\t\t\t\t<span>\n\t\t\t\t\t\tTUNISIE\t\t\t\t\t<\/span>\n\t\t\t\t\t\t\t<\/footer>\n\t\t<\/div>\n\t<\/div>\n<\/div>\n\t\t\t\t\t\t\t\t\t<\/div>\n\n\t\t\t\t\t\t\t<\/div>\n\t\t[\/vc_column][\/vc_row]\n<\/div>","protected":false},"excerpt":{"rendered":"<p>[vc_row full_width=&#8221;stretch_row&#8221; css=&#8221;.vc_custom_1508161361450{padding-top: 2vh !important;padding-bottom: 2vh !important;background-color: #ffffff !important;}&#8221;][vc_column css=&#8221;.vc_custom_1475586737780{margin-bottom: 0px !important;padding-top: 0px !important;}&#8221;][\/vc_column][\/vc_row]<\/p>\n","protected":false},"author":1,"featured_media":0,"parent":0,"menu_order":0,"comment_status":"closed","ping_status":"closed","template":"","meta":{"_joinchat":[],"footnotes":""},"class_list":["post-5401","page","type-page","status-publish","hentry"],"yoast_head":"<!-- This site is optimized with the Yoast SEO plugin v26.3 - https:\/\/yoast.com\/wordpress\/plugins\/seo\/ -->\n<title>Testimonios - GER DETECT FRANCE<\/title>\n<meta name=\"robots\" content=\"index, follow, max-snippet:-1, max-image-preview:large, max-video-preview:-1\" \/>\n<link rel=\"canonical\" href=\"https:\/\/gerdetect.fr\/es\/testimonios\/\" \/>\n<meta property=\"og:locale\" content=\"es_ES\" \/>\n<meta property=\"og:type\" content=\"article\" \/>\n<meta property=\"og:title\" content=\"Testimonios - GER DETECT FRANCE\" \/>\n<meta property=\"og:description\" content=\"[vc_row full_width=&#8221;stretch_row&#8221; css=&#8221;.vc_custom_1508161361450{padding-top: 2vh !important;padding-bottom: 2vh !important;background-color: #ffffff !important;}&#8221;][vc_column css=&#8221;.vc_custom_1475586737780{margin-bottom: 0px !important;padding-top: 0px !important;}&#8221;][\/vc_column][\/vc_row]\" \/>\n<meta property=\"og:url\" content=\"https:\/\/gerdetect.fr\/es\/testimonios\/\" \/>\n<meta property=\"og:site_name\" content=\"GER DETECT FRANCE\" \/>\n<meta property=\"article:modified_time\" content=\"2026-01-13T15:51:50+00:00\" \/>\n<meta name=\"twitter:card\" content=\"summary_large_image\" \/>\n<meta name=\"twitter:label1\" content=\"Tiempo de lectura\" \/>\n\t<meta name=\"twitter:data1\" content=\"2 minutos\" \/>\n<script type=\"application\/ld+json\" class=\"yoast-schema-graph\">{\"@context\":\"https:\/\/schema.org\",\"@graph\":[{\"@type\":\"WebPage\",\"@id\":\"https:\/\/gerdetect.fr\/es\/testimonios\/\",\"url\":\"https:\/\/gerdetect.fr\/es\/testimonios\/\",\"name\":\"Testimonios - GER DETECT FRANCE\",\"isPartOf\":{\"@id\":\"https:\/\/gerdetect.fr\/es\/#website\"},\"datePublished\":\"2017-07-04T09:30:59+00:00\",\"dateModified\":\"2026-01-13T15:51:50+00:00\",\"breadcrumb\":{\"@id\":\"https:\/\/gerdetect.fr\/es\/testimonios\/#breadcrumb\"},\"inLanguage\":\"es\",\"potentialAction\":[{\"@type\":\"ReadAction\",\"target\":[\"https:\/\/gerdetect.fr\/es\/testimonios\/\"]}]},{\"@type\":\"BreadcrumbList\",\"@id\":\"https:\/\/gerdetect.fr\/es\/testimonios\/#breadcrumb\",\"itemListElement\":[{\"@type\":\"ListItem\",\"position\":1,\"name\":\"Accueil\",\"item\":\"https:\/\/gerdetect.fr\/es\/\"},{\"@type\":\"ListItem\",\"position\":2,\"name\":\"Testimonios\"}]},{\"@type\":\"WebSite\",\"@id\":\"https:\/\/gerdetect.fr\/es\/#website\",\"url\":\"https:\/\/gerdetect.fr\/es\/\",\"name\":\"GER DETECT FRANCE\",\"description\":\"D\u00e9tecteur de m\u00e9taux, d&#039;or, diamants, d&#039;eau souterraine, radar de sol | Lille, Paris\",\"potentialAction\":[{\"@type\":\"SearchAction\",\"target\":{\"@type\":\"EntryPoint\",\"urlTemplate\":\"https:\/\/gerdetect.fr\/es\/?s={search_term_string}\"},\"query-input\":{\"@type\":\"PropertyValueSpecification\",\"valueRequired\":true,\"valueName\":\"search_term_string\"}}],\"inLanguage\":\"es\"}]}<\/script>\n<!-- \/ Yoast SEO plugin. -->","yoast_head_json":{"title":"Testimonios - GER DETECT FRANCE","robots":{"index":"index","follow":"follow","max-snippet":"max-snippet:-1","max-image-preview":"max-image-preview:large","max-video-preview":"max-video-preview:-1"},"canonical":"https:\/\/gerdetect.fr\/es\/testimonios\/","og_locale":"es_ES","og_type":"article","og_title":"Testimonios - GER DETECT FRANCE","og_description":"[vc_row full_width=&#8221;stretch_row&#8221; css=&#8221;.vc_custom_1508161361450{padding-top: 2vh !important;padding-bottom: 2vh !important;background-color: #ffffff !important;}&#8221;][vc_column css=&#8221;.vc_custom_1475586737780{margin-bottom: 0px !important;padding-top: 0px !important;}&#8221;][\/vc_column][\/vc_row]","og_url":"https:\/\/gerdetect.fr\/es\/testimonios\/","og_site_name":"GER DETECT FRANCE","article_modified_time":"2026-01-13T15:51:50+00:00","twitter_card":"summary_large_image","twitter_misc":{"Tiempo de lectura":"2 minutos"},"schema":{"@context":"https:\/\/schema.org","@graph":[{"@type":"WebPage","@id":"https:\/\/gerdetect.fr\/es\/testimonios\/","url":"https:\/\/gerdetect.fr\/es\/testimonios\/","name":"Testimonios - GER DETECT FRANCE","isPartOf":{"@id":"https:\/\/gerdetect.fr\/es\/#website"},"datePublished":"2017-07-04T09:30:59+00:00","dateModified":"2026-01-13T15:51:50+00:00","breadcrumb":{"@id":"https:\/\/gerdetect.fr\/es\/testimonios\/#breadcrumb"},"inLanguage":"es","potentialAction":[{"@type":"ReadAction","target":["https:\/\/gerdetect.fr\/es\/testimonios\/"]}]},{"@type":"BreadcrumbList","@id":"https:\/\/gerdetect.fr\/es\/testimonios\/#breadcrumb","itemListElement":[{"@type":"ListItem","position":1,"name":"Accueil","item":"https:\/\/gerdetect.fr\/es\/"},{"@type":"ListItem","position":2,"name":"Testimonios"}]},{"@type":"WebSite","@id":"https:\/\/gerdetect.fr\/es\/#website","url":"https:\/\/gerdetect.fr\/es\/","name":"GER DETECT FRANCE","description":"D\u00e9tecteur de m\u00e9taux, d&#039;or, diamants, d&#039;eau souterraine, radar de sol | Lille, Paris","potentialAction":[{"@type":"SearchAction","target":{"@type":"EntryPoint","urlTemplate":"https:\/\/gerdetect.fr\/es\/?s={search_term_string}"},"query-input":{"@type":"PropertyValueSpecification","valueRequired":true,"valueName":"search_term_string"}}],"inLanguage":"es"}]}},"_links":{"self":[{"href":"https:\/\/gerdetect.fr\/es\/wp-json\/wp\/v2\/pages\/5401","targetHints":{"allow":["GET"]}}],"collection":[{"href":"https:\/\/gerdetect.fr\/es\/wp-json\/wp\/v2\/pages"}],"about":[{"href":"https:\/\/gerdetect.fr\/es\/wp-json\/wp\/v2\/types\/page"}],"author":[{"embeddable":true,"href":"https:\/\/gerdetect.fr\/es\/wp-json\/wp\/v2\/users\/1"}],"replies":[{"embeddable":true,"href":"https:\/\/gerdetect.fr\/es\/wp-json\/wp\/v2\/comments?post=5401"}],"version-history":[{"count":2,"href":"https:\/\/gerdetect.fr\/es\/wp-json\/wp\/v2\/pages\/5401\/revisions"}],"predecessor-version":[{"id":5403,"href":"https:\/\/gerdetect.fr\/es\/wp-json\/wp\/v2\/pages\/5401\/revisions\/5403"}],"wp:attachment":[{"href":"https:\/\/gerdetect.fr\/es\/wp-json\/wp\/v2\/media?parent=5401"}],"curies":[{"name":"wp","href":"https:\/\/api.w.org\/{rel}","templated":true}]}}