{"id":4483,"date":"2025-10-28T08:40:17","date_gmt":"2025-10-28T07:40:17","guid":{"rendered":"https:\/\/gerdetect.fr\/catalogue-detecteur-de-metaux\/sin%20categor\u00eda\/treasure-way\/"},"modified":"2026-01-13T10:46:41","modified_gmt":"2026-01-13T09:46:41","slug":"treasure-way","status":"publish","type":"product","link":"https:\/\/gerdetect.fr\/es\/catalogo-de-detectores-de-metales\/detector-de-cavidades\/treasure-way\/","title":{"rendered":"Treasure Way"},"content":{"rendered":"<div class=\"wpb-content-wrapper\">[vc_row][vc_column][vc_column_text woodmart_inline=&#8221;no&#8221; text_larger=&#8221;no&#8221;]<span style=\"font-weight: 400;\">Para los amantes de la b\u00fasqueda de tesoros, el detector de metales Treasure Way es sin duda una de las tecnolog\u00edas m\u00e1s potentes del mercado. Este nuevo dispositivo de alta gama sigue siendo f\u00e1cil de usar para que toda su investigaci\u00f3n sea fruct\u00edfera. <\/span>[\/vc_column_text][\/vc_column][\/vc_row][vc_row][vc_column][\/vc_column][\/vc_row][vc_row content_placement=&#8221;top&#8221;][vc_column][vc_video link=&#8221;https:\/\/youtu.be\/D7g9qgJOWyg&#8221; align=&#8221;center&#8221; woodmart_css_id=&#8221;690078ca5905e&#8221; image_poster_switch=&#8221;no&#8221;]\n\t\t<div id=\"wd-690078fc05f0a\" class=\"title-wrapper wd-wpb set-mb-s reset-last-child  wd-rs-690078fc05f0a wd-title-color-default wd-title-style-bordered text-center  wd-underline-colored\">\n\t\t\t\n\t\t\t<div class=\"liner-continer\">\n\t\t\t\t<h2 class=\"woodmart-title-container title  wd-font-weight- wd-fontsize-l\" >Treasure Way: el compa\u00f1ero ideal para los buscadores de tesoros<\/h2>\n\t\t\t\t\t\t\t<\/div>\n\t\t\t\n\t\t\t\n\t\t\t\n\t\t<\/div>\n\t\t\n\t\t[vc_row_inner][vc_column_inner][vc_column_text woodmart_inline=&#8221;no&#8221; text_larger=&#8221;no&#8221;]<span style=\"font-weight: 400;\">El Camino del Tesoro es particularmente \u00fatil para investigaciones laboriosas. Utiliza una tecnolog\u00eda llamada &#8220;inducci\u00f3n de pulso&#8221;, que tiene la capacidad de penetrar suelos dif\u00edciles y altamente mineralizados para detectar objetos que se encuentran a profundidades significativas. El detector es capaz de detectar objetivos enterrados hasta 4 metros de profundidad (o incluso m\u00e1s dependiendo de las condiciones del terreno).  <\/span>[\/vc_column_text][\/vc_column_inner][\/vc_row_inner][vc_single_image image=&#8221;4470&#8243; img_size=&#8221;large&#8221; alignment=&#8221;center&#8221; parallax_scroll=&#8221;no&#8221; woodmart_inline=&#8221;no&#8221;][\/vc_column][\/vc_row][vc_row][vc_column]\n\t\t<div id=\"wd-69007b4e7bdb4\" class=\"title-wrapper wd-wpb set-mb-s reset-last-child  wd-rs-69007b4e7bdb4 wd-title-color-default wd-title-style-bordered text-center  wd-underline-colored\">\n\t\t\t\n\t\t\t<div class=\"liner-continer\">\n\t\t\t\t<h2 class=\"woodmart-title-container title  wd-font-weight- wd-fontsize-l\" >Muchos modos de detecci\u00f3n<\/h2>\n\t\t\t\t\t\t\t<\/div>\n\t\t\t\n\t\t\t\n\t\t\t\n\t\t<\/div>\n\t\t\n\t\t[vc_row_inner][vc_column_inner][vc_column_text woodmart_inline=&#8221;no&#8221; text_larger=&#8221;no&#8221;]<span style=\"font-weight: 400;\">El detector de metales Treasure Way combina tres modos de detecci\u00f3n para analizar la zona en profundidad.<\/span>[\/vc_column_text][vc_empty_space height=&#8221;30px&#8221; woodmart_hide_large=&#8221;0&#8243; woodmart_hide_medium=&#8221;0&#8243; woodmart_hide_small=&#8221;0&#8243;]\n\t\t<div id=\"wd-69007b555b95c\" class=\"title-wrapper wd-wpb set-mb-s reset-last-child  wd-rs-69007b555b95c wd-title-color-default wd-title-style-default text-left  wd-underline-colored\">\n\t\t\t\n\t\t\t<div class=\"liner-continer\">\n\t\t\t\t<h3 class=\"woodmart-title-container title  wd-font-weight- wd-fontsize-l\" >Detecci\u00f3n de metales<\/h3>\n\t\t\t\t\t\t\t<\/div>\n\t\t\t\n\t\t\t\n\t\t\t\n\t\t<\/div>\n\t\t\n\t\t[vc_column_text woodmart_inline=&#8221;no&#8221; text_larger=&#8221;no&#8221;]El Treasure Way est\u00e1 equipado con un sistema de detecci\u00f3n por inducci\u00f3n que puede detectar tanto metales no preciosos (hierro, cobre, etc.) como metales preciosos como el oro.<\/p>\n<p> El dispositivo distingue entre diferentes tipos de metales mediante se\u00f1ales que aparecen en la pantalla para que no caves innecesariamente. Este sistema funciona igual de bien cuando el suelo est\u00e1 mineralizado, donde otras tecnolog\u00edas no son tan precisas.[\/vc_column_text][vc_empty_space height=&#8221;15px&#8221; woodmart_hide_large=&#8221;0&#8243; woodmart_hide_medium=&#8221;0&#8243; woodmart_hide_small=&#8221;0&#8243;]\n\t\t<div id=\"wd-69007b5c4febb\" class=\"title-wrapper wd-wpb set-mb-s reset-last-child  wd-rs-69007b5c4febb wd-title-color-default wd-title-style-default text-left  wd-underline-colored\">\n\t\t\t\n\t\t\t<div class=\"liner-continer\">\n\t\t\t\t<h3 class=\"woodmart-title-container title  wd-font-weight- wd-fontsize-l\" >Detecci\u00f3n de cavidades<\/h3>\n\t\t\t\t\t\t\t<\/div>\n\t\t\t\n\t\t\t\n\t\t\t\n\t\t<\/div>\n\t\t\n\t\t[vc_column_text woodmart_inline=&#8221;no&#8221; text_larger=&#8221;no&#8221;]<span style=\"font-weight: 400;\">Adem\u00e1s de metales, Treasure Way es capaz de detectar anomal\u00edas subterr\u00e1neas como t\u00faneles o tumbas antiguas. El sistema analiza la variaci\u00f3n en la densidad del suelo e identifica \u00e1reas donde el terreno es diferente. Esta tecnolog\u00eda es especialmente adecuada para personas que buscan tesoros hist\u00f3ricos y quieren identificar posibles escondites antes de iniciar las excavaciones. Esta vez tambi\u00e9n las se\u00f1ales visuales se muestran en la pantalla y se pueden combinar con el modo de detecci\u00f3n de metales.   <\/span>[\/vc_column_text][vc_empty_space height=&#8221;15px&#8221; woodmart_hide_large=&#8221;0&#8243; woodmart_hide_medium=&#8221;0&#8243; woodmart_hide_small=&#8221;0&#8243;]\n\t\t<div id=\"wd-69007b21c0d62\" class=\"title-wrapper wd-wpb set-mb-s reset-last-child  wd-rs-69007b21c0d62 wd-title-color-default wd-title-style-default text-left  wd-underline-colored\">\n\t\t\t\n\t\t\t<div class=\"liner-continer\">\n\t\t\t\t<h3 class=\"woodmart-title-container title  wd-font-weight- wd-fontsize-l\" >Medici\u00f3n de profundidad<\/h3>\n\t\t\t\t\t\t\t<\/div>\n\t\t\t\n\t\t\t\n\t\t\t\n\t\t<\/div>\n\t\t\n\t\t[vc_column_text woodmart_inline=&#8221;no&#8221; text_larger=&#8221;no&#8221;]<span style=\"font-weight: 400;\">Adem\u00e1s de metales, Treasure Way es capaz de detectar anomal\u00edas subterr\u00e1neas como t\u00faneles o tumbas antiguas. El sistema analiza la variaci\u00f3n en la densidad del suelo e identifica \u00e1reas donde el terreno es diferente. Esta tecnolog\u00eda es especialmente adecuada para personas que buscan tesoros hist\u00f3ricos y quieren identificar posibles escondites antes de iniciar las excavaciones. Esta vez tambi\u00e9n las se\u00f1ales visuales se muestran en la pantalla y se pueden combinar con el modo de detecci\u00f3n de metales.   <\/span>[\/vc_column_text][vc_empty_space height=&#8221;30px&#8221; woodmart_hide_large=&#8221;0&#8243; woodmart_hide_medium=&#8221;0&#8243; woodmart_hide_small=&#8221;0&#8243;]\n\t\t<div id=\"wd-69007b8337ea2\" class=\"title-wrapper wd-wpb set-mb-s reset-last-child  wd-rs-69007b8337ea2 wd-title-color-default wd-title-style-bordered text-center  wd-underline-colored\">\n\t\t\t\n\t\t\t<div class=\"liner-continer\">\n\t\t\t\t<h2 class=\"woodmart-title-container title  wd-font-weight- wd-fontsize-l\" >Un dispositivo s\u00f3lido<\/h2>\n\t\t\t\t\t\t\t<\/div>\n\t\t\t\n\t\t\t\n\t\t\t\n\t\t<\/div>\n\t\t\n\t\t[vc_column_text woodmart_inline=&#8221;no&#8221; text_larger=&#8221;no&#8221;]<span style=\"font-weight: 400;\">The Treasure Way est\u00e1 fabricado en Alemania y goza de una calidad impecable, cumpliendo con los est\u00e1ndares actuales. El dispositivo es liviano para garantizar comodidad durante b\u00fasquedas largas. Adem\u00e1s, su pantalla muestra claramente la informaci\u00f3n de detecci\u00f3n en 6 idiomas (franc\u00e9s, ingl\u00e9s, alem\u00e1n, espa\u00f1ol, \u00e1rabe y persa) para que todos puedan utilizarla.  <\/span>[\/vc_column_text][vc_empty_space height=&#8221;30px&#8221; woodmart_hide_large=&#8221;0&#8243; woodmart_hide_medium=&#8221;0&#8243; woodmart_hide_small=&#8221;0&#8243;]\n\t\t<div id=\"wd-69007be1ca08b\" class=\"title-wrapper wd-wpb set-mb-s reset-last-child  wd-rs-69007be1ca08b wd-title-color-default wd-title-style-bordered text-center  wd-underline-colored\">\n\t\t\t\n\t\t\t<div class=\"liner-continer\">\n\t\t\t\t<h2 class=\"woodmart-title-container title  wd-font-weight- wd-fontsize-l\" >Treasure Way, el detector que necesitas<\/h2>\n\t\t\t\t\t\t\t<\/div>\n\t\t\t\n\t\t\t\n\t\t\t\n\t\t<\/div>\n\t\t\n\t\t[vc_empty_space height=&#8221;30px&#8221; woodmart_hide_large=&#8221;0&#8243; woodmart_hide_medium=&#8221;0&#8243; woodmart_hide_small=&#8221;0&#8243;][\/vc_column_inner][\/vc_row_inner][\/vc_column][\/vc_row][vc_row content_placement=&#8221;middle&#8221; woodmart_css_id=&#8221;69008dd2becee&#8221; responsive_spacing=&#8221;eyJwYXJhbV90eXBlIjoid29vZG1hcnRfcmVzcG9uc2l2ZV9zcGFjaW5nIiwic2VsZWN0b3JfaWQiOiI2OTAwOGRkMmJlY2VlIiwic2hvcnRjb2RlIjoidmNfcm93IiwiZGF0YSI6eyJ0YWJsZXQiOnt9LCJtb2JpbGUiOnt9fX0=&#8221; mobile_bg_img_hidden=&#8221;no&#8221; tablet_bg_img_hidden=&#8221;no&#8221; woodmart_parallax=&#8221;0&#8243; woodmart_gradient_switch=&#8221;no&#8221; woodmart_box_shadow=&#8221;no&#8221; wd_z_index=&#8221;no&#8221; woodmart_disable_overflow=&#8221;0&#8243; row_reverse_mobile=&#8221;0&#8243; row_reverse_tablet=&#8221;0&#8243;][vc_column width=&#8221;1\/2&#8243; vertical_alignment=&#8221;eyJkZXZpY2VzIjp7ImRlc2t0b3AiOnsidmFsdWUiOiJjZW50ZXIifSwidGFibGV0Ijp7InZhbHVlIjoiIn0sIm1vYmlsZSI6eyJ2YWx1ZSI6IiJ9fX0=&#8221; woodmart_css_id=&#8221;69007d28cc505&#8243; parallax_scroll=&#8221;no&#8221; woodmart_sticky_column=&#8221;false&#8221; wd_collapsible_content_switcher=&#8221;no&#8221; wd_column_role_offcanvas_desktop=&#8221;no&#8221; wd_column_role_offcanvas_tablet=&#8221;no&#8221; wd_column_role_offcanvas_mobile=&#8221;no&#8221; wd_column_role_content_desktop=&#8221;no&#8221; wd_column_role_content_tablet=&#8221;no&#8221; wd_column_role_content_mobile=&#8221;no&#8221; mobile_bg_img_hidden=&#8221;no&#8221; tablet_bg_img_hidden=&#8221;no&#8221; woodmart_parallax=&#8221;0&#8243; woodmart_box_shadow=&#8221;no&#8221; responsive_spacing=&#8221;eyJwYXJhbV90eXBlIjoid29vZG1hcnRfcmVzcG9uc2l2ZV9zcGFjaW5nIiwic2VsZWN0b3JfaWQiOiI2OTAwN2QyOGNjNTA1Iiwic2hvcnRjb2RlIjoidmNfY29sdW1uIiwiZGF0YSI6eyJ0YWJsZXQiOnt9LCJtb2JpbGUiOnt9fX0=&#8221; mobile_reset_margin=&#8221;no&#8221; tablet_reset_margin=&#8221;no&#8221; wd_z_index=&#8221;no&#8221;][vc_row_inner content_placement=&#8221;middle&#8221; woodmart_css_id=&#8221;69007d3359f6c&#8221; responsive_spacing=&#8221;eyJwYXJhbV90eXBlIjoid29vZG1hcnRfcmVzcG9uc2l2ZV9zcGFjaW5nIiwic2VsZWN0b3JfaWQiOiI2OTAwN2QzMzU5ZjZjIiwic2hvcnRjb2RlIjoidmNfcm93X2lubmVyIiwiZGF0YSI6eyJ0YWJsZXQiOnt9LCJtb2JpbGUiOnt9fX0=&#8221; mobile_bg_img_hidden=&#8221;no&#8221; tablet_bg_img_hidden=&#8221;no&#8221; woodmart_parallax=&#8221;0&#8243; woodmart_gradient_switch=&#8221;no&#8221; woodmart_box_shadow=&#8221;no&#8221; wd_z_index=&#8221;no&#8221; woodmart_disable_overflow=&#8221;0&#8243; row_reverse_mobile=&#8221;0&#8243; row_reverse_tablet=&#8221;0&#8243;][vc_column_inner woodmart_text_align=&#8221;left&#8221; woodmart_css_id=&#8221;69008dbfec831&#8243; parallax_scroll=&#8221;no&#8221; woodmart_sticky_column=&#8221;false&#8221; wd_collapsible_content_switcher=&#8221;no&#8221; wd_column_role_offcanvas_desktop=&#8221;no&#8221; wd_column_role_offcanvas_tablet=&#8221;no&#8221; wd_column_role_offcanvas_mobile=&#8221;no&#8221; wd_column_role_content_desktop=&#8221;no&#8221; wd_column_role_content_tablet=&#8221;no&#8221; wd_column_role_content_mobile=&#8221;no&#8221; mobile_bg_img_hidden=&#8221;no&#8221; tablet_bg_img_hidden=&#8221;no&#8221; woodmart_parallax=&#8221;0&#8243; woodmart_box_shadow=&#8221;no&#8221; responsive_spacing=&#8221;eyJwYXJhbV90eXBlIjoid29vZG1hcnRfcmVzcG9uc2l2ZV9zcGFjaW5nIiwic2VsZWN0b3JfaWQiOiI2OTAwOGRiZmVjODMxIiwic2hvcnRjb2RlIjoidmNfY29sdW1uX2lubmVyIiwiZGF0YSI6eyJ0YWJsZXQiOnt9LCJtb2JpbGUiOnt9fX0=&#8221; wd_z_index=&#8221;no&#8221;][vc_column_text woodmart_inline=&#8221;no&#8221; text_larger=&#8221;no&#8221;]<span style=\"font-weight: 400;\">The Treasure Way es un detector de metales de alta gama adecuado para todos los usuarios. <\/span><\/p>\n<p><span style=\"font-weight: 400;\">Gracias a sus opciones avanzadas detecta objetos enterrados a varios metros de profundidad, incluso cuando el suelo es de mala calidad. <\/span><\/p>\n<p><span style=\"font-weight: 400;\">\u00a1D\u00e9jate tentar y haz fruct\u00edfera toda tu investigaci\u00f3n! <\/span>[\/vc_column_text][\/vc_column_inner][\/vc_row_inner][\/vc_column][vc_column width=&#8221;1\/2&#8243;][vc_single_image image=&#8221;4471&#8243; img_size=&#8221;full&#8221; alignment=&#8221;center&#8221; parallax_scroll=&#8221;no&#8221; woodmart_inline=&#8221;no&#8221;][\/vc_column][\/vc_row]\n<\/div>","protected":false},"excerpt":{"rendered":"<p>The Treasure Way es un detector de metales profesional de fabricaci\u00f3n alemana con un avanzado sistema de inducci\u00f3n pulsada. Dise\u00f1ado para ignorar objetos peque\u00f1os e impurezas del suelo, se centra en detectar objetivos profundamente enterrados, como tesoros antiguos, reliquias y artefactos de alto valor. <\/p>\n","protected":false},"featured_media":2955,"template":"","meta":{"_joinchat":[]},"product_brand":[],"product_cat":[135,137,138],"product_tag":[162],"class_list":{"0":"post-4483","1":"product","2":"type-product","3":"status-publish","4":"has-post-thumbnail","6":"product_cat-detector-de-cavidades","7":"product_cat-detector-de-metales","8":"product_cat-radar-de-suelo","9":"product_tag-detector-de-metales","11":"first","12":"instock","13":"taxable","14":"shipping-taxable","15":"purchasable","16":"product-type-simple"},"yoast_head":"<!-- This site is optimized with the Yoast SEO plugin v26.3 - https:\/\/yoast.com\/wordpress\/plugins\/seo\/ -->\n<title>Treasure Way: \u00a1el aliado ideal para detectar oro y tesoros antiguos!<\/title>\n<meta name=\"description\" content=\"El Treasure Way es un detector de metales capaz de identificar oro, reliquias, vac\u00edos y tumbas antiguas de hasta 4 metros de profundidad.\" \/>\n<meta name=\"robots\" content=\"index, follow, max-snippet:-1, max-image-preview:large, max-video-preview:-1\" \/>\n<link rel=\"canonical\" href=\"https:\/\/gerdetect.fr\/es\/catalogo-de-detectores-de-metales\/detector-de-cavidades\/treasure-way\/\" \/>\n<meta property=\"og:locale\" content=\"es_ES\" \/>\n<meta property=\"og:type\" content=\"article\" \/>\n<meta property=\"og:title\" content=\"Treasure Way: \u00a1el aliado ideal para detectar oro y tesoros antiguos!\" \/>\n<meta property=\"og:description\" content=\"El Treasure Way es un detector de metales capaz de identificar oro, reliquias, vac\u00edos y tumbas antiguas de hasta 4 metros de profundidad.\" \/>\n<meta property=\"og:url\" content=\"https:\/\/gerdetect.fr\/es\/catalogo-de-detectores-de-metales\/detector-de-cavidades\/treasure-way\/\" \/>\n<meta property=\"og:site_name\" content=\"GER DETECT FRANCE\" \/>\n<meta property=\"article:modified_time\" content=\"2026-01-13T09:46:41+00:00\" \/>\n<meta property=\"og:image\" content=\"https:\/\/gerdetect.fr\/wp-content\/uploads\/2025\/10\/imageprodTreasureWAy.png\" \/>\n\t<meta property=\"og:image:width\" content=\"1600\" \/>\n\t<meta property=\"og:image:height\" content=\"1600\" \/>\n\t<meta property=\"og:image:type\" content=\"image\/png\" \/>\n<meta name=\"twitter:card\" content=\"summary_large_image\" \/>\n<meta name=\"twitter:label1\" content=\"Tiempo de lectura\" \/>\n\t<meta name=\"twitter:data1\" content=\"7 minutos\" \/>\n<script type=\"application\/ld+json\" class=\"yoast-schema-graph\">{\"@context\":\"https:\/\/schema.org\",\"@graph\":[{\"@type\":\"WebPage\",\"@id\":\"https:\/\/gerdetect.fr\/es\/catalogo-de-detectores-de-metales\/detector-de-cavidades\/treasure-way\/\",\"url\":\"https:\/\/gerdetect.fr\/es\/catalogo-de-detectores-de-metales\/detector-de-cavidades\/treasure-way\/\",\"name\":\"Treasure Way: \u00a1el aliado ideal para detectar oro y tesoros antiguos!\",\"isPartOf\":{\"@id\":\"https:\/\/gerdetect.fr\/es\/#website\"},\"primaryImageOfPage\":{\"@id\":\"https:\/\/gerdetect.fr\/es\/catalogo-de-detectores-de-metales\/detector-de-cavidades\/treasure-way\/#primaryimage\"},\"image\":{\"@id\":\"https:\/\/gerdetect.fr\/es\/catalogo-de-detectores-de-metales\/detector-de-cavidades\/treasure-way\/#primaryimage\"},\"thumbnailUrl\":\"https:\/\/gerdetect.fr\/wp-content\/uploads\/2025\/10\/imageprodTreasureWAy.png\",\"datePublished\":\"2025-10-28T07:40:17+00:00\",\"dateModified\":\"2026-01-13T09:46:41+00:00\",\"description\":\"El Treasure Way es un detector de metales capaz de identificar oro, reliquias, vac\u00edos y tumbas antiguas de hasta 4 metros de profundidad.\",\"breadcrumb\":{\"@id\":\"https:\/\/gerdetect.fr\/es\/catalogo-de-detectores-de-metales\/detector-de-cavidades\/treasure-way\/#breadcrumb\"},\"inLanguage\":\"es\",\"potentialAction\":[{\"@type\":\"ReadAction\",\"target\":[\"https:\/\/gerdetect.fr\/es\/catalogo-de-detectores-de-metales\/detector-de-cavidades\/treasure-way\/\"]}]},{\"@type\":\"ImageObject\",\"inLanguage\":\"es\",\"@id\":\"https:\/\/gerdetect.fr\/es\/catalogo-de-detectores-de-metales\/detector-de-cavidades\/treasure-way\/#primaryimage\",\"url\":\"https:\/\/gerdetect.fr\/wp-content\/uploads\/2025\/10\/imageprodTreasureWAy.png\",\"contentUrl\":\"https:\/\/gerdetect.fr\/wp-content\/uploads\/2025\/10\/imageprodTreasureWAy.png\",\"width\":1600,\"height\":1600},{\"@type\":\"BreadcrumbList\",\"@id\":\"https:\/\/gerdetect.fr\/es\/catalogo-de-detectores-de-metales\/detector-de-cavidades\/treasure-way\/#breadcrumb\",\"itemListElement\":[{\"@type\":\"ListItem\",\"position\":1,\"name\":\"Accueil\",\"item\":\"https:\/\/gerdetect.fr\/es\/\"},{\"@type\":\"ListItem\",\"position\":2,\"name\":\"Tienda\",\"item\":\"https:\/\/gerdetect.fr\/es\/tienda\/\"},{\"@type\":\"ListItem\",\"position\":3,\"name\":\"Treasure Way\"}]},{\"@type\":\"WebSite\",\"@id\":\"https:\/\/gerdetect.fr\/es\/#website\",\"url\":\"https:\/\/gerdetect.fr\/es\/\",\"name\":\"GER DETECT FRANCE\",\"description\":\"D\u00e9tecteur de m\u00e9taux, d&#039;or, diamants, d&#039;eau souterraine, radar de sol | Lille, Paris\",\"potentialAction\":[{\"@type\":\"SearchAction\",\"target\":{\"@type\":\"EntryPoint\",\"urlTemplate\":\"https:\/\/gerdetect.fr\/es\/?s={search_term_string}\"},\"query-input\":{\"@type\":\"PropertyValueSpecification\",\"valueRequired\":true,\"valueName\":\"search_term_string\"}}],\"inLanguage\":\"es\"}]}<\/script>\n<!-- \/ Yoast SEO plugin. -->","yoast_head_json":{"title":"Treasure Way: \u00a1el aliado ideal para detectar oro y tesoros antiguos!","description":"El Treasure Way es un detector de metales capaz de identificar oro, reliquias, vac\u00edos y tumbas antiguas de hasta 4 metros de profundidad.","robots":{"index":"index","follow":"follow","max-snippet":"max-snippet:-1","max-image-preview":"max-image-preview:large","max-video-preview":"max-video-preview:-1"},"canonical":"https:\/\/gerdetect.fr\/es\/catalogo-de-detectores-de-metales\/detector-de-cavidades\/treasure-way\/","og_locale":"es_ES","og_type":"article","og_title":"Treasure Way: \u00a1el aliado ideal para detectar oro y tesoros antiguos!","og_description":"El Treasure Way es un detector de metales capaz de identificar oro, reliquias, vac\u00edos y tumbas antiguas de hasta 4 metros de profundidad.","og_url":"https:\/\/gerdetect.fr\/es\/catalogo-de-detectores-de-metales\/detector-de-cavidades\/treasure-way\/","og_site_name":"GER DETECT FRANCE","article_modified_time":"2026-01-13T09:46:41+00:00","og_image":[{"width":1600,"height":1600,"url":"https:\/\/gerdetect.fr\/wp-content\/uploads\/2025\/10\/imageprodTreasureWAy.png","type":"image\/png"}],"twitter_card":"summary_large_image","twitter_misc":{"Tiempo de lectura":"7 minutos"},"schema":{"@context":"https:\/\/schema.org","@graph":[{"@type":"WebPage","@id":"https:\/\/gerdetect.fr\/es\/catalogo-de-detectores-de-metales\/detector-de-cavidades\/treasure-way\/","url":"https:\/\/gerdetect.fr\/es\/catalogo-de-detectores-de-metales\/detector-de-cavidades\/treasure-way\/","name":"Treasure Way: \u00a1el aliado ideal para detectar oro y tesoros antiguos!","isPartOf":{"@id":"https:\/\/gerdetect.fr\/es\/#website"},"primaryImageOfPage":{"@id":"https:\/\/gerdetect.fr\/es\/catalogo-de-detectores-de-metales\/detector-de-cavidades\/treasure-way\/#primaryimage"},"image":{"@id":"https:\/\/gerdetect.fr\/es\/catalogo-de-detectores-de-metales\/detector-de-cavidades\/treasure-way\/#primaryimage"},"thumbnailUrl":"https:\/\/gerdetect.fr\/wp-content\/uploads\/2025\/10\/imageprodTreasureWAy.png","datePublished":"2025-10-28T07:40:17+00:00","dateModified":"2026-01-13T09:46:41+00:00","description":"El Treasure Way es un detector de metales capaz de identificar oro, reliquias, vac\u00edos y tumbas antiguas de hasta 4 metros de profundidad.","breadcrumb":{"@id":"https:\/\/gerdetect.fr\/es\/catalogo-de-detectores-de-metales\/detector-de-cavidades\/treasure-way\/#breadcrumb"},"inLanguage":"es","potentialAction":[{"@type":"ReadAction","target":["https:\/\/gerdetect.fr\/es\/catalogo-de-detectores-de-metales\/detector-de-cavidades\/treasure-way\/"]}]},{"@type":"ImageObject","inLanguage":"es","@id":"https:\/\/gerdetect.fr\/es\/catalogo-de-detectores-de-metales\/detector-de-cavidades\/treasure-way\/#primaryimage","url":"https:\/\/gerdetect.fr\/wp-content\/uploads\/2025\/10\/imageprodTreasureWAy.png","contentUrl":"https:\/\/gerdetect.fr\/wp-content\/uploads\/2025\/10\/imageprodTreasureWAy.png","width":1600,"height":1600},{"@type":"BreadcrumbList","@id":"https:\/\/gerdetect.fr\/es\/catalogo-de-detectores-de-metales\/detector-de-cavidades\/treasure-way\/#breadcrumb","itemListElement":[{"@type":"ListItem","position":1,"name":"Accueil","item":"https:\/\/gerdetect.fr\/es\/"},{"@type":"ListItem","position":2,"name":"Tienda","item":"https:\/\/gerdetect.fr\/es\/tienda\/"},{"@type":"ListItem","position":3,"name":"Treasure Way"}]},{"@type":"WebSite","@id":"https:\/\/gerdetect.fr\/es\/#website","url":"https:\/\/gerdetect.fr\/es\/","name":"GER DETECT FRANCE","description":"D\u00e9tecteur de m\u00e9taux, d&#039;or, diamants, d&#039;eau souterraine, radar de sol | Lille, Paris","potentialAction":[{"@type":"SearchAction","target":{"@type":"EntryPoint","urlTemplate":"https:\/\/gerdetect.fr\/es\/?s={search_term_string}"},"query-input":{"@type":"PropertyValueSpecification","valueRequired":true,"valueName":"search_term_string"}}],"inLanguage":"es"}]}},"_links":{"self":[{"href":"https:\/\/gerdetect.fr\/es\/wp-json\/wp\/v2\/product\/4483","targetHints":{"allow":["GET"]}}],"collection":[{"href":"https:\/\/gerdetect.fr\/es\/wp-json\/wp\/v2\/product"}],"about":[{"href":"https:\/\/gerdetect.fr\/es\/wp-json\/wp\/v2\/types\/product"}],"wp:featuredmedia":[{"embeddable":true,"href":"https:\/\/gerdetect.fr\/es\/wp-json\/wp\/v2\/media\/2955"}],"wp:attachment":[{"href":"https:\/\/gerdetect.fr\/es\/wp-json\/wp\/v2\/media?parent=4483"}],"wp:term":[{"taxonomy":"product_brand","embeddable":true,"href":"https:\/\/gerdetect.fr\/es\/wp-json\/wp\/v2\/product_brand?post=4483"},{"taxonomy":"product_cat","embeddable":true,"href":"https:\/\/gerdetect.fr\/es\/wp-json\/wp\/v2\/product_cat?post=4483"},{"taxonomy":"product_tag","embeddable":true,"href":"https:\/\/gerdetect.fr\/es\/wp-json\/wp\/v2\/product_tag?post=4483"}],"curies":[{"name":"wp","href":"https:\/\/api.w.org\/{rel}","templated":true}]}}