{"id":4526,"date":"2025-01-27T14:25:13","date_gmt":"2025-01-27T13:25:13","guid":{"rendered":"https:\/\/gerdetect.fr\/catalogue-detecteur-de-metaux\/sin%20categor\u00eda\/detector-excavador-de-oro-uig-2-sistemas\/"},"modified":"2026-01-13T10:52:50","modified_gmt":"2026-01-13T09:52:50","slug":"detector-excavador-de-oro-uig-2-sistemas","status":"publish","type":"product","link":"https:\/\/gerdetect.fr\/es\/catalogo-de-detectores-de-metales\/detector-de-cavidades\/detector-excavador-de-oro-uig-2-sistemas\/","title":{"rendered":"DETECTOR EXCAVADOR DE ORO UIG &#8211; 2 sistemas"},"content":{"rendered":"<div class=\"wpb-content-wrapper\">[vc_row][vc_column][vc_column_text woodmart_inline=&#8221;no&#8221; text_larger=&#8221;no&#8221;]Prep\u00e1rese para conquistar oro y metales preciosos con el detector UIG Gold Digger. Dise\u00f1ado con siete sistemas de b\u00fasqueda avanzada, este dispositivo demuestra la capacidad de adaptarse a todo tipo de terreno.[\/vc_column_text][\/vc_column][\/vc_row][vc_row content_placement=&#8221;top&#8221;][vc_column][vc_video link=&#8221;https:\/\/www.youtube.com\/watch?v=_BchWMz_4Xk&amp;t=1s&#8221; align=&#8221;center&#8221; woodmart_css_id=&#8221;67978b6e7c3d5&#8243; image_poster_switch=&#8221;no&#8221;]\n\t\t<div id=\"wd-6798f9e0378c9\" class=\"title-wrapper wd-wpb set-mb-s reset-last-child  wd-rs-6798f9e0378c9 wd-title-color-default wd-title-style-bordered text-center  wd-underline-colored\">\n\t\t\t\n\t\t\t<div class=\"liner-continer\">\n\t\t\t\t<h2 class=\"woodmart-title-container title  wd-font-weight- wd-fontsize-l\" >Detector buscador de oro UIG: sus caracter\u00edsticas t\u00e9cnicas<\/h2>\n\t\t\t\t\t\t\t<\/div>\n\t\t\t\n\t\t\t\n\t\t\t\n\t\t<\/div>\n\t\t\n\t\t[vc_row_inner][vc_column_inner][vc_column_text woodmart_inline=&#8221;no&#8221; text_larger=&#8221;no&#8221;]<span style=\"font-weight: 400;\">Prep\u00e1rese para conquistar oro y metales preciosos con el detector UIG Gold Digger, disponible en <b><a href=\"https:\/\/gerdetect.fr\/es\/\">GER Detect<\/a><\/b>. Dise\u00f1ado con siete sistemas de b\u00fasqueda avanzada, este dispositivo demuestra la capacidad de adaptarse a todo tipo de terreno. De hecho, \u00a1podr\u00e1s detectar oro, plata, bronce y muchos otros tesoros enterrados! Tanto si eres un aficionado como un profesional de la prospecci\u00f3n, sus caracter\u00edsticas innovadoras lo convierten en el candidato ideal para tus futuras expediciones.   <\/span><\/p>\n<p><span style=\"font-weight: 400;\">A la vanguardia del mercado, descubra la excelencia del UIG Gold Digger Detector, el detector de oro y detector de metales preciosos que revoluciona sus exploraciones. Este \u00faltimo detecta tanto oro en bruto como metales preciosos y todo tipo de tesoros escondidos. Disponible en Inventum Detector, preciso y vers\u00e1til, es el candidato perfecto para realizar tus expediciones.  <\/span><\/p>\n<p><span style=\"font-weight: 400;\">Con siete sistemas de b\u00fasqueda integrados, el detector UIG Gold Digger se adapta a cualquier situaci\u00f3n, proporcionando una detecci\u00f3n r\u00e1pida y precisa seg\u00fan sus necesidades. De hecho, la tecnolog\u00eda de punta presente en el dispositivo permite una discriminaci\u00f3n innovadora. Adem\u00e1s, este detector tambi\u00e9n ofrece un sistema de filtrado de metales (preciosos o no) maximizando tus exploraciones, \u00a1ignorando los metales no deseados!  <\/span><\/p>\n<p><span style=\"font-weight: 400;\">Adem\u00e1s, el dispositivo de detecci\u00f3n ha sido dise\u00f1ado para simplificar y maximizar sus b\u00fasquedas integrando las siguientes funcionalidades:<\/span><\/p>\n<ul>\n<li style=\"font-weight: 400;\" aria-level=\"1\"><span style=\"font-weight: 400;\">Una pantalla t\u00e1ctil HD de 4,3 pulgadas para una mejor legibilidad;<\/span><\/li>\n<li style=\"font-weight: 400;\" aria-level=\"1\"><span style=\"font-weight: 400;\">Una interfaz intuitiva que garantiza un manejo r\u00e1pido y resultados instant\u00e1neos en el campo;<\/span><\/li>\n<li style=\"font-weight: 400;\" aria-level=\"1\"><span style=\"font-weight: 400;\">Una bater\u00eda de larga duraci\u00f3n, que ofrece hasta 10 horas de autonom\u00eda.<\/span><\/li>\n<\/ul>\n[\/vc_column_text][\/vc_column_inner][\/vc_row_inner][vc_single_image image=&#8221;4484&#8243; img_size=&#8221;large&#8221; alignment=&#8221;center&#8221; parallax_scroll=&#8221;no&#8221; woodmart_inline=&#8221;no&#8221;][\/vc_column][\/vc_row][vc_row][vc_column]\n\t\t<div id=\"wd-67978db15ab51\" class=\"title-wrapper wd-wpb set-mb-s reset-last-child  wd-rs-67978db15ab51 wd-title-color-default wd-title-style-bordered text-center  wd-underline-colored\">\n\t\t\t\n\t\t\t<div class=\"liner-continer\">\n\t\t\t\t<h2 class=\"woodmart-title-container title  wd-font-weight- wd-fontsize-l\" >DETECTOR EXCAVADOR DE ORO UIG: Detecci\u00f3n precisa en todas las condiciones<\/h2>\n\t\t\t\t\t\t\t<\/div>\n\t\t\t\n\t\t\t\n\t\t\t\n\t\t<\/div>\n\t\t\n\t\t[vc_single_image image=&#8221;4485&#8243; img_size=&#8221;large&#8221; alignment=&#8221;center&#8221; parallax_scroll=&#8221;no&#8221; woodmart_inline=&#8221;no&#8221;][vc_row_inner][vc_column_inner][vc_column_text woodmart_inline=&#8221;no&#8221; text_larger=&#8221;no&#8221;]El detector UIG Gold Digger supera los l\u00edmites de la detecci\u00f3n gracias a la integraci\u00f3n del sistema autom\u00e1tico VLF. De hecho, insensible a las variaciones del terreno o del clima, sigue siendo eficaz incluso en ambientes h\u00famedos o mineralizados. Adem\u00e1s, la avanzada tecnolog\u00eda de calibraci\u00f3n de su bobina DD13 garantiza b\u00fasquedas \u00f3ptimas. Y esto, sean cuales sean las condiciones de env\u00edo. Al mismo tiempo, la bobina doble D, robusta y de alto rendimiento, aumenta sus posibilidades de \u00e9xito durante sus exploraciones. De hecho, este detector te acompa\u00f1a perfectamente en cada aventura, \u00a1disfrutando de total libertad para maximizar tus descubrimientos![\/vc_column_text][\/vc_column_inner][\/vc_row_inner][vc_single_image image=&#8221;4486&#8243; img_size=&#8221;medium&#8221; alignment=&#8221;center&#8221; parallax_scroll=&#8221;no&#8221; woodmart_inline=&#8221;no&#8221;][\/vc_column][\/vc_row][vc_row][vc_column]\n\t\t<div id=\"wd-6798f90b9ba27\" class=\"title-wrapper wd-wpb set-mb-s reset-last-child  wd-rs-6798f90b9ba27 wd-title-color-default wd-title-style-bordered text-center  wd-underline-colored\">\n\t\t\t\n\t\t\t<div class=\"liner-continer\">\n\t\t\t\t<h2 class=\"woodmart-title-container title  wd-font-weight- wd-fontsize-l\" >UIG Gold Digger Detector integra 7 modos de b\u00fasqueda<\/h2>\n\t\t\t\t\t\t\t<\/div>\n\t\t\t\n\t\t\t\n\t\t\t\n\t\t<\/div>\n\t\t\n\t\t[vc_row_inner][vc_column_inner width=&#8221;1\/2&#8243;][vc_column_text woodmart_inline=&#8221;no&#8221; text_larger=&#8221;no&#8221;]<span style=\"font-weight: 400;\">El Detector Gold Digger de UIG destaca por su inigualable rendimiento y versatilidad gracias a sus avanzadas capacidades de investigaci\u00f3n.<\/span><\/p>\n<ul>\n<li style=\"font-weight: 400;\" aria-level=\"1\"><span style=\"font-weight: 400;\">B\u00fasqueda general: perfecta para detectar objetos de todos los tama\u00f1os;<\/span><\/li>\n<li style=\"font-weight: 400;\" aria-level=\"1\"><span style=\"font-weight: 400;\">Objetivos peque\u00f1os: dise\u00f1ados para localizar con precisi\u00f3n oro, plata y piezas met\u00e1licas peque\u00f1as;<\/span><\/li>\n<li style=\"font-weight: 400;\" aria-level=\"1\"><span style=\"font-weight: 400;\">Gran profundidad: ideal para objetos grandes enterrados profundamente en el suelo;<\/span><\/li>\n<li style=\"font-weight: 400;\" aria-level=\"1\"><span style=\"font-weight: 400;\">Suelos Mineralizados: garantiza una detecci\u00f3n de alta precisi\u00f3n en suelos ruidosos y ricos en minerales;<\/span><\/li>\n<li style=\"font-weight: 400;\" aria-level=\"1\"><span style=\"font-weight: 400;\">Smart Scan : offre une d\u00e9tection pr\u00e9cise des petites cibles dans les profondeurs ;<\/span><\/li>\n<li style=\"font-weight: 400;\" aria-level=\"1\"><span style=\"font-weight: 400;\">B\u00fasqueda personalizada: adapta la configuraci\u00f3n de b\u00fasqueda para buscar tesoros a cualquier profundidad; <\/span><\/li>\n<li style=\"font-weight: 400;\" aria-level=\"1\"><span style=\"font-weight: 400;\">Ubicaci\u00f3n del objetivo: garantiza un objetivo preciso en profundidad, perfecto para facilitar la excavaci\u00f3n.<\/span><\/li>\n<\/ul>\n[\/vc_column_text][\/vc_column_inner][vc_column_inner width=&#8221;1\/2&#8243;][vc_single_image image=&#8221;4487&#8243; img_size=&#8221;large&#8221; parallax_scroll=&#8221;no&#8221; woodmart_inline=&#8221;no&#8221;][\/vc_column_inner][\/vc_row_inner][vc_row_inner][vc_column_inner][vc_single_image image=&#8221;4488&#8243; img_size=&#8221;large&#8221; parallax_scroll=&#8221;no&#8221; woodmart_inline=&#8221;no&#8221;][\/vc_column_inner][\/vc_row_inner][vc_row_inner][vc_column_inner][\/vc_column_inner][\/vc_row_inner][vc_row_inner][vc_column_inner][vc_single_image image=&#8221;4489&#8243; img_size=&#8221;large&#8221; parallax_scroll=&#8221;no&#8221; woodmart_inline=&#8221;no&#8221;][\/vc_column_inner][\/vc_row_inner][\/vc_column][\/vc_row][vc_row][vc_column]\n\t\t<div id=\"wd-679790fad9e91\" class=\"title-wrapper wd-wpb set-mb-s reset-last-child  wd-rs-679790fad9e91 wd-title-color-default wd-title-style-bordered text-center  wd-underline-colored\">\n\t\t\t\n\t\t\t<div class=\"liner-continer\">\n\t\t\t\t<h2 class=\"woodmart-title-container title  wd-font-weight- wd-fontsize-l\" >Prospection en profondeur<\/h2>\n\t\t\t\t\t\t\t<\/div>\n\t\t\t\n\t\t\t\n\t\t\t\n\t\t<\/div>\n\t\t\n\t\t[vc_row_inner][vc_column_inner][vc_column_text woodmart_inline=&#8221;no&#8221; text_larger=&#8221;no&#8221;]Equipado con una bobina de b\u00fasqueda A18, el detector UIG Gold Digger ofrece un rendimiento \u00f3ptimo hasta 4 metros de profundidad, sea cual sea el terreno o el clima explorado. Directamente desde Alemania, el detector UIG Gold Digger tiene la certificaci\u00f3n CE e ISO 9001 y cumple con los est\u00e1ndares europeos e internacionales. \u00a1Aproveche un dispositivo f\u00e1cil de usar y disponible en varios idiomas: franc\u00e9s, ingl\u00e9s, alem\u00e1n, \u00e1rabe, espa\u00f1ol y portugu\u00e9s![\/vc_column_text][\/vc_column_inner][\/vc_row_inner][vc_single_image image=&#8221;4490&#8243; img_size=&#8221;large&#8221; parallax_scroll=&#8221;no&#8221; woodmart_inline=&#8221;no&#8221;][vc_single_image image=&#8221;4491&#8243; img_size=&#8221;large&#8221; parallax_scroll=&#8221;no&#8221; woodmart_inline=&#8221;no&#8221;][vc_single_image image=&#8221;4492&#8243; img_size=&#8221;large&#8221; parallax_scroll=&#8221;no&#8221; woodmart_inline=&#8221;no&#8221;][vc_row_inner][vc_column_inner width=&#8221;1\/2&#8243;][vc_column_text woodmart_inline=&#8221;no&#8221; text_larger=&#8221;no&#8221;]\n<p style=\"text-align: center;\"><strong>certificado europeo de conformidad<\/strong><\/p>\n[\/vc_column_text][vc_single_image image=&#8221;4493&#8243; img_size=&#8221;medium&#8221; parallax_scroll=&#8221;no&#8221; woodmart_inline=&#8221;no&#8221;][vc_single_image image=&#8221;4494&#8243; parallax_scroll=&#8221;no&#8221; woodmart_inline=&#8221;no&#8221;][\/vc_column_inner][vc_column_inner width=&#8221;1\/2&#8243;][vc_column_text woodmart_inline=&#8221;no&#8221; text_larger=&#8221;no&#8221;]\n<p style=\"text-align: center;\"><strong>ISO 9001:2015<\/strong><\/p>\n[\/vc_column_text][vc_single_image image=&#8221;4495&#8243; img_size=&#8221;medium&#8221; parallax_scroll=&#8221;no&#8221; woodmart_inline=&#8221;no&#8221;][vc_single_image image=&#8221;4496&#8243; parallax_scroll=&#8221;no&#8221; woodmart_inline=&#8221;no&#8221;][\/vc_column_inner][\/vc_row_inner][vc_single_image image=&#8221;4497&#8243; img_size=&#8221;large&#8221; parallax_scroll=&#8221;no&#8221; woodmart_inline=&#8221;no&#8221;][vc_single_image image=&#8221;4498&#8243; img_size=&#8221;large&#8221; parallax_scroll=&#8221;no&#8221; woodmart_inline=&#8221;no&#8221;][vc_single_image image=&#8221;4499&#8243; img_size=&#8221;large&#8221; parallax_scroll=&#8221;no&#8221; woodmart_inline=&#8221;no&#8221;][vc_row_inner][vc_column_inner width=&#8221;1\/3&#8243;][vc_single_image image=&#8221;4500&#8243; parallax_scroll=&#8221;no&#8221; woodmart_inline=&#8221;no&#8221;][vc_single_image image=&#8221;4501&#8243; parallax_scroll=&#8221;no&#8221; woodmart_inline=&#8221;no&#8221;][vc_single_image image=&#8221;4502&#8243; parallax_scroll=&#8221;no&#8221; woodmart_inline=&#8221;no&#8221;][\/vc_column_inner][vc_column_inner width=&#8221;1\/3&#8243;][vc_single_image image=&#8221;4503&#8243; parallax_scroll=&#8221;no&#8221; woodmart_inline=&#8221;no&#8221;][vc_single_image image=&#8221;4504&#8243; parallax_scroll=&#8221;no&#8221; woodmart_inline=&#8221;no&#8221;][vc_single_image image=&#8221;4505&#8243; parallax_scroll=&#8221;no&#8221; woodmart_inline=&#8221;no&#8221;][\/vc_column_inner][vc_column_inner width=&#8221;1\/3&#8243;][vc_single_image image=&#8221;4506&#8243; parallax_scroll=&#8221;no&#8221; woodmart_inline=&#8221;no&#8221;][vc_single_image image=&#8221;4507&#8243; parallax_scroll=&#8221;no&#8221; woodmart_inline=&#8221;no&#8221;][vc_single_image image=&#8221;4508&#8243; parallax_scroll=&#8221;no&#8221; woodmart_inline=&#8221;no&#8221;][\/vc_column_inner][\/vc_row_inner][\/vc_column][\/vc_row]\n<\/div>","protected":false},"excerpt":{"rendered":"<p>Prep\u00e1rese para conquistar oro y metales preciosos con el detector UIG Gold Digger. Dise\u00f1ado con siete sistemas de b\u00fasqueda avanzada, este dispositivo demuestra la capacidad de adaptarse a todo tipo de terreno. De hecho, \u00a1podr\u00e1s localizar oro, plata, bronce y muchos otros tesoros enterrados! Tanto si eres un aficionado como un profesional de la prospecci\u00f3n, sus caracter\u00edsticas innovadoras lo convierten en el candidato ideal para tus futuras expediciones.<\/p>\n","protected":false},"featured_media":4509,"template":"","meta":{"_joinchat":[]},"product_brand":[],"product_cat":[135,137,138],"product_tag":[164,162,167],"class_list":{"0":"post-4526","1":"product","2":"type-product","3":"status-publish","4":"has-post-thumbnail","6":"product_cat-detector-de-cavidades","7":"product_cat-detector-de-metales","8":"product_cat-radar-de-suelo","9":"product_tag-detector-de-cavidades","10":"product_tag-detector-de-metales","11":"product_tag-detector-uig","13":"first","14":"instock","15":"sale","16":"taxable","17":"shipping-taxable","18":"purchasable","19":"product-type-simple"},"yoast_head":"<!-- This site is optimized with the Yoast SEO plugin v26.3 - https:\/\/yoast.com\/wordpress\/plugins\/seo\/ -->\n<title>Detector UIG Gold Digger: el oro y los metales preciosos son suyos<\/title>\n<meta name=\"description\" content=\"\u00a1Ven y descubre el detector UIG Gold Digger, el dispositivo ideal para ayudarte a detectar oro y metales preciosos de manera eficiente!\" \/>\n<meta name=\"robots\" content=\"index, follow, max-snippet:-1, max-image-preview:large, max-video-preview:-1\" \/>\n<link rel=\"canonical\" href=\"https:\/\/gerdetect.fr\/es\/catalogo-de-detectores-de-metales\/detector-de-cavidades\/detector-excavador-de-oro-uig-2-sistemas\/\" \/>\n<meta property=\"og:locale\" content=\"es_ES\" \/>\n<meta property=\"og:type\" content=\"article\" \/>\n<meta property=\"og:title\" content=\"Detector UIG Gold Digger: el oro y los metales preciosos son suyos\" \/>\n<meta property=\"og:description\" content=\"\u00a1Ven y descubre el detector UIG Gold Digger, el dispositivo ideal para ayudarte a detectar oro y metales preciosos de manera eficiente!\" \/>\n<meta property=\"og:url\" content=\"https:\/\/gerdetect.fr\/es\/catalogo-de-detectores-de-metales\/detector-de-cavidades\/detector-excavador-de-oro-uig-2-sistemas\/\" \/>\n<meta property=\"og:site_name\" content=\"GER DETECT FRANCE\" \/>\n<meta property=\"article:modified_time\" content=\"2026-01-13T09:52:50+00:00\" \/>\n<meta property=\"og:image\" content=\"https:\/\/gerdetect.fr\/wp-content\/uploads\/2025\/01\/UIG-Gold-Digger1.png\" \/>\n\t<meta property=\"og:image:width\" content=\"700\" \/>\n\t<meta property=\"og:image:height\" content=\"700\" \/>\n\t<meta property=\"og:image:type\" content=\"image\/png\" \/>\n<meta name=\"twitter:card\" content=\"summary_large_image\" \/>\n<meta name=\"twitter:label1\" content=\"Tiempo de lectura\" \/>\n\t<meta name=\"twitter:data1\" content=\"7 minutos\" \/>\n<script type=\"application\/ld+json\" class=\"yoast-schema-graph\">{\"@context\":\"https:\/\/schema.org\",\"@graph\":[{\"@type\":\"WebPage\",\"@id\":\"https:\/\/gerdetect.fr\/es\/catalogo-de-detectores-de-metales\/detector-de-cavidades\/detector-excavador-de-oro-uig-2-sistemas\/\",\"url\":\"https:\/\/gerdetect.fr\/es\/catalogo-de-detectores-de-metales\/detector-de-cavidades\/detector-excavador-de-oro-uig-2-sistemas\/\",\"name\":\"Detector UIG Gold Digger: el oro y los metales preciosos son suyos\",\"isPartOf\":{\"@id\":\"https:\/\/gerdetect.fr\/es\/#website\"},\"primaryImageOfPage\":{\"@id\":\"https:\/\/gerdetect.fr\/es\/catalogo-de-detectores-de-metales\/detector-de-cavidades\/detector-excavador-de-oro-uig-2-sistemas\/#primaryimage\"},\"image\":{\"@id\":\"https:\/\/gerdetect.fr\/es\/catalogo-de-detectores-de-metales\/detector-de-cavidades\/detector-excavador-de-oro-uig-2-sistemas\/#primaryimage\"},\"thumbnailUrl\":\"https:\/\/gerdetect.fr\/wp-content\/uploads\/2025\/01\/UIG-Gold-Digger1.png\",\"datePublished\":\"2025-01-27T13:25:13+00:00\",\"dateModified\":\"2026-01-13T09:52:50+00:00\",\"description\":\"\u00a1Ven y descubre el detector UIG Gold Digger, el dispositivo ideal para ayudarte a detectar oro y metales preciosos de manera eficiente!\",\"breadcrumb\":{\"@id\":\"https:\/\/gerdetect.fr\/es\/catalogo-de-detectores-de-metales\/detector-de-cavidades\/detector-excavador-de-oro-uig-2-sistemas\/#breadcrumb\"},\"inLanguage\":\"es\",\"potentialAction\":[{\"@type\":\"ReadAction\",\"target\":[\"https:\/\/gerdetect.fr\/es\/catalogo-de-detectores-de-metales\/detector-de-cavidades\/detector-excavador-de-oro-uig-2-sistemas\/\"]}]},{\"@type\":\"ImageObject\",\"inLanguage\":\"es\",\"@id\":\"https:\/\/gerdetect.fr\/es\/catalogo-de-detectores-de-metales\/detector-de-cavidades\/detector-excavador-de-oro-uig-2-sistemas\/#primaryimage\",\"url\":\"https:\/\/gerdetect.fr\/wp-content\/uploads\/2025\/01\/UIG-Gold-Digger1.png\",\"contentUrl\":\"https:\/\/gerdetect.fr\/wp-content\/uploads\/2025\/01\/UIG-Gold-Digger1.png\",\"width\":700,\"height\":700,\"caption\":\"UIG Gold Digger Detector\"},{\"@type\":\"BreadcrumbList\",\"@id\":\"https:\/\/gerdetect.fr\/es\/catalogo-de-detectores-de-metales\/detector-de-cavidades\/detector-excavador-de-oro-uig-2-sistemas\/#breadcrumb\",\"itemListElement\":[{\"@type\":\"ListItem\",\"position\":1,\"name\":\"Accueil\",\"item\":\"https:\/\/gerdetect.fr\/es\/\"},{\"@type\":\"ListItem\",\"position\":2,\"name\":\"Tienda\",\"item\":\"https:\/\/gerdetect.fr\/es\/tienda\/\"},{\"@type\":\"ListItem\",\"position\":3,\"name\":\"DETECTOR EXCAVADOR DE ORO UIG &#8211; 2 sistemas\"}]},{\"@type\":\"WebSite\",\"@id\":\"https:\/\/gerdetect.fr\/es\/#website\",\"url\":\"https:\/\/gerdetect.fr\/es\/\",\"name\":\"GER DETECT FRANCE\",\"description\":\"D\u00e9tecteur de m\u00e9taux, d&#039;or, diamants, d&#039;eau souterraine, radar de sol | Lille, Paris\",\"potentialAction\":[{\"@type\":\"SearchAction\",\"target\":{\"@type\":\"EntryPoint\",\"urlTemplate\":\"https:\/\/gerdetect.fr\/es\/?s={search_term_string}\"},\"query-input\":{\"@type\":\"PropertyValueSpecification\",\"valueRequired\":true,\"valueName\":\"search_term_string\"}}],\"inLanguage\":\"es\"}]}<\/script>\n<!-- \/ Yoast SEO plugin. -->","yoast_head_json":{"title":"Detector UIG Gold Digger: el oro y los metales preciosos son suyos","description":"\u00a1Ven y descubre el detector UIG Gold Digger, el dispositivo ideal para ayudarte a detectar oro y metales preciosos de manera eficiente!","robots":{"index":"index","follow":"follow","max-snippet":"max-snippet:-1","max-image-preview":"max-image-preview:large","max-video-preview":"max-video-preview:-1"},"canonical":"https:\/\/gerdetect.fr\/es\/catalogo-de-detectores-de-metales\/detector-de-cavidades\/detector-excavador-de-oro-uig-2-sistemas\/","og_locale":"es_ES","og_type":"article","og_title":"Detector UIG Gold Digger: el oro y los metales preciosos son suyos","og_description":"\u00a1Ven y descubre el detector UIG Gold Digger, el dispositivo ideal para ayudarte a detectar oro y metales preciosos de manera eficiente!","og_url":"https:\/\/gerdetect.fr\/es\/catalogo-de-detectores-de-metales\/detector-de-cavidades\/detector-excavador-de-oro-uig-2-sistemas\/","og_site_name":"GER DETECT FRANCE","article_modified_time":"2026-01-13T09:52:50+00:00","og_image":[{"width":700,"height":700,"url":"https:\/\/gerdetect.fr\/wp-content\/uploads\/2025\/01\/UIG-Gold-Digger1.png","type":"image\/png"}],"twitter_card":"summary_large_image","twitter_misc":{"Tiempo de lectura":"7 minutos"},"schema":{"@context":"https:\/\/schema.org","@graph":[{"@type":"WebPage","@id":"https:\/\/gerdetect.fr\/es\/catalogo-de-detectores-de-metales\/detector-de-cavidades\/detector-excavador-de-oro-uig-2-sistemas\/","url":"https:\/\/gerdetect.fr\/es\/catalogo-de-detectores-de-metales\/detector-de-cavidades\/detector-excavador-de-oro-uig-2-sistemas\/","name":"Detector UIG Gold Digger: el oro y los metales preciosos son suyos","isPartOf":{"@id":"https:\/\/gerdetect.fr\/es\/#website"},"primaryImageOfPage":{"@id":"https:\/\/gerdetect.fr\/es\/catalogo-de-detectores-de-metales\/detector-de-cavidades\/detector-excavador-de-oro-uig-2-sistemas\/#primaryimage"},"image":{"@id":"https:\/\/gerdetect.fr\/es\/catalogo-de-detectores-de-metales\/detector-de-cavidades\/detector-excavador-de-oro-uig-2-sistemas\/#primaryimage"},"thumbnailUrl":"https:\/\/gerdetect.fr\/wp-content\/uploads\/2025\/01\/UIG-Gold-Digger1.png","datePublished":"2025-01-27T13:25:13+00:00","dateModified":"2026-01-13T09:52:50+00:00","description":"\u00a1Ven y descubre el detector UIG Gold Digger, el dispositivo ideal para ayudarte a detectar oro y metales preciosos de manera eficiente!","breadcrumb":{"@id":"https:\/\/gerdetect.fr\/es\/catalogo-de-detectores-de-metales\/detector-de-cavidades\/detector-excavador-de-oro-uig-2-sistemas\/#breadcrumb"},"inLanguage":"es","potentialAction":[{"@type":"ReadAction","target":["https:\/\/gerdetect.fr\/es\/catalogo-de-detectores-de-metales\/detector-de-cavidades\/detector-excavador-de-oro-uig-2-sistemas\/"]}]},{"@type":"ImageObject","inLanguage":"es","@id":"https:\/\/gerdetect.fr\/es\/catalogo-de-detectores-de-metales\/detector-de-cavidades\/detector-excavador-de-oro-uig-2-sistemas\/#primaryimage","url":"https:\/\/gerdetect.fr\/wp-content\/uploads\/2025\/01\/UIG-Gold-Digger1.png","contentUrl":"https:\/\/gerdetect.fr\/wp-content\/uploads\/2025\/01\/UIG-Gold-Digger1.png","width":700,"height":700,"caption":"UIG Gold Digger Detector"},{"@type":"BreadcrumbList","@id":"https:\/\/gerdetect.fr\/es\/catalogo-de-detectores-de-metales\/detector-de-cavidades\/detector-excavador-de-oro-uig-2-sistemas\/#breadcrumb","itemListElement":[{"@type":"ListItem","position":1,"name":"Accueil","item":"https:\/\/gerdetect.fr\/es\/"},{"@type":"ListItem","position":2,"name":"Tienda","item":"https:\/\/gerdetect.fr\/es\/tienda\/"},{"@type":"ListItem","position":3,"name":"DETECTOR EXCAVADOR DE ORO UIG &#8211; 2 sistemas"}]},{"@type":"WebSite","@id":"https:\/\/gerdetect.fr\/es\/#website","url":"https:\/\/gerdetect.fr\/es\/","name":"GER DETECT FRANCE","description":"D\u00e9tecteur de m\u00e9taux, d&#039;or, diamants, d&#039;eau souterraine, radar de sol | Lille, Paris","potentialAction":[{"@type":"SearchAction","target":{"@type":"EntryPoint","urlTemplate":"https:\/\/gerdetect.fr\/es\/?s={search_term_string}"},"query-input":{"@type":"PropertyValueSpecification","valueRequired":true,"valueName":"search_term_string"}}],"inLanguage":"es"}]}},"_links":{"self":[{"href":"https:\/\/gerdetect.fr\/es\/wp-json\/wp\/v2\/product\/4526","targetHints":{"allow":["GET"]}}],"collection":[{"href":"https:\/\/gerdetect.fr\/es\/wp-json\/wp\/v2\/product"}],"about":[{"href":"https:\/\/gerdetect.fr\/es\/wp-json\/wp\/v2\/types\/product"}],"wp:featuredmedia":[{"embeddable":true,"href":"https:\/\/gerdetect.fr\/es\/wp-json\/wp\/v2\/media\/4509"}],"wp:attachment":[{"href":"https:\/\/gerdetect.fr\/es\/wp-json\/wp\/v2\/media?parent=4526"}],"wp:term":[{"taxonomy":"product_brand","embeddable":true,"href":"https:\/\/gerdetect.fr\/es\/wp-json\/wp\/v2\/product_brand?post=4526"},{"taxonomy":"product_cat","embeddable":true,"href":"https:\/\/gerdetect.fr\/es\/wp-json\/wp\/v2\/product_cat?post=4526"},{"taxonomy":"product_tag","embeddable":true,"href":"https:\/\/gerdetect.fr\/es\/wp-json\/wp\/v2\/product_tag?post=4526"}],"curies":[{"name":"wp","href":"https:\/\/api.w.org\/{rel}","templated":true}]}}