{"id":4543,"date":"2025-01-27T10:17:16","date_gmt":"2025-01-27T09:17:16","guid":{"rendered":"https:\/\/gerdetect.fr\/catalogue-detecteur-de-metaux\/sin%20categor\u00eda\/detector-de-cavidades-realiza-tus-excavaciones-de-forma-eficiente\/"},"modified":"2026-03-07T17:17:25","modified_gmt":"2026-03-07T16:17:25","slug":"detector-de-cavidades-realiza-tus-excavaciones-de-forma-eficiente","status":"publish","type":"product","link":"https:\/\/gerdetect.fr\/es\/catalogo-de-detectores-de-metales\/detector-de-cavidades\/detector-de-cavidades-realiza-tus-excavaciones-de-forma-eficiente\/","title":{"rendered":"DETECTOR DE CAVIDADES: \u00a1 REALIZA TUS EXCAVACIONES DE FORMA EFICIENTE!"},"content":{"rendered":"<div class=\"wpb-content-wrapper\">[vc_row][vc_column][vc_column_text]<span style=\"font-weight: 400;\">D\u00e9couvrez le d\u00e9tecteur UIG Watch Detector, le dispositif d\u2019imagerie 3D le plus compact du march\u00e9 des d\u00e9tecteurs de m\u00e9taux. En effet, avec un poids de moins de 85 grammes et une technologie de pointe int\u00e9gr\u00e9e, il est con\u00e7u pour repousser les limites de la d\u00e9tection souterraine. Cet appareil d\u00e9tecte aussi bien les m\u00e9taux que les cavit\u00e9s.  <\/span>[\/vc_column_text][\/vc_column][\/vc_row][vc_row content_placement=&#8221;top&#8221;][vc_column][vc_video link=&#8221;https:\/\/www.youtube.com\/watch?v=1Z2k0hh6UdU&#8221; align=&#8221;center&#8221; woodmart_css_id=&#8221;6797658b88134&#8243; image_poster_switch=&#8221;no&#8221;]\n\t\t<div id=\"wd-67975d2da1de6\" class=\"title-wrapper wd-wpb set-mb-s reset-last-child  wd-rs-67975d2da1de6 wd-title-color-default wd-title-style-bordered text-center  wd-underline-colored\">\n\t\t\t\n\t\t\t<div class=\"liner-continer\">\n\t\t\t\t<h2 class=\"woodmart-title-container title  wd-font-weight- wd-fontsize-l\" >Tout savoir sur le UIG WATCH DETECTOR<\/h2>\n\t\t\t\t\t\t\t<\/div>\n\t\t\t\n\t\t\t\n\t\t\t\n\t\t<\/div>\n\t\t\n\t\t[vc_row_inner][vc_column_inner][vc_column_text woodmart_inline=&#8221;no&#8221; text_larger=&#8221;no&#8221;]<span style=\"font-weight: 400;\">D\u00e9couvrez le d\u00e9tecteur UIG Watch Detector, le dispositif d\u2019imagerie 3D le plus compact du march\u00e9 des<\/span> <a href=\"https:\/\/gerdetect.fr\/es\/tipos-de-detector\/detector-de-metales\/\">d\u00e9tecteurs de m\u00e9taux<\/a> ? <span style=\"font-weight: 400;\">En effet, avec un poids de moins de 85 grammes et une technologie de pointe int\u00e9gr\u00e9e, il est con\u00e7u pour repousser les limites de la d\u00e9tection souterraine. Cet appareil d\u00e9tecte aussi bien les m\u00e9taux que <a href=\"https:\/\/gerdetect.fr\/es\/tipos-de-detector\/detector-de-cavidades\/\">les cavit\u00e9s<\/a>.<\/span><\/p>\n<p><span style=\"font-weight: 400;\">Le UIG Watch Detector est capable d\u2019explorer jusqu\u2019\u00e0 20 m\u00e8tres de profondeur. En outre, il vous permet de r\u00e9gler les param\u00e8tres de balayage selon vos besoins. L\u00e9ger, discret et facile \u00e0 transporter, cet outil innovant et disponible chez <a href=\"https:\/\/gerdetect.fr\/es\/\">GER Detect<\/a> augmente vos chances de d\u00e9couvrir des tr\u00e9sors ensevelis. Qu\u2019il s\u2019agisse de m\u00e9taux pr\u00e9cieux, d\u2019anciens artefacts, de grottes, etc. rien n\u2019\u00e9chappe au UIG Watch Detector. Tous ces atouts font de UIG Watch Detector le meilleur candidat pour garantir le succ\u00e8s de vos explorations\u202f!<\/span>[\/vc_column_text][\/vc_column_inner][\/vc_row_inner][vc_single_image image=&#8221;4527&#8243; img_size=&#8221;large&#8221; alignment=&#8221;center&#8221; parallax_scroll=&#8221;no&#8221; woodmart_inline=&#8221;no&#8221;][\/vc_column][\/vc_row][vc_row][vc_column]\n\t\t<div id=\"wd-679761af4a3fe\" class=\"title-wrapper wd-wpb set-mb-s reset-last-child  wd-rs-679761af4a3fe wd-title-color-default wd-title-style-bordered text-center  wd-underline-colored\">\n\t\t\t\n\t\t\t<div class=\"liner-continer\">\n\t\t\t\t<h2 class=\"woodmart-title-container title  wd-font-weight- wd-fontsize-l\" >UIG WATCH DETECTOR : sp\u00e9cifications techniques<\/h2>\n\t\t\t\t\t\t\t<\/div>\n\t\t\t\n\t\t\t\n\t\t\t\n\t\t<\/div>\n\t\t\n\t\t[vc_row_inner][vc_column_inner][vc_column_text woodmart_inline=&#8221;no&#8221; text_larger=&#8221;no&#8221;]<span style=\"font-weight: 400;\">L&#8217;UIG Watch Detector, fruit de l\u2019ing\u00e9niosit\u00e9 allemande, a \u00e9t\u00e9 con\u00e7u pour r\u00e9volutionner vos explorations souterraines. En effet, ce dispositif compact et discret, propos\u00e9 par Inventum Detector, combine \u00e0 la fois innovation et commodit\u00e9 gr\u00e2ce \u00e0 son brevet en nanotechnologie. Par ailleurs, avec ses trois syst\u00e8mes de d\u00e9tection avanc\u00e9s, il vous sera possible de localiser avec pr\u00e9cision une large vari\u00e9t\u00e9 de tr\u00e9sors ensevelis.  <\/span>[\/vc_column_text][\/vc_column_inner][\/vc_row_inner][vc_single_image image=&#8221;4528&#8243; img_size=&#8221;large&#8221; alignment=&#8221;center&#8221; parallax_scroll=&#8221;no&#8221; woodmart_inline=&#8221;no&#8221;][vc_row_inner][vc_column_inner][vc_column_text woodmart_inline=&#8221;no&#8221; text_larger=&#8221;no&#8221;]<span style=\"font-weight: 400;\">Cette merveille technologique propose une analyse en temps r\u00e9el d\u2019une pr\u00e9cision exceptionnelle. Cet outil s\u2019av\u00e8re particuli\u00e8rement id\u00e9al pour explorer autour de murs ou de sites historiques. De fait, il atteint les profondeurs terrestres jusqu\u2019\u00e0 20 m\u00e8tres. De plus, les param\u00e8tres de d\u00e9tection sont facilement r\u00e9glables. Il vous suffit de choisir le param\u00e8tre ad\u00e9quat, m\u00e8tres ou centim\u00e8tres, pour cibler avec pr\u00e9cision vos d\u00e9couvertes. Malgr\u00e9 son faible poids, moins de 85 grammes, l\u2019UIG Watch Detector est dot\u00e9 d\u2019une autonomie de plus de 12 heures. Transformez vos recherches en une exp\u00e9rience fluide et efficace, et partez \u00e0 la conqu\u00eate des tr\u00e9sors cach\u00e9s.      <\/span>[\/vc_column_text][\/vc_column_inner][\/vc_row_inner][\/vc_column][\/vc_row][vc_row][vc_column]\n\t\t<div id=\"wd-6797627732bfa\" class=\"title-wrapper wd-wpb set-mb-s reset-last-child  wd-rs-6797627732bfa wd-title-color-default wd-title-style-bordered text-center  wd-underline-colored\">\n\t\t\t\n\t\t\t<div class=\"liner-continer\">\n\t\t\t\t<h2 class=\"woodmart-title-container title  wd-font-weight- wd-fontsize-l\" >3 syst\u00e8mes int\u00e9gr\u00e9s de num\u00e9risation et d&apos;imagerie<\/h2>\n\t\t\t\t\t\t\t<\/div>\n\t\t\t\n\t\t\t\n\t\t\t\n\t\t<\/div>\n\t\t\n\t\t[vc_column_text woodmart_inline=&#8221;no&#8221; text_larger=&#8221;no&#8221;]<span style=\"font-weight: 400;\">La montre UIG Watch Detector associe trois syst\u00e8mes de num\u00e9risation et d\u2019imagerie ultra-performants, \u00e0 savoir :<\/span><\/p>\n<ul>\n<li style=\"font-weight: 400;\" aria-level=\"1\"><b>Le balayage en direct :<\/b><span style=\"font-weight: 400;\"> d\u00e9tectez instantan\u00e9ment la forme des cibles enfouies ou des cavit\u00e9s via un balayage rapide et pr\u00e9cis ;<\/span><\/li>\n<li style=\"font-weight: 400;\" aria-level=\"1\"><b>Le balayage mural en direct :<\/b><span style=\"font-weight: 400;\"> sp\u00e9cialement con\u00e7u pour explorer derri\u00e8re les murs, il offre une analyse rapide et sans effort ;<\/span><\/li>\n<li style=\"font-weight: 400;\" aria-level=\"1\"><b>L\u2019imagerie 3D :<\/b><span style=\"font-weight: 400;\"> b\u00e9n\u00e9ficiez de visualisations tridimensionnelles gr\u00e2ce \u00e0 des sp\u00e9cifications techniques avanc\u00e9es.<\/span><\/li>\n<\/ul>\n<p><span style=\"font-weight: 400;\">Gr\u00e2ce \u00e0 ces syst\u00e8mes de num\u00e9risation et d\u2019imagerie ultra-performants, l\u2019appareil capture les diff\u00e9rentes strates du sol, fournissant des r\u00e9sultats dans toutes les directions. Que vous recherchiez des m\u00e9taux pr\u00e9cieux, des salles souterraines, des grottes ou des tr\u00e9sors cach\u00e9s, l\u2019UIG Watch Detector vous assure une localisation pr\u00e9cise. <\/span>[\/vc_column_text][vc_single_image image=&#8221;4529&#8243; img_size=&#8221;full&#8221; alignment=&#8221;center&#8221; parallax_scroll=&#8221;no&#8221; woodmart_inline=&#8221;no&#8221;][\/vc_column][\/vc_row][vc_row][vc_column]\n\t\t<div id=\"wd-679764d1b42ff\" class=\"title-wrapper wd-wpb set-mb-s reset-last-child  wd-rs-679764d1b42ff wd-title-color-default wd-title-style-bordered text-center  wd-underline-colored\">\n\t\t\t\n\t\t\t<div class=\"liner-continer\">\n\t\t\t\t<h2 class=\"woodmart-title-container title  wd-font-weight- wd-fontsize-l\" >Une sensibilit\u00e9 \u00e9lev\u00e9e<\/h2>\n\t\t\t\t\t\t\t<\/div>\n\t\t\t\n\t\t\t\n\t\t\t\n\t\t<\/div>\n\t\t\n\t\t[vc_row_inner][vc_column_inner][vc_column_text woodmart_inline=&#8221;no&#8221; text_larger=&#8221;no&#8221;]<span style=\"font-weight: 400;\">Le UIG Watch Detector, con\u00e7u en Allemagne, allie discr\u00e9tion et performances. En d\u00e9pit de sa taille r\u00e9duite, il affiche une sensibilit\u00e9 remarquable, capable de d\u00e9tecter avec pr\u00e9cision des cibles vari\u00e9es. Et ce jusqu&#8217;\u00e0 20 m\u00e8tres de profondeur. De plus, sa technologie avanc\u00e9e permet de distinguer efficacement les \u00e9l\u00e9ments d\u00e9tect\u00e9s pour des r\u00e9sultats fiables \u00e0 chaque exploration.   <\/span>[\/vc_column_text][\/vc_column_inner][\/vc_row_inner][\/vc_column][\/vc_row][vc_row][vc_column]\n\t\t<div id=\"wd-69db908b999c4\" class=\"title-wrapper wd-wpb set-mb-s reset-last-child  wd-title-color-default wd-title-style-bordered text-center  wd-underline-colored\">\n\t\t\t\n\t\t\t<div class=\"liner-continer\">\n\t\t\t\t<h2 class=\"woodmart-title-container title  wd-font-weight- wd-fontsize-l\" >Les sp\u00e9cifications techniques du d\u00e9tecteur<\/h2>\n\t\t\t\t\t\t\t<\/div>\n\t\t\t\n\t\t\t\n\t\t\t\n\t\t<\/div>\n\t\t\n\t\t[vc_column_text woodmart_inline=&#8221;no&#8221; text_larger=&#8221;no&#8221;]L&#8217;appareil est tr\u00e8s l\u00e9ger et peut \u00eatre transport\u00e9 tr\u00e8s facilement.[\/vc_column_text][vc_single_image image=&#8221;4530&#8243; img_size=&#8221;full&#8221; parallax_scroll=&#8221;no&#8221; woodmart_inline=&#8221;no&#8221;][vc_column_text woodmart_inline=&#8221;no&#8221; text_larger=&#8221;no&#8221;]<span style=\"font-weight: 400;\">Certifi\u00e9 CE et conforme aux normes internationales, le UIG Watch Detector garantit en effet une fiabilit\u00e9 irr\u00e9prochable. <\/span><\/p>\n<p><span style=\"font-weight: 400;\">Son interface multilingue, disponible en allemand, anglais, fran\u00e7ais, espagnol, arabe, portugais et persan, rend ainsi l\u2019outil accessible \u00e0 tous. <\/span><\/p>\n<p><span style=\"font-weight: 400;\">Alors offrez-vous une exp\u00e9rience d&#8217;exploration \u00e0 la fois simple, pr\u00e9cise et discr\u00e8te !<\/span>[\/vc_column_text][vc_single_image image=&#8221;4531&#8243; img_size=&#8221;full&#8221; parallax_scroll=&#8221;no&#8221; woodmart_inline=&#8221;no&#8221;][vc_row_inner][vc_column_inner width=&#8221;1\/2&#8243;][vc_single_image image=&#8221;4532&#8243; img_size=&#8221;full&#8221; parallax_scroll=&#8221;no&#8221; woodmart_inline=&#8221;no&#8221;][\/vc_column_inner][vc_column_inner width=&#8221;1\/2&#8243;][vc_single_image image=&#8221;4533&#8243; img_size=&#8221;full&#8221; parallax_scroll=&#8221;no&#8221; woodmart_inline=&#8221;no&#8221;][\/vc_column_inner][\/vc_row_inner][\/vc_column][\/vc_row]\n<\/div>","protected":false},"excerpt":{"rendered":"<p><span style=\"font-weight: 400;\">Le d\u00e9tecteur UIG WATCH DETECTOR est le dispositif d\u2019imagerie 3D le plus compact du march\u00e9 des d\u00e9tecteurs de m\u00e9taux et de cavit\u00e9s. Avec un poids de moins de 85 grammes et une technologie de pointe int\u00e9gr\u00e9e, il est con\u00e7u pour repousser les limites de la d\u00e9tection souterraine.  <\/span><\/p>\n","protected":false},"featured_media":4534,"template":"","meta":{"_joinchat":[]},"product_brand":[],"product_cat":[135,137,138],"product_tag":[164,162],"class_list":{"0":"post-4543","1":"product","2":"type-product","3":"status-publish","4":"has-post-thumbnail","6":"product_cat-detector-de-cavidades","7":"product_cat-detector-de-metales","8":"product_cat-radar-de-suelo","9":"product_tag-detector-de-cavidades","10":"product_tag-detector-de-metales","12":"first","13":"instock","14":"sale","15":"taxable","16":"shipping-taxable","17":"purchasable","18":"product-type-simple"},"yoast_head":"<!-- This site is optimized with the Yoast SEO plugin v26.3 - https:\/\/yoast.com\/wordpress\/plugins\/seo\/ -->\n<title>UIG Watch Detector : \u00e0 la d\u00e9couverte des cavit\u00e9s et m\u00e9taux cach\u00e9s<\/title>\n<meta name=\"description\" content=\"Venez d\u00e9couvrir l\u2019UIG Watch Detector, l\u2019appareil id\u00e9al et pratique pour une d\u00e9tection de m\u00e9taux et de cavit\u00e9s fiable et efficace !\" \/>\n<meta name=\"robots\" content=\"index, follow, max-snippet:-1, max-image-preview:large, max-video-preview:-1\" \/>\n<link rel=\"canonical\" href=\"https:\/\/gerdetect.fr\/es\/catalogo-de-detectores-de-metales\/detector-de-cavidades\/detector-de-cavidades-realiza-tus-excavaciones-de-forma-eficiente\/\" \/>\n<meta property=\"og:locale\" content=\"es_ES\" \/>\n<meta property=\"og:type\" content=\"article\" \/>\n<meta property=\"og:title\" content=\"UIG Watch Detector : \u00e0 la d\u00e9couverte des cavit\u00e9s et m\u00e9taux cach\u00e9s\" \/>\n<meta property=\"og:description\" content=\"Venez d\u00e9couvrir l\u2019UIG Watch Detector, l\u2019appareil id\u00e9al et pratique pour une d\u00e9tection de m\u00e9taux et de cavit\u00e9s fiable et efficace !\" \/>\n<meta property=\"og:url\" content=\"https:\/\/gerdetect.fr\/es\/catalogo-de-detectores-de-metales\/detector-de-cavidades\/detector-de-cavidades-realiza-tus-excavaciones-de-forma-eficiente\/\" \/>\n<meta property=\"og:site_name\" content=\"GER DETECT FRANCE\" \/>\n<meta property=\"article:modified_time\" content=\"2026-03-07T16:17:25+00:00\" \/>\n<meta property=\"og:image\" content=\"https:\/\/gerdetect.fr\/wp-content\/uploads\/2025\/01\/UIGWatchDetector2.webp\" \/>\n\t<meta property=\"og:image:width\" content=\"700\" \/>\n\t<meta property=\"og:image:height\" content=\"700\" \/>\n\t<meta property=\"og:image:type\" content=\"image\/webp\" \/>\n<meta name=\"twitter:card\" content=\"summary_large_image\" \/>\n<meta name=\"twitter:label1\" content=\"Tiempo de lectura\" \/>\n\t<meta name=\"twitter:data1\" content=\"6 minutos\" \/>\n<script type=\"application\/ld+json\" class=\"yoast-schema-graph\">{\"@context\":\"https:\/\/schema.org\",\"@graph\":[{\"@type\":\"WebPage\",\"@id\":\"https:\/\/gerdetect.fr\/es\/catalogo-de-detectores-de-metales\/detector-de-cavidades\/detector-de-cavidades-realiza-tus-excavaciones-de-forma-eficiente\/\",\"url\":\"https:\/\/gerdetect.fr\/es\/catalogo-de-detectores-de-metales\/detector-de-cavidades\/detector-de-cavidades-realiza-tus-excavaciones-de-forma-eficiente\/\",\"name\":\"UIG Watch Detector : \u00e0 la d\u00e9couverte des cavit\u00e9s et m\u00e9taux cach\u00e9s\",\"isPartOf\":{\"@id\":\"https:\/\/gerdetect.fr\/es\/#website\"},\"primaryImageOfPage\":{\"@id\":\"https:\/\/gerdetect.fr\/es\/catalogo-de-detectores-de-metales\/detector-de-cavidades\/detector-de-cavidades-realiza-tus-excavaciones-de-forma-eficiente\/#primaryimage\"},\"image\":{\"@id\":\"https:\/\/gerdetect.fr\/es\/catalogo-de-detectores-de-metales\/detector-de-cavidades\/detector-de-cavidades-realiza-tus-excavaciones-de-forma-eficiente\/#primaryimage\"},\"thumbnailUrl\":\"https:\/\/gerdetect.fr\/wp-content\/uploads\/2025\/01\/UIGWatchDetector2.webp\",\"datePublished\":\"2025-01-27T09:17:16+00:00\",\"dateModified\":\"2026-03-07T16:17:25+00:00\",\"description\":\"Venez d\u00e9couvrir l\u2019UIG Watch Detector, l\u2019appareil id\u00e9al et pratique pour une d\u00e9tection de m\u00e9taux et de cavit\u00e9s fiable et efficace !\",\"breadcrumb\":{\"@id\":\"https:\/\/gerdetect.fr\/es\/catalogo-de-detectores-de-metales\/detector-de-cavidades\/detector-de-cavidades-realiza-tus-excavaciones-de-forma-eficiente\/#breadcrumb\"},\"inLanguage\":\"es\",\"potentialAction\":[{\"@type\":\"ReadAction\",\"target\":[\"https:\/\/gerdetect.fr\/es\/catalogo-de-detectores-de-metales\/detector-de-cavidades\/detector-de-cavidades-realiza-tus-excavaciones-de-forma-eficiente\/\"]}]},{\"@type\":\"ImageObject\",\"inLanguage\":\"es\",\"@id\":\"https:\/\/gerdetect.fr\/es\/catalogo-de-detectores-de-metales\/detector-de-cavidades\/detector-de-cavidades-realiza-tus-excavaciones-de-forma-eficiente\/#primaryimage\",\"url\":\"https:\/\/gerdetect.fr\/wp-content\/uploads\/2025\/01\/UIGWatchDetector2.webp\",\"contentUrl\":\"https:\/\/gerdetect.fr\/wp-content\/uploads\/2025\/01\/UIGWatchDetector2.webp\",\"width\":700,\"height\":700,\"caption\":\"UIG Watch Detector\"},{\"@type\":\"BreadcrumbList\",\"@id\":\"https:\/\/gerdetect.fr\/es\/catalogo-de-detectores-de-metales\/detector-de-cavidades\/detector-de-cavidades-realiza-tus-excavaciones-de-forma-eficiente\/#breadcrumb\",\"itemListElement\":[{\"@type\":\"ListItem\",\"position\":1,\"name\":\"Accueil\",\"item\":\"https:\/\/gerdetect.fr\/es\/\"},{\"@type\":\"ListItem\",\"position\":2,\"name\":\"Tienda\",\"item\":\"https:\/\/gerdetect.fr\/es\/tienda\/\"},{\"@type\":\"ListItem\",\"position\":3,\"name\":\"DETECTOR DE CAVIDADES: \u00a1 REALIZA TUS EXCAVACIONES DE FORMA EFICIENTE!\"}]},{\"@type\":\"WebSite\",\"@id\":\"https:\/\/gerdetect.fr\/es\/#website\",\"url\":\"https:\/\/gerdetect.fr\/es\/\",\"name\":\"GER DETECT FRANCE\",\"description\":\"D\u00e9tecteur de m\u00e9taux, d&#039;or, diamants, d&#039;eau souterraine, radar de sol | Lille, Paris\",\"potentialAction\":[{\"@type\":\"SearchAction\",\"target\":{\"@type\":\"EntryPoint\",\"urlTemplate\":\"https:\/\/gerdetect.fr\/es\/?s={search_term_string}\"},\"query-input\":{\"@type\":\"PropertyValueSpecification\",\"valueRequired\":true,\"valueName\":\"search_term_string\"}}],\"inLanguage\":\"es\"}]}<\/script>\n<!-- \/ Yoast SEO plugin. -->","yoast_head_json":{"title":"UIG Watch Detector : \u00e0 la d\u00e9couverte des cavit\u00e9s et m\u00e9taux cach\u00e9s","description":"Venez d\u00e9couvrir l\u2019UIG Watch Detector, l\u2019appareil id\u00e9al et pratique pour une d\u00e9tection de m\u00e9taux et de cavit\u00e9s fiable et efficace !","robots":{"index":"index","follow":"follow","max-snippet":"max-snippet:-1","max-image-preview":"max-image-preview:large","max-video-preview":"max-video-preview:-1"},"canonical":"https:\/\/gerdetect.fr\/es\/catalogo-de-detectores-de-metales\/detector-de-cavidades\/detector-de-cavidades-realiza-tus-excavaciones-de-forma-eficiente\/","og_locale":"es_ES","og_type":"article","og_title":"UIG Watch Detector : \u00e0 la d\u00e9couverte des cavit\u00e9s et m\u00e9taux cach\u00e9s","og_description":"Venez d\u00e9couvrir l\u2019UIG Watch Detector, l\u2019appareil id\u00e9al et pratique pour une d\u00e9tection de m\u00e9taux et de cavit\u00e9s fiable et efficace !","og_url":"https:\/\/gerdetect.fr\/es\/catalogo-de-detectores-de-metales\/detector-de-cavidades\/detector-de-cavidades-realiza-tus-excavaciones-de-forma-eficiente\/","og_site_name":"GER DETECT FRANCE","article_modified_time":"2026-03-07T16:17:25+00:00","og_image":[{"width":700,"height":700,"url":"https:\/\/gerdetect.fr\/wp-content\/uploads\/2025\/01\/UIGWatchDetector2.webp","type":"image\/webp"}],"twitter_card":"summary_large_image","twitter_misc":{"Tiempo de lectura":"6 minutos"},"schema":{"@context":"https:\/\/schema.org","@graph":[{"@type":"WebPage","@id":"https:\/\/gerdetect.fr\/es\/catalogo-de-detectores-de-metales\/detector-de-cavidades\/detector-de-cavidades-realiza-tus-excavaciones-de-forma-eficiente\/","url":"https:\/\/gerdetect.fr\/es\/catalogo-de-detectores-de-metales\/detector-de-cavidades\/detector-de-cavidades-realiza-tus-excavaciones-de-forma-eficiente\/","name":"UIG Watch Detector : \u00e0 la d\u00e9couverte des cavit\u00e9s et m\u00e9taux cach\u00e9s","isPartOf":{"@id":"https:\/\/gerdetect.fr\/es\/#website"},"primaryImageOfPage":{"@id":"https:\/\/gerdetect.fr\/es\/catalogo-de-detectores-de-metales\/detector-de-cavidades\/detector-de-cavidades-realiza-tus-excavaciones-de-forma-eficiente\/#primaryimage"},"image":{"@id":"https:\/\/gerdetect.fr\/es\/catalogo-de-detectores-de-metales\/detector-de-cavidades\/detector-de-cavidades-realiza-tus-excavaciones-de-forma-eficiente\/#primaryimage"},"thumbnailUrl":"https:\/\/gerdetect.fr\/wp-content\/uploads\/2025\/01\/UIGWatchDetector2.webp","datePublished":"2025-01-27T09:17:16+00:00","dateModified":"2026-03-07T16:17:25+00:00","description":"Venez d\u00e9couvrir l\u2019UIG Watch Detector, l\u2019appareil id\u00e9al et pratique pour une d\u00e9tection de m\u00e9taux et de cavit\u00e9s fiable et efficace !","breadcrumb":{"@id":"https:\/\/gerdetect.fr\/es\/catalogo-de-detectores-de-metales\/detector-de-cavidades\/detector-de-cavidades-realiza-tus-excavaciones-de-forma-eficiente\/#breadcrumb"},"inLanguage":"es","potentialAction":[{"@type":"ReadAction","target":["https:\/\/gerdetect.fr\/es\/catalogo-de-detectores-de-metales\/detector-de-cavidades\/detector-de-cavidades-realiza-tus-excavaciones-de-forma-eficiente\/"]}]},{"@type":"ImageObject","inLanguage":"es","@id":"https:\/\/gerdetect.fr\/es\/catalogo-de-detectores-de-metales\/detector-de-cavidades\/detector-de-cavidades-realiza-tus-excavaciones-de-forma-eficiente\/#primaryimage","url":"https:\/\/gerdetect.fr\/wp-content\/uploads\/2025\/01\/UIGWatchDetector2.webp","contentUrl":"https:\/\/gerdetect.fr\/wp-content\/uploads\/2025\/01\/UIGWatchDetector2.webp","width":700,"height":700,"caption":"UIG Watch Detector"},{"@type":"BreadcrumbList","@id":"https:\/\/gerdetect.fr\/es\/catalogo-de-detectores-de-metales\/detector-de-cavidades\/detector-de-cavidades-realiza-tus-excavaciones-de-forma-eficiente\/#breadcrumb","itemListElement":[{"@type":"ListItem","position":1,"name":"Accueil","item":"https:\/\/gerdetect.fr\/es\/"},{"@type":"ListItem","position":2,"name":"Tienda","item":"https:\/\/gerdetect.fr\/es\/tienda\/"},{"@type":"ListItem","position":3,"name":"DETECTOR DE CAVIDADES: \u00a1 REALIZA TUS EXCAVACIONES DE FORMA EFICIENTE!"}]},{"@type":"WebSite","@id":"https:\/\/gerdetect.fr\/es\/#website","url":"https:\/\/gerdetect.fr\/es\/","name":"GER DETECT FRANCE","description":"D\u00e9tecteur de m\u00e9taux, d&#039;or, diamants, d&#039;eau souterraine, radar de sol | Lille, Paris","potentialAction":[{"@type":"SearchAction","target":{"@type":"EntryPoint","urlTemplate":"https:\/\/gerdetect.fr\/es\/?s={search_term_string}"},"query-input":{"@type":"PropertyValueSpecification","valueRequired":true,"valueName":"search_term_string"}}],"inLanguage":"es"}]}},"_links":{"self":[{"href":"https:\/\/gerdetect.fr\/es\/wp-json\/wp\/v2\/product\/4543","targetHints":{"allow":["GET"]}}],"collection":[{"href":"https:\/\/gerdetect.fr\/es\/wp-json\/wp\/v2\/product"}],"about":[{"href":"https:\/\/gerdetect.fr\/es\/wp-json\/wp\/v2\/types\/product"}],"wp:featuredmedia":[{"embeddable":true,"href":"https:\/\/gerdetect.fr\/es\/wp-json\/wp\/v2\/media\/4534"}],"wp:attachment":[{"href":"https:\/\/gerdetect.fr\/es\/wp-json\/wp\/v2\/media?parent=4543"}],"wp:term":[{"taxonomy":"product_brand","embeddable":true,"href":"https:\/\/gerdetect.fr\/es\/wp-json\/wp\/v2\/product_brand?post=4543"},{"taxonomy":"product_cat","embeddable":true,"href":"https:\/\/gerdetect.fr\/es\/wp-json\/wp\/v2\/product_cat?post=4543"},{"taxonomy":"product_tag","embeddable":true,"href":"https:\/\/gerdetect.fr\/es\/wp-json\/wp\/v2\/product_tag?post=4543"}],"curies":[{"name":"wp","href":"https:\/\/api.w.org\/{rel}","templated":true}]}}