{"id":4585,"date":"2023-06-23T11:19:55","date_gmt":"2023-06-23T09:19:55","guid":{"rendered":"https:\/\/gerdetect.fr\/catalogue-detecteur-de-metaux\/sin%20categor\u00eda\/river-f-smart-3-systemes\/"},"modified":"2026-01-13T11:10:21","modified_gmt":"2026-01-13T10:10:21","slug":"river-f-smart-3-systemes","status":"publish","type":"product","link":"https:\/\/gerdetect.fr\/es\/catalogo-de-detectores-de-metales\/detector-de-agua-subterranea\/river-f-smart-3-systemes\/","title":{"rendered":"River F Smart &#8211; 3 syst\u00e8mes"},"content":{"rendered":"<div class=\"wpb-content-wrapper\">[vc_row content_placement=&#8221;top&#8221;][vc_column][vc_video link=&#8221;https:\/\/www.youtube.com\/watch?v=opHWCdt7-nw&#8221; align=&#8221;center&#8221;][vc_row_inner][vc_column_inner]\n\t\t<div id=\"wd-69db90666647e\" class=\"title-wrapper wd-wpb set-mb-s reset-last-child  wd-title-color-default wd-title-style-bordered text-center  wd-underline-colored\">\n\t\t\t\n\t\t\t<div class=\"liner-continer\">\n\t\t\t\t<h2 class=\"woodmart-title-container title  wd-font-weight- wd-fontsize-l\" >Introduction au d\u00e9tecteur d&apos;eau et de cavit\u00e9s avec ses caract\u00e9ristiques<\/h2>\n\t\t\t\t\t\t\t<\/div>\n\t\t\t\n\t\t\t\n\t\t\t\n\t\t<\/div>\n\t\t\n\t\t[vc_single_image image=&#8221;4566&#8243; img_size=&#8221;large&#8221; alignment=&#8221;center&#8221;][vc_column_text]Gr\u00e2ce \u00e0 une conception r\u00e9volutionnaire, le <a href=\"https:\/\/gerdetect.fr\/es\/types-de-detecteur\/grundwasserdetektor\/\">d\u00e9tecteur d\u2019eau<\/a> et <a href=\"https:\/\/gerdetect.fr\/es\/types-de-detecteur\/hohlraumdetektor\/\">d\u00e9tecteur de cavit\u00e9s<\/a> River F Smart se distingue par sa capacit\u00e9 exceptionnelle \u00e0 prospecter trois \u00e9l\u00e9ments essentiels :<\/p>\n<ul>\n<li>&#8211; 1er : puits art\u00e9siens,<\/li>\n<li>&#8211; 2\u00e8me : eaux souterraines,<\/li>\n<li>&#8211; 3\u00e8me : courants d&#8217;eau souterraine.<\/li>\n<\/ul>\n<p>En tant que premier appareil de ce type au monde, le River F Smart int\u00e8gre de nouveaux syst\u00e8mes. Ces derniers am\u00e9liorent consid\u00e9rablement ses caract\u00e9ristiques techniques et professionnelles. Ce d\u00e9tecteur haute performance propos\u00e9 par <a href=\"https:\/\/gerdetect.fr\/es\/\">GER Detect<\/a>, est dot\u00e9 d&#8217;une haute sensibilit\u00e9, permettant de d\u00e9tecter pr\u00e9cisemment, facilement et efficacement les emplacements d&#8217;eau sur de longues distances. En plus, il offre la possibilit\u00e9 de d\u00e9terminer avec pr\u00e9cision la profondeur correspondante.[\/vc_column_text][\/vc_column_inner][\/vc_row_inner][\/vc_column][\/vc_row][vc_row][vc_column]\n\t\t<div id=\"wd-69db9066664eb\" class=\"title-wrapper wd-wpb set-mb-s reset-last-child  wd-title-color-default wd-title-style-bordered text-center  wd-underline-colored\">\n\t\t\t\n\t\t\t<div class=\"liner-continer\">\n\t\t\t\t<h2 class=\"woodmart-title-container title  wd-font-weight- wd-fontsize-l\" >Explorez en profondeur le syst\u00e8me novateur du River F Smart<\/h2>\n\t\t\t\t\t\t\t<\/div>\n\t\t\t\n\t\t\t\n\t\t\t\n\t\t<\/div>\n\t\t\n\t\t[vc_row_inner][vc_column_inner width=&#8221;1\/2&#8243;][vc_single_image image=&#8221;4567&#8243; img_size=&#8221;large&#8221; alignment=&#8221;center&#8221;][\/vc_column_inner][vc_column_inner width=&#8221;1\/2&#8243;][vc_single_image image=&#8221;4568&#8243; img_size=&#8221;large&#8221; alignment=&#8221;center&#8221;][\/vc_column_inner][\/vc_row_inner][vc_column_text]Le RIVER F SMART est un appareil polyvalent dot\u00e9 d&#8217;une sensibilit\u00e9 \u00e9lev\u00e9e. En effet, il offre de nombreuses fonctionnalit\u00e9s et int\u00e8gre trois modes de d\u00e9tection distincts : <\/p>\n<ol>\n<li>&#8211; Premier syst\u00e8me qui permet la d\u00e9tection de l&#8217;eau douce,<\/li>\n<li>&#8211; Deuxi\u00e8me syst\u00e8me qui est con\u00e7u pour d\u00e9tecter l&#8217;eau sal\u00e9e,<\/li>\n<li>&#8211; Troisi\u00e8me syst\u00e8me qui permet la d\u00e9tection pr\u00e9cise de la profondeur de l&#8217;eau en m\u00e8tres ou en centim\u00e8tres, avec une facilit\u00e9 et une pr\u00e9cision remarquables.<\/li>\n<\/ol>\n<p>Ce dispositif facilite la d\u00e9tection des sources d&#8217;eau avec une grande profondeur de recherche. En effet, il d\u00e9tecte jusqu&#8217;\u00e0 500 m\u00e8tres sous le sol et a une port\u00e9e avant de 3000 m\u00e8tres. <\/p>\n<p>Le River F Smart s&#8217;utilise sur tous types de terrains, et ce, m\u00eame dans des conditions m\u00e9t\u00e9orologiques difficiles.<\/p>\n<p>Fabriqu\u00e9 par l&#8217;une des meilleures industries allemandes, il a le certificat CE conform\u00e9ment aux normes internationales. En plus, il d\u00e9tient la certification ISO 9001, garantissant sa conformit\u00e9 aux sp\u00e9cifications et normes internationales.[\/vc_column_text][\/vc_column][\/vc_row][vc_row][vc_column]\n\t\t<div id=\"wd-69db906666520\" class=\"title-wrapper wd-wpb set-mb-s reset-last-child  wd-title-color-default wd-title-style-bordered text-center  wd-underline-colored\">\n\t\t\t\n\t\t\t<div class=\"liner-continer\">\n\t\t\t\t<h2 class=\"woodmart-title-container title  wd-font-weight- wd-fontsize-l\" >Aper\u00e7u complet des caract\u00e9ristiques techniques du River F Smart<\/h2>\n\t\t\t\t\t\t\t<\/div>\n\t\t\t\n\t\t\t\n\t\t\t\n\t\t<\/div>\n\t\t\n\t\t[vc_column_text]Ce d\u00e9tecteur ergonomique se d\u00e9marque par ses multiples caract\u00e9ristiques techniques exceptionnelles. En effet, ses performances remarquables, sa polyvalence et surtout sa pr\u00e9cision en font un outil indispensable pour la prospection et la bonne d\u00e9tection des eaux souterraines. D\u00e9couvrez ci-dessous une liste exhaustive de ses sp\u00e9cifications techniques qui assurent des r\u00e9sultats fiables mais aussi une utilisation facile.[\/vc_column_text][vc_single_image image=&#8221;4569&#8243; img_size=&#8221;large&#8221; alignment=&#8221;center&#8221; css=&#8221;.vc_custom_1687512604850{margin-top: 0px !important;margin-bottom: 0px !important;border-top-width: 0px !important;border-bottom-width: 0px !important;padding-top: 0px !important;padding-bottom: 0px !important;}&#8221;][vc_single_image image=&#8221;4570&#8243; img_size=&#8221;large&#8221; alignment=&#8221;center&#8221; css=&#8221;.vc_custom_1687512627218{margin-top: 0px !important;margin-bottom: 0px !important;border-top-width: 0px !important;border-bottom-width: 0px !important;padding-top: 0px !important;padding-bottom: 0px !important;}&#8221;][vc_single_image image=&#8221;4571&#8243; img_size=&#8221;large&#8221; alignment=&#8221;center&#8221; css=&#8221;.vc_custom_1687512634502{margin-top: 0px !important;margin-bottom: 0px !important;border-top-width: 0px !important;border-bottom-width: 0px !important;padding-top: 0px !important;padding-bottom: 0px !important;}&#8221;][vc_single_image image=&#8221;4572&#8243; img_size=&#8221;large&#8221; alignment=&#8221;center&#8221; css=&#8221;.vc_custom_1687512646114{margin-top: 0px !important;margin-bottom: 0px !important;border-top-width: 0px !important;border-bottom-width: 0px !important;padding-top: 0px !important;padding-bottom: 0px !important;}&#8221;][\/vc_column][\/vc_row][vc_row][vc_column]\n\t\t<div id=\"wd-69db90666654d\" class=\"title-wrapper wd-wpb set-mb-s reset-last-child  wd-title-color-default wd-title-style-bordered text-center  wd-underline-colored\">\n\t\t\t\n\t\t\t<div class=\"liner-continer\">\n\t\t\t\t<h3 class=\"woodmart-title-container title  wd-font-weight- wd-fontsize-l\" >Les accessoires inclus avec le River F Smart<\/h3>\n\t\t\t\t\t\t\t<\/div>\n\t\t\t\n\t\t\t\n\t\t\t\n\t\t<\/div>\n\t\t\n\t\t[vc_column_text]Ce d\u00e9tecteur vient avec une s\u00e9lection compl\u00e8te d&#8217;accessoires qui vous permettront de tirer pleinement parti de ses fonctionnalit\u00e9s. Que ce soit l&#8217;amplificateur de signal, le chargeur ou d&#8217;autres \u00e9l\u00e9ments essentiels, nous avons veill\u00e9 \u00e0 ce que rien ne soit laiss\u00e9 au hasard afin de vous offrir une exp\u00e9rience optimale. Cet appareil est donc parfait pour les prospecteurs et les scientifiques. Ils pourront ainsi repousser les limites de leurs explorations et fouilles aquatiques avec le River F Smart.[\/vc_column_text][vc_row_inner][vc_column_inner width=&#8221;1\/3&#8243;][vc_single_image image=&#8221;4573&#8243; add_caption=&#8221;yes&#8221; alignment=&#8221;center&#8221; title=&#8221;Amplificateur de signal&#8221;][\/vc_column_inner][vc_column_inner width=&#8221;1\/3&#8243;][vc_single_image image=&#8221;4573&#8243; add_caption=&#8221;yes&#8221; alignment=&#8221;center&#8221; title=&#8221;Antenne de r\u00e9ception de signal&#8221;][\/vc_column_inner][vc_column_inner width=&#8221;1\/3&#8243;][vc_single_image image=&#8221;4574&#8243; add_caption=&#8221;yes&#8221; alignment=&#8221;center&#8221; title=&#8221;CD et garantie&#8221;][\/vc_column_inner][\/vc_row_inner][vc_row_inner][vc_column_inner width=&#8221;1\/3&#8243;][vc_single_image image=&#8221;4575&#8243; add_caption=&#8221;yes&#8221; alignment=&#8221;center&#8221; title=&#8221;Chargeur&#8221;][\/vc_column_inner][vc_column_inner width=&#8221;1\/3&#8243;][vc_single_image image=&#8221;4576&#8243; add_caption=&#8221;yes&#8221; alignment=&#8221;center&#8221; title=&#8221;Malette de rangement&#8221;][\/vc_column_inner][vc_column_inner width=&#8221;1\/3&#8243;][vc_single_image image=&#8221;4577&#8243; add_caption=&#8221;yes&#8221; alignment=&#8221;center&#8221; title=&#8221;Destinataire du signal&#8221;][\/vc_column_inner][\/vc_row_inner][vc_row_inner][vc_column_inner width=&#8221;1\/3&#8243;][vc_single_image image=&#8221;4578&#8243; add_caption=&#8221;yes&#8221; alignment=&#8221;center&#8221; title=&#8221;Support d&apos;unit\u00e9&#8221;][\/vc_column_inner][vc_column_inner width=&#8221;1\/3&#8243;][vc_single_image image=&#8221;4575&#8243; add_caption=&#8221;yes&#8221; alignment=&#8221;center&#8221; title=&#8221;Un chargeur de voiture \u00e9lectrique&#8221;][\/vc_column_inner][vc_column_inner width=&#8221;1\/3&#8243;][vc_single_image image=&#8221;4579&#8243; add_caption=&#8221;yes&#8221; alignment=&#8221;center&#8221; title=&#8221;Unit\u00e9 principale&#8221;][\/vc_column_inner][\/vc_row_inner][\/vc_column][\/vc_row][vc_row][vc_column]\n\t\t<div id=\"wd-69db906666576\" class=\"title-wrapper wd-wpb set-mb-s reset-last-child  wd-title-color-default wd-title-style-bordered text-center  wd-underline-colored\">\n\t\t\t\n\t\t\t<div class=\"liner-continer\">\n\t\t\t\t<h3 class=\"woodmart-title-container title  wd-font-weight- wd-fontsize-l\" >Les deux certificats internationaux attribu\u00e9s \u00e0 nos appareils<\/h3>\n\t\t\t\t\t\t\t<\/div>\n\t\t\t\n\t\t\t\n\t\t\t\n\t\t<\/div>\n\t\t\n\t\t[vc_row_inner][vc_column_inner width=&#8221;1\/2&#8243;][vc_column_text]\n<p style=\"text-align: center;\"><strong>La certification C\u03f5<br \/>\n<\/strong><br \/>\nLa certification CE t\u00e9moigne de la conformit\u00e9 du produit aux normes europ\u00e9ennes en mati\u00e8re de fonctionnement, de s\u00e9curit\u00e9 et de cr\u00e9dibilit\u00e9.<\/p>\n[\/vc_column_text][vc_single_image image=&#8221;4580&#8243; img_size=&#8221;medium&#8221; add_caption=&#8221;yes&#8221; alignment=&#8221;center&#8221; onclick=&#8221;zoom&#8221; title=&#8221;La certification C\u03f5&#8221;][\/vc_column_inner][vc_column_inner width=&#8221;1\/2&#8243;][vc_column_text]\n<p style=\"text-align: center;\"><strong>La certification internationale ISO 9001<\/strong><\/p>\n<p style=\"text-align: center;\">De son c\u00f4t\u00e9, la certification ISO 9001 atteste que le produit satisfait aux normes et sp\u00e9cifications internationales en mati\u00e8re de qualit\u00e9 et de conformit\u00e9.<\/p>\n[\/vc_column_text][vc_single_image image=&#8221;4581&#8243; img_size=&#8221;medium&#8221; add_caption=&#8221;yes&#8221; alignment=&#8221;center&#8221; onclick=&#8221;zoom&#8221; css_animation=&#8221;none&#8221; title=&#8221;La certification internationale ISO 9001&#8243;][\/vc_column_inner][\/vc_row_inner][\/vc_column][\/vc_row]\n<\/div>","protected":false},"excerpt":{"rendered":"<p>Le River F Smart est un \u00e9quipement de d\u00e9tection polyvalent qui utilise trois syst\u00e8mes de recherche distincts :<\/p>\n<ol>\n<li>Premier syst\u00e8me de d\u00e9tection : sp\u00e9cifiquement con\u00e7u pour la recherche d&#8217;eau douce,<\/li>\n<li>Deuxi\u00e8me syst\u00e8me : sp\u00e9cialis\u00e9 dans la d\u00e9tection d&#8217;eau sal\u00e9e,<\/li>\n<li>Troisi\u00e8me syst\u00e8me : un radar de sol qui permet une d\u00e9tection pr\u00e9cise et facile de l&#8217;eau, tout en fournissant des informations sur sa profondeur en m\u00e8tres ou en centim\u00e8tres.<\/li>\n<\/ol>\n<p>En plus, cet appareil de d\u00e9tection offre une port\u00e9e \u00e9tendue. Cela permet de d\u00e9tecter et de localiser pr\u00e9cisemment les eaux souterraines ainsi les puits art\u00e9siens dans le sol. <\/p>\n","protected":false},"featured_media":4582,"template":"","meta":{"_joinchat":[]},"product_brand":[],"product_cat":[133,135,138],"product_tag":[166,165,170],"class_list":{"0":"post-4585","1":"product","2":"type-product","3":"status-publish","4":"has-post-thumbnail","6":"product_cat-detector-de-agua-subterranea","7":"product_cat-detector-de-cavidades","8":"product_cat-radar-de-suelo","9":"product_tag-detector-de-agua","10":"product_tag-detector-de-cavidade","11":"product_tag-gerdetect","13":"first","14":"instock","15":"sale","16":"taxable","17":"shipping-taxable","18":"purchasable","19":"product-type-simple"},"yoast_head":"<!-- This site is optimized with the Yoast SEO plugin v26.3 - https:\/\/yoast.com\/wordpress\/plugins\/seo\/ -->\n<title>River F Smart : d\u00e9tecteur pr\u00e9cis d&#039;eaux souterraines et de cavit\u00e9s<\/title>\n<meta name=\"description\" content=\"Le River F Smart poss\u00e8de des fonctionnalit\u00e9s avanc\u00e9es afin de d\u00e9tecter l&#039;eau souterraine douce et sal\u00e9e, les puits art\u00e9siens et les cavit\u00e9s.\" \/>\n<meta name=\"robots\" content=\"index, follow, max-snippet:-1, max-image-preview:large, max-video-preview:-1\" \/>\n<link rel=\"canonical\" href=\"https:\/\/gerdetect.fr\/es\/catalogo-de-detectores-de-metales\/detector-de-agua-subterranea\/river-f-smart-3-systemes\/\" \/>\n<meta property=\"og:locale\" content=\"es_ES\" \/>\n<meta property=\"og:type\" content=\"article\" \/>\n<meta property=\"og:title\" content=\"River F Smart : d\u00e9tecteur pr\u00e9cis d&#039;eaux souterraines et de cavit\u00e9s\" \/>\n<meta property=\"og:description\" content=\"Le River F Smart poss\u00e8de des fonctionnalit\u00e9s avanc\u00e9es afin de d\u00e9tecter l&#039;eau souterraine douce et sal\u00e9e, les puits art\u00e9siens et les cavit\u00e9s.\" \/>\n<meta property=\"og:url\" content=\"https:\/\/gerdetect.fr\/es\/catalogo-de-detectores-de-metales\/detector-de-agua-subterranea\/river-f-smart-3-systemes\/\" \/>\n<meta property=\"og:site_name\" content=\"GER DETECT FRANCE\" \/>\n<meta property=\"article:modified_time\" content=\"2026-01-13T10:10:21+00:00\" \/>\n<meta property=\"og:image\" content=\"https:\/\/gerdetect.fr\/wp-content\/uploads\/2023\/06\/River-F-Smart-GER-Detect12.png\" \/>\n\t<meta property=\"og:image:width\" content=\"525\" \/>\n\t<meta property=\"og:image:height\" content=\"380\" \/>\n\t<meta property=\"og:image:type\" content=\"image\/png\" \/>\n<meta name=\"twitter:card\" content=\"summary_large_image\" \/>\n<meta name=\"twitter:label1\" content=\"Tiempo de lectura\" \/>\n\t<meta name=\"twitter:data1\" content=\"6 minutos\" \/>\n<script type=\"application\/ld+json\" class=\"yoast-schema-graph\">{\"@context\":\"https:\/\/schema.org\",\"@graph\":[{\"@type\":\"WebPage\",\"@id\":\"https:\/\/gerdetect.fr\/es\/catalogo-de-detectores-de-metales\/detector-de-agua-subterranea\/river-f-smart-3-systemes\/\",\"url\":\"https:\/\/gerdetect.fr\/es\/catalogo-de-detectores-de-metales\/detector-de-agua-subterranea\/river-f-smart-3-systemes\/\",\"name\":\"River F Smart : d\u00e9tecteur pr\u00e9cis d'eaux souterraines et de cavit\u00e9s\",\"isPartOf\":{\"@id\":\"https:\/\/gerdetect.fr\/es\/#website\"},\"primaryImageOfPage\":{\"@id\":\"https:\/\/gerdetect.fr\/es\/catalogo-de-detectores-de-metales\/detector-de-agua-subterranea\/river-f-smart-3-systemes\/#primaryimage\"},\"image\":{\"@id\":\"https:\/\/gerdetect.fr\/es\/catalogo-de-detectores-de-metales\/detector-de-agua-subterranea\/river-f-smart-3-systemes\/#primaryimage\"},\"thumbnailUrl\":\"https:\/\/gerdetect.fr\/wp-content\/uploads\/2023\/06\/River-F-Smart-GER-Detect12.png\",\"datePublished\":\"2023-06-23T09:19:55+00:00\",\"dateModified\":\"2026-01-13T10:10:21+00:00\",\"description\":\"Le River F Smart poss\u00e8de des fonctionnalit\u00e9s avanc\u00e9es afin de d\u00e9tecter l'eau souterraine douce et sal\u00e9e, les puits art\u00e9siens et les cavit\u00e9s.\",\"breadcrumb\":{\"@id\":\"https:\/\/gerdetect.fr\/es\/catalogo-de-detectores-de-metales\/detector-de-agua-subterranea\/river-f-smart-3-systemes\/#breadcrumb\"},\"inLanguage\":\"es\",\"potentialAction\":[{\"@type\":\"ReadAction\",\"target\":[\"https:\/\/gerdetect.fr\/es\/catalogo-de-detectores-de-metales\/detector-de-agua-subterranea\/river-f-smart-3-systemes\/\"]}]},{\"@type\":\"ImageObject\",\"inLanguage\":\"es\",\"@id\":\"https:\/\/gerdetect.fr\/es\/catalogo-de-detectores-de-metales\/detector-de-agua-subterranea\/river-f-smart-3-systemes\/#primaryimage\",\"url\":\"https:\/\/gerdetect.fr\/wp-content\/uploads\/2023\/06\/River-F-Smart-GER-Detect12.png\",\"contentUrl\":\"https:\/\/gerdetect.fr\/wp-content\/uploads\/2023\/06\/River-F-Smart-GER-Detect12.png\",\"width\":525,\"height\":380,\"caption\":\"River F Smart\"},{\"@type\":\"BreadcrumbList\",\"@id\":\"https:\/\/gerdetect.fr\/es\/catalogo-de-detectores-de-metales\/detector-de-agua-subterranea\/river-f-smart-3-systemes\/#breadcrumb\",\"itemListElement\":[{\"@type\":\"ListItem\",\"position\":1,\"name\":\"Accueil\",\"item\":\"https:\/\/gerdetect.fr\/es\/\"},{\"@type\":\"ListItem\",\"position\":2,\"name\":\"Tienda\",\"item\":\"https:\/\/gerdetect.fr\/es\/tienda\/\"},{\"@type\":\"ListItem\",\"position\":3,\"name\":\"River F Smart &#8211; 3 syst\u00e8mes\"}]},{\"@type\":\"WebSite\",\"@id\":\"https:\/\/gerdetect.fr\/es\/#website\",\"url\":\"https:\/\/gerdetect.fr\/es\/\",\"name\":\"GER DETECT FRANCE\",\"description\":\"D\u00e9tecteur de m\u00e9taux, d&#039;or, diamants, d&#039;eau souterraine, radar de sol | Lille, Paris\",\"potentialAction\":[{\"@type\":\"SearchAction\",\"target\":{\"@type\":\"EntryPoint\",\"urlTemplate\":\"https:\/\/gerdetect.fr\/es\/?s={search_term_string}\"},\"query-input\":{\"@type\":\"PropertyValueSpecification\",\"valueRequired\":true,\"valueName\":\"search_term_string\"}}],\"inLanguage\":\"es\"}]}<\/script>\n<!-- \/ Yoast SEO plugin. -->","yoast_head_json":{"title":"River F Smart : d\u00e9tecteur pr\u00e9cis d'eaux souterraines et de cavit\u00e9s","description":"Le River F Smart poss\u00e8de des fonctionnalit\u00e9s avanc\u00e9es afin de d\u00e9tecter l'eau souterraine douce et sal\u00e9e, les puits art\u00e9siens et les cavit\u00e9s.","robots":{"index":"index","follow":"follow","max-snippet":"max-snippet:-1","max-image-preview":"max-image-preview:large","max-video-preview":"max-video-preview:-1"},"canonical":"https:\/\/gerdetect.fr\/es\/catalogo-de-detectores-de-metales\/detector-de-agua-subterranea\/river-f-smart-3-systemes\/","og_locale":"es_ES","og_type":"article","og_title":"River F Smart : d\u00e9tecteur pr\u00e9cis d'eaux souterraines et de cavit\u00e9s","og_description":"Le River F Smart poss\u00e8de des fonctionnalit\u00e9s avanc\u00e9es afin de d\u00e9tecter l'eau souterraine douce et sal\u00e9e, les puits art\u00e9siens et les cavit\u00e9s.","og_url":"https:\/\/gerdetect.fr\/es\/catalogo-de-detectores-de-metales\/detector-de-agua-subterranea\/river-f-smart-3-systemes\/","og_site_name":"GER DETECT FRANCE","article_modified_time":"2026-01-13T10:10:21+00:00","og_image":[{"width":525,"height":380,"url":"https:\/\/gerdetect.fr\/wp-content\/uploads\/2023\/06\/River-F-Smart-GER-Detect12.png","type":"image\/png"}],"twitter_card":"summary_large_image","twitter_misc":{"Tiempo de lectura":"6 minutos"},"schema":{"@context":"https:\/\/schema.org","@graph":[{"@type":"WebPage","@id":"https:\/\/gerdetect.fr\/es\/catalogo-de-detectores-de-metales\/detector-de-agua-subterranea\/river-f-smart-3-systemes\/","url":"https:\/\/gerdetect.fr\/es\/catalogo-de-detectores-de-metales\/detector-de-agua-subterranea\/river-f-smart-3-systemes\/","name":"River F Smart : d\u00e9tecteur pr\u00e9cis d'eaux souterraines et de cavit\u00e9s","isPartOf":{"@id":"https:\/\/gerdetect.fr\/es\/#website"},"primaryImageOfPage":{"@id":"https:\/\/gerdetect.fr\/es\/catalogo-de-detectores-de-metales\/detector-de-agua-subterranea\/river-f-smart-3-systemes\/#primaryimage"},"image":{"@id":"https:\/\/gerdetect.fr\/es\/catalogo-de-detectores-de-metales\/detector-de-agua-subterranea\/river-f-smart-3-systemes\/#primaryimage"},"thumbnailUrl":"https:\/\/gerdetect.fr\/wp-content\/uploads\/2023\/06\/River-F-Smart-GER-Detect12.png","datePublished":"2023-06-23T09:19:55+00:00","dateModified":"2026-01-13T10:10:21+00:00","description":"Le River F Smart poss\u00e8de des fonctionnalit\u00e9s avanc\u00e9es afin de d\u00e9tecter l'eau souterraine douce et sal\u00e9e, les puits art\u00e9siens et les cavit\u00e9s.","breadcrumb":{"@id":"https:\/\/gerdetect.fr\/es\/catalogo-de-detectores-de-metales\/detector-de-agua-subterranea\/river-f-smart-3-systemes\/#breadcrumb"},"inLanguage":"es","potentialAction":[{"@type":"ReadAction","target":["https:\/\/gerdetect.fr\/es\/catalogo-de-detectores-de-metales\/detector-de-agua-subterranea\/river-f-smart-3-systemes\/"]}]},{"@type":"ImageObject","inLanguage":"es","@id":"https:\/\/gerdetect.fr\/es\/catalogo-de-detectores-de-metales\/detector-de-agua-subterranea\/river-f-smart-3-systemes\/#primaryimage","url":"https:\/\/gerdetect.fr\/wp-content\/uploads\/2023\/06\/River-F-Smart-GER-Detect12.png","contentUrl":"https:\/\/gerdetect.fr\/wp-content\/uploads\/2023\/06\/River-F-Smart-GER-Detect12.png","width":525,"height":380,"caption":"River F Smart"},{"@type":"BreadcrumbList","@id":"https:\/\/gerdetect.fr\/es\/catalogo-de-detectores-de-metales\/detector-de-agua-subterranea\/river-f-smart-3-systemes\/#breadcrumb","itemListElement":[{"@type":"ListItem","position":1,"name":"Accueil","item":"https:\/\/gerdetect.fr\/es\/"},{"@type":"ListItem","position":2,"name":"Tienda","item":"https:\/\/gerdetect.fr\/es\/tienda\/"},{"@type":"ListItem","position":3,"name":"River F Smart &#8211; 3 syst\u00e8mes"}]},{"@type":"WebSite","@id":"https:\/\/gerdetect.fr\/es\/#website","url":"https:\/\/gerdetect.fr\/es\/","name":"GER DETECT FRANCE","description":"D\u00e9tecteur de m\u00e9taux, d&#039;or, diamants, d&#039;eau souterraine, radar de sol | Lille, Paris","potentialAction":[{"@type":"SearchAction","target":{"@type":"EntryPoint","urlTemplate":"https:\/\/gerdetect.fr\/es\/?s={search_term_string}"},"query-input":{"@type":"PropertyValueSpecification","valueRequired":true,"valueName":"search_term_string"}}],"inLanguage":"es"}]}},"_links":{"self":[{"href":"https:\/\/gerdetect.fr\/es\/wp-json\/wp\/v2\/product\/4585","targetHints":{"allow":["GET"]}}],"collection":[{"href":"https:\/\/gerdetect.fr\/es\/wp-json\/wp\/v2\/product"}],"about":[{"href":"https:\/\/gerdetect.fr\/es\/wp-json\/wp\/v2\/types\/product"}],"wp:featuredmedia":[{"embeddable":true,"href":"https:\/\/gerdetect.fr\/es\/wp-json\/wp\/v2\/media\/4582"}],"wp:attachment":[{"href":"https:\/\/gerdetect.fr\/es\/wp-json\/wp\/v2\/media?parent=4585"}],"wp:term":[{"taxonomy":"product_brand","embeddable":true,"href":"https:\/\/gerdetect.fr\/es\/wp-json\/wp\/v2\/product_brand?post=4585"},{"taxonomy":"product_cat","embeddable":true,"href":"https:\/\/gerdetect.fr\/es\/wp-json\/wp\/v2\/product_cat?post=4585"},{"taxonomy":"product_tag","embeddable":true,"href":"https:\/\/gerdetect.fr\/es\/wp-json\/wp\/v2\/product_tag?post=4585"}],"curies":[{"name":"wp","href":"https:\/\/api.w.org\/{rel}","templated":true}]}}