{"id":4607,"date":"2023-04-25T16:05:15","date_gmt":"2023-04-25T14:05:15","guid":{"rendered":"https:\/\/gerdetect.fr\/catalogue-detecteur-de-metaux\/sin%20categor\u00eda\/uig-ground-scanner-detector-3-systemes\/"},"modified":"2026-02-12T14:09:07","modified_gmt":"2026-02-12T13:09:07","slug":"uig-ground-scanner-detector-3-systemes","status":"publish","type":"product","link":"https:\/\/gerdetect.fr\/es\/catalogo-de-detectores-de-metales\/detector-de-oro\/uig-ground-scanner-detector-3-systemes\/","title":{"rendered":"DETECTOR ESC\u00c1NER DE TIERRA UIG &#8211; 3 sistemas"},"content":{"rendered":"<div class=\"wpb-content-wrapper\">[vc_row content_placement=&#8221;top&#8221;][vc_column][vc_video link=&#8221;https:\/\/www.youtube.com\/watch?v=JbLFQwZgH3c&#8221; align=&#8221;center&#8221;]\n\t\t<div id=\"wd-69db9065e27da\" class=\"title-wrapper wd-wpb set-mb-s reset-last-child  wd-title-color-default wd-title-style-bordered text-center  wd-underline-colored\">\n\t\t\t\n\t\t\t<div class=\"liner-continer\">\n\t\t\t\t<h2 class=\"woodmart-title-container title  wd-font-weight- wd-fontsize-l\" >Tout savoir sur le UIG GROUND SCANNER DETECTOR<\/h2>\n\t\t\t\t\t\t\t<\/div>\n\t\t\t\n\t\t\t\n\t\t\t\n\t\t<\/div>\n\t\t\n\t\t[vc_row_inner][vc_column_inner][vc_column_text]Vous souhaitez en apprendre plus sur notre <a href=\"https:\/\/gerdetect.fr\/es\/tipos-de-detector\/detector-de-metales\/\">d\u00e9tecteur de m\u00e9taux<\/a> ? Nous vous invitons \u00e0 lire la suite de cet article afin de vous tenir inform\u00e9 de toutes ses caract\u00e9ristiques mais aussi pour comprendre le fonctionnement de ce d\u00e9tecteur. Cet appareil de d\u00e9tection propos\u00e9 par <a href=\"https:\/\/gerdetect.fr\/es\/\">GER Detect<\/a> est le meilleur parmi les autres mod\u00e8les milieu de gamme. En effet, ce type de <a href=\"https:\/\/gerdetect.fr\/es\/tipos-de-detector\/detector-de-oro\/\">d\u00e9tecteur d\u2019or<\/a> est pr\u00e9cis et innovant. Alors commandez-le directement sur notre site, nous livrons partout dans le monde. Vous avez peut-\u00eatre d\u2019autres questions concernant l\u2019appareil ? Nous serons heureux de vous r\u00e9pondre par t\u00e9l\u00e9phone ou encore via notre formulaire de contact.[\/vc_column_text][\/vc_column_inner][\/vc_row_inner][vc_row_inner][vc_column_inner width=&#8221;1\/2&#8243;][vc_single_image image=&#8221;4587&#8243; img_size=&#8221;large&#8221; alignment=&#8221;center&#8221;][\/vc_column_inner][vc_column_inner width=&#8221;1\/2&#8243;][vc_single_image image=&#8221;4588&#8243; img_size=&#8221;large&#8221; alignment=&#8221;center&#8221;][\/vc_column_inner][\/vc_row_inner][\/vc_column][\/vc_row][vc_row][vc_column]\n\t\t<div id=\"wd-69db9065e286b\" class=\"title-wrapper wd-wpb set-mb-s reset-last-child  wd-title-color-default wd-title-style-bordered text-center  wd-underline-colored\">\n\t\t\t\n\t\t\t<div class=\"liner-continer\">\n\t\t\t\t<h2 class=\"woodmart-title-container title  wd-font-weight- wd-fontsize-l\" >UIG GROUND SCANNER DETECTOR : un appareil performant et unique !<\/h2>\n\t\t\t\t\t\t\t<\/div>\n\t\t\t\n\t\t\t\n\t\t\t\n\t\t<\/div>\n\t\t\n\t\t[vc_row_inner][vc_column_inner width=&#8221;1\/2&#8243;][vc_column_text]Le scanner de sol UIG GROUND SCANNER DETECTOR est un syst\u00e8me de balayage en direct et d&#8217;imagerie du sol utilisant la technologie 3D et qui vous permet donc de mener une vraie chasse au tr\u00e9sor. Ce scanner de sol Uig est un type de d\u00e9tecteur d\u2019or multifonctionnel de haute technologie. <\/p>\n<p>Le scanner de sol UIG, poss\u00e9dant une technologie unique en son genre dans le monde, combine trois syst\u00e8mes d&#8217;imagerie diff\u00e9rents en un seul appareil de recherche. Cela en fait donc un appareil sp\u00e9cialis\u00e9 dans l&#8217;exploration et la recherche de m\u00e9taux, de min\u00e9raux, de tr\u00e9sors, de couloirs, de grottes et de vides dans le sol avec facilit\u00e9 et haute pr\u00e9cision. Il permet ainsi d&#8217;effectuer un balayage pr\u00e9cis des murs antiques et arch\u00e9ologiques gr\u00e2ce \u00e0 sa haute sensibilit\u00e9.  <\/p>\n<p>Commencez donc votre voyage d&#8217;exploration en recherchant des :<\/p>\n<ul>\n<li>&#8211; M\u00e9taux pr\u00e9cieux ;<\/li>\n<li>&#8211; Or et p\u00e9pites d\u2019or ;<\/li>\n<li>&#8211; Reliques anciennes ;<\/li>\n<li>&#8211; Tombes arch\u00e9ologiques ;<\/li>\n<li>&#8211; Pi\u00e8ces de monnaies ;<\/li>\n<li>&#8211; Grottes ;<\/li>\n<li>&#8211; Vides sous terre ;<\/li>\n<li>&#8211; Et bien d\u2019autres cavit\u00e9s et tr\u00e9sors enfouis.<\/li>\n<\/ul>\n<p>&nbsp;<\/p>\n<p>Fonctionnant avec trois technologies professionnelles de num\u00e9risation et d&#8217;imagerie, il est ainsi dot\u00e9 d\u2019un capteur d&#8217;imagerie multifonctionnel et de technologies modernes et hautement efficaces. Par ailleurs, soutenu \u00e0 l&#8217;aide d&#8217;un bras mobile l\u00e9ger, cela facilite la num\u00e9risation et l&#8217;imagerie des cibles, en plus de fournir la possibilit\u00e9 de distinguer les m\u00e9taux et les vides gr\u00e2ce \u00e0 deux sons diff\u00e9rents.[\/vc_column_text][\/vc_column_inner][vc_column_inner width=&#8221;1\/2&#8243;][vc_single_image image=&#8221;4589&#8243; img_size=&#8221;large&#8221; alignment=&#8221;center&#8221;][\/vc_column_inner][\/vc_row_inner][vc_column_text]Le scanner de sol Uig se caract\u00e9rise aussi par sa petite taille et sa l\u00e9g\u00e8ret\u00e9, ce qui en fait donc le pr\u00e9f\u00e9r\u00e9 des prospecteurs, en raison de sa facilit\u00e9 d&#8217;utilisation dans l&#8217;exploration et la recherche de m\u00e9taux pr\u00e9cieux cach\u00e9s, de tr\u00e9sors enfouis et de vides dans le sol.[\/vc_column_text][\/vc_column][\/vc_row][vc_row][vc_column]\n\t\t<div id=\"wd-69db9065e28a3\" class=\"title-wrapper wd-wpb set-mb-s reset-last-child  wd-title-color-default wd-title-style-bordered text-center  wd-underline-colored\">\n\t\t\t\n\t\t\t<div class=\"liner-continer\">\n\t\t\t\t<h2 class=\"woodmart-title-container title  wd-font-weight- wd-fontsize-l\" >La description de ce d\u00e9tecteur de m\u00e9taux et de cavit\u00e9s<\/h2>\n\t\t\t\t\t\t\t<\/div>\n\t\t\t\n\t\t\t\n\t\t\t\n\t\t<\/div>\n\t\t\n\t\t[vc_column_text]Selon l&#8217;utilisation souhait\u00e9e, l&#8217;UIG GROUND SCANNER DETECTOR, est \u00e0 m\u00eame de proposer des syst\u00e8mes de pointe. D\u00e9couvrez ainsi trois syst\u00e8mes de d\u00e9tection efficace et d&#8217;imagerie souterraine en un seul appareil. De ce fait, le scanner de sol UIG GROUND SCANNER DETECTOR est un appareil multi-syst\u00e8mes. En effet, il permet la d\u00e9tection de m\u00e9taux pr\u00e9cieux, de tr\u00e9sors, de s\u00e9pultures arch\u00e9ologiques, de couloirs, de grottes et de vides souterrains. D\u00e9couvrez ainsi tous les avantages de poss\u00e9der l\u2019UIG GROUND SCANNER DETECTOR :    <\/p>\n<ol>\n<li>Pouvoir distinguer les min\u00e9raux ainsi que les vides gr\u00e2ce \u00e0 deux sons diff\u00e9rents ;<\/li>\n<li>Effectuer facilement le balayage et la photographie des cibles gr\u00e2ce \u00e0 son bras l\u00e9ger mais aussi mobile ;<\/li>\n<li>D\u00e9tecter rapidement et pr\u00e9cis\u00e9ment des cibles souterraines ;<\/li>\n<li>Scanner efficacement des cibles \u00e0 l&#8217;int\u00e9rieur d&#8217;un ancien mur arch\u00e9ologique ;<\/li>\n<li>D\u00e9terminer les profondeurs des cibles en m\u00e8tres puis r\u00e9aliser leur marquage facilement et avec une grande pr\u00e9cision ;<\/li>\n<li>Acc\u00e9der en plusieurs langues \u00e0 l\u2019application attach\u00e9e \u00e0 l&#8217;appareil, \u00e0 savoir : (anglais &#8211; arabe &#8211; espagnol &#8211; fran\u00e7ais &#8211; allemand &#8211; portugais) ;<\/li>\n<li>Pouvoir activer ou bien d\u00e9sactiver le son de l&#8217;appareil.<\/li>\n<\/ol>\n<p>&nbsp;<\/p>\n<p>Ainsi, vous l&#8217;aurez compris, en utilisant notre appareil, vous serez assur\u00e9 de disposer d&#8217;un mat\u00e9riel tr\u00e8s efficace mais aussi \u00e0 la pointe de la technologie. D\u00e9sormais, d\u00e9couvrez les diff\u00e9rents syst\u00e8mes de recherche qu&#8217;utilise notre appareil de d\u00e9tection des m\u00e9taux pr\u00e9cieux.[\/vc_column_text][vc_single_image image=&#8221;4590&#8243; img_size=&#8221;full&#8221; alignment=&#8221;center&#8221;][\/vc_column][\/vc_row][vc_row][vc_column]\n\t\t<div id=\"wd-69db9065e28e1\" class=\"title-wrapper wd-wpb set-mb-s reset-last-child  wd-title-color-default wd-title-style-bordered text-center  wd-underline-colored\">\n\t\t\t\n\t\t\t<div class=\"liner-continer\">\n\t\t\t\t<h2 class=\"woodmart-title-container title  wd-font-weight- wd-fontsize-l\" >Les syst\u00e8mes de recherche du UIG GROUND SCANNER DETECTOR<\/h2>\n\t\t\t\t\t\t\t<\/div>\n\t\t\t\n\t\t\t\n\t\t\t\n\t\t<\/div>\n\t\t\n\t\t[vc_row_inner][vc_column_inner width=&#8221;1\/2&#8243;][vc_column_text]\u00c9tant un appareil de pointe, le UIG GROUND SCANNER DETECTOR a donc des syst\u00e8mes pr\u00e9cis et complexes. Alors, pour tout savoir sur les diff\u00e9rents syst\u00e8mes de recherche du scanner de sol Uig, nous vous donnons toutes les informations n\u00e9cessaires. <\/p>\n<p>Ainsi, le scanner de sol UIG fonctionne avec trois syst\u00e8mes de d\u00e9tection et d&#8217;imagerie souterraine :<\/p>\n<ol>\n<li>Tout d&#8217;abord, son premier syst\u00e8me d&#8217;imagerie 3D,<\/li>\n<li>Ensuite, son deuxi\u00e8me syst\u00e8me de balayage des murs en direct,<\/li>\n<li>Enfin, son troisi\u00e8me syst\u00e8me de balayage du sol en direct.<\/li>\n<\/ol>\n<p>&nbsp;<\/p>\n<p>Tous ces syst\u00e8mes assurent donc la parfaite efficacit\u00e9 de l&#8217;appareil \u00e0 trouver des tr\u00e9sors. Par ailleurs, la plus grande profondeur de recherche du scanner de sol Uig peut atteindre 30 m\u00e8tres sous terre. \u00c0 cette profondeur l\u00e0, vous pouvez trouver des m\u00e9taux rares comme notamment de l&#8217;or ou des vestiges m\u00e9talliques du pass\u00e9.  <\/p>\n<p>Par ailleurs, le scanner de sol Uig GROUND SCANNER DETECTOR est l&#8217;une des meilleures industries allemandes. En effet, il poss\u00e8de le certificat europ\u00e9en CE conform\u00e9ment aux normes internationales et le certificat international ISO 9001 conform\u00e9ment aux sp\u00e9cifications et normes internationales. <\/p>\n<p>Enfin, cet appareil polyvalent est con\u00e7u pour \u00eatre fonctionnel et compatible avec tous les pays et toutes les r\u00e9gions. Ainsi, il vous permet de chercher des m\u00e9taux pr\u00e9cieux sur la plage, dans des grottes ou dans le d\u00e9sert. Afin de d\u00e9couvrir toutes les possibilit\u00e9s que le UIG GROUND SCANNER DETECTOR vous offre, consultez ses sp\u00e9cifications techniques. Nous les avons ainsi list\u00e9 ci-dessous.[\/vc_column_text][\/vc_column_inner][vc_column_inner width=&#8221;1\/2&#8243;][vc_single_image image=&#8221;4591&#8243; img_size=&#8221;large&#8221; alignment=&#8221;center&#8221;][\/vc_column_inner][\/vc_row_inner][\/vc_column][\/vc_row][vc_row][vc_column]\n\t\t<div id=\"wd-69db9065e2915\" class=\"title-wrapper wd-wpb set-mb-s reset-last-child  wd-title-color-default wd-title-style-bordered text-center  wd-underline-colored\">\n\t\t\t\n\t\t\t<div class=\"liner-continer\">\n\t\t\t\t<h2 class=\"woodmart-title-container title  wd-font-weight- wd-fontsize-l\" >Les sp\u00e9cifications techniques du d\u00e9tecteur<\/h2>\n\t\t\t\t\t\t\t<\/div>\n\t\t\t\n\t\t\t\n\t\t\t\n\t\t<\/div>\n\t\t\n\t\t[vc_row_inner][vc_column_inner width=&#8221;1\/2&#8243;][vc_single_image image=&#8221;4592&#8243; img_size=&#8221;large&#8221; alignment=&#8221;center&#8221;][vc_column_text]Vous souhaitez en savoir davantage sur la batterie de l&#8217;appareil ? Alors voici en d\u00e9tail les sp\u00e9cifications techniques li\u00e9es \u00e0 la batterie BT144 :[\/vc_column_text][vc_single_image image=&#8221;4593&#8243; img_size=&#8221;large&#8221; alignment=&#8221;center&#8221;][\/vc_column_inner][vc_column_inner width=&#8221;1\/2&#8243;][vc_column_text]Gr\u00e2ce \u00e0 cette liste, apprenez en plus sur les diff\u00e9rentes sp\u00e9cifications techniques qui concernent le chargeur de la batterie. Pour en savoir davantage, vous pouvez aussi contacter notre \u00e9quipe.[\/vc_column_text][vc_single_image image=&#8221;4594&#8243; img_size=&#8221;large&#8221; alignment=&#8221;center&#8221;][vc_column_text]D\u00e9couvrez aussi ci-dessous les sp\u00e9cifications techniques relatives au poids de l&#8217;appareil :[\/vc_column_text][vc_single_image image=&#8221;4595&#8243; img_size=&#8221;large&#8221; alignment=&#8221;center&#8221;][\/vc_column_inner][\/vc_row_inner][\/vc_column][\/vc_row][vc_row][vc_column]\n\t\t<div id=\"wd-69db9065e293e\" class=\"title-wrapper wd-wpb set-mb-s reset-last-child  wd-title-color-default wd-title-style-bordered text-center  wd-underline-colored\">\n\t\t\t\n\t\t\t<div class=\"liner-continer\">\n\t\t\t\t<h2 class=\"woodmart-title-container title  wd-font-weight- wd-fontsize-l\" >Vid\u00e9o d\u2019utilisation de l\u2019UIG GROUND SCANNER DETECTOR<\/h2>\n\t\t\t\t\t\t\t<\/div>\n\t\t\t\n\t\t\t\n\t\t\t\n\t\t<\/div>\n\t\t\n\t\t[vc_column_text]D\u00e9couvrez, gr\u00e2ce \u00e0 une courte vid\u00e9o, la pr\u00e9sentation de l\u2019appareil d\u00e9montrant son efficacit\u00e9. Vous pouvez ainsi constater que sa prise en main est assez simple et, en tr\u00e8s peu de temps, vous pourrez faire de belles trouvailles ! Nous vous garantissons ainsi un mat\u00e9riel de qualit\u00e9 mais aussi adapt\u00e9 \u00e0 votre utilisation. Vous pourrez alors vous concentrer sur votre prospection tout en \u00e9tant accompagn\u00e9 d&#8217;un mat\u00e9riel r\u00e9sistant et performant.[\/vc_column_text][vc_video link=&#8221;https:\/\/www.youtube.com\/watch?v=JbLFQwZgH3c&#8221; el_width=&#8221;50&#8243; align=&#8221;center&#8221;][\/vc_column][\/vc_row][vc_row][vc_column]\n\t\t<div id=\"wd-69db9065e296b\" class=\"title-wrapper wd-wpb set-mb-s reset-last-child  wd-title-color-default wd-title-style-bordered text-center  wd-underline-colored\">\n\t\t\t\n\t\t\t<div class=\"liner-continer\">\n\t\t\t\t<h3 class=\"woodmart-title-container title  wd-font-weight- wd-fontsize-l\" >Nos diff\u00e9rents types d\u2019accessoires pour accompagner le d\u00e9tecteur<\/h3>\n\t\t\t\t\t\t\t<\/div>\n\t\t\t\n\t\t\t\n\t\t\t\n\t\t<\/div>\n\t\t\n\t\t[vc_column_text]D\u00e9couvrez aussi tous les accessoires accompagnant cet appareil de d\u00e9tection de m\u00e9taux pr\u00e9cieux. Le fait de poss\u00e9der des accessoires va nettement am\u00e9liorer la qualit\u00e9 de votre prospection et vous procurera alors plus de satisfaction lors de vos recherches. <\/p>\n<p>Par ailleurs, si vous souhaitez en apprendre davantage sur nos produits, contactez-nous ! Vous pouvez aussi vous rendre sur notre site. Devenez, vous aussi, un expert de la chasse au tr\u00e9sor et prenez plaisir \u00e0 faire de belles trouvailles gr\u00e2ce \u00e0 un appareil performant.[\/vc_column_text][vc_row_inner][vc_column_inner width=&#8221;1\/3&#8243;][vc_single_image image=&#8221;4596&#8243; add_caption=&#8221;yes&#8221; alignment=&#8221;center&#8221;][\/vc_column_inner][vc_column_inner width=&#8221;1\/3&#8243;][vc_single_image image=&#8221;4597&#8243; add_caption=&#8221;yes&#8221; alignment=&#8221;center&#8221;][\/vc_column_inner][vc_column_inner width=&#8221;1\/3&#8243;][vc_single_image image=&#8221;4598&#8243; add_caption=&#8221;yes&#8221; alignment=&#8221;center&#8221;][\/vc_column_inner][\/vc_row_inner][vc_row_inner][vc_column_inner width=&#8221;1\/3&#8243;][vc_single_image image=&#8221;4599&#8243; add_caption=&#8221;yes&#8221; alignment=&#8221;center&#8221;][\/vc_column_inner][vc_column_inner width=&#8221;1\/3&#8243;][vc_single_image image=&#8221;4600&#8243; add_caption=&#8221;yes&#8221; alignment=&#8221;center&#8221;][\/vc_column_inner][vc_column_inner width=&#8221;1\/3&#8243;][vc_single_image image=&#8221;4601&#8243; add_caption=&#8221;yes&#8221; alignment=&#8221;center&#8221;][\/vc_column_inner][\/vc_row_inner][vc_row_inner][vc_column_inner width=&#8221;1\/3&#8243;][vc_single_image image=&#8221;4602&#8243; add_caption=&#8221;yes&#8221; alignment=&#8221;center&#8221;][\/vc_column_inner][vc_column_inner width=&#8221;1\/3&#8243;][vc_single_image image=&#8221;4603&#8243; add_caption=&#8221;yes&#8221; alignment=&#8221;center&#8221;][\/vc_column_inner][vc_column_inner width=&#8221;1\/3&#8243;][vc_single_image image=&#8221;4604&#8243; add_caption=&#8221;yes&#8221; alignment=&#8221;center&#8221;][\/vc_column_inner][\/vc_row_inner][\/vc_column][\/vc_row]\n<\/div>","protected":false},"excerpt":{"rendered":"<p>El DETECTOR DE ESC\u00c1NER TIERRA UIG es un sistema de escaneo e im\u00e1genes terrestres en vivo que utiliza tecnolog\u00eda 3D. \u00a1Este revolucionario sistema le permite detectar f\u00e1cilmente metales preciosos, pepitas de oro y tesoros! <\/p>\n","protected":false},"featured_media":2779,"template":"","meta":{"_joinchat":[]},"product_brand":[],"product_cat":[135,137,134],"product_tag":[162,167],"class_list":{"0":"post-4607","1":"product","2":"type-product","3":"status-publish","4":"has-post-thumbnail","6":"product_cat-detector-de-cavidades","7":"product_cat-detector-de-metales","8":"product_cat-detector-de-oro","9":"product_tag-detector-de-metales","10":"product_tag-detector-uig","12":"first","13":"instock","14":"sale","15":"taxable","16":"shipping-taxable","17":"purchasable","18":"product-type-simple"},"yoast_head":"<!-- This site is optimized with the Yoast SEO plugin v26.3 - https:\/\/yoast.com\/wordpress\/plugins\/seo\/ -->\n<title>UIG GROUND SCANNER DETECTOR - Recherchez des tr\u00e9sors !<\/title>\n<meta name=\"description\" content=\"Notre d\u00e9tecteur de m\u00e9taux vous permet de rechercher des m\u00e9taux pr\u00e9cieux partout sur terre. Informez-vous sur UIG GROUND SCANNER DETECTOR !\" \/>\n<meta name=\"robots\" content=\"index, follow, max-snippet:-1, max-image-preview:large, max-video-preview:-1\" \/>\n<link rel=\"canonical\" href=\"https:\/\/gerdetect.fr\/es\/catalogo-de-detectores-de-metales\/detector-de-oro\/uig-ground-scanner-detector-3-systemes\/\" \/>\n<meta property=\"og:locale\" content=\"es_ES\" \/>\n<meta property=\"og:type\" content=\"article\" \/>\n<meta property=\"og:title\" content=\"UIG GROUND SCANNER DETECTOR - Recherchez des tr\u00e9sors !\" \/>\n<meta property=\"og:description\" content=\"Notre d\u00e9tecteur de m\u00e9taux vous permet de rechercher des m\u00e9taux pr\u00e9cieux partout sur terre. Informez-vous sur UIG GROUND SCANNER DETECTOR !\" \/>\n<meta property=\"og:url\" content=\"https:\/\/gerdetect.fr\/es\/catalogo-de-detectores-de-metales\/detector-de-oro\/uig-ground-scanner-detector-3-systemes\/\" \/>\n<meta property=\"og:site_name\" content=\"GER DETECT FRANCE\" \/>\n<meta property=\"article:modified_time\" content=\"2026-02-12T13:09:07+00:00\" \/>\n<meta property=\"og:image\" content=\"https:\/\/gerdetect.fr\/wp-content\/uploads\/2023\/04\/UIG-GROUND-SCANNER-DETECTOR-14-1.png\" \/>\n\t<meta property=\"og:image:width\" content=\"1920\" \/>\n\t<meta property=\"og:image:height\" content=\"1200\" \/>\n\t<meta property=\"og:image:type\" content=\"image\/png\" \/>\n<meta name=\"twitter:card\" content=\"summary_large_image\" \/>\n<meta name=\"twitter:label1\" content=\"Tiempo de lectura\" \/>\n\t<meta name=\"twitter:data1\" content=\"9 minutos\" \/>\n<script type=\"application\/ld+json\" class=\"yoast-schema-graph\">{\"@context\":\"https:\/\/schema.org\",\"@graph\":[{\"@type\":\"WebPage\",\"@id\":\"https:\/\/gerdetect.fr\/es\/catalogo-de-detectores-de-metales\/detector-de-oro\/uig-ground-scanner-detector-3-systemes\/\",\"url\":\"https:\/\/gerdetect.fr\/es\/catalogo-de-detectores-de-metales\/detector-de-oro\/uig-ground-scanner-detector-3-systemes\/\",\"name\":\"UIG GROUND SCANNER DETECTOR - Recherchez des tr\u00e9sors !\",\"isPartOf\":{\"@id\":\"https:\/\/gerdetect.fr\/es\/#website\"},\"primaryImageOfPage\":{\"@id\":\"https:\/\/gerdetect.fr\/es\/catalogo-de-detectores-de-metales\/detector-de-oro\/uig-ground-scanner-detector-3-systemes\/#primaryimage\"},\"image\":{\"@id\":\"https:\/\/gerdetect.fr\/es\/catalogo-de-detectores-de-metales\/detector-de-oro\/uig-ground-scanner-detector-3-systemes\/#primaryimage\"},\"thumbnailUrl\":\"https:\/\/gerdetect.fr\/wp-content\/uploads\/2023\/04\/UIG-GROUND-SCANNER-DETECTOR-14-1.png\",\"datePublished\":\"2023-04-25T14:05:15+00:00\",\"dateModified\":\"2026-02-12T13:09:07+00:00\",\"description\":\"Notre d\u00e9tecteur de m\u00e9taux vous permet de rechercher des m\u00e9taux pr\u00e9cieux partout sur terre. Informez-vous sur UIG GROUND SCANNER DETECTOR !\",\"breadcrumb\":{\"@id\":\"https:\/\/gerdetect.fr\/es\/catalogo-de-detectores-de-metales\/detector-de-oro\/uig-ground-scanner-detector-3-systemes\/#breadcrumb\"},\"inLanguage\":\"es\",\"potentialAction\":[{\"@type\":\"ReadAction\",\"target\":[\"https:\/\/gerdetect.fr\/es\/catalogo-de-detectores-de-metales\/detector-de-oro\/uig-ground-scanner-detector-3-systemes\/\"]}]},{\"@type\":\"ImageObject\",\"inLanguage\":\"es\",\"@id\":\"https:\/\/gerdetect.fr\/es\/catalogo-de-detectores-de-metales\/detector-de-oro\/uig-ground-scanner-detector-3-systemes\/#primaryimage\",\"url\":\"https:\/\/gerdetect.fr\/wp-content\/uploads\/2023\/04\/UIG-GROUND-SCANNER-DETECTOR-14-1.png\",\"contentUrl\":\"https:\/\/gerdetect.fr\/wp-content\/uploads\/2023\/04\/UIG-GROUND-SCANNER-DETECTOR-14-1.png\",\"width\":1920,\"height\":1200,\"caption\":\"UIG GROUND SCANNER DETECTOR\"},{\"@type\":\"BreadcrumbList\",\"@id\":\"https:\/\/gerdetect.fr\/es\/catalogo-de-detectores-de-metales\/detector-de-oro\/uig-ground-scanner-detector-3-systemes\/#breadcrumb\",\"itemListElement\":[{\"@type\":\"ListItem\",\"position\":1,\"name\":\"Accueil\",\"item\":\"https:\/\/gerdetect.fr\/es\/\"},{\"@type\":\"ListItem\",\"position\":2,\"name\":\"Tienda\",\"item\":\"https:\/\/gerdetect.fr\/es\/tienda\/\"},{\"@type\":\"ListItem\",\"position\":3,\"name\":\"DETECTOR ESC\u00c1NER DE TIERRA UIG &#8211; 3 sistemas\"}]},{\"@type\":\"WebSite\",\"@id\":\"https:\/\/gerdetect.fr\/es\/#website\",\"url\":\"https:\/\/gerdetect.fr\/es\/\",\"name\":\"GER DETECT FRANCE\",\"description\":\"D\u00e9tecteur de m\u00e9taux, d&#039;or, diamants, d&#039;eau souterraine, radar de sol | Lille, Paris\",\"potentialAction\":[{\"@type\":\"SearchAction\",\"target\":{\"@type\":\"EntryPoint\",\"urlTemplate\":\"https:\/\/gerdetect.fr\/es\/?s={search_term_string}\"},\"query-input\":{\"@type\":\"PropertyValueSpecification\",\"valueRequired\":true,\"valueName\":\"search_term_string\"}}],\"inLanguage\":\"es\"}]}<\/script>\n<!-- \/ Yoast SEO plugin. -->","yoast_head_json":{"title":"UIG GROUND SCANNER DETECTOR - Recherchez des tr\u00e9sors !","description":"Notre d\u00e9tecteur de m\u00e9taux vous permet de rechercher des m\u00e9taux pr\u00e9cieux partout sur terre. Informez-vous sur UIG GROUND SCANNER DETECTOR !","robots":{"index":"index","follow":"follow","max-snippet":"max-snippet:-1","max-image-preview":"max-image-preview:large","max-video-preview":"max-video-preview:-1"},"canonical":"https:\/\/gerdetect.fr\/es\/catalogo-de-detectores-de-metales\/detector-de-oro\/uig-ground-scanner-detector-3-systemes\/","og_locale":"es_ES","og_type":"article","og_title":"UIG GROUND SCANNER DETECTOR - Recherchez des tr\u00e9sors !","og_description":"Notre d\u00e9tecteur de m\u00e9taux vous permet de rechercher des m\u00e9taux pr\u00e9cieux partout sur terre. Informez-vous sur UIG GROUND SCANNER DETECTOR !","og_url":"https:\/\/gerdetect.fr\/es\/catalogo-de-detectores-de-metales\/detector-de-oro\/uig-ground-scanner-detector-3-systemes\/","og_site_name":"GER DETECT FRANCE","article_modified_time":"2026-02-12T13:09:07+00:00","og_image":[{"width":1920,"height":1200,"url":"https:\/\/gerdetect.fr\/wp-content\/uploads\/2023\/04\/UIG-GROUND-SCANNER-DETECTOR-14-1.png","type":"image\/png"}],"twitter_card":"summary_large_image","twitter_misc":{"Tiempo de lectura":"9 minutos"},"schema":{"@context":"https:\/\/schema.org","@graph":[{"@type":"WebPage","@id":"https:\/\/gerdetect.fr\/es\/catalogo-de-detectores-de-metales\/detector-de-oro\/uig-ground-scanner-detector-3-systemes\/","url":"https:\/\/gerdetect.fr\/es\/catalogo-de-detectores-de-metales\/detector-de-oro\/uig-ground-scanner-detector-3-systemes\/","name":"UIG GROUND SCANNER DETECTOR - Recherchez des tr\u00e9sors !","isPartOf":{"@id":"https:\/\/gerdetect.fr\/es\/#website"},"primaryImageOfPage":{"@id":"https:\/\/gerdetect.fr\/es\/catalogo-de-detectores-de-metales\/detector-de-oro\/uig-ground-scanner-detector-3-systemes\/#primaryimage"},"image":{"@id":"https:\/\/gerdetect.fr\/es\/catalogo-de-detectores-de-metales\/detector-de-oro\/uig-ground-scanner-detector-3-systemes\/#primaryimage"},"thumbnailUrl":"https:\/\/gerdetect.fr\/wp-content\/uploads\/2023\/04\/UIG-GROUND-SCANNER-DETECTOR-14-1.png","datePublished":"2023-04-25T14:05:15+00:00","dateModified":"2026-02-12T13:09:07+00:00","description":"Notre d\u00e9tecteur de m\u00e9taux vous permet de rechercher des m\u00e9taux pr\u00e9cieux partout sur terre. Informez-vous sur UIG GROUND SCANNER DETECTOR !","breadcrumb":{"@id":"https:\/\/gerdetect.fr\/es\/catalogo-de-detectores-de-metales\/detector-de-oro\/uig-ground-scanner-detector-3-systemes\/#breadcrumb"},"inLanguage":"es","potentialAction":[{"@type":"ReadAction","target":["https:\/\/gerdetect.fr\/es\/catalogo-de-detectores-de-metales\/detector-de-oro\/uig-ground-scanner-detector-3-systemes\/"]}]},{"@type":"ImageObject","inLanguage":"es","@id":"https:\/\/gerdetect.fr\/es\/catalogo-de-detectores-de-metales\/detector-de-oro\/uig-ground-scanner-detector-3-systemes\/#primaryimage","url":"https:\/\/gerdetect.fr\/wp-content\/uploads\/2023\/04\/UIG-GROUND-SCANNER-DETECTOR-14-1.png","contentUrl":"https:\/\/gerdetect.fr\/wp-content\/uploads\/2023\/04\/UIG-GROUND-SCANNER-DETECTOR-14-1.png","width":1920,"height":1200,"caption":"UIG GROUND SCANNER DETECTOR"},{"@type":"BreadcrumbList","@id":"https:\/\/gerdetect.fr\/es\/catalogo-de-detectores-de-metales\/detector-de-oro\/uig-ground-scanner-detector-3-systemes\/#breadcrumb","itemListElement":[{"@type":"ListItem","position":1,"name":"Accueil","item":"https:\/\/gerdetect.fr\/es\/"},{"@type":"ListItem","position":2,"name":"Tienda","item":"https:\/\/gerdetect.fr\/es\/tienda\/"},{"@type":"ListItem","position":3,"name":"DETECTOR ESC\u00c1NER DE TIERRA UIG &#8211; 3 sistemas"}]},{"@type":"WebSite","@id":"https:\/\/gerdetect.fr\/es\/#website","url":"https:\/\/gerdetect.fr\/es\/","name":"GER DETECT FRANCE","description":"D\u00e9tecteur de m\u00e9taux, d&#039;or, diamants, d&#039;eau souterraine, radar de sol | Lille, Paris","potentialAction":[{"@type":"SearchAction","target":{"@type":"EntryPoint","urlTemplate":"https:\/\/gerdetect.fr\/es\/?s={search_term_string}"},"query-input":{"@type":"PropertyValueSpecification","valueRequired":true,"valueName":"search_term_string"}}],"inLanguage":"es"}]}},"_links":{"self":[{"href":"https:\/\/gerdetect.fr\/es\/wp-json\/wp\/v2\/product\/4607","targetHints":{"allow":["GET"]}}],"collection":[{"href":"https:\/\/gerdetect.fr\/es\/wp-json\/wp\/v2\/product"}],"about":[{"href":"https:\/\/gerdetect.fr\/es\/wp-json\/wp\/v2\/types\/product"}],"wp:featuredmedia":[{"embeddable":true,"href":"https:\/\/gerdetect.fr\/es\/wp-json\/wp\/v2\/media\/2779"}],"wp:attachment":[{"href":"https:\/\/gerdetect.fr\/es\/wp-json\/wp\/v2\/media?parent=4607"}],"wp:term":[{"taxonomy":"product_brand","embeddable":true,"href":"https:\/\/gerdetect.fr\/es\/wp-json\/wp\/v2\/product_brand?post=4607"},{"taxonomy":"product_cat","embeddable":true,"href":"https:\/\/gerdetect.fr\/es\/wp-json\/wp\/v2\/product_cat?post=4607"},{"taxonomy":"product_tag","embeddable":true,"href":"https:\/\/gerdetect.fr\/es\/wp-json\/wp\/v2\/product_tag?post=4607"}],"curies":[{"name":"wp","href":"https:\/\/api.w.org\/{rel}","templated":true}]}}