{"id":4630,"date":"2022-09-21T17:27:32","date_gmt":"2022-09-21T15:27:32","guid":{"rendered":"https:\/\/gerdetect.fr\/catalogue-detecteur-de-metaux\/sin%20categor\u00eda\/titan-500-smart\/"},"modified":"2026-01-13T11:14:41","modified_gmt":"2026-01-13T10:14:41","slug":"titan-500-smart","status":"publish","type":"product","link":"https:\/\/gerdetect.fr\/es\/catalogo-de-detectores-de-metales\/detector-de-oro\/titan-500-smart\/","title":{"rendered":"Titan 500 SMART"},"content":{"rendered":"<div class=\"wpb-content-wrapper\">[vc_row content_placement=&#8221;top&#8221;][vc_column][vc_video link=&#8221;https:\/\/www.youtube.com\/watch?v=gSub4-iGGe8&#8243; align=&#8221;center&#8221;]\n\t\t<div id=\"wd-69dba3727b4fb\" class=\"title-wrapper wd-wpb set-mb-s reset-last-child  wd-title-color-default wd-title-style-bordered text-center  wd-underline-colored\">\n\t\t\t\n\t\t\t<div class=\"liner-continer\">\n\t\t\t\t<h2 class=\"woodmart-title-container title  wd-font-weight- wd-fontsize-l\" >D\u00e9couvrez les caract\u00e9ristiques du TITAN 500 SMART<\/h2>\n\t\t\t\t\t\t\t<\/div>\n\t\t\t\n\t\t\t\n\t\t\t\n\t\t<\/div>\n\t\t\n\t\t[vc_row_inner][vc_column_inner][vc_column_text]Le TITAN 500 SMART propos\u00e9 par <span style=\"color: #ff6600;\"><a style=\"color: #ff6600;\" href=\"https:\/\/gerdetect.fr\/es\/\">Ger Detect<\/a><\/span> est un apareil de d\u00e9tection efficace. Multifonctionnel, il permet la d\u00e9tection de nombreux m\u00e9taux et gemmes. Il est ainsi id\u00e9al pour la prospection d&#8217;or, de diamants, de m\u00e9taux pr\u00e9cieux et de pierres pr\u00e9cieuses enfouis. D\u00e9couvrez toutes ses caract\u00e9ristiques :   <\/p>\n<ol>\n<li>Une super vitesse ali\u00e9e \u00e0 une localisation pr\u00e9cise des cibles afin de les capturer tr\u00e8s rapidement.<\/li>\n<li>Un syst\u00e8me de d\u00e9tection efficace pour les petits et gros diamants.<\/li>\n<li>Un syst\u00e8me qui identifie et localise jusqu&#8217;\u00e0 18 diff\u00e9rentes esp\u00e8ces de joyaux : rubis, tanzanite, alexandrite, jaspe, granet, \u00e9meraude, p\u00e9ridot, tourmaline, columbite, opale, am\u00e9thyste, lapis lazuli, quartz, turquoise, saphir, oeil de chat, aigue-marine, topaze.<\/li>\n<li>Une fonctionnalit\u00e9 pour rechercher, identifier et localiser de nombreux types de m\u00e9taux pr\u00e9cieux enfouis : or (et aussi or ancien), p\u00e9pite d&#8217;or, platine, bronze, argent, cuivre, zircon, mercure, coltan, cobalt, osmium, m\u00e9t\u00e9orites.<\/li>\n<li>La pr\u00e9sence d&#8217;un termom\u00e8tre \u00e9lectronique pr\u00e9sent directement sur l&#8217;\u00e9cran de l&#8217;appareil et qui permet de mesurer la temp\u00e9rature et la m\u00e9t\u00e9o.<\/li>\n<li>Une d\u00e9termination pr\u00e9cise de la profondeur de la cible en m\u00e8tres alli\u00e9e \u00e0 un marquage facile.<\/li>\n<li>La possibilit\u00e9 de d\u00e9terminer le continent de la recherche.<\/li>\n<li>La pr\u00e9sence d&#8217;un \u00e9cran tactile intuitif qui propose de nombreuses fonctionnalit\u00e9s et offre beaucoup d&#8217;avantages.<\/li>\n<li>L&#8217;affichage num\u00e9rique de l&#8217;heure et de la date.<\/li>\n<li>La possibilit\u00e9 de mettre le son de l&#8217;appareil sur on ou off.<\/li>\n<li>La pr\u00e9sence d&#8217;une super antenne qui permet de couvrir de vastes domaines de recherche.<\/li>\n<\/ol>\n[\/vc_column_text][\/vc_column_inner][\/vc_row_inner][vc_row_inner][vc_column_inner width=&#8221;1\/2&#8243;][vc_single_image image=&#8221;4608&#8243; img_size=&#8221;large&#8221; alignment=&#8221;center&#8221;][\/vc_column_inner][vc_column_inner width=&#8221;1\/2&#8243;][vc_single_image image=&#8221;4609&#8243; img_size=&#8221;large&#8221; alignment=&#8221;center&#8221;][\/vc_column_inner][\/vc_row_inner][\/vc_column][\/vc_row][vc_row][vc_column]\n\t\t<div id=\"wd-69dba3727b590\" class=\"title-wrapper wd-wpb set-mb-s reset-last-child  wd-title-color-default wd-title-style-bordered text-center  wd-underline-colored\">\n\t\t\t\n\t\t\t<div class=\"liner-continer\">\n\t\t\t\t<h2 class=\"woodmart-title-container title  wd-font-weight- wd-fontsize-l\" >D\u00e9couvrez les 4 syst\u00e8mes du TITAN 500 SMART :<\/h2>\n\t\t\t\t\t\t\t<\/div>\n\t\t\t\n\t\t\t\n\t\t\t\n\t\t<\/div>\n\t\t\n\t\t[vc_row_inner][vc_column_inner width=&#8221;1\/2&#8243;][vc_column_text]Le TITAN 500 SMART est \u00e9quip\u00e9 de quatre syst\u00e8mes de recherche r\u00e9glables facilement afin de rechercher efficacement la cible souhait\u00e9e :<\/p>\n<ol>\n<li>Premier syst\u00e8me de recherche souterraine adapt\u00e9 pour rechercher des petits ou gros diamants.<\/li>\n<li>Deuxi\u00e8me syst\u00e8me de recherche souterraine \u00e9labor\u00e9 afin d&#8217;identifier des pierres pr\u00e9cieuses : rubis, topaze, alexandrite, \u00e9meraude, tanzanite, opale, oeil de chat, p\u00e9ridot, jaspe, granet, columbite, quartz, saphir, tourmaline, lapis lazuli, aigue-marine, am\u00e9thyste, turquoise.<\/li>\n<li>Troisi\u00e8me syst\u00e8me de recherche souterraine pour trouver de l&#8217;or et tout autre type de m\u00e9tal pr\u00e9cieux : or (et or ancien), p\u00e9pite d&#8217;or, platine, argent, coltan, bronze, mercure, cuivre, osmium, cobalt, zircon, m\u00e9t\u00e9orites.<\/li>\n<li>Quatri\u00e8me syst\u00e8me de recherche souterraine afin de d\u00e9terminer avec exactitude la profondeur des cibles souterraines et de pouvoir analyser les r\u00e9sultats.<\/li>\n<\/ol>\n<p>Le TITAN 500 SMART est non seulement \u00e9quip\u00e9 de quatres syst\u00e8mes performants, mais il est aussi dot\u00e9 d&#8217;une haute sensibilit\u00e9. Cela lui permet donc d&#8217;identifier des cibles jusqu&#8217;\u00e0 120 m\u00e8tres en profondeur dans le sol et jusqu&#8217;\u00e0 3000 m\u00e8tres en port\u00e9e avant.[\/vc_column_text][\/vc_column_inner][vc_column_inner width=&#8221;1\/2&#8243;][vc_single_image image=&#8221;4610&#8243; img_size=&#8221;large&#8221; alignment=&#8221;center&#8221;][\/vc_column_inner][\/vc_row_inner][vc_column_text]Cet appareil est l&#8217;un des meilleurs actuellement sur le march\u00e9. La qualit\u00e9 de cet appareil a \u00e9t\u00e9 certifi\u00e9e par le certificat international ISO 9001 selon les normes et standards de fabrication internationaux et il a re\u00e7u le certificat europ\u00e9en CE selon les normes internationales <\/p>\n<p>Par ailleurs, gr\u00e2ce \u00e0 cet appareil de recherche polyvalent, vous pourrez explorer tout type de sol, dans tous les pays et r\u00e9gions du monde. D\u00e9butez d\u00e8s \u00e0 pr\u00e9sent vos explorations souterraines en profitant de la puissance de ce d\u00e9tecteur innovant afin de d\u00e9celer les joyaux et tr\u00e9sors enfouis partout dans le monde.[\/vc_column_text][\/vc_column][\/vc_row][vc_row][vc_column]\n\t\t<div id=\"wd-69dba3727b5df\" class=\"title-wrapper wd-wpb set-mb-s reset-last-child  wd-title-color-default wd-title-style-bordered text-center  wd-underline-colored\">\n\t\t\t\n\t\t\t<div class=\"liner-continer\">\n\t\t\t\t<h2 class=\"woodmart-title-container title  wd-font-weight- wd-fontsize-l\" >Toutes les sp\u00e9cifications techniques du TITAN 500 SMART<\/h2>\n\t\t\t\t\t\t\t<\/div>\n\t\t\t\n\t\t\t\n\t\t\t\n\t\t<\/div>\n\t\t\n\t\t[vc_single_image image=&#8221;4611&#8243; img_size=&#8221;large&#8221; alignment=&#8221;center&#8221;][vc_single_image image=&#8221;4612&#8243; img_size=&#8221;large&#8221; alignment=&#8221;center&#8221;][vc_single_image image=&#8221;4613&#8243; img_size=&#8221;large&#8221; alignment=&#8221;center&#8221;][vc_single_image image=&#8221;4614&#8243; img_size=&#8221;large&#8221; alignment=&#8221;center&#8221;][vc_single_image image=&#8221;4615&#8243; img_size=&#8221;large&#8221; alignment=&#8221;center&#8221;][vc_single_image image=&#8221;4616&#8243; img_size=&#8221;large&#8221; alignment=&#8221;center&#8221;][vc_single_image image=&#8221;4617&#8243; img_size=&#8221;large&#8221; alignment=&#8221;center&#8221;][\/vc_column][\/vc_row][vc_row][vc_column]\n\t\t<div id=\"wd-69dba3727b620\" class=\"title-wrapper wd-wpb set-mb-s reset-last-child  wd-title-color-default wd-title-style-bordered text-center  wd-underline-colored\">\n\t\t\t\n\t\t\t<div class=\"liner-continer\">\n\t\t\t\t<h3 class=\"woodmart-title-container title  wd-font-weight- wd-fontsize-l\" >Accessoires fournis avec l&apos;appareil<\/h3>\n\t\t\t\t\t\t\t<\/div>\n\t\t\t\n\t\t\t\n\t\t\t\n\t\t<\/div>\n\t\t\n\t\t[vc_row_inner][vc_column_inner width=&#8221;1\/3&#8243;][vc_single_image image=&#8221;4618&#8243; add_caption=&#8221;yes&#8221; alignment=&#8221;center&#8221; title=&#8221;Amplificateur de signal&#8221;][\/vc_column_inner][vc_column_inner width=&#8221;1\/3&#8243;][vc_single_image image=&#8221;4619&#8243; add_caption=&#8221;yes&#8221; alignment=&#8221;center&#8221; title=&#8221;Chargeur&#8221;][\/vc_column_inner][vc_column_inner width=&#8221;1\/3&#8243;][vc_single_image image=&#8221;4620&#8243; add_caption=&#8221;yes&#8221; alignment=&#8221;center&#8221; title=&#8221;Super antenne&#8221;][\/vc_column_inner][\/vc_row_inner][vc_row_inner][vc_column_inner width=&#8221;1\/3&#8243;][vc_single_image image=&#8221;4621&#8243; add_caption=&#8221;yes&#8221; alignment=&#8221;center&#8221; title=&#8221;Antenne du destinataire&#8221;][\/vc_column_inner][vc_column_inner width=&#8221;1\/3&#8243;][vc_single_image image=&#8221;4622&#8243; add_caption=&#8221;yes&#8221; alignment=&#8221;center&#8221; title=&#8221;Sac de s\u00e9curit\u00e9&#8221;][\/vc_column_inner][vc_column_inner width=&#8221;1\/3&#8243;][vc_single_image image=&#8221;4623&#8243; add_caption=&#8221;yes&#8221; alignment=&#8221;center&#8221; title=&#8221;Support d&apos;unit\u00e9&#8221;][\/vc_column_inner][\/vc_row_inner][vc_row_inner][vc_column_inner width=&#8221;1\/3&#8243;][vc_single_image image=&#8221;4624&#8243; add_caption=&#8221;yes&#8221; alignment=&#8221;center&#8221; title=&#8221;CD et garantie&#8221;][\/vc_column_inner][vc_column_inner width=&#8221;1\/3&#8243;][vc_single_image image=&#8221;4625&#8243; add_caption=&#8221;yes&#8221; alignment=&#8221;center&#8221; title=&#8221;Un chargeur de voiture \u00e9lectrique&#8221;][\/vc_column_inner][vc_column_inner width=&#8221;1\/3&#8243;][vc_single_image image=&#8221;4626&#8243; add_caption=&#8221;yes&#8221; alignment=&#8221;center&#8221; title=&#8221;Unit\u00e9 principale&#8221;][\/vc_column_inner][\/vc_row_inner][\/vc_column][\/vc_row][vc_row][vc_column]\n\t\t<div id=\"wd-69dba3727b65d\" class=\"title-wrapper wd-wpb set-mb-s reset-last-child  wd-title-color-default wd-title-style-bordered text-center  wd-underline-colored\">\n\t\t\t\n\t\t\t<div class=\"liner-continer\">\n\t\t\t\t<h3 class=\"woodmart-title-container title  wd-font-weight- wd-fontsize-l\" >Deux certificats internationaux du TITAN 500 SMART<\/h3>\n\t\t\t\t\t\t\t<\/div>\n\t\t\t\n\t\t\t\n\t\t\t\n\t\t<\/div>\n\t\t\n\t\t[vc_row_inner][vc_column_inner width=&#8221;1\/2&#8243;][vc_column_text]\n<p style=\"text-align: center;\"><strong>La certification C\u03f5<br \/>\n<\/strong><br \/>\nSelon les normes europ\u00e9ennes, l&#8217;appareil est certifi\u00e9 conforme au fonctionnement, \u00e0 la s\u00e9curit\u00e9 et \u00e0 la cr\u00e9dibilit\u00e9 du produit.<\/p>\n[\/vc_column_text][vc_single_image image=&#8221;4627&#8243; img_size=&#8221;medium&#8221; add_caption=&#8221;yes&#8221; alignment=&#8221;center&#8221; onclick=&#8221;zoom&#8221; title=&#8221;La certification C\u03f5&#8221;][\/vc_column_inner][vc_column_inner width=&#8221;1\/2&#8243;][vc_column_text]\n<p style=\"text-align: center;\"><strong>La certification internationale ISO 9001<\/strong><\/p>\n<p style=\"text-align: center;\">Le TITAN 500 SMART a aussi re\u00e7u cette certification internationale ISO 9001. Celle-ci est relative aux normes et sp\u00e9cifications internationales. <\/p>\n[\/vc_column_text][vc_single_image image=&#8221;4628&#8243; img_size=&#8221;medium&#8221; add_caption=&#8221;yes&#8221; alignment=&#8221;center&#8221; onclick=&#8221;zoom&#8221; css_animation=&#8221;none&#8221; title=&#8221;La certification internationale ISO 9001&#8243;][\/vc_column_inner][\/vc_row_inner][\/vc_column][\/vc_row]\n<\/div>","protected":false},"excerpt":{"rendered":"<p>Le TITAN 500 SMART est le meilleur d\u00e9tecteur de m\u00e9taux et de pierres pr\u00e9cieuses sur le march\u00e9. Equip\u00e9 de quatre syst\u00e8mes de recherche complets, il permet une d\u00e9tection pr\u00e9cise des diamants, pierres pr\u00e9cieuses, m\u00e9taux pr\u00e9cieux, or mais aussi des tr\u00e9sors enfouis. <\/p>\n<p>La collaboration entre GER Detect et UIG conna\u00eet un succ\u00e8s tel qu&#8217;ils proposent un nouveau mod\u00e8le innovant : le TITAN 500 SMART. Cet appareil ergonomique est donc l&#8217;aboutissement de cinq ann\u00e9es de recherche et d&#8217;essais pour en faire le d\u00e9tecteur ultra performant qu&#8217;il est aujourd&#8217;hui. Ce nouveau mod\u00e8le poss\u00e8de ainsi quatre syst\u00e8mes performants et des caract\u00e9ristiques innovantes.  <\/p>\n<p>Par ailleurs, ce d\u00e9tecteur est adapt\u00e9 aussi bien pour les d\u00e9butants que pour les professionnels de la recherche souterraine. Il permet de d\u00e9tecter et de capturer des cibles \u00e0 longue distance, tout cela avec une grande pr\u00e9cision. Ainsi, vous pourrez identifier facilement et pr\u00e9cisemment la profondeur et la nature de la cible. Cet appareil a un rapport qualit\u00e9 prix impressionnant, ce qui en fait le meilleur d\u00e9tecteur de m\u00e9taux sur le march\u00e9.   <\/p>\n","protected":false},"featured_media":4629,"template":"","meta":{"_joinchat":[]},"product_brand":[],"product_cat":[136,137,134],"product_tag":[162,170],"class_list":{"0":"post-4630","1":"product","2":"type-product","3":"status-publish","4":"has-post-thumbnail","6":"product_cat-detector-de-diamantes-y-gemas","7":"product_cat-detector-de-metales","8":"product_cat-detector-de-oro","9":"product_tag-detector-de-metales","10":"product_tag-gerdetect","12":"first","13":"instock","14":"sale","15":"taxable","16":"shipping-taxable","17":"purchasable","18":"product-type-simple"},"yoast_head":"<!-- This site is optimized with the Yoast SEO plugin v26.3 - https:\/\/yoast.com\/wordpress\/plugins\/seo\/ -->\n<title>TITAN 500 SMART - d\u00e9tecteur innovant de diamants et m\u00e9taux<\/title>\n<meta name=\"description\" content=\"D\u00e9couvrez la pr\u00e9cision et la puissance du TITAN 500 SMART. Ce d\u00e9tecteur de pierres pr\u00e9cieuses et m\u00e9taux pr\u00e9cieux ne vous d\u00e9cevra pas.\" \/>\n<meta name=\"robots\" content=\"index, follow, max-snippet:-1, max-image-preview:large, max-video-preview:-1\" \/>\n<link rel=\"canonical\" href=\"https:\/\/gerdetect.fr\/es\/catalogo-de-detectores-de-metales\/detector-de-oro\/titan-500-smart\/\" \/>\n<meta property=\"og:locale\" content=\"es_ES\" \/>\n<meta property=\"og:type\" content=\"article\" \/>\n<meta property=\"og:title\" content=\"TITAN 500 SMART - d\u00e9tecteur innovant de diamants et m\u00e9taux\" \/>\n<meta property=\"og:description\" content=\"D\u00e9couvrez la pr\u00e9cision et la puissance du TITAN 500 SMART. Ce d\u00e9tecteur de pierres pr\u00e9cieuses et m\u00e9taux pr\u00e9cieux ne vous d\u00e9cevra pas.\" \/>\n<meta property=\"og:url\" content=\"https:\/\/gerdetect.fr\/es\/catalogo-de-detectores-de-metales\/detector-de-oro\/titan-500-smart\/\" \/>\n<meta property=\"og:site_name\" content=\"GER DETECT FRANCE\" \/>\n<meta property=\"article:modified_time\" content=\"2026-01-13T10:14:41+00:00\" \/>\n<meta property=\"og:image\" content=\"https:\/\/gerdetect.fr\/wp-content\/uploads\/2022\/09\/TITAN-500-SMART-45.png\" \/>\n\t<meta property=\"og:image:width\" content=\"1048\" \/>\n\t<meta property=\"og:image:height\" content=\"780\" \/>\n\t<meta property=\"og:image:type\" content=\"image\/png\" \/>\n<meta name=\"twitter:card\" content=\"summary_large_image\" \/>\n<meta name=\"twitter:label1\" content=\"Tiempo de lectura\" \/>\n\t<meta name=\"twitter:data1\" content=\"6 minutos\" \/>\n<script type=\"application\/ld+json\" class=\"yoast-schema-graph\">{\"@context\":\"https:\/\/schema.org\",\"@graph\":[{\"@type\":\"WebPage\",\"@id\":\"https:\/\/gerdetect.fr\/es\/catalogo-de-detectores-de-metales\/detector-de-oro\/titan-500-smart\/\",\"url\":\"https:\/\/gerdetect.fr\/es\/catalogo-de-detectores-de-metales\/detector-de-oro\/titan-500-smart\/\",\"name\":\"TITAN 500 SMART - d\u00e9tecteur innovant de diamants et m\u00e9taux\",\"isPartOf\":{\"@id\":\"https:\/\/gerdetect.fr\/es\/#website\"},\"primaryImageOfPage\":{\"@id\":\"https:\/\/gerdetect.fr\/es\/catalogo-de-detectores-de-metales\/detector-de-oro\/titan-500-smart\/#primaryimage\"},\"image\":{\"@id\":\"https:\/\/gerdetect.fr\/es\/catalogo-de-detectores-de-metales\/detector-de-oro\/titan-500-smart\/#primaryimage\"},\"thumbnailUrl\":\"https:\/\/gerdetect.fr\/wp-content\/uploads\/2022\/09\/TITAN-500-SMART-45.png\",\"datePublished\":\"2022-09-21T15:27:32+00:00\",\"dateModified\":\"2026-01-13T10:14:41+00:00\",\"description\":\"D\u00e9couvrez la pr\u00e9cision et la puissance du TITAN 500 SMART. Ce d\u00e9tecteur de pierres pr\u00e9cieuses et m\u00e9taux pr\u00e9cieux ne vous d\u00e9cevra pas.\",\"breadcrumb\":{\"@id\":\"https:\/\/gerdetect.fr\/es\/catalogo-de-detectores-de-metales\/detector-de-oro\/titan-500-smart\/#breadcrumb\"},\"inLanguage\":\"es\",\"potentialAction\":[{\"@type\":\"ReadAction\",\"target\":[\"https:\/\/gerdetect.fr\/es\/catalogo-de-detectores-de-metales\/detector-de-oro\/titan-500-smart\/\"]}]},{\"@type\":\"ImageObject\",\"inLanguage\":\"es\",\"@id\":\"https:\/\/gerdetect.fr\/es\/catalogo-de-detectores-de-metales\/detector-de-oro\/titan-500-smart\/#primaryimage\",\"url\":\"https:\/\/gerdetect.fr\/wp-content\/uploads\/2022\/09\/TITAN-500-SMART-45.png\",\"contentUrl\":\"https:\/\/gerdetect.fr\/wp-content\/uploads\/2022\/09\/TITAN-500-SMART-45.png\",\"width\":1048,\"height\":780,\"caption\":\"TITAN 500 SMART\"},{\"@type\":\"BreadcrumbList\",\"@id\":\"https:\/\/gerdetect.fr\/es\/catalogo-de-detectores-de-metales\/detector-de-oro\/titan-500-smart\/#breadcrumb\",\"itemListElement\":[{\"@type\":\"ListItem\",\"position\":1,\"name\":\"Accueil\",\"item\":\"https:\/\/gerdetect.fr\/es\/\"},{\"@type\":\"ListItem\",\"position\":2,\"name\":\"Tienda\",\"item\":\"https:\/\/gerdetect.fr\/es\/tienda\/\"},{\"@type\":\"ListItem\",\"position\":3,\"name\":\"Titan 500 SMART\"}]},{\"@type\":\"WebSite\",\"@id\":\"https:\/\/gerdetect.fr\/es\/#website\",\"url\":\"https:\/\/gerdetect.fr\/es\/\",\"name\":\"GER DETECT FRANCE\",\"description\":\"D\u00e9tecteur de m\u00e9taux, d&#039;or, diamants, d&#039;eau souterraine, radar de sol | Lille, Paris\",\"potentialAction\":[{\"@type\":\"SearchAction\",\"target\":{\"@type\":\"EntryPoint\",\"urlTemplate\":\"https:\/\/gerdetect.fr\/es\/?s={search_term_string}\"},\"query-input\":{\"@type\":\"PropertyValueSpecification\",\"valueRequired\":true,\"valueName\":\"search_term_string\"}}],\"inLanguage\":\"es\"}]}<\/script>\n<!-- \/ Yoast SEO plugin. -->","yoast_head_json":{"title":"TITAN 500 SMART - d\u00e9tecteur innovant de diamants et m\u00e9taux","description":"D\u00e9couvrez la pr\u00e9cision et la puissance du TITAN 500 SMART. Ce d\u00e9tecteur de pierres pr\u00e9cieuses et m\u00e9taux pr\u00e9cieux ne vous d\u00e9cevra pas.","robots":{"index":"index","follow":"follow","max-snippet":"max-snippet:-1","max-image-preview":"max-image-preview:large","max-video-preview":"max-video-preview:-1"},"canonical":"https:\/\/gerdetect.fr\/es\/catalogo-de-detectores-de-metales\/detector-de-oro\/titan-500-smart\/","og_locale":"es_ES","og_type":"article","og_title":"TITAN 500 SMART - d\u00e9tecteur innovant de diamants et m\u00e9taux","og_description":"D\u00e9couvrez la pr\u00e9cision et la puissance du TITAN 500 SMART. Ce d\u00e9tecteur de pierres pr\u00e9cieuses et m\u00e9taux pr\u00e9cieux ne vous d\u00e9cevra pas.","og_url":"https:\/\/gerdetect.fr\/es\/catalogo-de-detectores-de-metales\/detector-de-oro\/titan-500-smart\/","og_site_name":"GER DETECT FRANCE","article_modified_time":"2026-01-13T10:14:41+00:00","og_image":[{"width":1048,"height":780,"url":"https:\/\/gerdetect.fr\/wp-content\/uploads\/2022\/09\/TITAN-500-SMART-45.png","type":"image\/png"}],"twitter_card":"summary_large_image","twitter_misc":{"Tiempo de lectura":"6 minutos"},"schema":{"@context":"https:\/\/schema.org","@graph":[{"@type":"WebPage","@id":"https:\/\/gerdetect.fr\/es\/catalogo-de-detectores-de-metales\/detector-de-oro\/titan-500-smart\/","url":"https:\/\/gerdetect.fr\/es\/catalogo-de-detectores-de-metales\/detector-de-oro\/titan-500-smart\/","name":"TITAN 500 SMART - d\u00e9tecteur innovant de diamants et m\u00e9taux","isPartOf":{"@id":"https:\/\/gerdetect.fr\/es\/#website"},"primaryImageOfPage":{"@id":"https:\/\/gerdetect.fr\/es\/catalogo-de-detectores-de-metales\/detector-de-oro\/titan-500-smart\/#primaryimage"},"image":{"@id":"https:\/\/gerdetect.fr\/es\/catalogo-de-detectores-de-metales\/detector-de-oro\/titan-500-smart\/#primaryimage"},"thumbnailUrl":"https:\/\/gerdetect.fr\/wp-content\/uploads\/2022\/09\/TITAN-500-SMART-45.png","datePublished":"2022-09-21T15:27:32+00:00","dateModified":"2026-01-13T10:14:41+00:00","description":"D\u00e9couvrez la pr\u00e9cision et la puissance du TITAN 500 SMART. Ce d\u00e9tecteur de pierres pr\u00e9cieuses et m\u00e9taux pr\u00e9cieux ne vous d\u00e9cevra pas.","breadcrumb":{"@id":"https:\/\/gerdetect.fr\/es\/catalogo-de-detectores-de-metales\/detector-de-oro\/titan-500-smart\/#breadcrumb"},"inLanguage":"es","potentialAction":[{"@type":"ReadAction","target":["https:\/\/gerdetect.fr\/es\/catalogo-de-detectores-de-metales\/detector-de-oro\/titan-500-smart\/"]}]},{"@type":"ImageObject","inLanguage":"es","@id":"https:\/\/gerdetect.fr\/es\/catalogo-de-detectores-de-metales\/detector-de-oro\/titan-500-smart\/#primaryimage","url":"https:\/\/gerdetect.fr\/wp-content\/uploads\/2022\/09\/TITAN-500-SMART-45.png","contentUrl":"https:\/\/gerdetect.fr\/wp-content\/uploads\/2022\/09\/TITAN-500-SMART-45.png","width":1048,"height":780,"caption":"TITAN 500 SMART"},{"@type":"BreadcrumbList","@id":"https:\/\/gerdetect.fr\/es\/catalogo-de-detectores-de-metales\/detector-de-oro\/titan-500-smart\/#breadcrumb","itemListElement":[{"@type":"ListItem","position":1,"name":"Accueil","item":"https:\/\/gerdetect.fr\/es\/"},{"@type":"ListItem","position":2,"name":"Tienda","item":"https:\/\/gerdetect.fr\/es\/tienda\/"},{"@type":"ListItem","position":3,"name":"Titan 500 SMART"}]},{"@type":"WebSite","@id":"https:\/\/gerdetect.fr\/es\/#website","url":"https:\/\/gerdetect.fr\/es\/","name":"GER DETECT FRANCE","description":"D\u00e9tecteur de m\u00e9taux, d&#039;or, diamants, d&#039;eau souterraine, radar de sol | Lille, Paris","potentialAction":[{"@type":"SearchAction","target":{"@type":"EntryPoint","urlTemplate":"https:\/\/gerdetect.fr\/es\/?s={search_term_string}"},"query-input":{"@type":"PropertyValueSpecification","valueRequired":true,"valueName":"search_term_string"}}],"inLanguage":"es"}]}},"_links":{"self":[{"href":"https:\/\/gerdetect.fr\/es\/wp-json\/wp\/v2\/product\/4630","targetHints":{"allow":["GET"]}}],"collection":[{"href":"https:\/\/gerdetect.fr\/es\/wp-json\/wp\/v2\/product"}],"about":[{"href":"https:\/\/gerdetect.fr\/es\/wp-json\/wp\/v2\/types\/product"}],"wp:featuredmedia":[{"embeddable":true,"href":"https:\/\/gerdetect.fr\/es\/wp-json\/wp\/v2\/media\/4629"}],"wp:attachment":[{"href":"https:\/\/gerdetect.fr\/es\/wp-json\/wp\/v2\/media?parent=4630"}],"wp:term":[{"taxonomy":"product_brand","embeddable":true,"href":"https:\/\/gerdetect.fr\/es\/wp-json\/wp\/v2\/product_brand?post=4630"},{"taxonomy":"product_cat","embeddable":true,"href":"https:\/\/gerdetect.fr\/es\/wp-json\/wp\/v2\/product_cat?post=4630"},{"taxonomy":"product_tag","embeddable":true,"href":"https:\/\/gerdetect.fr\/es\/wp-json\/wp\/v2\/product_tag?post=4630"}],"curies":[{"name":"wp","href":"https:\/\/api.w.org\/{rel}","templated":true}]}}