{"id":4650,"date":"2022-07-19T11:50:13","date_gmt":"2022-07-19T09:50:13","guid":{"rendered":"https:\/\/gerdetect.fr\/catalogue-detecteur-de-metaux\/sin%20categor\u00eda\/gold-hunter-smart\/"},"modified":"2026-03-07T17:18:42","modified_gmt":"2026-03-07T16:18:42","slug":"gold-hunter-smart","status":"publish","type":"product","link":"https:\/\/gerdetect.fr\/es\/catalogo-de-detectores-de-metales\/detector-de-oro\/gold-hunter-smart\/","title":{"rendered":"Gold Hunter Smart"},"content":{"rendered":"<div class=\"wpb-content-wrapper\">[vc_row content_placement=&#8221;top&#8221;][vc_column][vc_video link=&#8221;https:\/\/www.youtube.com\/watch?v=6OwbbtdfME8&#8243; align=&#8221;center&#8221;][vc_single_image image=&#8221;4631&#8243; img_size=&#8221;large&#8221; alignment=&#8221;center&#8221;]\n\t\t<div id=\"wd-69db9062d290a\" class=\"title-wrapper wd-wpb set-mb-s reset-last-child  wd-title-color-default wd-title-style-bordered text-center  wd-underline-colored\">\n\t\t\t\n\t\t\t<div class=\"liner-continer\">\n\t\t\t\t<h2 class=\"woodmart-title-container title  wd-font-weight- wd-fontsize-l\" >Propiedades del detector Gold Hunter Smart:<\/h2>\n\t\t\t\t\t\t\t<\/div>\n\t\t\t\n\t\t\t\n\t\t\t\n\t\t<\/div>\n\t\t\n\t\t[vc_row_inner][vc_column_inner][vc_column_text]Este dispositivo de detecci\u00f3n ofrecido por <a style=\"color: #ff6600;\" href=\"https:\/\/gerdetect.fr\/es\/\">Ger Detect<\/a> tiene funciones avanzadas. Gracias a sus propiedades se pueden encontrar muchos tesoros enterrados: oro, metales preciosos y diamantes. Aqu\u00ed hay una lista de las caracter\u00edsticas principales del dispositivo:  <\/p>\n<ol>\n<li>S\u00faper velocidad que te permite capturar objetivos r\u00e1pidamente y localizar tus metales y tesoros con precisi\u00f3n.<\/li>\n<li>Alta sensibilidad del detector que permite determinar con mucha precisi\u00f3n la profundidad a la que est\u00e1 enterrado el objetivo.<\/li>\n<li>Un sistema que especifica el continente en el que buscar tu metal o tesoro. La pantalla t\u00e1ctil que te trae muchas ventajas y funcionalidades como:\n<ol>\n<li>El dispositivo incluye un term\u00f3metro electr\u00f3nico para medir la temperatura exterior.<\/li>\n<li>Un sistema de reloj digital.<\/li>\n<li>Opci\u00f3n de encendido\/apagado ajustable para encender o apagar el sonido del dispositivo.<\/li>\n<li>Una antena muy potente que es capaz de detectar objetos met\u00e1licos en grandes \u00e1reas de b\u00fasqueda.<\/li>\n<li>Un plato de b\u00fasqueda de radar que permite una mejor recepci\u00f3n de la se\u00f1al.<\/li>\n<\/ol>\n<\/li>\n<\/ol>\n[\/vc_column_text][\/vc_column_inner][\/vc_row_inner][vc_row_inner][vc_column_inner width=&#8221;1\/2&#8243;][vc_single_image image=&#8221;4632&#8243; img_size=&#8221;large&#8221; alignment=&#8221;center&#8221;][\/vc_column_inner][vc_column_inner width=&#8221;1\/2&#8243;][vc_single_image image=&#8221;4633&#8243; img_size=&#8221;large&#8221; alignment=&#8221;center&#8221;][\/vc_column_inner][\/vc_row_inner][\/vc_column][\/vc_row][vc_row][vc_column]\n\t\t<div id=\"wd-69db9062d2987\" class=\"title-wrapper wd-wpb set-mb-s reset-last-child  wd-title-color-default wd-title-style-bordered text-center  wd-underline-colored\">\n\t\t\t\n\t\t\t<div class=\"liner-continer\">\n\t\t\t\t<h2 class=\"woodmart-title-container title  wd-font-weight- wd-fontsize-l\" >Los 4 sistemas de b\u00fasqueda:<\/h2>\n\t\t\t\t\t\t\t<\/div>\n\t\t\t\n\t\t\t\n\t\t\t\n\t\t<\/div>\n\t\t\n\t\t[vc_row_inner][vc_column_inner width=&#8221;1\/2&#8243;][vc_column_text]Para la b\u00fasqueda de metales, cuevas o incluso diamantes, Gold Hunter Smart ofrece 4 sistemas de b\u00fasqueda diferentes:<\/p>\n<ol>\n<li>Un sistema para buscar y detectar metales preciosos o no preciosos. Detecta en particular: oro en bruto, vetas o meteoritos, plata, circonio de bronce, cobalto, colt\u00e1n, mercurio, cobre y hierro. <\/li>\n<li>Un sistema que permite localizar la presencia de una b\u00f3veda subterr\u00e1nea, cuevas, tumbas antiguas.<\/li>\n<li>Una opci\u00f3n del sistema para buscar diamantes.<\/li>\n<li>Im\u00e1genes bidimensionales para determinar la profundidad y analizar los resultados de la b\u00fasqueda.<\/li>\n<\/ol>\n<p>Es importante saber que el Gold Hunter Smart es un detector de metales que tiene una alta sensibilidad de detecci\u00f3n. De hecho, el dispositivo puede alcanzar hasta 50 metros bajo tierra y 3.000 metros hacia adelante. <\/p>\n<p>Es f\u00e1cil de usar y su sistema port\u00e1til es adecuado para recorrer largas distancias. Adem\u00e1s, el detector ofrece seis idiomas: alem\u00e1n, ingl\u00e9s, franc\u00e9s, espa\u00f1ol, italiano y \u00e1rabe.[\/vc_column_text][\/vc_column_inner][vc_column_inner width=&#8221;1\/2&#8243;][vc_single_image image=&#8221;4634&#8243; img_size=&#8221;large&#8221; alignment=&#8221;center&#8221;][\/vc_column_inner][\/vc_row_inner][vc_column_text]El Gold Hunter Smart es un dispositivo fabricado por BR Systems: uno de los mejores fabricantes alemanes. Para acreditar la calidad de este dispositivo, debes saber que ha recibido dos certificados. El certificado internacional ISO 9001 seg\u00fan especificaciones y est\u00e1ndares internacionales. Pero tambi\u00e9n el certificado europeo CE seg\u00fan especificaciones internacionales.[\/vc_column_text][\/vc_column][\/vc_row][vc_row][vc_column]\n\t\t<div id=\"wd-69db9062d29c8\" class=\"title-wrapper wd-wpb set-mb-s reset-last-child  wd-title-color-default wd-title-style-bordered text-center  wd-underline-colored\">\n\t\t\t\n\t\t\t<div class=\"liner-continer\">\n\t\t\t\t<h2 class=\"woodmart-title-container title  wd-font-weight- wd-fontsize-l\" >Especificaciones t\u00e9cnicas del cazador de oro inteligente<\/h2>\n\t\t\t\t\t\t\t<\/div>\n\t\t\t\n\t\t\t\n\t\t\t\n\t\t<\/div>\n\t\t\n\t\t[vc_single_image image=&#8221;4635&#8243; img_size=&#8221;large&#8221; alignment=&#8221;center&#8221;][vc_single_image image=&#8221;4636&#8243; img_size=&#8221;large&#8221; alignment=&#8221;center&#8221;][vc_single_image image=&#8221;4637&#8243; img_size=&#8221;large&#8221; alignment=&#8221;center&#8221;][\/vc_column][\/vc_row][vc_row][vc_column]\n\t\t<div id=\"wd-69db9062d2a02\" class=\"title-wrapper wd-wpb set-mb-s reset-last-child  wd-title-color-default wd-title-style-bordered text-center  wd-underline-colored\">\n\t\t\t\n\t\t\t<div class=\"liner-continer\">\n\t\t\t\t<h3 class=\"woodmart-title-container title  wd-font-weight- wd-fontsize-l\" >Accesorios del dispositivo para garantizar una buena detecci\u00f3n.<\/h3>\n\t\t\t\t\t\t\t<\/div>\n\t\t\t\n\t\t\t\n\t\t\t\n\t\t<\/div>\n\t\t\n\t\t[vc_row_inner][vc_column_inner width=&#8221;1\/3&#8243;][vc_single_image image=&#8221;4638&#8243; add_caption=&#8221;yes&#8221; alignment=&#8221;center&#8221; title=&#8221;un amplificador de se\u00f1al&#8221;][\/vc_column_inner][vc_column_inner width=&#8221;1\/3&#8243;][vc_single_image image=&#8221;4639&#8243; add_caption=&#8221;yes&#8221; alignment=&#8221;center&#8221; title=&#8221;Un segundo amplificador de se\u00f1al.&#8221;][\/vc_column_inner][vc_column_inner width=&#8221;1\/3&#8243;][vc_single_image image=&#8221;4640&#8243; add_caption=&#8221;yes&#8221; alignment=&#8221;center&#8221; title=&#8221;un cargador&#8221;][\/vc_column_inner][\/vc_row_inner][vc_row_inner][vc_column_inner width=&#8221;1\/3&#8243;][vc_single_image image=&#8221;4641&#8243; add_caption=&#8221;yes&#8221; alignment=&#8221;center&#8221; title=&#8221;Un destinatario de la se\u00f1al.&#8221;][\/vc_column_inner][vc_column_inner width=&#8221;1\/3&#8243;][vc_single_image image=&#8221;4642&#8243; add_caption=&#8221;yes&#8221; alignment=&#8221;center&#8221; title=&#8221;una bolsa de seguridad&#8221;][\/vc_column_inner][vc_column_inner width=&#8221;1\/3&#8243;][vc_single_image image=&#8221;4643&#8243; add_caption=&#8221;yes&#8221; alignment=&#8221;center&#8221; title=&#8221;Una gran antena&#8221;][\/vc_column_inner][\/vc_row_inner][vc_row_inner][vc_column_inner width=&#8221;1\/3&#8243;][vc_single_image image=&#8221;4644&#8243; add_caption=&#8221;yes&#8221; alignment=&#8221;center&#8221; title=&#8221;una unidad de apoyo&#8221;][\/vc_column_inner][vc_column_inner width=&#8221;1\/3&#8243;][vc_single_image image=&#8221;4645&#8243; add_caption=&#8221;yes&#8221; alignment=&#8221;center&#8221; title=&#8221;cargador de coche electrico&#8221;][\/vc_column_inner][vc_column_inner width=&#8221;1\/3&#8243;][vc_single_image image=&#8221;4646&#8243; add_caption=&#8221;yes&#8221; alignment=&#8221;center&#8221; title=&#8221;una unidad principal&#8221;][\/vc_column_inner][\/vc_row_inner][\/vc_column][\/vc_row][vc_row][vc_column]\n\t\t<div id=\"wd-69db9062d2a4f\" class=\"title-wrapper wd-wpb set-mb-s reset-last-child  wd-title-color-default wd-title-style-bordered text-center  wd-underline-colored\">\n\t\t\t\n\t\t\t<div class=\"liner-continer\">\n\t\t\t\t<h3 class=\"woodmart-title-container title  wd-font-weight- wd-fontsize-l\" >Certificados internacionales Gold Hunter Smart<\/h3>\n\t\t\t\t\t\t\t<\/div>\n\t\t\t\n\t\t\t\n\t\t\t\n\t\t<\/div>\n\t\t\n\t\t[vc_row_inner][vc_column_inner width=&#8221;1\/2&#8243;][vc_column_text]\n<p style=\"text-align: center;\">Certificaci\u00f3n C\u03f5 Garantiza seg\u00fan las normas europeas que el detector cumple: en t\u00e9rminos de su funcionamiento, su seguridad y su credibilidad.<\/p>\n[\/vc_column_text][vc_single_image image=&#8221;4647&#8243; img_size=&#8221;large&#8221; add_caption=&#8221;yes&#8221; alignment=&#8221;center&#8221; title=&#8221;Certificaci\u00f3n C\u03f5&#8221;][\/vc_column_inner][vc_column_inner width=&#8221;1\/2&#8243;][vc_column_text]\n<p style=\"text-align: center;\"><strong>Certificaci\u00f3n internacional ISO 9001<\/strong><\/p>\n<p style=\"text-align: center;\">El dispositivo tambi\u00e9n recibi\u00f3 la certificaci\u00f3n internacional ISO 9001, relacionada con est\u00e1ndares y especificaciones internacionales.<\/p>\n[\/vc_column_text][vc_single_image image=&#8221;4648&#8243; img_size=&#8221;large&#8221; add_caption=&#8221;yes&#8221; alignment=&#8221;center&#8221; css_animation=&#8221;none&#8221; title=&#8221;Certificaci\u00f3n internacional ISO 9001&#8243;][\/vc_column_inner][\/vc_row_inner][\/vc_column][\/vc_row]\n<\/div>","protected":false},"excerpt":{"rendered":"<p>De hecho, para un nivel principiante, puedes encontrar el Gold Hunter. Es capaz de detectar sus tesoros hasta 35 m de profundidad con un alcance de 2000 m. Adem\u00e1s, cuenta con una innovadora pantalla a trav\u00e9s de la cual es posible seleccionar el tipo de objetivo a detectar. Se trata, por tanto, de un dispositivo preciso y f\u00e1cil de utilizar.<\/p>\n","protected":false},"featured_media":4649,"template":"","meta":{"_joinchat":[]},"product_brand":[],"product_cat":[135,136,137,134],"product_tag":[170],"class_list":{"0":"post-4650","1":"product","2":"type-product","3":"status-publish","4":"has-post-thumbnail","6":"product_cat-detector-de-cavidades","7":"product_cat-detector-de-diamantes-y-gemas","8":"product_cat-detector-de-metales","9":"product_cat-detector-de-oro","10":"product_tag-gerdetect","12":"first","13":"instock","14":"sale","15":"taxable","16":"shipping-taxable","17":"purchasable","18":"product-type-simple"},"yoast_head":"<!-- This site is optimized with the Yoast SEO plugin v26.3 - https:\/\/yoast.com\/wordpress\/plugins\/seo\/ -->\n<title>Gold Hunter Smart: el detector de oro con 4 sistemas de b\u00fasqueda<\/title>\n<meta name=\"description\" content=\"Gold Hunter Smart es un dispositivo de b\u00fasqueda preciso y rico en funciones para encontrar tesoros enterrados.\" \/>\n<meta name=\"robots\" content=\"index, follow, max-snippet:-1, max-image-preview:large, max-video-preview:-1\" \/>\n<link rel=\"canonical\" href=\"https:\/\/gerdetect.fr\/es\/catalogo-de-detectores-de-metales\/detector-de-oro\/gold-hunter-smart\/\" \/>\n<meta property=\"og:locale\" content=\"es_ES\" \/>\n<meta property=\"og:type\" content=\"article\" \/>\n<meta property=\"og:title\" content=\"Gold Hunter Smart: el detector de oro con 4 sistemas de b\u00fasqueda\" \/>\n<meta property=\"og:description\" content=\"Gold Hunter Smart es un dispositivo de b\u00fasqueda preciso y rico en funciones para encontrar tesoros enterrados.\" \/>\n<meta property=\"og:url\" content=\"https:\/\/gerdetect.fr\/es\/catalogo-de-detectores-de-metales\/detector-de-oro\/gold-hunter-smart\/\" \/>\n<meta property=\"og:site_name\" content=\"GER DETECT FRANCE\" \/>\n<meta property=\"article:modified_time\" content=\"2026-03-07T16:18:42+00:00\" \/>\n<meta property=\"og:image\" content=\"https:\/\/gerdetect.fr\/wp-content\/uploads\/2022\/07\/Gold_Hunter_Smart-GER-Detect.png\" \/>\n\t<meta property=\"og:image:width\" content=\"666\" \/>\n\t<meta property=\"og:image:height\" content=\"375\" \/>\n\t<meta property=\"og:image:type\" content=\"image\/png\" \/>\n<meta name=\"twitter:card\" content=\"summary_large_image\" \/>\n<meta name=\"twitter:label1\" content=\"Tiempo de lectura\" \/>\n\t<meta name=\"twitter:data1\" content=\"5 minutos\" \/>\n<script type=\"application\/ld+json\" class=\"yoast-schema-graph\">{\"@context\":\"https:\/\/schema.org\",\"@graph\":[{\"@type\":\"WebPage\",\"@id\":\"https:\/\/gerdetect.fr\/es\/catalogo-de-detectores-de-metales\/detector-de-oro\/gold-hunter-smart\/\",\"url\":\"https:\/\/gerdetect.fr\/es\/catalogo-de-detectores-de-metales\/detector-de-oro\/gold-hunter-smart\/\",\"name\":\"Gold Hunter Smart: el detector de oro con 4 sistemas de b\u00fasqueda\",\"isPartOf\":{\"@id\":\"https:\/\/gerdetect.fr\/es\/#website\"},\"primaryImageOfPage\":{\"@id\":\"https:\/\/gerdetect.fr\/es\/catalogo-de-detectores-de-metales\/detector-de-oro\/gold-hunter-smart\/#primaryimage\"},\"image\":{\"@id\":\"https:\/\/gerdetect.fr\/es\/catalogo-de-detectores-de-metales\/detector-de-oro\/gold-hunter-smart\/#primaryimage\"},\"thumbnailUrl\":\"https:\/\/gerdetect.fr\/wp-content\/uploads\/2022\/07\/Gold_Hunter_Smart-GER-Detect.png\",\"datePublished\":\"2022-07-19T09:50:13+00:00\",\"dateModified\":\"2026-03-07T16:18:42+00:00\",\"description\":\"Gold Hunter Smart es un dispositivo de b\u00fasqueda preciso y rico en funciones para encontrar tesoros enterrados.\",\"breadcrumb\":{\"@id\":\"https:\/\/gerdetect.fr\/es\/catalogo-de-detectores-de-metales\/detector-de-oro\/gold-hunter-smart\/#breadcrumb\"},\"inLanguage\":\"es\",\"potentialAction\":[{\"@type\":\"ReadAction\",\"target\":[\"https:\/\/gerdetect.fr\/es\/catalogo-de-detectores-de-metales\/detector-de-oro\/gold-hunter-smart\/\"]}]},{\"@type\":\"ImageObject\",\"inLanguage\":\"es\",\"@id\":\"https:\/\/gerdetect.fr\/es\/catalogo-de-detectores-de-metales\/detector-de-oro\/gold-hunter-smart\/#primaryimage\",\"url\":\"https:\/\/gerdetect.fr\/wp-content\/uploads\/2022\/07\/Gold_Hunter_Smart-GER-Detect.png\",\"contentUrl\":\"https:\/\/gerdetect.fr\/wp-content\/uploads\/2022\/07\/Gold_Hunter_Smart-GER-Detect.png\",\"width\":666,\"height\":375,\"caption\":\"Gold Hunter Smart\"},{\"@type\":\"BreadcrumbList\",\"@id\":\"https:\/\/gerdetect.fr\/es\/catalogo-de-detectores-de-metales\/detector-de-oro\/gold-hunter-smart\/#breadcrumb\",\"itemListElement\":[{\"@type\":\"ListItem\",\"position\":1,\"name\":\"Accueil\",\"item\":\"https:\/\/gerdetect.fr\/es\/\"},{\"@type\":\"ListItem\",\"position\":2,\"name\":\"Tienda\",\"item\":\"https:\/\/gerdetect.fr\/es\/tienda\/\"},{\"@type\":\"ListItem\",\"position\":3,\"name\":\"Gold Hunter Smart\"}]},{\"@type\":\"WebSite\",\"@id\":\"https:\/\/gerdetect.fr\/es\/#website\",\"url\":\"https:\/\/gerdetect.fr\/es\/\",\"name\":\"GER DETECT FRANCE\",\"description\":\"D\u00e9tecteur de m\u00e9taux, d&#039;or, diamants, d&#039;eau souterraine, radar de sol | Lille, Paris\",\"potentialAction\":[{\"@type\":\"SearchAction\",\"target\":{\"@type\":\"EntryPoint\",\"urlTemplate\":\"https:\/\/gerdetect.fr\/es\/?s={search_term_string}\"},\"query-input\":{\"@type\":\"PropertyValueSpecification\",\"valueRequired\":true,\"valueName\":\"search_term_string\"}}],\"inLanguage\":\"es\"}]}<\/script>\n<!-- \/ Yoast SEO plugin. -->","yoast_head_json":{"title":"Gold Hunter Smart: el detector de oro con 4 sistemas de b\u00fasqueda","description":"Gold Hunter Smart es un dispositivo de b\u00fasqueda preciso y rico en funciones para encontrar tesoros enterrados.","robots":{"index":"index","follow":"follow","max-snippet":"max-snippet:-1","max-image-preview":"max-image-preview:large","max-video-preview":"max-video-preview:-1"},"canonical":"https:\/\/gerdetect.fr\/es\/catalogo-de-detectores-de-metales\/detector-de-oro\/gold-hunter-smart\/","og_locale":"es_ES","og_type":"article","og_title":"Gold Hunter Smart: el detector de oro con 4 sistemas de b\u00fasqueda","og_description":"Gold Hunter Smart es un dispositivo de b\u00fasqueda preciso y rico en funciones para encontrar tesoros enterrados.","og_url":"https:\/\/gerdetect.fr\/es\/catalogo-de-detectores-de-metales\/detector-de-oro\/gold-hunter-smart\/","og_site_name":"GER DETECT FRANCE","article_modified_time":"2026-03-07T16:18:42+00:00","og_image":[{"width":666,"height":375,"url":"https:\/\/gerdetect.fr\/wp-content\/uploads\/2022\/07\/Gold_Hunter_Smart-GER-Detect.png","type":"image\/png"}],"twitter_card":"summary_large_image","twitter_misc":{"Tiempo de lectura":"5 minutos"},"schema":{"@context":"https:\/\/schema.org","@graph":[{"@type":"WebPage","@id":"https:\/\/gerdetect.fr\/es\/catalogo-de-detectores-de-metales\/detector-de-oro\/gold-hunter-smart\/","url":"https:\/\/gerdetect.fr\/es\/catalogo-de-detectores-de-metales\/detector-de-oro\/gold-hunter-smart\/","name":"Gold Hunter Smart: el detector de oro con 4 sistemas de b\u00fasqueda","isPartOf":{"@id":"https:\/\/gerdetect.fr\/es\/#website"},"primaryImageOfPage":{"@id":"https:\/\/gerdetect.fr\/es\/catalogo-de-detectores-de-metales\/detector-de-oro\/gold-hunter-smart\/#primaryimage"},"image":{"@id":"https:\/\/gerdetect.fr\/es\/catalogo-de-detectores-de-metales\/detector-de-oro\/gold-hunter-smart\/#primaryimage"},"thumbnailUrl":"https:\/\/gerdetect.fr\/wp-content\/uploads\/2022\/07\/Gold_Hunter_Smart-GER-Detect.png","datePublished":"2022-07-19T09:50:13+00:00","dateModified":"2026-03-07T16:18:42+00:00","description":"Gold Hunter Smart es un dispositivo de b\u00fasqueda preciso y rico en funciones para encontrar tesoros enterrados.","breadcrumb":{"@id":"https:\/\/gerdetect.fr\/es\/catalogo-de-detectores-de-metales\/detector-de-oro\/gold-hunter-smart\/#breadcrumb"},"inLanguage":"es","potentialAction":[{"@type":"ReadAction","target":["https:\/\/gerdetect.fr\/es\/catalogo-de-detectores-de-metales\/detector-de-oro\/gold-hunter-smart\/"]}]},{"@type":"ImageObject","inLanguage":"es","@id":"https:\/\/gerdetect.fr\/es\/catalogo-de-detectores-de-metales\/detector-de-oro\/gold-hunter-smart\/#primaryimage","url":"https:\/\/gerdetect.fr\/wp-content\/uploads\/2022\/07\/Gold_Hunter_Smart-GER-Detect.png","contentUrl":"https:\/\/gerdetect.fr\/wp-content\/uploads\/2022\/07\/Gold_Hunter_Smart-GER-Detect.png","width":666,"height":375,"caption":"Gold Hunter Smart"},{"@type":"BreadcrumbList","@id":"https:\/\/gerdetect.fr\/es\/catalogo-de-detectores-de-metales\/detector-de-oro\/gold-hunter-smart\/#breadcrumb","itemListElement":[{"@type":"ListItem","position":1,"name":"Accueil","item":"https:\/\/gerdetect.fr\/es\/"},{"@type":"ListItem","position":2,"name":"Tienda","item":"https:\/\/gerdetect.fr\/es\/tienda\/"},{"@type":"ListItem","position":3,"name":"Gold Hunter Smart"}]},{"@type":"WebSite","@id":"https:\/\/gerdetect.fr\/es\/#website","url":"https:\/\/gerdetect.fr\/es\/","name":"GER DETECT FRANCE","description":"D\u00e9tecteur de m\u00e9taux, d&#039;or, diamants, d&#039;eau souterraine, radar de sol | Lille, Paris","potentialAction":[{"@type":"SearchAction","target":{"@type":"EntryPoint","urlTemplate":"https:\/\/gerdetect.fr\/es\/?s={search_term_string}"},"query-input":{"@type":"PropertyValueSpecification","valueRequired":true,"valueName":"search_term_string"}}],"inLanguage":"es"}]}},"_links":{"self":[{"href":"https:\/\/gerdetect.fr\/es\/wp-json\/wp\/v2\/product\/4650","targetHints":{"allow":["GET"]}}],"collection":[{"href":"https:\/\/gerdetect.fr\/es\/wp-json\/wp\/v2\/product"}],"about":[{"href":"https:\/\/gerdetect.fr\/es\/wp-json\/wp\/v2\/types\/product"}],"wp:featuredmedia":[{"embeddable":true,"href":"https:\/\/gerdetect.fr\/es\/wp-json\/wp\/v2\/media\/4649"}],"wp:attachment":[{"href":"https:\/\/gerdetect.fr\/es\/wp-json\/wp\/v2\/media?parent=4650"}],"wp:term":[{"taxonomy":"product_brand","embeddable":true,"href":"https:\/\/gerdetect.fr\/es\/wp-json\/wp\/v2\/product_brand?post=4650"},{"taxonomy":"product_cat","embeddable":true,"href":"https:\/\/gerdetect.fr\/es\/wp-json\/wp\/v2\/product_cat?post=4650"},{"taxonomy":"product_tag","embeddable":true,"href":"https:\/\/gerdetect.fr\/es\/wp-json\/wp\/v2\/product_tag?post=4650"}],"curies":[{"name":"wp","href":"https:\/\/api.w.org\/{rel}","templated":true}]}}