{"id":4673,"date":"2021-10-14T10:34:54","date_gmt":"2021-10-14T08:34:54","guid":{"rendered":"https:\/\/gerdetect.fr\/catalogue-detecteur-de-metaux\/sin%20categor\u00eda\/titan-400-smart\/"},"modified":"2026-03-07T17:18:13","modified_gmt":"2026-03-07T16:18:13","slug":"titan-400-smart","status":"publish","type":"product","link":"https:\/\/gerdetect.fr\/es\/catalogo-de-detectores-de-metales\/detector-de-oro\/titan-400-smart\/","title":{"rendered":"Titan 400 smart"},"content":{"rendered":"<div class=\"wpb-content-wrapper\">[vc_row content_placement=&#8221;top&#8221;][vc_column][vc_row_inner][vc_column_inner][vc_column_text]Gracias a su calibraci\u00f3n autom\u00e1tica de alta frecuencia, el Titan 400 SMART puede desviar rocas minerales, rocas sedimentarias, rocas \u00edgneas y metam\u00f3rficas. De hecho, estos \u00faltimos est\u00e1n compuestos de basalto y granito, que son rocas que impiden que los dispositivos disponibles en el mercado hagan su trabajo. De hecho, estas rocas pueden complicar el trabajo de los dispositivos debido a su transformaci\u00f3n en tejido rocoso y a su reacci\u00f3n qu\u00edmica con la tierra. Adem\u00e1s, cuando los sistemas est\u00e1n instalados, el dispositivo puede cambiar autom\u00e1ticamente a los sistemas de b\u00fasqueda. El Titan es el aliado ideal para todas sus excavaciones. <a style=\"color: #ff6600;\" href=\"https:\/\/gerdetect.fr\/es\/\">Ger Detect<\/a> presenta esta joya de la b\u00fasqueda de metales.[\/vc_column_text][\/vc_column_inner][\/vc_row_inner][\/vc_column][\/vc_row][vc_row][vc_column]\n\t\t<div id=\"wd-69db90602fb1b\" class=\"title-wrapper wd-wpb set-mb-s reset-last-child  wd-title-color-default wd-title-style-bordered text-center  wd-underline-colored\">\n\t\t\t\n\t\t\t<div class=\"liner-continer\">\n\t\t\t\t<h2 class=\"woodmart-title-container title  wd-font-weight- wd-fontsize-l\" >Las principales caracter\u00edsticas del sistema.<\/h2>\n\t\t\t\t\t\t\t<\/div>\n\t\t\t\n\t\t\t\n\t\t\t\n\t\t<\/div>\n\t\t\n\t\t[vc_row_inner][vc_column_inner][vc_column_text]En primer lugar, un sistema llamado VLF que puede detectar cualquier tipo de metal. Luego tiene una forma ajustable para buscar campos i\u00f3nicos. Adem\u00e1s, el dispositivo tiene una opci\u00f3n de configuraci\u00f3n de b\u00fasqueda de larga distancia. Adem\u00e1s, el dispositivo tiene un tipo de bater\u00eda espec\u00edfico. De hecho, su bater\u00eda de iones de litio de 27 Wh tiene una alta densidad energ\u00e9tica con una capacidad de 10 horas. Puedes cargar la bater\u00eda f\u00e1cilmente. Adem\u00e1s, en caso de sobrecarga o sobrecalentamiento podr\u00e1s contar con su garant\u00eda de dos a\u00f1os. El <a style=\"color: #ff6600;\" href=\"https:\/\/gerdetect.fr\/es\/tipos-de-detector\/detector-de-metales\/\">detector de metales<\/a> inteligente Titan 400 es, por tanto, un gran aliado en su prospecci\u00f3n.[\/vc_column_text][\/vc_column_inner][\/vc_row_inner][\/vc_column][\/vc_row][vc_row][vc_column width=&#8221;1\/2&#8243;]\n\t\t<div id=\"wd-69db90602fbf6\" class=\"title-wrapper wd-wpb set-mb-s reset-last-child  wd-title-color-default wd-title-style-bordered text-center  wd-underline-colored\">\n\t\t\t\n\t\t\t<div class=\"liner-continer\">\n\t\t\t\t<h2 class=\"woodmart-title-container title  wd-font-weight- wd-fontsize-l\" >Sistemas inteligentes Titan 400<\/h2>\n\t\t\t\t\t\t\t<\/div>\n\t\t\t\n\t\t\t\n\t\t\t\n\t\t<\/div>\n\t\t\n\t\t[vc_column_text]Un sistema de largo alcance:<\/p>\n<ul>\n<li>Ultrapreciso para identificaci\u00f3n y localizaci\u00f3n, puede marcar la distancia necesaria de un metro cuadrado.<br \/>\nEl dispositivo muestra se\u00f1ales luminosas en su pantalla para indicar que ha encontrado su objetivo cuando comienza su b\u00fasqueda.<\/li>\n<li>Si hay una se\u00f1al, el dispositivo utilizar\u00e1 tres funciones para permitir la detecci\u00f3n de su objetivo.<\/li>\n<li>El receptor de se\u00f1al girar\u00e1 hacia su objetivo.<\/li>\n<li>La pantalla inteligente muestra la direcci\u00f3n del objetivo<\/li>\n<li>Si el receptor de se\u00f1al se mueve hacia su objetivo, emite un pitido.<\/li>\n<li>El dispositivo utiliza las cuatro direcciones para indicar la direcci\u00f3n precisa de su objetivo.<\/li>\n<li>La se\u00f1al gira cuando la has rastreado, esto significa que has pasado el objetivo.<\/li>\n<li>Disminuye el \u00e1rea de b\u00fasqueda mostr\u00e1ndola como elemento central a confirmar<\/li>\n<li>Usando las direcciones (sur-norte, norte-sur, oeste-este, este-oeste) puedes confirmar la ubicaci\u00f3n del objetivo.<\/li>\n<\/ul>\n[\/vc_column_text][\/vc_column][vc_column width=&#8221;1\/2&#8243;][vc_single_image image=&#8221;4651&#8243; img_size=&#8221;large&#8221; alignment=&#8221;center&#8221;][\/vc_column][\/vc_row][vc_row][vc_column]\n\t\t<div id=\"wd-69db90602fc6d\" class=\"title-wrapper wd-wpb set-mb-s reset-last-child  wd-title-color-default wd-title-style-bordered text-center  wd-underline-colored\">\n\t\t\t\n\t\t\t<div class=\"liner-continer\">\n\t\t\t\t<h3 class=\"woodmart-title-container title  wd-font-weight- wd-fontsize-l\" >Las principales caracter\u00edsticas del sistema inteligente titan 400. <\/h3>\n\t\t\t\t\t\t\t<\/div>\n\t\t\t\n\t\t\t\n\t\t\t\n\t\t<\/div>\n\t\t\n\t\t[vc_column_text]\n<ul>\n<li>Marcador de indicaci\u00f3n de objetivo<\/li>\n<li>La gama frontal del dispositivo.<\/li>\n<li>Indica el grado de sensibilidad.<\/li>\n<li>Elecci\u00f3n del ajuste del alcance para los campos a cubrir (100 metros a 500 hasta 1000-1500-2000-2500-3000 metros cuadrados)<\/li>\n<li>Control de nivel de sensibilidad<\/li>\n<li>El sistema de largo alcance alcanza los 25 metros bajo tierra<\/li>\n<\/ul>\n[\/vc_column_text][\/vc_column][\/vc_row][vc_row][vc_column width=&#8221;1\/2&#8243;][vc_single_image image=&#8221;4652&#8243; img_size=&#8221;large&#8221; alignment=&#8221;center&#8221;][\/vc_column][vc_column width=&#8221;1\/2&#8243;]\n\t\t<div id=\"wd-69db90602fd0c\" class=\"title-wrapper wd-wpb set-mb-s reset-last-child  wd-title-color-default wd-title-style-bordered text-center  wd-underline-colored\">\n\t\t\t\n\t\t\t<div class=\"liner-continer\">\n\t\t\t\t<h3 class=\"woodmart-title-container title  wd-font-weight- wd-fontsize-l\" >Buscar campos i\u00f3nicos: <\/h3>\n\t\t\t\t\t\t\t<\/div>\n\t\t\t\n\t\t\t\n\t\t\t\n\t\t<\/div>\n\t\t\n\t\t[vc_column_text]Un sistema de largo alcance:<\/p>\n<ul>\n<li>El sistema se utiliza para detectar campos i\u00f3nicos que se forman alrededor del oro y tesoros escondidos.<\/li>\n<li>Mueva su detector de derecha a izquierda hasta obtener un \u00e1ngulo de 180 grados.<\/li>\n<li>Si escuchas un pitido y hay un indicador en la pantalla, significa que has encontrado tu objetivo.<\/li>\n<li>Mueva el dispositivo hacia arriba y hacia abajo siguiendo el pitido.<\/li>\n<li>Si el sonido del dispositivo va m\u00e1s r\u00e1pido, significa que est\u00e1s cerca del objetivo.<\/li>\n<li>Puede utilizar el sistema mientras conduce todos los veh\u00edculos el\u00e9ctricos y otros veh\u00edculos tradicionales.<\/li>\n<li>El dispositivo puede sumergirse hasta 25 metros bajo tierra.<\/li>\n<li>El dispositivo tiene un alcance de avance de 3000 metros.<\/li>\n<\/ul>\n[\/vc_column_text][\/vc_column][\/vc_row][vc_row][vc_column]\n\t\t<div id=\"wd-69db90602fd71\" class=\"title-wrapper wd-wpb set-mb-s reset-last-child  wd-title-color-default wd-title-style-bordered text-center  wd-underline-colored\">\n\t\t\t\n\t\t\t<div class=\"liner-continer\">\n\t\t\t\t<h3 class=\"woodmart-title-container title  wd-font-weight- wd-fontsize-l\" >El sistema de detecci\u00f3n de metales vlf: <\/h3>\n\t\t\t\t\t\t\t<\/div>\n\t\t\t\n\t\t\t\n\t\t\t\n\t\t<\/div>\n\t\t\n\t\t[vc_column_text]\n<ul>\n<li>El sistema VLF es un medio autom\u00e1tico avanzado y de alta precisi\u00f3n para la identificaci\u00f3n de metales. Adem\u00e1s, el dispositivo puede llegar a una gran profundidad de 3 metros bajo tierra. <\/li>\n<li>Un sistema todoterreno adaptable a todos los suelos, ya sean h\u00famedos, de sales minerales o incluso de rocas minerales.<\/li>\n<\/ul>\n<p>Mais aussi :<\/p>\n<ul>\n<li>Un sistema que diferencia los metales preciosos. De hecho, puede rechazar se\u00f1ales provenientes de objetivos ferrosos o no preciosos. Esto le permitir\u00e1 buscar \u00fanicamente metales preciosos, por ejemplo (monedas, plata, bronce, cobalto). Pero tambi\u00e9n es un excelente detector de oro.<\/li>\n<li>Distingue entre metales preciosos y no preciosos. Adem\u00e1s, el dispositivo busca todos los metales con gran precisi\u00f3n. <\/li>\n<\/ul>\n[\/vc_column_text][vc_single_image image=&#8221;4653&#8243; img_size=&#8221;large&#8221; alignment=&#8221;center&#8221;][\/vc_column][\/vc_row][vc_row][vc_column]\n\t\t<div id=\"wd-69db90602fdcd\" class=\"title-wrapper wd-wpb set-mb-s reset-last-child  wd-title-color-default wd-title-style-bordered text-center  wd-underline-colored\">\n\t\t\t\n\t\t\t<div class=\"liner-continer\">\n\t\t\t\t<h2 class=\"woodmart-title-container title  wd-font-weight- wd-fontsize-l\" >Varios indicadores para la pantalla vlf:<\/h2>\n\t\t\t\t\t\t\t<\/div>\n\t\t\t\n\t\t\t\n\t\t\t\n\t\t<\/div>\n\t\t\n\t\t[vc_column_text]\n<ul>\n<li>Un marcador que indica el nivel de metales ferrosos (metales no preciosos)<\/li>\n<li>Un marcador que indica el nivel de metales preciosos (metales no ferrosos).<\/li>\n<li>Un bot\u00f3n negativo y positivo que controla el nivel de sensibilidad de la bobina del transmisor de b\u00fasqueda.<\/li>\n<li>El bot\u00f3n &#8220;x&#8221; te permite &#8220;ignorar la plancha&#8221;<\/li>\n<\/ul>\n<p>El dispositivo es capaz de diferenciar muy r\u00e1pidamente entre metales preciosos y no preciosos. Adem\u00e1s, la profundidad del sistema VLF tiene un alcance de 3 metros bajo tierra. El dispositivo Titan 400 SMART cuenta con la certificaci\u00f3n europea CE y cumple con los est\u00e1ndares internacionales de fabricaci\u00f3n. Adem\u00e1s, cuenta con la certificaci\u00f3n ISO 9001 y est\u00e1 considerado el mejor detector de metales alem\u00e1n. Adem\u00e1s, la ventaja del detector es que puede funcionar en todas las regiones de todos los pa\u00edses.[\/vc_column_text][vc_single_image image=&#8221;4654&#8243; img_size=&#8221;large&#8221; alignment=&#8221;center&#8221;][\/vc_column][\/vc_row][vc_row][vc_column width=&#8221;1\/2&#8243;]\n\t\t<div id=\"wd-69db90602fe1e\" class=\"title-wrapper wd-wpb set-mb-s reset-last-child  wd-title-color-default wd-title-style-bordered text-center  wd-underline-colored\">\n\t\t\t\n\t\t\t<div class=\"liner-continer\">\n\t\t\t\t<h2 class=\"woodmart-title-container title  wd-font-weight- wd-fontsize-l\" >Especificaciones t\u00e9cnicas<\/h2>\n\t\t\t\t\t\t\t<\/div>\n\t\t\t\n\t\t\t\n\t\t\t\n\t\t<\/div>\n\t\t\n\t\t[vc_column_text]<strong>Nombre de la especificaci\u00f3n t\u00e9cnica \/ Valor de la especificaci\u00f3n t\u00e9cnica<\/strong><\/p>\n<ul>\n<li>Pantalla de cristal l\u00edquido (LCD): pantalla t\u00e1ctil a color de 98 mm x 57 mm \/ 480 x 270 px<\/li>\n<li>Longueur :\n<ul>\n<li>Appareil : 157mm<\/li>\n<li>Sensor de imagen y magn\u00e9tico 955 mm (Cerrado)<\/li>\n<li>Sensor magn\u00e9tico y de im\u00e1genes de 1345 mm (abierto)<\/li>\n<li>Capteur ionique 342mm<\/li>\n<li>Sensor de largo alcance 297 mm<\/li>\n<\/ul>\n<\/li>\n<li>Frecuencia: 500 KHz m\u00e1ximo<\/li>\n<li>Sistema de frecuencia VLF: rango de temperatura de funcionamiento<\/li>\n<li>Rango de temperatura de funcionamiento: 0 C\u00b0 a 70 C\u00b0<\/li>\n<li>Rango de humedad de funcionamiento: hasta 95% sin condensaci\u00f3n<\/li>\n<li>Rango de temperatura de almacenamiento: -20\u00b0C\u00b0 a 70\u00b0C\u00b0<\/li>\n<li>Rango de humedad de almacenamiento: hasta 98% de humedad relativa<\/li>\n<li>Clasificaci\u00f3n impermeable\n<ul>\n<li>Detector: no resistente al agua (solo resistente a la intemperie)<\/li>\n<li>Bobina: resistente al agua hasta una profundidad de (30 cm)<\/li>\n<\/ul>\n<\/li>\n<li>Tiempo de funcionamiento (bater\u00eda de 27 Wh): 10 horas<\/li>\n<li>Bluetooth : Tw5200 &#8211; Casque Bluetooth radio 2,4 GHz<\/li>\n<li>Bobine : \u00d8=30cm<\/li>\n<\/ul>\n[\/vc_column_text][vc_single_image image=&#8221;4655&#8243; img_size=&#8221;large&#8221; alignment=&#8221;center&#8221;][\/vc_column][vc_column width=&#8221;1\/2&#8243;][vc_column_text]<strong>Especificaciones t\u00e9cnicas de la bater\u00eda de iones de litio.<\/strong><\/p>\n<ul>\n<li>Type : Batterie rechargeable Li-ion &#8211; Batterie interne<\/li>\n<li>Tensi\u00f3n de salida: Li-ion 3,7 V CC<\/li>\n<li>Capacidad: Li-ion 27 Wh<\/li>\n<li>Duraci\u00f3n: 10 Horas<\/li>\n<li>Temperatura de funcionamiento de la bater\u00eda: 0 C\u00b0 a 50 C\u00b0<\/li>\n<li>Temperatura de almacenamiento de la bater\u00eda: &#8211; 5C\u00b0 a 70C\u00b0<\/li>\n<li>Peso de la bater\u00eda: 135 gramos<\/li>\n<\/ul>\n<p><strong>Especificaciones t\u00e9cnicas del cargador de bater\u00eda de iones de litio<\/strong><\/p>\n<ul>\n<li>Temperatura de funcionamiento: 0 C\u00b0 a 50 C\u00b0<\/li>\n<li>Temperatura de almacenamiento: &#8211; 30\u00b0C\u00b0 a 80\u00b0C\u00b0<\/li>\n<li>Voltaje de entrada: 90 \u2192 250 VCA 50 \u2192 60 Hz<\/li>\n<li>Sortie : 5 VCC \/ 2100 mA<\/li>\n<\/ul>\n<p><strong>Otras especificaciones t\u00e9cnicas<\/strong><\/p>\n<ul>\n<li>Poids total : 6620 g<\/li>\n<li>Peso del dispositivo: 595 g<\/li>\n<li>Peso del carrete: 675 g<\/li>\n<li>Peso de la bolsa (vac\u00eda): 3150 g<\/li>\n<li>Dimensiones de la bolsa: 620 mm x 430 mm x 200 mm<\/li>\n<\/ul>\n[\/vc_column_text][\/vc_column][\/vc_row][vc_row][vc_column]\n\t\t<div id=\"wd-69db90602fe69\" class=\"title-wrapper wd-wpb set-mb-s reset-last-child  wd-title-color-default wd-title-style-bordered text-center  wd-underline-colored\">\n\t\t\t\n\t\t\t<div class=\"liner-continer\">\n\t\t\t\t<h2 class=\"woodmart-title-container title  wd-font-weight- wd-fontsize-l\" >Accessoires<\/h2>\n\t\t\t\t\t\t\t<\/div>\n\t\t\t\n\t\t\t\n\t\t\t\n\t\t<\/div>\n\t\t\n\t\t[vc_row_inner][vc_column_inner width=&#8221;1\/3&#8243;][vc_single_image image=&#8221;4656&#8243; img_size=&#8221;medium&#8221; add_caption=&#8221;yes&#8221; alignment=&#8221;center&#8221;][\/vc_column_inner][vc_column_inner width=&#8221;1\/3&#8243;][vc_single_image image=&#8221;4657&#8243; img_size=&#8221;medium&#8221; add_caption=&#8221;yes&#8221;][\/vc_column_inner][vc_column_inner width=&#8221;1\/3&#8243;][vc_single_image image=&#8221;4658&#8243; img_size=&#8221;medium&#8221; add_caption=&#8221;yes&#8221;][\/vc_column_inner][\/vc_row_inner][vc_row_inner][vc_column_inner width=&#8221;1\/3&#8243;][vc_single_image image=&#8221;4659&#8243; img_size=&#8221;medium&#8221; add_caption=&#8221;yes&#8221; alignment=&#8221;center&#8221;][\/vc_column_inner][vc_column_inner width=&#8221;1\/3&#8243;][vc_single_image image=&#8221;4660&#8243; img_size=&#8221;medium&#8221; add_caption=&#8221;yes&#8221; alignment=&#8221;center&#8221;][\/vc_column_inner][vc_column_inner width=&#8221;1\/3&#8243;][vc_single_image image=&#8221;4661&#8243; img_size=&#8221;medium&#8221; add_caption=&#8221;yes&#8221; alignment=&#8221;center&#8221;][\/vc_column_inner][\/vc_row_inner][vc_row_inner][vc_column_inner width=&#8221;1\/3&#8243;][vc_single_image image=&#8221;4662&#8243; img_size=&#8221;medium&#8221; add_caption=&#8221;yes&#8221; alignment=&#8221;center&#8221;][\/vc_column_inner][vc_column_inner width=&#8221;1\/3&#8243;][vc_single_image image=&#8221;4663&#8243; img_size=&#8221;medium&#8221; add_caption=&#8221;yes&#8221; alignment=&#8221;center&#8221;][\/vc_column_inner][vc_column_inner width=&#8221;1\/3&#8243;][vc_single_image image=&#8221;4664&#8243; img_size=&#8221;medium&#8221; add_caption=&#8221;yes&#8221; alignment=&#8221;center&#8221;][\/vc_column_inner][\/vc_row_inner][vc_row_inner][vc_column_inner width=&#8221;1\/3&#8243;][vc_single_image image=&#8221;4665&#8243; img_size=&#8221;medium&#8221; add_caption=&#8221;yes&#8221; alignment=&#8221;center&#8221;][\/vc_column_inner][vc_column_inner width=&#8221;1\/3&#8243;][vc_single_image image=&#8221;4666&#8243; img_size=&#8221;medium&#8221; add_caption=&#8221;yes&#8221; alignment=&#8221;center&#8221;][\/vc_column_inner][vc_column_inner width=&#8221;1\/3&#8243;][vc_single_image image=&#8221;4667&#8243; img_size=&#8221;medium&#8221; add_caption=&#8221;yes&#8221; alignment=&#8221;center&#8221;][\/vc_column_inner][\/vc_row_inner][vc_row_inner][vc_column_inner width=&#8221;1\/3&#8243;][vc_single_image image=&#8221;4668&#8243; img_size=&#8221;medium&#8221; add_caption=&#8221;yes&#8221; alignment=&#8221;center&#8221;][\/vc_column_inner][vc_column_inner width=&#8221;1\/3&#8243;][vc_single_image image=&#8221;4669&#8243; img_size=&#8221;medium&#8221; add_caption=&#8221;yes&#8221; alignment=&#8221;center&#8221;][\/vc_column_inner][vc_column_inner width=&#8221;1\/3&#8243;][vc_single_image image=&#8221;4670&#8243; img_size=&#8221;medium&#8221; add_caption=&#8221;yes&#8221; alignment=&#8221;center&#8221;][\/vc_column_inner][\/vc_row_inner][vc_row_inner][vc_column_inner width=&#8221;1\/3&#8243;][vc_single_image image=&#8221;4671&#8243; img_size=&#8221;medium&#8221; add_caption=&#8221;yes&#8221; alignment=&#8221;center&#8221;][\/vc_column_inner][\/vc_row_inner][\/vc_column][\/vc_row]\n<\/div>","protected":false},"excerpt":{"rendered":"<p>Adem\u00e1s, todos nuestros detectores de metales de la marca Gerdetect son productos de alta tecnolog\u00eda. Por ello, algunos de nuestros modelos est\u00e1n provistos del software analizador 3D Ger para garantizar un an\u00e1lisis detallado y determinar tanto la posici\u00f3n del objetivo como su profundidad, \u00a1de manera eficiente!    <\/p>\n","protected":false},"featured_media":4672,"template":"","meta":{"_joinchat":[]},"product_brand":[],"product_cat":[137,134],"product_tag":[170],"class_list":{"0":"post-4673","1":"product","2":"type-product","3":"status-publish","4":"has-post-thumbnail","6":"product_cat-detector-de-metales","7":"product_cat-detector-de-oro","8":"product_tag-gerdetect","10":"first","11":"instock","12":"sale","13":"taxable","14":"shipping-taxable","15":"purchasable","16":"product-type-simple"},"yoast_head":"<!-- This site is optimized with the Yoast SEO plugin v26.3 - https:\/\/yoast.com\/wordpress\/plugins\/seo\/ -->\n<title>Titan 400 Smart: GER Detect lo tiene todo para tu b\u00fasqueda del tesoro.<\/title>\n<meta name=\"description\" content=\"El Titan 400 SMART es el dispositivo ideal para la b\u00fasqueda del tesoro. Su tecnolog\u00eda puede sortear cualquier roca. P\u00eddelo en GER Detect\" \/>\n<meta name=\"robots\" content=\"index, follow, max-snippet:-1, max-image-preview:large, max-video-preview:-1\" \/>\n<link rel=\"canonical\" href=\"https:\/\/gerdetect.fr\/es\/catalogo-de-detectores-de-metales\/detector-de-oro\/titan-400-smart\/\" \/>\n<meta property=\"og:locale\" content=\"es_ES\" \/>\n<meta property=\"og:type\" content=\"article\" \/>\n<meta property=\"og:title\" content=\"Titan 400 Smart: GER Detect lo tiene todo para tu b\u00fasqueda del tesoro.\" \/>\n<meta property=\"og:description\" content=\"El Titan 400 SMART es el dispositivo ideal para la b\u00fasqueda del tesoro. Su tecnolog\u00eda puede sortear cualquier roca. P\u00eddelo en GER Detect\" \/>\n<meta property=\"og:url\" content=\"https:\/\/gerdetect.fr\/es\/catalogo-de-detectores-de-metales\/detector-de-oro\/titan-400-smart\/\" \/>\n<meta property=\"og:site_name\" content=\"GER DETECT FRANCE\" \/>\n<meta property=\"article:modified_time\" content=\"2026-03-07T16:18:13+00:00\" \/>\n<meta property=\"og:image\" content=\"https:\/\/gerdetect.fr\/wp-content\/uploads\/2021\/10\/TITAN-400-SMART-25.jpg\" \/>\n\t<meta property=\"og:image:width\" content=\"552\" \/>\n\t<meta property=\"og:image:height\" content=\"483\" \/>\n\t<meta property=\"og:image:type\" content=\"image\/jpeg\" \/>\n<meta name=\"twitter:card\" content=\"summary_large_image\" \/>\n<meta name=\"twitter:label1\" content=\"Tiempo de lectura\" \/>\n\t<meta name=\"twitter:data1\" content=\"9 minutos\" \/>\n<script type=\"application\/ld+json\" class=\"yoast-schema-graph\">{\"@context\":\"https:\/\/schema.org\",\"@graph\":[{\"@type\":\"WebPage\",\"@id\":\"https:\/\/gerdetect.fr\/es\/catalogo-de-detectores-de-metales\/detector-de-oro\/titan-400-smart\/\",\"url\":\"https:\/\/gerdetect.fr\/es\/catalogo-de-detectores-de-metales\/detector-de-oro\/titan-400-smart\/\",\"name\":\"Titan 400 Smart: GER Detect lo tiene todo para tu b\u00fasqueda del tesoro.\",\"isPartOf\":{\"@id\":\"https:\/\/gerdetect.fr\/es\/#website\"},\"primaryImageOfPage\":{\"@id\":\"https:\/\/gerdetect.fr\/es\/catalogo-de-detectores-de-metales\/detector-de-oro\/titan-400-smart\/#primaryimage\"},\"image\":{\"@id\":\"https:\/\/gerdetect.fr\/es\/catalogo-de-detectores-de-metales\/detector-de-oro\/titan-400-smart\/#primaryimage\"},\"thumbnailUrl\":\"https:\/\/gerdetect.fr\/wp-content\/uploads\/2021\/10\/TITAN-400-SMART-25.jpg\",\"datePublished\":\"2021-10-14T08:34:54+00:00\",\"dateModified\":\"2026-03-07T16:18:13+00:00\",\"description\":\"El Titan 400 SMART es el dispositivo ideal para la b\u00fasqueda del tesoro. Su tecnolog\u00eda puede sortear cualquier roca. P\u00eddelo en GER Detect\",\"breadcrumb\":{\"@id\":\"https:\/\/gerdetect.fr\/es\/catalogo-de-detectores-de-metales\/detector-de-oro\/titan-400-smart\/#breadcrumb\"},\"inLanguage\":\"es\",\"potentialAction\":[{\"@type\":\"ReadAction\",\"target\":[\"https:\/\/gerdetect.fr\/es\/catalogo-de-detectores-de-metales\/detector-de-oro\/titan-400-smart\/\"]}]},{\"@type\":\"ImageObject\",\"inLanguage\":\"es\",\"@id\":\"https:\/\/gerdetect.fr\/es\/catalogo-de-detectores-de-metales\/detector-de-oro\/titan-400-smart\/#primaryimage\",\"url\":\"https:\/\/gerdetect.fr\/wp-content\/uploads\/2021\/10\/TITAN-400-SMART-25.jpg\",\"contentUrl\":\"https:\/\/gerdetect.fr\/wp-content\/uploads\/2021\/10\/TITAN-400-SMART-25.jpg\",\"width\":552,\"height\":483},{\"@type\":\"BreadcrumbList\",\"@id\":\"https:\/\/gerdetect.fr\/es\/catalogo-de-detectores-de-metales\/detector-de-oro\/titan-400-smart\/#breadcrumb\",\"itemListElement\":[{\"@type\":\"ListItem\",\"position\":1,\"name\":\"Accueil\",\"item\":\"https:\/\/gerdetect.fr\/es\/\"},{\"@type\":\"ListItem\",\"position\":2,\"name\":\"Tienda\",\"item\":\"https:\/\/gerdetect.fr\/es\/tienda\/\"},{\"@type\":\"ListItem\",\"position\":3,\"name\":\"Titan 400 smart\"}]},{\"@type\":\"WebSite\",\"@id\":\"https:\/\/gerdetect.fr\/es\/#website\",\"url\":\"https:\/\/gerdetect.fr\/es\/\",\"name\":\"GER DETECT FRANCE\",\"description\":\"D\u00e9tecteur de m\u00e9taux, d&#039;or, diamants, d&#039;eau souterraine, radar de sol | Lille, Paris\",\"potentialAction\":[{\"@type\":\"SearchAction\",\"target\":{\"@type\":\"EntryPoint\",\"urlTemplate\":\"https:\/\/gerdetect.fr\/es\/?s={search_term_string}\"},\"query-input\":{\"@type\":\"PropertyValueSpecification\",\"valueRequired\":true,\"valueName\":\"search_term_string\"}}],\"inLanguage\":\"es\"}]}<\/script>\n<!-- \/ Yoast SEO plugin. -->","yoast_head_json":{"title":"Titan 400 Smart: GER Detect lo tiene todo para tu b\u00fasqueda del tesoro.","description":"El Titan 400 SMART es el dispositivo ideal para la b\u00fasqueda del tesoro. Su tecnolog\u00eda puede sortear cualquier roca. P\u00eddelo en GER Detect","robots":{"index":"index","follow":"follow","max-snippet":"max-snippet:-1","max-image-preview":"max-image-preview:large","max-video-preview":"max-video-preview:-1"},"canonical":"https:\/\/gerdetect.fr\/es\/catalogo-de-detectores-de-metales\/detector-de-oro\/titan-400-smart\/","og_locale":"es_ES","og_type":"article","og_title":"Titan 400 Smart: GER Detect lo tiene todo para tu b\u00fasqueda del tesoro.","og_description":"El Titan 400 SMART es el dispositivo ideal para la b\u00fasqueda del tesoro. Su tecnolog\u00eda puede sortear cualquier roca. P\u00eddelo en GER Detect","og_url":"https:\/\/gerdetect.fr\/es\/catalogo-de-detectores-de-metales\/detector-de-oro\/titan-400-smart\/","og_site_name":"GER DETECT FRANCE","article_modified_time":"2026-03-07T16:18:13+00:00","og_image":[{"width":552,"height":483,"url":"https:\/\/gerdetect.fr\/wp-content\/uploads\/2021\/10\/TITAN-400-SMART-25.jpg","type":"image\/jpeg"}],"twitter_card":"summary_large_image","twitter_misc":{"Tiempo de lectura":"9 minutos"},"schema":{"@context":"https:\/\/schema.org","@graph":[{"@type":"WebPage","@id":"https:\/\/gerdetect.fr\/es\/catalogo-de-detectores-de-metales\/detector-de-oro\/titan-400-smart\/","url":"https:\/\/gerdetect.fr\/es\/catalogo-de-detectores-de-metales\/detector-de-oro\/titan-400-smart\/","name":"Titan 400 Smart: GER Detect lo tiene todo para tu b\u00fasqueda del tesoro.","isPartOf":{"@id":"https:\/\/gerdetect.fr\/es\/#website"},"primaryImageOfPage":{"@id":"https:\/\/gerdetect.fr\/es\/catalogo-de-detectores-de-metales\/detector-de-oro\/titan-400-smart\/#primaryimage"},"image":{"@id":"https:\/\/gerdetect.fr\/es\/catalogo-de-detectores-de-metales\/detector-de-oro\/titan-400-smart\/#primaryimage"},"thumbnailUrl":"https:\/\/gerdetect.fr\/wp-content\/uploads\/2021\/10\/TITAN-400-SMART-25.jpg","datePublished":"2021-10-14T08:34:54+00:00","dateModified":"2026-03-07T16:18:13+00:00","description":"El Titan 400 SMART es el dispositivo ideal para la b\u00fasqueda del tesoro. Su tecnolog\u00eda puede sortear cualquier roca. P\u00eddelo en GER Detect","breadcrumb":{"@id":"https:\/\/gerdetect.fr\/es\/catalogo-de-detectores-de-metales\/detector-de-oro\/titan-400-smart\/#breadcrumb"},"inLanguage":"es","potentialAction":[{"@type":"ReadAction","target":["https:\/\/gerdetect.fr\/es\/catalogo-de-detectores-de-metales\/detector-de-oro\/titan-400-smart\/"]}]},{"@type":"ImageObject","inLanguage":"es","@id":"https:\/\/gerdetect.fr\/es\/catalogo-de-detectores-de-metales\/detector-de-oro\/titan-400-smart\/#primaryimage","url":"https:\/\/gerdetect.fr\/wp-content\/uploads\/2021\/10\/TITAN-400-SMART-25.jpg","contentUrl":"https:\/\/gerdetect.fr\/wp-content\/uploads\/2021\/10\/TITAN-400-SMART-25.jpg","width":552,"height":483},{"@type":"BreadcrumbList","@id":"https:\/\/gerdetect.fr\/es\/catalogo-de-detectores-de-metales\/detector-de-oro\/titan-400-smart\/#breadcrumb","itemListElement":[{"@type":"ListItem","position":1,"name":"Accueil","item":"https:\/\/gerdetect.fr\/es\/"},{"@type":"ListItem","position":2,"name":"Tienda","item":"https:\/\/gerdetect.fr\/es\/tienda\/"},{"@type":"ListItem","position":3,"name":"Titan 400 smart"}]},{"@type":"WebSite","@id":"https:\/\/gerdetect.fr\/es\/#website","url":"https:\/\/gerdetect.fr\/es\/","name":"GER DETECT FRANCE","description":"D\u00e9tecteur de m\u00e9taux, d&#039;or, diamants, d&#039;eau souterraine, radar de sol | Lille, Paris","potentialAction":[{"@type":"SearchAction","target":{"@type":"EntryPoint","urlTemplate":"https:\/\/gerdetect.fr\/es\/?s={search_term_string}"},"query-input":{"@type":"PropertyValueSpecification","valueRequired":true,"valueName":"search_term_string"}}],"inLanguage":"es"}]}},"_links":{"self":[{"href":"https:\/\/gerdetect.fr\/es\/wp-json\/wp\/v2\/product\/4673","targetHints":{"allow":["GET"]}}],"collection":[{"href":"https:\/\/gerdetect.fr\/es\/wp-json\/wp\/v2\/product"}],"about":[{"href":"https:\/\/gerdetect.fr\/es\/wp-json\/wp\/v2\/types\/product"}],"wp:featuredmedia":[{"embeddable":true,"href":"https:\/\/gerdetect.fr\/es\/wp-json\/wp\/v2\/media\/4672"}],"wp:attachment":[{"href":"https:\/\/gerdetect.fr\/es\/wp-json\/wp\/v2\/media?parent=4673"}],"wp:term":[{"taxonomy":"product_brand","embeddable":true,"href":"https:\/\/gerdetect.fr\/es\/wp-json\/wp\/v2\/product_brand?post=4673"},{"taxonomy":"product_cat","embeddable":true,"href":"https:\/\/gerdetect.fr\/es\/wp-json\/wp\/v2\/product_cat?post=4673"},{"taxonomy":"product_tag","embeddable":true,"href":"https:\/\/gerdetect.fr\/es\/wp-json\/wp\/v2\/product_tag?post=4673"}],"curies":[{"name":"wp","href":"https:\/\/api.w.org\/{rel}","templated":true}]}}