{"id":4693,"date":"2021-01-13T10:15:08","date_gmt":"2021-01-13T09:15:08","guid":{"rendered":"https:\/\/gerdetect.fr\/catalogue-detecteur-de-metaux\/sin%20categor\u00eda\/golden-way-device\/"},"modified":"2026-01-13T11:34:40","modified_gmt":"2026-01-13T10:34:40","slug":"golden-way-device","status":"publish","type":"product","link":"https:\/\/gerdetect.fr\/es\/catalogo-de-detectores-de-metales\/detector-de-oro\/golden-way-device\/","title":{"rendered":"Golden way device"},"content":{"rendered":"<div class=\"wpb-content-wrapper\">[vc_row content_placement=&#8221;top&#8221;][vc_column][vc_row_inner][vc_column_inner][vc_column_text]Este modelo tiene caracter\u00edsticas comparables a las de los dispositivos profesionales, pero sigue siendo muy pr\u00e1ctico. Adem\u00e1s, este detector de metales no requiere configuraci\u00f3n previa. Y lo mejor de todo es que puedes conseguirlo a un precio muy razonable.[\/vc_column_text][vc_single_image image=&#8221;4678&#8243; img_size=&#8221;full&#8221; alignment=&#8221;center&#8221;][\/vc_column_inner][\/vc_row_inner][\/vc_column][\/vc_row][vc_row][vc_column]\n\t\t<div id=\"wd-69db908ab7c3f\" class=\"title-wrapper wd-wpb set-mb-s reset-last-child  wd-title-color-default wd-title-style-bordered text-center  wd-underline-colored\">\n\t\t\t\n\t\t\t<div class=\"liner-continer\">\n\t\t\t\t<h4 class=\"woodmart-title-container title  wd-font-weight- wd-fontsize-l\" >Dispositivo The Golden way: para todos los terrenos y todos los niveles<\/h4>\n\t\t\t\t\t\t\t<\/div>\n\t\t\t\n\t\t\t\n\t\t\t\n\t\t<\/div>\n\t\t\n\t\t[vc_row_inner][vc_column_inner width=&#8221;1\/2&#8243;][vc_column_text]Si lo recomendamos es sobre todo porque este dispositivo <a style=\"color: #ff6600; text-decoration: underline;\" href=\"https:\/\/gerdetect.fr\/es\/types-de-detecteur\/metalldetektor\/\">detector de metales<\/a> cuenta con un sistema muy completo. Una vez en tus manos, el dispositivo Golden way te sit\u00faa al mismo nivel que un profesional. As\u00ed, sea cual sea el tipo de suelo, las pepitas y otros metales preciosos no se le escapar\u00e1n. En particular, con su sistema de detecci\u00f3n autom\u00e1tica, el magnetismo del suelo mineralizado no lo afecta. Pero a\u00fan as\u00ed, las condiciones clim\u00e1ticas no supondr\u00e1n ning\u00fan problema gracias a su carcasa impermeable.[\/vc_column_text][\/vc_column_inner][vc_column_inner width=&#8221;1\/2&#8243;][vc_single_image image=&#8221;4679&#8243; img_size=&#8221;medium&#8221; alignment=&#8221;center&#8221;][\/vc_column_inner][\/vc_row_inner][\/vc_column][\/vc_row][vc_row][vc_column][vc_column_text]\n<h2>Un detector de metales de alto rendimiento equipado con un sistema operativo VLF<\/h2>\n<p>De hecho, este detector ha sido probado varias veces en diferentes condiciones alrededor del mundo. Por tanto, es gracias al \u00e9xito de estas pruebas que su dise\u00f1ador garantiza sus prestaciones y versatilidad. En particular, probamos su sistema operativo VLF dise\u00f1ado para realizar b\u00fasquedas en profundidad. Concretamente, en el terreno, este dispositivo de prospecci\u00f3n detecta oro enterrado hasta 3 metros bajo tierra. En cuanto a su precisi\u00f3n, este modelo de detector de oro tambi\u00e9n es considerado uno de los m\u00e1s eficientes. Adem\u00e1s, detecta oro en bruto, pepitas y monedas enterradas m\u00e1s r\u00e1pido que cualquier dispositivo.[\/vc_column_text][\/vc_column][\/vc_row][vc_row][vc_column width=&#8221;1\/2&#8243;][vc_single_image image=&#8221;4680&#8243; img_size=&#8221;medium&#8221; alignment=&#8221;center&#8221;][\/vc_column][vc_column width=&#8221;1\/2&#8243;][vc_column_text]\n<h2>Eficaz para buscar metales preciosos y no preciosos.<\/h2>\n<p>El dispositivo Golden way garantiza su \u00e9xito con dos sistemas operativos. Para la b\u00fasqueda espec\u00edfica de oro y metales preciosos, el detector utiliza el sistema de distinci\u00f3n de metales preciosos. Esta tecnolog\u00eda discierne y rechaza las se\u00f1ales generadas por metales no preciosos. Finalmente, si est\u00e1s realizando un escaneo est\u00e1ndar, opta por el sistema de b\u00fasqueda general. Este \u00faltimo identificar\u00e1 todos los metales preciosos y no preciosos del suelo. Tambi\u00e9n es el sistema de detecci\u00f3n m\u00e1s preciso.[\/vc_column_text][\/vc_column][\/vc_row][vc_row][vc_column]\n\t\t<div id=\"wd-69db908ab7d12\" class=\"title-wrapper wd-wpb set-mb-s reset-last-child  wd-title-color-default wd-title-style-default text-center  wd-underline-colored\">\n\t\t\t\n\t\t\t<div class=\"liner-continer\">\n\t\t\t\t<h4 class=\"woodmart-title-container title  wd-font-weight- wd-fontsize-l\" >Material suministrado con el dispositivo detector Golden way<\/h4>\n\t\t\t\t\t\t\t<\/div>\n\t\t\t\n\t\t\t\n\t\t\t\n\t\t<\/div>\n\t\t\n\t\t[vc_row_inner][vc_column_inner width=&#8221;1\/3&#8243;][vc_single_image image=&#8221;4681&#8243; img_size=&#8221;medium&#8221; add_caption=&#8221;yes&#8221; alignment=&#8221;center&#8221;][\/vc_column_inner][vc_column_inner width=&#8221;1\/3&#8243;][vc_single_image image=&#8221;4682&#8243; img_size=&#8221;medium&#8221; add_caption=&#8221;yes&#8221; alignment=&#8221;center&#8221;][\/vc_column_inner][vc_column_inner width=&#8221;1\/3&#8243;][vc_single_image image=&#8221;4683&#8243; img_size=&#8221;medium&#8221; add_caption=&#8221;yes&#8221; alignment=&#8221;center&#8221;][\/vc_column_inner][\/vc_row_inner][vc_row_inner][vc_column_inner width=&#8221;1\/3&#8243;][vc_single_image image=&#8221;4684&#8243; img_size=&#8221;medium&#8221; add_caption=&#8221;yes&#8221; alignment=&#8221;center&#8221;][\/vc_column_inner][vc_column_inner width=&#8221;1\/3&#8243;][vc_single_image image=&#8221;4685&#8243; img_size=&#8221;medium&#8221; add_caption=&#8221;yes&#8221; alignment=&#8221;center&#8221;][\/vc_column_inner][vc_column_inner width=&#8221;1\/3&#8243;][vc_single_image image=&#8221;4686&#8243; img_size=&#8221;medium&#8221; add_caption=&#8221;yes&#8221; alignment=&#8221;center&#8221;][\/vc_column_inner][\/vc_row_inner][vc_row_inner][vc_column_inner width=&#8221;1\/3&#8243;][vc_single_image image=&#8221;4687&#8243; img_size=&#8221;medium&#8221; add_caption=&#8221;yes&#8221; alignment=&#8221;center&#8221;][\/vc_column_inner][vc_column_inner width=&#8221;1\/3&#8243;][vc_single_image image=&#8221;4688&#8243; img_size=&#8221;medium&#8221; add_caption=&#8221;yes&#8221; alignment=&#8221;center&#8221;][\/vc_column_inner][vc_column_inner width=&#8221;1\/3&#8243;][vc_single_image image=&#8221;4689&#8243; img_size=&#8221;medium&#8221; add_caption=&#8221;yes&#8221; alignment=&#8221;center&#8221;][\/vc_column_inner][\/vc_row_inner][vc_row_inner][vc_column_inner width=&#8221;1\/3&#8243;][vc_single_image image=&#8221;4690&#8243; img_size=&#8221;medium&#8221; add_caption=&#8221;yes&#8221; alignment=&#8221;center&#8221;][\/vc_column_inner][vc_column_inner width=&#8221;1\/3&#8243;][vc_single_image image=&#8221;4691&#8243; img_size=&#8221;medium&#8221; add_caption=&#8221;yes&#8221; alignment=&#8221;center&#8221;][\/vc_column_inner][vc_column_inner width=&#8221;1\/3&#8243;][vc_single_image image=&#8221;4689&#8243; img_size=&#8221;medium&#8221; add_caption=&#8221;yes&#8221; alignment=&#8221;center&#8221;][\/vc_column_inner][\/vc_row_inner][\/vc_column][\/vc_row]\n<\/div>","protected":false},"excerpt":{"rendered":"<h1><b>Golden way Device : efficacit\u00e9, fiabilit\u00e9 et confort d\u2019utilisation en un seul mod\u00e8le<\/b><\/h1>\n<p><span style=\"font-weight: 400;\">D\u00e9butant dans la prospection d\u2019or et de m\u00e9taux ? Commencez votre aventure avec le Golden way device. Il r\u00e9pond efficacement \u00e0 votre besoin de praticit\u00e9 et de performance.   <\/span><\/p>\n","protected":false},"featured_media":2600,"template":"","meta":{"_joinchat":[]},"product_brand":[],"product_cat":[137,134],"product_tag":[170],"class_list":{"0":"post-4693","1":"product","2":"type-product","3":"status-publish","4":"has-post-thumbnail","6":"product_cat-detector-de-metales","7":"product_cat-detector-de-oro","8":"product_tag-gerdetect","10":"first","11":"outofstock","12":"sale","13":"taxable","14":"shipping-taxable","15":"purchasable","16":"product-type-simple"},"yoast_head":"<!-- This site is optimized with the Yoast SEO plugin v26.3 - https:\/\/yoast.com\/wordpress\/plugins\/seo\/ -->\n<title>Dispositivo Golden Way: prospecci\u00f3n de oro simple y precisa<\/title>\n<meta name=\"description\" content=\"\u00bfBusca un detector que se ajuste a sus necesidades? El dispositivo Golden way detecta oro y plata a m\u00e1s de 3 metros de profundidad\" \/>\n<meta name=\"robots\" content=\"index, follow, max-snippet:-1, max-image-preview:large, max-video-preview:-1\" \/>\n<link rel=\"canonical\" href=\"https:\/\/gerdetect.fr\/es\/catalogo-de-detectores-de-metales\/detector-de-oro\/golden-way-device\/\" \/>\n<meta property=\"og:locale\" content=\"es_ES\" \/>\n<meta property=\"og:type\" content=\"article\" \/>\n<meta property=\"og:title\" content=\"Dispositivo Golden Way: prospecci\u00f3n de oro simple y precisa\" \/>\n<meta property=\"og:description\" content=\"\u00bfBusca un detector que se ajuste a sus necesidades? El dispositivo Golden way detecta oro y plata a m\u00e1s de 3 metros de profundidad\" \/>\n<meta property=\"og:url\" content=\"https:\/\/gerdetect.fr\/es\/catalogo-de-detectores-de-metales\/detector-de-oro\/golden-way-device\/\" \/>\n<meta property=\"og:site_name\" content=\"GER DETECT FRANCE\" \/>\n<meta property=\"article:modified_time\" content=\"2026-01-13T10:34:40+00:00\" \/>\n<meta property=\"og:image\" content=\"https:\/\/gerdetect.fr\/wp-content\/uploads\/2021\/01\/DM.-Golden-way-1.jpg\" \/>\n\t<meta property=\"og:image:width\" content=\"664\" \/>\n\t<meta property=\"og:image:height\" content=\"1000\" \/>\n\t<meta property=\"og:image:type\" content=\"image\/jpeg\" \/>\n<meta name=\"twitter:card\" content=\"summary_large_image\" \/>\n<meta name=\"twitter:label1\" content=\"Tiempo de lectura\" \/>\n\t<meta name=\"twitter:data1\" content=\"4 minutos\" \/>\n<script type=\"application\/ld+json\" class=\"yoast-schema-graph\">{\"@context\":\"https:\/\/schema.org\",\"@graph\":[{\"@type\":\"WebPage\",\"@id\":\"https:\/\/gerdetect.fr\/es\/catalogo-de-detectores-de-metales\/detector-de-oro\/golden-way-device\/\",\"url\":\"https:\/\/gerdetect.fr\/es\/catalogo-de-detectores-de-metales\/detector-de-oro\/golden-way-device\/\",\"name\":\"Dispositivo Golden Way: prospecci\u00f3n de oro simple y precisa\",\"isPartOf\":{\"@id\":\"https:\/\/gerdetect.fr\/es\/#website\"},\"primaryImageOfPage\":{\"@id\":\"https:\/\/gerdetect.fr\/es\/catalogo-de-detectores-de-metales\/detector-de-oro\/golden-way-device\/#primaryimage\"},\"image\":{\"@id\":\"https:\/\/gerdetect.fr\/es\/catalogo-de-detectores-de-metales\/detector-de-oro\/golden-way-device\/#primaryimage\"},\"thumbnailUrl\":\"https:\/\/gerdetect.fr\/wp-content\/uploads\/2021\/01\/DM.-Golden-way-1.jpg\",\"datePublished\":\"2021-01-13T09:15:08+00:00\",\"dateModified\":\"2026-01-13T10:34:40+00:00\",\"description\":\"\u00bfBusca un detector que se ajuste a sus necesidades? El dispositivo Golden way detecta oro y plata a m\u00e1s de 3 metros de profundidad\",\"breadcrumb\":{\"@id\":\"https:\/\/gerdetect.fr\/es\/catalogo-de-detectores-de-metales\/detector-de-oro\/golden-way-device\/#breadcrumb\"},\"inLanguage\":\"es\",\"potentialAction\":[{\"@type\":\"ReadAction\",\"target\":[\"https:\/\/gerdetect.fr\/es\/catalogo-de-detectores-de-metales\/detector-de-oro\/golden-way-device\/\"]}]},{\"@type\":\"ImageObject\",\"inLanguage\":\"es\",\"@id\":\"https:\/\/gerdetect.fr\/es\/catalogo-de-detectores-de-metales\/detector-de-oro\/golden-way-device\/#primaryimage\",\"url\":\"https:\/\/gerdetect.fr\/wp-content\/uploads\/2021\/01\/DM.-Golden-way-1.jpg\",\"contentUrl\":\"https:\/\/gerdetect.fr\/wp-content\/uploads\/2021\/01\/DM.-Golden-way-1.jpg\",\"width\":664,\"height\":1000,\"caption\":\"Golden way device\"},{\"@type\":\"BreadcrumbList\",\"@id\":\"https:\/\/gerdetect.fr\/es\/catalogo-de-detectores-de-metales\/detector-de-oro\/golden-way-device\/#breadcrumb\",\"itemListElement\":[{\"@type\":\"ListItem\",\"position\":1,\"name\":\"Accueil\",\"item\":\"https:\/\/gerdetect.fr\/es\/\"},{\"@type\":\"ListItem\",\"position\":2,\"name\":\"Tienda\",\"item\":\"https:\/\/gerdetect.fr\/es\/tienda\/\"},{\"@type\":\"ListItem\",\"position\":3,\"name\":\"Golden way device\"}]},{\"@type\":\"WebSite\",\"@id\":\"https:\/\/gerdetect.fr\/es\/#website\",\"url\":\"https:\/\/gerdetect.fr\/es\/\",\"name\":\"GER DETECT FRANCE\",\"description\":\"D\u00e9tecteur de m\u00e9taux, d&#039;or, diamants, d&#039;eau souterraine, radar de sol | Lille, Paris\",\"potentialAction\":[{\"@type\":\"SearchAction\",\"target\":{\"@type\":\"EntryPoint\",\"urlTemplate\":\"https:\/\/gerdetect.fr\/es\/?s={search_term_string}\"},\"query-input\":{\"@type\":\"PropertyValueSpecification\",\"valueRequired\":true,\"valueName\":\"search_term_string\"}}],\"inLanguage\":\"es\"}]}<\/script>\n<!-- \/ Yoast SEO plugin. -->","yoast_head_json":{"title":"Dispositivo Golden Way: prospecci\u00f3n de oro simple y precisa","description":"\u00bfBusca un detector que se ajuste a sus necesidades? El dispositivo Golden way detecta oro y plata a m\u00e1s de 3 metros de profundidad","robots":{"index":"index","follow":"follow","max-snippet":"max-snippet:-1","max-image-preview":"max-image-preview:large","max-video-preview":"max-video-preview:-1"},"canonical":"https:\/\/gerdetect.fr\/es\/catalogo-de-detectores-de-metales\/detector-de-oro\/golden-way-device\/","og_locale":"es_ES","og_type":"article","og_title":"Dispositivo Golden Way: prospecci\u00f3n de oro simple y precisa","og_description":"\u00bfBusca un detector que se ajuste a sus necesidades? El dispositivo Golden way detecta oro y plata a m\u00e1s de 3 metros de profundidad","og_url":"https:\/\/gerdetect.fr\/es\/catalogo-de-detectores-de-metales\/detector-de-oro\/golden-way-device\/","og_site_name":"GER DETECT FRANCE","article_modified_time":"2026-01-13T10:34:40+00:00","og_image":[{"width":664,"height":1000,"url":"https:\/\/gerdetect.fr\/wp-content\/uploads\/2021\/01\/DM.-Golden-way-1.jpg","type":"image\/jpeg"}],"twitter_card":"summary_large_image","twitter_misc":{"Tiempo de lectura":"4 minutos"},"schema":{"@context":"https:\/\/schema.org","@graph":[{"@type":"WebPage","@id":"https:\/\/gerdetect.fr\/es\/catalogo-de-detectores-de-metales\/detector-de-oro\/golden-way-device\/","url":"https:\/\/gerdetect.fr\/es\/catalogo-de-detectores-de-metales\/detector-de-oro\/golden-way-device\/","name":"Dispositivo Golden Way: prospecci\u00f3n de oro simple y precisa","isPartOf":{"@id":"https:\/\/gerdetect.fr\/es\/#website"},"primaryImageOfPage":{"@id":"https:\/\/gerdetect.fr\/es\/catalogo-de-detectores-de-metales\/detector-de-oro\/golden-way-device\/#primaryimage"},"image":{"@id":"https:\/\/gerdetect.fr\/es\/catalogo-de-detectores-de-metales\/detector-de-oro\/golden-way-device\/#primaryimage"},"thumbnailUrl":"https:\/\/gerdetect.fr\/wp-content\/uploads\/2021\/01\/DM.-Golden-way-1.jpg","datePublished":"2021-01-13T09:15:08+00:00","dateModified":"2026-01-13T10:34:40+00:00","description":"\u00bfBusca un detector que se ajuste a sus necesidades? El dispositivo Golden way detecta oro y plata a m\u00e1s de 3 metros de profundidad","breadcrumb":{"@id":"https:\/\/gerdetect.fr\/es\/catalogo-de-detectores-de-metales\/detector-de-oro\/golden-way-device\/#breadcrumb"},"inLanguage":"es","potentialAction":[{"@type":"ReadAction","target":["https:\/\/gerdetect.fr\/es\/catalogo-de-detectores-de-metales\/detector-de-oro\/golden-way-device\/"]}]},{"@type":"ImageObject","inLanguage":"es","@id":"https:\/\/gerdetect.fr\/es\/catalogo-de-detectores-de-metales\/detector-de-oro\/golden-way-device\/#primaryimage","url":"https:\/\/gerdetect.fr\/wp-content\/uploads\/2021\/01\/DM.-Golden-way-1.jpg","contentUrl":"https:\/\/gerdetect.fr\/wp-content\/uploads\/2021\/01\/DM.-Golden-way-1.jpg","width":664,"height":1000,"caption":"Golden way device"},{"@type":"BreadcrumbList","@id":"https:\/\/gerdetect.fr\/es\/catalogo-de-detectores-de-metales\/detector-de-oro\/golden-way-device\/#breadcrumb","itemListElement":[{"@type":"ListItem","position":1,"name":"Accueil","item":"https:\/\/gerdetect.fr\/es\/"},{"@type":"ListItem","position":2,"name":"Tienda","item":"https:\/\/gerdetect.fr\/es\/tienda\/"},{"@type":"ListItem","position":3,"name":"Golden way device"}]},{"@type":"WebSite","@id":"https:\/\/gerdetect.fr\/es\/#website","url":"https:\/\/gerdetect.fr\/es\/","name":"GER DETECT FRANCE","description":"D\u00e9tecteur de m\u00e9taux, d&#039;or, diamants, d&#039;eau souterraine, radar de sol | Lille, Paris","potentialAction":[{"@type":"SearchAction","target":{"@type":"EntryPoint","urlTemplate":"https:\/\/gerdetect.fr\/es\/?s={search_term_string}"},"query-input":{"@type":"PropertyValueSpecification","valueRequired":true,"valueName":"search_term_string"}}],"inLanguage":"es"}]}},"_links":{"self":[{"href":"https:\/\/gerdetect.fr\/es\/wp-json\/wp\/v2\/product\/4693","targetHints":{"allow":["GET"]}}],"collection":[{"href":"https:\/\/gerdetect.fr\/es\/wp-json\/wp\/v2\/product"}],"about":[{"href":"https:\/\/gerdetect.fr\/es\/wp-json\/wp\/v2\/types\/product"}],"wp:featuredmedia":[{"embeddable":true,"href":"https:\/\/gerdetect.fr\/es\/wp-json\/wp\/v2\/media\/2600"}],"wp:attachment":[{"href":"https:\/\/gerdetect.fr\/es\/wp-json\/wp\/v2\/media?parent=4693"}],"wp:term":[{"taxonomy":"product_brand","embeddable":true,"href":"https:\/\/gerdetect.fr\/es\/wp-json\/wp\/v2\/product_brand?post=4693"},{"taxonomy":"product_cat","embeddable":true,"href":"https:\/\/gerdetect.fr\/es\/wp-json\/wp\/v2\/product_cat?post=4693"},{"taxonomy":"product_tag","embeddable":true,"href":"https:\/\/gerdetect.fr\/es\/wp-json\/wp\/v2\/product_tag?post=4693"}],"curies":[{"name":"wp","href":"https:\/\/api.w.org\/{rel}","templated":true}]}}