{"id":4701,"date":"2021-01-13T10:07:30","date_gmt":"2021-01-13T09:07:30","guid":{"rendered":"https:\/\/gerdetect.fr\/catalogue-detecteur-de-metaux\/sin%20categor\u00eda\/uig-pointer\/"},"modified":"2026-02-12T15:22:48","modified_gmt":"2026-02-12T14:22:48","slug":"uig-pointer","status":"publish","type":"product","link":"https:\/\/gerdetect.fr\/es\/catalogo-de-detectores-de-metales\/detector-de-oro\/uig-pointer\/","title":{"rendered":"Uig pointer"},"content":{"rendered":"<div class=\"wpb-content-wrapper\">[vc_row content_placement=&#8221;top&#8221;][vc_column][vc_row_inner][vc_column_inner][vc_column_text]Una de las principales ventajas del Uig Pointer sigue siendo sin duda su ligereza, que le confiere una excelente maniobrabilidad. Adem\u00e1s, gracias a su peso, no sentir\u00e1s ning\u00fan cansancio incluso despu\u00e9s de largas horas de prospecci\u00f3n. Este modelo de detector muy compacto tambi\u00e9n ha sido dise\u00f1ado para todo tipo de suelo. Fabricado por una de las marcas de referencia en dispositivos de detecci\u00f3n, este modelo cuenta con certificaci\u00f3n europea CE. Por lo tanto, con la compra de este detector de pepitas de oro, recibir\u00e1s un certificado de origen adem\u00e1s de una garant\u00eda.   <\/p>\n<p>Al utilizar el detector de metales con puntero Uig, podr\u00e1 conocer de antemano la naturaleza del metal que ha escaneado. De hecho, incluso sabr\u00e1s si tu hallazgo es oro o un metal ferroso.[\/vc_column_text][vc_single_image image=&#8221;4695&#8243; img_size=&#8221;full&#8221; alignment=&#8221;center&#8221;][\/vc_column_inner][\/vc_row_inner][\/vc_column][\/vc_row][vc_row][vc_column]\n\t\t<div id=\"wd-69dba4d025c6f\" class=\"title-wrapper wd-wpb set-mb-s reset-last-child  wd-title-color-default wd-title-style-bordered text-center  wd-underline-colored\">\n\t\t\t\n\t\t\t<div class=\"liner-continer\">\n\t\t\t\t<h4 class=\"woodmart-title-container title  wd-font-weight- wd-fontsize-l\" >Uig Pointer: una colaboraci\u00f3n entre dos marcas reconocidas en detecci\u00f3n<\/h4>\n\t\t\t\t\t\t\t<\/div>\n\t\t\t\n\t\t\t\n\t\t\t\n\t\t<\/div>\n\t\t\n\t\t[vc_row_inner][vc_column_inner width=&#8221;1\/2&#8243;][vc_column_text]Esta capacidad excepcional del Uig Pointer es el resultado de la colaboraci\u00f3n entre la marca<a style=\"color: #ff6600; text-decoration: underline;\" href=\"http:\/\/www.gerdetect.fr\"> GER DETECT<\/a> y UIG DETECTOR. Esto significa que este detector contiene una tecnolog\u00eda de detecci\u00f3n \u00fanica. Esto se ve no s\u00f3lo en su capacidad de discriminaci\u00f3n, sino tambi\u00e9n en su versatilidad.  <\/p>\n<p>Adem\u00e1s, el dispositivo de prospecci\u00f3n sigue siendo eficaz independientemente del tipo de suelo prospectado. Naturalmente, sus dise\u00f1adores tambi\u00e9n han mejorado el lado pr\u00e1ctico del dispositivo. Durante la prospecci\u00f3n, se\u00f1ales sonoras le informar\u00e1n del hallazgo. De hecho, escuchar\u00e1s un sonido espec\u00edfico para la detecci\u00f3n de metales y otro sonido \u00fanico si se trata de pepitas de oro.[\/vc_column_text][\/vc_column_inner][vc_column_inner width=&#8221;1\/2&#8243;][vc_single_image image=&#8221;4696&#8243; img_size=&#8221;medium&#8221;][\/vc_column_inner][\/vc_row_inner][\/vc_column][\/vc_row][vc_row][vc_column][vc_column_text]\n<h2><b>Las caracter\u00edsticas del puntero Uig<\/b><\/h2>\n<p><span style=\"font-weight: 400;\">El puntero Uig no s\u00f3lo est\u00e1 dirigido a buscadores experimentados, sino tambi\u00e9n a aquellos que empiezan a interesarse por esta pr\u00e1ctica. Es por esto que este equipo de detecci\u00f3n cuenta con una interfaz de control f\u00e1cil de usar. En concreto, 4 botones son suficientes para dominarlo. El primero se utiliza para la alimentaci\u00f3n, el segundo para la alerta vibratoria, la iluminaci\u00f3n y finalmente el bot\u00f3n de calibraci\u00f3n.   <\/span><\/p>\n<p><span style=\"font-weight: 400;\">El \u00faltimo bot\u00f3n le permite ajustar los par\u00e1metros de b\u00fasqueda para encuestas muy profundas. Porque, de hecho, este detector puede sondear el suelo a varios metros de profundidad. <\/span><\/p>\n<p><span style=\"font-weight: 400;\">En definitiva, un dispositivo de detecci\u00f3n ergon\u00f3mico y eficaz.<\/span>[\/vc_column_text][\/vc_column][\/vc_row][vc_row][vc_column]\n\t\t<div id=\"wd-69dba4d025ce8\" class=\"title-wrapper wd-wpb set-mb-s reset-last-child  wd-title-color-default wd-title-style-default text-center  wd-underline-colored\">\n\t\t\t\n\t\t\t<div class=\"liner-continer\">\n\t\t\t\t<h4 class=\"woodmart-title-container title  wd-font-weight- wd-fontsize-l\" >el detector <\/h4>\n\t\t\t\t\t\t\t<\/div>\n\t\t\t\n\t\t\t\n\t\t\t\n\t\t<\/div>\n\t\t\n\t\t[vc_row_inner][vc_column_inner width=&#8221;1\/4&#8243;][vc_single_image image=&#8221;4697&#8243; img_size=&#8221;medium&#8221; add_caption=&#8221;yes&#8221; alignment=&#8221;center&#8221;][\/vc_column_inner][vc_column_inner width=&#8221;1\/4&#8243;][vc_single_image image=&#8221;4698&#8243; img_size=&#8221;medium&#8221; add_caption=&#8221;yes&#8221; alignment=&#8221;center&#8221;][\/vc_column_inner][vc_column_inner width=&#8221;1\/4&#8243;][vc_single_image image=&#8221;4699&#8243; img_size=&#8221;medium&#8221; add_caption=&#8221;yes&#8221; alignment=&#8221;center&#8221;][\/vc_column_inner][vc_column_inner width=&#8221;1\/4&#8243;][vc_single_image image=&#8221;4700&#8243; img_size=&#8221;medium&#8221; add_caption=&#8221;yes&#8221; alignment=&#8221;center&#8221;][\/vc_column_inner][\/vc_row_inner][\/vc_column][\/vc_row]\n<\/div>","protected":false},"excerpt":{"rendered":"<h1>El detector de metales preciosos y no preciosos, puntero Uig.<\/h1>\n<p>El modelo de dispositivo de detecci\u00f3n de metales con puntero Uig tiene una precisi\u00f3n notable. De hecho, tiene la capacidad de distinguir metales simples de metales preciosos, en todos los niveles de profundidad. <\/p>\n","protected":false},"featured_media":2617,"template":"","meta":{"_joinchat":[]},"product_brand":[],"product_cat":[136,137,134],"product_tag":[170],"class_list":{"0":"post-4701","1":"product","2":"type-product","3":"status-publish","4":"has-post-thumbnail","6":"product_cat-detector-de-diamantes-y-gemas","7":"product_cat-detector-de-metales","8":"product_cat-detector-de-oro","9":"product_tag-gerdetect","11":"first","12":"outofstock","13":"taxable","14":"shipping-taxable","15":"purchasable","16":"product-type-simple"},"yoast_head":"<!-- This site is optimized with the Yoast SEO plugin v26.3 - https:\/\/yoast.com\/wordpress\/plugins\/seo\/ -->\n<title>Uig Pointer: detector de alta precisi\u00f3n para b\u00fasquedas profundas<\/title>\n<meta name=\"description\" content=\"\u00bfEst\u00e1s buscando el mejor detector de oro del momento? Uig Pointer detecta pepitas de oro, dep\u00f3sitos de hierro y todos los dem\u00e1s metales.\" \/>\n<meta name=\"robots\" content=\"index, follow, max-snippet:-1, max-image-preview:large, max-video-preview:-1\" \/>\n<link rel=\"canonical\" href=\"https:\/\/gerdetect.fr\/es\/catalogo-de-detectores-de-metales\/detector-de-oro\/uig-pointer\/\" \/>\n<meta property=\"og:locale\" content=\"es_ES\" \/>\n<meta property=\"og:type\" content=\"article\" \/>\n<meta property=\"og:title\" content=\"Uig Pointer: detector de alta precisi\u00f3n para b\u00fasquedas profundas\" \/>\n<meta property=\"og:description\" content=\"\u00bfEst\u00e1s buscando el mejor detector de oro del momento? Uig Pointer detecta pepitas de oro, dep\u00f3sitos de hierro y todos los dem\u00e1s metales.\" \/>\n<meta property=\"og:url\" content=\"https:\/\/gerdetect.fr\/es\/catalogo-de-detectores-de-metales\/detector-de-oro\/uig-pointer\/\" \/>\n<meta property=\"og:site_name\" content=\"GER DETECT FRANCE\" \/>\n<meta property=\"article:modified_time\" content=\"2026-02-12T14:22:48+00:00\" \/>\n<meta property=\"og:image\" content=\"https:\/\/gerdetect.fr\/wp-content\/uploads\/2021\/01\/uig-pointer-devcie-pinpointer.jpg\" \/>\n\t<meta property=\"og:image:width\" content=\"360\" \/>\n\t<meta property=\"og:image:height\" content=\"360\" \/>\n\t<meta property=\"og:image:type\" content=\"image\/jpeg\" \/>\n<meta name=\"twitter:card\" content=\"summary_large_image\" \/>\n<meta name=\"twitter:label1\" content=\"Tiempo de lectura\" \/>\n\t<meta name=\"twitter:data1\" content=\"3 minutos\" \/>\n<script type=\"application\/ld+json\" class=\"yoast-schema-graph\">{\"@context\":\"https:\/\/schema.org\",\"@graph\":[{\"@type\":\"WebPage\",\"@id\":\"https:\/\/gerdetect.fr\/es\/catalogo-de-detectores-de-metales\/detector-de-oro\/uig-pointer\/\",\"url\":\"https:\/\/gerdetect.fr\/es\/catalogo-de-detectores-de-metales\/detector-de-oro\/uig-pointer\/\",\"name\":\"Uig Pointer: detector de alta precisi\u00f3n para b\u00fasquedas profundas\",\"isPartOf\":{\"@id\":\"https:\/\/gerdetect.fr\/es\/#website\"},\"primaryImageOfPage\":{\"@id\":\"https:\/\/gerdetect.fr\/es\/catalogo-de-detectores-de-metales\/detector-de-oro\/uig-pointer\/#primaryimage\"},\"image\":{\"@id\":\"https:\/\/gerdetect.fr\/es\/catalogo-de-detectores-de-metales\/detector-de-oro\/uig-pointer\/#primaryimage\"},\"thumbnailUrl\":\"https:\/\/gerdetect.fr\/wp-content\/uploads\/2021\/01\/uig-pointer-devcie-pinpointer.jpg\",\"datePublished\":\"2021-01-13T09:07:30+00:00\",\"dateModified\":\"2026-02-12T14:22:48+00:00\",\"description\":\"\u00bfEst\u00e1s buscando el mejor detector de oro del momento? Uig Pointer detecta pepitas de oro, dep\u00f3sitos de hierro y todos los dem\u00e1s metales.\",\"breadcrumb\":{\"@id\":\"https:\/\/gerdetect.fr\/es\/catalogo-de-detectores-de-metales\/detector-de-oro\/uig-pointer\/#breadcrumb\"},\"inLanguage\":\"es\",\"potentialAction\":[{\"@type\":\"ReadAction\",\"target\":[\"https:\/\/gerdetect.fr\/es\/catalogo-de-detectores-de-metales\/detector-de-oro\/uig-pointer\/\"]}]},{\"@type\":\"ImageObject\",\"inLanguage\":\"es\",\"@id\":\"https:\/\/gerdetect.fr\/es\/catalogo-de-detectores-de-metales\/detector-de-oro\/uig-pointer\/#primaryimage\",\"url\":\"https:\/\/gerdetect.fr\/wp-content\/uploads\/2021\/01\/uig-pointer-devcie-pinpointer.jpg\",\"contentUrl\":\"https:\/\/gerdetect.fr\/wp-content\/uploads\/2021\/01\/uig-pointer-devcie-pinpointer.jpg\",\"width\":360,\"height\":360,\"caption\":\"el detector\"},{\"@type\":\"BreadcrumbList\",\"@id\":\"https:\/\/gerdetect.fr\/es\/catalogo-de-detectores-de-metales\/detector-de-oro\/uig-pointer\/#breadcrumb\",\"itemListElement\":[{\"@type\":\"ListItem\",\"position\":1,\"name\":\"Accueil\",\"item\":\"https:\/\/gerdetect.fr\/es\/\"},{\"@type\":\"ListItem\",\"position\":2,\"name\":\"Tienda\",\"item\":\"https:\/\/gerdetect.fr\/es\/tienda\/\"},{\"@type\":\"ListItem\",\"position\":3,\"name\":\"Uig pointer\"}]},{\"@type\":\"WebSite\",\"@id\":\"https:\/\/gerdetect.fr\/es\/#website\",\"url\":\"https:\/\/gerdetect.fr\/es\/\",\"name\":\"GER DETECT FRANCE\",\"description\":\"D\u00e9tecteur de m\u00e9taux, d&#039;or, diamants, d&#039;eau souterraine, radar de sol | Lille, Paris\",\"potentialAction\":[{\"@type\":\"SearchAction\",\"target\":{\"@type\":\"EntryPoint\",\"urlTemplate\":\"https:\/\/gerdetect.fr\/es\/?s={search_term_string}\"},\"query-input\":{\"@type\":\"PropertyValueSpecification\",\"valueRequired\":true,\"valueName\":\"search_term_string\"}}],\"inLanguage\":\"es\"}]}<\/script>\n<!-- \/ Yoast SEO plugin. -->","yoast_head_json":{"title":"Uig Pointer: detector de alta precisi\u00f3n para b\u00fasquedas profundas","description":"\u00bfEst\u00e1s buscando el mejor detector de oro del momento? Uig Pointer detecta pepitas de oro, dep\u00f3sitos de hierro y todos los dem\u00e1s metales.","robots":{"index":"index","follow":"follow","max-snippet":"max-snippet:-1","max-image-preview":"max-image-preview:large","max-video-preview":"max-video-preview:-1"},"canonical":"https:\/\/gerdetect.fr\/es\/catalogo-de-detectores-de-metales\/detector-de-oro\/uig-pointer\/","og_locale":"es_ES","og_type":"article","og_title":"Uig Pointer: detector de alta precisi\u00f3n para b\u00fasquedas profundas","og_description":"\u00bfEst\u00e1s buscando el mejor detector de oro del momento? Uig Pointer detecta pepitas de oro, dep\u00f3sitos de hierro y todos los dem\u00e1s metales.","og_url":"https:\/\/gerdetect.fr\/es\/catalogo-de-detectores-de-metales\/detector-de-oro\/uig-pointer\/","og_site_name":"GER DETECT FRANCE","article_modified_time":"2026-02-12T14:22:48+00:00","og_image":[{"width":360,"height":360,"url":"https:\/\/gerdetect.fr\/wp-content\/uploads\/2021\/01\/uig-pointer-devcie-pinpointer.jpg","type":"image\/jpeg"}],"twitter_card":"summary_large_image","twitter_misc":{"Tiempo de lectura":"3 minutos"},"schema":{"@context":"https:\/\/schema.org","@graph":[{"@type":"WebPage","@id":"https:\/\/gerdetect.fr\/es\/catalogo-de-detectores-de-metales\/detector-de-oro\/uig-pointer\/","url":"https:\/\/gerdetect.fr\/es\/catalogo-de-detectores-de-metales\/detector-de-oro\/uig-pointer\/","name":"Uig Pointer: detector de alta precisi\u00f3n para b\u00fasquedas profundas","isPartOf":{"@id":"https:\/\/gerdetect.fr\/es\/#website"},"primaryImageOfPage":{"@id":"https:\/\/gerdetect.fr\/es\/catalogo-de-detectores-de-metales\/detector-de-oro\/uig-pointer\/#primaryimage"},"image":{"@id":"https:\/\/gerdetect.fr\/es\/catalogo-de-detectores-de-metales\/detector-de-oro\/uig-pointer\/#primaryimage"},"thumbnailUrl":"https:\/\/gerdetect.fr\/wp-content\/uploads\/2021\/01\/uig-pointer-devcie-pinpointer.jpg","datePublished":"2021-01-13T09:07:30+00:00","dateModified":"2026-02-12T14:22:48+00:00","description":"\u00bfEst\u00e1s buscando el mejor detector de oro del momento? Uig Pointer detecta pepitas de oro, dep\u00f3sitos de hierro y todos los dem\u00e1s metales.","breadcrumb":{"@id":"https:\/\/gerdetect.fr\/es\/catalogo-de-detectores-de-metales\/detector-de-oro\/uig-pointer\/#breadcrumb"},"inLanguage":"es","potentialAction":[{"@type":"ReadAction","target":["https:\/\/gerdetect.fr\/es\/catalogo-de-detectores-de-metales\/detector-de-oro\/uig-pointer\/"]}]},{"@type":"ImageObject","inLanguage":"es","@id":"https:\/\/gerdetect.fr\/es\/catalogo-de-detectores-de-metales\/detector-de-oro\/uig-pointer\/#primaryimage","url":"https:\/\/gerdetect.fr\/wp-content\/uploads\/2021\/01\/uig-pointer-devcie-pinpointer.jpg","contentUrl":"https:\/\/gerdetect.fr\/wp-content\/uploads\/2021\/01\/uig-pointer-devcie-pinpointer.jpg","width":360,"height":360,"caption":"el detector"},{"@type":"BreadcrumbList","@id":"https:\/\/gerdetect.fr\/es\/catalogo-de-detectores-de-metales\/detector-de-oro\/uig-pointer\/#breadcrumb","itemListElement":[{"@type":"ListItem","position":1,"name":"Accueil","item":"https:\/\/gerdetect.fr\/es\/"},{"@type":"ListItem","position":2,"name":"Tienda","item":"https:\/\/gerdetect.fr\/es\/tienda\/"},{"@type":"ListItem","position":3,"name":"Uig pointer"}]},{"@type":"WebSite","@id":"https:\/\/gerdetect.fr\/es\/#website","url":"https:\/\/gerdetect.fr\/es\/","name":"GER DETECT FRANCE","description":"D\u00e9tecteur de m\u00e9taux, d&#039;or, diamants, d&#039;eau souterraine, radar de sol | Lille, Paris","potentialAction":[{"@type":"SearchAction","target":{"@type":"EntryPoint","urlTemplate":"https:\/\/gerdetect.fr\/es\/?s={search_term_string}"},"query-input":{"@type":"PropertyValueSpecification","valueRequired":true,"valueName":"search_term_string"}}],"inLanguage":"es"}]}},"_links":{"self":[{"href":"https:\/\/gerdetect.fr\/es\/wp-json\/wp\/v2\/product\/4701","targetHints":{"allow":["GET"]}}],"collection":[{"href":"https:\/\/gerdetect.fr\/es\/wp-json\/wp\/v2\/product"}],"about":[{"href":"https:\/\/gerdetect.fr\/es\/wp-json\/wp\/v2\/types\/product"}],"wp:featuredmedia":[{"embeddable":true,"href":"https:\/\/gerdetect.fr\/es\/wp-json\/wp\/v2\/media\/2617"}],"wp:attachment":[{"href":"https:\/\/gerdetect.fr\/es\/wp-json\/wp\/v2\/media?parent=4701"}],"wp:term":[{"taxonomy":"product_brand","embeddable":true,"href":"https:\/\/gerdetect.fr\/es\/wp-json\/wp\/v2\/product_brand?post=4701"},{"taxonomy":"product_cat","embeddable":true,"href":"https:\/\/gerdetect.fr\/es\/wp-json\/wp\/v2\/product_cat?post=4701"},{"taxonomy":"product_tag","embeddable":true,"href":"https:\/\/gerdetect.fr\/es\/wp-json\/wp\/v2\/product_tag?post=4701"}],"curies":[{"name":"wp","href":"https:\/\/api.w.org\/{rel}","templated":true}]}}