{"id":4706,"date":"2020-11-05T16:20:01","date_gmt":"2020-11-05T15:20:01","guid":{"rendered":"https:\/\/gerdetect.fr\/catalogue-detecteur-de-metaux\/sin%20categor\u00eda\/easy-way-smart\/"},"modified":"2026-02-12T14:58:04","modified_gmt":"2026-02-12T13:58:04","slug":"easy-way-smart","status":"publish","type":"product","link":"https:\/\/gerdetect.fr\/es\/catalogo-de-detectores-de-metales\/detector-de-oro\/easy-way-smart\/","title":{"rendered":"Easy Way Smart"},"content":{"rendered":"<div class=\"wpb-content-wrapper\">[vc_row content_placement=&#8221;top&#8221;][vc_column][vc_row_inner][vc_column_inner][vc_column_text]<span style=\"font-weight: 400;\">El nuevo detector Easy Way Smart de Ger Detect puede verse como una mejora del Easy Way Plus. Sin embargo, el \u00faltimo dispositivo de prospecci\u00f3n de la marca est\u00e1 muy por delante de su predecesor. De hecho, refleja el equilibrio perfecto entre rendimiento y ergonom\u00eda. Su dise\u00f1o simplificado contiene un radar de alto rendimiento que incorpora los \u00faltimos avances en tecnolog\u00eda de detecci\u00f3n. Actualmente, sigue siendo el mejor dispositivo de detecci\u00f3n recomendado por buscadores profesionales.    <\/span>[\/vc_column_text][vc_single_image image=&#8221;4704&#8243; img_size=&#8221;full&#8221; alignment=&#8221;right&#8221;][\/vc_column_inner][\/vc_row_inner][\/vc_column][\/vc_row][vc_row][vc_column]\n\t\t<div id=\"wd-69db908578f71\" class=\"title-wrapper wd-wpb set-mb-s reset-last-child  wd-title-color-default wd-title-style-bordered text-center  wd-underline-colored\">\n\t\t\t\n\t\t\t<div class=\"liner-continer\">\n\t\t\t\t<h4 class=\"woodmart-title-container title  wd-font-weight- wd-fontsize-l\" >Detecci\u00f3n y precisi\u00f3n de largo alcance<\/h4>\n\t\t\t\t\t\t\t<\/div>\n\t\t\t\n\t\t\t\n\t\t\t\n\t\t<\/div>\n\t\t\n\t\t[vc_row_inner][vc_column_inner width=&#8221;1\/2&#8243;][vc_column_text]<span style=\"font-weight: 400;\">Cuando se utilizan detectores tradicionales, hay que cubrir el terreno gradualmente antes de tener una pista. Despu\u00e9s de eso, a\u00fan deber\u00e1 realizar varios escaneos para asegurarse de que haya un objetivo. Con Easy Way Smart y su sistema de largo alcance, puedes escanear 2000 metros cuadrados de una sola vez. Porque efectivamente, este dispositivo de detecci\u00f3n emite potentes ondas a trav\u00e9s de sus antenas en un radio de 500 metros. De esta forma no perder\u00e1s tiempo ya que prospectar\u00e1s cada pieza m\u00e1s r\u00e1pidamente. Una vez que reciba una se\u00f1al positiva, puede comenzar la localizaci\u00f3n.      <\/span><\/p>\n<p><span style=\"font-weight: 400;\">En este sentido, este modelo de la marca <a style=\"color: #ff6600; text-decoration: underline;\" href=\"http:\/\/www.gerdetect.fr\">Ger Detect<\/a> alcanza grandes profundidades con sus ondas. En la pr\u00e1ctica, puede detectar un objeto hasta 18 metros bajo la superficie. <\/span>[\/vc_column_text][\/vc_column_inner][vc_column_inner width=&#8221;1\/2&#8243;][vc_single_image image=&#8221;3058&#8243; img_size=&#8221;medium&#8221;][\/vc_column_inner][\/vc_row_inner][\/vc_column][\/vc_row][vc_row][vc_column][vc_column_text]\n<h2><b>F\u00e1cil y inteligente: un potente sistema de im\u00e1genes 3D<\/b><\/h2>\n<p><span style=\"font-weight: 400;\">Actualmente, pocos dispositivos de detecci\u00f3n cuentan con tecnolog\u00eda 3D. Sin embargo, el dispositivo Ger Detect m\u00e1s peque\u00f1o ya est\u00e1 equipado con este sistema. Esta es tambi\u00e9n una de las razones por las que este modelo es uno de los m\u00e1s fiables. De hecho, una vez en el campo, las im\u00e1genes en 3D evitan que se cometan errores de ubicaci\u00f3n. Porque, de hecho, puedes ver el objetivo e incluso conocer su forma, su naturaleza y su profundidad. Es decir, gracias a este sistema ya no excavar\u00e1s al azar. Adem\u00e1s, ya no perder\u00e1 el tiempo excavando en busca de chatarra u otros hallazgos de bajo valor.      <\/span>[\/vc_column_text][\/vc_column][\/vc_row]\n<\/div>","protected":false},"excerpt":{"rendered":"<h1><b>Easy way smart: innovaci\u00f3n t\u00e9cnica en un solo detector de metales<\/b><\/h1>\n<p>\u00bfEst\u00e1s buscando un detector potente, eficiente e inteligente? \u00a1Encontrar\u00e1s lo que buscas con el nuevo detector inteligente Easy way! <\/p>\n","protected":false},"featured_media":4705,"template":"","meta":{"_joinchat":[]},"product_brand":[],"product_cat":[135,137,134,138],"product_tag":[170],"class_list":{"0":"post-4706","1":"product","2":"type-product","3":"status-publish","4":"has-post-thumbnail","6":"product_cat-detector-de-cavidades","7":"product_cat-detector-de-metales","8":"product_cat-detector-de-oro","9":"product_cat-radar-de-suelo","10":"product_tag-gerdetect","12":"first","13":"instock","14":"sale","15":"taxable","16":"shipping-taxable","17":"purchasable","18":"product-type-simple"},"yoast_head":"<!-- This site is optimized with the Yoast SEO plugin v26.3 - https:\/\/yoast.com\/wordpress\/plugins\/seo\/ -->\n<title>Easy way smart: detector entre los m\u00e1s inteligentes<\/title>\n<meta name=\"description\" content=\"Potencia tu prospecci\u00f3n gracias a los sistemas de detecci\u00f3n inteligentes del detector inteligente Easy way y su poder de detecci\u00f3n\" \/>\n<meta name=\"robots\" content=\"index, follow, max-snippet:-1, max-image-preview:large, max-video-preview:-1\" \/>\n<link rel=\"canonical\" href=\"https:\/\/gerdetect.fr\/es\/catalogo-de-detectores-de-metales\/detector-de-oro\/easy-way-smart\/\" \/>\n<meta property=\"og:locale\" content=\"es_ES\" \/>\n<meta property=\"og:type\" content=\"article\" \/>\n<meta property=\"og:title\" content=\"Easy way smart: detector entre los m\u00e1s inteligentes\" \/>\n<meta property=\"og:description\" content=\"Potencia tu prospecci\u00f3n gracias a los sistemas de detecci\u00f3n inteligentes del detector inteligente Easy way y su poder de detecci\u00f3n\" \/>\n<meta property=\"og:url\" content=\"https:\/\/gerdetect.fr\/es\/catalogo-de-detectores-de-metales\/detector-de-oro\/easy-way-smart\/\" \/>\n<meta property=\"og:site_name\" content=\"GER DETECT FRANCE\" \/>\n<meta property=\"article:modified_time\" content=\"2026-02-12T13:58:04+00:00\" \/>\n<meta property=\"og:image\" content=\"https:\/\/gerdetect.fr\/wp-content\/uploads\/2020\/11\/easy-way-smart-dual-system-device-homepage.png\" \/>\n\t<meta property=\"og:image:width\" content=\"1262\" \/>\n\t<meta property=\"og:image:height\" content=\"1075\" \/>\n\t<meta property=\"og:image:type\" content=\"image\/png\" \/>\n<meta name=\"twitter:card\" content=\"summary_large_image\" \/>\n<meta name=\"twitter:label1\" content=\"Tiempo de lectura\" \/>\n\t<meta name=\"twitter:data1\" content=\"2 minutos\" \/>\n<script type=\"application\/ld+json\" class=\"yoast-schema-graph\">{\"@context\":\"https:\/\/schema.org\",\"@graph\":[{\"@type\":\"WebPage\",\"@id\":\"https:\/\/gerdetect.fr\/es\/catalogo-de-detectores-de-metales\/detector-de-oro\/easy-way-smart\/\",\"url\":\"https:\/\/gerdetect.fr\/es\/catalogo-de-detectores-de-metales\/detector-de-oro\/easy-way-smart\/\",\"name\":\"Easy way smart: detector entre los m\u00e1s inteligentes\",\"isPartOf\":{\"@id\":\"https:\/\/gerdetect.fr\/es\/#website\"},\"primaryImageOfPage\":{\"@id\":\"https:\/\/gerdetect.fr\/es\/catalogo-de-detectores-de-metales\/detector-de-oro\/easy-way-smart\/#primaryimage\"},\"image\":{\"@id\":\"https:\/\/gerdetect.fr\/es\/catalogo-de-detectores-de-metales\/detector-de-oro\/easy-way-smart\/#primaryimage\"},\"thumbnailUrl\":\"https:\/\/gerdetect.fr\/wp-content\/uploads\/2020\/11\/easy-way-smart-dual-system-device-homepage.png\",\"datePublished\":\"2020-11-05T15:20:01+00:00\",\"dateModified\":\"2026-02-12T13:58:04+00:00\",\"description\":\"Potencia tu prospecci\u00f3n gracias a los sistemas de detecci\u00f3n inteligentes del detector inteligente Easy way y su poder de detecci\u00f3n\",\"breadcrumb\":{\"@id\":\"https:\/\/gerdetect.fr\/es\/catalogo-de-detectores-de-metales\/detector-de-oro\/easy-way-smart\/#breadcrumb\"},\"inLanguage\":\"es\",\"potentialAction\":[{\"@type\":\"ReadAction\",\"target\":[\"https:\/\/gerdetect.fr\/es\/catalogo-de-detectores-de-metales\/detector-de-oro\/easy-way-smart\/\"]}]},{\"@type\":\"ImageObject\",\"inLanguage\":\"es\",\"@id\":\"https:\/\/gerdetect.fr\/es\/catalogo-de-detectores-de-metales\/detector-de-oro\/easy-way-smart\/#primaryimage\",\"url\":\"https:\/\/gerdetect.fr\/wp-content\/uploads\/2020\/11\/easy-way-smart-dual-system-device-homepage.png\",\"contentUrl\":\"https:\/\/gerdetect.fr\/wp-content\/uploads\/2020\/11\/easy-way-smart-dual-system-device-homepage.png\",\"width\":1262,\"height\":1075},{\"@type\":\"BreadcrumbList\",\"@id\":\"https:\/\/gerdetect.fr\/es\/catalogo-de-detectores-de-metales\/detector-de-oro\/easy-way-smart\/#breadcrumb\",\"itemListElement\":[{\"@type\":\"ListItem\",\"position\":1,\"name\":\"Accueil\",\"item\":\"https:\/\/gerdetect.fr\/es\/\"},{\"@type\":\"ListItem\",\"position\":2,\"name\":\"Tienda\",\"item\":\"https:\/\/gerdetect.fr\/es\/tienda\/\"},{\"@type\":\"ListItem\",\"position\":3,\"name\":\"Easy Way Smart\"}]},{\"@type\":\"WebSite\",\"@id\":\"https:\/\/gerdetect.fr\/es\/#website\",\"url\":\"https:\/\/gerdetect.fr\/es\/\",\"name\":\"GER DETECT FRANCE\",\"description\":\"D\u00e9tecteur de m\u00e9taux, d&#039;or, diamants, d&#039;eau souterraine, radar de sol | Lille, Paris\",\"potentialAction\":[{\"@type\":\"SearchAction\",\"target\":{\"@type\":\"EntryPoint\",\"urlTemplate\":\"https:\/\/gerdetect.fr\/es\/?s={search_term_string}\"},\"query-input\":{\"@type\":\"PropertyValueSpecification\",\"valueRequired\":true,\"valueName\":\"search_term_string\"}}],\"inLanguage\":\"es\"}]}<\/script>\n<!-- \/ Yoast SEO plugin. -->","yoast_head_json":{"title":"Easy way smart: detector entre los m\u00e1s inteligentes","description":"Potencia tu prospecci\u00f3n gracias a los sistemas de detecci\u00f3n inteligentes del detector inteligente Easy way y su poder de detecci\u00f3n","robots":{"index":"index","follow":"follow","max-snippet":"max-snippet:-1","max-image-preview":"max-image-preview:large","max-video-preview":"max-video-preview:-1"},"canonical":"https:\/\/gerdetect.fr\/es\/catalogo-de-detectores-de-metales\/detector-de-oro\/easy-way-smart\/","og_locale":"es_ES","og_type":"article","og_title":"Easy way smart: detector entre los m\u00e1s inteligentes","og_description":"Potencia tu prospecci\u00f3n gracias a los sistemas de detecci\u00f3n inteligentes del detector inteligente Easy way y su poder de detecci\u00f3n","og_url":"https:\/\/gerdetect.fr\/es\/catalogo-de-detectores-de-metales\/detector-de-oro\/easy-way-smart\/","og_site_name":"GER DETECT FRANCE","article_modified_time":"2026-02-12T13:58:04+00:00","og_image":[{"width":1262,"height":1075,"url":"https:\/\/gerdetect.fr\/wp-content\/uploads\/2020\/11\/easy-way-smart-dual-system-device-homepage.png","type":"image\/png"}],"twitter_card":"summary_large_image","twitter_misc":{"Tiempo de lectura":"2 minutos"},"schema":{"@context":"https:\/\/schema.org","@graph":[{"@type":"WebPage","@id":"https:\/\/gerdetect.fr\/es\/catalogo-de-detectores-de-metales\/detector-de-oro\/easy-way-smart\/","url":"https:\/\/gerdetect.fr\/es\/catalogo-de-detectores-de-metales\/detector-de-oro\/easy-way-smart\/","name":"Easy way smart: detector entre los m\u00e1s inteligentes","isPartOf":{"@id":"https:\/\/gerdetect.fr\/es\/#website"},"primaryImageOfPage":{"@id":"https:\/\/gerdetect.fr\/es\/catalogo-de-detectores-de-metales\/detector-de-oro\/easy-way-smart\/#primaryimage"},"image":{"@id":"https:\/\/gerdetect.fr\/es\/catalogo-de-detectores-de-metales\/detector-de-oro\/easy-way-smart\/#primaryimage"},"thumbnailUrl":"https:\/\/gerdetect.fr\/wp-content\/uploads\/2020\/11\/easy-way-smart-dual-system-device-homepage.png","datePublished":"2020-11-05T15:20:01+00:00","dateModified":"2026-02-12T13:58:04+00:00","description":"Potencia tu prospecci\u00f3n gracias a los sistemas de detecci\u00f3n inteligentes del detector inteligente Easy way y su poder de detecci\u00f3n","breadcrumb":{"@id":"https:\/\/gerdetect.fr\/es\/catalogo-de-detectores-de-metales\/detector-de-oro\/easy-way-smart\/#breadcrumb"},"inLanguage":"es","potentialAction":[{"@type":"ReadAction","target":["https:\/\/gerdetect.fr\/es\/catalogo-de-detectores-de-metales\/detector-de-oro\/easy-way-smart\/"]}]},{"@type":"ImageObject","inLanguage":"es","@id":"https:\/\/gerdetect.fr\/es\/catalogo-de-detectores-de-metales\/detector-de-oro\/easy-way-smart\/#primaryimage","url":"https:\/\/gerdetect.fr\/wp-content\/uploads\/2020\/11\/easy-way-smart-dual-system-device-homepage.png","contentUrl":"https:\/\/gerdetect.fr\/wp-content\/uploads\/2020\/11\/easy-way-smart-dual-system-device-homepage.png","width":1262,"height":1075},{"@type":"BreadcrumbList","@id":"https:\/\/gerdetect.fr\/es\/catalogo-de-detectores-de-metales\/detector-de-oro\/easy-way-smart\/#breadcrumb","itemListElement":[{"@type":"ListItem","position":1,"name":"Accueil","item":"https:\/\/gerdetect.fr\/es\/"},{"@type":"ListItem","position":2,"name":"Tienda","item":"https:\/\/gerdetect.fr\/es\/tienda\/"},{"@type":"ListItem","position":3,"name":"Easy Way Smart"}]},{"@type":"WebSite","@id":"https:\/\/gerdetect.fr\/es\/#website","url":"https:\/\/gerdetect.fr\/es\/","name":"GER DETECT FRANCE","description":"D\u00e9tecteur de m\u00e9taux, d&#039;or, diamants, d&#039;eau souterraine, radar de sol | Lille, Paris","potentialAction":[{"@type":"SearchAction","target":{"@type":"EntryPoint","urlTemplate":"https:\/\/gerdetect.fr\/es\/?s={search_term_string}"},"query-input":{"@type":"PropertyValueSpecification","valueRequired":true,"valueName":"search_term_string"}}],"inLanguage":"es"}]}},"_links":{"self":[{"href":"https:\/\/gerdetect.fr\/es\/wp-json\/wp\/v2\/product\/4706","targetHints":{"allow":["GET"]}}],"collection":[{"href":"https:\/\/gerdetect.fr\/es\/wp-json\/wp\/v2\/product"}],"about":[{"href":"https:\/\/gerdetect.fr\/es\/wp-json\/wp\/v2\/types\/product"}],"wp:featuredmedia":[{"embeddable":true,"href":"https:\/\/gerdetect.fr\/es\/wp-json\/wp\/v2\/media\/4705"}],"wp:attachment":[{"href":"https:\/\/gerdetect.fr\/es\/wp-json\/wp\/v2\/media?parent=4706"}],"wp:term":[{"taxonomy":"product_brand","embeddable":true,"href":"https:\/\/gerdetect.fr\/es\/wp-json\/wp\/v2\/product_brand?post=4706"},{"taxonomy":"product_cat","embeddable":true,"href":"https:\/\/gerdetect.fr\/es\/wp-json\/wp\/v2\/product_cat?post=4706"},{"taxonomy":"product_tag","embeddable":true,"href":"https:\/\/gerdetect.fr\/es\/wp-json\/wp\/v2\/product_tag?post=4706"}],"curies":[{"name":"wp","href":"https:\/\/api.w.org\/{rel}","templated":true}]}}