{"id":4728,"date":"2019-09-09T13:37:33","date_gmt":"2019-09-09T11:37:33","guid":{"rendered":"https:\/\/gerdetect.fr\/catalogue-detecteur-de-metaux\/sin%20categor\u00eda\/river-g-3-systemes\/"},"modified":"2026-02-12T15:20:29","modified_gmt":"2026-02-12T14:20:29","slug":"river-g-3-systemes","status":"publish","type":"product","link":"https:\/\/gerdetect.fr\/es\/catalogo-de-detectores-de-metales\/detector-de-agua-subterranea\/river-g-3-systemes\/","title":{"rendered":"R\u00edo G &#8211; 3 sistemas"},"content":{"rendered":"<div class=\"wpb-content-wrapper\">[vc_row][vc_column width=&#8221;1\/2&#8243;][vc_video link=&#8221;https:\/\/www.youtube.com\/watch?v=lR0KkmbGB6E&#8221; title=&#8221;Presentaci\u00f3n R\u00edo G&#8221;][\/vc_column][vc_column width=&#8221;1\/2&#8243;][vc_single_image image=&#8221;4708&#8243; img_size=&#8221;full&#8221; alignment=&#8221;center&#8221;][\/vc_column][\/vc_row][vc_row content_placement=&#8221;top&#8221;][vc_column][vc_row_inner][vc_column_inner]\n\t\t<div id=\"wd-69dba4cfaf732\" class=\"title-wrapper wd-wpb set-mb-s reset-last-child  wd-title-color-alt wd-title-style-bordered text-center  wd-underline-colored\">\n\t\t\t\n\t\t\t<div class=\"liner-continer\">\n\t\t\t\t<h2 class=\"woodmart-title-container title  wd-font-weight- wd-fontsize-l\" >Los 3 sistemas de detecci\u00f3n del detector de agua River G<\/h2>\n\t\t\t\t\t\t\t<\/div>\n\t\t\t\n\t\t\t\n\t\t\t\n\t\t<\/div>\n\t\t\n\t\t[vc_column_text]\n&#13;\n<p>Sistema de im\u00e1genes 3D: Visualizaci\u00f3n 3D del \u00e1rea de investigaci\u00f3n Sistema de investigaci\u00f3n geof\u00edsica: Determina la profundidad de la masa de agua, su cantidad y sus propiedades. Luego, tienes la opci\u00f3n de utilizar la impresora del detector para tener datos en papel. Sistema de detecci\u00f3n de largo alcance: Permite escanear una gran superficie de terreno de una sola vez. Porque, de hecho, el sistema puede escanear 3.000 m\u00b2 y 1.200 metros bajo tierra. Distancia de detecci\u00f3n: una distancia en superficie de 2000 metros y 1200 metros en profundidad. <\/p>&#13;\n[\/vc_column_text][\/vc_column_inner][\/vc_row_inner][vc_row_inner][vc_column_inner width=&#8221;1\/2&#8243;]\n\t\t<div id=\"wd-69dba4cfaf7c7\" class=\"title-wrapper wd-wpb set-mb-s reset-last-child  wd-title-color-alt wd-title-style-bordered text-center  wd-underline-colored\">\n\t\t\t\n\t\t\t<div class=\"liner-continer\">\n\t\t\t\t<h2 class=\"woodmart-title-container title  wd-font-weight- wd-fontsize-l\" >Caracter\u00edsticas del sistema de im\u00e1genes 3D.<\/h2>\n\t\t\t\t\t\t\t<\/div>\n\t\t\t\n\t\t\t\n\t\t\t\n\t\t<\/div>\n\t\t\n\t\t[vc_column_text]\n&#13;\n<p><span style=\"color: #000000;\"><span style=\"font-weight: 400;\">Con este sistema se pueden analizar los resultados de un escaneo en un montaje gr\u00e1fico tridimensional. De este modo, la detecci\u00f3n de agua se realiza de forma m\u00e1s precisa. Tambi\u00e9n puedes obtener las caracter\u00edsticas minerales del agua. Antes de perforar, el detector le indica la ubicaci\u00f3n del objetivo y la profundidad de la bolsa de agua.   <\/span><\/span><\/p>&#13;\n[\/vc_column_text]\n\t\t<div id=\"wd-69dba4cfaf80e\" class=\"title-wrapper wd-wpb set-mb-s reset-last-child  wd-title-color-alt wd-title-style-bordered text-center  wd-underline-colored\">\n\t\t\t\n\t\t\t<div class=\"liner-continer\">\n\t\t\t\t<h2 class=\"woodmart-title-container title  wd-font-weight- wd-fontsize-l\" >Caracter\u00edsticas del sistema de investigaci\u00f3n geof\u00edsica.<\/h2>\n\t\t\t\t\t\t\t<\/div>\n\t\t\t\n\t\t\t\n\t\t\t\n\t\t<\/div>\n\t\t\n\t\t[vc_column_text]\n&#13;\n<p><span style=\"color: #000000;\"><span style=\"font-weight: 400;\">El detector de aguas subterr\u00e1neas River G permite encontrar niveles fre\u00e1ticos en profundidad, gracias a su rendimiento inigualable en esta zona   <\/span><\/span><\/p>&#13;\n[\/vc_column_text][\/vc_column_inner][vc_column_inner width=&#8221;1\/2&#8243;][vc_single_image image=&#8221;4709&#8243; img_size=&#8221;large&#8221; alignment=&#8221;center&#8221;][\/vc_column_inner][\/vc_row_inner][vc_row_inner][vc_column_inner]\n\t\t<div id=\"wd-69dba4cfaf85c\" class=\"title-wrapper wd-wpb set-mb-s reset-last-child  wd-title-color-alt wd-title-style-bordered text-center  wd-underline-colored\">\n\t\t\t\n\t\t\t<div class=\"liner-continer\">\n\t\t\t\t<h2 class=\"woodmart-title-container title  wd-font-weight- wd-fontsize-l\" >Caracter\u00edsticas del sistema de largo alcance<\/h2>\n\t\t\t\t\t\t\t<\/div>\n\t\t\t\n\t\t\t\n\t\t\t\n\t\t<\/div>\n\t\t\n\t\t[vc_column_text]El sistema de largo alcance interviene en b\u00fasquedas en grandes superficies. De hecho, su rendimiento le permite realizar r\u00e1pidamente un escaneo a gran escala. Estas son las caracter\u00edsticas del sistema de largo alcance: -Pantalla t\u00e1ctil con imagen de alta resoluci\u00f3n. -Posibilidad de operar el dispositivo a trav\u00e9s de la pantalla t\u00e1ctil o teclado. -6 idiomas disponibles. -Br\u00fajula digital para una navegaci\u00f3n precisa. -Visualizaci\u00f3n de informaci\u00f3n relativa al terreno. Adem\u00e1s, con este sistema el usuario podr\u00e1 desplazarse con el dispositivo hasta el punto indicado. Adem\u00e1s, al refinar la configuraci\u00f3n, puede proporcionar una coordenada precisa de hasta 1 metro cuadrado.[\/vc_column_text][\/vc_column_inner][\/vc_row_inner][vc_row_inner][vc_column_inner]\n\t\t<div id=\"wd-69dba4cfaf889\" class=\"title-wrapper wd-wpb set-mb-s reset-last-child  wd-title-color-alt wd-title-style-bordered text-center  wd-underline-colored\">\n\t\t\t\n\t\t\t<div class=\"liner-continer\">\n\t\t\t\t<h2 class=\"woodmart-title-container title  wd-font-weight- wd-fontsize-l\" >Especificaciones t\u00e9cnicas del detector River G<\/h2>\n\t\t\t\t\t\t\t<\/div>\n\t\t\t\n\t\t\t\n\t\t\t\n\t\t<\/div>\n\t\t\n\t\t[vc_column_text]\n<ol>\n<li><span style=\"font-weight: 400; color: #000000;\"> Un detector multisistema 3 en 1.<\/span><\/li>\n<li><span style=\"font-weight: 400; color: #000000;\"> Pantalla de 8 pulgadas con funci\u00f3n t\u00e1ctil.<\/span><\/li>\n<li><span style=\"font-weight: 400; color: #000000;\"> Tableta Android dedicada al sistema 3D.<\/span><\/li>\n<li><span style=\"font-weight: 400; color: #000000;\"> Potente tecnolog\u00eda de procesamiento de datos.<\/span><\/li>\n<li><span style=\"font-weight: 400; color: #000000;\"> Impresora incluida en la unidad central para imprimir los datos escaneados de forma inmediata.<\/span><\/li>\n<li><span style=\"font-weight: 400; color: #000000;\"> Pantalla de 4,3 pulgadas dise\u00f1ada para sistema de largo alcance.<\/span><\/li>\n<li><span style=\"font-weight: 400; color: #000000;\"> Detector regulable mediante pantalla t\u00e1ctil y teclado.<\/span><\/li>\n<li><span style=\"font-weight: 400; color: #000000;\"> Idiomas disponibles: Alem\u00e1n &#8211; Ingl\u00e9s &#8211; Franc\u00e9s &#8211; Espa\u00f1ol &#8211; Italiano \u2013 \u00c1rabe<\/span><\/li>\n<li><span style=\"font-weight: 400; color: #000000;\"> Posibilidad de elegir pa\u00eds o continente.<\/span><\/li>\n<li><span style=\"font-weight: 400; color: #000000;\"> Br\u00fajula digital para orientaci\u00f3n.<\/span><\/li>\n<li><span style=\"font-weight: 400; color: #000000;\"> Detector de profundidad.<\/span><\/li>\n<li><span style=\"font-weight: 400; color: #000000;\"> Escaneo de profundidad hasta 1500 metros.<\/span><\/li>\n<li><span style=\"font-weight: 400; color: #000000;\"> Alcance de escaneo lineal de hasta 3000 metros.<\/span><\/li>\n<li><span style=\"font-weight: 400; color: #000000;\"> Identificaci\u00f3n de la naturaleza del suelo seg\u00fan la zona de investigaci\u00f3n.<\/span><\/li>\n<li><span style=\"font-weight: 400; color: #000000;\"> Viene con certificado de origen y viene con una garant\u00eda de 2 a\u00f1os.<\/span><\/li>\n<li><span style=\"font-weight: 400; color: #000000;\"> Peso del detector: 9 kg.<\/span><\/li>\n<li><span style=\"font-weight: 400; color: #000000;\"> Peso de los accesorios: 7 kg.<\/span><\/li>\n<\/ol>\n[\/vc_column_text][\/vc_column_inner][\/vc_row_inner][vc_row_inner][vc_column_inner]\n\t\t<div id=\"wd-69dba4cfaf8b7\" class=\"title-wrapper wd-wpb set-mb-s reset-last-child  wd-title-color-alt wd-title-style-bordered text-center  wd-underline-colored\">\n\t\t\t\n\t\t\t<div class=\"liner-continer\">\n\t\t\t\t<h2 class=\"woodmart-title-container title  wd-font-weight- wd-fontsize-l\" >Accesorios para detectores River G <\/h2>\n\t\t\t\t\t\t\t<\/div>\n\t\t\t\n\t\t\t\n\t\t\t\n\t\t<\/div>\n\t\t\n\t\t[\/vc_column_inner][\/vc_row_inner][\/vc_column][\/vc_row][vc_row][vc_column width=&#8221;1\/3&#8243;][vc_single_image image=&#8221;4710&#8243; img_size=&#8221;medium&#8221; alignment=&#8221;center&#8221; onclick=&#8221;link_image&#8221;][\/vc_column][vc_column width=&#8221;1\/3&#8243;][vc_single_image image=&#8221;4711&#8243; img_size=&#8221;medium&#8221; alignment=&#8221;center&#8221; onclick=&#8221;link_image&#8221;][\/vc_column][vc_column width=&#8221;1\/3&#8243;][vc_single_image image=&#8221;4712&#8243; img_size=&#8221;medium&#8221; alignment=&#8221;center&#8221; onclick=&#8221;link_image&#8221;][\/vc_column][\/vc_row][vc_row][vc_column width=&#8221;1\/3&#8243;][vc_single_image image=&#8221;4713&#8243; img_size=&#8221;medium&#8221; alignment=&#8221;center&#8221; onclick=&#8221;link_image&#8221;][\/vc_column][vc_column width=&#8221;1\/3&#8243;][vc_single_image image=&#8221;4714&#8243; img_size=&#8221;medium&#8221; alignment=&#8221;center&#8221; onclick=&#8221;link_image&#8221;][\/vc_column][vc_column width=&#8221;1\/3&#8243;][vc_single_image image=&#8221;4715&#8243; img_size=&#8221;medium&#8221; alignment=&#8221;center&#8221; onclick=&#8221;link_image&#8221;][\/vc_column][\/vc_row][vc_row][vc_column width=&#8221;1\/3&#8243;][vc_single_image image=&#8221;4716&#8243; img_size=&#8221;medium&#8221; alignment=&#8221;center&#8221; onclick=&#8221;link_image&#8221;][\/vc_column][vc_column width=&#8221;1\/3&#8243;][vc_single_image image=&#8221;4717&#8243; img_size=&#8221;medium&#8221; alignment=&#8221;center&#8221; onclick=&#8221;link_image&#8221;][\/vc_column][vc_column width=&#8221;1\/3&#8243;][vc_single_image image=&#8221;4718&#8243; img_size=&#8221;medium&#8221; alignment=&#8221;center&#8221; onclick=&#8221;link_image&#8221;][\/vc_column][\/vc_row][vc_row][vc_column width=&#8221;1\/3&#8243;][vc_single_image image=&#8221;4719&#8243; img_size=&#8221;medium&#8221; alignment=&#8221;center&#8221; onclick=&#8221;link_image&#8221;][\/vc_column][vc_column width=&#8221;1\/3&#8243;][vc_single_image image=&#8221;4720&#8243; img_size=&#8221;medium&#8221; alignment=&#8221;center&#8221; onclick=&#8221;link_image&#8221;][\/vc_column][vc_column width=&#8221;1\/3&#8243;][vc_single_image image=&#8221;4721&#8243; img_size=&#8221;medium&#8221; alignment=&#8221;center&#8221; onclick=&#8221;link_image&#8221;][\/vc_column][\/vc_row][vc_row][vc_column width=&#8221;1\/3&#8243;][vc_single_image image=&#8221;4722&#8243; img_size=&#8221;medium&#8221; alignment=&#8221;center&#8221; onclick=&#8221;link_image&#8221;][\/vc_column][vc_column width=&#8221;1\/3&#8243;][vc_single_image image=&#8221;4723&#8243; img_size=&#8221;medium&#8221; alignment=&#8221;center&#8221; onclick=&#8221;link_image&#8221;][\/vc_column][vc_column width=&#8221;1\/3&#8243;][vc_single_image image=&#8221;4724&#8243; img_size=&#8221;medium&#8221; alignment=&#8221;center&#8221; onclick=&#8221;link_image&#8221;][\/vc_column][\/vc_row][vc_row][vc_column][vc_column_text] [\/vc_column_text][\/vc_column][\/vc_row]\n[vc_row][vc_column width=&#8221;1\/3&#8243;][vc_single_image image=&#8221;4725&#8243; img_size=&#8221;medium&#8221; alignment=&#8221;center&#8221; onclick=&#8221;link_image&#8221;][\/vc_column][vc_column width=&#8221;1\/3&#8243;][vc_single_image image=&#8221;4726&#8243; img_size=&#8221;medium&#8221; alignment=&#8221;center&#8221; onclick=&#8221;link_image&#8221;][\/vc_column][vc_column width=&#8221;1\/3&#8243;][vc_single_image image=&#8221;4727&#8243; img_size=&#8221;medium&#8221; alignment=&#8221;center&#8221; onclick=&#8221;link_image&#8221;][\/vc_column][\/vc_row]\n<\/div>","protected":false},"excerpt":{"rendered":"<h1><span style=\"color: #000000;\">River G: el detector de aguas subterr\u00e1neas de referencia<\/span><\/h1>\n<p><span style=\"font-weight: 400; color: #000000;\">El RIVER G cuenta con 3 sistemas para asegurar la detecci\u00f3n de agua: un sistema de im\u00e1genes 3D, un sistema de investigaci\u00f3n geof\u00edsica y un sistema de largo alcance. El sistema de largo alcance puede escanear hasta 1.200 metros por delante y 2.000 metros por debajo de la superficie. <\/span><\/p>\n","protected":false},"featured_media":3215,"template":"","meta":{"_joinchat":[]},"product_brand":[],"product_cat":[133],"product_tag":[170],"class_list":{"0":"post-4728","1":"product","2":"type-product","3":"status-publish","4":"has-post-thumbnail","6":"product_cat-detector-de-agua-subterranea","7":"product_tag-gerdetect","9":"first","10":"instock","11":"sale","12":"taxable","13":"shipping-taxable","14":"purchasable","15":"product-type-simple"},"yoast_head":"<!-- This site is optimized with the Yoast SEO plugin v26.3 - https:\/\/yoast.com\/wordpress\/plugins\/seo\/ -->\n<title>River G - El detector de aguas subterr\u00e1neas de referencia<\/title>\n<meta name=\"description\" content=\"El detector de aguas subterr\u00e1neas River G permite encontrar niveles fre\u00e1ticos en profundidad, gracias a su rendimiento inigualable en esta zona\" \/>\n<meta name=\"robots\" content=\"index, follow, max-snippet:-1, max-image-preview:large, max-video-preview:-1\" \/>\n<link rel=\"canonical\" href=\"https:\/\/gerdetect.fr\/es\/catalogo-de-detectores-de-metales\/detector-de-agua-subterranea\/river-g-3-systemes\/\" \/>\n<meta property=\"og:locale\" content=\"es_ES\" \/>\n<meta property=\"og:type\" content=\"article\" \/>\n<meta property=\"og:title\" content=\"River G - El detector de aguas subterr\u00e1neas de referencia\" \/>\n<meta property=\"og:description\" content=\"El detector de aguas subterr\u00e1neas River G permite encontrar niveles fre\u00e1ticos en profundidad, gracias a su rendimiento inigualable en esta zona\" \/>\n<meta property=\"og:url\" content=\"https:\/\/gerdetect.fr\/es\/catalogo-de-detectores-de-metales\/detector-de-agua-subterranea\/river-g-3-systemes\/\" \/>\n<meta property=\"og:site_name\" content=\"GER DETECT FRANCE\" \/>\n<meta property=\"article:modified_time\" content=\"2026-02-12T14:20:29+00:00\" \/>\n<meta property=\"og:image\" content=\"https:\/\/gerdetect.fr\/wp-content\/uploads\/2025\/11\/river-g-WATER-DETECTOR-25.webp\" \/>\n\t<meta property=\"og:image:width\" content=\"1000\" \/>\n\t<meta property=\"og:image:height\" content=\"564\" \/>\n\t<meta property=\"og:image:type\" content=\"image\/webp\" \/>\n<meta name=\"twitter:card\" content=\"summary_large_image\" \/>\n<meta name=\"twitter:label1\" content=\"Tiempo de lectura\" \/>\n\t<meta name=\"twitter:data1\" content=\"5 minutos\" \/>\n<script type=\"application\/ld+json\" class=\"yoast-schema-graph\">{\"@context\":\"https:\/\/schema.org\",\"@graph\":[{\"@type\":\"WebPage\",\"@id\":\"https:\/\/gerdetect.fr\/es\/catalogo-de-detectores-de-metales\/detector-de-agua-subterranea\/river-g-3-systemes\/\",\"url\":\"https:\/\/gerdetect.fr\/es\/catalogo-de-detectores-de-metales\/detector-de-agua-subterranea\/river-g-3-systemes\/\",\"name\":\"River G - El detector de aguas subterr\u00e1neas de referencia\",\"isPartOf\":{\"@id\":\"https:\/\/gerdetect.fr\/es\/#website\"},\"primaryImageOfPage\":{\"@id\":\"https:\/\/gerdetect.fr\/es\/catalogo-de-detectores-de-metales\/detector-de-agua-subterranea\/river-g-3-systemes\/#primaryimage\"},\"image\":{\"@id\":\"https:\/\/gerdetect.fr\/es\/catalogo-de-detectores-de-metales\/detector-de-agua-subterranea\/river-g-3-systemes\/#primaryimage\"},\"thumbnailUrl\":\"https:\/\/gerdetect.fr\/wp-content\/uploads\/2025\/11\/river-g-WATER-DETECTOR-25.webp\",\"datePublished\":\"2019-09-09T11:37:33+00:00\",\"dateModified\":\"2026-02-12T14:20:29+00:00\",\"description\":\"El detector de aguas subterr\u00e1neas River G permite encontrar niveles fre\u00e1ticos en profundidad, gracias a su rendimiento inigualable en esta zona\",\"breadcrumb\":{\"@id\":\"https:\/\/gerdetect.fr\/es\/catalogo-de-detectores-de-metales\/detector-de-agua-subterranea\/river-g-3-systemes\/#breadcrumb\"},\"inLanguage\":\"es\",\"potentialAction\":[{\"@type\":\"ReadAction\",\"target\":[\"https:\/\/gerdetect.fr\/es\/catalogo-de-detectores-de-metales\/detector-de-agua-subterranea\/river-g-3-systemes\/\"]}]},{\"@type\":\"ImageObject\",\"inLanguage\":\"es\",\"@id\":\"https:\/\/gerdetect.fr\/es\/catalogo-de-detectores-de-metales\/detector-de-agua-subterranea\/river-g-3-systemes\/#primaryimage\",\"url\":\"https:\/\/gerdetect.fr\/wp-content\/uploads\/2025\/11\/river-g-WATER-DETECTOR-25.webp\",\"contentUrl\":\"https:\/\/gerdetect.fr\/wp-content\/uploads\/2025\/11\/river-g-WATER-DETECTOR-25.webp\",\"width\":1000,\"height\":564},{\"@type\":\"BreadcrumbList\",\"@id\":\"https:\/\/gerdetect.fr\/es\/catalogo-de-detectores-de-metales\/detector-de-agua-subterranea\/river-g-3-systemes\/#breadcrumb\",\"itemListElement\":[{\"@type\":\"ListItem\",\"position\":1,\"name\":\"Accueil\",\"item\":\"https:\/\/gerdetect.fr\/es\/\"},{\"@type\":\"ListItem\",\"position\":2,\"name\":\"Tienda\",\"item\":\"https:\/\/gerdetect.fr\/es\/tienda\/\"},{\"@type\":\"ListItem\",\"position\":3,\"name\":\"R\u00edo G &#8211; 3 sistemas\"}]},{\"@type\":\"WebSite\",\"@id\":\"https:\/\/gerdetect.fr\/es\/#website\",\"url\":\"https:\/\/gerdetect.fr\/es\/\",\"name\":\"GER DETECT FRANCE\",\"description\":\"D\u00e9tecteur de m\u00e9taux, d&#039;or, diamants, d&#039;eau souterraine, radar de sol | Lille, Paris\",\"potentialAction\":[{\"@type\":\"SearchAction\",\"target\":{\"@type\":\"EntryPoint\",\"urlTemplate\":\"https:\/\/gerdetect.fr\/es\/?s={search_term_string}\"},\"query-input\":{\"@type\":\"PropertyValueSpecification\",\"valueRequired\":true,\"valueName\":\"search_term_string\"}}],\"inLanguage\":\"es\"}]}<\/script>\n<!-- \/ Yoast SEO plugin. -->","yoast_head_json":{"title":"River G - El detector de aguas subterr\u00e1neas de referencia","description":"El detector de aguas subterr\u00e1neas River G permite encontrar niveles fre\u00e1ticos en profundidad, gracias a su rendimiento inigualable en esta zona","robots":{"index":"index","follow":"follow","max-snippet":"max-snippet:-1","max-image-preview":"max-image-preview:large","max-video-preview":"max-video-preview:-1"},"canonical":"https:\/\/gerdetect.fr\/es\/catalogo-de-detectores-de-metales\/detector-de-agua-subterranea\/river-g-3-systemes\/","og_locale":"es_ES","og_type":"article","og_title":"River G - El detector de aguas subterr\u00e1neas de referencia","og_description":"El detector de aguas subterr\u00e1neas River G permite encontrar niveles fre\u00e1ticos en profundidad, gracias a su rendimiento inigualable en esta zona","og_url":"https:\/\/gerdetect.fr\/es\/catalogo-de-detectores-de-metales\/detector-de-agua-subterranea\/river-g-3-systemes\/","og_site_name":"GER DETECT FRANCE","article_modified_time":"2026-02-12T14:20:29+00:00","og_image":[{"width":1000,"height":564,"url":"https:\/\/gerdetect.fr\/wp-content\/uploads\/2025\/11\/river-g-WATER-DETECTOR-25.webp","type":"image\/webp"}],"twitter_card":"summary_large_image","twitter_misc":{"Tiempo de lectura":"5 minutos"},"schema":{"@context":"https:\/\/schema.org","@graph":[{"@type":"WebPage","@id":"https:\/\/gerdetect.fr\/es\/catalogo-de-detectores-de-metales\/detector-de-agua-subterranea\/river-g-3-systemes\/","url":"https:\/\/gerdetect.fr\/es\/catalogo-de-detectores-de-metales\/detector-de-agua-subterranea\/river-g-3-systemes\/","name":"River G - El detector de aguas subterr\u00e1neas de referencia","isPartOf":{"@id":"https:\/\/gerdetect.fr\/es\/#website"},"primaryImageOfPage":{"@id":"https:\/\/gerdetect.fr\/es\/catalogo-de-detectores-de-metales\/detector-de-agua-subterranea\/river-g-3-systemes\/#primaryimage"},"image":{"@id":"https:\/\/gerdetect.fr\/es\/catalogo-de-detectores-de-metales\/detector-de-agua-subterranea\/river-g-3-systemes\/#primaryimage"},"thumbnailUrl":"https:\/\/gerdetect.fr\/wp-content\/uploads\/2025\/11\/river-g-WATER-DETECTOR-25.webp","datePublished":"2019-09-09T11:37:33+00:00","dateModified":"2026-02-12T14:20:29+00:00","description":"El detector de aguas subterr\u00e1neas River G permite encontrar niveles fre\u00e1ticos en profundidad, gracias a su rendimiento inigualable en esta zona","breadcrumb":{"@id":"https:\/\/gerdetect.fr\/es\/catalogo-de-detectores-de-metales\/detector-de-agua-subterranea\/river-g-3-systemes\/#breadcrumb"},"inLanguage":"es","potentialAction":[{"@type":"ReadAction","target":["https:\/\/gerdetect.fr\/es\/catalogo-de-detectores-de-metales\/detector-de-agua-subterranea\/river-g-3-systemes\/"]}]},{"@type":"ImageObject","inLanguage":"es","@id":"https:\/\/gerdetect.fr\/es\/catalogo-de-detectores-de-metales\/detector-de-agua-subterranea\/river-g-3-systemes\/#primaryimage","url":"https:\/\/gerdetect.fr\/wp-content\/uploads\/2025\/11\/river-g-WATER-DETECTOR-25.webp","contentUrl":"https:\/\/gerdetect.fr\/wp-content\/uploads\/2025\/11\/river-g-WATER-DETECTOR-25.webp","width":1000,"height":564},{"@type":"BreadcrumbList","@id":"https:\/\/gerdetect.fr\/es\/catalogo-de-detectores-de-metales\/detector-de-agua-subterranea\/river-g-3-systemes\/#breadcrumb","itemListElement":[{"@type":"ListItem","position":1,"name":"Accueil","item":"https:\/\/gerdetect.fr\/es\/"},{"@type":"ListItem","position":2,"name":"Tienda","item":"https:\/\/gerdetect.fr\/es\/tienda\/"},{"@type":"ListItem","position":3,"name":"R\u00edo G &#8211; 3 sistemas"}]},{"@type":"WebSite","@id":"https:\/\/gerdetect.fr\/es\/#website","url":"https:\/\/gerdetect.fr\/es\/","name":"GER DETECT FRANCE","description":"D\u00e9tecteur de m\u00e9taux, d&#039;or, diamants, d&#039;eau souterraine, radar de sol | Lille, Paris","potentialAction":[{"@type":"SearchAction","target":{"@type":"EntryPoint","urlTemplate":"https:\/\/gerdetect.fr\/es\/?s={search_term_string}"},"query-input":{"@type":"PropertyValueSpecification","valueRequired":true,"valueName":"search_term_string"}}],"inLanguage":"es"}]}},"_links":{"self":[{"href":"https:\/\/gerdetect.fr\/es\/wp-json\/wp\/v2\/product\/4728","targetHints":{"allow":["GET"]}}],"collection":[{"href":"https:\/\/gerdetect.fr\/es\/wp-json\/wp\/v2\/product"}],"about":[{"href":"https:\/\/gerdetect.fr\/es\/wp-json\/wp\/v2\/types\/product"}],"wp:featuredmedia":[{"embeddable":true,"href":"https:\/\/gerdetect.fr\/es\/wp-json\/wp\/v2\/media\/3215"}],"wp:attachment":[{"href":"https:\/\/gerdetect.fr\/es\/wp-json\/wp\/v2\/media?parent=4728"}],"wp:term":[{"taxonomy":"product_brand","embeddable":true,"href":"https:\/\/gerdetect.fr\/es\/wp-json\/wp\/v2\/product_brand?post=4728"},{"taxonomy":"product_cat","embeddable":true,"href":"https:\/\/gerdetect.fr\/es\/wp-json\/wp\/v2\/product_cat?post=4728"},{"taxonomy":"product_tag","embeddable":true,"href":"https:\/\/gerdetect.fr\/es\/wp-json\/wp\/v2\/product_tag?post=4728"}],"curies":[{"name":"wp","href":"https:\/\/api.w.org\/{rel}","templated":true}]}}