{"id":4752,"date":"2017-10-09T17:15:55","date_gmt":"2017-10-09T15:15:55","guid":{"rendered":"https:\/\/gerdetect.fr\/catalogue-detecteur-de-metaux\/sin%20categor\u00eda\/fresh-result-2-plus\/"},"modified":"2026-02-12T11:57:30","modified_gmt":"2026-02-12T10:57:30","slug":"fresh-result-2-plus","status":"publish","type":"product","link":"https:\/\/gerdetect.fr\/es\/catalogo-de-detectores-de-metales\/detector-de-agua-subterranea\/fresh-result-2-plus\/","title":{"rendered":"Fresh Result 2 Plus"},"content":{"rendered":"<div class=\"wpb-content-wrapper\">[vc_row content_placement=&#8221;top&#8221;][vc_column][vc_row_inner][vc_column_inner width=&#8221;1\/2&#8243;][vc_video link=&#8221;https:\/\/www.youtube.com\/watch?v=jolusd0zhmA&#8221; title=&#8221;Presentaci\u00f3n Fresh Results 2 Plus&#8221;][vc_column_text]El Fresh Result 2 Systems Plus, que se beneficia de un sistema geof\u00edsico y de un sistema de largo alcance, es el primer detector del mundo que detecta aguas subterr\u00e1neas.<\/p>\n<p>Felicitamos a los agricultores, inversores en tierras agr\u00edcolas, investigadores y exploradores de pozos y aguas subterr\u00e1neas por adquirir este dispositivo excepcional.<\/p>\n<p>La empresa GER DETECT se enorgullece de ofrecerle las \u00faltimas especificaciones tecnol\u00f3gicas del mundo y t\u00e9cnicas de discriminaci\u00f3n de alta precisi\u00f3n, gracias a sus sistemas geof\u00edsicos y de larga distancia.<\/p>\n<p>El dispositivo tiene un alcance de hasta 1.200 m de profundidad bajo tierra, as\u00ed como un alcance frontal de 2.000 m. Tambi\u00e9n ofrece la posibilidad de seleccionar con mucha precisi\u00f3n el tipo de agua (dulce, salada o natural) y el tipo de suelo (arenoso, arcilloso, pedregoso o mixto). <\/p>\n<p>Fresh Result 2 Systems Plus cuenta con tecnolog\u00eda de vanguardia para detectar e identificar fuentes de agua subterr\u00e1nea.[\/vc_column_text][\/vc_column_inner][vc_column_inner width=&#8221;1\/2&#8243;][vc_video link=&#8221;https:\/\/www.youtube.com\/watch?v=hHfiVE_glRw&amp;cc_load_policy=1&#8243; title=&#8221;C\u00f3mo utilizar Fresh Result 2 Plus&#8221;][vc_single_image image=&#8221;4748&#8243; img_size=&#8221;full&#8221; alignment=&#8221;right&#8221;][\/vc_column_inner][\/vc_row_inner]\n\t\t<div id=\"wd-69dba4a920aee\" class=\"title-wrapper wd-wpb set-mb-s reset-last-child  wd-title-color-alt wd-title-style-bordered text-center  wd-underline-colored\">\n\t\t\t\n\t\t\t<div class=\"liner-continer\">\n\t\t\t\t<h4 class=\"woodmart-title-container title  wd-font-weight- wd-fontsize-l\" >PRIMER SISTEMA: SISTEMA DE LARGA DISTANCIA<\/h4>\n\t\t\t\t\t\t\t<\/div>\n\t\t\t\n\t\t\t\n\t\t\t\n\t\t<\/div>\n\t\t\n\t\t[vc_row_inner][vc_column_inner width=&#8221;1\/2&#8243;][vc_column_text]Este sistema de alta precisi\u00f3n permite determinar la presencia de agua a distancia.<\/p>\n<p>Cuando se detecta el objetivo, el usuario puede avanzar hacia el objetivo descubierto hasta llegar a la ubicaci\u00f3n exacta del objetivo, confinarlo en un radio de 1 m\u00b2 y luego determinar la profundidad en metros y cent\u00edmetros. El dispositivo tambi\u00e9n ofrece la posibilidad de determinar el alcance frontal (500, 1.000, 1.500 o 2.000 m) y la profundidad (hasta 1.200 m). <\/p>\n<p>El dispositivo est\u00e1 disponible en cuatro idiomas: franc\u00e9s, ingl\u00e9s, alem\u00e1n y \u00e1rabe. Cuando el dispositivo est\u00e9 en funcionamiento, podr\u00e1s elegir uno de estos idiomas y finalmente determinar el alcance frontal.[\/vc_column_text][\/vc_column_inner][vc_column_inner width=&#8221;1\/2&#8243;][vc_single_image image=&#8221;4749&#8243; img_size=&#8221;full&#8221; alignment=&#8221;center&#8221;][\/vc_column_inner][\/vc_row_inner]\n\t\t<div id=\"wd-69dba4a920bf5\" class=\"title-wrapper wd-wpb set-mb-s reset-last-child  wd-title-color-alt wd-title-style-bordered text-center  wd-underline-colored\">\n\t\t\t\n\t\t\t<div class=\"liner-continer\">\n\t\t\t\t<h4 class=\"woodmart-title-container title  wd-font-weight- wd-fontsize-l\" >SEGUNDO SISTEMA: SISTEMA GEOF\u00cdSICO<\/h4>\n\t\t\t\t\t\t\t<\/div>\n\t\t\t\n\t\t\t\n\t\t\t\n\t\t<\/div>\n\t\t\n\t\t[vc_row_inner][vc_column_inner width=&#8221;2\/3&#8243;][vc_column_text]Este sistema integra multitud de especificaciones de tecnolog\u00eda innovadora.<\/p>\n<p>Escanea todas las capas del suelo hasta una profundidad de 1.200 m y luego muestra los resultados en la pantalla en color de alta precisi\u00f3n del dispositivo. Adem\u00e1s, podr\u00e1s visualizar la densidad y el tipo de agua, as\u00ed como el inicio y final del nivel fre\u00e1tico en metros y cent\u00edmetros. <\/p>\n<p>El dispositivo se caracteriza por un sistema autom\u00e1tico de equilibrado del terreno que permite instalarlo sea cual sea el tipo y la naturaleza del terreno y as\u00ed obtener datos muy precisos.<\/p>\n<p>El detector de agua Fresh Result 2 Plus funciona con dos sistemas, geof\u00edsico y de larga distancia, que lo hacen efectivo.[\/vc_column_text][\/vc_column_inner][vc_column_inner width=&#8221;1\/3&#8243;][vc_single_image image=&#8221;4750&#8243; img_size=&#8221;full&#8221; alignment=&#8221;center&#8221;][\/vc_column_inner][\/vc_row_inner][\/vc_column][\/vc_row][vc_row][vc_column]\n\t\t<div id=\"wd-69dba4a920c8d\" class=\"title-wrapper wd-wpb set-mb-s reset-last-child  wd-title-color-default wd-title-style-bordered text-center  wd-underline-colored\">\n\t\t\t\n\t\t\t<div class=\"liner-continer\">\n\t\t\t\t<h4 class=\"woodmart-title-container title  wd-font-weight- wd-fontsize-l\" >Especificaciones de Fresh Result 2 Systems Plus<\/h4>\n\t\t\t\t\t\t\t<\/div>\n\t\t\t\n\t\t\t\n\t\t\t\n\t\t<\/div>\n\t\t\n\t\t[vc_row_inner][vc_column_inner width=&#8221;1\/2&#8243;][vc_column_text]\n<ol>\n<li>Dispositivo peque\u00f1o y f\u00e1cil de usar.<\/li>\n<li>La pantalla a color de alta precisi\u00f3n de 4,3 pulgadas muestra todos los datos de b\u00fasqueda.<\/li>\n<li>Profundidad hasta 1.200 m.<\/li>\n<li>Capacidad para identificar la profundidad del objetivo bajo tierra.<\/li>\n<li>Alcance frontal de hasta 2.500 m con posibilidad de identificar el alcance frontal deseado.<\/li>\n<li>Determinar el tipo de agua que se desea investigar.<\/li>\n<li>Dispositivo disponible en cuatro idiomas: franc\u00e9s, ingl\u00e9s, alem\u00e1n y \u00e1rabe. Ajustable seg\u00fan la regi\u00f3n y el idioma del cliente. <\/li>\n<li>Certificado de origen y garant\u00eda de dos a\u00f1os desde la fecha de compra.<\/li>\n<li>Industria alemana de primera clase.<\/li>\n<li>Peso total del dispositivo, s\u00f3lo con accesorios (11 kg).<\/li>\n<li>El dispositivo se adapta a todas las condiciones y diferentes terrenos.<\/li>\n<\/ol>\n[\/vc_column_text][\/vc_column_inner][vc_column_inner width=&#8221;1\/2&#8243;][vc_column_text]\n<table>\n<tbody>\n<tr>\n<th colspan=\"2\"><strong>Especificaciones t\u00e9cnicas<\/strong><\/th>\n<\/tr>\n<tr>\n<td>VELOCIDAD DE PANTALLA<\/td>\n<td>20 MHz<\/td>\n<\/tr>\n<tr>\n<td>VELOCIDAD DEL PROCESADOR\n<\/td>\n<td>20 MHz<\/td>\n<\/tr>\n<tr>\n<td>FREQUENCE<\/td>\n<td>1150 Hz<\/td>\n<\/tr>\n<tr>\n<td>CALIDAD DE PANTALLA\n<\/td>\n<td>480 * 270 p\u00edxeles<\/td>\n<\/tr>\n<tr>\n<td>CARGADOR DE BATER\u00cdAS\n<\/td>\n<td>100-260V \u00bb\u00bb\u00bb 12.6V \u2013 1.2A<\/td>\n<\/tr>\n<tr>\n<td>BATTERIE RECHARGEABLE<\/td>\n<td>12.6V\/3A<\/td>\n<\/tr>\n<tr>\n<td>DURACI\u00d3N DE LA BATER\u00cdA<\/td>\n<td>10 horas<\/td>\n<\/tr>\n<tr>\n<td>TIEMPO DE RECARGA<\/td>\n<td>4 horas<\/td>\n<\/tr>\n<\/tbody>\n<\/table>\n[\/vc_column_text][\/vc_column_inner][\/vc_row_inner]\n\t\t<div id=\"wd-69dba4a920ced\" class=\"title-wrapper wd-wpb set-mb-s reset-last-child  wd-title-color-alt wd-title-style-bordered text-center  wd-underline-colored\">\n\t\t\t\n\t\t\t<div class=\"liner-continer\">\n\t\t\t\t<h4 class=\"woodmart-title-container title  wd-font-weight- wd-fontsize-l\" >Batterie au lithium-ion BT144<\/h4>\n\t\t\t\t\t\t\t<\/div>\n\t\t\t\n\t\t\t\n\t\t\t\n\t\t<\/div>\n\t\t\n\t\t[vc_row_inner][vc_column_inner width=&#8221;1\/2&#8243;][vc_column_text]Las bater\u00edas de iones de litio tienen una capacidad de carga mayor que todas las dem\u00e1s bater\u00edas similares. Incluyen:<\/p>\n<ol>\n<li>Un grupo de bater\u00edas de iones de litio colocadas en forma cil\u00edndrica.<\/li>\n<li>Un circuito multipropiedad para proteger y leer bater\u00edas de litio.<\/li>\n<li>Un puerto USB para cargar dispositivos compatibles como tel\u00e9fonos m\u00f3viles y tablets<\/li>\n<li>Un bot\u00f3n de prueba para saber el porcentaje de carga de la bater\u00eda<\/li>\n<\/ol>\n<p>Cuando el porcentaje de carga cae por debajo del 25%, la bater\u00eda emite un pitido intermitente.<\/p>\n<p>Por el contrario, cuando la se\u00f1al sonora es continua, significa que la bater\u00eda est\u00e1 completamente agotada.<\/p>\n<p>Existen varias versiones de la bater\u00eda de iones de litio BT144: Primera: una versi\u00f3n de 10,8 voltios y 2500 miliamperios Segunda: una bater\u00eda de 10,8 voltios y una versi\u00f3n de 5000 miliamperios[\/vc_column_text][\/vc_column_inner][vc_column_inner width=&#8221;1\/2&#8243;][vc_video link=&#8221;https:\/\/www.youtube.com\/watch?v=Bl6BHZc7ndI&#8221;][\/vc_column_inner][\/vc_row_inner]\n\t\t<div id=\"wd-69dba4a920d46\" class=\"title-wrapper wd-wpb set-mb-s reset-last-child  wd-title-color-default wd-title-style-default text-center  wd-underline-colored\">\n\t\t\t\n\t\t\t<div class=\"liner-continer\">\n\t\t\t\t<h4 class=\"woodmart-title-container title  wd-font-weight- wd-fontsize-l\" >Partes y componentes del Fresh Result 2 Systems Plus<\/h4>\n\t\t\t\t\t\t\t<\/div>\n\t\t\t\n\t\t\t\n\t\t\t\n\t\t<\/div>\n\t\t\n\t\t[vc_column_text]\n<div class=\"row\">\n<div class=\"col-sm-6\"><img decoding=\"async\" class=\"fr-dii fr-fin\" title=\"fresh-result-2-systems-plus-safety-box\" src=\"http:\/\/uigdetectors.com\/images\/Products\/fresh-result-2-systems-plus\/Ace\/fresh-result-2-systems-plus-safety-box-en.jpg\" alt=\"fresh-result-2-systems-plus-safety-box\"><\/div>\n<div class=\"col-sm-6\"><img decoding=\"async\" class=\"fr-dii fr-fin\" title=\"fresh-result-2-systems-plus-main-unit\" src=\"http:\/\/uigdetectors.com\/images\/Products\/fresh-result-2-systems-plus\/Ace\/fresh-result-2-systems-plus-main-unit-en.jpg\" alt=\"fresh-result-2-systems-plus-main-unit\"><\/div>\n<\/div>\n<div class=\"row\">\n<div class=\"col-sm-6\"><img decoding=\"async\" class=\"fr-dii fr-fin\" title=\"fresh-result-2-systems-plus-unit-holder\" src=\"http:\/\/uigdetectors.com\/images\/Products\/fresh-result-2-systems-plus\/Ace\/fresh-result-2-systems-plus-unit-holder-en.jpg\" alt=\"fresh-result-2-systems-plus-unit-holder\"><\/div>\n<div class=\"col-sm-6\"><img decoding=\"async\" class=\"fr-dii fr-fin\" title=\"fresh-result-2-systems-plus-signal-enhancer\" src=\"http:\/\/uigdetectors.com\/images\/Products\/fresh-result-2-systems-plus\/Ace\/fresh-result-2-systems-plus-signal-enhancer-en.jpg\" alt=\"fresh-result-2-systems-plus-signal-enhancer\"><\/div>\n<\/div>\n<div class=\"row\">\n<div class=\"col-sm-6\"><img decoding=\"async\" class=\"fr-dii fr-fin\" title=\"fresh-result-2-systems-plus-signal-probes\" src=\"http:\/\/uigdetectors.com\/images\/Products\/fresh-result-2-systems-plus\/Ace\/fresh-result-2-systems-plus-signal-probes-en.jpg\" alt=\"fresh-result-2-systems-plus-signal-probes\"><\/div>\n<div class=\"col-sm-6\"><img decoding=\"async\" class=\"fr-dii fr-fin\" title=\"fresh-result-2-systems-plus-cable\" src=\"http:\/\/uigdetectors.com\/images\/Products\/fresh-result-2-systems-plus\/Ace\/fresh-result-2-systems-plus-cable-en.jpg\" alt=\"fresh-result-2-systems-plus-cable\"><\/div>\n<\/div>\n<div class=\"row \">\n<div class=\"col-sm-6\"><img decoding=\"async\" class=\"fr-dii fr-fin\" title=\"fresh-result-2-systems-plus-charger\" src=\"http:\/\/uigdetectors.com\/images\/Products\/fresh-result-2-systems-plus\/Ace\/fresh-result-2-systems-plus-charger-en.jpg\" alt=\"fresh-result-2-systems-plus-charger\"><\/div>\n<div class=\"col-sm-6\"><img decoding=\"async\" class=\"fr-dii fr-fin\" title=\"fresh-result-2-systems-plus-battery\" src=\"http:\/\/uigdetectors.com\/images\/Products\/fresh-result-2-systems-plus\/Ace\/fresh-result-2-systems-plus-battery-en.jpg\" alt=\"fresh-result-2-systems-plus-battery\"><\/div>\n<\/div>\n<div class=\"row \">\n<div class=\"col-sm-6\"><img decoding=\"async\" class=\"fr-dii fr-fin\" title=\"fresh-result-2-systems-plus-antenna\" src=\"http:\/\/uigdetectors.com\/images\/Products\/fresh-result-2-systems-plus\/Ace\/fresh-result-2-systems-plus-antenna-en.jpg\" alt=\"fresh-result-2-systems-plus-antenna\"><\/div>\n<div class=\"col-sm-6\"><img decoding=\"async\" class=\"fr-dii fr-fin\" title=\"fresh-result-2-systems-plus-antenna\" src=\"http:\/\/uigdetectors.com\/images\/Products\/fresh-result-2-systems-plus\/Ace\/fresh-result-2-systems-plus-antenna02-en.jpg\" alt=\"fresh-result-2-systems-plus-antenna\"><\/div>\n<\/div>\n<div class=\"row \">\n<div class=\"col-sm-6\"><img decoding=\"async\" class=\"fr-dii fr-fin\" title=\"fresh-result-2-systems-plus-antenna\" src=\"http:\/\/uigdetectors.com\/images\/Products\/fresh-result-2-systems-plus\/Ace\/fresh-result-2-systems-plus-antenna03-en.jpg\" alt=\"fresh-result-2-systems-plus-antenna\"><\/div>\n<\/div>\n[\/vc_column_text][\/vc_column][\/vc_row]\n<\/div>","protected":false},"excerpt":{"rendered":"<p><strong>Dispositivo de sistema dual Fresh Result Plus \u2013 Nueva versi\u00f3n \u2013 2017<\/strong><\/p>\n<p>Detector de agua de sistema dual<\/p>\n<p>Tecnolog\u00eda de vanguardia para la detecci\u00f3n de aguas subterr\u00e1neas<\/p>\n<p>Dispositivo que utiliza 2 sistemas de detecci\u00f3n diferentes:<\/p>\n<ol>\n<li>Sistema de detecci\u00f3n geof\u00edsica<\/li>\n<li>Sistema de detecci\u00f3n de larga distancia<\/li>\n<\/ol>\n<p>T\u00e9cnicas de alta precisi\u00f3n y discriminaci\u00f3n.<\/p>\n<p>La pantalla a color de alta resoluci\u00f3n de 4,3 pulgadas muestra todos los datos de b\u00fasqueda.<\/p>\n<p>El dispositivo alcanza una profundidad de 1.200 m y tiene un alcance frontal de 2.000 m. Tambi\u00e9n ofrece la posibilidad de determinar con alta precisi\u00f3n el tipo de agua: dulce, salada o natural. <\/p>\n<p>El sistema est\u00e1 disponible en cuatro idiomas: alem\u00e1n &#8211; ingl\u00e9s &#8211; franc\u00e9s &#8211; \u00e1rabe.<\/p>\n<p><strong>HECHO EN ALEMANIA<\/strong><\/p>\n","protected":false},"featured_media":4751,"template":"","meta":{"_joinchat":[]},"product_brand":[],"product_cat":[133],"product_tag":[170],"class_list":{"0":"post-4752","1":"product","2":"type-product","3":"status-publish","4":"has-post-thumbnail","6":"product_cat-detector-de-agua-subterranea","7":"product_tag-gerdetect","9":"first","10":"instock","11":"sale","12":"taxable","13":"shipping-taxable","14":"purchasable","15":"product-type-simple"},"yoast_head":"<!-- This site is optimized with the Yoast SEO plugin v26.3 - https:\/\/yoast.com\/wordpress\/plugins\/seo\/ -->\n<title>Fresh Result 2 Plus: el detector de agua con dos sistemas<\/title>\n<meta name=\"description\" content=\"El detector de agua Fresh Result 2 Plus funciona con dos sistemas, geof\u00edsico y de larga distancia, que lo hacen efectivo.\" \/>\n<meta name=\"robots\" content=\"index, follow, max-snippet:-1, max-image-preview:large, max-video-preview:-1\" \/>\n<link rel=\"canonical\" href=\"https:\/\/gerdetect.fr\/es\/catalogo-de-detectores-de-metales\/detector-de-agua-subterranea\/fresh-result-2-plus\/\" \/>\n<meta property=\"og:locale\" content=\"es_ES\" \/>\n<meta property=\"og:type\" content=\"article\" \/>\n<meta property=\"og:title\" content=\"Fresh Result 2 Plus: el detector de agua con dos sistemas\" \/>\n<meta property=\"og:description\" content=\"El detector de agua Fresh Result 2 Plus funciona con dos sistemas, geof\u00edsico y de larga distancia, que lo hacen efectivo.\" \/>\n<meta property=\"og:url\" content=\"https:\/\/gerdetect.fr\/es\/catalogo-de-detectores-de-metales\/detector-de-agua-subterranea\/fresh-result-2-plus\/\" \/>\n<meta property=\"og:site_name\" content=\"GER DETECT FRANCE\" \/>\n<meta property=\"article:modified_time\" content=\"2026-02-12T10:57:30+00:00\" \/>\n<meta property=\"og:image\" content=\"https:\/\/gerdetect.fr\/wp-content\/uploads\/2025\/11\/FRESH-RESULT-2.png\" \/>\n\t<meta property=\"og:image:width\" content=\"1000\" \/>\n\t<meta property=\"og:image:height\" content=\"564\" \/>\n\t<meta property=\"og:image:type\" content=\"image\/png\" \/>\n<meta name=\"twitter:card\" content=\"summary_large_image\" \/>\n<meta name=\"twitter:label1\" content=\"Tiempo de lectura\" \/>\n\t<meta name=\"twitter:data1\" content=\"5 minutos\" \/>\n<script type=\"application\/ld+json\" class=\"yoast-schema-graph\">{\"@context\":\"https:\/\/schema.org\",\"@graph\":[{\"@type\":\"WebPage\",\"@id\":\"https:\/\/gerdetect.fr\/es\/catalogo-de-detectores-de-metales\/detector-de-agua-subterranea\/fresh-result-2-plus\/\",\"url\":\"https:\/\/gerdetect.fr\/es\/catalogo-de-detectores-de-metales\/detector-de-agua-subterranea\/fresh-result-2-plus\/\",\"name\":\"Fresh Result 2 Plus: el detector de agua con dos sistemas\",\"isPartOf\":{\"@id\":\"https:\/\/gerdetect.fr\/es\/#website\"},\"primaryImageOfPage\":{\"@id\":\"https:\/\/gerdetect.fr\/es\/catalogo-de-detectores-de-metales\/detector-de-agua-subterranea\/fresh-result-2-plus\/#primaryimage\"},\"image\":{\"@id\":\"https:\/\/gerdetect.fr\/es\/catalogo-de-detectores-de-metales\/detector-de-agua-subterranea\/fresh-result-2-plus\/#primaryimage\"},\"thumbnailUrl\":\"https:\/\/gerdetect.fr\/wp-content\/uploads\/2025\/11\/FRESH-RESULT-2.png\",\"datePublished\":\"2017-10-09T15:15:55+00:00\",\"dateModified\":\"2026-02-12T10:57:30+00:00\",\"description\":\"El detector de agua Fresh Result 2 Plus funciona con dos sistemas, geof\u00edsico y de larga distancia, que lo hacen efectivo.\",\"breadcrumb\":{\"@id\":\"https:\/\/gerdetect.fr\/es\/catalogo-de-detectores-de-metales\/detector-de-agua-subterranea\/fresh-result-2-plus\/#breadcrumb\"},\"inLanguage\":\"es\",\"potentialAction\":[{\"@type\":\"ReadAction\",\"target\":[\"https:\/\/gerdetect.fr\/es\/catalogo-de-detectores-de-metales\/detector-de-agua-subterranea\/fresh-result-2-plus\/\"]}]},{\"@type\":\"ImageObject\",\"inLanguage\":\"es\",\"@id\":\"https:\/\/gerdetect.fr\/es\/catalogo-de-detectores-de-metales\/detector-de-agua-subterranea\/fresh-result-2-plus\/#primaryimage\",\"url\":\"https:\/\/gerdetect.fr\/wp-content\/uploads\/2025\/11\/FRESH-RESULT-2.png\",\"contentUrl\":\"https:\/\/gerdetect.fr\/wp-content\/uploads\/2025\/11\/FRESH-RESULT-2.png\",\"width\":1000,\"height\":564},{\"@type\":\"BreadcrumbList\",\"@id\":\"https:\/\/gerdetect.fr\/es\/catalogo-de-detectores-de-metales\/detector-de-agua-subterranea\/fresh-result-2-plus\/#breadcrumb\",\"itemListElement\":[{\"@type\":\"ListItem\",\"position\":1,\"name\":\"Accueil\",\"item\":\"https:\/\/gerdetect.fr\/es\/\"},{\"@type\":\"ListItem\",\"position\":2,\"name\":\"Tienda\",\"item\":\"https:\/\/gerdetect.fr\/es\/tienda\/\"},{\"@type\":\"ListItem\",\"position\":3,\"name\":\"Fresh Result 2 Plus\"}]},{\"@type\":\"WebSite\",\"@id\":\"https:\/\/gerdetect.fr\/es\/#website\",\"url\":\"https:\/\/gerdetect.fr\/es\/\",\"name\":\"GER DETECT FRANCE\",\"description\":\"D\u00e9tecteur de m\u00e9taux, d&#039;or, diamants, d&#039;eau souterraine, radar de sol | Lille, Paris\",\"potentialAction\":[{\"@type\":\"SearchAction\",\"target\":{\"@type\":\"EntryPoint\",\"urlTemplate\":\"https:\/\/gerdetect.fr\/es\/?s={search_term_string}\"},\"query-input\":{\"@type\":\"PropertyValueSpecification\",\"valueRequired\":true,\"valueName\":\"search_term_string\"}}],\"inLanguage\":\"es\"}]}<\/script>\n<!-- \/ Yoast SEO plugin. -->","yoast_head_json":{"title":"Fresh Result 2 Plus: el detector de agua con dos sistemas","description":"El detector de agua Fresh Result 2 Plus funciona con dos sistemas, geof\u00edsico y de larga distancia, que lo hacen efectivo.","robots":{"index":"index","follow":"follow","max-snippet":"max-snippet:-1","max-image-preview":"max-image-preview:large","max-video-preview":"max-video-preview:-1"},"canonical":"https:\/\/gerdetect.fr\/es\/catalogo-de-detectores-de-metales\/detector-de-agua-subterranea\/fresh-result-2-plus\/","og_locale":"es_ES","og_type":"article","og_title":"Fresh Result 2 Plus: el detector de agua con dos sistemas","og_description":"El detector de agua Fresh Result 2 Plus funciona con dos sistemas, geof\u00edsico y de larga distancia, que lo hacen efectivo.","og_url":"https:\/\/gerdetect.fr\/es\/catalogo-de-detectores-de-metales\/detector-de-agua-subterranea\/fresh-result-2-plus\/","og_site_name":"GER DETECT FRANCE","article_modified_time":"2026-02-12T10:57:30+00:00","og_image":[{"width":1000,"height":564,"url":"https:\/\/gerdetect.fr\/wp-content\/uploads\/2025\/11\/FRESH-RESULT-2.png","type":"image\/png"}],"twitter_card":"summary_large_image","twitter_misc":{"Tiempo de lectura":"5 minutos"},"schema":{"@context":"https:\/\/schema.org","@graph":[{"@type":"WebPage","@id":"https:\/\/gerdetect.fr\/es\/catalogo-de-detectores-de-metales\/detector-de-agua-subterranea\/fresh-result-2-plus\/","url":"https:\/\/gerdetect.fr\/es\/catalogo-de-detectores-de-metales\/detector-de-agua-subterranea\/fresh-result-2-plus\/","name":"Fresh Result 2 Plus: el detector de agua con dos sistemas","isPartOf":{"@id":"https:\/\/gerdetect.fr\/es\/#website"},"primaryImageOfPage":{"@id":"https:\/\/gerdetect.fr\/es\/catalogo-de-detectores-de-metales\/detector-de-agua-subterranea\/fresh-result-2-plus\/#primaryimage"},"image":{"@id":"https:\/\/gerdetect.fr\/es\/catalogo-de-detectores-de-metales\/detector-de-agua-subterranea\/fresh-result-2-plus\/#primaryimage"},"thumbnailUrl":"https:\/\/gerdetect.fr\/wp-content\/uploads\/2025\/11\/FRESH-RESULT-2.png","datePublished":"2017-10-09T15:15:55+00:00","dateModified":"2026-02-12T10:57:30+00:00","description":"El detector de agua Fresh Result 2 Plus funciona con dos sistemas, geof\u00edsico y de larga distancia, que lo hacen efectivo.","breadcrumb":{"@id":"https:\/\/gerdetect.fr\/es\/catalogo-de-detectores-de-metales\/detector-de-agua-subterranea\/fresh-result-2-plus\/#breadcrumb"},"inLanguage":"es","potentialAction":[{"@type":"ReadAction","target":["https:\/\/gerdetect.fr\/es\/catalogo-de-detectores-de-metales\/detector-de-agua-subterranea\/fresh-result-2-plus\/"]}]},{"@type":"ImageObject","inLanguage":"es","@id":"https:\/\/gerdetect.fr\/es\/catalogo-de-detectores-de-metales\/detector-de-agua-subterranea\/fresh-result-2-plus\/#primaryimage","url":"https:\/\/gerdetect.fr\/wp-content\/uploads\/2025\/11\/FRESH-RESULT-2.png","contentUrl":"https:\/\/gerdetect.fr\/wp-content\/uploads\/2025\/11\/FRESH-RESULT-2.png","width":1000,"height":564},{"@type":"BreadcrumbList","@id":"https:\/\/gerdetect.fr\/es\/catalogo-de-detectores-de-metales\/detector-de-agua-subterranea\/fresh-result-2-plus\/#breadcrumb","itemListElement":[{"@type":"ListItem","position":1,"name":"Accueil","item":"https:\/\/gerdetect.fr\/es\/"},{"@type":"ListItem","position":2,"name":"Tienda","item":"https:\/\/gerdetect.fr\/es\/tienda\/"},{"@type":"ListItem","position":3,"name":"Fresh Result 2 Plus"}]},{"@type":"WebSite","@id":"https:\/\/gerdetect.fr\/es\/#website","url":"https:\/\/gerdetect.fr\/es\/","name":"GER DETECT FRANCE","description":"D\u00e9tecteur de m\u00e9taux, d&#039;or, diamants, d&#039;eau souterraine, radar de sol | Lille, Paris","potentialAction":[{"@type":"SearchAction","target":{"@type":"EntryPoint","urlTemplate":"https:\/\/gerdetect.fr\/es\/?s={search_term_string}"},"query-input":{"@type":"PropertyValueSpecification","valueRequired":true,"valueName":"search_term_string"}}],"inLanguage":"es"}]}},"_links":{"self":[{"href":"https:\/\/gerdetect.fr\/es\/wp-json\/wp\/v2\/product\/4752","targetHints":{"allow":["GET"]}}],"collection":[{"href":"https:\/\/gerdetect.fr\/es\/wp-json\/wp\/v2\/product"}],"about":[{"href":"https:\/\/gerdetect.fr\/es\/wp-json\/wp\/v2\/types\/product"}],"wp:featuredmedia":[{"embeddable":true,"href":"https:\/\/gerdetect.fr\/es\/wp-json\/wp\/v2\/media\/4751"}],"wp:attachment":[{"href":"https:\/\/gerdetect.fr\/es\/wp-json\/wp\/v2\/media?parent=4752"}],"wp:term":[{"taxonomy":"product_brand","embeddable":true,"href":"https:\/\/gerdetect.fr\/es\/wp-json\/wp\/v2\/product_brand?post=4752"},{"taxonomy":"product_cat","embeddable":true,"href":"https:\/\/gerdetect.fr\/es\/wp-json\/wp\/v2\/product_cat?post=4752"},{"taxonomy":"product_tag","embeddable":true,"href":"https:\/\/gerdetect.fr\/es\/wp-json\/wp\/v2\/product_tag?post=4752"}],"curies":[{"name":"wp","href":"https:\/\/api.w.org\/{rel}","templated":true}]}}