{"id":4760,"date":"2018-02-13T18:57:02","date_gmt":"2018-02-13T17:57:02","guid":{"rendered":"https:\/\/gerdetect.fr\/catalogue-detecteur-de-metaux\/sin%20categor\u00eda\/deep-seeker\/"},"modified":"2026-03-07T17:19:21","modified_gmt":"2026-03-07T16:19:21","slug":"deep-seeker","status":"publish","type":"product","link":"https:\/\/gerdetect.fr\/es\/catalogo-de-detectores-de-metales\/detector-de-oro\/deep-seeker\/","title":{"rendered":"Deep Seeker"},"content":{"rendered":"<div class=\"wpb-content-wrapper\">[vc_row content_placement=&#8221;top&#8221;][vc_column][vc_row_inner][vc_column_inner width=&#8221;1\/2&#8243;][vc_video link=&#8221;https:\/\/www.youtube.com\/watch?v=4mVH5Sr-MaE&#8221; title=&#8221;Descripci\u00f3n general de DeepSeeker&#8221;][vc_column_text]Deep Seeker est\u00e1 dise\u00f1ado para funcionar en todo tipo de terreno y en las condiciones clim\u00e1ticas m\u00e1s duras. Deep Seeker puede pasar sobre todo tipo de rocas met\u00e1licas usando tecnolog\u00eda de calibraci\u00f3n autom\u00e1tica, incluyendo rocas sedimentarias, metam\u00f3rficas y f\u00f3siles, las cuales son de dos tipos: Granito y Basalto Las cuales son uno de los peores tipos de rocas que dificultan el trabajo de muchos dispositivos disponibles en el mercado, esto sucede debido a la evoluci\u00f3n de estas rocas y debido a su interacci\u00f3n qu\u00edmica con el suelo, que transform\u00f3 estas rocas en una textura de roca, es decir, componentes met\u00e1licos.[\/vc_column_text][\/vc_column_inner][vc_column_inner width=&#8221;1\/2&#8243;][vc_video link=&#8221;https:\/\/www.youtube.com\/watch?v=2JhRmFn06uk&#8221; title=&#8221;C\u00f3mo utilizar Deep Seeker&#8221;][\/vc_column_inner][\/vc_row_inner][vc_single_image image=&#8221;4753&#8243; img_size=&#8221;full&#8221; alignment=&#8221;center&#8221;]\n\t\t<div id=\"wd-69dba4ce51110\" class=\"title-wrapper wd-wpb set-mb-s reset-last-child  wd-title-color-alt wd-title-style-bordered text-center  wd-underline-colored\">\n\t\t\t\n\t\t\t<div class=\"liner-continer\">\n\t\t\t\t<h4 class=\"woodmart-title-container title  wd-font-weight- wd-fontsize-l\" >BUSCADOR PROFUNDO: sistema de campo i\u00f3nico <\/h4>\n\t\t\t\t\t\t\t<\/div>\n\t\t\t\n\t\t\t\n\t\t\t\n\t\t<\/div>\n\t\t\n\t\t[vc_column_text]\n<p class=\"Corps\">En primer lugar, el sistema de campo i\u00f3nico permite que el detector DEEP SEEKER funcione en todo tipo de terreno y en todo tipo de condiciones clim\u00e1ticas.<\/p>\n<p class=\"Corps\">As\u00ed, este sistema se pone en marcha gracias a la radiaci\u00f3n at\u00f3mica que se coloca alrededor de part\u00edculas de oro enterradas durante mucho tiempo. As\u00ed, gracias a este sistema, una vez detectado el objetivo podr\u00e1s confirmar tu objetivo gracias a un movimiento vertical del detector y una se\u00f1al sonora correspondiente. Adem\u00e1s, este sistema se puede utilizar mientras se conduce.  <\/p>\n[\/vc_column_text][vc_row_inner][vc_column_inner width=&#8221;1\/2&#8243;][vc_video link=&#8221;https:\/\/youtu.be\/YHIhvUpms1Y&#8221;][\/vc_column_inner][vc_column_inner width=&#8221;1\/2&#8243;][vc_single_image image=&#8221;4754&#8243; img_size=&#8221;full&#8221; alignment=&#8221;center&#8221;][\/vc_column_inner][\/vc_row_inner]\n\t\t<div id=\"wd-69dba4ce511fb\" class=\"title-wrapper wd-wpb set-mb-s reset-last-child  wd-title-color-alt wd-title-style-bordered text-center  wd-underline-colored\">\n\t\t\t\n\t\t\t<div class=\"liner-continer\">\n\t\t\t\t<h4 class=\"woodmart-title-container title  wd-font-weight- wd-fontsize-l\" >DEEP SEEKER: sistema de b\u00fasqueda por magnet\u00f3metro <\/h4>\n\t\t\t\t\t\t\t<\/div>\n\t\t\t\n\t\t\t\n\t\t\t\n\t\t<\/div>\n\t\t\n\t\t[vc_column_text]\n<p class=\"Corps\">En segundo lugar, el DEEP SEEKER dispone de un sistema de b\u00fasqueda especializado en la detecci\u00f3n de metales magn\u00e9ticos. As\u00ed, este sistema permite conocer la existencia de metales no preciosos bajo tierra como el hierro y sus derivados. <\/p>\n[\/vc_column_text][vc_row_inner][vc_column_inner width=&#8221;1\/2&#8243;][vc_video link=&#8221;https:\/\/youtu.be\/hqeWwLZ0Kv0&#8243;][\/vc_column_inner][vc_column_inner width=&#8221;1\/2&#8243;][vc_single_image image=&#8221;4755&#8243; img_size=&#8221;full&#8221; alignment=&#8221;center&#8221;][\/vc_column_inner][\/vc_row_inner]\n\t\t<div id=\"wd-69dba4ce51262\" class=\"title-wrapper wd-wpb set-mb-s reset-last-child  wd-title-color-alt wd-title-style-bordered text-center  wd-underline-colored\">\n\t\t\t\n\t\t\t<div class=\"liner-continer\">\n\t\t\t\t<h4 class=\"woodmart-title-container title  wd-font-weight- wd-fontsize-l\" >DEEP SEEKER: sistema de detecci\u00f3n de cavidades<\/h4>\n\t\t\t\t\t\t\t<\/div>\n\t\t\t\n\t\t\t\n\t\t\t\n\t\t<\/div>\n\t\t\n\t\t[vc_column_text]\n<p class=\"Corps\">Adem\u00e1s, el detector DEEP SEEKER dispone de una opci\u00f3n en el sistema de b\u00fasqueda magn\u00e9tica: la detecci\u00f3n de cavidades. As\u00ed, una se\u00f1al sonora y un cursor que aparece en la pantalla permiten advertir de la presencia de una cavidad. <\/p>\n[\/vc_column_text][vc_row_inner][vc_column_inner width=&#8221;1\/2&#8243;][vc_video link=&#8221;https:\/\/youtu.be\/eAC_mXG6Ew4&#8243;][\/vc_column_inner][vc_column_inner width=&#8221;1\/2&#8243;][vc_single_image image=&#8221;4756&#8243; img_size=&#8221;full&#8221; alignment=&#8221;center&#8221;][\/vc_column_inner][\/vc_row_inner]\n\t\t<div id=\"wd-69dba4ce512b1\" class=\"title-wrapper wd-wpb set-mb-s reset-last-child  wd-title-color-alt wd-title-style-bordered text-center  wd-underline-colored\">\n\t\t\t\n\t\t\t<div class=\"liner-continer\">\n\t\t\t\t<h4 class=\"woodmart-title-container title  wd-font-weight- wd-fontsize-l\" >BUSCADOR PROFUNDO: sistema de im\u00e1genes 3D<\/h4>\n\t\t\t\t\t\t\t<\/div>\n\t\t\t\n\t\t\t\n\t\t\t\n\t\t<\/div>\n\t\t\n\t\t[vc_column_text]\n<p class=\"Corps\">Adem\u00e1s, el detector DEEP SEEKER tiene im\u00e1genes en 3D. As\u00ed, permite la visualizaci\u00f3n del s\u00f3tano en 3D. De hecho, escanea el suelo en busca de todas las capas y luego muestra una fotograf\u00eda tridimensional con un informe detallado de la profundidad, el tama\u00f1o y la forma del objetivo. Como resultado, te permite tener cierta precisi\u00f3n en tu objetivo.   <\/p>\n[\/vc_column_text][vc_row_inner][vc_column_inner width=&#8221;1\/2&#8243;][vc_video link=&#8221;https:\/\/youtu.be\/60QzFuldR4A&#8221;][\/vc_column_inner][vc_column_inner width=&#8221;1\/2&#8243;][vc_single_image image=&#8221;4757&#8243; img_size=&#8221;full&#8221; alignment=&#8221;center&#8221;][\/vc_column_inner][\/vc_row_inner]\n\t\t<div id=\"wd-69dba4ce512f2\" class=\"title-wrapper wd-wpb set-mb-s reset-last-child  wd-title-color-alt wd-title-style-bordered text-center  wd-underline-colored\">\n\t\t\t\n\t\t\t<div class=\"liner-continer\">\n\t\t\t\t<h4 class=\"woodmart-title-container title  wd-font-weight- wd-fontsize-l\" >BUSCADOR PROFUNDO: sistema de larga distancia <\/h4>\n\t\t\t\t\t\t\t<\/div>\n\t\t\t\n\t\t\t\n\t\t\t\n\t\t<\/div>\n\t\t\n\t\t[vc_column_text]Finalmente, el detector dispone de un sistema de larga distancia. Como resultado, esto le permitir\u00e1 una gran precisi\u00f3n a la hora de identificar y monitorear la ubicaci\u00f3n del objetivo. Entonces, cuando se recibe una se\u00f1al, el dispositivo activa 3 funciones para confirmar la presencia de su objetivo:  <\/p>\n<ul>\n<li>Girar el receptor de la se\u00f1al hacia el objetivo directamente<\/li>\n<li>La direcci\u00f3n del objetivo que aparece en la pantalla inteligente.<\/li>\n<li>Suena un pitido cuando el destinatario de la se\u00f1al se gira hacia su objetivo.<\/li>\n<\/ul>\n<p>Finalmente, el detector confirma la posici\u00f3n del objetivo utilizando cuatro direcciones para un alcance m\u00e1s preciso. Luego traza una se\u00f1al para mostrarte el objetivo con mayor precisi\u00f3n y avisarte cuando lo has superado.[\/vc_column_text][vc_row_inner][vc_column_inner width=&#8221;1\/2&#8243;][vc_video link=&#8221;https:\/\/youtu.be\/u6HszFfF_L4&#8243;][\/vc_column_inner][vc_column_inner width=&#8221;1\/2&#8243;][vc_single_image image=&#8221;4758&#8243; img_size=&#8221;full&#8221; alignment=&#8221;center&#8221;][\/vc_column_inner][\/vc_row_inner][\/vc_column][vc_column][\/vc_column][\/vc_row][vc_row][vc_column]\n\t\t<div id=\"wd-69dba4ce51332\" class=\"title-wrapper wd-wpb set-mb-s reset-last-child  wd-title-color-default wd-title-style-bordered text-center  wd-underline-colored\">\n\t\t\t\n\t\t\t<div class=\"liner-continer\">\n\t\t\t\t<h4 class=\"woodmart-title-container title  wd-font-weight- wd-fontsize-l\" >ESPECIFICACIONES T\u00c9CNICAS DEEP SEEKER<\/h4>\n\t\t\t\t\t\t\t<\/div>\n\t\t\t\n\t\t\t\n\t\t\t\n\t\t<\/div>\n\t\t\n\t\t[vc_row_inner][vc_column_inner width=&#8221;1\/2&#8243;][vc_column_text]Sp\u00e9cifications techniques:<\/p>\n<ul>\n<li>BUSCADOR PROFUNDO: sistema de campo i\u00f3nico<\/li>\n<li>Cinco sistemas de b\u00fasqueda en un solo dispositivo.<\/li>\n<li>Funciona en seis idiomas: (alem\u00e1n &#8211; ingl\u00e9s &#8211; franc\u00e9s &#8211; italiano &#8211; espa\u00f1ol &#8211; y \u00e1rabe).<\/li>\n<li>Los usuarios pueden elegir el tipo de suelo en el \u00e1rea de b\u00fasqueda: (natural &#8211; arcilloso &#8211; rocoso &#8211; arenoso &#8211; mixto &#8211; o met\u00e1lico) para obtener resultados m\u00e1s precisos.<\/li>\n<li>Opera con un alcance frontal de hasta 3000 metros cuadrados y una profundidad de 40 metros.<\/li>\n<li>La capacidad de penetrar capas del suelo a grandes profundidades que son dif\u00edciles de alcanzar para muchos otros dispositivos.<\/li>\n<li>Funciona en todo tipo de terreno y en las condiciones clim\u00e1ticas m\u00e1s duras.<\/li>\n<li>El dispositivo no se ve afectado por todos los tipos de suelo y roca.<\/li>\n<li>Tiene una br\u00fajula digital para ayudar a los usuarios a identificar las direcciones norte y sur.<\/li>\n<li>El men\u00fa Configuraci\u00f3n contiene (ajustar sonido &#8211; ajustar brillo &#8211; informaci\u00f3n del dispositivo).<\/li>\n<li>El peso del aparato con accesorios completos es de 5 kg.<\/li>\n<li>Dos a\u00f1os de garant\u00eda desde la fecha de compra.<\/li>\n<li>El dispositivo Deep Seeker es una de las mejores innovaciones alemanas con certificaci\u00f3n europea c\u03b5 seg\u00fan especificaciones internacionales.<\/li>\n<\/ul>\n<p><strong> <\/strong><\/p>\n[\/vc_column_text][\/vc_column_inner][vc_column_inner width=&#8221;1\/2&#8243;][vc_column_text]\n<table>\n<tbody>\n<tr>\n<th colspan=\"2\"><strong>Especificaciones t\u00e9cnicas<\/strong><\/th>\n<\/tr>\n<tr>\n<td>VELOCIDAD DEL PROCESADOR<\/td>\n<td>128 MHz<\/td>\n<\/tr>\n<tr>\n<td>CALIDAD DE PANTALLA<\/td>\n<td>480 * 270 p\u00edxeles<\/td>\n<\/tr>\n<tr>\n<td>CARGADOR DE BATER\u00cdAS<\/td>\n<td>220V \u00bb\u00bb\u00bb 15V \u2013 3A<\/td>\n<\/tr>\n<tr>\n<td>BATTERIE RECHARGEABLE<\/td>\n<td>12V<\/td>\n<\/tr>\n<tr>\n<td>PROGRAMA DE COMUNICACI\u00d3N<\/td>\n<td>Bluetooth<\/td>\n<\/tr>\n<tr>\n<td>SISTEMA OPERATIVO PARA TABLETA<\/td>\n<td>windows 8.1<\/td>\n<\/tr>\n<tr>\n<td>DURACI\u00d3N DE LA BATER\u00cdA <\/td>\n<td>10 horas<\/td>\n<\/tr>\n<tr>\n<td>TIEMPO DE RECARGA<\/td>\n<td>4 horas<\/td>\n<\/tr>\n<\/tbody>\n<\/table>\n[\/vc_column_text][\/vc_column_inner][\/vc_row_inner]\n\t\t<div id=\"wd-69dba4ce5136a\" class=\"title-wrapper wd-wpb set-mb-s reset-last-child  wd-title-color-default wd-title-style-default text-center  wd-underline-colored\">\n\t\t\t\n\t\t\t<div class=\"liner-continer\">\n\t\t\t\t<h4 class=\"woodmart-title-container title  wd-font-weight- wd-fontsize-l\" >Piezas y componentes del buscador profundo<\/h4>\n\t\t\t\t\t\t\t<\/div>\n\t\t\t\n\t\t\t\n\t\t\t\n\t\t<\/div>\n\t\t\n\t\t[\/vc_column][\/vc_row]\n<\/div>","protected":false},"excerpt":{"rendered":"<p><strong>Dispositivo de b\u00fasqueda profunda Ger \u2013 5 sistemas<\/strong><\/p>\n<p><strong>Deep Seeker funciona en cinco sistemas de b\u00fasqueda diferentes en un solo dispositivo.<\/strong><\/p>\n<p>El primer dispositivo del mundo que utiliza cinco sistemas innovadores para detectar tesoros internos como metales preciosos, monumentos antiguos, cuevas y cavidades en el suelo.<\/p>\n<ol>\n<li>Primero: sistema de b\u00fasqueda de campo i\u00f3nico<\/li>\n<li>Segundo: sistema magn\u00e9tico de b\u00fasqueda de metales<\/li>\n<li>Tercero: sistema de detecci\u00f3n de cavidades<\/li>\n<li>Cuarto: sistema de im\u00e1genes 3D<\/li>\n<li>Quinto: sistema de largo alcance<\/li>\n<\/ol>\n<p>El dispositivo tiene un alcance frontal de 3000 my alcanza una profundidad m\u00e1xima de 40 m. El dispositivo Ger Deepseeker est\u00e1 disponible en cuatro idiomas: Alem\u00e1n &#8211; Ingl\u00e9s &#8211; Franc\u00e9s &#8211; \u00c1rabe &#8211; Italiano &#8211; Espa\u00f1ol<\/p>\n<p><strong>HECHO EN ALEMANIA<\/strong><\/p>\n","protected":false},"featured_media":4759,"template":"","meta":{"_joinchat":[]},"product_brand":[],"product_cat":[135,136,137,134,138],"product_tag":[170],"class_list":{"0":"post-4760","1":"product","2":"type-product","3":"status-publish","4":"has-post-thumbnail","6":"product_cat-detector-de-cavidades","7":"product_cat-detector-de-diamantes-y-gemas","8":"product_cat-detector-de-metales","9":"product_cat-detector-de-oro","10":"product_cat-radar-de-suelo","11":"product_tag-gerdetect","13":"first","14":"instock","15":"sale","16":"taxable","17":"shipping-taxable","18":"purchasable","19":"product-type-simple"},"yoast_head":"<!-- This site is optimized with the Yoast SEO plugin v26.3 - https:\/\/yoast.com\/wordpress\/plugins\/seo\/ -->\n<title>Deep Seeker: tecnolog\u00eda de \u00faltima generaci\u00f3n con 5 sistemas de b\u00fasqueda<\/title>\n<meta name=\"description\" content=\"El detector de metales Deep Seeker con sus cinco sistemas de b\u00fasqueda en un solo dispositivo le permite detectar oro y metales preciosos.\" \/>\n<meta name=\"robots\" content=\"index, follow, max-snippet:-1, max-image-preview:large, max-video-preview:-1\" \/>\n<link rel=\"canonical\" href=\"https:\/\/gerdetect.fr\/es\/catalogo-de-detectores-de-metales\/detector-de-oro\/deep-seeker\/\" \/>\n<meta property=\"og:locale\" content=\"es_ES\" \/>\n<meta property=\"og:type\" content=\"article\" \/>\n<meta property=\"og:title\" content=\"Deep Seeker: tecnolog\u00eda de \u00faltima generaci\u00f3n con 5 sistemas de b\u00fasqueda\" \/>\n<meta property=\"og:description\" content=\"El detector de metales Deep Seeker con sus cinco sistemas de b\u00fasqueda en un solo dispositivo le permite detectar oro y metales preciosos.\" \/>\n<meta property=\"og:url\" content=\"https:\/\/gerdetect.fr\/es\/catalogo-de-detectores-de-metales\/detector-de-oro\/deep-seeker\/\" \/>\n<meta property=\"og:site_name\" content=\"GER DETECT FRANCE\" \/>\n<meta property=\"article:modified_time\" content=\"2026-03-07T16:19:21+00:00\" \/>\n<meta property=\"og:image\" content=\"https:\/\/gerdetect.fr\/wp-content\/uploads\/2018\/03\/deep-seeker-device-sl-1.jpg\" \/>\n\t<meta property=\"og:image:width\" content=\"497\" \/>\n\t<meta property=\"og:image:height\" content=\"400\" \/>\n\t<meta property=\"og:image:type\" content=\"image\/jpeg\" \/>\n<meta name=\"twitter:card\" content=\"summary_large_image\" \/>\n<meta name=\"twitter:label1\" content=\"Tiempo de lectura\" \/>\n\t<meta name=\"twitter:data1\" content=\"6 minutos\" \/>\n<script type=\"application\/ld+json\" class=\"yoast-schema-graph\">{\"@context\":\"https:\/\/schema.org\",\"@graph\":[{\"@type\":\"WebPage\",\"@id\":\"https:\/\/gerdetect.fr\/es\/catalogo-de-detectores-de-metales\/detector-de-oro\/deep-seeker\/\",\"url\":\"https:\/\/gerdetect.fr\/es\/catalogo-de-detectores-de-metales\/detector-de-oro\/deep-seeker\/\",\"name\":\"Deep Seeker: tecnolog\u00eda de \u00faltima generaci\u00f3n con 5 sistemas de b\u00fasqueda\",\"isPartOf\":{\"@id\":\"https:\/\/gerdetect.fr\/es\/#website\"},\"primaryImageOfPage\":{\"@id\":\"https:\/\/gerdetect.fr\/es\/catalogo-de-detectores-de-metales\/detector-de-oro\/deep-seeker\/#primaryimage\"},\"image\":{\"@id\":\"https:\/\/gerdetect.fr\/es\/catalogo-de-detectores-de-metales\/detector-de-oro\/deep-seeker\/#primaryimage\"},\"thumbnailUrl\":\"https:\/\/gerdetect.fr\/wp-content\/uploads\/2018\/03\/deep-seeker-device-sl-1.jpg\",\"datePublished\":\"2018-02-13T17:57:02+00:00\",\"dateModified\":\"2026-03-07T16:19:21+00:00\",\"description\":\"El detector de metales Deep Seeker con sus cinco sistemas de b\u00fasqueda en un solo dispositivo le permite detectar oro y metales preciosos.\",\"breadcrumb\":{\"@id\":\"https:\/\/gerdetect.fr\/es\/catalogo-de-detectores-de-metales\/detector-de-oro\/deep-seeker\/#breadcrumb\"},\"inLanguage\":\"es\",\"potentialAction\":[{\"@type\":\"ReadAction\",\"target\":[\"https:\/\/gerdetect.fr\/es\/catalogo-de-detectores-de-metales\/detector-de-oro\/deep-seeker\/\"]}]},{\"@type\":\"ImageObject\",\"inLanguage\":\"es\",\"@id\":\"https:\/\/gerdetect.fr\/es\/catalogo-de-detectores-de-metales\/detector-de-oro\/deep-seeker\/#primaryimage\",\"url\":\"https:\/\/gerdetect.fr\/wp-content\/uploads\/2018\/03\/deep-seeker-device-sl-1.jpg\",\"contentUrl\":\"https:\/\/gerdetect.fr\/wp-content\/uploads\/2018\/03\/deep-seeker-device-sl-1.jpg\",\"width\":497,\"height\":400},{\"@type\":\"BreadcrumbList\",\"@id\":\"https:\/\/gerdetect.fr\/es\/catalogo-de-detectores-de-metales\/detector-de-oro\/deep-seeker\/#breadcrumb\",\"itemListElement\":[{\"@type\":\"ListItem\",\"position\":1,\"name\":\"Accueil\",\"item\":\"https:\/\/gerdetect.fr\/es\/\"},{\"@type\":\"ListItem\",\"position\":2,\"name\":\"Tienda\",\"item\":\"https:\/\/gerdetect.fr\/es\/tienda\/\"},{\"@type\":\"ListItem\",\"position\":3,\"name\":\"Deep Seeker\"}]},{\"@type\":\"WebSite\",\"@id\":\"https:\/\/gerdetect.fr\/es\/#website\",\"url\":\"https:\/\/gerdetect.fr\/es\/\",\"name\":\"GER DETECT FRANCE\",\"description\":\"D\u00e9tecteur de m\u00e9taux, d&#039;or, diamants, d&#039;eau souterraine, radar de sol | Lille, Paris\",\"potentialAction\":[{\"@type\":\"SearchAction\",\"target\":{\"@type\":\"EntryPoint\",\"urlTemplate\":\"https:\/\/gerdetect.fr\/es\/?s={search_term_string}\"},\"query-input\":{\"@type\":\"PropertyValueSpecification\",\"valueRequired\":true,\"valueName\":\"search_term_string\"}}],\"inLanguage\":\"es\"}]}<\/script>\n<!-- \/ Yoast SEO plugin. -->","yoast_head_json":{"title":"Deep Seeker: tecnolog\u00eda de \u00faltima generaci\u00f3n con 5 sistemas de b\u00fasqueda","description":"El detector de metales Deep Seeker con sus cinco sistemas de b\u00fasqueda en un solo dispositivo le permite detectar oro y metales preciosos.","robots":{"index":"index","follow":"follow","max-snippet":"max-snippet:-1","max-image-preview":"max-image-preview:large","max-video-preview":"max-video-preview:-1"},"canonical":"https:\/\/gerdetect.fr\/es\/catalogo-de-detectores-de-metales\/detector-de-oro\/deep-seeker\/","og_locale":"es_ES","og_type":"article","og_title":"Deep Seeker: tecnolog\u00eda de \u00faltima generaci\u00f3n con 5 sistemas de b\u00fasqueda","og_description":"El detector de metales Deep Seeker con sus cinco sistemas de b\u00fasqueda en un solo dispositivo le permite detectar oro y metales preciosos.","og_url":"https:\/\/gerdetect.fr\/es\/catalogo-de-detectores-de-metales\/detector-de-oro\/deep-seeker\/","og_site_name":"GER DETECT FRANCE","article_modified_time":"2026-03-07T16:19:21+00:00","og_image":[{"width":497,"height":400,"url":"https:\/\/gerdetect.fr\/wp-content\/uploads\/2018\/03\/deep-seeker-device-sl-1.jpg","type":"image\/jpeg"}],"twitter_card":"summary_large_image","twitter_misc":{"Tiempo de lectura":"6 minutos"},"schema":{"@context":"https:\/\/schema.org","@graph":[{"@type":"WebPage","@id":"https:\/\/gerdetect.fr\/es\/catalogo-de-detectores-de-metales\/detector-de-oro\/deep-seeker\/","url":"https:\/\/gerdetect.fr\/es\/catalogo-de-detectores-de-metales\/detector-de-oro\/deep-seeker\/","name":"Deep Seeker: tecnolog\u00eda de \u00faltima generaci\u00f3n con 5 sistemas de b\u00fasqueda","isPartOf":{"@id":"https:\/\/gerdetect.fr\/es\/#website"},"primaryImageOfPage":{"@id":"https:\/\/gerdetect.fr\/es\/catalogo-de-detectores-de-metales\/detector-de-oro\/deep-seeker\/#primaryimage"},"image":{"@id":"https:\/\/gerdetect.fr\/es\/catalogo-de-detectores-de-metales\/detector-de-oro\/deep-seeker\/#primaryimage"},"thumbnailUrl":"https:\/\/gerdetect.fr\/wp-content\/uploads\/2018\/03\/deep-seeker-device-sl-1.jpg","datePublished":"2018-02-13T17:57:02+00:00","dateModified":"2026-03-07T16:19:21+00:00","description":"El detector de metales Deep Seeker con sus cinco sistemas de b\u00fasqueda en un solo dispositivo le permite detectar oro y metales preciosos.","breadcrumb":{"@id":"https:\/\/gerdetect.fr\/es\/catalogo-de-detectores-de-metales\/detector-de-oro\/deep-seeker\/#breadcrumb"},"inLanguage":"es","potentialAction":[{"@type":"ReadAction","target":["https:\/\/gerdetect.fr\/es\/catalogo-de-detectores-de-metales\/detector-de-oro\/deep-seeker\/"]}]},{"@type":"ImageObject","inLanguage":"es","@id":"https:\/\/gerdetect.fr\/es\/catalogo-de-detectores-de-metales\/detector-de-oro\/deep-seeker\/#primaryimage","url":"https:\/\/gerdetect.fr\/wp-content\/uploads\/2018\/03\/deep-seeker-device-sl-1.jpg","contentUrl":"https:\/\/gerdetect.fr\/wp-content\/uploads\/2018\/03\/deep-seeker-device-sl-1.jpg","width":497,"height":400},{"@type":"BreadcrumbList","@id":"https:\/\/gerdetect.fr\/es\/catalogo-de-detectores-de-metales\/detector-de-oro\/deep-seeker\/#breadcrumb","itemListElement":[{"@type":"ListItem","position":1,"name":"Accueil","item":"https:\/\/gerdetect.fr\/es\/"},{"@type":"ListItem","position":2,"name":"Tienda","item":"https:\/\/gerdetect.fr\/es\/tienda\/"},{"@type":"ListItem","position":3,"name":"Deep Seeker"}]},{"@type":"WebSite","@id":"https:\/\/gerdetect.fr\/es\/#website","url":"https:\/\/gerdetect.fr\/es\/","name":"GER DETECT FRANCE","description":"D\u00e9tecteur de m\u00e9taux, d&#039;or, diamants, d&#039;eau souterraine, radar de sol | Lille, Paris","potentialAction":[{"@type":"SearchAction","target":{"@type":"EntryPoint","urlTemplate":"https:\/\/gerdetect.fr\/es\/?s={search_term_string}"},"query-input":{"@type":"PropertyValueSpecification","valueRequired":true,"valueName":"search_term_string"}}],"inLanguage":"es"}]}},"_links":{"self":[{"href":"https:\/\/gerdetect.fr\/es\/wp-json\/wp\/v2\/product\/4760","targetHints":{"allow":["GET"]}}],"collection":[{"href":"https:\/\/gerdetect.fr\/es\/wp-json\/wp\/v2\/product"}],"about":[{"href":"https:\/\/gerdetect.fr\/es\/wp-json\/wp\/v2\/types\/product"}],"wp:featuredmedia":[{"embeddable":true,"href":"https:\/\/gerdetect.fr\/es\/wp-json\/wp\/v2\/media\/4759"}],"wp:attachment":[{"href":"https:\/\/gerdetect.fr\/es\/wp-json\/wp\/v2\/media?parent=4760"}],"wp:term":[{"taxonomy":"product_brand","embeddable":true,"href":"https:\/\/gerdetect.fr\/es\/wp-json\/wp\/v2\/product_brand?post=4760"},{"taxonomy":"product_cat","embeddable":true,"href":"https:\/\/gerdetect.fr\/es\/wp-json\/wp\/v2\/product_cat?post=4760"},{"taxonomy":"product_tag","embeddable":true,"href":"https:\/\/gerdetect.fr\/es\/wp-json\/wp\/v2\/product_tag?post=4760"}],"curies":[{"name":"wp","href":"https:\/\/api.w.org\/{rel}","templated":true}]}}